{"id":2312,"date":"2025-08-22T02:37:25","date_gmt":"2025-08-22T02:37:25","guid":{"rendered":"https:\/\/chinacustomboxes.com\/?post_type=product&#038;p=2312"},"modified":"2025-08-22T02:37:26","modified_gmt":"2025-08-22T02:37:26","slug":"louis-vuitton-luxury-bags-lid-and-base-set-rigid-boxes-oem","status":"publish","type":"product","link":"https:\/\/chinacustomboxes.com\/fr\/louis-vuitton-luxury-bags-lid-and-base-set-rigid-boxes-oem\/","title":{"rendered":"Sacs de luxe Louis Vuitton Couvercle et fond de bo\u00eete rigide OEM"},"content":{"rendered":"<h2 id=\"louis-vuitton-luxury-bags-lid-and-base-set-rigid-boxes-oem\">Sacs de luxe Louis Vuitton Couvercle et fond de bo\u00eete rigide OEM<\/h2>\n<h2 id=\"1-item-positioning-and-structure\">1 Positionnement et structure du poste<\/h2>\n<ul>\n<li><strong>Combinaison intemporelle \"bo\u00eete \u00e0 couvercle + sac \u00e0 cadeaux\u00a0<\/strong>: Fabriqu\u00e9e \u00e0 partir de carton gris rigide et recouverte de papier sp\u00e9cial, la bo\u00eete \u00e0 cadeaux sert \u00e0 la fois de contenant et de support de discussion, tandis que le sac \u00e0 cadeaux est utilis\u00e9 pour le transport et l'\u00e9cran d'affichage secondaire, \u00e9quilibrant ainsi l'utilit\u00e9 et le sens de la c\u00e9r\u00e9monie.<\/li>\n<li><strong>Couvercle et base bien ajust\u00e9s\u00a0<\/strong>: Le <a href=\"https:\/\/chinacustomboxes.com\/fr\/lid-and-base-boxes\/\">bo\u00eetes de couvercle et de base<\/a> sont d\u00e9coup\u00e9s avec pr\u00e9cision, avec des coins carr\u00e9s pour une ouverture et une fermeture en douceur et une <strong>forme serr\u00e9e\u00a0<\/strong>La r\u00e9sistance \u00e0 la tension et aux chocs est am\u00e9lior\u00e9e pour un transport et une pr\u00e9sentation fiables.<\/li>\n<li><strong>Sac cadeau multi-sc\u00e8ne\u00a0<\/strong>: Tridimensionnel, robuste et stable, il est facile \u00e0 transporter, id\u00e9al pour les achats en magasin, les cadeaux, les \u00e9v\u00e9nements hors ligne et les ensembles de cadeaux de vacances. L'ouverture et la fermeture en douceur favorisent l'utilisation r\u00e9p\u00e9t\u00e9e et le r\u00e9affichage.<\/li>\n<\/ul>\n<p><img fetchpriority=\"high\" decoding=\"async\" class=\"alignnone wp-image-2313 size-full\" src=\"https:\/\/chinacustomboxes.com\/wp-content\/uploads\/2025\/08\/Louis-Vuitton-Luxury-Bags-Lid-and-Base-Set-Rigid-Boxes-OEM-1.jpg\" alt=\"Sacs de luxe Louis Vuitton Couvercle et fond de bo\u00eete rigide OEM\" width=\"1000\" height=\"1000\" title=\"\" srcset=\"https:\/\/chinacustomboxes.com\/wp-content\/uploads\/2025\/08\/Louis-Vuitton-Luxury-Bags-Lid-and-Base-Set-Rigid-Boxes-OEM-1.jpg 1000w, https:\/\/chinacustomboxes.com\/wp-content\/uploads\/2025\/08\/Louis-Vuitton-Luxury-Bags-Lid-and-Base-Set-Rigid-Boxes-OEM-1-300x300.jpg 300w, https:\/\/chinacustomboxes.com\/wp-content\/uploads\/2025\/08\/Louis-Vuitton-Luxury-Bags-Lid-and-Base-Set-Rigid-Boxes-OEM-1-150x150.jpg 150w, https:\/\/chinacustomboxes.com\/wp-content\/uploads\/2025\/08\/Louis-Vuitton-Luxury-Bags-Lid-and-Base-Set-Rigid-Boxes-OEM-1-768x768.jpg 768w, https:\/\/chinacustomboxes.com\/wp-content\/uploads\/2025\/08\/Louis-Vuitton-Luxury-Bags-Lid-and-Base-Set-Rigid-Boxes-OEM-1-12x12.jpg 12w, https:\/\/chinacustomboxes.com\/wp-content\/uploads\/2025\/08\/Louis-Vuitton-Luxury-Bags-Lid-and-Base-Set-Rigid-Boxes-OEM-1-600x600.jpg 600w, https:\/\/chinacustomboxes.com\/wp-content\/uploads\/2025\/08\/Louis-Vuitton-Luxury-Bags-Lid-and-Base-Set-Rigid-Boxes-OEM-1-100x100.jpg 100w\" sizes=\"(max-width: 1000px) 100vw, 1000px\" \/><\/p>\n<h2 id=\"2-look-and-brand-name-sophistication\">2 Look et sophistication de la marque<\/h2>\n<ul>\n<li><strong>Teinte principale : Orange extr\u00eamement satur\u00e9\u00a0<\/strong>: Tr\u00e8s esth\u00e9tique et tr\u00e8s reconnaissable en rayon, il attire rapidement l'attention sur les sites de m\u00e9dias sociaux et dans les magasins hors ligne.<\/li>\n<li><strong>Id\u00e9es de couleurs\u00a0<\/strong>: Se r\u00e9f\u00e9rer \u00e0 la teinte orange \"Safran Imp\u00e9rial\" que Louis Vuitton utilise depuis 2016, souvent associ\u00e9e \u00e0 l'embl\u00e8me de la marque.\u00a0<strong>ruban bleu\/poign\u00e9e\u00a0<\/strong>La signature de la marque est \u00e0 la fois contemporaine et classique.<\/li>\n<\/ul>\n<h2 id=\"3-products-and-environmental-protection\">3 Produits et protection de l'environnement<\/h2>\n<ul>\n<li><strong>Durabilit\u00e9 et long\u00e9vit\u00e9\u00a0<\/strong>: Les deux <a href=\"https:\/\/chinacustomboxes.com\/fr\/\">bo\u00eete cadeau<\/a> et le pr\u00e9sent sac sont fabriqu\u00e9s \u00e0 partir de ressources durables et contiennent du contenu web recycl\u00e9. La structure solide et l'ouverture et la fermeture recyclables r\u00e9duisent les risques de pertes logistiques et de rotation, et r\u00e9pondent aux besoins de solidit\u00e9 et de conformit\u00e9 des emballages de produits de luxe.<\/li>\n<li>Renvoi aux informations publiques de l'industrie et de la marque : LV pr\u00e9cise officiellement que le papier de ses paquets cadeaux \"provient de for\u00eats durables, est compos\u00e9 d'environ 40% de fibres recycl\u00e9es et est pliable pour r\u00e9duire l'influence de la livraison\" (en r\u00e9f\u00e9rence \u00e0 l'orientation environnementale et aux objectifs d'efficacit\u00e9).<\/li>\n<\/ul>\n<p><img decoding=\"async\" class=\"alignnone wp-image-2315 size-full\" src=\"https:\/\/chinacustomboxes.com\/wp-content\/uploads\/2025\/08\/Louis-Vuitton-Luxury-Bags-Lid-and-Base-Set-Rigid-Boxes-OEM-3.jpg\" alt=\"Sacs de luxe Louis Vuitton Couvercle et fond de bo\u00eete rigide OEM\" width=\"1000\" height=\"1000\" title=\"\" srcset=\"https:\/\/chinacustomboxes.com\/wp-content\/uploads\/2025\/08\/Louis-Vuitton-Luxury-Bags-Lid-and-Base-Set-Rigid-Boxes-OEM-3.jpg 1000w, https:\/\/chinacustomboxes.com\/wp-content\/uploads\/2025\/08\/Louis-Vuitton-Luxury-Bags-Lid-and-Base-Set-Rigid-Boxes-OEM-3-300x300.jpg 300w, https:\/\/chinacustomboxes.com\/wp-content\/uploads\/2025\/08\/Louis-Vuitton-Luxury-Bags-Lid-and-Base-Set-Rigid-Boxes-OEM-3-150x150.jpg 150w, https:\/\/chinacustomboxes.com\/wp-content\/uploads\/2025\/08\/Louis-Vuitton-Luxury-Bags-Lid-and-Base-Set-Rigid-Boxes-OEM-3-768x768.jpg 768w, https:\/\/chinacustomboxes.com\/wp-content\/uploads\/2025\/08\/Louis-Vuitton-Luxury-Bags-Lid-and-Base-Set-Rigid-Boxes-OEM-3-12x12.jpg 12w, https:\/\/chinacustomboxes.com\/wp-content\/uploads\/2025\/08\/Louis-Vuitton-Luxury-Bags-Lid-and-Base-Set-Rigid-Boxes-OEM-3-600x600.jpg 600w, https:\/\/chinacustomboxes.com\/wp-content\/uploads\/2025\/08\/Louis-Vuitton-Luxury-Bags-Lid-and-Base-Set-Rigid-Boxes-OEM-3-100x100.jpg 100w\" sizes=\"(max-width: 1000px) 100vw, 1000px\" \/><\/p>\n<h2 id=\"4-structure-and-workmanship-details\">4 Structure et d\u00e9tails d'ex\u00e9cution<\/h2>\n<ul>\n<li><strong>Structure rigide\u00a0<\/strong>: En g\u00e9n\u00e9ral, nous proposons un carton gris de 1200 \u00e0 1800 g (ou un carton noir) + un papier de sp\u00e9cialit\u00e9 de 120 \u00e0 180 g. Les profondeurs du couvercle et du fond sont adapt\u00e9es aux sp\u00e9cifications de l'article.\u00a0<strong>contr\u00f4le de la tol\u00e9rance d'ajustement\u00a0<\/strong>La forme de l'ouverture de l'appareil est tr\u00e8s agr\u00e9able, ce qui garantit une sensation d'ouverture \"limit\u00e9e mais confortable\".<\/li>\n<li><strong>Impression de haute pr\u00e9cision\u00a0<\/strong>: Permet une correspondance pr\u00e9cise des couleurs de la zone\/PANTONE, un contr\u00f4le de la trame des points et une impression \u00e0 grand nombre de lignes, garantissant que\u00a0<strong>des logos clairs et nets, des faces sans bavures et une variation r\u00e9guli\u00e8re des couleurs\u00a0<\/strong>.\u00a0<strong>Les processus de primes facultatives sont les suivants\u00a0<\/strong>marquage \u00e0 chaud, gaufrage et vernis UV **.<\/li>\n<li><strong>Doublure et protection\u00a0<\/strong>: Disponibles en EVA, en velours, en papier floqu\u00e9 ou en p\u00e2te fa\u00e7onn\u00e9e pour s'adapter \u00e0 diff\u00e9rentes dimensions de sacs \u00e0 main, de budgets et d'accessoires. ** Des choix r\u00e9sistants aux rayures, \u00e0 la poussi\u00e8re et \u00e0 l'humidit\u00e9 sont disponibles.<\/li>\n<li><strong>Sac pr\u00e9sent B\u00e2timent et construction\u00a0<\/strong>: Propos\u00e9s en finition lamin\u00e9e ou en papier de base, avec rabats renforc\u00e9s et papier de soutien.\u00a0<strong>Sangle, nervure ou c\u00e2ble bleu\u00a0<\/strong>sont disponibles, renforc\u00e9s par des perforations et des rivets pour une sensation et une r\u00e9sistance \u00e9quilibr\u00e9es.<\/li>\n<\/ul>\n<p><img decoding=\"async\" class=\"alignnone wp-image-2316 size-full\" src=\"https:\/\/chinacustomboxes.com\/wp-content\/uploads\/2025\/08\/Louis-Vuitton-Luxury-Bags-Lid-and-Base-Set-Rigid-Boxes-OEM-4.jpg\" alt=\"Sacs de luxe Louis Vuitton Couvercle et fond de bo\u00eete rigide OEM\" width=\"1000\" height=\"1000\" title=\"\" srcset=\"https:\/\/chinacustomboxes.com\/wp-content\/uploads\/2025\/08\/Louis-Vuitton-Luxury-Bags-Lid-and-Base-Set-Rigid-Boxes-OEM-4.jpg 1000w, https:\/\/chinacustomboxes.com\/wp-content\/uploads\/2025\/08\/Louis-Vuitton-Luxury-Bags-Lid-and-Base-Set-Rigid-Boxes-OEM-4-300x300.jpg 300w, https:\/\/chinacustomboxes.com\/wp-content\/uploads\/2025\/08\/Louis-Vuitton-Luxury-Bags-Lid-and-Base-Set-Rigid-Boxes-OEM-4-150x150.jpg 150w, https:\/\/chinacustomboxes.com\/wp-content\/uploads\/2025\/08\/Louis-Vuitton-Luxury-Bags-Lid-and-Base-Set-Rigid-Boxes-OEM-4-768x768.jpg 768w, https:\/\/chinacustomboxes.com\/wp-content\/uploads\/2025\/08\/Louis-Vuitton-Luxury-Bags-Lid-and-Base-Set-Rigid-Boxes-OEM-4-12x12.jpg 12w, https:\/\/chinacustomboxes.com\/wp-content\/uploads\/2025\/08\/Louis-Vuitton-Luxury-Bags-Lid-and-Base-Set-Rigid-Boxes-OEM-4-600x600.jpg 600w, https:\/\/chinacustomboxes.com\/wp-content\/uploads\/2025\/08\/Louis-Vuitton-Luxury-Bags-Lid-and-Base-Set-Rigid-Boxes-OEM-4-100x100.jpg 100w\" sizes=\"(max-width: 1000px) 100vw, 1000px\" \/><\/p>\n<h2 id=\"5-application-situations\">5 Situations d'application<\/h2>\n<ul>\n<li><strong>Cadeaux haut de gamme\/cadeaux de No\u00ebl\/paquets\u00a0<\/strong>: Comme les cadeaux de vacances en \u00e9dition limit\u00e9e, les cadeaux VIP et les coffrets cadeaux cobrand\u00e9s ; ils conviennent \u00e0 la fois aux \u00e9crans des magasins hors ligne et aux emballages des produits envoy\u00e9s par la poste ou par les cadeaux.<\/li>\n<\/ul>\n<h2 id=\"6-quality-control-and-shipment\">6 Contr\u00f4le de la qualit\u00e9 et exp\u00e9dition<\/h2>\n<ul>\n<li><strong>Distinction des nuances et contr\u00f4le des dimensions\u00a0<\/strong>: Produire des contours ICC pour l'\u00e9preuvage et des cartes de contraste par rapport aux nuances ; v\u00e9rifier par sondage les mesures essentielles et le parall\u00e9lisme diagonal ; passer des examens de livraison pour la solidit\u00e9 au frottement, la r\u00e9sistance au pliage, la compression et la r\u00e9sistance au d\u00e9clin.<\/li>\n<li><strong>S\u00e9curit\u00e9 et conformit\u00e9\u00a0<\/strong>: Le papier et les encres peuvent \u00eatre personnalis\u00e9s avec des choix de conformit\u00e9 FSC\/REACH sur demande (sous r\u00e9serve de la commande du consommateur et des directives locales).<\/li>\n<li><strong>Capacit\u00e9s de prototypage rapide\u00a0<\/strong>: Tirer parti de notre\u00a0<strong>ligne de production intelligente\u00a0<\/strong>et\u00a0<strong>collection modulaire de matrices et de garnitures\u00a0<\/strong>Nous soutenons l'\u00e9preuvage au sein de l'Union europ\u00e9enne.\u00a0<strong>1 heure\u00a0<\/strong>(avec v\u00e9rification locale\/en ligne des illustrations de preuves et des pi\u00e8ces standard), ce qui permet de r\u00e9pondre rapidement aux demandes acc\u00e9l\u00e9r\u00e9es et aux demandes de petits lots.<\/li>\n<\/ul>\n<p><img loading=\"lazy\" decoding=\"async\" class=\"alignnone wp-image-2318 size-full\" src=\"https:\/\/chinacustomboxes.com\/wp-content\/uploads\/2025\/08\/Louis-Vuitton-Luxury-Bags-Lid-and-Base-Set-Rigid-Boxes-OEM-6.jpg\" alt=\"Sacs de luxe Louis Vuitton Couvercle et fond de bo\u00eete rigide OEM\" width=\"1000\" height=\"1000\" title=\"\" srcset=\"https:\/\/chinacustomboxes.com\/wp-content\/uploads\/2025\/08\/Louis-Vuitton-Luxury-Bags-Lid-and-Base-Set-Rigid-Boxes-OEM-6.jpg 1000w, https:\/\/chinacustomboxes.com\/wp-content\/uploads\/2025\/08\/Louis-Vuitton-Luxury-Bags-Lid-and-Base-Set-Rigid-Boxes-OEM-6-300x300.jpg 300w, https:\/\/chinacustomboxes.com\/wp-content\/uploads\/2025\/08\/Louis-Vuitton-Luxury-Bags-Lid-and-Base-Set-Rigid-Boxes-OEM-6-150x150.jpg 150w, https:\/\/chinacustomboxes.com\/wp-content\/uploads\/2025\/08\/Louis-Vuitton-Luxury-Bags-Lid-and-Base-Set-Rigid-Boxes-OEM-6-768x768.jpg 768w, https:\/\/chinacustomboxes.com\/wp-content\/uploads\/2025\/08\/Louis-Vuitton-Luxury-Bags-Lid-and-Base-Set-Rigid-Boxes-OEM-6-12x12.jpg 12w, https:\/\/chinacustomboxes.com\/wp-content\/uploads\/2025\/08\/Louis-Vuitton-Luxury-Bags-Lid-and-Base-Set-Rigid-Boxes-OEM-6-600x600.jpg 600w, https:\/\/chinacustomboxes.com\/wp-content\/uploads\/2025\/08\/Louis-Vuitton-Luxury-Bags-Lid-and-Base-Set-Rigid-Boxes-OEM-6-100x100.jpg 100w\" sizes=\"(max-width: 1000px) 100vw, 1000px\" \/><\/p>\n<h2 id=\"7-customization\">7 Personnalisation<\/h2>\n<ul>\n<li><strong>Taille\u00a0<\/strong>: Personnaliser par dimension les sacs \u00e0 main, les petits articles en cuir naturel et les accessoires (en soutenant les rem\u00e8des d'emballage incorpor\u00e9 multi-tailles).<\/li>\n<li><strong>Ex\u00e9cution des travaux\u00a0<\/strong>: Zone de teinte + marquage chaud (logo), doublure cellulaire en velours, fermeture magn\u00e9tique dissimul\u00e9e, languette facile \u00e0 d\u00e9chirer, etc.\u00a0<em>* Dispositifs\u00a0<\/em>: Pochette de pr\u00e9sentation ton sur ton, ruban, carte de v\u0153ux\/cadeau, papier sans acide, \u00e9tiquette autocollante, espace de rangement. <a href=\"https:\/\/chinacustomboxes.com\/fr\/drawer-style-boxes\/\">bo\u00eete \u00e0 tiroirs<\/a>.<\/li>\n<\/ul>","protected":false},"excerpt":{"rendered":"<p>Ce produit est dot\u00e9 d'un\u00a0<strong>bo\u00eete \u00e0 cadeaux traditionnelle avec un couvercle sup\u00e9rieur et inf\u00e9rieur et un sac \u00e0 cadeaux\u00a0<\/strong>m\u00e9lange. Les\u00a0<strong>le couvercle et le fond sont \u00e9troitement li\u00e9s\u00a0<\/strong>La pochette cadeau est en acier inoxydable, offrant une protection s\u00fbre et s\u00e9curis\u00e9e. Le sac cadeau est\u00a0<strong>portable et durable\u00a0<\/strong>Il s'ouvre et se ferme en douceur, ce qui le rend id\u00e9al pour les cadeaux haut de gamme et les collections de vacances. Cet article utilise\u00a0<strong>\u00e9cologique et durable\u00a0<\/strong>papier, ce qui permet\u00a0<strong>impression de haute pr\u00e9cision\u00a0<\/strong>(clair, sans bavures et teinte r\u00e9guli\u00e8re). Les\u00a0<strong>orange tr\u00e8s satur\u00e9\u00a0<\/strong>la conception des couleurs permet une identification visuelle solide. S'appuyer sur\u00a0<strong>des lignes de production intelligentes et un style modulaire\u00a0<\/strong>L'\u00e9preuvage peut \u00eatre termin\u00e9\u00a0<strong>dans l'heure qui suit\u00a0<\/strong>permettant de r\u00e9pondre rapidement aux demandes de distribution imm\u00e9diates.<\/p>","protected":false},"featured_media":2313,"template":"","meta":{"_kad_post_transparent":"default","_kad_post_title":"","_kad_post_layout":"default","_kad_post_sidebar_id":"","_kad_post_content_style":"default","_kad_post_vertical_padding":"default","_kad_post_feature":"","_kad_post_feature_position":"","_kad_post_header":false,"_kad_post_footer":false,"_kad_post_classname":""},"product_brand":[],"product_cat":[19,15,17,30],"product_tag":[573,575,574],"class_list":{"0":"post-2312","1":"product","2":"type-product","3":"status-publish","4":"has-post-thumbnail","6":"product_cat-lid-and-base-boxes","7":"product_cat-boxes-by-shapes","8":"product_cat-boxes-by-industries","9":"product_cat-clothing-packaging-boxes","10":"product_tag-lid-and-base-boxes","11":"product_tag-louis-vuitton-packaging-boxes","12":"product_tag-rigid-boxes-oem","14":"first","15":"instock","16":"shipping-taxable","17":"product-type-simple","18":"entry","19":"content-bg","20":"loop-entry"},"_links":{"self":[{"href":"https:\/\/chinacustomboxes.com\/fr\/wp-json\/wp\/v2\/product\/2312","targetHints":{"allow":["GET"]}}],"collection":[{"href":"https:\/\/chinacustomboxes.com\/fr\/wp-json\/wp\/v2\/product"}],"about":[{"href":"https:\/\/chinacustomboxes.com\/fr\/wp-json\/wp\/v2\/types\/product"}],"wp:featuredmedia":[{"embeddable":true,"href":"https:\/\/chinacustomboxes.com\/fr\/wp-json\/wp\/v2\/media\/2313"}],"wp:attachment":[{"href":"https:\/\/chinacustomboxes.com\/fr\/wp-json\/wp\/v2\/media?parent=2312"}],"wp:term":[{"taxonomy":"product_brand","embeddable":true,"href":"https:\/\/chinacustomboxes.com\/fr\/wp-json\/wp\/v2\/product_brand?post=2312"},{"taxonomy":"product_cat","embeddable":true,"href":"https:\/\/chinacustomboxes.com\/fr\/wp-json\/wp\/v2\/product_cat?post=2312"},{"taxonomy":"product_tag","embeddable":true,"href":"https:\/\/chinacustomboxes.com\/fr\/wp-json\/wp\/v2\/product_tag?post=2312"}],"curies":[{"name":"wp","href":"https:\/\/api.w.org\/{rel}","templated":true}]}}