{"id":2319,"date":"2025-08-22T03:33:22","date_gmt":"2025-08-22T03:33:22","guid":{"rendered":"https:\/\/chinacustomboxes.com\/?post_type=product&#038;p=2319"},"modified":"2025-08-22T03:33:23","modified_gmt":"2025-08-22T03:33:23","slug":"candle-scent-aromatherapy-neck-lid-and-base-gift-boxes-odm","status":"publish","type":"product","link":"https:\/\/chinacustomboxes.com\/fr\/candle-scent-aromatherapy-neck-lid-and-base-gift-boxes-odm\/","title":{"rendered":"Bougie Senteur Aromath\u00e9rapie Couvercle et base Bo\u00eetes cadeaux ODM"},"content":{"rendered":"<h2 id=\"custom-made-odm-aromatherapy-scent-candle-lid-and-base-gift-box\">Bo\u00eete cadeau avec couvercle et base pour bougie d'aromath\u00e9rapie ODM sur mesure<\/h2>\n<h2 id=\"1-structural-design-a-combination-of-timeless-and-ingenious-with-phenomenal-details-\">1. Conception structurelle : Une combinaison d'intemporalit\u00e9 et d'ing\u00e9niosit\u00e9, avec des d\u00e9tails ph\u00e9nom\u00e9naux.<\/h2>\n<p>Ce coffret cadeau pour bougies aromatiques pr\u00e9sente le style traditionnel \"couvercle et base\", le couvercle sup\u00e9rieur formant le \"dessus\" et le couvercle inf\u00e9rieur la \"base\". Il s'ouvre et se ferme en douceur et confortablement, ce qui en fait une forme de bo\u00eete standard pr\u00e9f\u00e9r\u00e9e pour l'emballage de produits cadeaux. Nous avons en fait affin\u00e9 ce mod\u00e8le en y ajoutant un style \"cou\", c'est-\u00e0-dire un bord suppl\u00e9mentaire \u00e0 la base. Ce style ing\u00e9nieux garantit un ajustement parfait entre la base et le fond de la bo\u00eete. <a href=\"https:\/\/chinacustomboxes.com\/fr\/lid-and-base-boxes\/\">bo\u00eetes de couvercle et de base<\/a> Une fois la bo\u00eete ferm\u00e9e, elle pr\u00e9sente des c\u00f4t\u00e9s nets et nets ainsi qu'un aspect visuel simple mais sophistiqu\u00e9. Ce cadre de col et d'\u00e9paules renforce consid\u00e9rablement le sceau et la s\u00e9curit\u00e9 de la bo\u00eete, offrant une protection \u00e9tendue \u00e0 l'article \u00e0 l'int\u00e9rieur, mais il montre \u00e9galement avec soin le visuel raffin\u00e9, premium, personnalis\u00e9 et la qualit\u00e9 sup\u00e9rieure.<\/p>\n<p><img fetchpriority=\"high\" decoding=\"async\" class=\"alignnone wp-image-2320 size-full\" src=\"https:\/\/chinacustomboxes.com\/wp-content\/uploads\/2025\/08\/Candle-Scent-Aromatherapy-Neck-Lid-and-base-Gift-Boxes-ODM-1.jpg\" alt=\"Bougie Senteur Aromath\u00e9rapie Couvercle et base Bo\u00eetes cadeaux ODM\" width=\"750\" height=\"750\" title=\"\" srcset=\"https:\/\/chinacustomboxes.com\/wp-content\/uploads\/2025\/08\/Candle-Scent-Aromatherapy-Neck-Lid-and-base-Gift-Boxes-ODM-1.jpg 750w, https:\/\/chinacustomboxes.com\/wp-content\/uploads\/2025\/08\/Candle-Scent-Aromatherapy-Neck-Lid-and-base-Gift-Boxes-ODM-1-300x300.jpg 300w, https:\/\/chinacustomboxes.com\/wp-content\/uploads\/2025\/08\/Candle-Scent-Aromatherapy-Neck-Lid-and-base-Gift-Boxes-ODM-1-150x150.jpg 150w, https:\/\/chinacustomboxes.com\/wp-content\/uploads\/2025\/08\/Candle-Scent-Aromatherapy-Neck-Lid-and-base-Gift-Boxes-ODM-1-12x12.jpg 12w, https:\/\/chinacustomboxes.com\/wp-content\/uploads\/2025\/08\/Candle-Scent-Aromatherapy-Neck-Lid-and-base-Gift-Boxes-ODM-1-600x600.jpg 600w, https:\/\/chinacustomboxes.com\/wp-content\/uploads\/2025\/08\/Candle-Scent-Aromatherapy-Neck-Lid-and-base-Gift-Boxes-ODM-1-100x100.jpg 100w\" sizes=\"(max-width: 750px) 100vw, 750px\" \/><\/p>\n<h2 id=\"2-material-choice-similarly-stressing-quality-and-security-a-commitment-to-top-quality-both-throughout-\">2. Choix des mat\u00e9riaux : l'accent est \u00e9galement mis sur la qualit\u00e9 et la s\u00e9curit\u00e9, avec un engagement de qualit\u00e9 sup\u00e9rieure dans tous les domaines.<\/h2>\n<p>Nous savons que les produits sont essentiels \u00e0 la qualit\u00e9 de l'emballage. Le tissu ext\u00e9rieur de cet <a href=\"https:\/\/chinacustomboxes.com\/fr\/distribute-magnetic-lid-rigid-box-for-lipstick-mini-perfume\/\">bo\u00eete cadeau<\/a> est g\u00e9n\u00e9ralement fabriqu\u00e9 \u00e0 partir de papier d'art de qualit\u00e9 sup\u00e9rieure, dont la structure d\u00e9licate et le toucher agr\u00e9able rehaussent instantan\u00e9ment l'emballage g\u00e9n\u00e9ral du produit. Le noyau interne est constitu\u00e9 d'un carton gris \u00e9pais et durable, garantissant une rigidit\u00e9 et une capacit\u00e9 de charge exceptionnelles. Les d\u00e9licats r\u00e9cipients d'aromath\u00e9rapie et les bougies qu'ils contiennent sont ainsi prot\u00e9g\u00e9s contre les chocs et l'\u00e9crasement pendant le transport et la pr\u00e9sentation. Ce m\u00e9lange de papier d'art et de carton gris constitue le meilleur \u00e9quilibre entre l'esth\u00e9tique et la fonctionnalit\u00e9, garantissant que chaque cadeau est pr\u00e9sent\u00e9 aux consommateurs dans un \u00e9tat impeccable.<\/p>\n<h2 id=\"3-printing-and-craftsmanship-meticulous-workmanship-gives-the-packaging-a-distinct-visual-allure-\">3. Impression et fabrication : Un travail m\u00e9ticuleux donne \u00e0 l'emballage une allure visuelle distincte.<\/h2>\n<p>Pour cr\u00e9er un effet esth\u00e9tique distinctif, nous proposons une gamme d'options d'impression et de finition. L'un des principaux attributs de la mise en page de ce <a href=\"https:\/\/chinacustomboxes.com\/fr\/\">bo\u00eete<\/a> est la charmante finition argent\u00e9e sur le bord interne du couvercle. Cette information ajoute une touche d'ombre \u00e0 l'ensemble du design doux, agissant comme une touche finale et am\u00e9liorant consid\u00e9rablement l'impression de raffinement et d'extravagance de l'emballage. En outre, des proc\u00e9dures personnalisables telles que le marquage \u00e0 chaud, le gaufrage et les th\u00e9rapies UV ponctuelles peuvent \u00eatre utilis\u00e9es pour renforcer la profondeur et l'attrait de l'emballage du produit, en mettant davantage en valeur le logo de la marque.<\/p>\n<p><img decoding=\"async\" class=\"alignnone wp-image-2321 size-full\" src=\"https:\/\/chinacustomboxes.com\/wp-content\/uploads\/2025\/08\/Candle-Scent-Aromatherapy-Neck-Lid-and-base-Gift-Boxes-ODM-2.jpg\" alt=\"Bougie Senteur Aromath\u00e9rapie Couvercle et base Bo\u00eetes cadeaux ODM\" width=\"750\" height=\"750\" title=\"\" srcset=\"https:\/\/chinacustomboxes.com\/wp-content\/uploads\/2025\/08\/Candle-Scent-Aromatherapy-Neck-Lid-and-base-Gift-Boxes-ODM-2.jpg 750w, https:\/\/chinacustomboxes.com\/wp-content\/uploads\/2025\/08\/Candle-Scent-Aromatherapy-Neck-Lid-and-base-Gift-Boxes-ODM-2-300x300.jpg 300w, https:\/\/chinacustomboxes.com\/wp-content\/uploads\/2025\/08\/Candle-Scent-Aromatherapy-Neck-Lid-and-base-Gift-Boxes-ODM-2-150x150.jpg 150w, https:\/\/chinacustomboxes.com\/wp-content\/uploads\/2025\/08\/Candle-Scent-Aromatherapy-Neck-Lid-and-base-Gift-Boxes-ODM-2-12x12.jpg 12w, https:\/\/chinacustomboxes.com\/wp-content\/uploads\/2025\/08\/Candle-Scent-Aromatherapy-Neck-Lid-and-base-Gift-Boxes-ODM-2-600x600.jpg 600w, https:\/\/chinacustomboxes.com\/wp-content\/uploads\/2025\/08\/Candle-Scent-Aromatherapy-Neck-Lid-and-base-Gift-Boxes-ODM-2-100x100.jpg 100w\" sizes=\"(max-width: 750px) 100vw, 750px\" \/><\/p>\n<h2 id=\"4-color-visual-appeals-tranquil-lavender-producing-an-immersive-sensory-experience-\">4. Appels visuels de la couleur : Tranquil Lavender, Produire une exp\u00e9rience sensorielle immersive.<\/h2>\n<p>Le corps principal de l'emballage utilise une teinte lavande douce et \u00e9l\u00e9gante. Ce choix de couleur cr\u00e9atif stimule rapidement les organisations en les enchantant avec le parfum relaxant et curatif du produit, cr\u00e9ant efficacement une ambiance tranquille et apaisante qui s'aligne compl\u00e8tement avec le positionnement de l'article d'aromath\u00e9rapie. Cette utilisation unifi\u00e9e et harmonieuse des couleurs ne se contente pas de mettre en valeur l'article, elle contribue \u00e9galement \u00e0 d\u00e9velopper une identification esth\u00e9tique solide et sp\u00e9ciale de la marque, en attirant et en captivant instantan\u00e9ment les clients cibles.<\/p>\n<h2 id=\"5-decorative-information-moderate-sophistication-revealed-in-the-details-\">5. Information d\u00e9corative : Sophistication mod\u00e9r\u00e9e, r\u00e9v\u00e9l\u00e9e dans les d\u00e9tails.<\/h2>\n<p>L'essence du design r\u00e9side souvent dans les d\u00e9tails. La bordure argent\u00e9e apparemment d\u00e9contract\u00e9e qui entoure la face interne du couvercle incarne cette philosophie. En tant que composant raffin\u00e9 et discret, il \u00e9tablit une comparaison subtile avec la teinte lavande primaire, ce qui nuit \u00e0 la monotonie de la palette de couleurs et am\u00e9liore la classe et la valeur de l'ensemble, cr\u00e9ant ainsi un sentiment de surprise \u00e0 l'ouverture de l'emballage.<\/p>\n<p><img decoding=\"async\" class=\"alignnone wp-image-2322 size-full\" src=\"https:\/\/chinacustomboxes.com\/wp-content\/uploads\/2025\/08\/Candle-Scent-Aromatherapy-Neck-Lid-and-base-Gift-Boxes-ODM-3.jpg\" alt=\"Bougie Senteur Aromath\u00e9rapie Couvercle et base Bo\u00eetes cadeaux ODM\" width=\"1919\" height=\"1919\" title=\"\" srcset=\"https:\/\/chinacustomboxes.com\/wp-content\/uploads\/2025\/08\/Candle-Scent-Aromatherapy-Neck-Lid-and-base-Gift-Boxes-ODM-3.jpg 1919w, https:\/\/chinacustomboxes.com\/wp-content\/uploads\/2025\/08\/Candle-Scent-Aromatherapy-Neck-Lid-and-base-Gift-Boxes-ODM-3-300x300.jpg 300w, https:\/\/chinacustomboxes.com\/wp-content\/uploads\/2025\/08\/Candle-Scent-Aromatherapy-Neck-Lid-and-base-Gift-Boxes-ODM-3-1024x1024.jpg 1024w, https:\/\/chinacustomboxes.com\/wp-content\/uploads\/2025\/08\/Candle-Scent-Aromatherapy-Neck-Lid-and-base-Gift-Boxes-ODM-3-150x150.jpg 150w, https:\/\/chinacustomboxes.com\/wp-content\/uploads\/2025\/08\/Candle-Scent-Aromatherapy-Neck-Lid-and-base-Gift-Boxes-ODM-3-768x768.jpg 768w, https:\/\/chinacustomboxes.com\/wp-content\/uploads\/2025\/08\/Candle-Scent-Aromatherapy-Neck-Lid-and-base-Gift-Boxes-ODM-3-1536x1536.jpg 1536w, https:\/\/chinacustomboxes.com\/wp-content\/uploads\/2025\/08\/Candle-Scent-Aromatherapy-Neck-Lid-and-base-Gift-Boxes-ODM-3-12x12.jpg 12w, https:\/\/chinacustomboxes.com\/wp-content\/uploads\/2025\/08\/Candle-Scent-Aromatherapy-Neck-Lid-and-base-Gift-Boxes-ODM-3-600x600.jpg 600w, https:\/\/chinacustomboxes.com\/wp-content\/uploads\/2025\/08\/Candle-Scent-Aromatherapy-Neck-Lid-and-base-Gift-Boxes-ODM-3-100x100.jpg 100w\" sizes=\"(max-width: 1919px) 100vw, 1919px\" \/><\/p>\n<h2 id=\"6-internal-security-precision-molded-lining-provides-the-ultimate-product-defense-\">6. S\u00e9curit\u00e9 interne : La doublure moul\u00e9e avec pr\u00e9cision assure la d\u00e9fense ultime du produit.<\/h2>\n<p>Pour s'assurer que les articles d'aromath\u00e9rapie restent en s\u00e9curit\u00e9 dans la bo\u00eete, nous moulons la doublure sur mesure en fonction de la forme de l'article. Divers produits de doublure sont disponibles, notamment la mousse EVA pour un rembourrage exceptionnel et l'absorption des chocs, le coton perl\u00e9 EPE l\u00e9ger et respectueux de l'environnement, ou l'emballage en soie tr\u00e8s tonique. Ces mat\u00e9riaux enveloppent et maintiennent en toute s\u00e9curit\u00e9 des produits tels que les flacons d'aromath\u00e9rapie et les propri\u00e9taires de bougies, en \u00e9vitant efficacement qu'ils ne soient secou\u00e9s et influenc\u00e9s. Cette doublure cellulaire ajust\u00e9e avec pr\u00e9cision assure non seulement la s\u00e9curit\u00e9 du produit, mais d\u00e9montre \u00e9galement notre professionnalisme, notre fiabilit\u00e9 et notre souci du d\u00e9tail, produisant une exp\u00e9rience d'emballage de produit fra\u00eeche et bien organis\u00e9e.<\/p>\n<h2 id=\"7-odm-totally-custom-made-services-develop-your-own-brand-identity-\">7. ODM Services totalement personnalis\u00e9s : D\u00e9veloppez votre propre identit\u00e9 de marque.<\/h2>\n<p>Nous proposons des solutions ODM (Initial Layout Manufacturer) compl\u00e8tes, qui vous permettent de personnaliser totalement chaque aspect de votre bo\u00eete, y compris la structure, les dimensions, les mat\u00e9riaux ext\u00e9rieurs et int\u00e9rieurs, l'impression, l'assortiment des teintes et la manutention, en fonction du positionnement de votre marque et des exigences de vos articles. Que vous souhaitiez modifier les couleurs du th\u00e8me de votre marque, mettre en \u00e9vidence votre logo ou personnaliser l'int\u00e9rieur pour l'adapter \u00e0 votre collection de produits, notre groupe de professionnels vous propose une option unique, cr\u00e9ant un emballage unique et sp\u00e9cifique \u00e0 votre marque.<\/p>\n<p><img loading=\"lazy\" decoding=\"async\" class=\"alignnone wp-image-2323 size-full\" src=\"https:\/\/chinacustomboxes.com\/wp-content\/uploads\/2025\/08\/Candle-Scent-Aromatherapy-Neck-Lid-and-base-Gift-Boxes-ODM-4.jpg\" alt=\"Bougie Senteur Aromath\u00e9rapie Couvercle et base Bo\u00eetes cadeaux ODM\" width=\"1600\" height=\"1600\" title=\"\" srcset=\"https:\/\/chinacustomboxes.com\/wp-content\/uploads\/2025\/08\/Candle-Scent-Aromatherapy-Neck-Lid-and-base-Gift-Boxes-ODM-4.jpg 1600w, https:\/\/chinacustomboxes.com\/wp-content\/uploads\/2025\/08\/Candle-Scent-Aromatherapy-Neck-Lid-and-base-Gift-Boxes-ODM-4-300x300.jpg 300w, https:\/\/chinacustomboxes.com\/wp-content\/uploads\/2025\/08\/Candle-Scent-Aromatherapy-Neck-Lid-and-base-Gift-Boxes-ODM-4-1024x1024.jpg 1024w, https:\/\/chinacustomboxes.com\/wp-content\/uploads\/2025\/08\/Candle-Scent-Aromatherapy-Neck-Lid-and-base-Gift-Boxes-ODM-4-150x150.jpg 150w, https:\/\/chinacustomboxes.com\/wp-content\/uploads\/2025\/08\/Candle-Scent-Aromatherapy-Neck-Lid-and-base-Gift-Boxes-ODM-4-768x768.jpg 768w, https:\/\/chinacustomboxes.com\/wp-content\/uploads\/2025\/08\/Candle-Scent-Aromatherapy-Neck-Lid-and-base-Gift-Boxes-ODM-4-1536x1536.jpg 1536w, https:\/\/chinacustomboxes.com\/wp-content\/uploads\/2025\/08\/Candle-Scent-Aromatherapy-Neck-Lid-and-base-Gift-Boxes-ODM-4-12x12.jpg 12w, https:\/\/chinacustomboxes.com\/wp-content\/uploads\/2025\/08\/Candle-Scent-Aromatherapy-Neck-Lid-and-base-Gift-Boxes-ODM-4-600x600.jpg 600w, https:\/\/chinacustomboxes.com\/wp-content\/uploads\/2025\/08\/Candle-Scent-Aromatherapy-Neck-Lid-and-base-Gift-Boxes-ODM-4-100x100.jpg 100w\" sizes=\"(max-width: 1600px) 100vw, 1600px\" \/><\/p>\n<h2 id=\"8-core-benefit-1-hour-prototyping-assisting-brands-seize-market-opportunities-\">8. Avantage principal : Prototypage en une heure, aidant les marques \u00e0 saisir les opportunit\u00e9s du march\u00e9.<\/h2>\n<p>Le temps est un facteur essentiel dans un march\u00e9 tr\u00e8s concurrentiel. Nous en sommes conscients et, gr\u00e2ce \u00e0 nos capacit\u00e9s durables de fabrication et d'assimilation du design, nous promettons solennellement un \"prototypage en 1 heure\". Cette r\u00e9ponse efficace et rapide et ces capacit\u00e9s de prototypage vous permettent de voir des exemples presque finis en un temps record, ce qui raccourcit consid\u00e9rablement votre cycle de choix et votre d\u00e9lai de mise sur le march\u00e9, aidant ainsi votre marque \u00e0 confisquer des possibilit\u00e9s sur un march\u00e9 qui \u00e9volue rapidement.<\/p>","protected":false},"excerpt":{"rendered":"<p>Ce coffret cadeau pour bougies parfum\u00e9es, d'une \u00e9l\u00e9gante couleur lavande, cr\u00e9e une atmosph\u00e8re paisible et r\u00e9confortante. Son couvercle classique avec \u00e9paulement et col garantit une fermeture herm\u00e9tique et des lignes \u00e9pur\u00e9es, ce qui lui conf\u00e8re un aspect haut de gamme. Fabriqu\u00e9e \u00e0 partir d'un carton gris solide et d'un papier d'art fragile et r\u00e9actif, elle allie l'esth\u00e9tique \u00e0 la s\u00e9curit\u00e9. La garniture argent\u00e9e autour du bord int\u00e9rieur du couvercle ajoute une touche d'information polie. L'int\u00e9rieur est sp\u00e9cialement moul\u00e9 pour \u00e9pouser la forme du produit, avec des rev\u00eatements absorbant les chocs comme l'EVA ou le coton perl\u00e9 pour garantir un transport en toute s\u00e9curit\u00e9. Nous fournissons des solutions compl\u00e8tes de personnalisation ODM, de la structure et des produits aux processus d'impression, et garantissons un d\u00e9lai d'ex\u00e9cution rapide d'une heure, vous aidant ainsi \u00e0 produire des emballages de produits de marque sp\u00e9ciaux et \u00e0 conqu\u00e9rir rapidement des parts de march\u00e9.<\/p>","protected":false},"featured_media":2320,"template":"","meta":{"_kad_post_transparent":"default","_kad_post_title":"","_kad_post_layout":"default","_kad_post_sidebar_id":"","_kad_post_content_style":"default","_kad_post_vertical_padding":"default","_kad_post_feature":"","_kad_post_feature_position":"","_kad_post_header":false,"_kad_post_footer":false,"_kad_post_classname":""},"product_brand":[],"product_cat":[15,17,33,19,34],"product_tag":[576,577,578],"class_list":{"0":"post-2319","1":"product","2":"type-product","3":"status-publish","4":"has-post-thumbnail","6":"product_cat-boxes-by-shapes","7":"product_cat-boxes-by-industries","8":"product_cat-candle-packaging-boxes","9":"product_cat-lid-and-base-boxes","10":"product_cat-perfume-packaging-boxes","11":"product_tag-candle-gift-boxes","12":"product_tag-neck-lid-and-base-gift-boxes","13":"product_tag-scent-aromatherapy-gift-boxes-odm","15":"first","16":"instock","17":"shipping-taxable","18":"product-type-simple","19":"entry","20":"content-bg","21":"loop-entry"},"_links":{"self":[{"href":"https:\/\/chinacustomboxes.com\/fr\/wp-json\/wp\/v2\/product\/2319","targetHints":{"allow":["GET"]}}],"collection":[{"href":"https:\/\/chinacustomboxes.com\/fr\/wp-json\/wp\/v2\/product"}],"about":[{"href":"https:\/\/chinacustomboxes.com\/fr\/wp-json\/wp\/v2\/types\/product"}],"wp:featuredmedia":[{"embeddable":true,"href":"https:\/\/chinacustomboxes.com\/fr\/wp-json\/wp\/v2\/media\/2320"}],"wp:attachment":[{"href":"https:\/\/chinacustomboxes.com\/fr\/wp-json\/wp\/v2\/media?parent=2319"}],"wp:term":[{"taxonomy":"product_brand","embeddable":true,"href":"https:\/\/chinacustomboxes.com\/fr\/wp-json\/wp\/v2\/product_brand?post=2319"},{"taxonomy":"product_cat","embeddable":true,"href":"https:\/\/chinacustomboxes.com\/fr\/wp-json\/wp\/v2\/product_cat?post=2319"},{"taxonomy":"product_tag","embeddable":true,"href":"https:\/\/chinacustomboxes.com\/fr\/wp-json\/wp\/v2\/product_tag?post=2319"}],"curies":[{"name":"wp","href":"https:\/\/api.w.org\/{rel}","templated":true}]}}