{"id":2332,"date":"2025-08-25T02:17:42","date_gmt":"2025-08-25T02:17:42","guid":{"rendered":"https:\/\/chinacustomboxes.com\/?post_type=product&#038;p=2332"},"modified":"2025-08-25T03:13:29","modified_gmt":"2025-08-25T03:13:29","slug":"custom-cannabis-concentrate-containers-packaging-wholesale","status":"publish","type":"product","link":"https:\/\/chinacustomboxes.com\/fr\/custom-cannabis-concentrate-containers-packaging-wholesale\/","title":{"rendered":"Conteneurs de concentr\u00e9 de cannabis sur mesure Emballage Wholesale"},"content":{"rendered":"<h2 id=\"personalized-cannabis-concentrate-container-packaging-the-ultimate-blend-of-luxury-defense-and-brand-visual-appeals\">Emballage personnalis\u00e9 de concentr\u00e9 de cannabis : L'ultime m\u00e9lange de luxe, de d\u00e9fense et d'attrait visuel pour la marque<\/h2>\n<p>Sur le march\u00e9 tr\u00e8s concurrentiel du cannabis, les produits exceptionnels n\u00e9cessitent un emballage tout aussi exceptionnel pour mettre en valeur leur valeur et attirer les clients. Notre <a href=\"https:\/\/chinacustomboxes.com\/fr\/cannabis-packaging\/\">emballage personnalis\u00e9 de concentr\u00e9 de cannabis<\/a>g, con\u00e7u sp\u00e9cialement pour les marques haut de gamme, entend offrir un service d'emballage parfait qui int\u00e8gre le luxe, la protection et l'individualit\u00e9 du nom de la marque gr\u00e2ce \u00e0 un design in\u00e9gal\u00e9, des produits de qualit\u00e9 sup\u00e9rieure et un savoir-faire artisanal charmant.<\/p>\n<p><img fetchpriority=\"high\" decoding=\"async\" class=\"alignnone wp-image-2337 size-full\" src=\"https:\/\/chinacustomboxes.com\/wp-content\/uploads\/2025\/08\/Custom-Cannabis-Concentrate-Containers-Packaging-Wholesale-11.jpg\" alt=\"Conteneurs de concentr\u00e9 de cannabis sur mesure Emballage Wholesale\" width=\"1000\" height=\"1000\" title=\"\" srcset=\"https:\/\/chinacustomboxes.com\/wp-content\/uploads\/2025\/08\/Custom-Cannabis-Concentrate-Containers-Packaging-Wholesale-11.jpg 1000w, https:\/\/chinacustomboxes.com\/wp-content\/uploads\/2025\/08\/Custom-Cannabis-Concentrate-Containers-Packaging-Wholesale-11-300x300.jpg 300w, https:\/\/chinacustomboxes.com\/wp-content\/uploads\/2025\/08\/Custom-Cannabis-Concentrate-Containers-Packaging-Wholesale-11-150x150.jpg 150w, https:\/\/chinacustomboxes.com\/wp-content\/uploads\/2025\/08\/Custom-Cannabis-Concentrate-Containers-Packaging-Wholesale-11-768x768.jpg 768w, https:\/\/chinacustomboxes.com\/wp-content\/uploads\/2025\/08\/Custom-Cannabis-Concentrate-Containers-Packaging-Wholesale-11-12x12.jpg 12w, https:\/\/chinacustomboxes.com\/wp-content\/uploads\/2025\/08\/Custom-Cannabis-Concentrate-Containers-Packaging-Wholesale-11-600x600.jpg 600w, https:\/\/chinacustomboxes.com\/wp-content\/uploads\/2025\/08\/Custom-Cannabis-Concentrate-Containers-Packaging-Wholesale-11-100x100.jpg 100w\" sizes=\"(max-width: 1000px) 100vw, 1000px\" \/><\/p>\n<h2 id=\"1-the-phenomenal-experience-of-magnetic-flip-top-gift-boxes\">1. L'exp\u00e9rience ph\u00e9nom\u00e9nale des bo\u00eetes cadeaux \u00e0 fermeture magn\u00e9tique<\/h2>\n<p>Le c\u0153ur de cet emballage repose sur son style innovant de bo\u00eetes de pr\u00e9sentation \u00e0 couvercle rabattable, \u00e9galement appel\u00e9es \"bo\u00eetes de pr\u00e9sentation\". <a href=\"https:\/\/chinacustomboxes.com\/fr\/magnetic-closure-boxes\/\">bo\u00eetes \u00e0 fermeture magn\u00e9tique<\/a>. Son principal attribut est le puissant dispositif de fermeture magn\u00e9tique int\u00e9gr\u00e9. Cette conception permet non seulement une ouverture et une fermeture incroyablement douces, mais produit \u00e9galement un \"clic\" fascinant, qui procure une exp\u00e9rience luxueuse et c\u00e9r\u00e9moniale \u00e0 l'individu. Par rapport aux bo\u00eetes pliantes traditionnelles, cette structure rigide et durable assure une protection remarquable, garantissant la s\u00e9curit\u00e9 du transport et de l'espace de stockage de produits importants tels que les centres d'int\u00e9r\u00eat.<\/p>\n<h2 id=\"2-strong-stiff-building-and-construction\">2. B\u00e2timent et construction solides et rigides<\/h2>\n<p>Nous avons choisi du carton inflexible de premi\u00e8re qualit\u00e9 comme mat\u00e9riau principal pour la fabrication de l'emballage. <a href=\"https:\/\/chinacustomboxes.com\/fr\/\">bo\u00eetes d'emballage<\/a>garantissant sa solidit\u00e9 et sa durabilit\u00e9. Ce cadre solide ne se contente pas de r\u00e9sister efficacement aux agressions ext\u00e9rieures, offrant ainsi une s\u00e9curit\u00e9 solide \u00e0 l'article qu'il contient, mais il am\u00e9liore aussi consid\u00e9rablement l'image de marque de la marque.<\/p>\n<p><img decoding=\"async\" class=\"alignnone wp-image-2335 size-full\" src=\"https:\/\/chinacustomboxes.com\/wp-content\/uploads\/2025\/08\/Custom-Cannabis-Concentrate-Containers-Packaging-Wholesale-9.jpg\" alt=\"Conteneurs de concentr\u00e9 de cannabis sur mesure Emballage Wholesale\" width=\"1000\" height=\"1000\" title=\"\" srcset=\"https:\/\/chinacustomboxes.com\/wp-content\/uploads\/2025\/08\/Custom-Cannabis-Concentrate-Containers-Packaging-Wholesale-9.jpg 1000w, https:\/\/chinacustomboxes.com\/wp-content\/uploads\/2025\/08\/Custom-Cannabis-Concentrate-Containers-Packaging-Wholesale-9-300x300.jpg 300w, https:\/\/chinacustomboxes.com\/wp-content\/uploads\/2025\/08\/Custom-Cannabis-Concentrate-Containers-Packaging-Wholesale-9-150x150.jpg 150w, https:\/\/chinacustomboxes.com\/wp-content\/uploads\/2025\/08\/Custom-Cannabis-Concentrate-Containers-Packaging-Wholesale-9-768x768.jpg 768w, https:\/\/chinacustomboxes.com\/wp-content\/uploads\/2025\/08\/Custom-Cannabis-Concentrate-Containers-Packaging-Wholesale-9-12x12.jpg 12w, https:\/\/chinacustomboxes.com\/wp-content\/uploads\/2025\/08\/Custom-Cannabis-Concentrate-Containers-Packaging-Wholesale-9-600x600.jpg 600w, https:\/\/chinacustomboxes.com\/wp-content\/uploads\/2025\/08\/Custom-Cannabis-Concentrate-Containers-Packaging-Wholesale-9-100x100.jpg 100w\" sizes=\"(max-width: 1000px) 100vw, 1000px\" \/><\/p>\n<h2 id=\"3-dynamic-and-luxurious-area-uv-finish\">3. Zone dynamique et luxueuse Finition UV<\/h2>\n<p>Le motif de la feuille de cannabis tomb\u00e9e sur la couverture utilise une surface unique Area UV (vernis UV ponctuel). Cette strat\u00e9gie consiste \u00e0 appliquer une couche transparente tr\u00e8s brillante sur les zones de d\u00e9tail, ce qui cr\u00e9e un contraste frappant avec la finition mate de la couverture et un impact esth\u00e9tique vibrant et tridimensionnel. Ce proc\u00e9d\u00e9 permet non seulement d'am\u00e9liorer consid\u00e9rablement la sensation de luxe et le charme de l'emballage, mais il offre \u00e9galement un certain degr\u00e9 de protection contre la contrefa\u00e7on.<\/p>\n<h2 id=\"4-distinctive-color-style\">4. Style de couleur distinctif<\/h2>\n<p>Le graphisme fort et dynamique du d\u00e9grad\u00e9 arc-en-ciel de la couverture attire instantan\u00e9ment l'attention des consommateurs. Cette pr\u00e9sentation s'inscrit dans le droit fil des mod\u00e8les visuels des emballages de cannabis modernes, qui entendent rompre avec les st\u00e9r\u00e9otypes obsol\u00e8tes et accueillir un langage esth\u00e9tique beaucoup plus moderne et \u00e9l\u00e9gant. La base de la bo\u00eete est d'un bleu vif et pur, ce qui \u00e9tablit une comparaison harmonieuse et frappante avec la couverture aux couleurs vives.<\/p>\n<p><img decoding=\"async\" class=\"alignnone wp-image-2334 size-full\" src=\"https:\/\/chinacustomboxes.com\/wp-content\/uploads\/2025\/08\/Custom-Cannabis-Concentrate-Containers-Packaging-Wholesale-8.jpg\" alt=\"Conteneurs de concentr\u00e9 de cannabis sur mesure Emballage Wholesale\" width=\"1000\" height=\"1000\" title=\"\" srcset=\"https:\/\/chinacustomboxes.com\/wp-content\/uploads\/2025\/08\/Custom-Cannabis-Concentrate-Containers-Packaging-Wholesale-8.jpg 1000w, https:\/\/chinacustomboxes.com\/wp-content\/uploads\/2025\/08\/Custom-Cannabis-Concentrate-Containers-Packaging-Wholesale-8-300x300.jpg 300w, https:\/\/chinacustomboxes.com\/wp-content\/uploads\/2025\/08\/Custom-Cannabis-Concentrate-Containers-Packaging-Wholesale-8-150x150.jpg 150w, https:\/\/chinacustomboxes.com\/wp-content\/uploads\/2025\/08\/Custom-Cannabis-Concentrate-Containers-Packaging-Wholesale-8-768x768.jpg 768w, https:\/\/chinacustomboxes.com\/wp-content\/uploads\/2025\/08\/Custom-Cannabis-Concentrate-Containers-Packaging-Wholesale-8-12x12.jpg 12w, https:\/\/chinacustomboxes.com\/wp-content\/uploads\/2025\/08\/Custom-Cannabis-Concentrate-Containers-Packaging-Wholesale-8-600x600.jpg 600w, https:\/\/chinacustomboxes.com\/wp-content\/uploads\/2025\/08\/Custom-Cannabis-Concentrate-Containers-Packaging-Wholesale-8-100x100.jpg 100w\" sizes=\"(max-width: 1000px) 100vw, 1000px\" \/><\/p>\n<h2 id=\"5-skillfully-hidden-magnets\">5. Aimants habilement dissimul\u00e9s<\/h2>\n<p>La caract\u00e9ristique essentielle de cet emballage r\u00e9side dans les aimants intelligemment dissimul\u00e9s dans la couverture et les bo\u00eetes. Cette disposition sans faille cr\u00e9e un aspect ordonn\u00e9 et lisse, sans boutons-pression superflus. La fermeture magn\u00e9tique assure un ajustement sp\u00e9cifique et s\u00fbr, garantissant que l'article contenu reste en s\u00e9curit\u00e9 dans toutes les conditions.<\/p>\n<p><img loading=\"lazy\" decoding=\"async\" class=\"alignnone wp-image-2333 size-full\" src=\"https:\/\/chinacustomboxes.com\/wp-content\/uploads\/2025\/08\/Custom-Cannabis-Concentrate-Containers-Packaging-Wholesale-7.jpg\" alt=\"Conteneurs de concentr\u00e9 de cannabis sur mesure Emballage Wholesale\" width=\"1000\" height=\"1000\" title=\"\" srcset=\"https:\/\/chinacustomboxes.com\/wp-content\/uploads\/2025\/08\/Custom-Cannabis-Concentrate-Containers-Packaging-Wholesale-7.jpg 1000w, https:\/\/chinacustomboxes.com\/wp-content\/uploads\/2025\/08\/Custom-Cannabis-Concentrate-Containers-Packaging-Wholesale-7-300x300.jpg 300w, https:\/\/chinacustomboxes.com\/wp-content\/uploads\/2025\/08\/Custom-Cannabis-Concentrate-Containers-Packaging-Wholesale-7-150x150.jpg 150w, https:\/\/chinacustomboxes.com\/wp-content\/uploads\/2025\/08\/Custom-Cannabis-Concentrate-Containers-Packaging-Wholesale-7-768x768.jpg 768w, https:\/\/chinacustomboxes.com\/wp-content\/uploads\/2025\/08\/Custom-Cannabis-Concentrate-Containers-Packaging-Wholesale-7-12x12.jpg 12w, https:\/\/chinacustomboxes.com\/wp-content\/uploads\/2025\/08\/Custom-Cannabis-Concentrate-Containers-Packaging-Wholesale-7-600x600.jpg 600w, https:\/\/chinacustomboxes.com\/wp-content\/uploads\/2025\/08\/Custom-Cannabis-Concentrate-Containers-Packaging-Wholesale-7-100x100.jpg 100w\" sizes=\"(max-width: 1000px) 100vw, 1000px\" \/><\/p>\n<h2 id=\"6-custom-made-eva-foam-liner\">6. Doublure en mousse EVA sur mesure<\/h2>\n<p>L'int\u00e9rieur de la bo\u00eete est dot\u00e9 d'un rev\u00eatement en mousse EVA adapt\u00e9 \u00e0 la forme de l'article. L'EVA (copolym\u00e8re d'\u00e9thyl\u00e8ne-ac\u00e9tate de vinyle) est un mat\u00e9riau de haute densit\u00e9 qui poss\u00e8de des propri\u00e9t\u00e9s exceptionnelles de rembourrage et d'absorption des chocs, ce qui permet de mieux prot\u00e9ger le produit. La doublure est sp\u00e9cifiquement d\u00e9coup\u00e9e avec des rainures circulaires adapt\u00e9es \u00e0 la taille du conteneur de concentr\u00e9, prot\u00e9geant le produit fermement et efficacement contre les vibrations et les chocs pendant le transport. La doublure noire et blanche am\u00e9liore encore le charme esth\u00e9tique de l'article \u00e0 l'ouverture des bo\u00eetes.<\/p>\n<p><img loading=\"lazy\" decoding=\"async\" class=\"alignnone wp-image-2338 size-full\" src=\"https:\/\/chinacustomboxes.com\/wp-content\/uploads\/2025\/08\/Custom-Cannabis-Concentrate-Containers-Packaging-Wholesale-12.jpg\" alt=\"Conteneurs de concentr\u00e9 de cannabis sur mesure Emballage Wholesale\" width=\"1000\" height=\"1000\" title=\"\" srcset=\"https:\/\/chinacustomboxes.com\/wp-content\/uploads\/2025\/08\/Custom-Cannabis-Concentrate-Containers-Packaging-Wholesale-12.jpg 1000w, https:\/\/chinacustomboxes.com\/wp-content\/uploads\/2025\/08\/Custom-Cannabis-Concentrate-Containers-Packaging-Wholesale-12-300x300.jpg 300w, https:\/\/chinacustomboxes.com\/wp-content\/uploads\/2025\/08\/Custom-Cannabis-Concentrate-Containers-Packaging-Wholesale-12-150x150.jpg 150w, https:\/\/chinacustomboxes.com\/wp-content\/uploads\/2025\/08\/Custom-Cannabis-Concentrate-Containers-Packaging-Wholesale-12-768x768.jpg 768w, https:\/\/chinacustomboxes.com\/wp-content\/uploads\/2025\/08\/Custom-Cannabis-Concentrate-Containers-Packaging-Wholesale-12-12x12.jpg 12w, https:\/\/chinacustomboxes.com\/wp-content\/uploads\/2025\/08\/Custom-Cannabis-Concentrate-Containers-Packaging-Wholesale-12-600x600.jpg 600w, https:\/\/chinacustomboxes.com\/wp-content\/uploads\/2025\/08\/Custom-Cannabis-Concentrate-Containers-Packaging-Wholesale-12-100x100.jpg 100w\" sizes=\"(max-width: 1000px) 100vw, 1000px\" \/><\/p>\n<h2 id=\"7-highly-adjustable-and-expert-solution\">7. Solution hautement ajustable et experte<\/h2>\n<p>Nous comprenons que chaque marque a son propre caract\u00e8re et ses propres exigences. Cet emballage est hautement personnalisable. Qu'il s'agisse de la forme des bo\u00eetes \u00e0 fermeture magn\u00e9tique, de l'impression arc-en-ciel personnalis\u00e9e, de la th\u00e9rapie UV locale ou de la doublure cellulaire EVA sur mesure, chaque information peut \u00eatre personnalis\u00e9e en fonction des exigences de votre marque, afin que l'emballage final corresponde parfaitement \u00e0 la photo de votre marque et aux caract\u00e9ristiques de l'article.<\/p>\n<p>Forts de nos ann\u00e9es d'exp\u00e9rience dans l'industrie, nous avons une connaissance approfondie des propri\u00e9t\u00e9s r\u00e9sidentielles des mat\u00e9riaux, des innovations en mati\u00e8re de traitement et des tendances du march\u00e9. Nous pouvons non seulement r\u00e9aliser correctement vos id\u00e9es de pr\u00e9sentation, mais aussi vous proposer des recommandations de sp\u00e9cialistes pour vous aider \u00e0 am\u00e9liorer les options d'emballage et \u00e0 pr\u00e9venir les probl\u00e8mes \u00e9ventuels, garantissant ainsi la haute qualit\u00e9 et la forte concurrence de votre produit final sur le march\u00e9.<\/p>","protected":false},"excerpt":{"rendered":"<p>Cet emballage personnalis\u00e9 de qualit\u00e9 sup\u00e9rieure, sp\u00e9cialement con\u00e7u pour les concentr\u00e9s de cannabis, est dot\u00e9 d'un cadre de bo\u00eetes \u00e0 fermeture magn\u00e9tique pour une ouverture en douceur, d\u00e9gageant une impression de luxe et de rituel. Le couvercle pr\u00e9sente une impression en d\u00e9grad\u00e9 arc-en-ciel et un motif de feuille de cannabis UV ponctuel, produisant un effet visuel saisissant et imm\u00e9diatement reconnaissable. L'int\u00e9rieur est doubl\u00e9 d'une mousse cellulaire EVA sp\u00e9cialement r\u00e9duite, offrant une protection antichoc supr\u00eame \u00e0 votre article. Enti\u00e8rement personnalisable, du design ext\u00e9rieur au cadre int\u00e9rieur, il s'agit d'un choix optimal pour renforcer votre image de marque et assurer la s\u00e9curit\u00e9 de votre article.<\/p>","protected":false},"featured_media":2334,"template":"","meta":{"_kad_post_transparent":"default","_kad_post_title":"","_kad_post_layout":"default","_kad_post_sidebar_id":"","_kad_post_content_style":"default","_kad_post_vertical_padding":"default","_kad_post_feature":"","_kad_post_feature_position":"","_kad_post_header":false,"_kad_post_footer":false,"_kad_post_classname":""},"product_brand":[],"product_cat":[15,17,39,18],"product_tag":[579,580,581],"class_list":{"0":"post-2332","1":"product","2":"type-product","3":"status-publish","4":"has-post-thumbnail","6":"product_cat-boxes-by-shapes","7":"product_cat-boxes-by-industries","8":"product_cat-cannabis-packaging","9":"product_cat-magnetic-closure-boxes","10":"product_tag-cannabis-concentrate-packaging","11":"product_tag-concentrate-containers-packaging","12":"product_tag-custom-concentrate-packaging","14":"first","15":"instock","16":"shipping-taxable","17":"product-type-simple","18":"entry","19":"content-bg","20":"loop-entry"},"_links":{"self":[{"href":"https:\/\/chinacustomboxes.com\/fr\/wp-json\/wp\/v2\/product\/2332","targetHints":{"allow":["GET"]}}],"collection":[{"href":"https:\/\/chinacustomboxes.com\/fr\/wp-json\/wp\/v2\/product"}],"about":[{"href":"https:\/\/chinacustomboxes.com\/fr\/wp-json\/wp\/v2\/types\/product"}],"wp:featuredmedia":[{"embeddable":true,"href":"https:\/\/chinacustomboxes.com\/fr\/wp-json\/wp\/v2\/media\/2334"}],"wp:attachment":[{"href":"https:\/\/chinacustomboxes.com\/fr\/wp-json\/wp\/v2\/media?parent=2332"}],"wp:term":[{"taxonomy":"product_brand","embeddable":true,"href":"https:\/\/chinacustomboxes.com\/fr\/wp-json\/wp\/v2\/product_brand?post=2332"},{"taxonomy":"product_cat","embeddable":true,"href":"https:\/\/chinacustomboxes.com\/fr\/wp-json\/wp\/v2\/product_cat?post=2332"},{"taxonomy":"product_tag","embeddable":true,"href":"https:\/\/chinacustomboxes.com\/fr\/wp-json\/wp\/v2\/product_tag?post=2332"}],"curies":[{"name":"wp","href":"https:\/\/api.w.org\/{rel}","templated":true}]}}