{"id":2339,"date":"2025-08-25T03:15:37","date_gmt":"2025-08-25T03:15:37","guid":{"rendered":"https:\/\/chinacustomboxes.com\/?post_type=product&#038;p=2339"},"modified":"2025-08-25T03:35:48","modified_gmt":"2025-08-25T03:35:48","slug":"3ml-5ml-7ml-concentrate-container-magnetic-packaging-boxes","status":"publish","type":"product","link":"https:\/\/chinacustomboxes.com\/fr\/3ml-5ml-7ml-concentrate-container-magnetic-packaging-boxes\/","title":{"rendered":"3ml 5ml 7ml Concentr\u00e9 Bo\u00eete d'emballage magn\u00e9tique"},"content":{"rendered":"<h2>R\u00e9cipients pour concentr\u00e9s Bo\u00eetes \u00e0 fermeture magn\u00e9tique pour 3ml, 5ml et 7ml<\/h2>\n<p>Nous sommes heureux de vous pr\u00e9senter la fermeture magn\u00e9tique <a href=\"https:\/\/chinacustomboxes.com\/fr\/clamshell-boxes\/\">bo\u00eetes \u00e0 clapet<\/a> Ces bo\u00eetes ont \u00e9t\u00e9 sp\u00e9cialement con\u00e7ues pour les contenants de concentr\u00e9 de 3 ml, 5 ml et 7 ml. Combinant un design \u00e9l\u00e9gant, une protection de premier ordre et des caract\u00e9ristiques \u00e9cologiques, ces bo\u00eetes sont le choix id\u00e9al pour am\u00e9liorer la valeur de votre produit et l'image de votre marque.<\/p>\n<p><img fetchpriority=\"high\" decoding=\"async\" class=\"alignnone wp-image-2344 size-full\" src=\"https:\/\/chinacustomboxes.com\/wp-content\/uploads\/2025\/08\/3ml-5ml-7ml-Concentrate-Container-Magnetic-Packaging-Boxes-5.jpg\" alt=\"3ml 5ml 7ml Concentr\u00e9 Bo\u00eete d&#039;emballage magn\u00e9tique\" width=\"1000\" height=\"1000\" title=\"\" srcset=\"https:\/\/chinacustomboxes.com\/wp-content\/uploads\/2025\/08\/3ml-5ml-7ml-Concentrate-Container-Magnetic-Packaging-Boxes-5.jpg 1000w, https:\/\/chinacustomboxes.com\/wp-content\/uploads\/2025\/08\/3ml-5ml-7ml-Concentrate-Container-Magnetic-Packaging-Boxes-5-300x300.jpg 300w, https:\/\/chinacustomboxes.com\/wp-content\/uploads\/2025\/08\/3ml-5ml-7ml-Concentrate-Container-Magnetic-Packaging-Boxes-5-150x150.jpg 150w, https:\/\/chinacustomboxes.com\/wp-content\/uploads\/2025\/08\/3ml-5ml-7ml-Concentrate-Container-Magnetic-Packaging-Boxes-5-768x768.jpg 768w, https:\/\/chinacustomboxes.com\/wp-content\/uploads\/2025\/08\/3ml-5ml-7ml-Concentrate-Container-Magnetic-Packaging-Boxes-5-12x12.jpg 12w, https:\/\/chinacustomboxes.com\/wp-content\/uploads\/2025\/08\/3ml-5ml-7ml-Concentrate-Container-Magnetic-Packaging-Boxes-5-600x600.jpg 600w, https:\/\/chinacustomboxes.com\/wp-content\/uploads\/2025\/08\/3ml-5ml-7ml-Concentrate-Container-Magnetic-Packaging-Boxes-5-100x100.jpg 100w\" sizes=\"(max-width: 1000px) 100vw, 1000px\" \/><\/p>\n<h2 id=\"-1-a-blend-of-standard-framework-and-modern-visual-appeals-\"><strong>1. Un m\u00e9lange de cadre standard et d'attraits visuels modernes\u00a0<\/strong>.<\/h2>\n<p>Ces bo\u00eetes sont dot\u00e9es de l'ind\u00e9modable et utile \"Flip-Top Boxes with clamshell\" (bo\u00eete \u00e0 rabat avec coquille). <a href=\"https:\/\/chinacustomboxes.com\/fr\/magnetic-closure-boxes\/\">Bo\u00eetes \u00e0 fermeture magn\u00e9tique<\/a>La pr\u00e9sentation \". Sa forme carr\u00e9e simple et ses lignes \u00e9pur\u00e9es lui conf\u00e8rent un aspect haut de gamme et raffin\u00e9, qu'elle soit expos\u00e9e sur le pr\u00e9sentoir ou tenue en main. Les couvercles sup\u00e9rieur et inf\u00e9rieur sont non seulement tr\u00e8s faciles \u00e0 ouvrir, mais ils sont \u00e9galement dot\u00e9s de puissants aimants int\u00e9gr\u00e9s qui garantissent que le couvercle se ferme de mani\u00e8re s\u00fbre et pr\u00e9cise, offrant ainsi une protection exceptionnelle au produit qu'il contient.<\/p>\n<p><img decoding=\"async\" class=\"alignnone wp-image-2343 size-full\" src=\"https:\/\/chinacustomboxes.com\/wp-content\/uploads\/2025\/08\/3ml-5ml-7ml-Concentrate-Container-Magnetic-Packaging-Boxes-4.jpg\" alt=\"3ml 5ml 7ml Concentr\u00e9 Bo\u00eete d&#039;emballage magn\u00e9tique\" width=\"1000\" height=\"1000\" title=\"\" srcset=\"https:\/\/chinacustomboxes.com\/wp-content\/uploads\/2025\/08\/3ml-5ml-7ml-Concentrate-Container-Magnetic-Packaging-Boxes-4.jpg 1000w, https:\/\/chinacustomboxes.com\/wp-content\/uploads\/2025\/08\/3ml-5ml-7ml-Concentrate-Container-Magnetic-Packaging-Boxes-4-300x300.jpg 300w, https:\/\/chinacustomboxes.com\/wp-content\/uploads\/2025\/08\/3ml-5ml-7ml-Concentrate-Container-Magnetic-Packaging-Boxes-4-150x150.jpg 150w, https:\/\/chinacustomboxes.com\/wp-content\/uploads\/2025\/08\/3ml-5ml-7ml-Concentrate-Container-Magnetic-Packaging-Boxes-4-768x768.jpg 768w, https:\/\/chinacustomboxes.com\/wp-content\/uploads\/2025\/08\/3ml-5ml-7ml-Concentrate-Container-Magnetic-Packaging-Boxes-4-12x12.jpg 12w, https:\/\/chinacustomboxes.com\/wp-content\/uploads\/2025\/08\/3ml-5ml-7ml-Concentrate-Container-Magnetic-Packaging-Boxes-4-600x600.jpg 600w, https:\/\/chinacustomboxes.com\/wp-content\/uploads\/2025\/08\/3ml-5ml-7ml-Concentrate-Container-Magnetic-Packaging-Boxes-4-100x100.jpg 100w\" sizes=\"(max-width: 1000px) 100vw, 1000px\" \/><\/p>\n<h2 id=\"-2-eco-friendly-products-in-line-with-green-trends-\"><strong>2. Des produits respectueux de l'environnement, en phase avec les tendances \u00e9cologiques\u00a0<\/strong>.<\/h2>\n<p>L'emballage est en grande partie fabriqu\u00e9 \u00e0 partir de papier de qualit\u00e9 sup\u00e9rieure, ce qui garantit sa l\u00e9g\u00e8ret\u00e9 et sa durabilit\u00e9, permet d'\u00e9viter efficacement les contorsions pendant le transport et l'entreposage et s'aligne sur les tendances actuelles en mati\u00e8re de croissance durable. Les produits en papier que nous utilisons sont \u00e0 la fois recyclables et naturellement d\u00e9gradables, ce qui leur permet de promouvoir une image de marque \u00e9cologique.<\/p>\n<p><img decoding=\"async\" class=\"alignnone wp-image-2341 size-full\" src=\"https:\/\/chinacustomboxes.com\/wp-content\/uploads\/2025\/08\/3ml-5ml-7ml-Concentrate-Container-Magnetic-Packaging-Boxes-2.jpg\" alt=\"3ml 5ml 7ml Concentr\u00e9 Bo\u00eete d&#039;emballage magn\u00e9tique\" width=\"1000\" height=\"1000\" title=\"\" srcset=\"https:\/\/chinacustomboxes.com\/wp-content\/uploads\/2025\/08\/3ml-5ml-7ml-Concentrate-Container-Magnetic-Packaging-Boxes-2.jpg 1000w, https:\/\/chinacustomboxes.com\/wp-content\/uploads\/2025\/08\/3ml-5ml-7ml-Concentrate-Container-Magnetic-Packaging-Boxes-2-300x300.jpg 300w, https:\/\/chinacustomboxes.com\/wp-content\/uploads\/2025\/08\/3ml-5ml-7ml-Concentrate-Container-Magnetic-Packaging-Boxes-2-150x150.jpg 150w, https:\/\/chinacustomboxes.com\/wp-content\/uploads\/2025\/08\/3ml-5ml-7ml-Concentrate-Container-Magnetic-Packaging-Boxes-2-768x768.jpg 768w, https:\/\/chinacustomboxes.com\/wp-content\/uploads\/2025\/08\/3ml-5ml-7ml-Concentrate-Container-Magnetic-Packaging-Boxes-2-12x12.jpg 12w, https:\/\/chinacustomboxes.com\/wp-content\/uploads\/2025\/08\/3ml-5ml-7ml-Concentrate-Container-Magnetic-Packaging-Boxes-2-600x600.jpg 600w, https:\/\/chinacustomboxes.com\/wp-content\/uploads\/2025\/08\/3ml-5ml-7ml-Concentrate-Container-Magnetic-Packaging-Boxes-2-100x100.jpg 100w\" sizes=\"(max-width: 1000px) 100vw, 1000px\" \/><\/p>\n<h2 id=\"-3-craftsmanship-demonstrates-superior-top-quality-\"><strong>3. L'ex\u00e9cution d\u00e9montre une qualit\u00e9 sup\u00e9rieure\u00a0<\/strong>.<\/h2>\n<p>Notre souci du d\u00e9tail se retrouve dans chaque d\u00e9tail. Les coins de l'emballage sont soigneusement compl\u00e9t\u00e9s, avec des pliages sp\u00e9cifiques, et les c\u00f4t\u00e9s sont lisses et sans bavures, ce qui t\u00e9moigne du plus haut niveau de qualit\u00e9 de fabrication. Les aimants sont habilement dissimul\u00e9s dans la couche interm\u00e9diaire du carton, ce qui garantit une esth\u00e9tique homog\u00e8ne tout en assurant une fermeture solide. Chaque information t\u00e9moigne du d\u00e9vouement et de la comp\u00e9tence du fabricant.<\/p>\n<p><img decoding=\"async\" class=\"alignnone wp-image-2341 size-full\" src=\"https:\/\/chinacustomboxes.com\/wp-content\/uploads\/2025\/08\/3ml-5ml-7ml-Concentrate-Container-Magnetic-Packaging-Boxes-2.jpg\" alt=\"3ml 5ml 7ml Concentr\u00e9 Bo\u00eete d&#039;emballage magn\u00e9tique\" width=\"1000\" height=\"1000\" title=\"\" srcset=\"https:\/\/chinacustomboxes.com\/wp-content\/uploads\/2025\/08\/3ml-5ml-7ml-Concentrate-Container-Magnetic-Packaging-Boxes-2.jpg 1000w, https:\/\/chinacustomboxes.com\/wp-content\/uploads\/2025\/08\/3ml-5ml-7ml-Concentrate-Container-Magnetic-Packaging-Boxes-2-300x300.jpg 300w, https:\/\/chinacustomboxes.com\/wp-content\/uploads\/2025\/08\/3ml-5ml-7ml-Concentrate-Container-Magnetic-Packaging-Boxes-2-150x150.jpg 150w, https:\/\/chinacustomboxes.com\/wp-content\/uploads\/2025\/08\/3ml-5ml-7ml-Concentrate-Container-Magnetic-Packaging-Boxes-2-768x768.jpg 768w, https:\/\/chinacustomboxes.com\/wp-content\/uploads\/2025\/08\/3ml-5ml-7ml-Concentrate-Container-Magnetic-Packaging-Boxes-2-12x12.jpg 12w, https:\/\/chinacustomboxes.com\/wp-content\/uploads\/2025\/08\/3ml-5ml-7ml-Concentrate-Container-Magnetic-Packaging-Boxes-2-600x600.jpg 600w, https:\/\/chinacustomboxes.com\/wp-content\/uploads\/2025\/08\/3ml-5ml-7ml-Concentrate-Container-Magnetic-Packaging-Boxes-2-100x100.jpg 100w\" sizes=\"(max-width: 1000px) 100vw, 1000px\" \/><\/p>\n<h2 id=\"-4-spectacular-layout-records-the-eye-\"><strong>4. Une mise en page spectaculaire qui attire l'attention\u00a0<\/strong>.<\/h2>\n<p>La surface de la bo\u00eete est orn\u00e9e d'un motif g\u00e9om\u00e9trique multicolore saisissant, d\u00e9veloppant une teinte dynamique semblable \u00e0 celle de l'arc-en-ciel. Un motif de feuilles de chanvre, \u00e9galement compos\u00e9 de blocs g\u00e9om\u00e9triques, est fix\u00e9 sur le dessus du couvercle. Ce motif met intelligemment en valeur les caract\u00e9ristiques du produit tout en lui conf\u00e9rant une esth\u00e9tique contemporaine et cr\u00e9ative, ce qui attire imm\u00e9diatement l'attention des clients et fait sortir le produit du lot.<\/p>\n<h2 id=\"-5-magnetic-closure-enhances-the-unboxing-experience-\"><strong>5. La fermeture magn\u00e9tique de la coque am\u00e9liore l'exp\u00e9rience de d\u00e9ballage <\/strong>.<\/h2>\n<p>Parmi les points saillants de cette <a href=\"https:\/\/chinacustomboxes.com\/fr\/\">bo\u00eetes<\/a> est sa fermeture magn\u00e9tique int\u00e9gr\u00e9e. Contrairement aux mod\u00e8les standard \u00e0 embo\u00eeter ou \u00e0 encliqueter, la fermeture magn\u00e9tique est plus pratique et plus solide, et produit un \"clic\" agr\u00e9able, am\u00e9liorant consid\u00e9rablement l'exp\u00e9rience de d\u00e9ballage de l'individu et soulignant la qualit\u00e9 et la valeur du produit d'une mani\u00e8re subtile.<\/p>\n<p><img loading=\"lazy\" decoding=\"async\" class=\"alignnone wp-image-2340 size-full\" src=\"https:\/\/chinacustomboxes.com\/wp-content\/uploads\/2025\/08\/3ml-5ml-7ml-Concentrate-Container-Magnetic-Packaging-Boxes-1.jpg\" alt=\"3ml 5ml 7ml Concentr\u00e9 Bo\u00eete d&#039;emballage magn\u00e9tique\" width=\"1000\" height=\"1000\" title=\"\" srcset=\"https:\/\/chinacustomboxes.com\/wp-content\/uploads\/2025\/08\/3ml-5ml-7ml-Concentrate-Container-Magnetic-Packaging-Boxes-1.jpg 1000w, https:\/\/chinacustomboxes.com\/wp-content\/uploads\/2025\/08\/3ml-5ml-7ml-Concentrate-Container-Magnetic-Packaging-Boxes-1-300x300.jpg 300w, https:\/\/chinacustomboxes.com\/wp-content\/uploads\/2025\/08\/3ml-5ml-7ml-Concentrate-Container-Magnetic-Packaging-Boxes-1-150x150.jpg 150w, https:\/\/chinacustomboxes.com\/wp-content\/uploads\/2025\/08\/3ml-5ml-7ml-Concentrate-Container-Magnetic-Packaging-Boxes-1-768x768.jpg 768w, https:\/\/chinacustomboxes.com\/wp-content\/uploads\/2025\/08\/3ml-5ml-7ml-Concentrate-Container-Magnetic-Packaging-Boxes-1-12x12.jpg 12w, https:\/\/chinacustomboxes.com\/wp-content\/uploads\/2025\/08\/3ml-5ml-7ml-Concentrate-Container-Magnetic-Packaging-Boxes-1-600x600.jpg 600w, https:\/\/chinacustomboxes.com\/wp-content\/uploads\/2025\/08\/3ml-5ml-7ml-Concentrate-Container-Magnetic-Packaging-Boxes-1-100x100.jpg 100w\" sizes=\"(max-width: 1000px) 100vw, 1000px\" \/><\/p>\n<h2 id=\"-6-precision-cellular-lining-for-comprehensive-defense-\"><strong>6. La doublure cellulaire de pr\u00e9cision au service d'une d\u00e9fense globale\u00a0<\/strong>.<\/h2>\n<p>L'int\u00e9rieur des bo\u00eetes comporte un rev\u00eatement cellulaire blanc personnalis\u00e9 (g\u00e9n\u00e9ralement de la mousse EVA ou un mat\u00e9riau comparable), form\u00e9 avec pr\u00e9cision pour s'adapter \u00e0 divers contenants de concentr\u00e9, tels que 3 ml, 5 ml et 7 ml. Des rainures sph\u00e9riques recouvrent et fixent parfaitement le r\u00e9cipient, l'emp\u00eachant de boire ou de s'entrechoquer \u00e0 l'int\u00e9rieur des bo\u00eetes et offrant un excellent rembourrage et une bonne d\u00e9fense pour les r\u00e9cipients fragiles en verre ou en c\u00e9ramique.<\/p>\n<h2 id=\"-7-very-adjustable-for-an-one-of-a-kind-brand-identity-\"><strong>7. Tr\u00e8s ajustable pour une identit\u00e9 de marque unique\u00a0<\/strong>.<\/h2>\n<p>Nous reconnaissons l'importance de l'unicit\u00e9 de la marque, et c'est pourquoi cet emballage offre un haut degr\u00e9 de personnalisation. Qu'il s'agisse de la taille et de la forme de l'emballage, du mat\u00e9riau du papier (par exemple, papier d'art, papier kraft, papier sp\u00e9cial), du processus d'impression (par exemple, estampage \u00e0 chaud, UV, laminage, gaufrage), ou du produit et de la couleur de la doublure, nous pouvons l'adapter \u00e0 vos exigences particuli\u00e8res afin de produire un emballage de produit de qualit\u00e9 sup\u00e9rieure distinctif.<\/p>","protected":false},"excerpt":{"rendered":"<p>Ces bo\u00eetes d'emballage magn\u00e9tiques, con\u00e7ues pour les contenants de concentr\u00e9 de 3 ml, 5 ml et 7 ml, sont dot\u00e9es d'un couvercle rabattable classique et d'un aimant int\u00e9gr\u00e9 pour une fermeture s\u00fbre. Fabriqu\u00e9es en papier \u00e9cologique de premi\u00e8re qualit\u00e9, les bo\u00eetes sont r\u00e9sistantes et durables. La surface est orn\u00e9e d'un motif g\u00e9om\u00e9trique dynamique et vivant et du logo \"hemp fallen leave\", ce qui cr\u00e9e un impact esth\u00e9tique frappant. L'int\u00e9rieur est doubl\u00e9 d'une doublure cellulaire en mousse EVA exactement construite pour une excellente s\u00e9curit\u00e9 des articles. Extr\u00eamement personnalis\u00e9, du mat\u00e9riau au processus d'impression, il s'agit d'une option optimale pour am\u00e9liorer l'image de votre marque et attirer les clients.<\/p>","protected":false},"featured_media":2340,"template":"","meta":{"_kad_post_transparent":"default","_kad_post_title":"","_kad_post_layout":"default","_kad_post_sidebar_id":"","_kad_post_content_style":"default","_kad_post_vertical_padding":"default","_kad_post_feature":"","_kad_post_feature_position":"","_kad_post_header":false,"_kad_post_footer":false,"_kad_post_classname":""},"product_brand":[],"product_cat":[15,17,39,27,18],"product_tag":[580,478,581],"class_list":{"0":"post-2339","1":"product","2":"type-product","3":"status-publish","4":"has-post-thumbnail","6":"product_cat-boxes-by-shapes","7":"product_cat-boxes-by-industries","8":"product_cat-cannabis-packaging","9":"product_cat-clamshell-boxes","10":"product_cat-magnetic-closure-boxes","11":"product_tag-concentrate-containers-packaging","12":"product_tag-custom-cannabis-boxes","13":"product_tag-custom-concentrate-packaging","15":"first","16":"instock","17":"shipping-taxable","18":"product-type-simple","19":"entry","20":"content-bg","21":"loop-entry"},"_links":{"self":[{"href":"https:\/\/chinacustomboxes.com\/fr\/wp-json\/wp\/v2\/product\/2339","targetHints":{"allow":["GET"]}}],"collection":[{"href":"https:\/\/chinacustomboxes.com\/fr\/wp-json\/wp\/v2\/product"}],"about":[{"href":"https:\/\/chinacustomboxes.com\/fr\/wp-json\/wp\/v2\/types\/product"}],"wp:featuredmedia":[{"embeddable":true,"href":"https:\/\/chinacustomboxes.com\/fr\/wp-json\/wp\/v2\/media\/2340"}],"wp:attachment":[{"href":"https:\/\/chinacustomboxes.com\/fr\/wp-json\/wp\/v2\/media?parent=2339"}],"wp:term":[{"taxonomy":"product_brand","embeddable":true,"href":"https:\/\/chinacustomboxes.com\/fr\/wp-json\/wp\/v2\/product_brand?post=2339"},{"taxonomy":"product_cat","embeddable":true,"href":"https:\/\/chinacustomboxes.com\/fr\/wp-json\/wp\/v2\/product_cat?post=2339"},{"taxonomy":"product_tag","embeddable":true,"href":"https:\/\/chinacustomboxes.com\/fr\/wp-json\/wp\/v2\/product_tag?post=2339"}],"curies":[{"name":"wp","href":"https:\/\/api.w.org\/{rel}","templated":true}]}}