{"id":2364,"date":"2025-08-26T02:23:22","date_gmt":"2025-08-26T02:23:22","guid":{"rendered":"https:\/\/chinacustomboxes.com\/?post_type=product&#038;p=2364"},"modified":"2025-08-26T02:51:33","modified_gmt":"2025-08-26T02:51:33","slug":"magnetic-closure-boxes-for-live-resin-crumble-wax-dab-hash","status":"publish","type":"product","link":"https:\/\/chinacustomboxes.com\/fr\/magnetic-closure-boxes-for-live-resin-crumble-wax-dab-hash\/","title":{"rendered":"Bo\u00eetes \u00e0 fermeture magn\u00e9tique pour Live Resin Crumble Wax Dab Hash"},"content":{"rendered":"<h2 id=\"magnetic-closure-boxes-for-live-resin-crumble-wax-dab-and-hash\">Bo\u00eetes \u00e0 fermeture magn\u00e9tique pour Live Resin, Crumble, Wax, Dab et Hash<\/h2>\n<p>Cr\u00e9\u00e9e pour les produits de co\u00fbts tels que Live Resin, Crumble, Wax, Dab et Hash, cette <a href=\"https:\/\/chinacustomboxes.com\/fr\/magnetic-closure-boxes\/\">bo\u00eetes \u00e0 fermeture magn\u00e9tique<\/a> est un excellent choix pour am\u00e9liorer l'image de votre marque et l'exp\u00e9rience de l'utilisateur. Il int\u00e8gre une mise en page \u00e9l\u00e9gante, une construction durable et une attention particuli\u00e8re \u00e0 l'information, d\u00e9veloppant un sens in\u00e9gal\u00e9 du haut de gamme d\u00e8s l'instant o\u00f9 vos clients ouvrent les bo\u00eetes.<\/p>\n<p><img fetchpriority=\"high\" decoding=\"async\" class=\"alignnone wp-image-2366 size-full\" src=\"https:\/\/chinacustomboxes.com\/wp-content\/uploads\/2025\/08\/Marijuana-Concentrate-Containers-Packaging-Magnetic-Boxes-3.jpg\" alt=\"Marijuana Concentrate Containers Packaging Magnetic Boxes\" width=\"1000\" height=\"1000\" title=\"\" srcset=\"https:\/\/chinacustomboxes.com\/wp-content\/uploads\/2025\/08\/Marijuana-Concentrate-Containers-Packaging-Magnetic-Boxes-3.jpg 1000w, https:\/\/chinacustomboxes.com\/wp-content\/uploads\/2025\/08\/Marijuana-Concentrate-Containers-Packaging-Magnetic-Boxes-3-300x300.jpg 300w, https:\/\/chinacustomboxes.com\/wp-content\/uploads\/2025\/08\/Marijuana-Concentrate-Containers-Packaging-Magnetic-Boxes-3-150x150.jpg 150w, https:\/\/chinacustomboxes.com\/wp-content\/uploads\/2025\/08\/Marijuana-Concentrate-Containers-Packaging-Magnetic-Boxes-3-768x768.jpg 768w, https:\/\/chinacustomboxes.com\/wp-content\/uploads\/2025\/08\/Marijuana-Concentrate-Containers-Packaging-Magnetic-Boxes-3-12x12.jpg 12w, https:\/\/chinacustomboxes.com\/wp-content\/uploads\/2025\/08\/Marijuana-Concentrate-Containers-Packaging-Magnetic-Boxes-3-600x600.jpg 600w, https:\/\/chinacustomboxes.com\/wp-content\/uploads\/2025\/08\/Marijuana-Concentrate-Containers-Packaging-Magnetic-Boxes-3-100x100.jpg 100w\" sizes=\"(max-width: 1000px) 100vw, 1000px\" \/><\/p>\n<h2 id=\"-1-timeless-book-shaped-framework-and-a-pleasant-opening-and-closing-experience-\"><strong>1. Un cadre intemporel en forme de livre et une exp\u00e9rience d'ouverture et de fermeture agr\u00e9able<\/strong><\/h2>\n<p>L'emballage de ce produit pr\u00e9sente une structure traditionnelle de \"bo\u00eetes \u00e0 fermeture magn\u00e9tique\" avec une fermeture magn\u00e9tique avanc\u00e9e. Cette pr\u00e9sentation n'a pas seulement un aspect sophistiqu\u00e9 et haut de gamme, elle produit \u00e9galement un \"clic\" net et agr\u00e9able lorsqu'on l'ouvre, ce qui renforce consid\u00e9rablement la sensation de haut de gamme du produit et le sentiment de routine du client. Le couvercle rabattable permet de nombreux acc\u00e8s et espaces de rangement, tandis que des aimants astucieusement dissimul\u00e9s garantissent que le couvercle reste fermement ferm\u00e9, prot\u00e9geant efficacement l'objet de valeur \u00e0 l'int\u00e9rieur et \u00e9vitant toute ouverture involontaire.<\/p>\n<p><img decoding=\"async\" class=\"alignnone wp-image-2368 size-full\" src=\"https:\/\/chinacustomboxes.com\/wp-content\/uploads\/2025\/08\/Marijuana-Concentrate-Containers-Packaging-Magnetic-Boxes-5.jpg\" alt=\"Marijuana Concentrate Containers Packaging Magnetic Boxes\" width=\"1000\" height=\"1000\" title=\"\" srcset=\"https:\/\/chinacustomboxes.com\/wp-content\/uploads\/2025\/08\/Marijuana-Concentrate-Containers-Packaging-Magnetic-Boxes-5.jpg 1000w, https:\/\/chinacustomboxes.com\/wp-content\/uploads\/2025\/08\/Marijuana-Concentrate-Containers-Packaging-Magnetic-Boxes-5-300x300.jpg 300w, https:\/\/chinacustomboxes.com\/wp-content\/uploads\/2025\/08\/Marijuana-Concentrate-Containers-Packaging-Magnetic-Boxes-5-150x150.jpg 150w, https:\/\/chinacustomboxes.com\/wp-content\/uploads\/2025\/08\/Marijuana-Concentrate-Containers-Packaging-Magnetic-Boxes-5-768x768.jpg 768w, https:\/\/chinacustomboxes.com\/wp-content\/uploads\/2025\/08\/Marijuana-Concentrate-Containers-Packaging-Magnetic-Boxes-5-12x12.jpg 12w, https:\/\/chinacustomboxes.com\/wp-content\/uploads\/2025\/08\/Marijuana-Concentrate-Containers-Packaging-Magnetic-Boxes-5-600x600.jpg 600w, https:\/\/chinacustomboxes.com\/wp-content\/uploads\/2025\/08\/Marijuana-Concentrate-Containers-Packaging-Magnetic-Boxes-5-100x100.jpg 100w\" sizes=\"(max-width: 1000px) 100vw, 1000px\" \/><\/p>\n<h2 id=\"-2-tough-and-reputable-high-quality-materials-\"><strong>2. Mat\u00e9riaux de haute qualit\u00e9, robustes et r\u00e9put\u00e9s<\/strong><\/h2>\n<p>Le c\u0153ur de l'emballage est constitu\u00e9 de papier rigide de haute densit\u00e9, offrant une structure solide et une forte r\u00e9sistance aux contraintes, prot\u00e9geant efficacement le produit contre l'\u00e9crasement et les effets au cours d'un transport et d'un stockage compliqu\u00e9s. La couche externe est recouverte d'un papier haut de gamme, pr\u00e9sentant une surface lisse et fragile, offrant une excellente base pour une impression exquise et garantissant une reproduction exacte des couleurs et des motifs.<\/p>\n<h2 id=\"-3-continually-fine-tuned-craftsmanship-\"><strong>3. Un savoir-faire sans cesse perfectionn\u00e9<\/strong><\/h2>\n<p>Nous recherchons l'excellence dans les moindres d\u00e9tails. Les bords de l'emballage sont facilement termin\u00e9s et le papier de rev\u00eatement de sol stratifi\u00e9 est lisse et sans bulles, ce qui d\u00e9montre le haut niveau de qualit\u00e9 de l'artisanat. La pr\u00e9sentation sur le couvercle de l'emballage est imprim\u00e9e \u00e0 l'aide d'une technologie moderne sup\u00e9rieure d'impression en quadrichromie, ce qui permet d'obtenir des couleurs satur\u00e9es et des images nettes, et de reproduire parfaitement les conceptions et les pr\u00e9sentations complexes du logo de la marque.<\/p>\n<p><img decoding=\"async\" class=\"alignnone wp-image-2369 size-full\" src=\"https:\/\/chinacustomboxes.com\/wp-content\/uploads\/2025\/08\/Marijuana-Concentrate-Containers-Packaging-Magnetic-Boxes-6.jpg\" alt=\"Marijuana Concentrate Containers Packaging Magnetic Boxes\" width=\"1000\" height=\"1000\" title=\"\" srcset=\"https:\/\/chinacustomboxes.com\/wp-content\/uploads\/2025\/08\/Marijuana-Concentrate-Containers-Packaging-Magnetic-Boxes-6.jpg 1000w, https:\/\/chinacustomboxes.com\/wp-content\/uploads\/2025\/08\/Marijuana-Concentrate-Containers-Packaging-Magnetic-Boxes-6-300x300.jpg 300w, https:\/\/chinacustomboxes.com\/wp-content\/uploads\/2025\/08\/Marijuana-Concentrate-Containers-Packaging-Magnetic-Boxes-6-150x150.jpg 150w, https:\/\/chinacustomboxes.com\/wp-content\/uploads\/2025\/08\/Marijuana-Concentrate-Containers-Packaging-Magnetic-Boxes-6-768x768.jpg 768w, https:\/\/chinacustomboxes.com\/wp-content\/uploads\/2025\/08\/Marijuana-Concentrate-Containers-Packaging-Magnetic-Boxes-6-12x12.jpg 12w, https:\/\/chinacustomboxes.com\/wp-content\/uploads\/2025\/08\/Marijuana-Concentrate-Containers-Packaging-Magnetic-Boxes-6-600x600.jpg 600w, https:\/\/chinacustomboxes.com\/wp-content\/uploads\/2025\/08\/Marijuana-Concentrate-Containers-Packaging-Magnetic-Boxes-6-100x100.jpg 100w\" sizes=\"(max-width: 1000px) 100vw, 1000px\" \/><\/p>\n<h2 id=\"-4-vibrant-and-trendy-aesthetic-layout-\"><strong>4. Une esth\u00e9tique vivante et tendance<\/strong><\/h2>\n<p>La pr\u00e9sentation g\u00e9n\u00e9rale de l'emballage du produit est jeune, branch\u00e9e et pleine d'entrain. L'arri\u00e8re-plan ray\u00e9 vert vif, associ\u00e9 \u00e0 un personnage de dessin anim\u00e9 repr\u00e9sentant une past\u00e8que et portant des lunettes de soleil, cr\u00e9e une ambiance \u00e9l\u00e9gante et d\u00e9contract\u00e9e. Cette conception esth\u00e9tique frappante attire imm\u00e9diatement l'attention des clients, ce qui permet \u00e0 votre produit d'attirer l'attention dans les rayons et de s'aligner parfaitement sur son positionnement stylistique sur le march\u00e9.<\/p>\n<h2 id=\"-5-hassle-free-and-high-end-magnetic-clamp-\"><strong>5. Pince magn\u00e9tique haut de gamme et sans souci<\/strong><\/h2>\n<p>Des aimants efficaces sont int\u00e9gr\u00e9s dans le couvercle et <a href=\"https:\/\/chinacustomboxes.com\/fr\/\">bo\u00eetes<\/a> Le corps est une fonction essentielle de l'emballage. Il ne s'agit pas seulement d'une fermeture pratique, mais aussi d'un \u00e9l\u00e9ment de pr\u00e9sentation qui am\u00e9liore la valeur de l'article. Par rapport aux emballages de produits \u00e0 languettes ou \u00e0 boutons-pression, le style magn\u00e9tique est plus avanc\u00e9 et plus facile \u00e0 utiliser, ce qui augmente consid\u00e9rablement la valeur totale et l'exp\u00e9rience de l'utilisateur de l'emballage.<\/p>\n<p><img loading=\"lazy\" decoding=\"async\" class=\"alignnone wp-image-2367 size-full\" src=\"https:\/\/chinacustomboxes.com\/wp-content\/uploads\/2025\/08\/Marijuana-Concentrate-Containers-Packaging-Magnetic-Boxes-4.jpg\" alt=\"Marijuana Concentrate Containers Packaging Magnetic Boxes\" width=\"1000\" height=\"1000\" title=\"\" srcset=\"https:\/\/chinacustomboxes.com\/wp-content\/uploads\/2025\/08\/Marijuana-Concentrate-Containers-Packaging-Magnetic-Boxes-4.jpg 1000w, https:\/\/chinacustomboxes.com\/wp-content\/uploads\/2025\/08\/Marijuana-Concentrate-Containers-Packaging-Magnetic-Boxes-4-300x300.jpg 300w, https:\/\/chinacustomboxes.com\/wp-content\/uploads\/2025\/08\/Marijuana-Concentrate-Containers-Packaging-Magnetic-Boxes-4-150x150.jpg 150w, https:\/\/chinacustomboxes.com\/wp-content\/uploads\/2025\/08\/Marijuana-Concentrate-Containers-Packaging-Magnetic-Boxes-4-768x768.jpg 768w, https:\/\/chinacustomboxes.com\/wp-content\/uploads\/2025\/08\/Marijuana-Concentrate-Containers-Packaging-Magnetic-Boxes-4-12x12.jpg 12w, https:\/\/chinacustomboxes.com\/wp-content\/uploads\/2025\/08\/Marijuana-Concentrate-Containers-Packaging-Magnetic-Boxes-4-600x600.jpg 600w, https:\/\/chinacustomboxes.com\/wp-content\/uploads\/2025\/08\/Marijuana-Concentrate-Containers-Packaging-Magnetic-Boxes-4-100x100.jpg 100w\" sizes=\"(max-width: 1000px) 100vw, 1000px\" \/><\/p>\n<h2 id=\"-6-customized-inside-protection-\"><strong>6. Protection int\u00e9rieure personnalis\u00e9e<\/strong><\/h2>\n<p>Pour assurer une protection id\u00e9ale du produit, l'int\u00e9rieur de l'emballage comprend une doublure personnalis\u00e9e en mousse EVA. Cette doublure, adapt\u00e9e \u00e0 la taille et \u00e0 la forme sp\u00e9cifiques du contenant de votre article (tel qu'un contenant en silicone ou en verre), maintient solidement votre article en place, lui offrant un excellent rembourrage et une protection efficace contre les r\u00e9sonances et les chocs, garantissant ainsi que votre article se pr\u00e9sente intact.<\/p>\n<p><img loading=\"lazy\" decoding=\"async\" class=\"alignnone wp-image-2365 size-full\" src=\"https:\/\/chinacustomboxes.com\/wp-content\/uploads\/2025\/08\/Marijuana-Concentrate-Containers-Packaging-Magnetic-Boxes-2.jpg\" alt=\"Marijuana Concentrate Containers Packaging Magnetic Boxes\" width=\"1000\" height=\"1000\" title=\"\" srcset=\"https:\/\/chinacustomboxes.com\/wp-content\/uploads\/2025\/08\/Marijuana-Concentrate-Containers-Packaging-Magnetic-Boxes-2.jpg 1000w, https:\/\/chinacustomboxes.com\/wp-content\/uploads\/2025\/08\/Marijuana-Concentrate-Containers-Packaging-Magnetic-Boxes-2-300x300.jpg 300w, https:\/\/chinacustomboxes.com\/wp-content\/uploads\/2025\/08\/Marijuana-Concentrate-Containers-Packaging-Magnetic-Boxes-2-150x150.jpg 150w, https:\/\/chinacustomboxes.com\/wp-content\/uploads\/2025\/08\/Marijuana-Concentrate-Containers-Packaging-Magnetic-Boxes-2-768x768.jpg 768w, https:\/\/chinacustomboxes.com\/wp-content\/uploads\/2025\/08\/Marijuana-Concentrate-Containers-Packaging-Magnetic-Boxes-2-12x12.jpg 12w, https:\/\/chinacustomboxes.com\/wp-content\/uploads\/2025\/08\/Marijuana-Concentrate-Containers-Packaging-Magnetic-Boxes-2-600x600.jpg 600w, https:\/\/chinacustomboxes.com\/wp-content\/uploads\/2025\/08\/Marijuana-Concentrate-Containers-Packaging-Magnetic-Boxes-2-100x100.jpg 100w\" sizes=\"(max-width: 1000px) 100vw, 1000px\" \/><\/p>\n<h2 id=\"-7-comprehensive-personalization-solutions-\"><strong>7. Solutions compl\u00e8tes de personnalisation<\/strong><\/h2>\n<p>Nous comprenons l'originalit\u00e9 de chaque marque et proposons des solutions de personnalisation d\u00e9taill\u00e9es :.<\/p>\n<ul>\n<li><strong>Taille et forme\u00a0<\/strong>: Nous pouvons personnaliser toutes les tailles de bo\u00eetes \u00e0 fermeture magn\u00e9tique ou d'autres bo\u00eetes innovantes. <a href=\"https:\/\/chinacustomboxes.com\/fr\/boxes-by-shapes\/\">bo\u00eetes formes<\/a> pour s'adapter \u00e0 la forme et \u00e0 la taille de vos produits.<\/li>\n<li><strong>Options des produits\u00a0<\/strong>: Nous proposons une grande vari\u00e9t\u00e9 de papiers, du carton normal aux documents sp\u00e9cialis\u00e9s dans de nombreuses densit\u00e9s et couleurs, en passant par les documents r\u00e9actifs.<\/li>\n<li><strong>Ach\u00e8vement du processus\u00a0<\/strong>: Nous utilisons toute une s\u00e9rie de proc\u00e9d\u00e9s, notamment le marquage \u00e0 chaud, le gaufrage UV, le gaufrage et le pelliculage (brillant ou mat), afin d'am\u00e9liorer encore la qualit\u00e9 et l'effet esth\u00e9tique de l'emballage.<\/li>\n<li><strong>Publication de contenu\u00a0<\/strong>: Nous imprimons avec pr\u00e9cision le style de votre marque, en mettant parfaitement en valeur votre logo, vos informations produit et votre pr\u00e9sentation esth\u00e9tique.<\/li>\n<\/ul>","protected":false},"excerpt":{"rendered":"<p>Con\u00e7ue pour des produits tels que Live Resin et Crumble, cette bo\u00eete d'emballage magn\u00e9tique de qualit\u00e9 sup\u00e9rieure pr\u00e9sente une disposition traditionnelle en forme de livre et s'ouvre et se rassemble d'un clic sec, cr\u00e9ant ainsi une exp\u00e9rience vraiment m\u00e9morable. L'emballage comprend un cadre en carton r\u00e9sistant, recouvert d'une couche de papier lisse et d'un motif anim\u00e9 de past\u00e8que tr\u00e8s tendance, pour un effet esth\u00e9tique saisissant. \u00c0 l'int\u00e9rieur, la mousse EVA, sp\u00e9cialement adapt\u00e9e \u00e0 la forme du produit, offre une protection optimale. Cet emballage sophistiqu\u00e9, spirituel et utile est enti\u00e8rement personnalis\u00e9, depuis la taille et le produit jusqu'au marquage \u00e0 chaud et aux traitements UV, ce qui en fait une option parfaite pour mettre en valeur votre marque.<\/p>","protected":false},"featured_media":2368,"template":"","meta":{"_kad_post_transparent":"default","_kad_post_title":"","_kad_post_layout":"default","_kad_post_sidebar_id":"","_kad_post_content_style":"default","_kad_post_vertical_padding":"default","_kad_post_feature":"","_kad_post_feature_position":"","_kad_post_header":false,"_kad_post_footer":false,"_kad_post_classname":""},"product_brand":[],"product_cat":[15,17,39,18],"product_tag":[584,585,581],"class_list":{"0":"post-2364","1":"product","2":"type-product","3":"status-publish","4":"has-post-thumbnail","6":"product_cat-boxes-by-shapes","7":"product_cat-boxes-by-industries","8":"product_cat-cannabis-packaging","9":"product_cat-magnetic-closure-boxes","10":"product_tag-concentrate-container-boxes","11":"product_tag-concentrate-packaging-boxes","12":"product_tag-custom-concentrate-packaging","14":"first","15":"instock","16":"shipping-taxable","17":"product-type-simple","18":"entry","19":"content-bg","20":"loop-entry"},"_links":{"self":[{"href":"https:\/\/chinacustomboxes.com\/fr\/wp-json\/wp\/v2\/product\/2364","targetHints":{"allow":["GET"]}}],"collection":[{"href":"https:\/\/chinacustomboxes.com\/fr\/wp-json\/wp\/v2\/product"}],"about":[{"href":"https:\/\/chinacustomboxes.com\/fr\/wp-json\/wp\/v2\/types\/product"}],"wp:featuredmedia":[{"embeddable":true,"href":"https:\/\/chinacustomboxes.com\/fr\/wp-json\/wp\/v2\/media\/2368"}],"wp:attachment":[{"href":"https:\/\/chinacustomboxes.com\/fr\/wp-json\/wp\/v2\/media?parent=2364"}],"wp:term":[{"taxonomy":"product_brand","embeddable":true,"href":"https:\/\/chinacustomboxes.com\/fr\/wp-json\/wp\/v2\/product_brand?post=2364"},{"taxonomy":"product_cat","embeddable":true,"href":"https:\/\/chinacustomboxes.com\/fr\/wp-json\/wp\/v2\/product_cat?post=2364"},{"taxonomy":"product_tag","embeddable":true,"href":"https:\/\/chinacustomboxes.com\/fr\/wp-json\/wp\/v2\/product_tag?post=2364"}],"curies":[{"name":"wp","href":"https:\/\/api.w.org\/{rel}","templated":true}]}}