{"id":2370,"date":"2025-08-27T03:23:55","date_gmt":"2025-08-27T03:23:55","guid":{"rendered":"https:\/\/chinacustomboxes.com\/?post_type=product&#038;p=2370"},"modified":"2025-09-03T07:49:16","modified_gmt":"2025-09-03T07:49:16","slug":"custom-magnetic-lid-eyeshadow-palette-packaging-wholesale","status":"publish","type":"product","link":"https:\/\/chinacustomboxes.com\/fr\/custom-magnetic-lid-eyeshadow-palette-packaging-wholesale\/","title":{"rendered":"Emballage personnalis\u00e9 pour palette d'ombres \u00e0 paupi\u00e8res \u00e0 couvercle magn\u00e9tique Wholesale"},"content":{"rendered":"<h2 id=\"custom-magnetic-lid-eyeshadow-palette-packaging-wholesale\">Emballage personnalis\u00e9 pour palette d'ombres \u00e0 paupi\u00e8res \u00e0 couvercle magn\u00e9tique Wholesale<\/h2>\n<p>Nous avons le plaisir de vous pr\u00e9senter notre nouvel emballage personnalis\u00e9 pour la palette d'ombres \u00e0 paupi\u00e8res \u00e0 couvercle magn\u00e9tique. Motiv\u00e9s par la combinaison de livres classiques et d'une esth\u00e9tique moderne, nous visons \u00e0 offrir aux marques de cosm\u00e9tiques haut de gamme une solution d'emballage qui int\u00e8gre \u00e0 la fois l'attrait artistique et l'aspect pratique.<\/p>\n<h2 id=\"-1-timeless-magnetic-book-shaped-box-style-a-blend-of-sophistication-and-safety-\"><strong>1. Bo\u00eetes \u00e0 fermeture magn\u00e9tique au style intemporel : Un m\u00e9lange de sophistication et de s\u00e9curit\u00e9 <\/strong>.<\/h2>\n<p>L'emballage de cette palette d'ombres \u00e0 paupi\u00e8res comprend un <a href=\"https:\/\/chinacustomboxes.com\/fr\/magnetic-closure-boxes\/\">bo\u00eetes \u00e0 couvercle magn\u00e9tique<\/a> La palette est con\u00e7ue avec des lignes \u00e9pur\u00e9es, rappelant un bloc-notes fragile ou une pochette \u00e9l\u00e9gante. La poign\u00e9e magn\u00e9tique int\u00e9gr\u00e9e permet au couvercle de s'ouvrir et de se fermer sans effort avec un clic sec, ce qui am\u00e9liore consid\u00e9rablement l'exp\u00e9rience de l'utilisateur tout en garantissant que la palette reste bien en place pendant le transport, prot\u00e9geant ainsi les ombres \u00e0 paupi\u00e8res d\u00e9licates qu'elle contient.<\/p>\n<p><img fetchpriority=\"high\" decoding=\"async\" class=\"alignnone wp-image-2376 size-full\" src=\"https:\/\/chinacustomboxes.com\/wp-content\/uploads\/2025\/08\/Custom-Magnetic-Lid-Eyeshadow-Palette-Packaging-Wholesale-5.jpg\" alt=\"Emballage personnalis\u00e9 pour palette d&#039;ombres \u00e0 paupi\u00e8res \u00e0 couvercle magn\u00e9tique Wholesale\" width=\"1000\" height=\"1000\" title=\"\" srcset=\"https:\/\/chinacustomboxes.com\/wp-content\/uploads\/2025\/08\/Custom-Magnetic-Lid-Eyeshadow-Palette-Packaging-Wholesale-5.jpg 1000w, https:\/\/chinacustomboxes.com\/wp-content\/uploads\/2025\/08\/Custom-Magnetic-Lid-Eyeshadow-Palette-Packaging-Wholesale-5-300x300.jpg 300w, https:\/\/chinacustomboxes.com\/wp-content\/uploads\/2025\/08\/Custom-Magnetic-Lid-Eyeshadow-Palette-Packaging-Wholesale-5-150x150.jpg 150w, https:\/\/chinacustomboxes.com\/wp-content\/uploads\/2025\/08\/Custom-Magnetic-Lid-Eyeshadow-Palette-Packaging-Wholesale-5-768x768.jpg 768w, https:\/\/chinacustomboxes.com\/wp-content\/uploads\/2025\/08\/Custom-Magnetic-Lid-Eyeshadow-Palette-Packaging-Wholesale-5-12x12.jpg 12w, https:\/\/chinacustomboxes.com\/wp-content\/uploads\/2025\/08\/Custom-Magnetic-Lid-Eyeshadow-Palette-Packaging-Wholesale-5-600x600.jpg 600w, https:\/\/chinacustomboxes.com\/wp-content\/uploads\/2025\/08\/Custom-Magnetic-Lid-Eyeshadow-Palette-Packaging-Wholesale-5-100x100.jpg 100w\" sizes=\"(max-width: 1000px) 100vw, 1000px\" \/><\/p>\n<h2 id=\"-2-premium-product-choice-durability-and-quality-\"><strong>2. Choix d'un produit de qualit\u00e9 sup\u00e9rieure : Durabilit\u00e9 et qualit\u00e9\u00a0<\/strong>.<\/h2>\n<p>Le principal emballage est fabriqu\u00e9 \u00e0 partir de papier rigide de haute densit\u00e9, garantissant une bo\u00eete solide et r\u00e9sistante \u00e0 la pression, prot\u00e9geant efficacement l'article contre les dommages involontaires pendant le transport et l'utilisation quotidienne. La couche ext\u00e9rieure est recouverte d'un papier sp\u00e9cialis\u00e9 ou d'un papier \u00e0 fort grammage, ce qui donne un aspect lisse et poli \u00e0 l'emballage et lui conf\u00e8re une impression de haut de gamme in\u00e9gal\u00e9e. La structure riche et compl\u00e8te des produits refl\u00e8te parfaitement le positionnement haut de gamme de la marque.<\/p>\n<p><img decoding=\"async\" class=\"alignnone wp-image-2375 size-full\" src=\"https:\/\/chinacustomboxes.com\/wp-content\/uploads\/2025\/08\/Custom-Magnetic-Lid-Eyeshadow-Palette-Packaging-Wholesale-4.jpg\" alt=\"Emballage personnalis\u00e9 pour palette d&#039;ombres \u00e0 paupi\u00e8res \u00e0 couvercle magn\u00e9tique Wholesale\" width=\"1000\" height=\"1000\" title=\"\" srcset=\"https:\/\/chinacustomboxes.com\/wp-content\/uploads\/2025\/08\/Custom-Magnetic-Lid-Eyeshadow-Palette-Packaging-Wholesale-4.jpg 1000w, https:\/\/chinacustomboxes.com\/wp-content\/uploads\/2025\/08\/Custom-Magnetic-Lid-Eyeshadow-Palette-Packaging-Wholesale-4-300x300.jpg 300w, https:\/\/chinacustomboxes.com\/wp-content\/uploads\/2025\/08\/Custom-Magnetic-Lid-Eyeshadow-Palette-Packaging-Wholesale-4-150x150.jpg 150w, https:\/\/chinacustomboxes.com\/wp-content\/uploads\/2025\/08\/Custom-Magnetic-Lid-Eyeshadow-Palette-Packaging-Wholesale-4-768x768.jpg 768w, https:\/\/chinacustomboxes.com\/wp-content\/uploads\/2025\/08\/Custom-Magnetic-Lid-Eyeshadow-Palette-Packaging-Wholesale-4-12x12.jpg 12w, https:\/\/chinacustomboxes.com\/wp-content\/uploads\/2025\/08\/Custom-Magnetic-Lid-Eyeshadow-Palette-Packaging-Wholesale-4-600x600.jpg 600w, https:\/\/chinacustomboxes.com\/wp-content\/uploads\/2025\/08\/Custom-Magnetic-Lid-Eyeshadow-Palette-Packaging-Wholesale-4-100x100.jpg 100w\" sizes=\"(max-width: 1000px) 100vw, 1000px\" \/><\/p>\n<h2 id=\"-3-stunning-surface-area-workmanship-a-three-dimensional-feast-for-the-tactile-and-visual-picks-up-\"><strong>3. Un travail de surface \u00e9poustouflant : Un festin tridimensionnel pour les sens tactile et visuel.\u00a0<\/strong>.<\/h2>\n<p>L'attribut le plus frappant de cet emballage est sa remarquable surface th\u00e9rapeutique. Le d\u00e9veloppeur a habilement utilis\u00e9 des strat\u00e9gies de gaufrage 3D ou de colle\/cristal adh\u00e9sif pour obtenir un r\u00e9sultat tridimensionnel r\u00e9aliste des motifs floraux perl\u00e9s et rubis illustr\u00e9s sur la photo. En glissant sur la surface, la structure d\u00e9licate expose une structure ondulante unique, cr\u00e9ant un impact \u00e9tonnant. L'impression sp\u00e9cifique en quadrichromie (CMYK) ou en tons directs recr\u00e9e parfaitement l'\u00e9clat doux et les plis fragiles de l'histoire de la soie, donnant vie \u00e0 l'ensemble du dessin comme une \u0153uvre d'art.<\/p>\n<p><img decoding=\"async\" class=\"alignnone wp-image-2374 size-full\" src=\"https:\/\/chinacustomboxes.com\/wp-content\/uploads\/2025\/08\/Custom-Magnetic-Lid-Eyeshadow-Palette-Packaging-Wholesale-3.jpg\" alt=\"Emballage personnalis\u00e9 pour palette d&#039;ombres \u00e0 paupi\u00e8res \u00e0 couvercle magn\u00e9tique Wholesale\" width=\"1000\" height=\"1000\" title=\"\" srcset=\"https:\/\/chinacustomboxes.com\/wp-content\/uploads\/2025\/08\/Custom-Magnetic-Lid-Eyeshadow-Palette-Packaging-Wholesale-3.jpg 1000w, https:\/\/chinacustomboxes.com\/wp-content\/uploads\/2025\/08\/Custom-Magnetic-Lid-Eyeshadow-Palette-Packaging-Wholesale-3-300x300.jpg 300w, https:\/\/chinacustomboxes.com\/wp-content\/uploads\/2025\/08\/Custom-Magnetic-Lid-Eyeshadow-Palette-Packaging-Wholesale-3-150x150.jpg 150w, https:\/\/chinacustomboxes.com\/wp-content\/uploads\/2025\/08\/Custom-Magnetic-Lid-Eyeshadow-Palette-Packaging-Wholesale-3-768x768.jpg 768w, https:\/\/chinacustomboxes.com\/wp-content\/uploads\/2025\/08\/Custom-Magnetic-Lid-Eyeshadow-Palette-Packaging-Wholesale-3-12x12.jpg 12w, https:\/\/chinacustomboxes.com\/wp-content\/uploads\/2025\/08\/Custom-Magnetic-Lid-Eyeshadow-Palette-Packaging-Wholesale-3-600x600.jpg 600w, https:\/\/chinacustomboxes.com\/wp-content\/uploads\/2025\/08\/Custom-Magnetic-Lid-Eyeshadow-Palette-Packaging-Wholesale-3-100x100.jpg 100w\" sizes=\"(max-width: 1000px) 100vw, 1000px\" \/><\/p>\n<h2 id=\"-4-glamorous-shade-looks-a-visual-discussion-of-the-aristocracy-and-beauty-\"><strong>4. Des teintes glamour : Une discussion visuelle sur l'aristocratie et la beaut\u00e9<\/strong><\/h2>\n<p>L'ensemble de l'emballage utilise une douce nuance d'or champagne et de blanc cass\u00e9, cr\u00e9ant une atmosph\u00e8re esth\u00e9tique confortable, \u00e9l\u00e9gante et f\u00e9minine. Les changements de teinte naturels et la brillance extr\u00eame, qui \u00e9voquent la soie fluide, mettent parfaitement en valeur l'\u00e9clat des bijoux fantaisie, captant rapidement l'attention des consommateurs et stimulant un fort besoin d'achat.<\/p>\n<h2 id=\"-5-user-friendly-internal-layout-taken-into-consideration-for-functionality-and-mobility-\"><strong>5. Disposition interne conviviale : Prise en compte de la fonctionnalit\u00e9 et de la mobilit\u00e9\u00a0<\/strong>.<\/h2>\n<p>Pour renforcer la valeur ajout\u00e9e et la praticit\u00e9 du produit, un miroir de maquillage haute d\u00e9finition est soigneusement int\u00e9gr\u00e9 \u00e0 l'int\u00e9rieur du couvercle. La taille id\u00e9ale du miroir et sa grande clart\u00e9 permettent de simplifier l'application et les retouches \u00e0 tout moment et en tout lieu. Ce style bien pens\u00e9 renforce consid\u00e9rablement la fonctionnalit\u00e9 et la mobilit\u00e9 du produit, ce qui en fait un excellent compagnon de voyage ou de tous les jours pour les beaut\u00e9s m\u00e9tropolitaines.<\/p>\n<p><img loading=\"lazy\" decoding=\"async\" class=\"alignnone wp-image-2373 size-full\" src=\"https:\/\/chinacustomboxes.com\/wp-content\/uploads\/2025\/08\/Custom-Magnetic-Lid-Eyeshadow-Palette-Packaging-Wholesale-2.jpg\" alt=\"Emballage personnalis\u00e9 pour palette d&#039;ombres \u00e0 paupi\u00e8res \u00e0 couvercle magn\u00e9tique Wholesale\" width=\"1000\" height=\"1000\" title=\"\" srcset=\"https:\/\/chinacustomboxes.com\/wp-content\/uploads\/2025\/08\/Custom-Magnetic-Lid-Eyeshadow-Palette-Packaging-Wholesale-2.jpg 1000w, https:\/\/chinacustomboxes.com\/wp-content\/uploads\/2025\/08\/Custom-Magnetic-Lid-Eyeshadow-Palette-Packaging-Wholesale-2-300x300.jpg 300w, https:\/\/chinacustomboxes.com\/wp-content\/uploads\/2025\/08\/Custom-Magnetic-Lid-Eyeshadow-Palette-Packaging-Wholesale-2-150x150.jpg 150w, https:\/\/chinacustomboxes.com\/wp-content\/uploads\/2025\/08\/Custom-Magnetic-Lid-Eyeshadow-Palette-Packaging-Wholesale-2-768x768.jpg 768w, https:\/\/chinacustomboxes.com\/wp-content\/uploads\/2025\/08\/Custom-Magnetic-Lid-Eyeshadow-Palette-Packaging-Wholesale-2-12x12.jpg 12w, https:\/\/chinacustomboxes.com\/wp-content\/uploads\/2025\/08\/Custom-Magnetic-Lid-Eyeshadow-Palette-Packaging-Wholesale-2-600x600.jpg 600w, https:\/\/chinacustomboxes.com\/wp-content\/uploads\/2025\/08\/Custom-Magnetic-Lid-Eyeshadow-Palette-Packaging-Wholesale-2-100x100.jpg 100w\" sizes=\"(max-width: 1000px) 100vw, 1000px\" \/><\/p>\n<h2 id=\"-6-accuracy-lined-security-a-guarantee-of-stability-and-security-\"><strong>6. S\u00e9curit\u00e9 doubl\u00e9e de pr\u00e9cision : Une garantie de stabilit\u00e9 et de s\u00e9curit\u00e9\u00a0<\/strong>.<\/h2>\n<p>La base de la palette d'ombres \u00e0 paupi\u00e8res \u00e0 l'int\u00e9rieur de l'emballage est sp\u00e9cialement d\u00e9coup\u00e9e, avec une rainure circulaire faite sur mesure pour chaque ombre \u00e0 paupi\u00e8res compacte. Cette forme permet de maintenir la palette en place en toute s\u00e9curit\u00e9, \u00e9vitant ainsi que la poudre ne soit endommag\u00e9e par les tremblements, les chocs ou les chutes inattendues, offrant ainsi la protection la plus fiable et la plus compl\u00e8te au produit.<\/p>\n<h2 id=\"-7-full-customization-produce-your-special-brand-stamp-\"><strong>7. Personnalisation compl\u00e8te : Cr\u00e9ez votre propre timbre de marque\u00a0<\/strong>.<\/h2>\n<p>Nous comprenons le caract\u00e8re unique de chaque marque et offrons des services de personnalisation \u00e9tendus :.<\/p>\n<ul>\n<li><strong>Tailles et sp\u00e9cifications\u00a0<\/strong>: Les marques peuvent facilement<a href=\"https:\/\/chinacustomboxes.com\/fr\/\"> bo\u00eetes d'emballage personnalis\u00e9es<\/a> de tout type de dimension en fonction de la quantit\u00e9 et de la dimension de leurs ombres \u00e0 paupi\u00e8res.<\/li>\n<li><strong>S\u00e9lection des mat\u00e9riaux\u00a0<\/strong>: Nous proposons une gamme de papiers sp\u00e9ciaux, de documents r\u00e9actifs et de papiers \u00e9cologiques pour r\u00e9pondre \u00e0 toutes les conceptions et \u00e0 tous les budgets.<\/li>\n<li><strong>Combinaisons de m\u00e9tiers\u00a0<\/strong>: Vous pouvez combiner ouvertement des techniques haut de gamme telles que le marquage \u00e0 chaud, les traitements UV, le gaufrage et le pelliculage pour cr\u00e9er des effets visuels et r\u00e9actifs sp\u00e9ciaux.<\/li>\n<li><strong>Reproduction de dessins et mod\u00e8les\u00a0<\/strong>: Nous nous engageons \u00e0 imprimer pr\u00e9cis\u00e9ment selon le style de votre marque, en utilisant un syst\u00e8me avanc\u00e9 de contr\u00f4le des teintes pour reproduire avec pr\u00e9cision toutes les informations relatives aux couleurs et aux motifs.<\/li>\n<\/ul>\n<p><img loading=\"lazy\" decoding=\"async\" class=\"alignnone wp-image-2372 size-full\" src=\"https:\/\/chinacustomboxes.com\/wp-content\/uploads\/2025\/08\/Custom-Magnetic-Lid-Eyeshadow-Palette-Packaging-Wholesale-1.jpg\" alt=\"Emballage personnalis\u00e9 pour palette d&#039;ombres \u00e0 paupi\u00e8res \u00e0 couvercle magn\u00e9tique Wholesale\" width=\"1000\" height=\"1000\" title=\"\" srcset=\"https:\/\/chinacustomboxes.com\/wp-content\/uploads\/2025\/08\/Custom-Magnetic-Lid-Eyeshadow-Palette-Packaging-Wholesale-1.jpg 1000w, https:\/\/chinacustomboxes.com\/wp-content\/uploads\/2025\/08\/Custom-Magnetic-Lid-Eyeshadow-Palette-Packaging-Wholesale-1-300x300.jpg 300w, https:\/\/chinacustomboxes.com\/wp-content\/uploads\/2025\/08\/Custom-Magnetic-Lid-Eyeshadow-Palette-Packaging-Wholesale-1-150x150.jpg 150w, https:\/\/chinacustomboxes.com\/wp-content\/uploads\/2025\/08\/Custom-Magnetic-Lid-Eyeshadow-Palette-Packaging-Wholesale-1-768x768.jpg 768w, https:\/\/chinacustomboxes.com\/wp-content\/uploads\/2025\/08\/Custom-Magnetic-Lid-Eyeshadow-Palette-Packaging-Wholesale-1-12x12.jpg 12w, https:\/\/chinacustomboxes.com\/wp-content\/uploads\/2025\/08\/Custom-Magnetic-Lid-Eyeshadow-Palette-Packaging-Wholesale-1-600x600.jpg 600w, https:\/\/chinacustomboxes.com\/wp-content\/uploads\/2025\/08\/Custom-Magnetic-Lid-Eyeshadow-Palette-Packaging-Wholesale-1-100x100.jpg 100w\" sizes=\"(max-width: 1000px) 100vw, 1000px\" \/><\/p>\n<h2 id=\"-8-ultra-fast-digital-proofing-take-the-market-opportunity-\"><strong>8. \u00c9preuve num\u00e9rique ultra-rapide : Saisir l'opportunit\u00e9 du march\u00e9<\/strong><\/h2>\n<p>Gr\u00e2ce \u00e0 un \u00e9quipement d'\u00e9preuvage \u00e9lectronique avanc\u00e9 et \u00e0 un travail d'\u00e9quipe efficace, nous sommes en mesure d'achever la fabrication d'un exemple en une heure seulement. Ce service \"ce que vous voyez est ce que vous obtenez\" vous permet de valider rapidement votre maquette et d'envisager le produit final dans les plus brefs d\u00e9lais, ce qui favorise l'avancement de l'article et son lancement sur le march\u00e9, vous aidant ainsi \u00e0 acqu\u00e9rir un avantage sur un march\u00e9 tr\u00e8s concurrentiel.<\/p>","protected":false},"excerpt":{"rendered":"<p>Cette \u00e9l\u00e9gante palette de fards \u00e0 paupi\u00e8res magn\u00e9tique personnalis\u00e9e est dot\u00e9e d'un \u00e9l\u00e9gant couvercle \u00e0 fermeture magn\u00e9tique dissimul\u00e9e, ce qui permet une ouverture et une fermeture tr\u00e8s tendance. Sa construction en carton gris r\u00e9sistant et son support en papier sp\u00e9cial fragile t\u00e9moignent de sa qualit\u00e9 exceptionnelle. Sa fonction la plus frappante est le splendide gaufrage 3D, qui cr\u00e9e un motif floral tridimensionnel de perles et de diamants, cr\u00e9ant un impact tactile et esth\u00e9tique sensationnel. Les tons doux et \u00e9tincelants de l'or vinicole et du blanc cass\u00e9 cr\u00e9ent une atmosph\u00e8re glamour et chaleureuse. Un miroir de maquillage haute d\u00e9finition int\u00e9gr\u00e9 et une doublure d\u00e9coup\u00e9e avec pr\u00e9cision garantissent la mobilit\u00e9 et la s\u00e9curit\u00e9 du produit. Nous offrons des solutions compl\u00e8tes de personnalisation, de la dimension au produit en passant par l'artisanat, et garantissons une \u00e9preuve rapide dans l'heure qui suit, vous aidant ainsi \u00e0 donner vie \u00e0 vos concepts de mise en page et \u00e0 produire un succ\u00e8s sp\u00e9cial et in\u00e9dit.<\/p>","protected":false},"featured_media":2375,"template":"","meta":{"_kad_post_transparent":"default","_kad_post_title":"","_kad_post_layout":"default","_kad_post_sidebar_id":"","_kad_post_content_style":"default","_kad_post_vertical_padding":"default","_kad_post_feature":"","_kad_post_feature_position":"","_kad_post_header":false,"_kad_post_footer":false,"_kad_post_classname":""},"product_brand":[],"product_cat":[15,17,28,18],"product_tag":[588,590,589],"class_list":{"0":"post-2370","1":"product","2":"type-product","3":"status-publish","4":"has-post-thumbnail","6":"product_cat-boxes-by-shapes","7":"product_cat-boxes-by-industries","8":"product_cat-cosmetic-packaging-boxes","9":"product_cat-magnetic-closure-boxes","10":"product_tag-custom-magnetic-lid-boxes","11":"product_tag-custom-packaging-boxes-wholesale","12":"product_tag-eyeshadow-palette-packaging","14":"first","15":"instock","16":"shipping-taxable","17":"product-type-simple","18":"entry","19":"content-bg","20":"loop-entry"},"_links":{"self":[{"href":"https:\/\/chinacustomboxes.com\/fr\/wp-json\/wp\/v2\/product\/2370","targetHints":{"allow":["GET"]}}],"collection":[{"href":"https:\/\/chinacustomboxes.com\/fr\/wp-json\/wp\/v2\/product"}],"about":[{"href":"https:\/\/chinacustomboxes.com\/fr\/wp-json\/wp\/v2\/types\/product"}],"wp:featuredmedia":[{"embeddable":true,"href":"https:\/\/chinacustomboxes.com\/fr\/wp-json\/wp\/v2\/media\/2375"}],"wp:attachment":[{"href":"https:\/\/chinacustomboxes.com\/fr\/wp-json\/wp\/v2\/media?parent=2370"}],"wp:term":[{"taxonomy":"product_brand","embeddable":true,"href":"https:\/\/chinacustomboxes.com\/fr\/wp-json\/wp\/v2\/product_brand?post=2370"},{"taxonomy":"product_cat","embeddable":true,"href":"https:\/\/chinacustomboxes.com\/fr\/wp-json\/wp\/v2\/product_cat?post=2370"},{"taxonomy":"product_tag","embeddable":true,"href":"https:\/\/chinacustomboxes.com\/fr\/wp-json\/wp\/v2\/product_tag?post=2370"}],"curies":[{"name":"wp","href":"https:\/\/api.w.org\/{rel}","templated":true}]}}