{"id":2377,"date":"2025-09-03T07:25:49","date_gmt":"2025-09-03T07:25:49","guid":{"rendered":"https:\/\/chinacustomboxes.com\/?post_type=product&#038;p=2377"},"modified":"2025-09-03T07:25:49","modified_gmt":"2025-09-03T07:25:49","slug":"magnetic-closure-makeup-palettes-eyeshadow-packaging-boxes","status":"publish","type":"product","link":"https:\/\/chinacustomboxes.com\/fr\/magnetic-closure-makeup-palettes-eyeshadow-packaging-boxes\/","title":{"rendered":"Bo\u00eetes d'emballage \u00e0 fermeture magn\u00e9tique pour palettes de maquillage et ombres \u00e0 paupi\u00e8res"},"content":{"rendered":"<h2 id=\"magnetic-eyeshadow-box-a-perfect-blend-of-elegant-layout-and-superior-craftsmanship\">Bo\u00eetes d'emballage \u00e0 fermeture magn\u00e9tique pour palettes de maquillage et ombres \u00e0 paupi\u00e8res<\/h2>\n<p>Nous sommes heureux de vous pr\u00e9senter notre nouvelle<a href=\"https:\/\/chinacustomboxes.com\/fr\/magnetic-closure-boxes\/\"> bo\u00eetes \u00e0 fermeture magn\u00e9tique<\/a>Ce produit s'inspire d'un livre reli\u00e9. Il s'agit d'un excellent emballage pour vos produits de maquillage, qui allie le charme artistique \u00e0 l'utilit\u00e9.<\/p>\n<p><img fetchpriority=\"high\" decoding=\"async\" class=\"wp-image-2378 size-full\" src=\"https:\/\/chinacustomboxes.com\/wp-content\/uploads\/2025\/09\/Magnetic-Closure-Makeup-Palettes-Eyeshadow-Packaging-Boxes-1.jpg\" alt=\"Bo\u00eetes d&#039;emballage \u00e0 fermeture magn\u00e9tique pour palettes de maquillage et ombres \u00e0 paupi\u00e8res\" width=\"1000\" height=\"1000\" title=\"\" srcset=\"https:\/\/chinacustomboxes.com\/wp-content\/uploads\/2025\/09\/Magnetic-Closure-Makeup-Palettes-Eyeshadow-Packaging-Boxes-1.jpg 1000w, https:\/\/chinacustomboxes.com\/wp-content\/uploads\/2025\/09\/Magnetic-Closure-Makeup-Palettes-Eyeshadow-Packaging-Boxes-1-300x300.jpg 300w, https:\/\/chinacustomboxes.com\/wp-content\/uploads\/2025\/09\/Magnetic-Closure-Makeup-Palettes-Eyeshadow-Packaging-Boxes-1-150x150.jpg 150w, https:\/\/chinacustomboxes.com\/wp-content\/uploads\/2025\/09\/Magnetic-Closure-Makeup-Palettes-Eyeshadow-Packaging-Boxes-1-768x768.jpg 768w, https:\/\/chinacustomboxes.com\/wp-content\/uploads\/2025\/09\/Magnetic-Closure-Makeup-Palettes-Eyeshadow-Packaging-Boxes-1-12x12.jpg 12w, https:\/\/chinacustomboxes.com\/wp-content\/uploads\/2025\/09\/Magnetic-Closure-Makeup-Palettes-Eyeshadow-Packaging-Boxes-1-600x600.jpg 600w, https:\/\/chinacustomboxes.com\/wp-content\/uploads\/2025\/09\/Magnetic-Closure-Makeup-Palettes-Eyeshadow-Packaging-Boxes-1-100x100.jpg 100w\" sizes=\"(max-width: 1000px) 100vw, 1000px\" \/><\/p>\n<h2 id=\"1-unique-publication-style-\">1.\u00a0<strong>Un style de publication unique<\/strong><\/h2>\n<p>La sophistication <a href=\"https:\/\/chinacustomboxes.com\/fr\/unusual-shaped-boxes\/\">ouverture \u00e0 double porte<\/a> Le style de la bo\u00eete \u00e0 outils produit un aspect semblable \u00e0 celui d'un livre, \u00e9vocateur d'un beau livre, produisant une exp\u00e9rience tr\u00e8s imaginative et de collection. Les doubles portes proportionn\u00e9es se ferment \u00e0 l'aide d'aimants surprises, cr\u00e9ant une exp\u00e9rience d'ouverture rituelle qui offre une exp\u00e9rience fascinante de d\u00e9ballage et am\u00e9liore consid\u00e9rablement l'image de votre marque.<\/p>\n<h2 id=\"2-premium-products-sturdy-security-\">2.\u00a0<strong>Des produits de qualit\u00e9 sup\u00e9rieure, une s\u00e9curit\u00e9 solide<\/strong><\/h2>\n<p>Le <a href=\"https:\/\/chinacustomboxes.com\/fr\/\">bo\u00eetes<\/a> est fabriqu\u00e9 \u00e0 partir d'un carton gris de premi\u00e8re qualit\u00e9 et recouvert d'un papier de premi\u00e8re qualit\u00e9, ce qui garantit sa robustesse et sa long\u00e9vit\u00e9. Ce produit est non seulement extr\u00eamement r\u00e9sistant \u00e0 la pression, s\u00e9curisant efficacement les d\u00e9licates palettes d'ombres \u00e0 paupi\u00e8res qu'il contient, mais il offre \u00e9galement une sensation de co\u00fbt et de pr\u00e9cision.<\/p>\n<p><img decoding=\"async\" class=\"alignnone wp-image-2379 size-full\" src=\"https:\/\/chinacustomboxes.com\/wp-content\/uploads\/2025\/09\/Magnetic-Closure-Makeup-Palettes-Eyeshadow-Packaging-Boxes-2.jpg\" alt=\"Bo\u00eetes d&#039;emballage \u00e0 fermeture magn\u00e9tique pour palettes de maquillage et ombres \u00e0 paupi\u00e8res\" width=\"1000\" height=\"1000\" title=\"\" srcset=\"https:\/\/chinacustomboxes.com\/wp-content\/uploads\/2025\/09\/Magnetic-Closure-Makeup-Palettes-Eyeshadow-Packaging-Boxes-2.jpg 1000w, https:\/\/chinacustomboxes.com\/wp-content\/uploads\/2025\/09\/Magnetic-Closure-Makeup-Palettes-Eyeshadow-Packaging-Boxes-2-300x300.jpg 300w, https:\/\/chinacustomboxes.com\/wp-content\/uploads\/2025\/09\/Magnetic-Closure-Makeup-Palettes-Eyeshadow-Packaging-Boxes-2-150x150.jpg 150w, https:\/\/chinacustomboxes.com\/wp-content\/uploads\/2025\/09\/Magnetic-Closure-Makeup-Palettes-Eyeshadow-Packaging-Boxes-2-768x768.jpg 768w, https:\/\/chinacustomboxes.com\/wp-content\/uploads\/2025\/09\/Magnetic-Closure-Makeup-Palettes-Eyeshadow-Packaging-Boxes-2-12x12.jpg 12w, https:\/\/chinacustomboxes.com\/wp-content\/uploads\/2025\/09\/Magnetic-Closure-Makeup-Palettes-Eyeshadow-Packaging-Boxes-2-600x600.jpg 600w, https:\/\/chinacustomboxes.com\/wp-content\/uploads\/2025\/09\/Magnetic-Closure-Makeup-Palettes-Eyeshadow-Packaging-Boxes-2-100x100.jpg 100w\" sizes=\"(max-width: 1000px) 100vw, 1000px\" \/><\/p>\n<h2 id=\"3-beautiful-workmanship-showcasing-taste-\">3.\u00a0<strong>Une belle r\u00e9alisation, des go\u00fbts qui s'expriment<\/strong><\/h2>\n<p>La surface des bo\u00eetes est orn\u00e9e d'un magnifique motif unique. Gr\u00e2ce au gaufrage et \u00e0 d'autres proc\u00e9d\u00e9s, il cr\u00e9e un impact sophistiqu\u00e9 et chatoyant, ainsi qu'un impact tridimensionnel sous la lumi\u00e8re, d\u00e9veloppant ainsi une exp\u00e9rience esth\u00e9tique et tactile tr\u00e8s agr\u00e9able.<\/p>\n<h2 id=\"4-harmonious-color-aesthetic-appeals-\">4.\u00a0<strong>Couleurs harmonieuses Appels esth\u00e9tiques<\/strong><\/h2>\n<p>Le style g\u00e9n\u00e9ral comprend des couleurs fra\u00eeches, vives et respectueuses de l'environnement, \u00e9voquant une image de marque naturelle, saine, \u00e9quilibr\u00e9e et jeune. Le motif monochromatique et raffin\u00e9 donne de la profondeur et de la classe au style tout en conservant un sch\u00e9ma de couleurs harmonieux et unifi\u00e9, ce qui lui permet de se d\u00e9marquer du reste du groupe.<\/p>\n<p><img decoding=\"async\" class=\"alignnone wp-image-2380 size-full\" src=\"https:\/\/chinacustomboxes.com\/wp-content\/uploads\/2025\/09\/Magnetic-Closure-Makeup-Palettes-Eyeshadow-Packaging-Boxes-3.jpg\" alt=\"Bo\u00eetes d&#039;emballage \u00e0 fermeture magn\u00e9tique pour palettes de maquillage et ombres \u00e0 paupi\u00e8res\" width=\"1000\" height=\"1000\" title=\"\" srcset=\"https:\/\/chinacustomboxes.com\/wp-content\/uploads\/2025\/09\/Magnetic-Closure-Makeup-Palettes-Eyeshadow-Packaging-Boxes-3.jpg 1000w, https:\/\/chinacustomboxes.com\/wp-content\/uploads\/2025\/09\/Magnetic-Closure-Makeup-Palettes-Eyeshadow-Packaging-Boxes-3-300x300.jpg 300w, https:\/\/chinacustomboxes.com\/wp-content\/uploads\/2025\/09\/Magnetic-Closure-Makeup-Palettes-Eyeshadow-Packaging-Boxes-3-150x150.jpg 150w, https:\/\/chinacustomboxes.com\/wp-content\/uploads\/2025\/09\/Magnetic-Closure-Makeup-Palettes-Eyeshadow-Packaging-Boxes-3-768x768.jpg 768w, https:\/\/chinacustomboxes.com\/wp-content\/uploads\/2025\/09\/Magnetic-Closure-Makeup-Palettes-Eyeshadow-Packaging-Boxes-3-12x12.jpg 12w, https:\/\/chinacustomboxes.com\/wp-content\/uploads\/2025\/09\/Magnetic-Closure-Makeup-Palettes-Eyeshadow-Packaging-Boxes-3-600x600.jpg 600w, https:\/\/chinacustomboxes.com\/wp-content\/uploads\/2025\/09\/Magnetic-Closure-Makeup-Palettes-Eyeshadow-Packaging-Boxes-3-100x100.jpg 100w\" sizes=\"(max-width: 1000px) 100vw, 1000px\" \/><\/p>\n<h2 id=\"5-user-friendly-useful-design-\">5.\u00a0<strong>Conception utile et conviviale<\/strong><\/h2>\n<p>Un miroir de maquillage haute d\u00e9finition habilement incorpor\u00e9 dans le couvercle interne permet aux clients d'appliquer et de retoucher leur maquillage \u00e0 tout moment et en tout lieu, ce qui am\u00e9liore consid\u00e9rablement l'aspect pratique et la commodit\u00e9 de l'article. De puissants aimants int\u00e9gr\u00e9s garantissent que l'emballage se ferme rapidement et en toute s\u00e9curit\u00e9, offrant ainsi une protection s\u00fbre et fiable au produit.<\/p>\n<p><img loading=\"lazy\" decoding=\"async\" class=\"alignnone wp-image-2383 size-full\" src=\"https:\/\/chinacustomboxes.com\/wp-content\/uploads\/2025\/09\/Magnetic-Closure-Makeup-Palettes-Eyeshadow-Packaging-Boxes-6.jpg\" alt=\"Bo\u00eetes d&#039;emballage \u00e0 fermeture magn\u00e9tique pour palettes de maquillage et ombres \u00e0 paupi\u00e8res\" width=\"1000\" height=\"1000\" title=\"\" srcset=\"https:\/\/chinacustomboxes.com\/wp-content\/uploads\/2025\/09\/Magnetic-Closure-Makeup-Palettes-Eyeshadow-Packaging-Boxes-6.jpg 1000w, https:\/\/chinacustomboxes.com\/wp-content\/uploads\/2025\/09\/Magnetic-Closure-Makeup-Palettes-Eyeshadow-Packaging-Boxes-6-300x300.jpg 300w, https:\/\/chinacustomboxes.com\/wp-content\/uploads\/2025\/09\/Magnetic-Closure-Makeup-Palettes-Eyeshadow-Packaging-Boxes-6-150x150.jpg 150w, https:\/\/chinacustomboxes.com\/wp-content\/uploads\/2025\/09\/Magnetic-Closure-Makeup-Palettes-Eyeshadow-Packaging-Boxes-6-768x768.jpg 768w, https:\/\/chinacustomboxes.com\/wp-content\/uploads\/2025\/09\/Magnetic-Closure-Makeup-Palettes-Eyeshadow-Packaging-Boxes-6-12x12.jpg 12w, https:\/\/chinacustomboxes.com\/wp-content\/uploads\/2025\/09\/Magnetic-Closure-Makeup-Palettes-Eyeshadow-Packaging-Boxes-6-600x600.jpg 600w, https:\/\/chinacustomboxes.com\/wp-content\/uploads\/2025\/09\/Magnetic-Closure-Makeup-Palettes-Eyeshadow-Packaging-Boxes-6-100x100.jpg 100w\" sizes=\"(max-width: 1000px) 100vw, 1000px\" \/><\/p>\n<h2 id=\"6-exact-lining-for-stable-storage-space-\">6.\u00a0<strong>Doublure exacte pour un espace de stockage stable<\/strong><\/h2>\n<p>L'int\u00e9rieur est dot\u00e9 d'une doublure d\u00e9coup\u00e9e avec pr\u00e9cision et adapt\u00e9e \u00e0 la forme de l'article, ce qui garantit que chaque fard \u00e0 paupi\u00e8res, poudre et pinceau est conserv\u00e9 et prot\u00e9g\u00e9 en toute s\u00e9curit\u00e9, \u00e9vitant ainsi les dommages et la casse pendant le transport et l'acheminement.<\/p>\n<p><img loading=\"lazy\" decoding=\"async\" class=\"alignnone wp-image-2381 size-full\" src=\"https:\/\/chinacustomboxes.com\/wp-content\/uploads\/2025\/09\/Magnetic-Closure-Makeup-Palettes-Eyeshadow-Packaging-Boxes-4.jpg\" alt=\"Bo\u00eetes d&#039;emballage \u00e0 fermeture magn\u00e9tique pour palettes de maquillage et ombres \u00e0 paupi\u00e8res\" width=\"1000\" height=\"1000\" title=\"\" srcset=\"https:\/\/chinacustomboxes.com\/wp-content\/uploads\/2025\/09\/Magnetic-Closure-Makeup-Palettes-Eyeshadow-Packaging-Boxes-4.jpg 1000w, https:\/\/chinacustomboxes.com\/wp-content\/uploads\/2025\/09\/Magnetic-Closure-Makeup-Palettes-Eyeshadow-Packaging-Boxes-4-300x300.jpg 300w, https:\/\/chinacustomboxes.com\/wp-content\/uploads\/2025\/09\/Magnetic-Closure-Makeup-Palettes-Eyeshadow-Packaging-Boxes-4-150x150.jpg 150w, https:\/\/chinacustomboxes.com\/wp-content\/uploads\/2025\/09\/Magnetic-Closure-Makeup-Palettes-Eyeshadow-Packaging-Boxes-4-768x768.jpg 768w, https:\/\/chinacustomboxes.com\/wp-content\/uploads\/2025\/09\/Magnetic-Closure-Makeup-Palettes-Eyeshadow-Packaging-Boxes-4-12x12.jpg 12w, https:\/\/chinacustomboxes.com\/wp-content\/uploads\/2025\/09\/Magnetic-Closure-Makeup-Palettes-Eyeshadow-Packaging-Boxes-4-600x600.jpg 600w, https:\/\/chinacustomboxes.com\/wp-content\/uploads\/2025\/09\/Magnetic-Closure-Makeup-Palettes-Eyeshadow-Packaging-Boxes-4-100x100.jpg 100w\" sizes=\"(max-width: 1000px) 100vw, 1000px\" \/><\/p>\n<h2 id=\"7-full-modification-solution-\">7.\u00a0<strong>Solution compl\u00e8te de modification<\/strong><\/h2>\n<p>Nous comprenons parfaitement l'originalit\u00e9 de chaque marque et offrons des solutions de personnalisation compl\u00e8tes, depuis le cadre des bo\u00eetes, la taille et le choix des produits jusqu'aux teintes d'impression, aux traitements de surface (tels que le marquage \u00e0 chaud, le traitement UV, le gaufrage, etc. Quels que soient vos besoins en mati\u00e8re d'innovation, notre \u00e9quipe d\u00e9vou\u00e9e peut les transformer en emballages distincts qui s'harmonisent parfaitement avec le positionnement de votre marque et les qualit\u00e9s de vos articles.<\/p>\n<p><img loading=\"lazy\" decoding=\"async\" class=\"alignnone wp-image-2382 size-full\" src=\"https:\/\/chinacustomboxes.com\/wp-content\/uploads\/2025\/09\/Magnetic-Closure-Makeup-Palettes-Eyeshadow-Packaging-Boxes-5.jpg\" alt=\"Bo\u00eetes d&#039;emballage \u00e0 fermeture magn\u00e9tique pour palettes de maquillage et ombres \u00e0 paupi\u00e8res\" width=\"1000\" height=\"1000\" title=\"\" srcset=\"https:\/\/chinacustomboxes.com\/wp-content\/uploads\/2025\/09\/Magnetic-Closure-Makeup-Palettes-Eyeshadow-Packaging-Boxes-5.jpg 1000w, https:\/\/chinacustomboxes.com\/wp-content\/uploads\/2025\/09\/Magnetic-Closure-Makeup-Palettes-Eyeshadow-Packaging-Boxes-5-300x300.jpg 300w, https:\/\/chinacustomboxes.com\/wp-content\/uploads\/2025\/09\/Magnetic-Closure-Makeup-Palettes-Eyeshadow-Packaging-Boxes-5-150x150.jpg 150w, https:\/\/chinacustomboxes.com\/wp-content\/uploads\/2025\/09\/Magnetic-Closure-Makeup-Palettes-Eyeshadow-Packaging-Boxes-5-768x768.jpg 768w, https:\/\/chinacustomboxes.com\/wp-content\/uploads\/2025\/09\/Magnetic-Closure-Makeup-Palettes-Eyeshadow-Packaging-Boxes-5-12x12.jpg 12w, https:\/\/chinacustomboxes.com\/wp-content\/uploads\/2025\/09\/Magnetic-Closure-Makeup-Palettes-Eyeshadow-Packaging-Boxes-5-600x600.jpg 600w, https:\/\/chinacustomboxes.com\/wp-content\/uploads\/2025\/09\/Magnetic-Closure-Makeup-Palettes-Eyeshadow-Packaging-Boxes-5-100x100.jpg 100w\" sizes=\"(max-width: 1000px) 100vw, 1000px\" \/><\/p>\n<h2 id=\"8-reliable-prototyping-and-specialist-guarantee-\">8.\u00a0<strong>Prototypage fiable et garantie des sp\u00e9cialistes<\/strong><\/h2>\n<p>Nous comprenons l'importance du temps pour les marques. Gr\u00e2ce \u00e0 un \u00e9quipement innovant et \u00e0 un groupe extr\u00eamement efficace, nous garantissons que des exemples pr\u00e9liminaires peuvent \u00eatre produits en une heure seulement, ce qui vous permet d'\u00e9valuer rapidement vos styles, de r\u00e9duire consid\u00e9rablement votre cycle de d\u00e9veloppement d'articles et de mettre vos produits sur le march\u00e9 beaucoup plus rapidement. Nous disposons de plusieurs ann\u00e9es d'exp\u00e9rience dans le domaine de l'emballage et de l'impression, et nous proposons nos services \u00e0 de nombreuses marques r\u00e9sidentielles et mondiales. Notre syst\u00e8me de contr\u00f4le qualit\u00e9 rigoureux et notre attention m\u00e9ticuleuse aux d\u00e9tails vous garantissent des emballages de qualit\u00e9 sup\u00e9rieure.<\/p>","protected":false},"excerpt":{"rendered":"<p>Le pr\u00e9sent <strong>emballage magn\u00e9tique pour ombres \u00e0 paupi\u00e8res<\/strong> comprend une ing\u00e9nieuse double porte en forme de livre, cr\u00e9ant une apparence \u00e9l\u00e9gante et un sentiment de c\u00e9r\u00e9monie \u00e0 l'ouverture. Le carton gris et le papier couch\u00e9 de premi\u00e8re qualit\u00e9 ont \u00e9t\u00e9 soigneusement s\u00e9lectionn\u00e9s pour leur long\u00e9vit\u00e9 et leur protection efficace du produit. Un motif tridimensionnel et tonal, incorpor\u00e9 \u00e0 une nuance de vert pelouse rafra\u00eechissante et vivante, met en \u00e9vidence la photo jeune et saine de la marque. Un miroir de maquillage haute d\u00e9finition int\u00e9gr\u00e9 renforce l'aspect pratique et la commodit\u00e9, tandis qu'une fermeture magn\u00e9tique solide garantit un ajustement prot\u00e9g\u00e9 et fiable. Une doublure sp\u00e9cialement d\u00e9coup\u00e9e \u00e0 l'emporte-pi\u00e8ce assure la s\u00e9curit\u00e9 de votre produit. Nous proposons des services de personnalisation d\u00e9taill\u00e9s et des \u00e9preuves rapides. Gr\u00e2ce \u00e0 notre exp\u00e9rience de sp\u00e9cialiste et \u00e0 un contr\u00f4le de qualit\u00e9 rigoureux, nous pouvons d\u00e9velopper des emballages haut de gamme qui correspondent parfaitement \u00e0 l'image de votre marque.<\/p>","protected":false},"featured_media":2378,"template":"","meta":{"_kad_post_transparent":"default","_kad_post_title":"","_kad_post_layout":"default","_kad_post_sidebar_id":"","_kad_post_content_style":"default","_kad_post_vertical_padding":"default","_kad_post_feature":"","_kad_post_feature_position":"","_kad_post_header":false,"_kad_post_footer":false,"_kad_post_classname":""},"product_brand":[],"product_cat":[15,17,28,18],"product_tag":[452,587,586],"class_list":{"0":"post-2377","1":"product","2":"type-product","3":"status-publish","4":"has-post-thumbnail","6":"product_cat-boxes-by-shapes","7":"product_cat-boxes-by-industries","8":"product_cat-cosmetic-packaging-boxes","9":"product_cat-magnetic-closure-boxes","10":"product_tag-magnetic-closure-boxes","11":"product_tag-makeup-packaging-boxes","12":"product_tag-palettes-eyeshadow-packaging","14":"first","15":"instock","16":"shipping-taxable","17":"product-type-simple","18":"entry","19":"content-bg","20":"loop-entry"},"_links":{"self":[{"href":"https:\/\/chinacustomboxes.com\/fr\/wp-json\/wp\/v2\/product\/2377","targetHints":{"allow":["GET"]}}],"collection":[{"href":"https:\/\/chinacustomboxes.com\/fr\/wp-json\/wp\/v2\/product"}],"about":[{"href":"https:\/\/chinacustomboxes.com\/fr\/wp-json\/wp\/v2\/types\/product"}],"wp:featuredmedia":[{"embeddable":true,"href":"https:\/\/chinacustomboxes.com\/fr\/wp-json\/wp\/v2\/media\/2378"}],"wp:attachment":[{"href":"https:\/\/chinacustomboxes.com\/fr\/wp-json\/wp\/v2\/media?parent=2377"}],"wp:term":[{"taxonomy":"product_brand","embeddable":true,"href":"https:\/\/chinacustomboxes.com\/fr\/wp-json\/wp\/v2\/product_brand?post=2377"},{"taxonomy":"product_cat","embeddable":true,"href":"https:\/\/chinacustomboxes.com\/fr\/wp-json\/wp\/v2\/product_cat?post=2377"},{"taxonomy":"product_tag","embeddable":true,"href":"https:\/\/chinacustomboxes.com\/fr\/wp-json\/wp\/v2\/product_tag?post=2377"}],"curies":[{"name":"wp","href":"https:\/\/api.w.org\/{rel}","templated":true}]}}