{"id":2384,"date":"2025-09-08T02:34:47","date_gmt":"2025-09-08T02:34:47","guid":{"rendered":"https:\/\/chinacustomboxes.com\/?post_type=product&#038;p=2384"},"modified":"2025-09-08T02:34:47","modified_gmt":"2025-09-08T02:34:47","slug":"neck-lid-and-base-boxes-for-candle-perfume-cosmetic-china","status":"publish","type":"product","link":"https:\/\/chinacustomboxes.com\/fr\/neck-lid-and-base-boxes-for-candle-perfume-cosmetic-china\/","title":{"rendered":"Bo\u00eetes \u00e0 couvercle et \u00e0 base pour bougies, parfums et cosm\u00e9tiques Chine"},"content":{"rendered":"<h2 id=\"-luxury-and-style-a-tasteful-choice-neck-boxes-for-candles-perfumes-and-cosmetics-\">Bo\u00eetes \u00e0 couvercle et \u00e0 base pour bougies, parfums et cosm\u00e9tiques Chine<\/h2>\n<p>Con\u00e7ues pour les bougies, les parfums et les cosm\u00e9tiques haut de gamme, ces bo\u00eetes d'emballage pour produits inflexibles pr\u00e9sentent une bo\u00eete \u00e0 col classique et charmante (\u00e9galement appel\u00e9e \"bo\u00eete \u00e0 col\"). <a href=\"https:\/\/chinacustomboxes.com\/fr\/lid-and-base-boxes\/\">bo\u00eetes \u00e0 couvercle et \u00e0 base d'\u00e9paulement<\/a>). Son style unique offre non seulement une protection exceptionnelle des articles, mais renforce \u00e9galement le sens du luxe et de la valeur de la marque gr\u00e2ce \u00e0 une c\u00e9r\u00e9monie d'ouverture. Nous s\u00e9lectionnons des produits de premi\u00e8re qualit\u00e9 et incorporons un savoir-faire splendide pour produire des emballages de marque remarquables.<\/p>\n<p><img fetchpriority=\"high\" decoding=\"async\" class=\"alignnone wp-image-2385 size-large\" src=\"https:\/\/chinacustomboxes.com\/wp-content\/uploads\/2025\/09\/Lid-and-Baase-for-Candle-1-1024x1024.jpg\" alt=\"Couvercle et base pour parfum de bougie\" width=\"1024\" height=\"1024\" title=\"\" srcset=\"https:\/\/chinacustomboxes.com\/wp-content\/uploads\/2025\/09\/Lid-and-Baase-for-Candle-1-1024x1024.jpg 1024w, https:\/\/chinacustomboxes.com\/wp-content\/uploads\/2025\/09\/Lid-and-Baase-for-Candle-1-300x300.jpg 300w, https:\/\/chinacustomboxes.com\/wp-content\/uploads\/2025\/09\/Lid-and-Baase-for-Candle-1-150x150.jpg 150w, https:\/\/chinacustomboxes.com\/wp-content\/uploads\/2025\/09\/Lid-and-Baase-for-Candle-1-768x768.jpg 768w, https:\/\/chinacustomboxes.com\/wp-content\/uploads\/2025\/09\/Lid-and-Baase-for-Candle-1-1536x1536.jpg 1536w, https:\/\/chinacustomboxes.com\/wp-content\/uploads\/2025\/09\/Lid-and-Baase-for-Candle-1-12x12.jpg 12w, https:\/\/chinacustomboxes.com\/wp-content\/uploads\/2025\/09\/Lid-and-Baase-for-Candle-1-600x600.jpg 600w, https:\/\/chinacustomboxes.com\/wp-content\/uploads\/2025\/09\/Lid-and-Baase-for-Candle-1-100x100.jpg 100w, https:\/\/chinacustomboxes.com\/wp-content\/uploads\/2025\/09\/Lid-and-Baase-for-Candle-1.jpg 1920w\" sizes=\"(max-width: 1024px) 100vw, 1024px\" \/><\/p>\n<h2 id=\"1-standard-neck-box-framework-\">1.\u00a0<strong>Cadre des bo\u00eetes \u00e0 cou standard\u00a0<\/strong><\/h2>\n<p>Cette bougie, ce parfum et <a href=\"https:\/\/chinacustomboxes.com\/fr\/cosmetic-packaging-boxes\/\">bo\u00eetes \u00e0 cosm\u00e9tiques<\/a> est dot\u00e9 d'un cadre traditionnel de bo\u00eetes \u00e0 col. Cette bo\u00eete se compose d'un couvercle, d'une base et d'un \"cou\" int\u00e9gr\u00e9 (\u00e9galement appel\u00e9 \"\u00e9paule\"), qui permet au couvercle et \u00e0 la base de s'embo\u00eeter parfaitement. Le l\u00e9ger effet d'amortissement \u00e0 l'ouverture rehausse l'exp\u00e9rience de d\u00e9ballage, produisant un sentiment d'excitation et de valeur, tout en ajoutant une touche de haut de gamme au produit. Ce cadre stable offre une superbe d\u00e9fense au produit qu'il contient.<\/p>\n<p><img decoding=\"async\" class=\"alignnone wp-image-2386 size-full\" src=\"https:\/\/chinacustomboxes.com\/wp-content\/uploads\/2025\/09\/Lid-and-Baase-for-Candle-2.jpg\" alt=\"Couvercle et base pour parfum de bougie\" width=\"1919\" height=\"1919\" title=\"\" srcset=\"https:\/\/chinacustomboxes.com\/wp-content\/uploads\/2025\/09\/Lid-and-Baase-for-Candle-2.jpg 1919w, https:\/\/chinacustomboxes.com\/wp-content\/uploads\/2025\/09\/Lid-and-Baase-for-Candle-2-300x300.jpg 300w, https:\/\/chinacustomboxes.com\/wp-content\/uploads\/2025\/09\/Lid-and-Baase-for-Candle-2-1024x1024.jpg 1024w, https:\/\/chinacustomboxes.com\/wp-content\/uploads\/2025\/09\/Lid-and-Baase-for-Candle-2-150x150.jpg 150w, https:\/\/chinacustomboxes.com\/wp-content\/uploads\/2025\/09\/Lid-and-Baase-for-Candle-2-768x768.jpg 768w, https:\/\/chinacustomboxes.com\/wp-content\/uploads\/2025\/09\/Lid-and-Baase-for-Candle-2-1536x1536.jpg 1536w, https:\/\/chinacustomboxes.com\/wp-content\/uploads\/2025\/09\/Lid-and-Baase-for-Candle-2-12x12.jpg 12w, https:\/\/chinacustomboxes.com\/wp-content\/uploads\/2025\/09\/Lid-and-Baase-for-Candle-2-600x600.jpg 600w, https:\/\/chinacustomboxes.com\/wp-content\/uploads\/2025\/09\/Lid-and-Baase-for-Candle-2-100x100.jpg 100w\" sizes=\"(max-width: 1919px) 100vw, 1919px\" \/><\/p>\n<h2 id=\"2-carefully-picked-high-quality-products-\">2.\u00a0<strong>Des produits de haute qualit\u00e9 soigneusement s\u00e9lectionn\u00e9s<\/strong><\/h2>\n<p>Cette bo\u00eete utilise une base en carton \u00e9pais, ce qui garantit sa durabilit\u00e9 et sa long\u00e9vit\u00e9. La couche ext\u00e9rieure est recouverte d'un papier d'art m\u00e9ticuleusement choisi, dont l'aspect particulier et la sensation de r\u00e9activit\u00e9 am\u00e9liorent consid\u00e9rablement la qualit\u00e9 globale de l'emballage du produit. La doublure int\u00e9rieure est faite de velours noir doux, prot\u00e9geant et s\u00e9curisant avec succ\u00e8s les articles fragiles, les emp\u00eachant de bouger ou d'\u00eatre endommag\u00e9s pendant le transport et l'\u00e9cran d'affichage. De nombreux fournisseurs chinois accordent actuellement la priorit\u00e9 \u00e0 la protection de l'environnement et utilisent des mat\u00e9riaux recyclables et respectueux de l'environnement.<\/p>\n<p><img decoding=\"async\" class=\"alignnone wp-image-2387 size-large\" src=\"https:\/\/chinacustomboxes.com\/wp-content\/uploads\/2025\/09\/Lid-and-Baase-for-Candle-3-1024x1024.jpg\" alt=\"Couvercle et base pour parfum de bougie\" width=\"1024\" height=\"1024\" title=\"\" srcset=\"https:\/\/chinacustomboxes.com\/wp-content\/uploads\/2025\/09\/Lid-and-Baase-for-Candle-3-1024x1024.jpg 1024w, https:\/\/chinacustomboxes.com\/wp-content\/uploads\/2025\/09\/Lid-and-Baase-for-Candle-3-300x300.jpg 300w, https:\/\/chinacustomboxes.com\/wp-content\/uploads\/2025\/09\/Lid-and-Baase-for-Candle-3-150x150.jpg 150w, https:\/\/chinacustomboxes.com\/wp-content\/uploads\/2025\/09\/Lid-and-Baase-for-Candle-3-768x768.jpg 768w, https:\/\/chinacustomboxes.com\/wp-content\/uploads\/2025\/09\/Lid-and-Baase-for-Candle-3-1536x1536.jpg 1536w, https:\/\/chinacustomboxes.com\/wp-content\/uploads\/2025\/09\/Lid-and-Baase-for-Candle-3-12x12.jpg 12w, https:\/\/chinacustomboxes.com\/wp-content\/uploads\/2025\/09\/Lid-and-Baase-for-Candle-3-600x600.jpg 600w, https:\/\/chinacustomboxes.com\/wp-content\/uploads\/2025\/09\/Lid-and-Baase-for-Candle-3-100x100.jpg 100w, https:\/\/chinacustomboxes.com\/wp-content\/uploads\/2025\/09\/Lid-and-Baase-for-Candle-3.jpg 1919w\" sizes=\"(max-width: 1024px) 100vw, 1024px\" \/><\/p>\n<h2 id=\"3-exquisite-craftsmanship-\">3.\u00a0<strong>Un savoir-faire exquis\u00a0<\/strong><\/h2>\n<p>Ce produit rigide<a href=\"https:\/\/chinacustomboxes.com\/fr\/\"> bo\u00eetes d'emballage<\/a> pr\u00e9sente un haut degr\u00e9 de qualit\u00e9 artisanale. La surface de l'emballage est lisse, avec des c\u00f4t\u00e9s nets et impeccables. Le logo de la marque et d'autres textes sur la couverture sont appliqu\u00e9s au moyen d'une proc\u00e9dure de marquage \u00e0 chaud de haute pr\u00e9cision. La police de caract\u00e8res claire et brillante cr\u00e9e un contraste esth\u00e9tique frappant avec les bo\u00eetes noires mates, cr\u00e9ant ainsi un impact saisissant et attrayant. Le marquage \u00e0 chaud, le gaufrage et l'impression UV sont des techniques \u00e0 valeur ajout\u00e9e g\u00e9n\u00e9ralement utilis\u00e9es pour l'emballage esth\u00e9tique de produits, qui augmentent de mani\u00e8re appropri\u00e9e la valeur per\u00e7ue du produit.<\/p>\n<h2 id=\"4-downplayed-luxury-shade-combination-\">4.\u00a0<strong>Combinaison d'abat-jour de luxe minimis\u00e9\u00a0<\/strong><\/h2>\n<p>Le texte des bo\u00eetes d'emballage du produit est d'un noir mat profond, produisant une ambiance myst\u00e9rieuse de haut de gamme sous-estim\u00e9. Le col, qui constitue une touche finale frappante, est rehauss\u00e9 d'un or \u00e9blouissant. Cette combinaison traditionnelle de noir et d'or renforce encore le positionnement haut de gamme de l'article et met en \u00e9vidence une pr\u00e9f\u00e9rence exceptionnelle. Ce m\u00e9lange de teintes n'a pas seulement un fort effet esth\u00e9tique, il s'accorde aussi parfaitement avec les produits cosm\u00e9tiques haut de gamme, les parfums et les grandes bougies.<\/p>\n<p><img loading=\"lazy\" decoding=\"async\" class=\"alignnone wp-image-2388 size-large\" src=\"https:\/\/chinacustomboxes.com\/wp-content\/uploads\/2025\/09\/Lid-and-Baase-for-Candle-4-1024x1024.jpg\" alt=\"Couvercle et base pour parfum de bougie\" width=\"1024\" height=\"1024\" title=\"\" srcset=\"https:\/\/chinacustomboxes.com\/wp-content\/uploads\/2025\/09\/Lid-and-Baase-for-Candle-4-1024x1024.jpg 1024w, https:\/\/chinacustomboxes.com\/wp-content\/uploads\/2025\/09\/Lid-and-Baase-for-Candle-4-300x300.jpg 300w, https:\/\/chinacustomboxes.com\/wp-content\/uploads\/2025\/09\/Lid-and-Baase-for-Candle-4-150x150.jpg 150w, https:\/\/chinacustomboxes.com\/wp-content\/uploads\/2025\/09\/Lid-and-Baase-for-Candle-4-768x768.jpg 768w, https:\/\/chinacustomboxes.com\/wp-content\/uploads\/2025\/09\/Lid-and-Baase-for-Candle-4-1536x1536.jpg 1536w, https:\/\/chinacustomboxes.com\/wp-content\/uploads\/2025\/09\/Lid-and-Baase-for-Candle-4-12x12.jpg 12w, https:\/\/chinacustomboxes.com\/wp-content\/uploads\/2025\/09\/Lid-and-Baase-for-Candle-4-600x600.jpg 600w, https:\/\/chinacustomboxes.com\/wp-content\/uploads\/2025\/09\/Lid-and-Baase-for-Candle-4-100x100.jpg 100w, https:\/\/chinacustomboxes.com\/wp-content\/uploads\/2025\/09\/Lid-and-Baase-for-Candle-4.jpg 1920w\" sizes=\"(max-width: 1024px) 100vw, 1024px\" \/><\/p>\n<h2 id=\"5-simple-yet-amazing-design-aesthetic-\">5.\u00a0<strong>Une esth\u00e9tique simple mais \u00e9tonnante\u00a0<\/strong><\/h2>\n<p>Le design g\u00e9n\u00e9ral respecte des principes minimaux, \u00e9vitant ainsi les d\u00e9corations excessives. Il met plut\u00f4t l'accent sur la qualit\u00e9 sup\u00e9rieure int\u00e9grale de l'article, gr\u00e2ce \u00e0 des mat\u00e9riaux de premi\u00e8re qualit\u00e9 et \u00e0 un travail artisanal soign\u00e9. Le seul \"dispositif\" est le logo de la marque, plaqu\u00e9 or et brillant, sur la couverture. Cette mise en page simple se concentre efficacement sur la marque elle-m\u00eame, ce qui permet de capter rapidement l'attention des consommateurs et d'am\u00e9liorer la reconnaissance de la marque.<\/p>\n<h2 id=\"6-personalized-protective-lining-\">6.\u00a0<strong>Doublure protectrice personnalis\u00e9e\u00a0<\/strong><\/h2>\n<p>Le rev\u00eatement cellulaire est un \u00e9l\u00e9ment important de l'emballage haut de gamme, sa fonction principale \u00e9tant de maintenir et de prot\u00e9ger l'article. Nous pouvons d\u00e9couper \u00e0 l'emporte-pi\u00e8ce et porter avec pr\u00e9cision la forme et la taille sp\u00e9cifiques de votre produit, afin de garantir un ajustement parfait \u00e0 l'int\u00e9rieur des bo\u00eetes et d'arr\u00eater efficacement le mouvement, minimisant ainsi le risque de dommages pendant le transport. En outre, le mat\u00e9riau de doublure souple am\u00e9liore consid\u00e9rablement l'exp\u00e9rience de d\u00e9ballage et la valeur per\u00e7ue de l'article.<\/p>\n<p><img loading=\"lazy\" decoding=\"async\" class=\"alignnone wp-image-2389 size-large\" src=\"https:\/\/chinacustomboxes.com\/wp-content\/uploads\/2025\/09\/Lid-and-Baase-for-Candle-5-1024x1024.jpg\" alt=\"Couvercle et base pour parfum de bougie\" width=\"1024\" height=\"1024\" title=\"\" srcset=\"https:\/\/chinacustomboxes.com\/wp-content\/uploads\/2025\/09\/Lid-and-Baase-for-Candle-5-1024x1024.jpg 1024w, https:\/\/chinacustomboxes.com\/wp-content\/uploads\/2025\/09\/Lid-and-Baase-for-Candle-5-300x300.jpg 300w, https:\/\/chinacustomboxes.com\/wp-content\/uploads\/2025\/09\/Lid-and-Baase-for-Candle-5-150x150.jpg 150w, https:\/\/chinacustomboxes.com\/wp-content\/uploads\/2025\/09\/Lid-and-Baase-for-Candle-5-768x768.jpg 768w, https:\/\/chinacustomboxes.com\/wp-content\/uploads\/2025\/09\/Lid-and-Baase-for-Candle-5-1536x1536.jpg 1536w, https:\/\/chinacustomboxes.com\/wp-content\/uploads\/2025\/09\/Lid-and-Baase-for-Candle-5-12x12.jpg 12w, https:\/\/chinacustomboxes.com\/wp-content\/uploads\/2025\/09\/Lid-and-Baase-for-Candle-5-600x600.jpg 600w, https:\/\/chinacustomboxes.com\/wp-content\/uploads\/2025\/09\/Lid-and-Baase-for-Candle-5-100x100.jpg 100w, https:\/\/chinacustomboxes.com\/wp-content\/uploads\/2025\/09\/Lid-and-Baase-for-Candle-5.jpg 1920w\" sizes=\"(max-width: 1024px) 100vw, 1024px\" \/><\/p>\n<h2 id=\"7-flexible-and-diverse-customization-services-\">7.\u00a0<strong>Des services de personnalisation souples et diversifi\u00e9s\u00a0<\/strong><\/h2>\n<p>En tant que base internationale majeure de fabrication d'emballages de produits, les producteurs chinois utilisent g\u00e9n\u00e9ralement des services de modification extr\u00eamement adaptables. Les clients peuvent enti\u00e8rement personnaliser la forme, les dimensions, le mat\u00e9riau, le processus d'impression (impression en couleurs d'accompagnement, estampage \u00e0 chaud, UV d'accompagnement, etc.) et le choix du rev\u00eatement pour r\u00e9pondre aux besoins sp\u00e9cifiques de leur marque, produisant ainsi un service d'emballage personnalis\u00e9 qui correspond le mieux \u00e0 l'image de leur marque et aux qualit\u00e9s de leurs produits.<\/p>","protected":false},"excerpt":{"rendered":"<p>Con\u00e7u pour les bougies, les parfums et les cosm\u00e9tiques, cet emballage pour produits \u00e0 col rigide, avec sa structure classique \u00e0 couvercle sup\u00e9rieur et inf\u00e9rieur, ses produits de qualit\u00e9 sup\u00e9rieure et sa fabrication exquise, incarne parfaitement le haut de gamme et la classe. La combinaison de teintes classiques de noir mat et d'estampage chaud, le design simple mais frappant et la doublure de s\u00e9curit\u00e9 sur mesure offrent non seulement une protection solide \u00e0 vos produits, mais am\u00e9liorent \u00e9galement la valeur de votre marque et l'exp\u00e9rience du consommateur sur le plan esth\u00e9tique et tactile. Nous proposons des solutions de personnalisation compl\u00e8tes pour vous aider \u00e0 cr\u00e9er des emballages de marque uniques.<\/p>","protected":false},"featured_media":2385,"template":"","meta":{"_kad_post_transparent":"default","_kad_post_title":"","_kad_post_layout":"default","_kad_post_sidebar_id":"","_kad_post_content_style":"default","_kad_post_vertical_padding":"default","_kad_post_feature":"","_kad_post_feature_position":"","_kad_post_header":false,"_kad_post_footer":false,"_kad_post_classname":""},"product_brand":[],"product_cat":[15,17,33,28,19,34],"product_tag":[595,594,596],"class_list":{"0":"post-2384","1":"product","2":"type-product","3":"status-publish","4":"has-post-thumbnail","6":"product_cat-boxes-by-shapes","7":"product_cat-boxes-by-industries","8":"product_cat-candle-packaging-boxes","9":"product_cat-cosmetic-packaging-boxes","10":"product_cat-lid-and-base-boxes","11":"product_cat-perfume-packaging-boxes","12":"product_tag-lid-and-base-boxes-for-candle","13":"product_tag-neck-lid-and-base-boxes","14":"product_tag-perfume-boxes-china","16":"first","17":"instock","18":"shipping-taxable","19":"product-type-simple","20":"entry","21":"content-bg","22":"loop-entry"},"_links":{"self":[{"href":"https:\/\/chinacustomboxes.com\/fr\/wp-json\/wp\/v2\/product\/2384","targetHints":{"allow":["GET"]}}],"collection":[{"href":"https:\/\/chinacustomboxes.com\/fr\/wp-json\/wp\/v2\/product"}],"about":[{"href":"https:\/\/chinacustomboxes.com\/fr\/wp-json\/wp\/v2\/types\/product"}],"wp:featuredmedia":[{"embeddable":true,"href":"https:\/\/chinacustomboxes.com\/fr\/wp-json\/wp\/v2\/media\/2385"}],"wp:attachment":[{"href":"https:\/\/chinacustomboxes.com\/fr\/wp-json\/wp\/v2\/media?parent=2384"}],"wp:term":[{"taxonomy":"product_brand","embeddable":true,"href":"https:\/\/chinacustomboxes.com\/fr\/wp-json\/wp\/v2\/product_brand?post=2384"},{"taxonomy":"product_cat","embeddable":true,"href":"https:\/\/chinacustomboxes.com\/fr\/wp-json\/wp\/v2\/product_cat?post=2384"},{"taxonomy":"product_tag","embeddable":true,"href":"https:\/\/chinacustomboxes.com\/fr\/wp-json\/wp\/v2\/product_tag?post=2384"}],"curies":[{"name":"wp","href":"https:\/\/api.w.org\/{rel}","templated":true}]}}