{"id":2390,"date":"2025-09-08T02:19:02","date_gmt":"2025-09-08T02:19:02","guid":{"rendered":"https:\/\/chinacustomboxes.com\/?post_type=product&#038;p=2390"},"modified":"2025-09-08T02:19:02","modified_gmt":"2025-09-08T02:19:02","slug":"custom-makeup-cosmetic-set-packaging-rigid-boxes-wholesale","status":"publish","type":"product","link":"https:\/\/chinacustomboxes.com\/fr\/custom-makeup-cosmetic-set-packaging-rigid-boxes-wholesale\/","title":{"rendered":"Bo\u00eetes rigides d'emballage de sets de maquillage sur mesure Wholesale"},"content":{"rendered":"<h2 id=\"custom-makeup-cosmetic-establish-packaging-inflexible-boxes-wholesale\">Bo\u00eetes rigides d'emballage de sets de maquillage sur mesure Wholesale<\/h2>\n<p>Ces bo\u00eetes en carton personnalis\u00e9es pour collections esth\u00e9tiques sont con\u00e7ues pour renforcer l'image de marque et l'exp\u00e9rience des clients. Le cadre unique de la porte \u00e0 deux battants donne non seulement une impression de routine lors du d\u00e9ballage, mais il permet \u00e9galement de pr\u00e9senter les articles aux consommateurs de mani\u00e8re impeccable. Nous choisissons avec soin un carton de qualit\u00e9 sup\u00e9rieure comme produit de base, incorpor\u00e9 \u00e0 une doublure cellulaire EVA de haute densit\u00e9, afin de garantir une s\u00e9curit\u00e9 solide et fiable pour vos articles. De l'\u00e9l\u00e9gant motif de couleur blanc et rose \u00e0 l'exquis marquage \u00e0 chaud et \u00e0 la d\u00e9coupe pr\u00e9cise en V, chaque d\u00e9tail t\u00e9moigne de la qualit\u00e9 de l'ex\u00e9cution du travail sur mesure. Nous assurons une personnalisation compl\u00e8te de la taille, du mat\u00e9riau et du mat\u00e9riel d'\u00e9dition, et garantissons un d\u00e9lai de r\u00e9ponse rapide d'une heure, ce qui permet \u00e0 votre marque d'attirer l'attention dans la concurrence f\u00e9roce du march\u00e9.<\/p>\n<p><img fetchpriority=\"high\" decoding=\"async\" class=\"alignnone wp-image-2395 size-large\" src=\"https:\/\/chinacustomboxes.com\/wp-content\/uploads\/2025\/09\/Cosmetic-Paackaging-boxes-5-1024x1024.jpg\" alt=\"Bo\u00eetes d&#039;emballage pour maquillage et cosm\u00e9tiques\" width=\"1024\" height=\"1024\" title=\"\" srcset=\"https:\/\/chinacustomboxes.com\/wp-content\/uploads\/2025\/09\/Cosmetic-Paackaging-boxes-5-1024x1024.jpg 1024w, https:\/\/chinacustomboxes.com\/wp-content\/uploads\/2025\/09\/Cosmetic-Paackaging-boxes-5-300x300.jpg 300w, https:\/\/chinacustomboxes.com\/wp-content\/uploads\/2025\/09\/Cosmetic-Paackaging-boxes-5-150x150.jpg 150w, https:\/\/chinacustomboxes.com\/wp-content\/uploads\/2025\/09\/Cosmetic-Paackaging-boxes-5-768x768.jpg 768w, https:\/\/chinacustomboxes.com\/wp-content\/uploads\/2025\/09\/Cosmetic-Paackaging-boxes-5-1536x1536.jpg 1536w, https:\/\/chinacustomboxes.com\/wp-content\/uploads\/2025\/09\/Cosmetic-Paackaging-boxes-5-12x12.jpg 12w, https:\/\/chinacustomboxes.com\/wp-content\/uploads\/2025\/09\/Cosmetic-Paackaging-boxes-5-600x600.jpg 600w, https:\/\/chinacustomboxes.com\/wp-content\/uploads\/2025\/09\/Cosmetic-Paackaging-boxes-5-100x100.jpg 100w, https:\/\/chinacustomboxes.com\/wp-content\/uploads\/2025\/09\/Cosmetic-Paackaging-boxes-5.jpg 1920w\" sizes=\"(max-width: 1024px) 100vw, 1024px\" \/><\/p>\n<h2 id=\"-1-cutting-edge-bi-fold-door-framework-develops-a-phenomenal-unboxing-experience-\"><strong>1. Le cadre de la porte pliante \u00e0 la pointe de la technologie offre une exp\u00e9rience ph\u00e9nom\u00e9nale lors du d\u00e9ballage.\u00a0<\/strong><\/h2>\n<p>Cet emballage esth\u00e9tique adopte la structure des bo\u00eetes \u00e0 deux volets que l'on trouve g\u00e9n\u00e9ralement dans les <a href=\"https:\/\/chinacustomboxes.com\/fr\/\">bo\u00eetes-cadeaux de qualit\u00e9 sup\u00e9rieure<\/a>La double porte permet aux clients de voir les articles \u00e0 l'int\u00e9rieur, ce qui leur donne un sentiment unique de routine et d'exploration, et am\u00e9liore consid\u00e9rablement la valeur du produit et l'image de la marque. La conception \u00e0 double porte permet aux articles \u00e0 l'int\u00e9rieur d'\u00eatre enti\u00e8rement et clairement montr\u00e9s aux clients, offrant un format clair et un acc\u00e8s pratique, am\u00e9liorant ainsi l'exp\u00e9rience de l'\u00e9cran d'affichage des articles. Le mat\u00e9riau en carton, associ\u00e9 au style structurel innovant, rend l'emballage incroyablement r\u00e9sistant, prot\u00e9geant efficacement les produits cosm\u00e9tiques fragiles \u00e0 l'int\u00e9rieur contre les dommages pendant le transport et le stockage.<\/p>\n<h2 id=\"-2-meticulously-picked-high-quality-base-materials-develop-a-premium-appearance-\"><strong>2. Des mat\u00e9riaux de base de haute qualit\u00e9, m\u00e9ticuleusement choisis, donnent une apparence haut de gamme.\u00a0<\/strong><\/h2>\n<p>La s\u00e9lection des produits pour<a href=\"https:\/\/chinacustomboxes.com\/fr\/boxes-by-shapes\/\"> bo\u00eetes rigides<\/a> L'emballage des produits de maquillage et de cosm\u00e9tique est \u00e0 la base de leur aspect haut de gamme et de leur fonction protectrice. L'armature primaire des bo\u00eetes est constitu\u00e9e de carton gris ou de carton de fort grammage et de haute r\u00e9sistance, ce qui garantit la solidit\u00e9 et la r\u00e9sistance aux contraintes et rend les bo\u00eetes beaucoup moins vuln\u00e9rables aux d\u00e9formations. La couche ext\u00e9rieure peut \u00eatre recouverte de papier couch\u00e9 de haute qualit\u00e9, de papier mat ou de papier sp\u00e9cial. Ces documents offrent une surface lisse et fragile, une reproduction des teintes \u00e9lev\u00e9e et une sensation agr\u00e9able, ce qui constitue une excellente base pour les manipulations ult\u00e9rieures.<\/p>\n<p><img decoding=\"async\" class=\"alignnone wp-image-2394 size-large\" src=\"https:\/\/chinacustomboxes.com\/wp-content\/uploads\/2025\/09\/Cosmetic-Paackaging-boxes-4-1024x1024.jpg\" alt=\"Bo\u00eetes d&#039;emballage pour maquillage et cosm\u00e9tiques\" width=\"1024\" height=\"1024\" title=\"\" srcset=\"https:\/\/chinacustomboxes.com\/wp-content\/uploads\/2025\/09\/Cosmetic-Paackaging-boxes-4-1024x1024.jpg 1024w, https:\/\/chinacustomboxes.com\/wp-content\/uploads\/2025\/09\/Cosmetic-Paackaging-boxes-4-300x300.jpg 300w, https:\/\/chinacustomboxes.com\/wp-content\/uploads\/2025\/09\/Cosmetic-Paackaging-boxes-4-150x150.jpg 150w, https:\/\/chinacustomboxes.com\/wp-content\/uploads\/2025\/09\/Cosmetic-Paackaging-boxes-4-768x768.jpg 768w, https:\/\/chinacustomboxes.com\/wp-content\/uploads\/2025\/09\/Cosmetic-Paackaging-boxes-4-1536x1536.jpg 1536w, https:\/\/chinacustomboxes.com\/wp-content\/uploads\/2025\/09\/Cosmetic-Paackaging-boxes-4-12x12.jpg 12w, https:\/\/chinacustomboxes.com\/wp-content\/uploads\/2025\/09\/Cosmetic-Paackaging-boxes-4-600x600.jpg 600w, https:\/\/chinacustomboxes.com\/wp-content\/uploads\/2025\/09\/Cosmetic-Paackaging-boxes-4-100x100.jpg 100w, https:\/\/chinacustomboxes.com\/wp-content\/uploads\/2025\/09\/Cosmetic-Paackaging-boxes-4.jpg 1920w\" sizes=\"(max-width: 1024px) 100vw, 1024px\" \/><\/p>\n<h2 id=\"-3-charming-craftsmanship-builds-a-brand-s-distinctive-taste-\"><strong>3. Le charme de l'artisanat renforce le go\u00fbt distinctif d'une marque\u00a0<\/strong><\/h2>\n<p>La beaut\u00e9 de l'artisanat est essentielle pour obtenir des effets de design et am\u00e9liorer la qualit\u00e9 de l'emballage. Cet emballage de produits de maquillage et de cosm\u00e9tique en bo\u00eetes rigides utilise une s\u00e9rie de proc\u00e9dures d'impression et de finition innovantes :.<\/p>\n<ul>\n<li><strong>Impression haute d\u00e9finition :\u00a0<\/strong>La pr\u00e9sentation de l'article et le portrait au dos de l'emballage pr\u00e9sentent des nuances d\u00e9licates et des transitions douces, ce qui t\u00e9moigne d'une impression de haute pr\u00e9cision.<\/li>\n<li><strong>Marquage \u00e0 chaud :\u00a0<\/strong>Une partie du texte est estamp\u00e9e \u00e0 chaud, ce qui produit un brillant m\u00e9tallique de grande classe, am\u00e9liorant consid\u00e9rablement la reconnaissance du nom de la marque et le sentiment de luxe.<\/li>\n<li><strong>Formage de pr\u00e9cision :\u00a0<\/strong>Les bords et les coins des bo\u00eetes sont nets et anguleux, gr\u00e2ce \u00e0 une d\u00e9coupe pr\u00e9cise et \u00e0 un rainurage en V qui permet au carton de former des angles id\u00e9aux de 90 degr\u00e9s apr\u00e8s le pliage, ce qui donne un aspect propre et magnifique.<\/li>\n<\/ul>\n<h2 id=\"-4-timeless-color-combination-catches-consumers-focus-\"><strong>4. La combinaison de couleurs intemporelles attire l'attention des consommateurs\u00a0<\/strong><\/h2>\n<p>Le pr\u00e9sent <a href=\"https:\/\/chinacustomboxes.com\/fr\/boxes-by-industries\/\">bo\u00eetes d'emballage<\/a> utilise une combinaison classique de blanc et de rose. Le blanc, en tant que couleur principale, cr\u00e9e une apparence pure, basique et innovante. Le rose, en tant que teinte d'accent sur la doublure cellulaire et les c\u00f4t\u00e9s, apporte une touche de douceur, d'enchantement et de f\u00e9minit\u00e9, qui correspond parfaitement aux choix visuels du consommateur cible. Le sch\u00e9ma constant de teintes roses, depuis les c\u00f4t\u00e9s des bo\u00eetes externes jusqu'au bord de la couverture int\u00e9rieure et de la doublure, produit un design total harmonieux et constant, donnant une apparence esth\u00e9tiquement agr\u00e9able et professionnelle.<\/p>\n<p><img decoding=\"async\" class=\"alignnone wp-image-2393 size-large\" src=\"https:\/\/chinacustomboxes.com\/wp-content\/uploads\/2025\/09\/Cosmetic-Paackaging-boxes-3-1024x1024.jpg\" alt=\"Bo\u00eetes d&#039;emballage pour maquillage et cosm\u00e9tiques\" width=\"1024\" height=\"1024\" title=\"\" srcset=\"https:\/\/chinacustomboxes.com\/wp-content\/uploads\/2025\/09\/Cosmetic-Paackaging-boxes-3-1024x1024.jpg 1024w, https:\/\/chinacustomboxes.com\/wp-content\/uploads\/2025\/09\/Cosmetic-Paackaging-boxes-3-300x300.jpg 300w, https:\/\/chinacustomboxes.com\/wp-content\/uploads\/2025\/09\/Cosmetic-Paackaging-boxes-3-150x150.jpg 150w, https:\/\/chinacustomboxes.com\/wp-content\/uploads\/2025\/09\/Cosmetic-Paackaging-boxes-3-768x768.jpg 768w, https:\/\/chinacustomboxes.com\/wp-content\/uploads\/2025\/09\/Cosmetic-Paackaging-boxes-3-1536x1536.jpg 1536w, https:\/\/chinacustomboxes.com\/wp-content\/uploads\/2025\/09\/Cosmetic-Paackaging-boxes-3-12x12.jpg 12w, https:\/\/chinacustomboxes.com\/wp-content\/uploads\/2025\/09\/Cosmetic-Paackaging-boxes-3-600x600.jpg 600w, https:\/\/chinacustomboxes.com\/wp-content\/uploads\/2025\/09\/Cosmetic-Paackaging-boxes-3-100x100.jpg 100w, https:\/\/chinacustomboxes.com\/wp-content\/uploads\/2025\/09\/Cosmetic-Paackaging-boxes-3.jpg 1919w\" sizes=\"(max-width: 1024px) 100vw, 1024px\" \/><\/p>\n<h2 id=\"-5-inventive-design-information-enhance-interaction-and-link-\"><strong>5. Informations sur la conception inventive Am\u00e9liorer l'interaction et le lien\u00a0<\/strong><\/h2>\n<ul>\n<li><strong>Ouverture de type enveloppe :\u00a0<\/strong>Le style angulaire en forme d'enveloppe sur la face avant des bo\u00eetes externes est simple mais tendance, incitant les clients \u00e0 ouvrir les bo\u00eetes et favorisant l'interactivit\u00e9 et l'amusement.<\/li>\n<li><strong>Code QR int\u00e9gr\u00e9 :\u00a0<\/strong>Un code QR imprim\u00e9 \u00e0 l'int\u00e9rieur des bo\u00eetes, un attribut habituel des emballages modernes, guide les consommateurs pour qu'ils le scannent afin d'obtenir plus de d\u00e9tails sur les produits, des tutoriels \u00e9ducatifs ou des \u00e9v\u00e9nements organis\u00e9s par la marque, ce qui constitue un pont essentiel entre le monde en ligne et le monde hors ligne.<\/li>\n<\/ul>\n<p><img loading=\"lazy\" decoding=\"async\" class=\"alignnone wp-image-2392 size-large\" src=\"https:\/\/chinacustomboxes.com\/wp-content\/uploads\/2025\/09\/Cosmetic-Paackaging-boxes-2-1024x1024.jpg\" alt=\"Bo\u00eetes d&#039;emballage pour maquillage et cosm\u00e9tiques\" width=\"1024\" height=\"1024\" title=\"\" srcset=\"https:\/\/chinacustomboxes.com\/wp-content\/uploads\/2025\/09\/Cosmetic-Paackaging-boxes-2-1024x1024.jpg 1024w, https:\/\/chinacustomboxes.com\/wp-content\/uploads\/2025\/09\/Cosmetic-Paackaging-boxes-2-300x300.jpg 300w, https:\/\/chinacustomboxes.com\/wp-content\/uploads\/2025\/09\/Cosmetic-Paackaging-boxes-2-150x150.jpg 150w, https:\/\/chinacustomboxes.com\/wp-content\/uploads\/2025\/09\/Cosmetic-Paackaging-boxes-2-768x768.jpg 768w, https:\/\/chinacustomboxes.com\/wp-content\/uploads\/2025\/09\/Cosmetic-Paackaging-boxes-2-1536x1536.jpg 1536w, https:\/\/chinacustomboxes.com\/wp-content\/uploads\/2025\/09\/Cosmetic-Paackaging-boxes-2-12x12.jpg 12w, https:\/\/chinacustomboxes.com\/wp-content\/uploads\/2025\/09\/Cosmetic-Paackaging-boxes-2-600x600.jpg 600w, https:\/\/chinacustomboxes.com\/wp-content\/uploads\/2025\/09\/Cosmetic-Paackaging-boxes-2-100x100.jpg 100w, https:\/\/chinacustomboxes.com\/wp-content\/uploads\/2025\/09\/Cosmetic-Paackaging-boxes-2.jpg 1920w\" sizes=\"(max-width: 1024px) 100vw, 1024px\" \/><\/p>\n<h2 id=\"-6-specialist-lining-for-product-protection-\"><strong>6. Rev\u00eatement sp\u00e9cialis\u00e9 pour la protection des produits\u00a0<\/strong><\/h2>\n<p>Le rev\u00eatement interne de ces <a href=\"https:\/\/chinacustomboxes.com\/fr\/cosmetic-packaging-boxes\/\">coffrets d'emballage pour produits de maquillage et de cosm\u00e9tique<\/a> est fabriqu\u00e9 \u00e0 partir d'EVA haute densit\u00e9, pr\u00e9cis\u00e9ment adapt\u00e9 \u00e0 la forme de l'article. Ce mat\u00e9riau offre d'excellentes propri\u00e9t\u00e9s de rembourrage et d'absorption des chocs, maintenant fermement chaque produit en position et le prot\u00e9geant contre les r\u00e9sonances et les effets.<\/p>\n<h2 id=\"-7-comprehensive-and-highly-personalized-to-meet-private-demands-\"><strong>7. Complet et hautement personnalis\u00e9 pour r\u00e9pondre aux besoins des particuliers\u00a0<\/strong><\/h2>\n<p>Ces bo\u00eetes rigides d'emballage de maquillage et de cosm\u00e9tiques sont un excellent exemple de modification pouss\u00e9e. Qu'il s'agisse du cadre de l'emballage, des dimensions, du choix du mat\u00e9riau, du contenu imprim\u00e9 (logo de la marque, slogan, informations sur l'article, etc.) ou de la fente de la doublure, nous pouvons les adapter \u00e0 vos besoins sp\u00e9cifiques, en r\u00e9pondant totalement aux demandes individualis\u00e9es des diff\u00e9rentes marques et des diff\u00e9rents produits.<\/p>\n<p><img loading=\"lazy\" decoding=\"async\" class=\"alignnone wp-image-2391 size-large\" src=\"https:\/\/chinacustomboxes.com\/wp-content\/uploads\/2025\/09\/Cosmetic-Paackaging-boxes-1-1024x1024.jpg\" alt=\"Bo\u00eetes d&#039;emballage pour maquillage et cosm\u00e9tiques\" width=\"1024\" height=\"1024\" title=\"\" srcset=\"https:\/\/chinacustomboxes.com\/wp-content\/uploads\/2025\/09\/Cosmetic-Paackaging-boxes-1-1024x1024.jpg 1024w, https:\/\/chinacustomboxes.com\/wp-content\/uploads\/2025\/09\/Cosmetic-Paackaging-boxes-1-300x300.jpg 300w, https:\/\/chinacustomboxes.com\/wp-content\/uploads\/2025\/09\/Cosmetic-Paackaging-boxes-1-150x150.jpg 150w, https:\/\/chinacustomboxes.com\/wp-content\/uploads\/2025\/09\/Cosmetic-Paackaging-boxes-1-768x768.jpg 768w, https:\/\/chinacustomboxes.com\/wp-content\/uploads\/2025\/09\/Cosmetic-Paackaging-boxes-1-1536x1536.jpg 1536w, https:\/\/chinacustomboxes.com\/wp-content\/uploads\/2025\/09\/Cosmetic-Paackaging-boxes-1-12x12.jpg 12w, https:\/\/chinacustomboxes.com\/wp-content\/uploads\/2025\/09\/Cosmetic-Paackaging-boxes-1-600x600.jpg 600w, https:\/\/chinacustomboxes.com\/wp-content\/uploads\/2025\/09\/Cosmetic-Paackaging-boxes-1-100x100.jpg 100w, https:\/\/chinacustomboxes.com\/wp-content\/uploads\/2025\/09\/Cosmetic-Paackaging-boxes-1.jpg 1919w\" sizes=\"(max-width: 1024px) 100vw, 1024px\" \/><\/p>\n<h2 id=\"-8-1-hour-sample-turnaround-shows-superior-manufacturing-capabilities-\"><strong>8. Le \"d\u00e9lai d'ex\u00e9cution d'un \u00e9chantillon en une heure\" t\u00e9moigne de capacit\u00e9s de fabrication sup\u00e9rieures\u00a0<\/strong><\/h2>\n<p>\"Le d\u00e9lai d'ex\u00e9cution d'un exemple en une heure\" t\u00e9moigne de la forte r\u00e9activit\u00e9 du fabricant et de ses capacit\u00e9s d'\u00e9preuvage. Cela indique que l'usine dispose d'une \u00e9quipe de style fiable, de dispositifs d'\u00e9preuvage num\u00e9rique et de proc\u00e9dures de fabrication innovantes, ce qui nous permet de transformer les principes de mise en page du client en \u00e9chantillons physiques en un temps record, r\u00e9duisant ainsi consid\u00e9rablement le cycle de prise de d\u00e9cision et augmentant le temps de mise sur le march\u00e9.<\/p>","protected":false},"excerpt":{"rendered":"<p>D\u00e9couvrez nos bo\u00eetes d'emballage en carton personnalis\u00e9es en gros pour les marques de charme. Cette bo\u00eete, avec sa porte \u00e0 deux battants, offre non seulement une exp\u00e9rience de d\u00e9ballage exceptionnelle pour vos produits cosm\u00e9tiques, mais aussi une s\u00e9curit\u00e9 exceptionnelle pour vos articles gr\u00e2ce \u00e0 sa structure solide et \u00e0 son rev\u00eatement cellulaire en EVA. Nous utilisons une vari\u00e9t\u00e9 de techniques sophistiqu\u00e9es, y compris l'impression haute d\u00e9finition et le marquage \u00e0 chaud, int\u00e9gr\u00e9es \u00e0 un motif de couleur blanc et rose sophistiqu\u00e9, afin d'afficher compl\u00e8tement la qualit\u00e9 sup\u00e9rieure de votre marque. Nous prenons en charge la modification compl\u00e8te des dimensions, du produit et de l'impression, et offrons une solution rapide de \"production d'exemple en 1 heure\", ce qui constitue un excellent service d'emballage pour vous permettre d'accro\u00eetre la valeur de votre marque et d'attirer les clients.<\/p>","protected":false},"featured_media":2391,"template":"","meta":{"_kad_post_transparent":"default","_kad_post_title":"","_kad_post_layout":"default","_kad_post_sidebar_id":"","_kad_post_content_style":"default","_kad_post_vertical_padding":"default","_kad_post_feature":"","_kad_post_feature_position":"","_kad_post_header":false,"_kad_post_footer":false,"_kad_post_classname":""},"product_brand":[],"product_cat":[15,17,28,23],"product_tag":[593,591,592],"class_list":{"0":"post-2390","1":"product","2":"type-product","3":"status-publish","4":"has-post-thumbnail","6":"product_cat-boxes-by-shapes","7":"product_cat-boxes-by-industries","8":"product_cat-cosmetic-packaging-boxes","9":"product_cat-unusual-shaped-boxes","10":"product_tag-cosmetic-set-boxes-wholesale","11":"product_tag-custom-makeup-boxes","12":"product_tag-packaging-rigid-boxes","14":"first","15":"instock","16":"shipping-taxable","17":"product-type-simple","18":"entry","19":"content-bg","20":"loop-entry"},"_links":{"self":[{"href":"https:\/\/chinacustomboxes.com\/fr\/wp-json\/wp\/v2\/product\/2390","targetHints":{"allow":["GET"]}}],"collection":[{"href":"https:\/\/chinacustomboxes.com\/fr\/wp-json\/wp\/v2\/product"}],"about":[{"href":"https:\/\/chinacustomboxes.com\/fr\/wp-json\/wp\/v2\/types\/product"}],"wp:featuredmedia":[{"embeddable":true,"href":"https:\/\/chinacustomboxes.com\/fr\/wp-json\/wp\/v2\/media\/2391"}],"wp:attachment":[{"href":"https:\/\/chinacustomboxes.com\/fr\/wp-json\/wp\/v2\/media?parent=2390"}],"wp:term":[{"taxonomy":"product_brand","embeddable":true,"href":"https:\/\/chinacustomboxes.com\/fr\/wp-json\/wp\/v2\/product_brand?post=2390"},{"taxonomy":"product_cat","embeddable":true,"href":"https:\/\/chinacustomboxes.com\/fr\/wp-json\/wp\/v2\/product_cat?post=2390"},{"taxonomy":"product_tag","embeddable":true,"href":"https:\/\/chinacustomboxes.com\/fr\/wp-json\/wp\/v2\/product_tag?post=2390"}],"curies":[{"name":"wp","href":"https:\/\/api.w.org\/{rel}","templated":true}]}}