{"id":1074,"date":"2025-04-16T07:17:06","date_gmt":"2025-04-16T07:17:06","guid":{"rendered":"https:\/\/chinacustomboxes.com\/?post_type=product&#038;p=1074"},"modified":"2025-04-30T01:33:14","modified_gmt":"2025-04-30T01:33:14","slug":"custom-black-slide-drawer-t-shirt-clothes-packaging-dealers","status":"publish","type":"product","link":"https:\/\/chinacustomboxes.com\/it\/custom-black-slide-drawer-t-shirt-clothes-packaging-dealers\/","title":{"rendered":"Rivenditori di imballaggi per magliette con cassetto a scorrimento nero personalizzato"},"content":{"rendered":"<h2 id=\"-customized-black-drawer-style-t-shirt-clothing-packaging-solution-\"><strong>Soluzione di imballaggio per magliette in stile cassetto nero su misura<\/strong><\/h2>\n<h2 id=\"1-advanced-materials-and-craftsmanship-\">1.\u00a0<strong>Materiali e lavorazioni avanzate<\/strong><\/h2>\n<ul>\n<li><strong>Combinazione di carta speciale e cartone grigio<\/strong>: L'imballaggio esterno utilizza una carta speciale testurizzata da 120G, con una superficie delicata e stratificata, ed \u00e8 abbinato a un rivestimento in cartone grigio ad alta densit\u00e0 da 1200G per garantire che la scatola sia rigida e resistente alla pressione, tenendo conto sia dell'aspetto che delle prestazioni di protezione.<\/li>\n<li><strong>Benedizione della tecnologia di stampaggio del bronzo<\/strong>: La superficie utilizza la tecnologia di stampa tridimensionale dell'oro e il logo o il motivo del marchio saltano sulla carta con una lucentezza metallica, presentando un aspetto \"dorato\" e lussuoso, migliorando il riconoscimento e la tonalit\u00e0 del marchio.<\/li>\n<\/ul>\n<h2 id=\"2-drawer-style-structure-design-\">2.\u00a0<strong>Design della struttura delle scatole di carta a cassetti<\/strong><\/h2>\n<ul>\n<li><strong>Cerimonia e convenienza coesistono<\/strong>: Il <a href=\"https:\/\/chinacustomboxes.com\/it\/custom-perfume-cosmetic-skincare-drawer-paper-boxes-factory\/\">cassetto portacarte<\/a> La forma si ispira al design classico dei contenitori e l'estrazione \u00e8 fluida e regolare. Il processo di apertura e chiusura d\u00e0 all'utente un \"senso di cerimonia unboxing\", facilitando al contempo la conservazione e il recupero ripetuto delle magliette. La struttura della scatola \u00e8 stata calcolata con precisione per garantire che il cassetto e la scatola esterna siano saldamente collegati per evitare allentamenti.<\/li>\n<li><strong>Vestibilit\u00e0 ergonomica<\/strong>: Personalizzare la proporzione della scatola in base alle dimensioni di piegatura della maglietta e consigliare una struttura a cassetto monostrato o multistrato (come le scatole regalo multipezzo), adatta per regali aziendali, vendite in edizione limitata e altri scenari.<\/li>\n<\/ul>\n<h2 id=\"3-environmental-certification-and-sustainable-concept-\">3.\u00a0<strong>Certificazione ambientale e concetto di sostenibilit\u00e0<\/strong><\/h2>\n<ul>\n<li><strong>Certificazione forestale FSC<\/strong>: Tutti <a href=\"https:\/\/chinacustomboxes.com\/it\/vendor-order-custom-rigid-drawer-box-sigwarjewelry-packaging\/\">imballaggio<\/a> I materiali sono certificati FSC per garantire che la fonte della carta soddisfi gli standard di gestione forestale sostenibile e risponda alle esigenze di tutela ambientale e responsabilit\u00e0 sociale dei marchi di fascia alta.<\/li>\n<li><strong>Design riciclabile<\/strong>: Adotta una colla ecologica e una pellicola degradabile per la stampa a caldo, tenendo conto sia della bellezza che della protezione dell'ambiente, aiutando il marchio a trasmettere valori ecologici.<\/li>\n<\/ul>\n<h2 id=\"4-service-system-and-advantages-\">4.\u00a0<strong>Sistema di assistenza e vantaggi<\/strong><\/h2>\n<ul>\n<li><strong>Soluzione professionale one-to-one<\/strong>: Dalle dimensioni della maglietta, al tono del marchio, agli scenari di utilizzo (come le vacanze). <a href=\"https:\/\/chinacustomboxes.com\/it\/oem-odm-rigid-slide-drawer-style-jewelry-earring-gift-boxes\/\">scatole regalo<\/a>vendita congiunta), fornire suggerimenti personalizzati sul tipo di scatola, sul processo e sul design visivo per migliorare l'adattabilit\u00e0 dei prodotti e degli imballaggi.<\/li>\n<li><strong>Garanzia di consegna lampo<\/strong>: Affidandosi a linee di produzione intelligenti (come il taglio laser e la tecnologia di stampaggio a compressione), \u00e8 possibile supportare ordini da piccoli a grandi lotti, con consegne rapide fino a 72 ore e un'ispezione completa della qualit\u00e0 per garantire che il prodotto finito sia impeccabile.<\/li>\n<li><strong>Scelta altamente efficiente dal punto di vista dei costi<\/strong>: Riduzione dei costi grazie all'ottimizzazione della combinazione di processi (come la stampa a caldo parziale + la carta speciale normale), mantenendo al contempo una texture di alto livello, adatta alle diverse esigenze dei marchi start-up e dei beni di lusso.<\/li>\n<\/ul>\n<h2 id=\"5-application-scenarios-and-cases-\">5.\u00a0<strong>Scenari e casi di applicazione<\/strong><\/h2>\n<ul>\n<li><strong>Modelli di giunti di lusso<\/strong>: La scatola nera a cassetto con stampa a caldo e carta opaca evidenzia la scarsit\u00e0 e il valore collezionistico delle T-shirt in edizione limitata (caso di riferimento: logica di design del packaging della scatola rigida di LV).<\/li>\n<li><strong>Set regalo per le vacanze<\/strong>: La struttura a cassetti multistrato ospita magliette e accessori, mentre la stampa nascosta sul retro pu\u00f2 essere personalizzata con motivi a tema natalizio per aumentare la sorpresa dell'unboxing.<\/li>\n<li><strong>Evento flash del marchio<\/strong>: Combinare la stampa a caldo luminosa o la tecnologia di cambio colore sensibile alla temperatura (come il design dello stadio luminoso di SOULGOODS) per creare confezioni interattive che attirino i giovani consumatori a scattare foto e a diffonderle.<\/li>\n<\/ul>","protected":false},"excerpt":{"rendered":"<p>Cassetto di carta, facile da estrarre e pi\u00f9 conveniente, realizzato in carta speciale testurizzata di alta qualit\u00e0, la misteriosa serie di sensazioni di fascia alta, il materiale utilizzato \u00e8 carta speciale testurizzata 120G e cartone rigido 1200G, forte e durevole<\/p>","protected":false},"featured_media":1078,"template":"","meta":{"_kad_post_transparent":"default","_kad_post_title":"","_kad_post_layout":"default","_kad_post_sidebar_id":"","_kad_post_content_style":"default","_kad_post_vertical_padding":"default","_kad_post_feature":"","_kad_post_feature_position":"","_kad_post_header":false,"_kad_post_footer":false,"_kad_post_classname":""},"product_brand":[],"product_cat":[15,17,30,20],"product_tag":[414,415,413],"class_list":{"0":"post-1074","1":"product","2":"type-product","3":"status-publish","4":"has-post-thumbnail","6":"product_cat-boxes-by-shapes","7":"product_cat-boxes-by-industries","8":"product_cat-clothing-packaging-boxes","9":"product_cat-drawer-style-boxes","10":"product_tag-clothes-packaging-dealers","11":"product_tag-custom-black-clothes-box","12":"product_tag-drawer-t-shirt-packaging","14":"first","15":"instock","16":"shipping-taxable","17":"product-type-simple","18":"entry","19":"content-bg","20":"loop-entry"},"_links":{"self":[{"href":"https:\/\/chinacustomboxes.com\/it\/wp-json\/wp\/v2\/product\/1074","targetHints":{"allow":["GET"]}}],"collection":[{"href":"https:\/\/chinacustomboxes.com\/it\/wp-json\/wp\/v2\/product"}],"about":[{"href":"https:\/\/chinacustomboxes.com\/it\/wp-json\/wp\/v2\/types\/product"}],"wp:featuredmedia":[{"embeddable":true,"href":"https:\/\/chinacustomboxes.com\/it\/wp-json\/wp\/v2\/media\/1078"}],"wp:attachment":[{"href":"https:\/\/chinacustomboxes.com\/it\/wp-json\/wp\/v2\/media?parent=1074"}],"wp:term":[{"taxonomy":"product_brand","embeddable":true,"href":"https:\/\/chinacustomboxes.com\/it\/wp-json\/wp\/v2\/product_brand?post=1074"},{"taxonomy":"product_cat","embeddable":true,"href":"https:\/\/chinacustomboxes.com\/it\/wp-json\/wp\/v2\/product_cat?post=1074"},{"taxonomy":"product_tag","embeddable":true,"href":"https:\/\/chinacustomboxes.com\/it\/wp-json\/wp\/v2\/product_tag?post=1074"}],"curies":[{"name":"wp","href":"https:\/\/api.w.org\/{rel}","templated":true}]}}