{"id":1091,"date":"2025-04-16T07:58:12","date_gmt":"2025-04-16T07:58:12","guid":{"rendered":"https:\/\/chinacustomboxes.com\/?post_type=product&#038;p=1091"},"modified":"2025-04-30T01:29:31","modified_gmt":"2025-04-30T01:29:31","slug":"agency-luxury-lid-and-base-box-for-clothing-sock-packaging","status":"publish","type":"product","link":"https:\/\/chinacustomboxes.com\/it\/agency-luxury-lid-and-base-box-for-clothing-sock-packaging\/","title":{"rendered":"Coperchio e scatola di base di lusso dell'agenzia per l'imballaggio di calzini per abbigliamento"},"content":{"rendered":"<h2 id=\"-product-instructions-for-the-agent-of-luxury-clothing-and-socks-packaging-heaven-and-earth-box-\">Agenzia di lusso coperchio e scatola di base per l'imballaggio di abbigliamento calzino Descrizione del prodotto<\/h2>\n<h2 id=\"-1-visual-presentation-a-balance-between-simplicity-and-luxury-\"><strong>1. Presentazione visiva: Un equilibrio tra semplicit\u00e0 e lusso<\/strong><\/h2>\n<ul>\n<li><strong>Abbinamento dei colori e logo<\/strong>: Il corpo della scatola \u00e8 rivestito di carta speciale nera opaca e la superficie \u00e8 delicata; il logo \u00e8 impresso in rilievo o a caldo (opzionale) e l'effetto di micro-impressione monocromatica \u00e8 utilizzato per migliorare il riconoscimento del marchio, evitare l'interferenza di colori complessi e adattarsi al temperamento sobrio dei marchi di fascia alta.<\/li>\n<li><strong>Linguaggio di modellazione<\/strong>: Il <a href=\"https:\/\/chinacustomboxes.com\/it\/custom-creative-nuts-chocolate-packaging-rigid-boxes-factory\/\">scatola rigida<\/a> ha linee pulite e nessuna decorazione ridondante. La consistenza della carta e il livello di luci e ombre esaltano la texture, evidenziando la filosofia del design \"less is more\".<\/li>\n<\/ul>\n<h2 id=\"-2-structure-and-opening-and-closing-experience-\"><strong>2. Struttura ed esperienza di apertura e chiusura<\/strong><\/h2>\n<ul>\n<li><strong>Design della copertura della testa e della terra<\/strong>: Le coperture superiore e inferiore si adattano con precisione, l'apertura e la chiusura sono fluide e la chiusura \u00e8 stabile. Quando si apre, il coperchio scivola via in modo naturale, rivelando il prodotto di rivestimento, dando al processo di unboxing un senso di rituale come un <a href=\"https:\/\/chinacustomboxes.com\/it\/foldable-magnetic-cap-baseball-hat-gift-box-packaging-vendor\/\">confezione regalo<\/a>e migliorare l'esperienza del primo contatto con il cliente.<\/li>\n<li><strong>Portanza e durata<\/strong>: La carta speciale ad alta grammatura da 120 g \u00e8 ricoperta da un cartone di 1,5 mm di spessore, con una resistenza alla compressione pari a 1,2 volte lo standard del settore, che garantisce che non si deformi durante il trasporto e lo stoccaggio a lungo termine.<\/li>\n<\/ul>\n<h2 id=\"-3-material-and-process-details-\"><strong>3. Dettagli sul materiale e sul processo<\/strong><\/h2>\n<ul>\n<li><strong>Materiale della scatola esterna<\/strong>: La superficie della carta speciale \u00e8 trattata antigraffio, resistente alle impronte digitali e facile da pulire; lo strato centrale di cartone utilizza materiali ecologici certificati FSC, conformi al concetto di sostenibilit\u00e0.<\/li>\n<li><strong>Fodera personalizzata<\/strong>: Fornisce un vassoio interno in spugna EVA, cotone perlato o floccato e altre opzioni, e pu\u00f2 personalizzare le scanalature in base alle dimensioni delle calze per ottenere la doppia funzione di fissaggio del prodotto e di protezione dagli urti, adatto per confezioni singole e doppie, <a href=\"https:\/\/chinacustomboxes.com\/it\/wholesale-perfume-cosmetic-packaging-gift-boxes-supplier\/\">confezione regalo<\/a> set e altre esigenze.<\/li>\n<\/ul>\n<h2 id=\"-4-customized-service-\"><strong>4. Servizio personalizzato<\/strong><\/h2>\n<ul>\n<li><strong>Flessibilit\u00e0 di stampa<\/strong>: Supporta la stampa UV, la serigrafia o la stampa a caldo di loghi, slogan e motivi e pu\u00f2 abbinare i colori spot Pantone per garantire la coerenza visiva.<\/li>\n<li><strong>Adattamento delle dimensioni<\/strong>: Regolazione delle dimensioni della scatola in base alle specifiche del prodotto del cliente (come la lunghezza e l'altezza del calzino), con una quantit\u00e0 minima d'ordine di 500 pezzi per soddisfare le esigenze di personalizzazione dei lotti di piccole e medie dimensioni.<\/li>\n<\/ul>\n<h2 id=\"-5-quality-assurance-system-\"><strong>5. Sistema di garanzia della qualit\u00e0<\/strong><\/h2>\n<ul>\n<li><strong>Standard di produzione<\/strong>: Basandosi su 16 anni di esperienza professionale nel settore della stampa e dell'imballaggio, utilizzando macchine fustellatrici completamente automatiche e sistemi di controllo della qualit\u00e0 per garantire che l'errore del corpo della scatola sia \u22640,5 mm e che il tasso qualificato dei prodotti finiti raggiunga il 99,8%.<\/li>\n<li><strong>Impegno di servizio<\/strong>: Tracciabilit\u00e0 completa dalla bozza del progetto alla consegna del lotto, garanzia di 30 giorni di resi e cambi senza preoccupazioni e risposta a esigenze personalizzate entro 72 ore.<\/li>\n<\/ul>\n<h2 id=\"-6-application-scenarios-\"><strong>6. Scenari di applicazione<\/strong><\/h2>\n<ul>\n<li><strong>Vendita al dettaglio di fascia alta<\/strong>: Come imballaggio per l'esposizione di un negozio di marca, aumenta l'attrattiva dello scaffale.<\/li>\n<li><strong>Mercato dei regali<\/strong>: Con nastri o sigilli in vita, aggiornate le scatole regalo per le festivit\u00e0 per aumentare il valore dei regali.<\/li>\n<li><strong>Logistica del commercio elettronico<\/strong>: Ottimizzare la progettazione della struttura sismica, ridurre le perdite di trasporto e i costi post-vendita.<\/li>\n<\/ul>","protected":false},"excerpt":{"rendered":"<p>Questa scatola con coperchio e base \u00e8 stata progettata per abbigliamento e accessori di alta gamma. Combina un'estetica semplice con funzioni pratiche per creare una soluzione di imballaggio con un senso di cerimonia e di qualit\u00e0. Il corpo della scatola adotta una struttura classica con coperchio e coperchio, con un colore principale nero e un logo del marchio. Utilizza un linguaggio di design minimalista per trasmettere un tono basso e lussuoso del marchio, adatto a beni di lusso, abbigliamento di lusso leggero e scene regalo.<\/p>","protected":false},"featured_media":1095,"template":"","meta":{"_kad_post_transparent":"default","_kad_post_title":"","_kad_post_layout":"default","_kad_post_sidebar_id":"","_kad_post_content_style":"default","_kad_post_vertical_padding":"default","_kad_post_feature":"","_kad_post_feature_position":"","_kad_post_header":false,"_kad_post_footer":false,"_kad_post_classname":""},"product_brand":[],"product_cat":[15,17,30,19],"product_tag":[421,419,420],"class_list":{"0":"post-1091","1":"product","2":"type-product","3":"status-publish","4":"has-post-thumbnail","6":"product_cat-boxes-by-shapes","7":"product_cat-boxes-by-industries","8":"product_cat-clothing-packaging-boxes","9":"product_cat-lid-and-base-boxes","10":"product_tag-custom-clothing-sock-packaging","11":"product_tag-lid-and-base-box-for-clothing","12":"product_tag-lid-and-base-box-for-sock","14":"first","15":"instock","16":"shipping-taxable","17":"product-type-simple","18":"entry","19":"content-bg","20":"loop-entry"},"_links":{"self":[{"href":"https:\/\/chinacustomboxes.com\/it\/wp-json\/wp\/v2\/product\/1091","targetHints":{"allow":["GET"]}}],"collection":[{"href":"https:\/\/chinacustomboxes.com\/it\/wp-json\/wp\/v2\/product"}],"about":[{"href":"https:\/\/chinacustomboxes.com\/it\/wp-json\/wp\/v2\/types\/product"}],"wp:featuredmedia":[{"embeddable":true,"href":"https:\/\/chinacustomboxes.com\/it\/wp-json\/wp\/v2\/media\/1095"}],"wp:attachment":[{"href":"https:\/\/chinacustomboxes.com\/it\/wp-json\/wp\/v2\/media?parent=1091"}],"wp:term":[{"taxonomy":"product_brand","embeddable":true,"href":"https:\/\/chinacustomboxes.com\/it\/wp-json\/wp\/v2\/product_brand?post=1091"},{"taxonomy":"product_cat","embeddable":true,"href":"https:\/\/chinacustomboxes.com\/it\/wp-json\/wp\/v2\/product_cat?post=1091"},{"taxonomy":"product_tag","embeddable":true,"href":"https:\/\/chinacustomboxes.com\/it\/wp-json\/wp\/v2\/product_tag?post=1091"}],"curies":[{"name":"wp","href":"https:\/\/api.w.org\/{rel}","templated":true}]}}