{"id":1120,"date":"2025-04-16T12:06:57","date_gmt":"2025-04-16T12:06:57","guid":{"rendered":"https:\/\/chinacustomboxes.com\/?post_type=product&#038;p=1120"},"modified":"2025-04-30T07:55:24","modified_gmt":"2025-04-30T07:55:24","slug":"magnetic-closure-cosmetic-eyelash-glitter-paper-box-solution","status":"publish","type":"product","link":"https:\/\/chinacustomboxes.com\/it\/magnetic-closure-cosmetic-eyelash-glitter-paper-box-solution\/","title":{"rendered":"Chiusura magnetica ciglia cosmetici Glitter soluzione scatola di carta"},"content":{"rendered":"<h2 id=\"product-description-of-magnetic-clamp-eyelash-glitter-paper-box-solution\">Descrizione del prodotto di Magnetic Clamp Eyelash Glitter Paper Box Solution<\/h2>\n<h2 id=\"-1-magnetic-opening-and-closing-system-precise-alignment-one-hand-operation-and-upgraded-sealing-\"><strong>1. Sistema di scatole a chiusura magnetica: allineamento preciso, funzionamento con una sola mano e tenuta migliorata.<\/strong><\/h2>\n<ul>\n<li><strong>Design magnetico di precisione<\/strong>: Adottando una forte tecnologia di allineamento magnetico, i componenti della fibbia magnetica sono abbinati con precisione dai poli magnetici per ottenere un'apertura e una chiusura senza deviazioni e una tenuta perfetta dopo la chiusura, con una migliore resistenza alla polvere e all'umidit\u00e0 rispetto alle scatole di fibbie tradizionali.<\/li>\n<li><strong>Comodo utilizzo con una sola mano<\/strong>: Ottimizza la forza magnetica e l'angolo di apertura e chiusura; l'operazione pu\u00f2 essere completata con una sola mano, in modo da consentire ai consumatori di estrarlo rapidamente ogni giorno e migliorare l'esperienza d'uso.<\/li>\n<li><strong>Tenuta migliorata<\/strong>: Grazie all'alloggiamento della carta e al doppio bloccaggio magnetico, \u00e8 possibile garantire che non vi siano spazi vuoti dopo l'inserimento della carta. <a href=\"https:\/\/chinacustomboxes.com\/it\/factory-custom-apparel-shoe-sweater-bra-clothes-mailer-box\/\">scatola<\/a> \u00e8 chiuso, protegge efficacemente i brillantini per ciglia dall'inquinamento esterno e prolunga la durata di conservazione del prodotto.<\/li>\n<\/ul>\n<p><img fetchpriority=\"high\" decoding=\"async\" class=\"alignnone wp-image-1121 size-full\" src=\"https:\/\/chinacustomboxes.com\/wp-content\/uploads\/2025\/04\/Magnetic-Cosmetic-Eyelash-Glitter-Paper-Box-1.jpg\" alt=\"Magnetico cosmetico ciglia Glitter Paper Box\" width=\"1200\" height=\"1200\" title=\"\" srcset=\"https:\/\/chinacustomboxes.com\/wp-content\/uploads\/2025\/04\/Magnetic-Cosmetic-Eyelash-Glitter-Paper-Box-1.jpg 1200w, https:\/\/chinacustomboxes.com\/wp-content\/uploads\/2025\/04\/Magnetic-Cosmetic-Eyelash-Glitter-Paper-Box-1-300x300.jpg 300w, https:\/\/chinacustomboxes.com\/wp-content\/uploads\/2025\/04\/Magnetic-Cosmetic-Eyelash-Glitter-Paper-Box-1-1024x1024.jpg 1024w, https:\/\/chinacustomboxes.com\/wp-content\/uploads\/2025\/04\/Magnetic-Cosmetic-Eyelash-Glitter-Paper-Box-1-150x150.jpg 150w, https:\/\/chinacustomboxes.com\/wp-content\/uploads\/2025\/04\/Magnetic-Cosmetic-Eyelash-Glitter-Paper-Box-1-768x768.jpg 768w, https:\/\/chinacustomboxes.com\/wp-content\/uploads\/2025\/04\/Magnetic-Cosmetic-Eyelash-Glitter-Paper-Box-1-12x12.jpg 12w, https:\/\/chinacustomboxes.com\/wp-content\/uploads\/2025\/04\/Magnetic-Cosmetic-Eyelash-Glitter-Paper-Box-1-600x600.jpg 600w, https:\/\/chinacustomboxes.com\/wp-content\/uploads\/2025\/04\/Magnetic-Cosmetic-Eyelash-Glitter-Paper-Box-1-100x100.jpg 100w\" sizes=\"(max-width: 1200px) 100vw, 1200px\" \/><\/p>\n<h2 id=\"-2-standardized-size-adaptation-unified-display-aesthetics-\"><strong>2. Adattamento standardizzato delle dimensioni, estetica unificata del display<\/strong><\/h2>\n<ul>\n<li><strong>Compatibilit\u00e0 con le dimensioni mainstream<\/strong>: Dimensioni personalizzate, adatte a prodotti mainstream come mascara singoli e set di glitter multicolore, con una forte compatibilit\u00e0.<\/li>\n<li><strong>Vantaggi del display impilabile<\/strong>: Le linee della scatola sono squadrate e ordinate e la superficie espositiva \u00e8 piatta e uniforme quando viene impilata. Pu\u00f2 essere combinata in modo flessibile in una matrice di scaffali o in una forma creativa per migliorare l'impatto visivo del marchio.<\/li>\n<\/ul>\n<h2 id=\"-3-minimalist-aesthetic-design-sharp-edges-and-full-of-modern-sense-\"><strong>3. Design estetico minimalista: spigoli vivi e senso della modernit\u00e0.<\/strong><\/h2>\n<ul>\n<li><strong>Linguaggio strutturale tridimensionale<\/strong>: Il <a href=\"https:\/\/chinacustomboxes.com\/it\/hot-selling-mailer-baseball-hat-shipping-boxes-suppliers\/\">scatola<\/a> Il corpo adotta linee di piegatura ad angolo retto e la tecnologia del taglio piano, con bordi e angoli affilati, in combinazione con il materiale Glitter Paper dalla texture opaca, che presenta un senso freddo della tecnologia e uno stile moderno e minimalista.<\/li>\n<li><strong>Miglioramento del logo del marchio<\/strong>: Supportare la stampa a caldo, la goffratura e altri processi per personalizzare il LOGO del marchio, evidenziare il tono di fascia alta con linee semplici, in linea con la preferenza estetica dei giovani consumatori per \"meno \u00e8 meglio\".<\/li>\n<\/ul>\n<h2 id=\"-4-glitter-paper-material-both-wear-resistance-and-luxury-\"><strong>4. Materiale della carta glitterata: resistenza all'usura e lusso<\/strong><\/h2>\n<ul>\n<li><strong>Superficie altamente resistente<\/strong>: Viene utilizzato un substrato di carta glitterata, che \u00e8 40% pi\u00f9 resistente all'usura rispetto alla normale carta per stampa a caldo, con un'eccellente resistenza ai graffi e non \u00e8 facile da graffiare durante il trasporto e l'uso.<\/li>\n<li><strong>Tecnologia di stampa a caldo di lusso<\/strong>: tecnologia di stampaggio a caldo\/argento caldo a livello di micron, precisione del bordo del modello di \u00b10,1 mm, combinata con l'effetto reticolo dinamico, presenta una texture brillante a pi\u00f9 livelli sotto la rifrazione della luce.<\/li>\n<\/ul>\n<p><img decoding=\"async\" class=\"alignnone wp-image-1123 size-full\" src=\"https:\/\/chinacustomboxes.com\/wp-content\/uploads\/2025\/04\/Magnetic-Cosmetic-Eyelash-Glitter-Paper-Box-3.jpg\" alt=\"Magnetico cosmetico ciglia Glitter Paper Box\" width=\"1200\" height=\"1200\" title=\"\" srcset=\"https:\/\/chinacustomboxes.com\/wp-content\/uploads\/2025\/04\/Magnetic-Cosmetic-Eyelash-Glitter-Paper-Box-3.jpg 1200w, https:\/\/chinacustomboxes.com\/wp-content\/uploads\/2025\/04\/Magnetic-Cosmetic-Eyelash-Glitter-Paper-Box-3-300x300.jpg 300w, https:\/\/chinacustomboxes.com\/wp-content\/uploads\/2025\/04\/Magnetic-Cosmetic-Eyelash-Glitter-Paper-Box-3-1024x1024.jpg 1024w, https:\/\/chinacustomboxes.com\/wp-content\/uploads\/2025\/04\/Magnetic-Cosmetic-Eyelash-Glitter-Paper-Box-3-150x150.jpg 150w, https:\/\/chinacustomboxes.com\/wp-content\/uploads\/2025\/04\/Magnetic-Cosmetic-Eyelash-Glitter-Paper-Box-3-768x768.jpg 768w, https:\/\/chinacustomboxes.com\/wp-content\/uploads\/2025\/04\/Magnetic-Cosmetic-Eyelash-Glitter-Paper-Box-3-12x12.jpg 12w, https:\/\/chinacustomboxes.com\/wp-content\/uploads\/2025\/04\/Magnetic-Cosmetic-Eyelash-Glitter-Paper-Box-3-600x600.jpg 600w, https:\/\/chinacustomboxes.com\/wp-content\/uploads\/2025\/04\/Magnetic-Cosmetic-Eyelash-Glitter-Paper-Box-3-100x100.jpg 100w\" sizes=\"(max-width: 1200px) 100vw, 1200px\" \/><\/p>\n<h2 id=\"-5-flexible-production-service-fast-response-sustainable-supply-\"><strong>5. Servizio di produzione flessibile: risposta rapida, fornitura sostenibile<\/strong><\/h2>\n<ul>\n<li><strong>Quantit\u00e0 minima d'ordine flessibile<\/strong>: supporta ordini flessibili da 500 a 2 milioni di pezzi, soddisfa la produzione di prova di marchi in fase di avviamento e la domanda di lotti di grandi marchi, senza limitazioni di soglia minima d'ordine.<\/li>\n<li><strong>Ciclo di prova estremamente veloce<\/strong>: affidandosi al sistema di stampo digitale, il ciclo di prova si riduce a 72 ore, fornendo 3 combinazioni di colori di base e 2 combinazioni di processi di servizi di conferma rapida dei campioni.<\/li>\n<\/ul>\n<h2 id=\"-6-environmental-certification-and-sustainability-\"><strong>6. Certificazione ambientale e sostenibilit\u00e0<\/strong><\/h2>\n<ul>\n<li><strong>Materie prime certificate FSC<\/strong>: Il 100% del <a href=\"https:\/\/chinacustomboxes.com\/it\/custom-perfume-cosmetic-skincare-drawer-paper-boxes-factory\/\">scatola di carta<\/a> Il materiale di base utilizza carta certificata FSC per garantire che le materie prime provengano dagli standard ambientali dell'Unione Europea e dai marchi ESG per soddisfare le esigenze strategiche, con foreste gestite in modo continuo.<\/li>\n<li><strong>Design riciclabile<\/strong>: Il corpo della scatola non ha una struttura di incollaggio e i componenti di aspirazione magnetica possono essere separati e distinti, il che \u00e8 conveniente per la classificazione e il riciclaggio, riducendo l'onere ambientale.<\/li>\n<\/ul>\n<figure id=\"attachment_1858\" aria-describedby=\"caption-attachment-1858\" style=\"width: 640px\" class=\"wp-caption alignnone\"><img decoding=\"async\" class=\"wp-image-1858 size-full\" src=\"https:\/\/chinacustomboxes.com\/wp-content\/uploads\/2025\/04\/FSC-Certificates-01.jpg\" alt=\"Certificati FSC\" width=\"640\" height=\"960\" title=\"\" srcset=\"https:\/\/chinacustomboxes.com\/wp-content\/uploads\/2025\/04\/FSC-Certificates-01.jpg 640w, https:\/\/chinacustomboxes.com\/wp-content\/uploads\/2025\/04\/FSC-Certificates-01-200x300.jpg 200w, https:\/\/chinacustomboxes.com\/wp-content\/uploads\/2025\/04\/FSC-Certificates-01-8x12.jpg 8w, https:\/\/chinacustomboxes.com\/wp-content\/uploads\/2025\/04\/FSC-Certificates-01-600x900.jpg 600w\" sizes=\"(max-width: 640px) 100vw, 640px\" \/><figcaption id=\"caption-attachment-1858\" class=\"wp-caption-text\">\\<\/figcaption><\/figure>\n<h2 id=\"-core-advantages-\"><strong>Vantaggi principali<\/strong><\/h2>\n<ul>\n<li><strong>Integrazione tecnologica<\/strong>: Apertura e chiusura magnetica + materiale in carta glitterata + processo di stampa a caldo, tenendo conto della funzionalit\u00e0 e del fascino visivo.<\/li>\n<li><strong>A misura d'uomo<\/strong>: Catena di fornitura flessibile e proofing rapido, per ridurre i costi di prova ed errore del marchio e accelerare il lancio sul mercato.<\/li>\n<li><strong>Responsabilit\u00e0 ambientale<\/strong>: La certificazione FSC e il design riciclabile aiutano i marchi a creare un'immagine verde.<\/li>\n<\/ul>","protected":false},"excerpt":{"rendered":"<p>Questa scatola da imballaggio presenta spigoli vivi e linee pulite, con un'estetica moderna e minimalista. Il sistema di apertura e chiusura magnetica \u00e8 allineato con precisione, facile da usare con una sola mano e ha una tenuta pi\u00f9 forte rispetto alle normali scatole con fibbia. Il materiale in carta glitterata \u00e8 altamente resistente all'usura e si adatta ai prodotti per ciglia pi\u00f9 diffusi.<\/p>","protected":false},"featured_media":1121,"template":"","meta":{"_kad_post_transparent":"default","_kad_post_title":"","_kad_post_layout":"default","_kad_post_sidebar_id":"","_kad_post_content_style":"default","_kad_post_vertical_padding":"default","_kad_post_feature":"","_kad_post_feature_position":"","_kad_post_header":false,"_kad_post_footer":false,"_kad_post_classname":""},"product_brand":[],"product_cat":[15,17,27,28,18],"product_tag":[434,436,435],"class_list":{"0":"post-1120","1":"product","2":"type-product","3":"status-publish","4":"has-post-thumbnail","6":"product_cat-boxes-by-shapes","7":"product_cat-boxes-by-industries","8":"product_cat-clamshell-boxes","9":"product_cat-cosmetic-packaging-boxes","10":"product_cat-magnetic-closure-boxes","11":"product_tag-glitter-eyelash-packaging","12":"product_tag-glitter-paper-eyelash-box","13":"product_tag-magnetic-closure-box-for-cosmetic","15":"first","16":"instock","17":"shipping-taxable","18":"product-type-simple","19":"entry","20":"content-bg","21":"loop-entry"},"_links":{"self":[{"href":"https:\/\/chinacustomboxes.com\/it\/wp-json\/wp\/v2\/product\/1120","targetHints":{"allow":["GET"]}}],"collection":[{"href":"https:\/\/chinacustomboxes.com\/it\/wp-json\/wp\/v2\/product"}],"about":[{"href":"https:\/\/chinacustomboxes.com\/it\/wp-json\/wp\/v2\/types\/product"}],"wp:featuredmedia":[{"embeddable":true,"href":"https:\/\/chinacustomboxes.com\/it\/wp-json\/wp\/v2\/media\/1121"}],"wp:attachment":[{"href":"https:\/\/chinacustomboxes.com\/it\/wp-json\/wp\/v2\/media?parent=1120"}],"wp:term":[{"taxonomy":"product_brand","embeddable":true,"href":"https:\/\/chinacustomboxes.com\/it\/wp-json\/wp\/v2\/product_brand?post=1120"},{"taxonomy":"product_cat","embeddable":true,"href":"https:\/\/chinacustomboxes.com\/it\/wp-json\/wp\/v2\/product_cat?post=1120"},{"taxonomy":"product_tag","embeddable":true,"href":"https:\/\/chinacustomboxes.com\/it\/wp-json\/wp\/v2\/product_tag?post=1120"}],"curies":[{"name":"wp","href":"https:\/\/api.w.org\/{rel}","templated":true}]}}