{"id":2148,"date":"2025-04-22T09:42:26","date_gmt":"2025-04-22T09:42:26","guid":{"rendered":"https:\/\/chinacustomboxes.com\/?post_type=product&#038;p=2148"},"modified":"2025-04-30T06:33:43","modified_gmt":"2025-04-30T06:33:43","slug":"double-door-open-gift-box-packaging-solution-for-perfume","status":"publish","type":"product","link":"https:\/\/chinacustomboxes.com\/it\/double-door-open-gift-box-packaging-solution-for-perfume\/","title":{"rendered":"Soluzione di imballaggio per scatole regalo aperte a doppia porta per i profumi"},"content":{"rendered":"<h2 id=\"-double-door-perfume-gift-box-packaging-solution-\"><strong>Soluzione di imballaggio per confezioni regalo di profumi a due ante<\/strong><\/h2>\n<h2 id=\"-i-structural-design-dual-considerations-of-aesthetics-and-mechanics-\"><strong>I. Progettazione strutturale: duplice considerazione estetica e meccanica<\/strong><\/h2>\n<ol>\n<li><strong>Design rituale con apertura a doppia porta<\/strong>\u00a0\u00c8 stata adottata una struttura simmetrica a doppia anta, collegata da cerniere di precisione, con un angolo di apertura e chiusura di 180\u00b0, che simula l'esperienza di unboxing dei beni di lusso. Il bordo del pannello della porta \u00e8 stato progettato con una fibbia magnetica incorporata di 0,5 mm, che si adatta perfettamente quando \u00e8 chiusa e presenta un'attenzione visiva \"da palcoscenico\" quando viene aperta, aumentando il senso di rituale dell'apertura della scatola.<\/li>\n<li><strong>Struttura scatolare ad alta stabilit\u00e0<\/strong>\u00a0Il corpo della scatola \u00e8 realizzato con cinque strati di cartone grigio ad alta resistenza alla compressione. Grazie allo scheletro interno di supporto trasversale, pu\u00f2 resistere alla pressione verticale senza subire deformazioni. Il pannello della porta e la base adottano il processo di giunzione a mortasa e tenone per garantire l'apertura e la chiusura a lungo termine senza inclinazione.<\/li>\n<li><strong>Adattamento meccanico allo spazio interno<\/strong>\u00a0Sulla base della modellazione 3D e dell'analisi agli elementi finiti, lo strato di supporto interno adotta un supporto interno in plastica, la profondit\u00e0 della scanalatura \u00e8 adattata alla forma della bottiglia di profumo e non si verifica alcuno spostamento in caso di test di vibrazione con inclinazione a 45\u00b0. Il design del rivestimento a strati supporta l'esposizione di pi\u00f9 bottiglie in combinazione.<\/li>\n<\/ol>\n<p><img fetchpriority=\"high\" decoding=\"async\" class=\"alignnone wp-image-2151 size-full\" src=\"https:\/\/chinacustomboxes.com\/wp-content\/uploads\/2025\/04\/two-door-open-gift-box-for-perfume-1.jpg\" alt=\"confezione regalo aperta a due ante\" width=\"800\" height=\"800\" title=\"\" srcset=\"https:\/\/chinacustomboxes.com\/wp-content\/uploads\/2025\/04\/two-door-open-gift-box-for-perfume-1.jpg 800w, https:\/\/chinacustomboxes.com\/wp-content\/uploads\/2025\/04\/two-door-open-gift-box-for-perfume-1-300x300.jpg 300w, https:\/\/chinacustomboxes.com\/wp-content\/uploads\/2025\/04\/two-door-open-gift-box-for-perfume-1-150x150.jpg 150w, https:\/\/chinacustomboxes.com\/wp-content\/uploads\/2025\/04\/two-door-open-gift-box-for-perfume-1-768x768.jpg 768w, https:\/\/chinacustomboxes.com\/wp-content\/uploads\/2025\/04\/two-door-open-gift-box-for-perfume-1-12x12.jpg 12w, https:\/\/chinacustomboxes.com\/wp-content\/uploads\/2025\/04\/two-door-open-gift-box-for-perfume-1-600x600.jpg 600w, https:\/\/chinacustomboxes.com\/wp-content\/uploads\/2025\/04\/two-door-open-gift-box-for-perfume-1-100x100.jpg 100w\" sizes=\"(max-width: 800px) 100vw, 800px\" \/><\/p>\n<h2 id=\"-second-craftsmanship-and-materials-high-end-texture-and-environmental-protection-\"><strong>2. Artigianato e materiali: texture di alto livello e protezione dell'ambiente.<\/strong><\/h2>\n<ol>\n<li><strong>Processo di stampaggio a caldo con precisione di 0,1 mm<\/strong>\u00a0La superficie del pannello della porta utilizza la pellicola tedesca Kurz per la stampa a caldo, l'errore di precisione di sovrastampa della linea \u00e8 \u22640,08 mm, supporta il colore sfumato e l'effetto rilievo 3D e ha superato 100.000 test di attrito senza cadere. Sono disponibili 8 colori metallici, come oro rosa e oro champagne.<\/li>\n<li><strong>Cartone leggero ad alta resistenza<\/strong>\u00a0Il materiale di base utilizza un cartoncino grigio ecologico certificato FSC (peso \u22651200g\/\u33a1), mentre la superficie \u00e8 ricoperta da una pellicola tattile opaca, che presenta i vantaggi della resistenza allo strappo e della riduzione del peso 15%. Il vuoto <a href=\"https:\/\/chinacustomboxes.com\/it\/customized-slider-child-resistant-box-rigid-boxes-wholesale\/\">scatola<\/a> pu\u00f2 sopportare fino a 8 kg. \u00c8 conforme agli standard di protezione ambientale REACH dell'UE e pu\u00f2 essere 100% degradato.<\/li>\n<li><strong>Estetica minimalista in nero puro<\/strong> Il colore principale \u00e8 il nero, con trattamento superficiale opaco, riflettivit\u00e0 \u22645%, che evidenzia il lusso low-key. La base nera \u00e8 compatibile con la stampa a caldo, la vernice locale UV, l'incisione laser e altri processi di sovrapposizione, adatti per il business, l'arte, i toni minimalisti e altri marchi.<\/li>\n<\/ol>\n<p><img decoding=\"async\" class=\"alignnone wp-image-2152 size-full\" src=\"https:\/\/chinacustomboxes.com\/wp-content\/uploads\/2025\/04\/two-door-open-gift-box-for-perfume-2.jpg\" alt=\"confezione regalo aperta a due ante\" width=\"800\" height=\"800\" title=\"\" srcset=\"https:\/\/chinacustomboxes.com\/wp-content\/uploads\/2025\/04\/two-door-open-gift-box-for-perfume-2.jpg 800w, https:\/\/chinacustomboxes.com\/wp-content\/uploads\/2025\/04\/two-door-open-gift-box-for-perfume-2-300x300.jpg 300w, https:\/\/chinacustomboxes.com\/wp-content\/uploads\/2025\/04\/two-door-open-gift-box-for-perfume-2-150x150.jpg 150w, https:\/\/chinacustomboxes.com\/wp-content\/uploads\/2025\/04\/two-door-open-gift-box-for-perfume-2-768x768.jpg 768w, https:\/\/chinacustomboxes.com\/wp-content\/uploads\/2025\/04\/two-door-open-gift-box-for-perfume-2-12x12.jpg 12w, https:\/\/chinacustomboxes.com\/wp-content\/uploads\/2025\/04\/two-door-open-gift-box-for-perfume-2-600x600.jpg 600w, https:\/\/chinacustomboxes.com\/wp-content\/uploads\/2025\/04\/two-door-open-gift-box-for-perfume-2-100x100.jpg 100w\" sizes=\"(max-width: 800px) 100vw, 800px\" \/><\/p>\n<h2 id=\"-three-customized-services-flexible-adaptation-in-all-dimensions-\"><strong>3. Servizi personalizzati: adattamento flessibile in tutte le dimensioni<\/strong><\/h2>\n<ol>\n<li><strong>Design personalizzato della scanalatura<\/strong>\u00a0Supporta il rivestimento personalizzato del tipo di bottiglia con scansione 3D, con una tolleranza di \u00b10,3 mm, adatto a forme speciali come bottiglie di forma speciale e bottiglie in rilievo. Sul fondo della scanalatura sono stati aggiunti cuscinetti in silicone antiscivolo e il test di trasporto in inclinazione supera lo standard ISTA 3A.<\/li>\n<li><strong>Opzioni di personalizzazione dei link<\/strong><\/li>\n<li><strong>Tipo di scatola<\/strong>6 tipi di scatole di base, come ad esempio a strato singolo\/doppio strato, a cassetto o a libro, che supportano la personalizzazione di dimensioni non standard;<\/li>\n<li><strong>Materiale<\/strong>: 12 materiali di superficie come finta pelle, velluto e carta con venature del legno sono opzionali;<\/li>\n<li><strong>Stampa<\/strong>: Supporta processi personalizzati come colori speciali Pantone, inchiostro fluorescente e rivestimento con fragranze;<\/li>\n<li><strong>Accessori<\/strong>: Pu\u00f2 essere abbinato a componenti a valore aggiunto come nastri, fibbie magnetiche e strisce luminose a LED.<\/li>\n<\/ol>\n<h2 id=\"-iv-application-scenarios-and-value-\"><strong>4. Scenari applicativi e valore<\/strong><\/h2>\n<ul>\n<li><strong>Valorizzazione del marchio<\/strong>: Il design rituale di apertura della scatola aumenta la fidelizzazione dei clienti di 27% e la condivisione sui social media di 40%;<\/li>\n<li><strong>Garanzia di sicurezza del trasporto<\/strong>: Ha superato il test di caduta da 1,2 m, con un tasso di rottura di &lt;0,5%;<\/li>\n<li><strong>Ottimizzazione dei costi<\/strong>: Il design leggero riduce i costi logistici di 12% e la produzione modulare supporta un ordine minimo di 500 pezzi.<\/li>\n<\/ul>\n<p><img decoding=\"async\" class=\"alignnone wp-image-2154 size-full\" src=\"https:\/\/chinacustomboxes.com\/wp-content\/uploads\/2025\/04\/two-door-open-gift-box-for-perfume-4.jpg\" alt=\"confezione regalo aperta a due ante\" width=\"800\" height=\"800\" title=\"\" srcset=\"https:\/\/chinacustomboxes.com\/wp-content\/uploads\/2025\/04\/two-door-open-gift-box-for-perfume-4.jpg 800w, https:\/\/chinacustomboxes.com\/wp-content\/uploads\/2025\/04\/two-door-open-gift-box-for-perfume-4-300x300.jpg 300w, https:\/\/chinacustomboxes.com\/wp-content\/uploads\/2025\/04\/two-door-open-gift-box-for-perfume-4-150x150.jpg 150w, https:\/\/chinacustomboxes.com\/wp-content\/uploads\/2025\/04\/two-door-open-gift-box-for-perfume-4-768x768.jpg 768w, https:\/\/chinacustomboxes.com\/wp-content\/uploads\/2025\/04\/two-door-open-gift-box-for-perfume-4-12x12.jpg 12w, https:\/\/chinacustomboxes.com\/wp-content\/uploads\/2025\/04\/two-door-open-gift-box-for-perfume-4-600x600.jpg 600w, https:\/\/chinacustomboxes.com\/wp-content\/uploads\/2025\/04\/two-door-open-gift-box-for-perfume-4-100x100.jpg 100w\" sizes=\"(max-width: 800px) 100vw, 800px\" \/><\/p>\n<h2 id=\"-case-study-\"><strong>Studio di caso<\/strong><\/h2>\n<ul>\n<li><strong>Modello comune di marchio di lusso<\/strong>: Personalizzato a doppia porta <a href=\"https:\/\/chinacustomboxes.com\/it\/vendor-luxury-two-pack-red-wine-double-side-open-gift-box\/\">confezione regalo<\/a> per un marchio francese, con un chip NFC incorporato nella fodera e l'audio della storia del profumo del marchio che si attiva automaticamente all'apertura della scatola;<\/li>\n<li><strong>Edizione limitata per le vacanze<\/strong>: Con il rivestimento in velluto nero e il motivo del fiocco di neve inciso al laser, combinato con l'apertura e la chiusura magnetica, le vendite per le vacanze sono aumentate di 35%.<\/li>\n<\/ul>","protected":false},"excerpt":{"rendered":"<p>La struttura simmetrica di apertura e chiusura del design a doppia porta garantisce la stabilit\u00e0 del corpo della scatola, evita la deformazione e l'inclinazione, crea un senso di cerimonia di unboxing e migliora l'esperienza di unboxing dei profumi di fascia alta. Il colore principale \u00e8 il nero puro, semplice, generoso e di alta gamma, in grado di adattarsi alle tonalit\u00e0 di diversi marchi. La fodera \u00e8 progettata con scanalature specifiche per fissare con precisione la bottiglia di profumo ed evitare che si agiti durante il trasporto o l'esposizione.<\/p>","protected":false},"featured_media":2151,"template":"","meta":{"_kad_post_transparent":"default","_kad_post_title":"","_kad_post_layout":"default","_kad_post_sidebar_id":"","_kad_post_content_style":"default","_kad_post_vertical_padding":"default","_kad_post_feature":"","_kad_post_feature_position":"","_kad_post_header":false,"_kad_post_footer":false,"_kad_post_classname":""},"product_brand":[],"product_cat":[15,17,34,23],"product_tag":[543,545,544],"class_list":{"0":"post-2148","1":"product","2":"type-product","3":"status-publish","4":"has-post-thumbnail","6":"product_cat-boxes-by-shapes","7":"product_cat-boxes-by-industries","8":"product_cat-perfume-packaging-boxes","9":"product_cat-unusual-shaped-boxes","10":"product_tag-double-door-open-gift-box","11":"product_tag-double-door-open-gift-box-for-perfume","12":"product_tag-gift-box-packaging-solution","14":"first","15":"instock","16":"shipping-taxable","17":"product-type-simple","18":"entry","19":"content-bg","20":"loop-entry"},"_links":{"self":[{"href":"https:\/\/chinacustomboxes.com\/it\/wp-json\/wp\/v2\/product\/2148","targetHints":{"allow":["GET"]}}],"collection":[{"href":"https:\/\/chinacustomboxes.com\/it\/wp-json\/wp\/v2\/product"}],"about":[{"href":"https:\/\/chinacustomboxes.com\/it\/wp-json\/wp\/v2\/types\/product"}],"wp:featuredmedia":[{"embeddable":true,"href":"https:\/\/chinacustomboxes.com\/it\/wp-json\/wp\/v2\/media\/2151"}],"wp:attachment":[{"href":"https:\/\/chinacustomboxes.com\/it\/wp-json\/wp\/v2\/media?parent=2148"}],"wp:term":[{"taxonomy":"product_brand","embeddable":true,"href":"https:\/\/chinacustomboxes.com\/it\/wp-json\/wp\/v2\/product_brand?post=2148"},{"taxonomy":"product_cat","embeddable":true,"href":"https:\/\/chinacustomboxes.com\/it\/wp-json\/wp\/v2\/product_cat?post=2148"},{"taxonomy":"product_tag","embeddable":true,"href":"https:\/\/chinacustomboxes.com\/it\/wp-json\/wp\/v2\/product_tag?post=2148"}],"curies":[{"name":"wp","href":"https:\/\/api.w.org\/{rel}","templated":true}]}}