{"id":2243,"date":"2025-08-08T02:13:54","date_gmt":"2025-08-08T02:13:54","guid":{"rendered":"https:\/\/chinacustomboxes.com\/?post_type=product&#038;p=2243"},"modified":"2025-08-14T07:48:26","modified_gmt":"2025-08-14T07:48:26","slug":"custom-design-luxury-lid-and-base-paper-gift-box-for-perfume","status":"publish","type":"product","link":"https:\/\/chinacustomboxes.com\/it\/custom-design-luxury-lid-and-base-paper-gift-box-for-perfume\/","title":{"rendered":"Scatola regalo di carta con coperchio e base di lusso di design personalizzato per il profumo"},"content":{"rendered":"<h2 id=\"customized-design-luxury-cover-and-base-paper-present-box-for-perfume\">Personalizzato Design Lusso copertina e base carta regalo scatola per profumo<\/h2>\n<h2 id=\"1-traditional-lid-and-base-structure-simple-yet-tough\">1. Struttura tradizionale del coperchio e della base: Semplice ma resistente<\/h2>\n<ul>\n<li>Stile separato *: Il coperchio (cover) e la base (base) sono divisi, con uno stile a scatto (pi\u00f9 grande nella parte superiore e pi\u00f9 piccolo nella parte inferiore) per un'apertura e una chiusura senza problemi, che aumenta la resistenza della confezione del prodotto.<\/li>\n<li>Facilit\u00e0 di montaggio e modifica *: La struttura modulare semplifica il processo di produzione, consentendo di modificare rapidamente forme e dimensioni (come il rivestimento con scanalatura ovale) per adattarsi a diverse forme di contenitori per fragranze.<\/li>\n<\/ul>\n<h2 id=\"2-spherical-corners-for-impact-defense\">2. Angoli sferici per la difesa dagli impatti<\/h2>\n<ul>\n<li>Angoli rinforzati *: Il <a href=\"https:\/\/chinacustomboxes.com\/it\/vendor-luxury-two-pack-red-wine-double-side-open-gift-box\/\">scatola<\/a> \u00e8 dotato di una struttura ad angolo retto a 90\u00b0 per impedire la deformazione durante il trasporto. L'interno incorpora una struttura ammortizzante (come uno scivolo a L + un sistema di ammortizzazione a molla) per assorbire l'impatto di diverse istruzioni e proteggere il contenitore di vetro.<\/li>\n<\/ul>\n<p><img fetchpriority=\"high\" decoding=\"async\" class=\"alignnone wp-image-2245 size-full\" src=\"https:\/\/chinacustomboxes.com\/wp-content\/uploads\/2025\/08\/Custom-Design-Luxury-Lid-and-Base-Paper-Gift-Box-for-Perfume-1.jpg\" alt=\"Scatola regalo di carta con coperchio e base di lusso di design personalizzato per il profumo\" width=\"1000\" height=\"1000\" title=\"\" srcset=\"https:\/\/chinacustomboxes.com\/wp-content\/uploads\/2025\/08\/Custom-Design-Luxury-Lid-and-Base-Paper-Gift-Box-for-Perfume-1.jpg 1000w, https:\/\/chinacustomboxes.com\/wp-content\/uploads\/2025\/08\/Custom-Design-Luxury-Lid-and-Base-Paper-Gift-Box-for-Perfume-1-300x300.jpg 300w, https:\/\/chinacustomboxes.com\/wp-content\/uploads\/2025\/08\/Custom-Design-Luxury-Lid-and-Base-Paper-Gift-Box-for-Perfume-1-150x150.jpg 150w, https:\/\/chinacustomboxes.com\/wp-content\/uploads\/2025\/08\/Custom-Design-Luxury-Lid-and-Base-Paper-Gift-Box-for-Perfume-1-768x768.jpg 768w, https:\/\/chinacustomboxes.com\/wp-content\/uploads\/2025\/08\/Custom-Design-Luxury-Lid-and-Base-Paper-Gift-Box-for-Perfume-1-12x12.jpg 12w, https:\/\/chinacustomboxes.com\/wp-content\/uploads\/2025\/08\/Custom-Design-Luxury-Lid-and-Base-Paper-Gift-Box-for-Perfume-1-600x600.jpg 600w, https:\/\/chinacustomboxes.com\/wp-content\/uploads\/2025\/08\/Custom-Design-Luxury-Lid-and-Base-Paper-Gift-Box-for-Perfume-1-100x100.jpg 100w\" sizes=\"(max-width: 1000px) 100vw, 1000px\" \/><\/p>\n<h2 id=\"3-eco-friendly-products-and-sustainability\">3. Prodotti ecologici e sostenibilit\u00e0<\/h2>\n<ul>\n<li>Cartone certificato FSC *: Il cartone Kappa ad alta densit\u00e0 (\u2265 1200 g\/m\u00b2), proveniente da foreste sostenibili, riduce al minimo l'impatto di carbonio ed \u00e8 in linea con l'impegno ecologico del marchio deluxe.<\/li>\n<li>Resistente alla compressione e reattivo *: Il rivestimento verde scuro opaco offre una superficie liscia e resistente ai graffi. Il supporto in gomma flessibile e ispessito sostiene un carico di circa 2 kg, prolungandone la durata.<\/li>\n<\/ul>\n<h2 id=\"4-flexible-personalization\">4. Personalizzazione flessibile<\/h2>\n<ul>\n<li>Regolazione delle dimensioni e delle funzioni *: Personalizzare la profondit\u00e0 della scatola interna in base all'altezza e al diametro del flacone di profumo. Le opzioni disponibili sono: finestra, chiusura magnetica o interno in carta per cassetti. <a href=\"https:\/\/chinacustomboxes.com\/it\/glitter-paper-collapsible-magnetic-gift-boxes-for-hair-wigs\/\">scatole<\/a>.<\/li>\n<li>Riduzione dei rifiuti da imballaggio *: La struttura stampata in un unico pezzo riduce l'uso di materiali di supporto e supporta rivestimenti cellulari ecologici (come l'imbottitura in rafia) per sostituire le tipiche otturazioni dentali in plastica.<\/li>\n<\/ul>\n<p><img decoding=\"async\" class=\"alignnone wp-image-2246 size-full\" src=\"https:\/\/chinacustomboxes.com\/wp-content\/uploads\/2025\/08\/Custom-Design-Luxury-Lid-and-Base-Paper-Gift-Box-for-Perfume-2.jpg\" alt=\"Scatola regalo di carta con coperchio e base di lusso di design personalizzato per il profumo\" width=\"1000\" height=\"1000\" title=\"\" srcset=\"https:\/\/chinacustomboxes.com\/wp-content\/uploads\/2025\/08\/Custom-Design-Luxury-Lid-and-Base-Paper-Gift-Box-for-Perfume-2.jpg 1000w, https:\/\/chinacustomboxes.com\/wp-content\/uploads\/2025\/08\/Custom-Design-Luxury-Lid-and-Base-Paper-Gift-Box-for-Perfume-2-300x300.jpg 300w, https:\/\/chinacustomboxes.com\/wp-content\/uploads\/2025\/08\/Custom-Design-Luxury-Lid-and-Base-Paper-Gift-Box-for-Perfume-2-150x150.jpg 150w, https:\/\/chinacustomboxes.com\/wp-content\/uploads\/2025\/08\/Custom-Design-Luxury-Lid-and-Base-Paper-Gift-Box-for-Perfume-2-768x768.jpg 768w, https:\/\/chinacustomboxes.com\/wp-content\/uploads\/2025\/08\/Custom-Design-Luxury-Lid-and-Base-Paper-Gift-Box-for-Perfume-2-12x12.jpg 12w, https:\/\/chinacustomboxes.com\/wp-content\/uploads\/2025\/08\/Custom-Design-Luxury-Lid-and-Base-Paper-Gift-Box-for-Perfume-2-600x600.jpg 600w, https:\/\/chinacustomboxes.com\/wp-content\/uploads\/2025\/08\/Custom-Design-Luxury-Lid-and-Base-Paper-Gift-Box-for-Perfume-2-100x100.jpg 100w\" sizes=\"(max-width: 1000px) 100vw, 1000px\" \/><\/p>\n<h2 id=\"5-luxurious-surface-complete\">5. Superficie di lusso completa<\/h2>\n<ul>\n<li>Marcatura a caldo e rivestimento UV *: Il contorno dorato della confezione \u00e8 stampato a caldo e il logo \u00e8 rivestito di UV per una superficie elegante, che garantisce resistenza all'usura e allo scolorimento e migliora la qualit\u00e0 estetica.<\/li>\n<li>Estensioni di finitura speciali *: La goffratura, lo strato antiumidit\u00e0 (ideale per le regioni ad alta umidit\u00e0) o l'impiallacciatura in pelle sono sostenuti per soddisfare le richieste di mercato differenziate.<\/li>\n<\/ul>\n<h2 id=\"6-dark-environment-friendly-aesthetic-style\">6. Stile estetico scuro e rispettoso dell'ambiente<\/h2>\n<ul>\n<li>Colore primario e accenti *: La confezione presenta una base opaca verde scuro\/scuro ecologico, accentuata da linee geometriche oro chiaro e da un contorno di stampa a caldo, che produce un ambiente naturale e sontuoso.<\/li>\n<li>Uniformit\u00e0 di tonalit\u00e0 *: Specificamente abbinati agli schemi di tonalit\u00e0 Pantone, assicurano una variazione regolare della tonalit\u00e0 in tutta l'automazione e migliorano la riconoscibilit\u00e0 del marchio.<\/li>\n<\/ul>\n<p><img decoding=\"async\" class=\"alignnone wp-image-2247 size-full\" src=\"https:\/\/chinacustomboxes.com\/wp-content\/uploads\/2025\/08\/Custom-Design-Luxury-Lid-and-Base-Paper-Gift-Box-for-Perfume-3.jpg\" alt=\"Scatola regalo di carta con coperchio e base di lusso di design personalizzato per il profumo\" width=\"1000\" height=\"1000\" title=\"\" srcset=\"https:\/\/chinacustomboxes.com\/wp-content\/uploads\/2025\/08\/Custom-Design-Luxury-Lid-and-Base-Paper-Gift-Box-for-Perfume-3.jpg 1000w, https:\/\/chinacustomboxes.com\/wp-content\/uploads\/2025\/08\/Custom-Design-Luxury-Lid-and-Base-Paper-Gift-Box-for-Perfume-3-300x300.jpg 300w, https:\/\/chinacustomboxes.com\/wp-content\/uploads\/2025\/08\/Custom-Design-Luxury-Lid-and-Base-Paper-Gift-Box-for-Perfume-3-150x150.jpg 150w, https:\/\/chinacustomboxes.com\/wp-content\/uploads\/2025\/08\/Custom-Design-Luxury-Lid-and-Base-Paper-Gift-Box-for-Perfume-3-768x768.jpg 768w, https:\/\/chinacustomboxes.com\/wp-content\/uploads\/2025\/08\/Custom-Design-Luxury-Lid-and-Base-Paper-Gift-Box-for-Perfume-3-12x12.jpg 12w, https:\/\/chinacustomboxes.com\/wp-content\/uploads\/2025\/08\/Custom-Design-Luxury-Lid-and-Base-Paper-Gift-Box-for-Perfume-3-600x600.jpg 600w, https:\/\/chinacustomboxes.com\/wp-content\/uploads\/2025\/08\/Custom-Design-Luxury-Lid-and-Base-Paper-Gift-Box-for-Perfume-3-100x100.jpg 100w\" sizes=\"(max-width: 1000px) 100vw, 1000px\" \/><\/p>\n<h2 id=\"7-personalized-lining-and-brand-name-included-worth\">7. Fodera personalizzata e nome del marchio incluso Valore<\/h2>\n<ul>\n<li>Fodera installata *: Le impronte sono scolpite nella schiuma o nel velluto in base alla forma del flacone (ad esempio, il contorno di un contenitore di profumo) per ottenere un fissaggio \"zero-shake\" e ridurre il rischio di danni.<\/li>\n<li>Informazioni sul marchio *: Il coperchio interno pu\u00f2 essere stampato a caldo con uno slogan\/firma del marchio e il coperchio interno pu\u00f2 essere stampato a caldo con uno slogan\/firma del marchio e il coperchio interno pu\u00f2 essere stampato a caldo con uno slogan\/firma del marchio. <a href=\"https:\/\/chinacustomboxes.com\/it\/agency-luxury-lid-and-base-box-for-clothing-sock-packaging\/\">scatola del coperchio e della base<\/a> possono essere dotati di un codice QR o di una dichiarazione ambientale per migliorare l'esperienza dell'unboxing.<\/li>\n<\/ul>\n<h2 id=\"8-1-hour-example-turn-around-service\">8. Esempio di servizio in 1 ora<\/h2>\n<ul>\n<li>Prove e testimonianze in tempo reale *: Gli stampi digitali e le apparecchiature di taglio ad alta velocit\u00e0 consentono di creare esempi fisici entro 60 minuti dalla verifica dello stile online, aumentando i modelli di stile.<\/li>\n<li>Produzione efficiente *: L'automazione inizia 72 ore dopo la conferma dell'esempio, riducendo i cicli di crescita di 50% e soddisfacendo le esigenze urgenti di lancio di versioni limitate.<\/li>\n<\/ul>\n<p><img loading=\"lazy\" decoding=\"async\" class=\"alignnone wp-image-2248 size-full\" src=\"https:\/\/chinacustomboxes.com\/wp-content\/uploads\/2025\/08\/Custom-Design-Luxury-Lid-and-Base-Paper-Gift-Box-for-Perfume-4.jpg\" alt=\"Scatola regalo di carta con coperchio e base di lusso di design personalizzato per il profumo\" width=\"1000\" height=\"1000\" title=\"\" srcset=\"https:\/\/chinacustomboxes.com\/wp-content\/uploads\/2025\/08\/Custom-Design-Luxury-Lid-and-Base-Paper-Gift-Box-for-Perfume-4.jpg 1000w, https:\/\/chinacustomboxes.com\/wp-content\/uploads\/2025\/08\/Custom-Design-Luxury-Lid-and-Base-Paper-Gift-Box-for-Perfume-4-300x300.jpg 300w, https:\/\/chinacustomboxes.com\/wp-content\/uploads\/2025\/08\/Custom-Design-Luxury-Lid-and-Base-Paper-Gift-Box-for-Perfume-4-150x150.jpg 150w, https:\/\/chinacustomboxes.com\/wp-content\/uploads\/2025\/08\/Custom-Design-Luxury-Lid-and-Base-Paper-Gift-Box-for-Perfume-4-768x768.jpg 768w, https:\/\/chinacustomboxes.com\/wp-content\/uploads\/2025\/08\/Custom-Design-Luxury-Lid-and-Base-Paper-Gift-Box-for-Perfume-4-12x12.jpg 12w, https:\/\/chinacustomboxes.com\/wp-content\/uploads\/2025\/08\/Custom-Design-Luxury-Lid-and-Base-Paper-Gift-Box-for-Perfume-4-600x600.jpg 600w, https:\/\/chinacustomboxes.com\/wp-content\/uploads\/2025\/08\/Custom-Design-Luxury-Lid-and-Base-Paper-Gift-Box-for-Perfume-4-100x100.jpg 100w\" sizes=\"(max-width: 1000px) 100vw, 1000px\" \/><\/p>\n<h2 id=\"core-advantages-summary\">Riepilogo dei vantaggi principali<\/h2>\n<ul>\n<li>Caratteristiche : Valore commerciale e vantaggi per il cliente<\/li>\n<li>Coperchio e struttura portante: migliora il rituale di apertura e rafforza la foto dei costi del marchio.<\/li>\n<li>Materiali certificati FSC: Aderiscono alla legislazione UE sulla sostenibilit\u00e0, attirando clienti attenti all'ambiente<\/li>\n<li>Fodera cellulare personalizzata: Riduce i danni da trasporto 90%.<\/li>\n<li>Stampa a caldo + finitura UV: aumenta la presenza in rack di 40%, stimolando gli acquisti a impulsi.<\/li>\n<li>Soluzione esemplificativa in 1 ora: accelera il lancio degli articoli e riduce al minimo i prezzi di prova e di errore.<\/li>\n<\/ul>","protected":false},"excerpt":{"rendered":"<p>Progettata appositamente per i marchi di profumi di fascia alta, questa confezione regalo personalizzata presenta una classica struttura a sezioni divise (coperchio superiore e scatola di base) ed \u00e8 realizzata in cartone certificato FSC. La finitura opaca verde scuro e la stampa in oro ne accentuano la qualit\u00e0 lussuosa. Una fodera in schiuma\/flanella personalizzata assicura il flacone di profumo in modo sicuro, proteggendolo dagli urti del trasporto. Sono disponibili modifiche flessibili alle dimensioni, alla finitura e al rivestimento, oltre a un servizio di consegna dei campioni in un'ora per garantire che il design corrisponda esattamente alle esigenze del marchio, bilanciando la sostenibilit\u00e0 ambientale con l'efficienza commerciale.<\/p>","protected":false},"featured_media":2245,"template":"","meta":{"_kad_post_transparent":"default","_kad_post_title":"","_kad_post_layout":"default","_kad_post_sidebar_id":"","_kad_post_content_style":"default","_kad_post_vertical_padding":"default","_kad_post_feature":"","_kad_post_feature_position":"","_kad_post_header":false,"_kad_post_footer":false,"_kad_post_classname":""},"product_brand":[],"product_cat":[15,17,19,34],"product_tag":[548,547,546],"class_list":{"0":"post-2243","1":"product","2":"type-product","3":"status-publish","4":"has-post-thumbnail","6":"product_cat-boxes-by-shapes","7":"product_cat-boxes-by-industries","8":"product_cat-lid-and-base-boxes","9":"product_cat-perfume-packaging-boxes","10":"product_tag-custom-gift-box","11":"product_tag-gift-box-for-perfume","12":"product_tag-lid-and-base-paper-gift-box","14":"first","15":"instock","16":"shipping-taxable","17":"product-type-simple","18":"entry","19":"content-bg","20":"loop-entry"},"_links":{"self":[{"href":"https:\/\/chinacustomboxes.com\/it\/wp-json\/wp\/v2\/product\/2243","targetHints":{"allow":["GET"]}}],"collection":[{"href":"https:\/\/chinacustomboxes.com\/it\/wp-json\/wp\/v2\/product"}],"about":[{"href":"https:\/\/chinacustomboxes.com\/it\/wp-json\/wp\/v2\/types\/product"}],"wp:featuredmedia":[{"embeddable":true,"href":"https:\/\/chinacustomboxes.com\/it\/wp-json\/wp\/v2\/media\/2245"}],"wp:attachment":[{"href":"https:\/\/chinacustomboxes.com\/it\/wp-json\/wp\/v2\/media?parent=2243"}],"wp:term":[{"taxonomy":"product_brand","embeddable":true,"href":"https:\/\/chinacustomboxes.com\/it\/wp-json\/wp\/v2\/product_brand?post=2243"},{"taxonomy":"product_cat","embeddable":true,"href":"https:\/\/chinacustomboxes.com\/it\/wp-json\/wp\/v2\/product_cat?post=2243"},{"taxonomy":"product_tag","embeddable":true,"href":"https:\/\/chinacustomboxes.com\/it\/wp-json\/wp\/v2\/product_tag?post=2243"}],"curies":[{"name":"wp","href":"https:\/\/api.w.org\/{rel}","templated":true}]}}