{"id":2251,"date":"2025-08-15T03:00:43","date_gmt":"2025-08-15T03:00:43","guid":{"rendered":"https:\/\/chinacustomboxes.com\/?post_type=product&#038;p=2251"},"modified":"2025-08-15T05:50:23","modified_gmt":"2025-08-15T05:50:23","slug":"luxury-perfume-drawer-packaging-gift-boxes-manufacturer","status":"publish","type":"product","link":"https:\/\/chinacustomboxes.com\/it\/luxury-perfume-drawer-packaging-gift-boxes-manufacturer\/","title":{"rendered":"Lusso cassetto profumo imballaggio scatole regalo Fornitore"},"content":{"rendered":"<h2 id=\"deluxe-fragrance-drawer-packaging-gift-boxes-accuracy-workmanship-fulfills-classic-beauty\">Scatole regalo deluxe per l'imballaggio del cassetto dei profumi: L'accuratezza della lavorazione soddisfa la bellezza del classico<\/h2>\n<p>Realizzati con grande attenzione ai dettagli, i nostri armadietti per profumi di lusso sono prodotti <a href=\"https:\/\/chinacustomboxes.com\/it\/luxury-paper-gift-bags-for-cosmetics-perfume-distributors\/\">scatole da imballaggio<\/a> integrano un design innovativo e un'estetica sfarzosa per ridefinire la presentazione delle fragranze. Di seguito sono riportate le specifiche complete degli articoli, adattate alle vostre esigenze:<\/p>\n<h2 id=\"1-smooth-drawer-device\">1. Dispositivo a cassetto liscio<\/h2>\n<ul>\n<li>Stile Push-Pull: L'utilizzo di una combinazione avanzata di una scatola esterna (propriet\u00e0 esterna) e di un cassetto interno (cassetto interno), abbinata a una base a binario mobile, garantisce un'apertura e una chiusura fluide, personificando in modo impeccabile il rituale di unboxing dei profumi di alta gamma. I lati del binario sono lucidati al millimetro per eliminare le sbavature e offrire un'esperienza di risposta morbida come la seta.<\/li>\n<li>Apertura e chiusura ingegnose: Abbandonando la disposizione standard dei cassetti, questo <a href=\"https:\/\/chinacustomboxes.com\/it\/custom-child-proof-5-pre-roll-drawer-box-divider-boxes-consultant\/\">scatola<\/a> include un sistema opzionale a molla per un tocco leggero, eliminando il rischio che il flacone di profumo si agiti a causa di una forza eccessiva.<\/li>\n<\/ul>\n<p><img fetchpriority=\"high\" decoding=\"async\" class=\"alignnone wp-image-2252 size-full\" src=\"https:\/\/chinacustomboxes.com\/wp-content\/uploads\/2025\/08\/Luxury-Perfume-Drawer-Packaging-Gift-Boxes-Manufacturer-1.jpg\" alt=\"Lusso cassetto profumo imballaggio scatole regalo Fornitore\" width=\"1000\" height=\"1000\" title=\"\" srcset=\"https:\/\/chinacustomboxes.com\/wp-content\/uploads\/2025\/08\/Luxury-Perfume-Drawer-Packaging-Gift-Boxes-Manufacturer-1.jpg 1000w, https:\/\/chinacustomboxes.com\/wp-content\/uploads\/2025\/08\/Luxury-Perfume-Drawer-Packaging-Gift-Boxes-Manufacturer-1-300x300.jpg 300w, https:\/\/chinacustomboxes.com\/wp-content\/uploads\/2025\/08\/Luxury-Perfume-Drawer-Packaging-Gift-Boxes-Manufacturer-1-150x150.jpg 150w, https:\/\/chinacustomboxes.com\/wp-content\/uploads\/2025\/08\/Luxury-Perfume-Drawer-Packaging-Gift-Boxes-Manufacturer-1-768x768.jpg 768w, https:\/\/chinacustomboxes.com\/wp-content\/uploads\/2025\/08\/Luxury-Perfume-Drawer-Packaging-Gift-Boxes-Manufacturer-1-12x12.jpg 12w, https:\/\/chinacustomboxes.com\/wp-content\/uploads\/2025\/08\/Luxury-Perfume-Drawer-Packaging-Gift-Boxes-Manufacturer-1-600x600.jpg 600w, https:\/\/chinacustomboxes.com\/wp-content\/uploads\/2025\/08\/Luxury-Perfume-Drawer-Packaging-Gift-Boxes-Manufacturer-1-100x100.jpg 100w\" sizes=\"(max-width: 1000px) 100vw, 1000px\" \/><\/p>\n<h2 id=\"2-internal-protection-system-precision-cradle-defense\">2. Sistema di protezione interna | Culla di precisione e difesa<\/h2>\n<ul>\n<li>Scanalatura personalizzata: sulla base di informazioni di modellazione 3D, una scanalatura specifica viene tagliata nella scatola interna del cassetto, coprendo saldamente il contenitore del profumo per una vestibilit\u00e0 sicura \"galleggiante\". La scanalatura \u00e8 rivestita con schiuma EVA ecologica ad alta densit\u00e0 (densit\u00e0 regolabile) per assorbire correttamente le vibrazioni del trasporto ed evitare graffi e perdite.<\/li>\n<li>Design a doppia difesa: Una struttura cava sul fondo della scanalatura consente di accedere con una sola mano al flacone di profumo. Pu\u00f2 essere inclusa anche una finitura antistatica per evitare scintille fisse innescate dallo sfregamento con il contenitore.<\/li>\n<\/ul>\n<p><img decoding=\"async\" class=\"alignnone wp-image-2253 size-full\" src=\"https:\/\/chinacustomboxes.com\/wp-content\/uploads\/2025\/08\/Luxury-Perfume-Drawer-Packaging-Gift-Boxes-Manufacturer-2.jpg\" alt=\"Lusso cassetto profumo imballaggio scatole regalo Fornitore\" width=\"1000\" height=\"1000\" title=\"\" srcset=\"https:\/\/chinacustomboxes.com\/wp-content\/uploads\/2025\/08\/Luxury-Perfume-Drawer-Packaging-Gift-Boxes-Manufacturer-2.jpg 1000w, https:\/\/chinacustomboxes.com\/wp-content\/uploads\/2025\/08\/Luxury-Perfume-Drawer-Packaging-Gift-Boxes-Manufacturer-2-300x300.jpg 300w, https:\/\/chinacustomboxes.com\/wp-content\/uploads\/2025\/08\/Luxury-Perfume-Drawer-Packaging-Gift-Boxes-Manufacturer-2-150x150.jpg 150w, https:\/\/chinacustomboxes.com\/wp-content\/uploads\/2025\/08\/Luxury-Perfume-Drawer-Packaging-Gift-Boxes-Manufacturer-2-768x768.jpg 768w, https:\/\/chinacustomboxes.com\/wp-content\/uploads\/2025\/08\/Luxury-Perfume-Drawer-Packaging-Gift-Boxes-Manufacturer-2-12x12.jpg 12w, https:\/\/chinacustomboxes.com\/wp-content\/uploads\/2025\/08\/Luxury-Perfume-Drawer-Packaging-Gift-Boxes-Manufacturer-2-600x600.jpg 600w, https:\/\/chinacustomboxes.com\/wp-content\/uploads\/2025\/08\/Luxury-Perfume-Drawer-Packaging-Gift-Boxes-Manufacturer-2-100x100.jpg 100w\" sizes=\"(max-width: 1000px) 100vw, 1000px\" \/><\/p>\n<h2 id=\"3-box-product-feeling-natural-appearance-tactile-luxury\">3. Prodotto e sensazione di scatola | Aspetto naturale e lusso tattile<\/h2>\n<ul>\n<li>Superficie dall'aspetto naturale: Realizzato con carta profumata alle erbe importata o goffrato artisticamente <a href=\"https:\/\/chinacustomboxes.com\/it\/exporter-unique-marble-paper-shopping-gift-bag-for-hair-wigs\/\">carta<\/a>L'aspetto della fibra naturale \u00e8 protetto, offrendo una finitura opaca e un tocco caldo. La superficie \u00e8 trattata con una finitura a base d'acqua per resistere all'umidit\u00e0 e alle impronte digitali.<\/li>\n<li>Lavorazione decorativa 3D: Le texture irregolari gialle e bianche sono ottenute tramite una fantasiosa goffratura e stampa a display, creando una texture tridimensionale (profondit\u00e0 concava e convessa di 0,3-0,5 mm) e con una resistenza all'usura fino a 10.000 cicli di attrito senza staccarsi.<\/li>\n<\/ul>\n<p><img decoding=\"async\" class=\"alignnone wp-image-2254 size-full\" src=\"https:\/\/chinacustomboxes.com\/wp-content\/uploads\/2025\/08\/Luxury-Perfume-Drawer-Packaging-Gift-Boxes-Manufacturer-3.jpg\" alt=\"Lusso cassetto profumo imballaggio scatole regalo Fornitore\" width=\"1000\" height=\"1000\" title=\"\" srcset=\"https:\/\/chinacustomboxes.com\/wp-content\/uploads\/2025\/08\/Luxury-Perfume-Drawer-Packaging-Gift-Boxes-Manufacturer-3.jpg 1000w, https:\/\/chinacustomboxes.com\/wp-content\/uploads\/2025\/08\/Luxury-Perfume-Drawer-Packaging-Gift-Boxes-Manufacturer-3-300x300.jpg 300w, https:\/\/chinacustomboxes.com\/wp-content\/uploads\/2025\/08\/Luxury-Perfume-Drawer-Packaging-Gift-Boxes-Manufacturer-3-150x150.jpg 150w, https:\/\/chinacustomboxes.com\/wp-content\/uploads\/2025\/08\/Luxury-Perfume-Drawer-Packaging-Gift-Boxes-Manufacturer-3-768x768.jpg 768w, https:\/\/chinacustomboxes.com\/wp-content\/uploads\/2025\/08\/Luxury-Perfume-Drawer-Packaging-Gift-Boxes-Manufacturer-3-12x12.jpg 12w, https:\/\/chinacustomboxes.com\/wp-content\/uploads\/2025\/08\/Luxury-Perfume-Drawer-Packaging-Gift-Boxes-Manufacturer-3-600x600.jpg 600w, https:\/\/chinacustomboxes.com\/wp-content\/uploads\/2025\/08\/Luxury-Perfume-Drawer-Packaging-Gift-Boxes-Manufacturer-3-100x100.jpg 100w\" sizes=\"(max-width: 1000px) 100vw, 1000px\" \/><\/p>\n<h2 id=\"4-user-friendly-information-fine-tuned-useful-aspects\">4. Informazioni facili da usare e aspetti utili ben definiti<\/h2>\n<ul>\n<li>Supporto per l'apertura: Un supporto in cotone nero intrecciato (larghezza \u2265 15 mm) migliora la comodit\u00e0 di apertura del mobile; la maniglia \u00e8 protetta da un rivetto in acciaio all'estremit\u00e0 per garantire una deformazione duratura.<\/li>\n<li>Stile logo di alta gamma: L'etichetta metallica del marchio \u00e8 placcata in lega di zinco, disponibile in oro, platino o bronzo. La tecnologia di microincisione consente di ottenere una profondit\u00e0 del logo di \u2264 0,1 mm.<\/li>\n<\/ul>\n<h2 id=\"5-shade-and-aesthetic-logic-iconic-shade-strategy\">5. Strategia d'ombra e logica estetica | Strategia d'ombra iconica<\/h2>\n<ul>\n<li>Colore di lusso standard: un verde scuro intenso (Pantone 627C) \u00e8 il colore primario, che abita \u2265 85% di <a href=\"https:\/\/chinacustomboxes.com\/it\/customized-slider-child-resistant-box-rigid-boxes-wholesale\/\">la scatola<\/a> superficie, a significare la natura e l'eternit\u00e0. I piani dei cassetti neri opachi e le etichette in acciaio creano un contrasto tra luce e buio, migliorando la struttura estetica.<\/li>\n<li>Manipolazione duratura della tonalit\u00e0: Stampato con inchiostro vegetale a base d'acqua, la differenza di tonalit\u00e0 \u00e8 \u2264 0,5 \u0394E (requisito mondiale) e segue la certificazione ambientale FSC.<\/li>\n<\/ul>\n<p><img loading=\"lazy\" decoding=\"async\" class=\"alignnone wp-image-2255 size-full\" src=\"https:\/\/chinacustomboxes.com\/wp-content\/uploads\/2025\/08\/Luxury-Perfume-Drawer-Packaging-Gift-Boxes-Manufacturer-4.jpg\" alt=\"Lusso cassetto profumo imballaggio scatole regalo Fornitore\" width=\"1000\" height=\"1000\" title=\"\" srcset=\"https:\/\/chinacustomboxes.com\/wp-content\/uploads\/2025\/08\/Luxury-Perfume-Drawer-Packaging-Gift-Boxes-Manufacturer-4.jpg 1000w, https:\/\/chinacustomboxes.com\/wp-content\/uploads\/2025\/08\/Luxury-Perfume-Drawer-Packaging-Gift-Boxes-Manufacturer-4-300x300.jpg 300w, https:\/\/chinacustomboxes.com\/wp-content\/uploads\/2025\/08\/Luxury-Perfume-Drawer-Packaging-Gift-Boxes-Manufacturer-4-150x150.jpg 150w, https:\/\/chinacustomboxes.com\/wp-content\/uploads\/2025\/08\/Luxury-Perfume-Drawer-Packaging-Gift-Boxes-Manufacturer-4-768x768.jpg 768w, https:\/\/chinacustomboxes.com\/wp-content\/uploads\/2025\/08\/Luxury-Perfume-Drawer-Packaging-Gift-Boxes-Manufacturer-4-12x12.jpg 12w, https:\/\/chinacustomboxes.com\/wp-content\/uploads\/2025\/08\/Luxury-Perfume-Drawer-Packaging-Gift-Boxes-Manufacturer-4-600x600.jpg 600w, https:\/\/chinacustomboxes.com\/wp-content\/uploads\/2025\/08\/Luxury-Perfume-Drawer-Packaging-Gift-Boxes-Manufacturer-4-100x100.jpg 100w\" sizes=\"(max-width: 1000px) 100vw, 1000px\" \/><\/p>\n<h2 id=\"6-precision-production-criteria-millimeter-perfect-design\">6. Criteri di produzione di precisione | Design perfetto al millimetro<\/h2>\n<ul>\n<li>Controllo della precisione dello stampo: Il corpo della confezione si avvale di uno stampo intagliato con precisione CNC e di muffa (resistenza \u00b1 0,05 mm), che consente di ottenere angoli vivi e assenza di scheggiature. La distanza tra le guide dell'armadio \u00e8 \u2264 0,2 mm, per garantire un movimento e un disegno fluidi.<\/li>\n<li>Ambiente di produzione privo di polvere: L'intera procedura viene completata in una camera bianca Course 10.000, che elimina la contaminazione da polvere e garantisce una bella texture della superficie.<\/li>\n<\/ul>\n<p><img loading=\"lazy\" decoding=\"async\" class=\"alignnone wp-image-2256 size-full\" src=\"https:\/\/chinacustomboxes.com\/wp-content\/uploads\/2025\/08\/Luxury-Perfume-Drawer-Packaging-Gift-Boxes-Manufacturer-5.jpg\" alt=\"Lusso cassetto profumo imballaggio scatole regalo Fornitore\" width=\"1000\" height=\"1000\" title=\"\" srcset=\"https:\/\/chinacustomboxes.com\/wp-content\/uploads\/2025\/08\/Luxury-Perfume-Drawer-Packaging-Gift-Boxes-Manufacturer-5.jpg 1000w, https:\/\/chinacustomboxes.com\/wp-content\/uploads\/2025\/08\/Luxury-Perfume-Drawer-Packaging-Gift-Boxes-Manufacturer-5-300x300.jpg 300w, https:\/\/chinacustomboxes.com\/wp-content\/uploads\/2025\/08\/Luxury-Perfume-Drawer-Packaging-Gift-Boxes-Manufacturer-5-150x150.jpg 150w, https:\/\/chinacustomboxes.com\/wp-content\/uploads\/2025\/08\/Luxury-Perfume-Drawer-Packaging-Gift-Boxes-Manufacturer-5-768x768.jpg 768w, https:\/\/chinacustomboxes.com\/wp-content\/uploads\/2025\/08\/Luxury-Perfume-Drawer-Packaging-Gift-Boxes-Manufacturer-5-12x12.jpg 12w, https:\/\/chinacustomboxes.com\/wp-content\/uploads\/2025\/08\/Luxury-Perfume-Drawer-Packaging-Gift-Boxes-Manufacturer-5-600x600.jpg 600w, https:\/\/chinacustomboxes.com\/wp-content\/uploads\/2025\/08\/Luxury-Perfume-Drawer-Packaging-Gift-Boxes-Manufacturer-5-100x100.jpg 100w\" sizes=\"(max-width: 1000px) 100vw, 1000px\" \/><\/p>\n<h2 id=\"7-rapid-development-capabilities-agile-prototyping-manufacturing\">7. Capacit\u00e0 di sviluppo rapido e prototipazione e produzione agile<\/h2>\n<ul>\n<li>Processo di sviluppo digitale: Supporta la modellazione 3D (Rhino\/SolidWorks) per la simulazione in tempo reale della struttura della scatola. Gli esempi tagliati al laser possono essere verificati entro 8 ore, accelerando le versioni di stile.<\/li>\n<li>Feedback di produzione versatile: Il ciclo di automazione \u00e8 di 15-20 giorni (composto da processi su misura), sostiene MOQ di 500 pezzi e lavora con richieste OEM\/ODM.<\/li>\n<\/ul>","protected":false},"excerpt":{"rendered":"<p>La scatola regalo per profumi a cassetto presenta un design a binario scorrevole che crea un senso di rituale all'apertura. Le scanalature in EVA di alta precisione sono inserite per consentire alla bottiglia di profumo di essere \"sospesa\" e fissata. La texture naturale della carta profumata alle erbe e l'etichetta metallica dettagliata creano un'esperienza tranquilla e lussuosa. Il cofanetto \u00e8 tagliato con una fustellatura millimetrica, che determina angoli e spigoli vivi. Il colore primario verde scuro \u00e8 completato da una serigrafia artistica in rilievo, che crea un classico visivo sostenibile. La modellazione 3D \u00e8 supportata per una prova rapida, con consegna globale entro 15 giorni.<\/p>","protected":false},"featured_media":2252,"template":"","meta":{"_kad_post_transparent":"default","_kad_post_title":"","_kad_post_layout":"default","_kad_post_sidebar_id":"","_kad_post_content_style":"default","_kad_post_vertical_padding":"default","_kad_post_feature":"","_kad_post_feature_position":"","_kad_post_header":false,"_kad_post_footer":false,"_kad_post_classname":""},"product_brand":[],"product_cat":[15,17,20,34],"product_tag":[551,549,550],"class_list":{"0":"post-2251","1":"product","2":"type-product","3":"status-publish","4":"has-post-thumbnail","6":"product_cat-boxes-by-shapes","7":"product_cat-boxes-by-industries","8":"product_cat-drawer-style-boxes","9":"product_cat-perfume-packaging-boxes","10":"product_tag-gift-boxes-manufacturer","11":"product_tag-luxury-perfume-packaging","12":"product_tag-perfume-drawer-boxes","14":"first","15":"instock","16":"shipping-taxable","17":"product-type-simple","18":"entry","19":"content-bg","20":"loop-entry"},"_links":{"self":[{"href":"https:\/\/chinacustomboxes.com\/it\/wp-json\/wp\/v2\/product\/2251","targetHints":{"allow":["GET"]}}],"collection":[{"href":"https:\/\/chinacustomboxes.com\/it\/wp-json\/wp\/v2\/product"}],"about":[{"href":"https:\/\/chinacustomboxes.com\/it\/wp-json\/wp\/v2\/types\/product"}],"wp:featuredmedia":[{"embeddable":true,"href":"https:\/\/chinacustomboxes.com\/it\/wp-json\/wp\/v2\/media\/2252"}],"wp:attachment":[{"href":"https:\/\/chinacustomboxes.com\/it\/wp-json\/wp\/v2\/media?parent=2251"}],"wp:term":[{"taxonomy":"product_brand","embeddable":true,"href":"https:\/\/chinacustomboxes.com\/it\/wp-json\/wp\/v2\/product_brand?post=2251"},{"taxonomy":"product_cat","embeddable":true,"href":"https:\/\/chinacustomboxes.com\/it\/wp-json\/wp\/v2\/product_cat?post=2251"},{"taxonomy":"product_tag","embeddable":true,"href":"https:\/\/chinacustomboxes.com\/it\/wp-json\/wp\/v2\/product_tag?post=2251"}],"curies":[{"name":"wp","href":"https:\/\/api.w.org\/{rel}","templated":true}]}}