{"id":2259,"date":"2025-08-19T02:29:33","date_gmt":"2025-08-19T02:29:33","guid":{"rendered":"https:\/\/chinacustomboxes.com\/?post_type=product&#038;p=2259"},"modified":"2025-08-19T03:48:14","modified_gmt":"2025-08-19T03:48:14","slug":"body-lotion-essential-oil-perfume-paper-drawer-boxes-dealer","status":"publish","type":"product","link":"https:\/\/chinacustomboxes.com\/it\/body-lotion-essential-oil-perfume-paper-drawer-boxes-dealer\/","title":{"rendered":"Corpo lozione olio essenziale profumo carta cassetto scatole rivenditore"},"content":{"rendered":"<h2 id=\"1-the-costs-paper-drawer-boxes-for-cosmetics-oils-and-perfumes-\">1.\u00a0<strong>I costi delle scatole di carta per cosmetici, oli essenziali, lozioni per il corpo e profumi<\/strong><\/h2>\n<p>Per i marchi pi\u00f9 esigenti nei settori delle lozioni per il corpo, degli oli essenziali e dei profumi, la confezione del prodotto non \u00e8 solo un contenitore, ma \u00e8 una parte vitale della narrazione del marchio e dell'esperienza del consumatore. Noi forniamo il servizio supremo per elevare questa storia: la scatola di carta personalizzata, un'incarnazione di classe, sicurezza e gioia sensoriale.<\/p>\n<p>In qualit\u00e0 di rivenditore e partner di primo piano nel settore del confezionamento di prodotti di alta gamma, siamo consapevoli che il vostro prodotto merita una presentazione accurata quanto il suo contenuto. Il <a href=\"https:\/\/chinacustomboxes.com\/it\/drawer-style-boxes\/\">cassettiere<\/a>La scatola, chiamata anche scatola a scorrimento o scatola a manica e vassoio, offre un'esperienza di unboxing interattiva e notevole che stabilisce un tono di costo fin dall'inizio. Il leggero scorrimento dell'involucro, la progressiva rivelazione del prodotto racchiuso al suo interno: \u00e8 molto pi\u00f9 che la semplice apertura di una scatola; \u00e8 un momento di esplorazione e di attesa che aumenta in modo significativo il valore visivo del vostro marchio.<\/p>\n<p><img fetchpriority=\"high\" decoding=\"async\" class=\"alignnone wp-image-2261 size-full\" src=\"https:\/\/chinacustomboxes.com\/wp-content\/uploads\/2025\/08\/Body-Lotion-Essential-Oil-Perfume-Paper-Drawer-Boxes-Dealer-2.jpg\" alt=\"Corpo lozione olio essenziale profumo carta cassetto scatole rivenditore\" width=\"1000\" height=\"1000\" title=\"\" srcset=\"https:\/\/chinacustomboxes.com\/wp-content\/uploads\/2025\/08\/Body-Lotion-Essential-Oil-Perfume-Paper-Drawer-Boxes-Dealer-2.jpg 1000w, https:\/\/chinacustomboxes.com\/wp-content\/uploads\/2025\/08\/Body-Lotion-Essential-Oil-Perfume-Paper-Drawer-Boxes-Dealer-2-300x300.jpg 300w, https:\/\/chinacustomboxes.com\/wp-content\/uploads\/2025\/08\/Body-Lotion-Essential-Oil-Perfume-Paper-Drawer-Boxes-Dealer-2-150x150.jpg 150w, https:\/\/chinacustomboxes.com\/wp-content\/uploads\/2025\/08\/Body-Lotion-Essential-Oil-Perfume-Paper-Drawer-Boxes-Dealer-2-768x768.jpg 768w, https:\/\/chinacustomboxes.com\/wp-content\/uploads\/2025\/08\/Body-Lotion-Essential-Oil-Perfume-Paper-Drawer-Boxes-Dealer-2-12x12.jpg 12w, https:\/\/chinacustomboxes.com\/wp-content\/uploads\/2025\/08\/Body-Lotion-Essential-Oil-Perfume-Paper-Drawer-Boxes-Dealer-2-600x600.jpg 600w, https:\/\/chinacustomboxes.com\/wp-content\/uploads\/2025\/08\/Body-Lotion-Essential-Oil-Perfume-Paper-Drawer-Boxes-Dealer-2-100x100.jpg 100w\" sizes=\"(max-width: 1000px) 100vw, 1000px\" \/><\/p>\n<h2 id=\"2-the-art-of-presentation-why-a-paper-drawer-boxes-is-the-superior-selection-\">2.\u00a0<strong>L'arte della presentazione: Perch\u00e9 le cassettiere di carta sono la scelta migliore\u00a0<\/strong>.<\/h2>\n<ul>\n<li><strong>Un indimenticabile viaggio di unboxing:\u00a0<\/strong>Il vantaggio principale della cassettiera \u00e8 il disimballaggio avanzato che offre. L'attivit\u00e0 fluida e controllata di far scorrere il vassoio interno fuori dalla sua custodia produce un'esperienza tattile soddisfacente e di classe.<\/li>\n<li><strong>Coltivare un'immagine di marca dei costi:\u00a0<\/strong>La struttura robusta e rigida delle cassettiere \u00e8 subito indice di alta qualit\u00e0. Questo design \u00e8 sinonimo di prodotti di fascia alta, dall'elettronica di qualit\u00e0 ai gioielli di alta moda. Scegliendo questo tipo di confezione per le vostre lozioni, oli o profumi, allineerete il vostro marchio con questo presupposto di qualit\u00e0 e di interesse meticoloso per le informazioni.<\/li>\n<li><strong>La funzionalit\u00e0 incontra la longevit\u00e0:\u00a0<\/strong>Le cassettiere sono intrinsecamente utili e durevoli. Molti clienti riutilizzano queste attraenti <a href=\"https:\/\/chinacustomboxes.com\/it\/luxury-quality-double-door-box-for-arab-perfume-skincare\/\">scatole<\/a> per conservare gioielli, ricordi o articoli di cancelleria, trasformando l'imballaggio in un oggetto di valore duraturo. Questa riutilizzabilit\u00e0 non \u00e8 solo un vantaggio ecologico, ma anche uno strumento pubblicitario sottile ed efficace, che mantiene il vostro marchio visibile anche dopo che l'articolo \u00e8 stato utilizzato.<\/li>\n<li><strong>Difesa inflessibile per prodotti delicati:\u00a0<\/strong>Profumi, oli vitali e creme sono spesso contenuti in fragili bottiglie di vetro o in delicati contenitori. La robusta struttura di una scatola inflessibile, integrata con installazioni interne di precisione, fornisce una sicurezza ineguagliabile contro urti, vibrazioni e spostamenti durante il trasporto. In questo modo si garantisce che il vostro articolo arrivi qui nell'integrit\u00e0 che i vostri clienti si aspettano, assicurando sia l'articolo che la credibilit\u00e0 del vostro marchio.<\/li>\n<\/ul>\n<p><img decoding=\"async\" class=\"alignnone wp-image-2260 size-full\" src=\"https:\/\/chinacustomboxes.com\/wp-content\/uploads\/2025\/08\/Body-Lotion-Essential-Oil-Perfume-Paper-Drawer-Boxes-Dealer-1.jpg\" alt=\"Corpo lozione olio essenziale profumo carta cassetto scatole rivenditore\" width=\"1000\" height=\"1000\" title=\"\" srcset=\"https:\/\/chinacustomboxes.com\/wp-content\/uploads\/2025\/08\/Body-Lotion-Essential-Oil-Perfume-Paper-Drawer-Boxes-Dealer-1.jpg 1000w, https:\/\/chinacustomboxes.com\/wp-content\/uploads\/2025\/08\/Body-Lotion-Essential-Oil-Perfume-Paper-Drawer-Boxes-Dealer-1-300x300.jpg 300w, https:\/\/chinacustomboxes.com\/wp-content\/uploads\/2025\/08\/Body-Lotion-Essential-Oil-Perfume-Paper-Drawer-Boxes-Dealer-1-150x150.jpg 150w, https:\/\/chinacustomboxes.com\/wp-content\/uploads\/2025\/08\/Body-Lotion-Essential-Oil-Perfume-Paper-Drawer-Boxes-Dealer-1-768x768.jpg 768w, https:\/\/chinacustomboxes.com\/wp-content\/uploads\/2025\/08\/Body-Lotion-Essential-Oil-Perfume-Paper-Drawer-Boxes-Dealer-1-12x12.jpg 12w, https:\/\/chinacustomboxes.com\/wp-content\/uploads\/2025\/08\/Body-Lotion-Essential-Oil-Perfume-Paper-Drawer-Boxes-Dealer-1-600x600.jpg 600w, https:\/\/chinacustomboxes.com\/wp-content\/uploads\/2025\/08\/Body-Lotion-Essential-Oil-Perfume-Paper-Drawer-Boxes-Dealer-1-100x100.jpg 100w\" sizes=\"(max-width: 1000px) 100vw, 1000px\" \/><\/p>\n<h2 id=\"3-uncompromising-quality-a-deep-dive-into-our-materials-\">3.\u00a0<strong>Qualit\u00e0 senza compromessi: Un'immersione profonda nei nostri materiali\u00a0<\/strong>.<\/h2>\n<p>L'eleganza delle nostre cassettiere inizia con la selezione di materie prime di qualit\u00e0 superiore. Costruiamo ogni cassettiera dall'interno, assicurandoci che ogni strato contribuisca a un prodotto finale strutturalmente solido ed esteticamente spettacolare.<\/p>\n<p><strong>Il quadro centrale: La forza interiore\u00a0<\/strong>. La base delle nostre cassettiere \u00e8 costituita da un cartone rigido ad alta densit\u00e0, solitamente descritto come greyboard o chipboard. Questo prodotto, ricavato da carta riciclata, offre una robustezza e una resistenza fenomenali alla flessione e alla rottura. Offriamo una gamma di densit\u00e0, generalmente da 1,5 mm a 3 mm (approssimativamente da 800 g\/m\u00b2 a 2000 g\/m\u00b2), che vi consente di scegliere il livello di rigidit\u00e0 e di peso pi\u00f9 adatto al vostro articolo. Questa solida anima \u00e8 l'eroe nascosto che conferisce alla scatola la sua qualit\u00e0 duratura.<\/p>\n<p><strong>Il rivestimento esterno: Una tela per il vostro marchio\u00a0<\/strong>. L'anima inflessibile viene poi rivestita con una carta a scelta, che diventa l'espressione visiva e tattile dell'identificazione del vostro marchio. La nostra vasta scelta comprende:.<\/p>\n<ul>\n<li><strong>Carte specializzate e testurizzate:\u00a0<\/strong>L'involucro di carta testurizzata utilizza una superficie senza tempo, sofisticata e tattilmente coinvolgente, lussuosa al tatto. Offriamo un'ampia gamma di aspetti, dalla delicata biancheria da letto alla robusta similpelle.<\/li>\n<li><strong>Carta d'arte:\u00a0<\/strong>Una scelta liscia e flessibile con una finitura premium, adatta alla stampa di sfumature ad alta fedelt\u00e0 e alla grafica dinamica.<\/li>\n<li><strong>Carta Kraft:\u00a0<\/strong>Per i marchi che mettono in evidenza il valore del tutto naturale, del biologico o del rispetto dell'ambiente, la carta Kraft offre un'estetica rustica e naturale. \u00c8 riciclabile e naturalmente degradabile.<\/li>\n<li><strong>Carta nera opaca:\u00a0<\/strong>L'epitome dell'eleganza moderna e del minimalismo. La finitura nera opaca, profonda e non riflettente, produce una potente dichiarazione di fascia alta ed \u00e8 una scelta popolare per le linee di cosmetici e profumi di alta qualit\u00e0.<\/li>\n<\/ul>\n<p><strong>L'interno: Nascondere il prodotto con sicurezza e stile\u00a0<\/strong>. L'interno della confezione \u00e8 importante quanto l'esterno. Gli inserti personalizzati sono necessari per fissare e fornire perfettamente i vostri prodotti. Le nostre opzioni includono:.<\/p>\n<ul>\n<li><strong>Schiuma EVA (etilene-acetato di vinile):\u00a0<\/strong>Comunemente considerata il gold standard per la sicurezza, la schiuma EVA \u00e8 una schiuma spessa e liscia che offre un ottimo supporto contro gli urti e gli effetti. Pu\u00f2 essere fustellata con precisione per adattarsi ai contorni specifici di qualsiasi tipo di bottiglia o contenitore, mantenendolo saldamente in posizione. Disponibile in diversi colori, come il nero o il bianco, offre uno sfondo pulito e professionale che mette in risalto il vostro articolo.<\/li>\n<li><strong>Velluto e rivestimenti tessili:\u00a0<\/strong>Per un ulteriore tocco di lusso, gli inserti in schiuma possono essere rivestiti di morbido velluto o altri materiali, migliorando l'esperienza sensoriale dell'unboxing.<\/li>\n<li><strong>Pasta di carta modellata:\u00a0<\/strong>Un'opzione duratura ed ecologica, gli inserti in pasta di cellulosa formata sono realizzati con carta riciclata e possono essere formati in qualsiasi tipo di forma, utilizzando una grande difesa con una sensazione naturale e naturale.<\/li>\n<li><strong>Cartone fustellato:\u00a0<\/strong>Un'opzione economica e riciclabile, gli inserti di cartone possono essere stratificati e tagliati per ottenere una protezione adatta ai vostri prodotti.<\/li>\n<\/ul>\n<p><img decoding=\"async\" class=\"alignnone wp-image-2262 size-full\" src=\"https:\/\/chinacustomboxes.com\/wp-content\/uploads\/2025\/08\/Body-Lotion-Essential-Oil-Perfume-Paper-Drawer-Boxes-Dealer-3.jpg\" alt=\"Corpo lozione olio essenziale profumo carta cassetto scatole rivenditore\" width=\"1000\" height=\"1000\" title=\"\" srcset=\"https:\/\/chinacustomboxes.com\/wp-content\/uploads\/2025\/08\/Body-Lotion-Essential-Oil-Perfume-Paper-Drawer-Boxes-Dealer-3.jpg 1000w, https:\/\/chinacustomboxes.com\/wp-content\/uploads\/2025\/08\/Body-Lotion-Essential-Oil-Perfume-Paper-Drawer-Boxes-Dealer-3-300x300.jpg 300w, https:\/\/chinacustomboxes.com\/wp-content\/uploads\/2025\/08\/Body-Lotion-Essential-Oil-Perfume-Paper-Drawer-Boxes-Dealer-3-150x150.jpg 150w, https:\/\/chinacustomboxes.com\/wp-content\/uploads\/2025\/08\/Body-Lotion-Essential-Oil-Perfume-Paper-Drawer-Boxes-Dealer-3-768x768.jpg 768w, https:\/\/chinacustomboxes.com\/wp-content\/uploads\/2025\/08\/Body-Lotion-Essential-Oil-Perfume-Paper-Drawer-Boxes-Dealer-3-12x12.jpg 12w, https:\/\/chinacustomboxes.com\/wp-content\/uploads\/2025\/08\/Body-Lotion-Essential-Oil-Perfume-Paper-Drawer-Boxes-Dealer-3-600x600.jpg 600w, https:\/\/chinacustomboxes.com\/wp-content\/uploads\/2025\/08\/Body-Lotion-Essential-Oil-Perfume-Paper-Drawer-Boxes-Dealer-3-100x100.jpg 100w\" sizes=\"(max-width: 1000px) 100vw, 1000px\" \/><\/p>\n<h2 id=\"4-infinite-opportunities-customization-that-tells-your-tale-\">4.\u00a0<strong>Infinite opportunit\u00e0: La personalizzazione che racconta la vostra storia\u00a0<\/strong>.<\/h2>\n<p>Il nome del vostro marchio \u00e8 unico e il vostro prodotto <a href=\"https:\/\/chinacustomboxes.com\/it\/holographic-laser-paper-rainbow-a5-deep-gift-box-with-ribbon\/\">imballaggio<\/a> deve essere anche. Forniamo una serie dettagliata di opzioni di personalizzazione per garantire che la vostra visione venga realizzata in modo impeccabile. Ogni componente del cabinet box pu\u00f2 essere personalizzato per riflettere l'essenza del vostro marchio.<\/p>\n<p><strong>Tecniche di stampa e finitura per l'impatto visivo:\u00a0<\/strong>.<\/p>\n<ul>\n<li><strong>Foglio di alluminio Stampaggio:\u00a0<\/strong>Aggiungete un tocco di brillantezza metallica con la stampa a caldo di fogli di alluminio. Gli intramontabili fogli di alluminio oro e argento condividono il lusso senza tempo, mentre l'oro rosa, il rame e i fogli olografici offrono un'allure moderna e alla moda. \u00c8 un'opzione eccellente per i design dei loghi e per gli aspetti chiave del layout.<\/li>\n<li><strong>Goffratura e debossatura:\u00a0<\/strong>Per ottenere un effetto sottile e tridimensionale, il logo o il motivo vengono sollevati (embossing) o delusi (debossing) dalla carta. Questo aggiunge un aspetto sofisticato che invita al tatto.<\/li>\n<li><strong>Area Rivestimento UV:\u00a0<\/strong>Utilizzate una vernice lucida per dettagliare le aree di una scatola con finitura opaca, per creare un contrasto sorprendente nelle strutture. Questo metodo pu\u00f2 mettere in risalto un logo, un motivo o un marchio, facendolo risaltare visivamente.<\/li>\n<li><strong>Consistenza del colore e del marchio:\u00a0<\/strong>Utilizziamo sistemi innovativi di corrispondenza delle tonalit\u00e0 CMYK e Pantone (PMS) per garantire che i colori del vostro marchio siano ricreati con eccellente precisione, mantenendo l'integrit\u00e0 del marchio in tutte le vostre confezioni.<\/li>\n<\/ul>\n<p><strong>Abbellimenti pratici per un tocco elegante:\u00a0<\/strong>.<\/p>\n<ul>\n<li><strong>Tratto di prua:\u00a0<\/strong>L'elegante e pratico tiretto a forma di fiocco, come mostrato nelle immagini, \u00e8 un marchio di fabbrica delle cassettiere di alta qualit\u00e0. Fornisce un modo semplice per aprire il cassetto, aggiungendo un tocco di colore e un elemento morbido e reattivo. I nastri possono essere personalizzati in un'ampia gamma di colori e possono anche essere stampati con il vostro marchio.<\/li>\n<li><strong>Chiusure magnetiche:\u00a0<\/strong>Per un'esperienza di lusso diversa, \u00e8 possibile installare chiusure magnetiche all'interno del manicotto e del vassoio, offrendo una sensazione di chiusura a scatto piacevole e sicura che rafforza la qualit\u00e0 superiore del packaging del prodotto.<\/li>\n<\/ul>\n<p><img loading=\"lazy\" decoding=\"async\" class=\"alignnone wp-image-2263 size-full\" src=\"https:\/\/chinacustomboxes.com\/wp-content\/uploads\/2025\/08\/Body-Lotion-Essential-Oil-Perfume-Paper-Drawer-Boxes-Dealer-4.jpg\" alt=\"Corpo lozione olio essenziale profumo carta cassetto scatole rivenditore\" width=\"1000\" height=\"1000\" title=\"\" srcset=\"https:\/\/chinacustomboxes.com\/wp-content\/uploads\/2025\/08\/Body-Lotion-Essential-Oil-Perfume-Paper-Drawer-Boxes-Dealer-4.jpg 1000w, https:\/\/chinacustomboxes.com\/wp-content\/uploads\/2025\/08\/Body-Lotion-Essential-Oil-Perfume-Paper-Drawer-Boxes-Dealer-4-300x300.jpg 300w, https:\/\/chinacustomboxes.com\/wp-content\/uploads\/2025\/08\/Body-Lotion-Essential-Oil-Perfume-Paper-Drawer-Boxes-Dealer-4-150x150.jpg 150w, https:\/\/chinacustomboxes.com\/wp-content\/uploads\/2025\/08\/Body-Lotion-Essential-Oil-Perfume-Paper-Drawer-Boxes-Dealer-4-768x768.jpg 768w, https:\/\/chinacustomboxes.com\/wp-content\/uploads\/2025\/08\/Body-Lotion-Essential-Oil-Perfume-Paper-Drawer-Boxes-Dealer-4-12x12.jpg 12w, https:\/\/chinacustomboxes.com\/wp-content\/uploads\/2025\/08\/Body-Lotion-Essential-Oil-Perfume-Paper-Drawer-Boxes-Dealer-4-600x600.jpg 600w, https:\/\/chinacustomboxes.com\/wp-content\/uploads\/2025\/08\/Body-Lotion-Essential-Oil-Perfume-Paper-Drawer-Boxes-Dealer-4-100x100.jpg 100w\" sizes=\"(max-width: 1000px) 100vw, 1000px\" \/><\/p>\n<h2 id=\"5-your-partner-in-product-packaging-quality-the-dealer-advantage-\">5.\u00a0<strong>Il vostro partner nella qualit\u00e0 dell'imballaggio dei prodotti: Il vantaggio del rivenditore\u00a0<\/strong>.<\/h2>\n<p>Navigare nel mondo di <a href=\"https:\/\/chinacustomboxes.com\/it\/silver-hologram-paper-folding-gift-sephora-packaging-boxes\/\">imballaggio personalizzato<\/a> pu\u00f2 essere complicato. In qualit\u00e0 di fornitore dedicato all'imballaggio dei prodotti, la nostra funzione va ben oltre la semplice fornitura di scatole. Siamo consulenti, responsabili del lavoro ed esperti di garanzia della qualit\u00e0, semplificando l'intero processo, dall'idea alla distribuzione.<\/p>\n<ul>\n<li><strong>Orientamento professionale:\u00a0<\/strong>Il nostro team di professionisti offre consigli utilissimi sulle opzioni di prodotto, sul design architettonico e sulle scelte di finitura per assistervi nello sviluppo di una delle confezioni di prodotto pi\u00f9 efficienti ed economiche per le vostre esigenze di dettaglio.<\/li>\n<li><strong>Monitoraggio della catena di fornitura senza soluzione di continuit\u00e0:\u00a0<\/strong>Utilizziamo la nostra vasta rete di partner di produzione di alto livello per garantire la migliore produzione. Ci occupiamo di tutta la logistica, dalla prototipazione all'organizzazione della produzione fino alla spedizione finale, assicurando una distribuzione rapida e permettendovi di concentrarvi sul vostro core business.<\/li>\n<li><strong>Alta qualit\u00e0 su cui contare:\u00a0<\/strong>Implementiamo rigorosi criteri di garanzia della qualit\u00e0 in ogni fase della produzione. Dalla precisione delle fustelle alla coerenza del colore, assicuriamo che ogni scatola ottenuta sia perfetta.<\/li>\n<li><strong>Soluzioni per ogni gamma:\u00a0<\/strong>Che siate un marchio di negozio che lancia un nuovo prodotto o un'azienda riconosciuta che pianifica una produzione su larga scala, abbiamo l'adattabilit\u00e0 e le risorse per gestire ordini di tutte le dimensioni, assicurandovi prezzi convenienti e soluzioni dedicate.<\/li>\n<\/ul>","protected":false},"excerpt":{"rendered":"<p>I rivenditori di cassetti di carta per oli essenziali per lozioni per il corpo descrivono rimedi per l'imballaggio di prodotti che integrano lozioni per il corpo con oli essenziali, spesso in modo da consentire la personalizzazione dell'aroma. Queste scatole possono contenere sia la lozione per il corpo che gli oli essenziali, oppure possono essere sviluppate per contenere sia la crema che un contenitore separato di oli essenziali che l'utente pu\u00f2 miscelare e abbinare. La confezione contiene spesso indicazioni o suggerimenti per creare miscele di profumi personalizzate.<\/p>","protected":false},"featured_media":2261,"template":"","meta":{"_kad_post_transparent":"default","_kad_post_title":"","_kad_post_layout":"default","_kad_post_sidebar_id":"","_kad_post_content_style":"default","_kad_post_vertical_padding":"default","_kad_post_feature":"","_kad_post_feature_position":"","_kad_post_header":false,"_kad_post_footer":false,"_kad_post_classname":""},"product_brand":[],"product_cat":[15,17,28,20,34],"product_tag":[552,553,554],"class_list":{"0":"post-2259","1":"product","2":"type-product","3":"status-publish","4":"has-post-thumbnail","6":"product_cat-boxes-by-shapes","7":"product_cat-boxes-by-industries","8":"product_cat-cosmetic-packaging-boxes","9":"product_cat-drawer-style-boxes","10":"product_cat-perfume-packaging-boxes","11":"product_tag-body-lotion-boxes","12":"product_tag-essential-oil-boxes","13":"product_tag-paper-drawer-boxes","15":"first","16":"instock","17":"shipping-taxable","18":"product-type-simple","19":"entry","20":"content-bg","21":"loop-entry"},"_links":{"self":[{"href":"https:\/\/chinacustomboxes.com\/it\/wp-json\/wp\/v2\/product\/2259","targetHints":{"allow":["GET"]}}],"collection":[{"href":"https:\/\/chinacustomboxes.com\/it\/wp-json\/wp\/v2\/product"}],"about":[{"href":"https:\/\/chinacustomboxes.com\/it\/wp-json\/wp\/v2\/types\/product"}],"wp:featuredmedia":[{"embeddable":true,"href":"https:\/\/chinacustomboxes.com\/it\/wp-json\/wp\/v2\/media\/2261"}],"wp:attachment":[{"href":"https:\/\/chinacustomboxes.com\/it\/wp-json\/wp\/v2\/media?parent=2259"}],"wp:term":[{"taxonomy":"product_brand","embeddable":true,"href":"https:\/\/chinacustomboxes.com\/it\/wp-json\/wp\/v2\/product_brand?post=2259"},{"taxonomy":"product_cat","embeddable":true,"href":"https:\/\/chinacustomboxes.com\/it\/wp-json\/wp\/v2\/product_cat?post=2259"},{"taxonomy":"product_tag","embeddable":true,"href":"https:\/\/chinacustomboxes.com\/it\/wp-json\/wp\/v2\/product_tag?post=2259"}],"curies":[{"name":"wp","href":"https:\/\/api.w.org\/{rel}","templated":true}]}}