{"id":2273,"date":"2025-08-20T03:15:00","date_gmt":"2025-08-20T03:15:00","guid":{"rendered":"https:\/\/chinacustomboxes.com\/?post_type=product&#038;p=2273"},"modified":"2025-08-20T03:44:20","modified_gmt":"2025-08-20T03:44:20","slug":"eye-cream-carrier-oil-cosmetic-magnetic-lid-boxes-factory","status":"publish","type":"product","link":"https:\/\/chinacustomboxes.com\/it\/eye-cream-carrier-oil-cosmetic-magnetic-lid-boxes-factory\/","title":{"rendered":"Eye Cream Carrier Oil cosmetici magnetico coperchio scatole fabbrica"},"content":{"rendered":"<h2 id=\"premium-custom-made-magnetic-lid-eye-cream-essence-freeze-dried-powder-appeal-boxes\">Premium Custom-made coperchio magnetico crema occhio essenza liofilizzato polvere appello scatole<br \/>\n<span style=\"font-size: 17px; font-weight: 400;\">Siamo consapevoli che, in un mercato cosmetico estremamente competitivo, il packaging non \u00e8 solo un contenitore per il prodotto, ma anche il mezzo per creare la prima connessione emotiva tra il marchio e il consumatore. Porta con s\u00e9 la filosofia del marchio, trasmette la professionalit\u00e0 del prodotto e, in ultima analisi, influenza la decisione di acquisto del consumatore. Per questo motivo, abbiamo dedicato i nostri sforzi alla creazione di questo <a href=\"https:\/\/chinacustomboxes.com\/it\/exporting-custom-luxury-magnetic-closure-rigid-shoes-boxes\/\">cofanetto di bellezza con coperchio magnetico<\/a>con l'obiettivo di fornire una casa perfetta per i vostri prodotti, curando meticolosamente ogni dettaglio, combinando protezione, funzionalit\u00e0 e arte.<\/span><\/h2>\n<h2 id=\"1-ingenious-magnetic-structure-elegant-opening-and-closing-exuding-high-end\">1. Struttura magnetica ingegnosa: Apertura e chiusura eleganti, di alta gamma.<\/h2>\n<p>Abbiamo abbandonato gli stili convenzionali a scatto o a ribalta per adottare in modo innovativo un sistema integrato e potente. <a href=\"https:\/\/chinacustomboxes.com\/it\/magnetic-closure-boxes\/\">chiusura magnetica Scatole<\/a>. Quando il coperchio viene chiuso delicatamente, i magneti si innestano con precisione, emettendo un clic netto e costante, producendo una netta sensazione di routine e soddisfazione. Questo stile non solo garantisce il beneficio e la sicurezza della scatola, impedendo l'apertura accidentale durante la mobilit\u00e0 o il trasporto, ma l'apertura e la chiusura fluide personificano in modo impeccabile la raffinatezza e il lusso ricercati dai cosmetici di fascia alta. Ogni apertura \u00e8 una comunicazione di classe del marchio.<\/p>\n<p><img fetchpriority=\"high\" decoding=\"async\" class=\"alignnone wp-image-2276 size-full\" src=\"https:\/\/chinacustomboxes.com\/wp-content\/uploads\/2025\/08\/Eye-Cream-Carrier-Oil-Cosmetic-Magnetic-Lid-Boxes-Factory-3.jpg\" alt=\"Eye Cream Carrier Oil cosmetici magnetico coperchio scatole fabbrica\" width=\"1000\" height=\"1000\" title=\"\" srcset=\"https:\/\/chinacustomboxes.com\/wp-content\/uploads\/2025\/08\/Eye-Cream-Carrier-Oil-Cosmetic-Magnetic-Lid-Boxes-Factory-3.jpg 1000w, https:\/\/chinacustomboxes.com\/wp-content\/uploads\/2025\/08\/Eye-Cream-Carrier-Oil-Cosmetic-Magnetic-Lid-Boxes-Factory-3-300x300.jpg 300w, https:\/\/chinacustomboxes.com\/wp-content\/uploads\/2025\/08\/Eye-Cream-Carrier-Oil-Cosmetic-Magnetic-Lid-Boxes-Factory-3-150x150.jpg 150w, https:\/\/chinacustomboxes.com\/wp-content\/uploads\/2025\/08\/Eye-Cream-Carrier-Oil-Cosmetic-Magnetic-Lid-Boxes-Factory-3-768x768.jpg 768w, https:\/\/chinacustomboxes.com\/wp-content\/uploads\/2025\/08\/Eye-Cream-Carrier-Oil-Cosmetic-Magnetic-Lid-Boxes-Factory-3-12x12.jpg 12w, https:\/\/chinacustomboxes.com\/wp-content\/uploads\/2025\/08\/Eye-Cream-Carrier-Oil-Cosmetic-Magnetic-Lid-Boxes-Factory-3-600x600.jpg 600w, https:\/\/chinacustomboxes.com\/wp-content\/uploads\/2025\/08\/Eye-Cream-Carrier-Oil-Cosmetic-Magnetic-Lid-Boxes-Factory-3-100x100.jpg 100w\" sizes=\"(max-width: 1000px) 100vw, 1000px\" \/><\/p>\n<h2 id=\"2-scientific-interior-format-customized-and-organized\">2. Formato interno scientifico: Personalizzato e organizzato<\/h2>\n<p>Conosciamo bene le differenze di dimensione e di tipo tra i vari cosmetici (come polvere liofilizzata, fiale, lozioni, lozioni per gli occhi e cos\u00ec via). Per questo motivo, offriamo soluzioni totalmente personalizzate per l'area interna. Che si tratti di una fiala singola che richiede un posizionamento specifico o di un impianto che richiede uno stoccaggio a strati, siamo in grado di svilupparlo con precisione. Questo layout altamente adattabile non solo consente di esporre i prodotti in modo ordinato e perfetto, ma aumenta anche in modo significativo la praticit\u00e0 dell'imballaggio e l'utilizzo dello spazio grazie allo stile di stoccaggio a strati, rendendo pi\u00f9 facile per i clienti scoprire e accedere comodamente alle cose a colpo d'occhio.<\/p>\n<h2 id=\"3-eco-friendly-lamination-lightweight-and-sturdy-with-a-phenomenal-touch\">3. Laminazione ecologica: Leggero e robusto, con un tocco fenomenale<\/h2>\n<p>Questa scatola per l'imballaggio dei prodotti raggiunge un ottimo equilibrio tra ecologicit\u00e0 e robustezza nella selezione dei prodotti. La scatola \u00e8 realizzata in carta di alta qualit\u00e0, mantenendo la sua intrinseca agilit\u00e0 per un trasporto semplice e trasportabile. Inoltre, la superficie \u00e8 sottoposta a un'innovativa procedura di laminazione, che conferisce una sensazione di morbidezza setosa e migliora notevolmente la resistenza a urti, graffi e umidit\u00e0. Ci\u00f2 significa che la scatola mantiene la sua stabilit\u00e0 anche in presenza di umidit\u00e0, proteggendo adeguatamente i prodotti al suo interno. Si tratta di un'opzione ecologica e rispettosa del prodotto.<\/p>\n<p><img decoding=\"async\" class=\"alignnone wp-image-2275 size-full\" src=\"https:\/\/chinacustomboxes.com\/wp-content\/uploads\/2025\/08\/Eye-Cream-Carrier-Oil-Cosmetic-Magnetic-Lid-Boxes-Factory-2.jpg\" alt=\"Eye Cream Carrier Oil cosmetici magnetico coperchio scatole fabbrica\" width=\"1000\" height=\"1000\" title=\"\" srcset=\"https:\/\/chinacustomboxes.com\/wp-content\/uploads\/2025\/08\/Eye-Cream-Carrier-Oil-Cosmetic-Magnetic-Lid-Boxes-Factory-2.jpg 1000w, https:\/\/chinacustomboxes.com\/wp-content\/uploads\/2025\/08\/Eye-Cream-Carrier-Oil-Cosmetic-Magnetic-Lid-Boxes-Factory-2-300x300.jpg 300w, https:\/\/chinacustomboxes.com\/wp-content\/uploads\/2025\/08\/Eye-Cream-Carrier-Oil-Cosmetic-Magnetic-Lid-Boxes-Factory-2-150x150.jpg 150w, https:\/\/chinacustomboxes.com\/wp-content\/uploads\/2025\/08\/Eye-Cream-Carrier-Oil-Cosmetic-Magnetic-Lid-Boxes-Factory-2-768x768.jpg 768w, https:\/\/chinacustomboxes.com\/wp-content\/uploads\/2025\/08\/Eye-Cream-Carrier-Oil-Cosmetic-Magnetic-Lid-Boxes-Factory-2-12x12.jpg 12w, https:\/\/chinacustomboxes.com\/wp-content\/uploads\/2025\/08\/Eye-Cream-Carrier-Oil-Cosmetic-Magnetic-Lid-Boxes-Factory-2-600x600.jpg 600w, https:\/\/chinacustomboxes.com\/wp-content\/uploads\/2025\/08\/Eye-Cream-Carrier-Oil-Cosmetic-Magnetic-Lid-Boxes-Factory-2-100x100.jpg 100w\" sizes=\"(max-width: 1000px) 100vw, 1000px\" \/><\/p>\n<h2 id=\"4-eva-cellular-lining-security-thorough-interest-to-shielding\">4. Sicurezza del rivestimento cellulare EVA: Interesse approfondito per la schermatura<\/h2>\n<p>La sicurezza dei prodotti \u00e8 una delle principali preoccupazioni del nostro stile. Per il rivestimento delle celle utilizziamo schiuma EVA ad alta densit\u00e0, creata intatta utilizzando una procedura di fustellatura di precisione. Il rivestimento cellulare finito \u00e8 caratterizzato da una superficie liscia e priva di bave, che garantisce l'assenza di graffi o danni al contenitore o all'etichetta durante il posizionamento o la rimozione dei prodotti. L'eccellente durata e l'ammortizzazione del materiale EVA assorbono efficacemente gli urti e le risonanze esterne, offrendo una sicurezza duratura e completa per i vostri prodotti durante le complesse operazioni di trasporto e stoccaggio, assicurando che raggiungano i clienti in condizioni perfette.<\/p>\n<h2 id=\"5-modern-aesthetic-style-technological-structure-basic-beauty\">5. Stile estetico moderno: Struttura tecnologica, bellezza di base<\/h2>\n<p>Per il design esterno, abbiamo scelto una combinazione di colori argento che emana un'atmosfera tecnica e avanzata, accogliendo perfettamente le idee di \"cura clinica della pelle\" e \"precisione ed efficienza\" evidenziate nella cura della pelle contemporanea. L'area della confezione \u00e8 decorata con linee tonali, che danneggiano l'uniformit\u00e0 del noioso design dei colori e aggiungono una sensazione di stratificazione e dinamismo. Il design complessivo \u00e8 minimalista ed elegante, ma mantiene dettagli raffinati. Questo linguaggio di layout cattura rapidamente l'attenzione dei consumatori target e trasmette il senso unico di professionalit\u00e0 ed efficienza del marchio.<\/p>\n<p><img decoding=\"async\" class=\"alignnone wp-image-2274 size-full\" src=\"https:\/\/chinacustomboxes.com\/wp-content\/uploads\/2025\/08\/Eye-Cream-Carrier-Oil-Cosmetic-Magnetic-Lid-Boxes-Factory-1.jpg\" alt=\"Eye Cream Carrier Oil cosmetici magnetico coperchio scatole fabbrica\" width=\"1000\" height=\"1000\" title=\"\" srcset=\"https:\/\/chinacustomboxes.com\/wp-content\/uploads\/2025\/08\/Eye-Cream-Carrier-Oil-Cosmetic-Magnetic-Lid-Boxes-Factory-1.jpg 1000w, https:\/\/chinacustomboxes.com\/wp-content\/uploads\/2025\/08\/Eye-Cream-Carrier-Oil-Cosmetic-Magnetic-Lid-Boxes-Factory-1-300x300.jpg 300w, https:\/\/chinacustomboxes.com\/wp-content\/uploads\/2025\/08\/Eye-Cream-Carrier-Oil-Cosmetic-Magnetic-Lid-Boxes-Factory-1-150x150.jpg 150w, https:\/\/chinacustomboxes.com\/wp-content\/uploads\/2025\/08\/Eye-Cream-Carrier-Oil-Cosmetic-Magnetic-Lid-Boxes-Factory-1-768x768.jpg 768w, https:\/\/chinacustomboxes.com\/wp-content\/uploads\/2025\/08\/Eye-Cream-Carrier-Oil-Cosmetic-Magnetic-Lid-Boxes-Factory-1-12x12.jpg 12w, https:\/\/chinacustomboxes.com\/wp-content\/uploads\/2025\/08\/Eye-Cream-Carrier-Oil-Cosmetic-Magnetic-Lid-Boxes-Factory-1-600x600.jpg 600w, https:\/\/chinacustomboxes.com\/wp-content\/uploads\/2025\/08\/Eye-Cream-Carrier-Oil-Cosmetic-Magnetic-Lid-Boxes-Factory-1-100x100.jpg 100w\" sizes=\"(max-width: 1000px) 100vw, 1000px\" \/><\/p>\n<h2 id=\"6-high-definition-printing-innovation-accurate-interaction-showing-professionalism-and-reliability\">6. Innovazione di stampa ad alta definizione: Interazione accurata, dimostrazione di professionalit\u00e0 e affidabilit\u00e0<\/h2>\n<p>Utilizziamo strumenti di stampa all'avanguardia e tecnologie moderne per garantire che ogni parola e logo disegnato abbia una qualit\u00e0 splendida, senza alcuna denigrazione o sfocatura. Manteniamo rigorosi requisiti di gestione delle tonalit\u00e0, assicurando la massima fedelt\u00e0 cromatica possibile nel prodotto stampato finale, che corrisponde perfettamente al layout dell'identit\u00e0 estetica del vostro marchio (VI). Questo interesse per l'informazione \u00e8 una forte testimonianza della nostra professionalit\u00e0 e una solenne dedizione agli standard professionali della comunicazione estetica del marchio.<\/p>\n<h2 id=\"7-full-service-modification-flexible-and-versatile-for-a-tailored-experience\">7. Modifiche a servizio completo: Flessibile e versatile per un'esperienza su misura<\/h2>\n<p>Crediamo fermamente che ogni marchio efficace meriti una firma unica. A tal fine, offriamo un servizio completo di personalizzazione, dall'idea all'articolo completo. Potete scegliere facilmente la struttura della scatola, il materiale del corpo principale (come carta speciale, carta artistica, carta con texture in pelle), la terapia della superficie (come stampa a caldo oro\/argento, goffratura UV, debossing, goffratura) e le scelte di stampa. Il nostro team dedicato lavorer\u00e0 con attenzione insieme a voi per trasformare il concetto del vostro marchio e le vostre idee innovative in imballaggi speciali, soddisfacendo in modo flessibile le esigenze di mercato del vostro marchio.<\/p>\n<p><img loading=\"lazy\" decoding=\"async\" class=\"alignnone wp-image-2277 size-full\" src=\"https:\/\/chinacustomboxes.com\/wp-content\/uploads\/2025\/08\/Eye-Cream-Carrier-Oil-Cosmetic-Magnetic-Lid-Boxes-Factory-4.jpg\" alt=\"Eye Cream Carrier Oil cosmetici magnetico coperchio scatole fabbrica\" width=\"1000\" height=\"1000\" title=\"\" srcset=\"https:\/\/chinacustomboxes.com\/wp-content\/uploads\/2025\/08\/Eye-Cream-Carrier-Oil-Cosmetic-Magnetic-Lid-Boxes-Factory-4.jpg 1000w, https:\/\/chinacustomboxes.com\/wp-content\/uploads\/2025\/08\/Eye-Cream-Carrier-Oil-Cosmetic-Magnetic-Lid-Boxes-Factory-4-300x300.jpg 300w, https:\/\/chinacustomboxes.com\/wp-content\/uploads\/2025\/08\/Eye-Cream-Carrier-Oil-Cosmetic-Magnetic-Lid-Boxes-Factory-4-150x150.jpg 150w, https:\/\/chinacustomboxes.com\/wp-content\/uploads\/2025\/08\/Eye-Cream-Carrier-Oil-Cosmetic-Magnetic-Lid-Boxes-Factory-4-768x768.jpg 768w, https:\/\/chinacustomboxes.com\/wp-content\/uploads\/2025\/08\/Eye-Cream-Carrier-Oil-Cosmetic-Magnetic-Lid-Boxes-Factory-4-12x12.jpg 12w, https:\/\/chinacustomboxes.com\/wp-content\/uploads\/2025\/08\/Eye-Cream-Carrier-Oil-Cosmetic-Magnetic-Lid-Boxes-Factory-4-600x600.jpg 600w, https:\/\/chinacustomboxes.com\/wp-content\/uploads\/2025\/08\/Eye-Cream-Carrier-Oil-Cosmetic-Magnetic-Lid-Boxes-Factory-4-100x100.jpg 100w\" sizes=\"(max-width: 1000px) 100vw, 1000px\" \/><\/p>\n<h2 id=\"8-1-hour-express-prototyping-seize-the-opportunity-and-win-the-marketplace\">8. Prototipazione rapida in 1 ora: Cogliere l'opportunit\u00e0 e vincere il mercato<\/h2>\n<p>In un mercato in rapida evoluzione, la velocit\u00e0 \u00e8 un vantaggio. La nostra soluzione di prototipazione rapida in un'ora \u00e8 stata ideata per abbreviare notevolmente il ciclo di sviluppo e di sviluppo di un nuovo prodotto. Una volta completato il layout, vi forniremo campioni fisici ad alta fedelt\u00e0 in tempo reale per esaminare la struttura, il prodotto e la stampa. Questo servizio affidabile vi aiuta a scegliere e adattare le vostre strategie molto pi\u00f9 rapidamente, aiutando il vostro marchio a cogliere le possibilit\u00e0 del mercato e a rimanere un passo avanti.<\/p>","protected":false},"excerpt":{"rendered":"<p>Le scatole con coperchio a chiusura magnetica sono un tipo di imballaggio progettato per i prodotti di bellezza, caratterizzato da una chiusura magnetica per un'apertura e una chiusura sicure e comode. In genere sono realizzate con materiali robusti come il cartone rigido e possono essere personalizzate con varie finiture e opzioni di stampa per migliorare la presentazione del prodotto.<\/p>","protected":false},"featured_media":2277,"template":"","meta":{"_kad_post_transparent":"default","_kad_post_title":"","_kad_post_layout":"default","_kad_post_sidebar_id":"","_kad_post_content_style":"default","_kad_post_vertical_padding":"default","_kad_post_feature":"","_kad_post_feature_position":"","_kad_post_header":false,"_kad_post_footer":false,"_kad_post_classname":""},"product_brand":[],"product_cat":[15,17,28,18],"product_tag":[559,558,458],"class_list":{"0":"post-2273","1":"product","2":"type-product","3":"status-publish","4":"has-post-thumbnail","6":"product_cat-boxes-by-shapes","7":"product_cat-boxes-by-industries","8":"product_cat-cosmetic-packaging-boxes","9":"product_cat-magnetic-closure-boxes","10":"product_tag-carrier-oil-cosmetic-boxes","11":"product_tag-eye-cream-boxes","12":"product_tag-magnetic-lid-boxes","14":"first","15":"instock","16":"shipping-taxable","17":"product-type-simple","18":"entry","19":"content-bg","20":"loop-entry"},"_links":{"self":[{"href":"https:\/\/chinacustomboxes.com\/it\/wp-json\/wp\/v2\/product\/2273","targetHints":{"allow":["GET"]}}],"collection":[{"href":"https:\/\/chinacustomboxes.com\/it\/wp-json\/wp\/v2\/product"}],"about":[{"href":"https:\/\/chinacustomboxes.com\/it\/wp-json\/wp\/v2\/types\/product"}],"wp:featuredmedia":[{"embeddable":true,"href":"https:\/\/chinacustomboxes.com\/it\/wp-json\/wp\/v2\/media\/2277"}],"wp:attachment":[{"href":"https:\/\/chinacustomboxes.com\/it\/wp-json\/wp\/v2\/media?parent=2273"}],"wp:term":[{"taxonomy":"product_brand","embeddable":true,"href":"https:\/\/chinacustomboxes.com\/it\/wp-json\/wp\/v2\/product_brand?post=2273"},{"taxonomy":"product_cat","embeddable":true,"href":"https:\/\/chinacustomboxes.com\/it\/wp-json\/wp\/v2\/product_cat?post=2273"},{"taxonomy":"product_tag","embeddable":true,"href":"https:\/\/chinacustomboxes.com\/it\/wp-json\/wp\/v2\/product_tag?post=2273"}],"curies":[{"name":"wp","href":"https:\/\/api.w.org\/{rel}","templated":true}]}}