{"id":2278,"date":"2025-08-20T03:45:08","date_gmt":"2025-08-20T03:45:08","guid":{"rendered":"https:\/\/chinacustomboxes.com\/?post_type=product&#038;p=2278"},"modified":"2025-08-20T05:37:21","modified_gmt":"2025-08-20T05:37:21","slug":"callus-remover-nail-brush-paper-drawer-boxes-manufacturer","status":"publish","type":"product","link":"https:\/\/chinacustomboxes.com\/it\/callus-remover-nail-brush-paper-drawer-boxes-manufacturer\/","title":{"rendered":"Callus Remover Nail Brush Paper Drawer Boxes Manufacturer"},"content":{"rendered":"<h2 id=\"high-end-exfoliating-brush-nail-brush-drawer-style-paper-product-packaging\">Spazzola esfoliante di alta gamma\/spazzola per unghie Imballaggio del prodotto in carta in stile cassetto<\/h2>\n<p>Nel mercato sempre pi\u00f9 competitivo dei trattamenti individuali, articoli eccezionali richiedono prodotti altrettanto fenomenali. <a href=\"https:\/\/chinacustomboxes.com\/it\/valentines-day-heart-shaped-gift-box-packaging-for-jewelry\/\">imballaggio<\/a> per comunicare il loro valore. Le nostre confezioni in carta pregiata per spazzole e spazzole per unghie, appositamente realizzate, sono molto pi\u00f9 di una semplice protezione, ma rappresentano anche un punto di contatto fondamentale per migliorare l'immagine del marchio e massimizzare l'esperienza del cliente.<\/p>\n<p><img fetchpriority=\"high\" decoding=\"async\" class=\"alignnone wp-image-2282 size-full\" src=\"https:\/\/chinacustomboxes.com\/wp-content\/uploads\/2025\/08\/Callus-Remover-Nail-Brush-Paper-Drawer-Supplies-Manufacturer-4.jpg\" alt=\"Callus Remover Pennello per unghie Forniture per cassetti di carta Produttore\" width=\"1000\" height=\"1000\" title=\"\" srcset=\"https:\/\/chinacustomboxes.com\/wp-content\/uploads\/2025\/08\/Callus-Remover-Nail-Brush-Paper-Drawer-Supplies-Manufacturer-4.jpg 1000w, https:\/\/chinacustomboxes.com\/wp-content\/uploads\/2025\/08\/Callus-Remover-Nail-Brush-Paper-Drawer-Supplies-Manufacturer-4-300x300.jpg 300w, https:\/\/chinacustomboxes.com\/wp-content\/uploads\/2025\/08\/Callus-Remover-Nail-Brush-Paper-Drawer-Supplies-Manufacturer-4-150x150.jpg 150w, https:\/\/chinacustomboxes.com\/wp-content\/uploads\/2025\/08\/Callus-Remover-Nail-Brush-Paper-Drawer-Supplies-Manufacturer-4-768x768.jpg 768w, https:\/\/chinacustomboxes.com\/wp-content\/uploads\/2025\/08\/Callus-Remover-Nail-Brush-Paper-Drawer-Supplies-Manufacturer-4-12x12.jpg 12w, https:\/\/chinacustomboxes.com\/wp-content\/uploads\/2025\/08\/Callus-Remover-Nail-Brush-Paper-Drawer-Supplies-Manufacturer-4-600x600.jpg 600w, https:\/\/chinacustomboxes.com\/wp-content\/uploads\/2025\/08\/Callus-Remover-Nail-Brush-Paper-Drawer-Supplies-Manufacturer-4-100x100.jpg 100w\" sizes=\"(max-width: 1000px) 100vw, 1000px\" \/><\/p>\n<h2 id=\"1-ingenious-pull-out-framework-reinforces-brand-name-memorability\">1. L'ingegnosa struttura estraibile rafforza la memorizzazione del nome del marchio<\/h2>\n<p>Il nostro innovativo sistema di apertura e chiusura a cassetto \u00e8 stato creato per offrire a voi e ai vostri clienti un'esperienza di unboxing straordinariamente fluida. L'ammortizzazione regolata con precisione sviluppa una sensazione di routine a ogni apertura, riducendo efficacemente l'attrito legato all'imballaggio tradizionale del prodotto. Questa esperienza interattiva unica cattura immediatamente l'attenzione dei clienti, combinando perfettamente capacit\u00e0 e divertimento e sviluppando nella loro mente un legame profondo e speciale con il marchio.<\/p>\n<p><img decoding=\"async\" class=\"alignnone wp-image-2279 size-full\" src=\"https:\/\/chinacustomboxes.com\/wp-content\/uploads\/2025\/08\/Callus-Remover-Nail-Brush-Paper-Drawer-Supplies-Manufacturer-1.jpg\" alt=\"Callus Remover Pennello per unghie Forniture per cassetti di carta Produttore\" width=\"1000\" height=\"1000\" title=\"\" srcset=\"https:\/\/chinacustomboxes.com\/wp-content\/uploads\/2025\/08\/Callus-Remover-Nail-Brush-Paper-Drawer-Supplies-Manufacturer-1.jpg 1000w, https:\/\/chinacustomboxes.com\/wp-content\/uploads\/2025\/08\/Callus-Remover-Nail-Brush-Paper-Drawer-Supplies-Manufacturer-1-300x300.jpg 300w, https:\/\/chinacustomboxes.com\/wp-content\/uploads\/2025\/08\/Callus-Remover-Nail-Brush-Paper-Drawer-Supplies-Manufacturer-1-150x150.jpg 150w, https:\/\/chinacustomboxes.com\/wp-content\/uploads\/2025\/08\/Callus-Remover-Nail-Brush-Paper-Drawer-Supplies-Manufacturer-1-768x768.jpg 768w, https:\/\/chinacustomboxes.com\/wp-content\/uploads\/2025\/08\/Callus-Remover-Nail-Brush-Paper-Drawer-Supplies-Manufacturer-1-12x12.jpg 12w, https:\/\/chinacustomboxes.com\/wp-content\/uploads\/2025\/08\/Callus-Remover-Nail-Brush-Paper-Drawer-Supplies-Manufacturer-1-600x600.jpg 600w, https:\/\/chinacustomboxes.com\/wp-content\/uploads\/2025\/08\/Callus-Remover-Nail-Brush-Paper-Drawer-Supplies-Manufacturer-1-100x100.jpg 100w\" sizes=\"(max-width: 1000px) 100vw, 1000px\" \/><\/p>\n<h2 id=\"2-accurate-cellular-lining-matching-guarantees-hassle-free-transport\">2. L'accurata corrispondenza della fodera cellulare garantisce un trasporto senza problemi<\/h2>\n<p>La sicurezza dell'articolo durante il trasporto \u00e8 una delle principali priorit\u00e0 della nostra progettazione. L'interno del <a href=\"https:\/\/chinacustomboxes.com\/it\/\">scatola<\/a> utilizza un rivestimento cellulare in EVA ad alta densit\u00e0, che offre un'eccezionale capacit\u00e0 di assorbimento degli urti, imbottitura e mantenimento della forma. Grazie a calcoli specifici e alla realizzazione di stampi, garantiamo che le forme della fodera scanalata si adattino completamente ai vostri prodotti dalla forma unica (come spazzole e spazzole per unghie), con una profondit\u00e0 specificamente adattata alla scatola stessa. Questo evita efficacemente qualsiasi spostamento o oscillazione durante il trasporto, riducendo il rischio di danni.<\/p>\n<h2 id=\"3-elegant-hot-marking-workmanship-emphasizes-brand-costs\">3. L'elegante lavorazione della marcatura a caldo enfatizza i costi del marchio<\/h2>\n<p>Per evidenziare il valore del vostro marchio, utilizziamo uno squisito processo di stampaggio a caldo sulla superficie della scatola. Questa tecnica sviluppa una nitida e abbondante lucentezza metallica per il design del logo del marchio e i dettagli vitali, producendo allo stesso tempo motivi chiari e belli e colori vibranti e accattivanti per un'efficace influenza estetica. La bella marcatura a caldo non solo eleva la qualit\u00e0 complessiva della confezione del prodotto, ma comunica anche ai clienti il posizionamento premium e professionale del marchio, aumentando con successo il valore premium del marchio.<\/p>\n<p><img decoding=\"async\" class=\"alignnone wp-image-2280 size-full\" src=\"https:\/\/chinacustomboxes.com\/wp-content\/uploads\/2025\/08\/Callus-Remover-Nail-Brush-Paper-Drawer-Supplies-Manufacturer-2.jpg\" alt=\"Callus Remover Pennello per unghie Forniture per cassetti di carta Produttore\" width=\"1000\" height=\"1000\" title=\"\" srcset=\"https:\/\/chinacustomboxes.com\/wp-content\/uploads\/2025\/08\/Callus-Remover-Nail-Brush-Paper-Drawer-Supplies-Manufacturer-2.jpg 1000w, https:\/\/chinacustomboxes.com\/wp-content\/uploads\/2025\/08\/Callus-Remover-Nail-Brush-Paper-Drawer-Supplies-Manufacturer-2-300x300.jpg 300w, https:\/\/chinacustomboxes.com\/wp-content\/uploads\/2025\/08\/Callus-Remover-Nail-Brush-Paper-Drawer-Supplies-Manufacturer-2-150x150.jpg 150w, https:\/\/chinacustomboxes.com\/wp-content\/uploads\/2025\/08\/Callus-Remover-Nail-Brush-Paper-Drawer-Supplies-Manufacturer-2-768x768.jpg 768w, https:\/\/chinacustomboxes.com\/wp-content\/uploads\/2025\/08\/Callus-Remover-Nail-Brush-Paper-Drawer-Supplies-Manufacturer-2-12x12.jpg 12w, https:\/\/chinacustomboxes.com\/wp-content\/uploads\/2025\/08\/Callus-Remover-Nail-Brush-Paper-Drawer-Supplies-Manufacturer-2-600x600.jpg 600w, https:\/\/chinacustomboxes.com\/wp-content\/uploads\/2025\/08\/Callus-Remover-Nail-Brush-Paper-Drawer-Supplies-Manufacturer-2-100x100.jpg 100w\" sizes=\"(max-width: 1000px) 100vw, 1000px\" \/><\/p>\n<h2 id=\"4-sophisticated-purple-appearances-sparks-expectancy\">4. Le sofisticate apparenze viola suscitano aspettative<\/h2>\n<p>La confezione del prodotto utilizza un sofisticato viola come colore primario. Dal punto di vista della psicologia del colore, il viola \u00e8 spesso collegato al lusso, alla creativit\u00e0 e all'aristocrazia. Questa tonalit\u00e0 morbida, ma profonda, riduce adeguatamente la stanchezza visiva causata da una visione prolungata, producendo un'atmosfera calma e strana che stimola la curiosit\u00e0 per i prodotti contenuti e una sensazione di attesa all'apertura.<\/p>\n<h2 id=\"5-long-lasting-bow-pull-ring-in-depth-high-quality\">5. Anello di trazione dell'arco di lunga durata: alta qualit\u00e0 approfondita<\/h2>\n<p>L'anello di trazione sul <a href=\"https:\/\/chinacustomboxes.com\/it\/drawer-style-boxes\/\">cassettiera<\/a> \u00e8 realizzato con un fiocco di prima qualit\u00e0 e fissato saldamente al corpo della confezione tramite una procedura rinforzata. Siamo consapevoli che questo dettaglio \u00e8 il punto in cui i consumatori interagiscono pi\u00f9 spesso con la confezione del prodotto, quindi lo abbiamo sviluppato per essere incredibilmente resistente. Anche dopo migliaia di tira e molla, l'anello di trascinamento del nastro conserva la sua forma iniziale, rimanendo fermo e inamovibile, evidenziando l'alta qualit\u00e0 superiore del marchio in ogni dettaglio.<\/p>\n<p><img loading=\"lazy\" decoding=\"async\" class=\"alignnone wp-image-2281 size-full\" src=\"https:\/\/chinacustomboxes.com\/wp-content\/uploads\/2025\/08\/Callus-Remover-Nail-Brush-Paper-Drawer-Supplies-Manufacturer-3.jpg\" alt=\"Callus Remover Pennello per unghie Forniture per cassetti di carta Produttore\" width=\"1000\" height=\"1000\" title=\"\" srcset=\"https:\/\/chinacustomboxes.com\/wp-content\/uploads\/2025\/08\/Callus-Remover-Nail-Brush-Paper-Drawer-Supplies-Manufacturer-3.jpg 1000w, https:\/\/chinacustomboxes.com\/wp-content\/uploads\/2025\/08\/Callus-Remover-Nail-Brush-Paper-Drawer-Supplies-Manufacturer-3-300x300.jpg 300w, https:\/\/chinacustomboxes.com\/wp-content\/uploads\/2025\/08\/Callus-Remover-Nail-Brush-Paper-Drawer-Supplies-Manufacturer-3-150x150.jpg 150w, https:\/\/chinacustomboxes.com\/wp-content\/uploads\/2025\/08\/Callus-Remover-Nail-Brush-Paper-Drawer-Supplies-Manufacturer-3-768x768.jpg 768w, https:\/\/chinacustomboxes.com\/wp-content\/uploads\/2025\/08\/Callus-Remover-Nail-Brush-Paper-Drawer-Supplies-Manufacturer-3-12x12.jpg 12w, https:\/\/chinacustomboxes.com\/wp-content\/uploads\/2025\/08\/Callus-Remover-Nail-Brush-Paper-Drawer-Supplies-Manufacturer-3-600x600.jpg 600w, https:\/\/chinacustomboxes.com\/wp-content\/uploads\/2025\/08\/Callus-Remover-Nail-Brush-Paper-Drawer-Supplies-Manufacturer-3-100x100.jpg 100w\" sizes=\"(max-width: 1000px) 100vw, 1000px\" \/><\/p>\n<h2 id=\"6-high-performance-eva-lining-suitable-for-odd-shaped-products\">6. Fodera in EVA ad alte prestazioni: Adatto per prodotti di forma irregolare<\/h2>\n<p>Per far fronte alle forme irregolari degli strumenti per la cura della persona, abbiamo scelto l'EVA come prodotto di rivestimento interno. Come nuovo materiale plastico da imballaggio ecologico, l'EVA offre un'eccezionale ammortizzazione, assorbimento degli urti, isolamento termico, resistenza all'umidit\u00e0 e agli agenti chimici. Pu\u00f2 essere incastonato e tagliato in qualsiasi forma, adattandosi perfettamente alle esigenze dei prodotti di forma irregolare e fornendo la difesa pi\u00f9 sicura e protetta per i vostri articoli.<\/p>\n<p><img loading=\"lazy\" decoding=\"async\" class=\"alignnone wp-image-2283 size-full\" src=\"https:\/\/chinacustomboxes.com\/wp-content\/uploads\/2025\/08\/Callus-Remover-Nail-Brush-Paper-Drawer-Supplies-Manufacturer-5.jpg\" alt=\"Callus Remover Pennello per unghie Forniture per cassetti di carta Produttore\" width=\"1000\" height=\"1000\" title=\"\" srcset=\"https:\/\/chinacustomboxes.com\/wp-content\/uploads\/2025\/08\/Callus-Remover-Nail-Brush-Paper-Drawer-Supplies-Manufacturer-5.jpg 1000w, https:\/\/chinacustomboxes.com\/wp-content\/uploads\/2025\/08\/Callus-Remover-Nail-Brush-Paper-Drawer-Supplies-Manufacturer-5-300x300.jpg 300w, https:\/\/chinacustomboxes.com\/wp-content\/uploads\/2025\/08\/Callus-Remover-Nail-Brush-Paper-Drawer-Supplies-Manufacturer-5-150x150.jpg 150w, https:\/\/chinacustomboxes.com\/wp-content\/uploads\/2025\/08\/Callus-Remover-Nail-Brush-Paper-Drawer-Supplies-Manufacturer-5-768x768.jpg 768w, https:\/\/chinacustomboxes.com\/wp-content\/uploads\/2025\/08\/Callus-Remover-Nail-Brush-Paper-Drawer-Supplies-Manufacturer-5-12x12.jpg 12w, https:\/\/chinacustomboxes.com\/wp-content\/uploads\/2025\/08\/Callus-Remover-Nail-Brush-Paper-Drawer-Supplies-Manufacturer-5-600x600.jpg 600w, https:\/\/chinacustomboxes.com\/wp-content\/uploads\/2025\/08\/Callus-Remover-Nail-Brush-Paper-Drawer-Supplies-Manufacturer-5-100x100.jpg 100w\" sizes=\"(max-width: 1000px) 100vw, 1000px\" \/><\/p>\n<h2 id=\"7-72-hour-speedy-prototyping-performance-and-high-quality\">7. Prototipazione rapida in 72 ore, prestazioni e alta qualit\u00e0<\/h2>\n<p>Siamo consapevoli che il mercato \u00e8 in continua evoluzione e che l'efficienza \u00e8 fondamentale. A tal fine, promettiamo di fornire un servizio di prototipazione rapido e dettagliato. Dal momento in cui confermate il vostro progetto, completeremo la produzione e la verifica di tutti i campioni necessari, che comprendono la selezione del materiale, l'applicazione della procedura e la tonalit\u00e0 di stampa, entro 72 ore, assicurando che il vostro articolo arrivi sul mercato con la massima rapidit\u00e0 e qualit\u00e0.<\/p>","protected":false},"excerpt":{"rendered":"<p>Le cassettiere di carta per pennelli per unghie Callus Remover sono contenitori progettati per conservare e organizzare i pennelli per nail art, mantenendoli puliti, protetti e facilmente accessibili. Sono disponibili in vari stili e materiali, dalle semplici custodie in plastica alle scatole pi\u00f9 elaborate con scomparti individuali o finiture iridescenti. Queste scatole sono utili sia per le onicotecniche professioniste che per le persone che amano realizzare la propria nail art a casa.<\/p>","protected":false},"featured_media":2281,"template":"","meta":{"_kad_post_transparent":"default","_kad_post_title":"","_kad_post_layout":"default","_kad_post_sidebar_id":"","_kad_post_content_style":"default","_kad_post_vertical_padding":"default","_kad_post_feature":"","_kad_post_feature_position":"","_kad_post_header":false,"_kad_post_footer":false,"_kad_post_classname":""},"product_brand":[],"product_cat":[15,17,28,20],"product_tag":[560,562,561],"class_list":{"0":"post-2278","1":"product","2":"type-product","3":"status-publish","4":"has-post-thumbnail","6":"product_cat-boxes-by-shapes","7":"product_cat-boxes-by-industries","8":"product_cat-cosmetic-packaging-boxes","9":"product_cat-drawer-style-boxes","10":"product_tag-callus-remover-drawer-boxes","11":"product_tag-nail-brush-paper-boxes","12":"product_tag-paper-drawer-boxes-manufacturer","14":"first","15":"instock","16":"shipping-taxable","17":"product-type-simple","18":"entry","19":"content-bg","20":"loop-entry"},"_links":{"self":[{"href":"https:\/\/chinacustomboxes.com\/it\/wp-json\/wp\/v2\/product\/2278","targetHints":{"allow":["GET"]}}],"collection":[{"href":"https:\/\/chinacustomboxes.com\/it\/wp-json\/wp\/v2\/product"}],"about":[{"href":"https:\/\/chinacustomboxes.com\/it\/wp-json\/wp\/v2\/types\/product"}],"wp:featuredmedia":[{"embeddable":true,"href":"https:\/\/chinacustomboxes.com\/it\/wp-json\/wp\/v2\/media\/2281"}],"wp:attachment":[{"href":"https:\/\/chinacustomboxes.com\/it\/wp-json\/wp\/v2\/media?parent=2278"}],"wp:term":[{"taxonomy":"product_brand","embeddable":true,"href":"https:\/\/chinacustomboxes.com\/it\/wp-json\/wp\/v2\/product_brand?post=2278"},{"taxonomy":"product_cat","embeddable":true,"href":"https:\/\/chinacustomboxes.com\/it\/wp-json\/wp\/v2\/product_cat?post=2278"},{"taxonomy":"product_tag","embeddable":true,"href":"https:\/\/chinacustomboxes.com\/it\/wp-json\/wp\/v2\/product_tag?post=2278"}],"curies":[{"name":"wp","href":"https:\/\/api.w.org\/{rel}","templated":true}]}}