{"id":2356,"date":"2025-08-26T01:35:19","date_gmt":"2025-08-26T01:35:19","guid":{"rendered":"https:\/\/chinacustomboxes.com\/?post_type=product&#038;p=2356"},"modified":"2025-08-26T02:22:48","modified_gmt":"2025-08-26T02:22:48","slug":"concentrate-shatter-extract-wax-packaging-boxes-printing-oem","status":"publish","type":"product","link":"https:\/\/chinacustomboxes.com\/it\/concentrate-shatter-extract-wax-packaging-boxes-printing-oem\/","title":{"rendered":"Concentrato Shatter estrarre cera imballaggio scatole stampa OEM"},"content":{"rendered":"<h2 id=\"-concentrate-shatter-extract-wax-packaging-boxes-printing-oem-\"><strong>Concentrato Shatter estrarre cera imballaggio scatole stampa OEM\u00a0<\/strong><\/h2>\n<h2 id=\"-1-layout-and-experience-the-amazing-beauty-of-a-high-end-magnetic-flip-lid-box-book-shaped-box-\"><strong>1. Layout ed esperienza: La sorprendente bellezza di una scatola di chiusura magnetica di alta gamma\u00a0<\/strong><\/h2>\n<p>Queste scatole di imballaggio comprendono un innovativo sistema di <a href=\"https:\/\/chinacustomboxes.com\/it\/magnetic-closure-boxes\/\"><strong>Chiusura magnetica Scatole <\/strong><\/a>layout. Il suo aspetto ricorda una pubblicazione con copertina rigida accuratamente realizzata e il coperchio si apre e si chiude in modo fluido e confortevole grazie a magneti ingegnosamente integrati. Ogni apertura crea un'esperienza di unboxing unica e cerimoniale per l'individuo. La sua struttura robusta protegge in modo eccezionale l'oggetto all'interno, rendendolo particolarmente adatto ad articoli di alto valore o fragili come concentrato di cannabis, shatter, estratto e cera. Questo layout non solo combina funzionalit\u00e0 e sicurezza, ma aumenta anche in modo sostanziale la sensazione di costo complessivo del prodotto e l'immagine di un marchio specializzato.<\/p>\n<p><img fetchpriority=\"high\" decoding=\"async\" class=\"alignnone wp-image-2363 size-full\" src=\"https:\/\/chinacustomboxes.com\/wp-content\/uploads\/2025\/08\/Concentrate-Shatter-Extract-Wax-Packaging-Boxes-Printing-OEM-7.jpg\" alt=\"Concentrato Shatter estrarre cera imballaggio scatole stampa OEM\" width=\"1000\" height=\"1000\" title=\"\" srcset=\"https:\/\/chinacustomboxes.com\/wp-content\/uploads\/2025\/08\/Concentrate-Shatter-Extract-Wax-Packaging-Boxes-Printing-OEM-7.jpg 1000w, https:\/\/chinacustomboxes.com\/wp-content\/uploads\/2025\/08\/Concentrate-Shatter-Extract-Wax-Packaging-Boxes-Printing-OEM-7-300x300.jpg 300w, https:\/\/chinacustomboxes.com\/wp-content\/uploads\/2025\/08\/Concentrate-Shatter-Extract-Wax-Packaging-Boxes-Printing-OEM-7-150x150.jpg 150w, https:\/\/chinacustomboxes.com\/wp-content\/uploads\/2025\/08\/Concentrate-Shatter-Extract-Wax-Packaging-Boxes-Printing-OEM-7-768x768.jpg 768w, https:\/\/chinacustomboxes.com\/wp-content\/uploads\/2025\/08\/Concentrate-Shatter-Extract-Wax-Packaging-Boxes-Printing-OEM-7-12x12.jpg 12w, https:\/\/chinacustomboxes.com\/wp-content\/uploads\/2025\/08\/Concentrate-Shatter-Extract-Wax-Packaging-Boxes-Printing-OEM-7-600x600.jpg 600w, https:\/\/chinacustomboxes.com\/wp-content\/uploads\/2025\/08\/Concentrate-Shatter-Extract-Wax-Packaging-Boxes-Printing-OEM-7-100x100.jpg 100w\" sizes=\"(max-width: 1000px) 100vw, 1000px\" \/><\/p>\n<h2 id=\"-2-core-material-a-sturdy-and-eco-friendly-cardboard-composite-structure-\"><strong>2. Materiale di base: Struttura composita di cartone robusta ed ecologica.<\/strong><\/h2>\n<p>Il quadro di riferimento del <a href=\"https:\/\/chinacustomboxes.com\/it\/\">scatole da imballaggio<\/a> \u00e8 costituito per lo pi\u00f9 da prodotti di qualit\u00e0 superiore <strong>carta rigida <\/strong>con uno strato esterno di carta eccezionalmente rivestita. Questa struttura in materiale composito non solo \u00e8 forte e robusta, ma fornisce anche un'eccellente resistenza alla compressione e alla contorsione, salvaguardando efficacemente l'articolo al suo interno da schiacciamenti e danni durante il trasporto e lo stoccaggio. Inoltre, la nostra scelta di prodotti cartacei tiene conto di fattori ecologici, allineandosi alle attuali tendenze dei consumatori globali verso una crescita duratura e dando al vostro articolo una maggiore sensazione di obbligo sociale.<\/p>\n<p><img decoding=\"async\" class=\"alignnone wp-image-2362 size-full\" src=\"https:\/\/chinacustomboxes.com\/wp-content\/uploads\/2025\/08\/Concentrate-Shatter-Extract-Wax-Packaging-Boxes-Printing-OEM-6.jpg\" alt=\"Concentrato Shatter estrarre cera imballaggio scatole stampa OEM\" width=\"1000\" height=\"1000\" title=\"\" srcset=\"https:\/\/chinacustomboxes.com\/wp-content\/uploads\/2025\/08\/Concentrate-Shatter-Extract-Wax-Packaging-Boxes-Printing-OEM-6.jpg 1000w, https:\/\/chinacustomboxes.com\/wp-content\/uploads\/2025\/08\/Concentrate-Shatter-Extract-Wax-Packaging-Boxes-Printing-OEM-6-300x300.jpg 300w, https:\/\/chinacustomboxes.com\/wp-content\/uploads\/2025\/08\/Concentrate-Shatter-Extract-Wax-Packaging-Boxes-Printing-OEM-6-150x150.jpg 150w, https:\/\/chinacustomboxes.com\/wp-content\/uploads\/2025\/08\/Concentrate-Shatter-Extract-Wax-Packaging-Boxes-Printing-OEM-6-768x768.jpg 768w, https:\/\/chinacustomboxes.com\/wp-content\/uploads\/2025\/08\/Concentrate-Shatter-Extract-Wax-Packaging-Boxes-Printing-OEM-6-12x12.jpg 12w, https:\/\/chinacustomboxes.com\/wp-content\/uploads\/2025\/08\/Concentrate-Shatter-Extract-Wax-Packaging-Boxes-Printing-OEM-6-600x600.jpg 600w, https:\/\/chinacustomboxes.com\/wp-content\/uploads\/2025\/08\/Concentrate-Shatter-Extract-Wax-Packaging-Boxes-Printing-OEM-6-100x100.jpg 100w\" sizes=\"(max-width: 1000px) 100vw, 1000px\" \/><\/p>\n<h2 id=\"-3-printing-modern-technology-exquisite-craftsmanship-for-superior-visual-and-tactile-experience-\"><strong>3. Tecnologia di stampa moderna: Squisita maestria per un'esperienza visiva e tattile superiore<\/strong><\/h2>\n<p>Utilizziamo una sofisticata tecnologia di stampa per garantire tonalit\u00e0 abbondanti e vivaci e dettagli visivi nitidi e definiti sulla superficie della confezione. Per evidenziare il logo del vostro marchio e gli aspetti unici del layout, impieghiamo una selezione di procedure di completamento, come ad esempio\u00a0<strong>spot UV <\/strong>e\u00a0<strong>Laminazione opaca\u00a0<\/strong>. L'UV per aree produce un risultato vibrante e lucido in alcune aree, creando un centro visivo, mentre la laminazione opaca conferisce alla confezione una qualit\u00e0 opaca ed eccezionale. Questa ingegnosa combinazione di processi non solo garantisce un aspetto molto accattivante sugli scaffali, ma fornisce anche ai consumatori una notevole esperienza tattile, aumentando il valore totale del prodotto.<\/p>\n<p><img decoding=\"async\" class=\"alignnone wp-image-2361 size-full\" src=\"https:\/\/chinacustomboxes.com\/wp-content\/uploads\/2025\/08\/Concentrate-Shatter-Extract-Wax-Packaging-Boxes-Printing-OEM-5.jpg\" alt=\"Concentrato Shatter estrarre cera imballaggio scatole stampa OEM\" width=\"1000\" height=\"1000\" title=\"\" srcset=\"https:\/\/chinacustomboxes.com\/wp-content\/uploads\/2025\/08\/Concentrate-Shatter-Extract-Wax-Packaging-Boxes-Printing-OEM-5.jpg 1000w, https:\/\/chinacustomboxes.com\/wp-content\/uploads\/2025\/08\/Concentrate-Shatter-Extract-Wax-Packaging-Boxes-Printing-OEM-5-300x300.jpg 300w, https:\/\/chinacustomboxes.com\/wp-content\/uploads\/2025\/08\/Concentrate-Shatter-Extract-Wax-Packaging-Boxes-Printing-OEM-5-150x150.jpg 150w, https:\/\/chinacustomboxes.com\/wp-content\/uploads\/2025\/08\/Concentrate-Shatter-Extract-Wax-Packaging-Boxes-Printing-OEM-5-768x768.jpg 768w, https:\/\/chinacustomboxes.com\/wp-content\/uploads\/2025\/08\/Concentrate-Shatter-Extract-Wax-Packaging-Boxes-Printing-OEM-5-12x12.jpg 12w, https:\/\/chinacustomboxes.com\/wp-content\/uploads\/2025\/08\/Concentrate-Shatter-Extract-Wax-Packaging-Boxes-Printing-OEM-5-600x600.jpg 600w, https:\/\/chinacustomboxes.com\/wp-content\/uploads\/2025\/08\/Concentrate-Shatter-Extract-Wax-Packaging-Boxes-Printing-OEM-5-100x100.jpg 100w\" sizes=\"(max-width: 1000px) 100vw, 1000px\" \/><\/p>\n<h2 id=\"-4-aesthetic-layout-a-perfect-blend-of-vibrant-shade-comparison-and-instinctive-graphics-\"><strong>4. Layout estetico: Una miscela perfetta di confronto di tonalit\u00e0 vibranti e grafica istintiva<\/strong><\/h2>\n<p>Per quanto riguarda il layout visivo, questa confezione fa uso di un design cromatico vivace e dinamico. Il vivace arancione contrasta con il rilassante marrone scuro, sviluppando un solido confronto estetico che cattura immediatamente l'attenzione del consumatore. La sezione arancione delle scatole \u00e8 punteggiata da un vivace motivo a limone. Questo layout non solo \u00e8 visivamente piacevole, ma condivide anche in modo intuitivo il gusto e le caratteristiche dell'articolo, realizzando una comunicazione estetica affidabile.<\/p>\n<h2 id=\"-5-key-accessory-the-resourceful-and-made-use-of-concealed-magnets-\"><strong>5. Accessorio chiave: I magneti nascosti utilizzati in modo ingegnoso e mirato<\/strong><\/h2>\n<p>L'enfasi di questo<a href=\"https:\/\/chinacustomboxes.com\/it\/boxes-by-shapes\/\"> design delle scatole da imballaggio<\/a> \u00e8 il suo sistema di chiusura a magnete nascosto. L'uso brillante di magneti garantisce una chiusura protetta senza la necessit\u00e0 di una serratura tradizionale, preservando in modo impeccabile la semplicit\u00e0 del layout e l'estetica generale. Questo stile utile ed esteticamente gradevole non solo migliora l'esperienza dell'utente, ma si allinea anche alla moda del packaging contemporaneo di qualit\u00e0 che enfatizza la semplicit\u00e0 e la raffinatezza.<\/p>\n<p><img loading=\"lazy\" decoding=\"async\" class=\"alignnone wp-image-2359 size-full\" src=\"https:\/\/chinacustomboxes.com\/wp-content\/uploads\/2025\/08\/Concentrate-Shatter-Extract-Wax-Packaging-Boxes-Printing-OEM-3.jpg\" alt=\"Concentrato Shatter estrarre cera imballaggio scatole stampa OEM\" width=\"1000\" height=\"1000\" title=\"\" srcset=\"https:\/\/chinacustomboxes.com\/wp-content\/uploads\/2025\/08\/Concentrate-Shatter-Extract-Wax-Packaging-Boxes-Printing-OEM-3.jpg 1000w, https:\/\/chinacustomboxes.com\/wp-content\/uploads\/2025\/08\/Concentrate-Shatter-Extract-Wax-Packaging-Boxes-Printing-OEM-3-300x300.jpg 300w, https:\/\/chinacustomboxes.com\/wp-content\/uploads\/2025\/08\/Concentrate-Shatter-Extract-Wax-Packaging-Boxes-Printing-OEM-3-150x150.jpg 150w, https:\/\/chinacustomboxes.com\/wp-content\/uploads\/2025\/08\/Concentrate-Shatter-Extract-Wax-Packaging-Boxes-Printing-OEM-3-768x768.jpg 768w, https:\/\/chinacustomboxes.com\/wp-content\/uploads\/2025\/08\/Concentrate-Shatter-Extract-Wax-Packaging-Boxes-Printing-OEM-3-12x12.jpg 12w, https:\/\/chinacustomboxes.com\/wp-content\/uploads\/2025\/08\/Concentrate-Shatter-Extract-Wax-Packaging-Boxes-Printing-OEM-3-600x600.jpg 600w, https:\/\/chinacustomboxes.com\/wp-content\/uploads\/2025\/08\/Concentrate-Shatter-Extract-Wax-Packaging-Boxes-Printing-OEM-3-100x100.jpg 100w\" sizes=\"(max-width: 1000px) 100vw, 1000px\" \/><\/p>\n<h2 id=\"-6-interior-defense-customized-eva-foam-lining-\"><strong>6. Difesa interna: Fodera in schiuma EVA personalizzata<\/strong><\/h2>\n<p>Per garantire che il prodotto all'interno (ad esempio una lattina di concentrato) sia saldamente posizionato e protetto in modo ottimale all'interno della confezione, \u00e8 presente una\u00a0<strong>Fodera in schiuma EVA\u00a0<\/strong>adattato alle dimensioni e alla forma del prodotto. La schiuma EVA non solo offre una sensazione di qualit\u00e0 superiore, ma fornisce anche un assorbimento degli urti e un'imbottitura eccezionali. La fodera ideale impedisce all'articolo di tremare o di scontrarsi all'interno dell'imballaggio, riducendo in modo significativo i danni durante il trasporto. Inoltre, la fodera ben definita migliora perfettamente la visualizzazione del prodotto al momento dell'unboxing, producendo un'impressione esperta e memorabile.<\/p>\n<p><img loading=\"lazy\" decoding=\"async\" class=\"alignnone wp-image-2357 size-full\" src=\"https:\/\/chinacustomboxes.com\/wp-content\/uploads\/2025\/08\/Concentrate-Shatter-Extract-Wax-Packaging-Boxes-Printing-OEM-1.jpg\" alt=\"Concentrato Shatter estrarre cera imballaggio scatole stampa OEM\" width=\"1000\" height=\"1000\" title=\"\" srcset=\"https:\/\/chinacustomboxes.com\/wp-content\/uploads\/2025\/08\/Concentrate-Shatter-Extract-Wax-Packaging-Boxes-Printing-OEM-1.jpg 1000w, https:\/\/chinacustomboxes.com\/wp-content\/uploads\/2025\/08\/Concentrate-Shatter-Extract-Wax-Packaging-Boxes-Printing-OEM-1-300x300.jpg 300w, https:\/\/chinacustomboxes.com\/wp-content\/uploads\/2025\/08\/Concentrate-Shatter-Extract-Wax-Packaging-Boxes-Printing-OEM-1-150x150.jpg 150w, https:\/\/chinacustomboxes.com\/wp-content\/uploads\/2025\/08\/Concentrate-Shatter-Extract-Wax-Packaging-Boxes-Printing-OEM-1-768x768.jpg 768w, https:\/\/chinacustomboxes.com\/wp-content\/uploads\/2025\/08\/Concentrate-Shatter-Extract-Wax-Packaging-Boxes-Printing-OEM-1-12x12.jpg 12w, https:\/\/chinacustomboxes.com\/wp-content\/uploads\/2025\/08\/Concentrate-Shatter-Extract-Wax-Packaging-Boxes-Printing-OEM-1-600x600.jpg 600w, https:\/\/chinacustomboxes.com\/wp-content\/uploads\/2025\/08\/Concentrate-Shatter-Extract-Wax-Packaging-Boxes-Printing-OEM-1-100x100.jpg 100w\" sizes=\"(max-width: 1000px) 100vw, 1000px\" \/><\/p>\n<h2 id=\"-7-customization-flexible-and-versatile-oem-solutions-\"><strong>7. Personalizzazione: Soluzioni OEM flessibili e versatili<\/strong><\/h2>\n<p>In quanto prodotto OEM (Original Equipment Maker), queste scatole supportano una personalizzazione dettagliata. I clienti possono facilmente scegliere e personalizzare la forma della confezione, le dimensioni, il prodotto, la stampa e il trattamento della superficie per adattarsi al posizionamento unico del loro marchio e a determinati requisiti degli articoli. Questo alto livello di adattabilit\u00e0 e modifica garantisce che l'imballaggio finale valorizzi completamente l'immagine del vostro marchio e gli attributi del prodotto, aiutandovi a stabilire un riconoscimento speciale del marchio e a competere in un mercato competitivo.<\/p>","protected":false},"excerpt":{"rendered":"<p>Provate l'esperienza di un imballaggio personalizzato per l'estratto di cera concentrata Shatter che integra uno stile di classe con una protezione notevole. Utilizziamo un prodotto di qualit\u00e0 superiore\u00a0<strong>scatole a chiusura magnetica <\/strong>con un potente magnete integrato, che crea una sensazione unica e autentica quando si apre e si chiude. Il testo delle scatole \u00e8 realizzato in robusto <b>carta rigida<\/b>sovrapposta a carta stratificata e pubblicata con numerosi metodi, tra cui la laminazione Spot UV e opaca, per un aspetto ricco e di alta qualit\u00e0. Il vibrante confronto tra il vivace arancione e il calmante marrone scuro sviluppa un'influenza estetica di grande impatto. Un prodotto personalizzato\u00a0<strong>Fodera in schiuma EVA\u00a0<\/strong>fornisce una difesa antiurto per i vostri prodotti di alto valore, come i focus, gli estratti di shatter e le cere. In qualit\u00e0 di produttore OEM esperto, offriamo una personalizzazione dettagliata, dalle dimensioni al prodotto, fino al design di stampa, per aiutarvi a sviluppare un packaging che si integri perfettamente con l'immagine del vostro marchio e che vi garantisca un vantaggio sul mercato.<\/p>","protected":false},"featured_media":2357,"template":"","meta":{"_kad_post_transparent":"default","_kad_post_title":"","_kad_post_layout":"default","_kad_post_sidebar_id":"","_kad_post_content_style":"default","_kad_post_vertical_padding":"default","_kad_post_feature":"","_kad_post_feature_position":"","_kad_post_header":false,"_kad_post_footer":false,"_kad_post_classname":""},"product_brand":[],"product_cat":[15,17,39,18],"product_tag":[475,583,582],"class_list":{"0":"post-2356","1":"product","2":"type-product","3":"status-publish","4":"has-post-thumbnail","6":"product_cat-boxes-by-shapes","7":"product_cat-boxes-by-industries","8":"product_cat-cannabis-packaging","9":"product_cat-magnetic-closure-boxes","10":"product_tag-concentrate-packaging","11":"product_tag-packaging-boxes-printing-oem","12":"product_tag-shatter-extract-packaging","14":"first","15":"instock","16":"shipping-taxable","17":"product-type-simple","18":"entry","19":"content-bg","20":"loop-entry"},"_links":{"self":[{"href":"https:\/\/chinacustomboxes.com\/it\/wp-json\/wp\/v2\/product\/2356","targetHints":{"allow":["GET"]}}],"collection":[{"href":"https:\/\/chinacustomboxes.com\/it\/wp-json\/wp\/v2\/product"}],"about":[{"href":"https:\/\/chinacustomboxes.com\/it\/wp-json\/wp\/v2\/types\/product"}],"wp:featuredmedia":[{"embeddable":true,"href":"https:\/\/chinacustomboxes.com\/it\/wp-json\/wp\/v2\/media\/2357"}],"wp:attachment":[{"href":"https:\/\/chinacustomboxes.com\/it\/wp-json\/wp\/v2\/media?parent=2356"}],"wp:term":[{"taxonomy":"product_brand","embeddable":true,"href":"https:\/\/chinacustomboxes.com\/it\/wp-json\/wp\/v2\/product_brand?post=2356"},{"taxonomy":"product_cat","embeddable":true,"href":"https:\/\/chinacustomboxes.com\/it\/wp-json\/wp\/v2\/product_cat?post=2356"},{"taxonomy":"product_tag","embeddable":true,"href":"https:\/\/chinacustomboxes.com\/it\/wp-json\/wp\/v2\/product_tag?post=2356"}],"curies":[{"name":"wp","href":"https:\/\/api.w.org\/{rel}","templated":true}]}}