{"id":2377,"date":"2025-09-03T07:25:49","date_gmt":"2025-09-03T07:25:49","guid":{"rendered":"https:\/\/chinacustomboxes.com\/?post_type=product&#038;p=2377"},"modified":"2025-09-03T07:25:49","modified_gmt":"2025-09-03T07:25:49","slug":"magnetic-closure-makeup-palettes-eyeshadow-packaging-boxes","status":"publish","type":"product","link":"https:\/\/chinacustomboxes.com\/it\/magnetic-closure-makeup-palettes-eyeshadow-packaging-boxes\/","title":{"rendered":"Chiusura magnetica Palette trucco ombretto scatole di imballaggio"},"content":{"rendered":"<h2 id=\"magnetic-eyeshadow-box-a-perfect-blend-of-elegant-layout-and-superior-craftsmanship\">Chiusura magnetica Palette trucco ombretto scatole di imballaggio<\/h2>\n<p>Siamo lieti di presentare il nostro nuovo<a href=\"https:\/\/chinacustomboxes.com\/it\/magnetic-closure-boxes\/\"> scatole a chiusura magnetica<\/a>ispirato a un libro rilegato. Intende offrire un eccellente rimedio di imballaggio per i vostri prodotti di make-up, integrando il fascino artistico con l'utilit\u00e0.<\/p>\n<p><img fetchpriority=\"high\" decoding=\"async\" class=\"wp-image-2378 size-full\" src=\"https:\/\/chinacustomboxes.com\/wp-content\/uploads\/2025\/09\/Magnetic-Closure-Makeup-Palettes-Eyeshadow-Packaging-Boxes-1.jpg\" alt=\"Chiusura magnetica Palette trucco ombretto scatole di imballaggio\" width=\"1000\" height=\"1000\" title=\"\" srcset=\"https:\/\/chinacustomboxes.com\/wp-content\/uploads\/2025\/09\/Magnetic-Closure-Makeup-Palettes-Eyeshadow-Packaging-Boxes-1.jpg 1000w, https:\/\/chinacustomboxes.com\/wp-content\/uploads\/2025\/09\/Magnetic-Closure-Makeup-Palettes-Eyeshadow-Packaging-Boxes-1-300x300.jpg 300w, https:\/\/chinacustomboxes.com\/wp-content\/uploads\/2025\/09\/Magnetic-Closure-Makeup-Palettes-Eyeshadow-Packaging-Boxes-1-150x150.jpg 150w, https:\/\/chinacustomboxes.com\/wp-content\/uploads\/2025\/09\/Magnetic-Closure-Makeup-Palettes-Eyeshadow-Packaging-Boxes-1-768x768.jpg 768w, https:\/\/chinacustomboxes.com\/wp-content\/uploads\/2025\/09\/Magnetic-Closure-Makeup-Palettes-Eyeshadow-Packaging-Boxes-1-12x12.jpg 12w, https:\/\/chinacustomboxes.com\/wp-content\/uploads\/2025\/09\/Magnetic-Closure-Makeup-Palettes-Eyeshadow-Packaging-Boxes-1-600x600.jpg 600w, https:\/\/chinacustomboxes.com\/wp-content\/uploads\/2025\/09\/Magnetic-Closure-Makeup-Palettes-Eyeshadow-Packaging-Boxes-1-100x100.jpg 100w\" sizes=\"(max-width: 1000px) 100vw, 1000px\" \/><\/p>\n<h2 id=\"1-unique-publication-style-\">1.\u00a0<strong>Stile di pubblicazione unico<\/strong><\/h2>\n<p>Il sofisticato <a href=\"https:\/\/chinacustomboxes.com\/it\/unusual-shaped-boxes\/\">apertura a doppia porta<\/a> Lo stile del contenitore ha un aspetto simile a quello di un libro, evocativo di un libro di pregio, per un'esperienza molto fantasiosa e da collezione. Le doppie porte proporzionate si chiudono con magneti a sorpresa, creando un'apertura rituale che offre un'affascinante esperienza di unboxing e migliora notevolmente l'immagine del vostro marchio.<\/p>\n<h2 id=\"2-premium-products-sturdy-security-\">2.\u00a0<strong>Prodotti di qualit\u00e0, sicurezza robusta<\/strong><\/h2>\n<p>Il <a href=\"https:\/\/chinacustomboxes.com\/it\/\">scatole<\/a> \u00e8 costruito con un cartoncino grigio di prima qualit\u00e0 e rivestito di carta pregiata, che ne garantisce la robustezza e la durata nel tempo. Questo prodotto non solo \u00e8 estremamente resistente alla pressione, assicurando efficacemente le delicate palette di ombretti al suo interno, ma presenta anche una sensazione di costo e di precisione.<\/p>\n<p><img decoding=\"async\" class=\"alignnone wp-image-2379 size-full\" src=\"https:\/\/chinacustomboxes.com\/wp-content\/uploads\/2025\/09\/Magnetic-Closure-Makeup-Palettes-Eyeshadow-Packaging-Boxes-2.jpg\" alt=\"Chiusura magnetica Palette trucco ombretto scatole di imballaggio\" width=\"1000\" height=\"1000\" title=\"\" srcset=\"https:\/\/chinacustomboxes.com\/wp-content\/uploads\/2025\/09\/Magnetic-Closure-Makeup-Palettes-Eyeshadow-Packaging-Boxes-2.jpg 1000w, https:\/\/chinacustomboxes.com\/wp-content\/uploads\/2025\/09\/Magnetic-Closure-Makeup-Palettes-Eyeshadow-Packaging-Boxes-2-300x300.jpg 300w, https:\/\/chinacustomboxes.com\/wp-content\/uploads\/2025\/09\/Magnetic-Closure-Makeup-Palettes-Eyeshadow-Packaging-Boxes-2-150x150.jpg 150w, https:\/\/chinacustomboxes.com\/wp-content\/uploads\/2025\/09\/Magnetic-Closure-Makeup-Palettes-Eyeshadow-Packaging-Boxes-2-768x768.jpg 768w, https:\/\/chinacustomboxes.com\/wp-content\/uploads\/2025\/09\/Magnetic-Closure-Makeup-Palettes-Eyeshadow-Packaging-Boxes-2-12x12.jpg 12w, https:\/\/chinacustomboxes.com\/wp-content\/uploads\/2025\/09\/Magnetic-Closure-Makeup-Palettes-Eyeshadow-Packaging-Boxes-2-600x600.jpg 600w, https:\/\/chinacustomboxes.com\/wp-content\/uploads\/2025\/09\/Magnetic-Closure-Makeup-Palettes-Eyeshadow-Packaging-Boxes-2-100x100.jpg 100w\" sizes=\"(max-width: 1000px) 100vw, 1000px\" \/><\/p>\n<h2 id=\"3-beautiful-workmanship-showcasing-taste-\">3.\u00a0<strong>Una bella lavorazione, una dimostrazione di gusto<\/strong><\/h2>\n<p>La superficie delle scatole \u00e8 ornata da un bellissimo motivo unico. Grazie alla goffratura e ad altri processi, crea un impatto sofisticato e scintillante e un impatto tridimensionale attenuato sotto la luce, sviluppando un'esperienza estetica e tattile davvero piacevole.<\/p>\n<h2 id=\"4-harmonious-color-aesthetic-appeals-\">4.\u00a0<strong>Estetica dei colori armoniosa<\/strong><\/h2>\n<p>Lo stile generale comprende un colore fresco, vivace ed ecologico, che evoca un'immagine naturale, sana ed equilibrata e giovanile del marchio. Il motivo monocromatico e raffinato conferisce profondit\u00e0 e classe allo stile, pur mantenendo uno schema di tonalit\u00e0 armonioso e unificato, che lo fa emergere dal gruppo.<\/p>\n<p><img decoding=\"async\" class=\"alignnone wp-image-2380 size-full\" src=\"https:\/\/chinacustomboxes.com\/wp-content\/uploads\/2025\/09\/Magnetic-Closure-Makeup-Palettes-Eyeshadow-Packaging-Boxes-3.jpg\" alt=\"Chiusura magnetica Palette trucco ombretto scatole di imballaggio\" width=\"1000\" height=\"1000\" title=\"\" srcset=\"https:\/\/chinacustomboxes.com\/wp-content\/uploads\/2025\/09\/Magnetic-Closure-Makeup-Palettes-Eyeshadow-Packaging-Boxes-3.jpg 1000w, https:\/\/chinacustomboxes.com\/wp-content\/uploads\/2025\/09\/Magnetic-Closure-Makeup-Palettes-Eyeshadow-Packaging-Boxes-3-300x300.jpg 300w, https:\/\/chinacustomboxes.com\/wp-content\/uploads\/2025\/09\/Magnetic-Closure-Makeup-Palettes-Eyeshadow-Packaging-Boxes-3-150x150.jpg 150w, https:\/\/chinacustomboxes.com\/wp-content\/uploads\/2025\/09\/Magnetic-Closure-Makeup-Palettes-Eyeshadow-Packaging-Boxes-3-768x768.jpg 768w, https:\/\/chinacustomboxes.com\/wp-content\/uploads\/2025\/09\/Magnetic-Closure-Makeup-Palettes-Eyeshadow-Packaging-Boxes-3-12x12.jpg 12w, https:\/\/chinacustomboxes.com\/wp-content\/uploads\/2025\/09\/Magnetic-Closure-Makeup-Palettes-Eyeshadow-Packaging-Boxes-3-600x600.jpg 600w, https:\/\/chinacustomboxes.com\/wp-content\/uploads\/2025\/09\/Magnetic-Closure-Makeup-Palettes-Eyeshadow-Packaging-Boxes-3-100x100.jpg 100w\" sizes=\"(max-width: 1000px) 100vw, 1000px\" \/><\/p>\n<h2 id=\"5-user-friendly-useful-design-\">5.\u00a0<strong>Design utile e facile da usare<\/strong><\/h2>\n<p>Uno specchio per il trucco ad alta definizione abilmente incorporato nel coperchio interno consente ai clienti di applicare e ritoccare il trucco in qualsiasi momento e in qualsiasi luogo, migliorando sostanzialmente la praticit\u00e0 e la convenienza dell'articolo. I forti magneti incorporati assicurano una chiusura rapida e sicura della confezione, fornendo una protezione sicura e affidabile per il prodotto.<\/p>\n<p><img loading=\"lazy\" decoding=\"async\" class=\"alignnone wp-image-2383 size-full\" src=\"https:\/\/chinacustomboxes.com\/wp-content\/uploads\/2025\/09\/Magnetic-Closure-Makeup-Palettes-Eyeshadow-Packaging-Boxes-6.jpg\" alt=\"Chiusura magnetica Palette trucco ombretto scatole di imballaggio\" width=\"1000\" height=\"1000\" title=\"\" srcset=\"https:\/\/chinacustomboxes.com\/wp-content\/uploads\/2025\/09\/Magnetic-Closure-Makeup-Palettes-Eyeshadow-Packaging-Boxes-6.jpg 1000w, https:\/\/chinacustomboxes.com\/wp-content\/uploads\/2025\/09\/Magnetic-Closure-Makeup-Palettes-Eyeshadow-Packaging-Boxes-6-300x300.jpg 300w, https:\/\/chinacustomboxes.com\/wp-content\/uploads\/2025\/09\/Magnetic-Closure-Makeup-Palettes-Eyeshadow-Packaging-Boxes-6-150x150.jpg 150w, https:\/\/chinacustomboxes.com\/wp-content\/uploads\/2025\/09\/Magnetic-Closure-Makeup-Palettes-Eyeshadow-Packaging-Boxes-6-768x768.jpg 768w, https:\/\/chinacustomboxes.com\/wp-content\/uploads\/2025\/09\/Magnetic-Closure-Makeup-Palettes-Eyeshadow-Packaging-Boxes-6-12x12.jpg 12w, https:\/\/chinacustomboxes.com\/wp-content\/uploads\/2025\/09\/Magnetic-Closure-Makeup-Palettes-Eyeshadow-Packaging-Boxes-6-600x600.jpg 600w, https:\/\/chinacustomboxes.com\/wp-content\/uploads\/2025\/09\/Magnetic-Closure-Makeup-Palettes-Eyeshadow-Packaging-Boxes-6-100x100.jpg 100w\" sizes=\"(max-width: 1000px) 100vw, 1000px\" \/><\/p>\n<h2 id=\"6-exact-lining-for-stable-storage-space-\">6.\u00a0<strong>Fodera esatta per uno spazio di stoccaggio stabile<\/strong><\/h2>\n<p>L'interno \u00e8 rivestito da una fodera fustellata su misura per la forma dell'articolo, che garantisce che ogni ombretto, polvere e pennello siano custoditi e protetti in modo sicuro, evitando danni e rotture durante il trasporto.<\/p>\n<p><img loading=\"lazy\" decoding=\"async\" class=\"alignnone wp-image-2381 size-full\" src=\"https:\/\/chinacustomboxes.com\/wp-content\/uploads\/2025\/09\/Magnetic-Closure-Makeup-Palettes-Eyeshadow-Packaging-Boxes-4.jpg\" alt=\"Chiusura magnetica Palette trucco ombretto scatole di imballaggio\" width=\"1000\" height=\"1000\" title=\"\" srcset=\"https:\/\/chinacustomboxes.com\/wp-content\/uploads\/2025\/09\/Magnetic-Closure-Makeup-Palettes-Eyeshadow-Packaging-Boxes-4.jpg 1000w, https:\/\/chinacustomboxes.com\/wp-content\/uploads\/2025\/09\/Magnetic-Closure-Makeup-Palettes-Eyeshadow-Packaging-Boxes-4-300x300.jpg 300w, https:\/\/chinacustomboxes.com\/wp-content\/uploads\/2025\/09\/Magnetic-Closure-Makeup-Palettes-Eyeshadow-Packaging-Boxes-4-150x150.jpg 150w, https:\/\/chinacustomboxes.com\/wp-content\/uploads\/2025\/09\/Magnetic-Closure-Makeup-Palettes-Eyeshadow-Packaging-Boxes-4-768x768.jpg 768w, https:\/\/chinacustomboxes.com\/wp-content\/uploads\/2025\/09\/Magnetic-Closure-Makeup-Palettes-Eyeshadow-Packaging-Boxes-4-12x12.jpg 12w, https:\/\/chinacustomboxes.com\/wp-content\/uploads\/2025\/09\/Magnetic-Closure-Makeup-Palettes-Eyeshadow-Packaging-Boxes-4-600x600.jpg 600w, https:\/\/chinacustomboxes.com\/wp-content\/uploads\/2025\/09\/Magnetic-Closure-Makeup-Palettes-Eyeshadow-Packaging-Boxes-4-100x100.jpg 100w\" sizes=\"(max-width: 1000px) 100vw, 1000px\" \/><\/p>\n<h2 id=\"7-full-modification-solution-\">7.\u00a0<strong>Soluzione di modifica completa<\/strong><\/h2>\n<p>Comprendiamo a fondo l'originalit\u00e0 di ogni marchio e offriamo soluzioni di personalizzazione complete, dalla struttura delle scatole, alle dimensioni e alla scelta del prodotto, alle tonalit\u00e0 di stampa, ai trattamenti della superficie (come la stampa a caldo, il trattamento UV, la goffratura e cos\u00ec via) e alla disposizione del rivestimento. Indipendentemente dalle vostre esigenze innovative, il nostro team dedicato \u00e8 in grado di trasformarle in imballaggi distinti che si allineano perfettamente al posizionamento del vostro marchio e alle qualit\u00e0 degli articoli.<\/p>\n<p><img loading=\"lazy\" decoding=\"async\" class=\"alignnone wp-image-2382 size-full\" src=\"https:\/\/chinacustomboxes.com\/wp-content\/uploads\/2025\/09\/Magnetic-Closure-Makeup-Palettes-Eyeshadow-Packaging-Boxes-5.jpg\" alt=\"Chiusura magnetica Palette trucco ombretto scatole di imballaggio\" width=\"1000\" height=\"1000\" title=\"\" srcset=\"https:\/\/chinacustomboxes.com\/wp-content\/uploads\/2025\/09\/Magnetic-Closure-Makeup-Palettes-Eyeshadow-Packaging-Boxes-5.jpg 1000w, https:\/\/chinacustomboxes.com\/wp-content\/uploads\/2025\/09\/Magnetic-Closure-Makeup-Palettes-Eyeshadow-Packaging-Boxes-5-300x300.jpg 300w, https:\/\/chinacustomboxes.com\/wp-content\/uploads\/2025\/09\/Magnetic-Closure-Makeup-Palettes-Eyeshadow-Packaging-Boxes-5-150x150.jpg 150w, https:\/\/chinacustomboxes.com\/wp-content\/uploads\/2025\/09\/Magnetic-Closure-Makeup-Palettes-Eyeshadow-Packaging-Boxes-5-768x768.jpg 768w, https:\/\/chinacustomboxes.com\/wp-content\/uploads\/2025\/09\/Magnetic-Closure-Makeup-Palettes-Eyeshadow-Packaging-Boxes-5-12x12.jpg 12w, https:\/\/chinacustomboxes.com\/wp-content\/uploads\/2025\/09\/Magnetic-Closure-Makeup-Palettes-Eyeshadow-Packaging-Boxes-5-600x600.jpg 600w, https:\/\/chinacustomboxes.com\/wp-content\/uploads\/2025\/09\/Magnetic-Closure-Makeup-Palettes-Eyeshadow-Packaging-Boxes-5-100x100.jpg 100w\" sizes=\"(max-width: 1000px) 100vw, 1000px\" \/><\/p>\n<h2 id=\"8-reliable-prototyping-and-specialist-guarantee-\">8.\u00a0<strong>Prototipazione affidabile e garanzia specializzata<\/strong><\/h2>\n<p>Siamo consapevoli dell'importanza del tempo per i marchi. Sfruttando attrezzature innovative e un gruppo estremamente efficiente, garantiamo che gli esempi preliminari possano essere prodotti in appena un'ora, consentendovi di valutare rapidamente i vostri stili, riducendo drasticamente il ciclo di sviluppo degli articoli e portando i vostri prodotti sul mercato molto pi\u00f9 rapidamente. Vantiamo diversi anni di esperienza nel settore del packaging e della stampa, offrendo numerosi marchi di prestigio a livello residenziale e mondiale. Il nostro rigoroso sistema di controllo della qualit\u00e0 e la nostra meticolosa attenzione ai dettagli vi garantiscono un packaging di qualit\u00e0 superiore.<\/p>","protected":false},"excerpt":{"rendered":"<p>Questo <strong>confezione magnetica per ombretto<\/strong> Il libro \u00e8 dotato di un ingegnoso stile a doppia anta, a forma di libro, che crea un aspetto elegante e una sensazione di cerimonia all'apertura. Il cartoncino grigio di prima qualit\u00e0 e la carta patinata sono stati accuratamente selezionati per la loro longevit\u00e0 e l'efficace protezione del prodotto. Un motivo tridimensionale e tonale, incorporato con una rinfrescante e vivace tonalit\u00e0 di verde prato, evidenzia l'immagine giovane e sana del marchio. Uno specchio integrato per il trucco ad alta definizione aumenta la praticit\u00e0 e la convenienza, mentre una robusta chiusura magnetica garantisce una vestibilit\u00e0 protetta e affidabile. Una fodera specificamente fustellata offre una sicurezza sicura per il vostro prodotto. Forniamo servizi di personalizzazione dettagliati e prove di stampa rapide. Grazie alla nostra esperienza specialistica e al rigoroso controllo di qualit\u00e0, siamo in grado di sviluppare confezioni di alto livello che si adattano perfettamente all'immagine del vostro marchio.<\/p>","protected":false},"featured_media":2378,"template":"","meta":{"_kad_post_transparent":"default","_kad_post_title":"","_kad_post_layout":"default","_kad_post_sidebar_id":"","_kad_post_content_style":"default","_kad_post_vertical_padding":"default","_kad_post_feature":"","_kad_post_feature_position":"","_kad_post_header":false,"_kad_post_footer":false,"_kad_post_classname":""},"product_brand":[],"product_cat":[15,17,28,18],"product_tag":[452,587,586],"class_list":{"0":"post-2377","1":"product","2":"type-product","3":"status-publish","4":"has-post-thumbnail","6":"product_cat-boxes-by-shapes","7":"product_cat-boxes-by-industries","8":"product_cat-cosmetic-packaging-boxes","9":"product_cat-magnetic-closure-boxes","10":"product_tag-magnetic-closure-boxes","11":"product_tag-makeup-packaging-boxes","12":"product_tag-palettes-eyeshadow-packaging","14":"first","15":"instock","16":"shipping-taxable","17":"product-type-simple","18":"entry","19":"content-bg","20":"loop-entry"},"_links":{"self":[{"href":"https:\/\/chinacustomboxes.com\/it\/wp-json\/wp\/v2\/product\/2377","targetHints":{"allow":["GET"]}}],"collection":[{"href":"https:\/\/chinacustomboxes.com\/it\/wp-json\/wp\/v2\/product"}],"about":[{"href":"https:\/\/chinacustomboxes.com\/it\/wp-json\/wp\/v2\/types\/product"}],"wp:featuredmedia":[{"embeddable":true,"href":"https:\/\/chinacustomboxes.com\/it\/wp-json\/wp\/v2\/media\/2378"}],"wp:attachment":[{"href":"https:\/\/chinacustomboxes.com\/it\/wp-json\/wp\/v2\/media?parent=2377"}],"wp:term":[{"taxonomy":"product_brand","embeddable":true,"href":"https:\/\/chinacustomboxes.com\/it\/wp-json\/wp\/v2\/product_brand?post=2377"},{"taxonomy":"product_cat","embeddable":true,"href":"https:\/\/chinacustomboxes.com\/it\/wp-json\/wp\/v2\/product_cat?post=2377"},{"taxonomy":"product_tag","embeddable":true,"href":"https:\/\/chinacustomboxes.com\/it\/wp-json\/wp\/v2\/product_tag?post=2377"}],"curies":[{"name":"wp","href":"https:\/\/api.w.org\/{rel}","templated":true}]}}