{"id":2384,"date":"2025-09-08T02:34:47","date_gmt":"2025-09-08T02:34:47","guid":{"rendered":"https:\/\/chinacustomboxes.com\/?post_type=product&#038;p=2384"},"modified":"2025-09-08T02:34:47","modified_gmt":"2025-09-08T02:34:47","slug":"neck-lid-and-base-boxes-for-candle-perfume-cosmetic-china","status":"publish","type":"product","link":"https:\/\/chinacustomboxes.com\/it\/neck-lid-and-base-boxes-for-candle-perfume-cosmetic-china\/","title":{"rendered":"Coperchio del collo e scatole di base per candela profumo cosmetici Cina"},"content":{"rendered":"<h2 id=\"-luxury-and-style-a-tasteful-choice-neck-boxes-for-candles-perfumes-and-cosmetics-\">Coperchio del collo e scatole di base per candela profumo cosmetici Cina<\/h2>\n<p>Progettata per candele, profumi e cosmetici di alta qualit\u00e0, questa scatola per il confezionamento di prodotti inflessibili presenta un classico e affascinante collo a cassetta (indicato anche come un <a href=\"https:\/\/chinacustomboxes.com\/it\/lid-and-base-boxes\/\">scatole con coperchio a spalla e base<\/a>). Il suo stile unico non solo offre un'eccezionale protezione degli articoli, ma accresce anche il senso di lusso e di valore del marchio attraverso un'esperienza di apertura cerimoniale. Scegliamo prodotti di prima qualit\u00e0 e incorporiamo una splendida lavorazione per produrre confezioni di marca degne di nota.<\/p>\n<p><img fetchpriority=\"high\" decoding=\"async\" class=\"alignnone wp-image-2385 size-large\" src=\"https:\/\/chinacustomboxes.com\/wp-content\/uploads\/2025\/09\/Lid-and-Baase-for-Candle-1-1024x1024.jpg\" alt=\"Coperchio e base per profumo di candela\" width=\"1024\" height=\"1024\" title=\"\" srcset=\"https:\/\/chinacustomboxes.com\/wp-content\/uploads\/2025\/09\/Lid-and-Baase-for-Candle-1-1024x1024.jpg 1024w, https:\/\/chinacustomboxes.com\/wp-content\/uploads\/2025\/09\/Lid-and-Baase-for-Candle-1-300x300.jpg 300w, https:\/\/chinacustomboxes.com\/wp-content\/uploads\/2025\/09\/Lid-and-Baase-for-Candle-1-150x150.jpg 150w, https:\/\/chinacustomboxes.com\/wp-content\/uploads\/2025\/09\/Lid-and-Baase-for-Candle-1-768x768.jpg 768w, https:\/\/chinacustomboxes.com\/wp-content\/uploads\/2025\/09\/Lid-and-Baase-for-Candle-1-1536x1536.jpg 1536w, https:\/\/chinacustomboxes.com\/wp-content\/uploads\/2025\/09\/Lid-and-Baase-for-Candle-1-12x12.jpg 12w, https:\/\/chinacustomboxes.com\/wp-content\/uploads\/2025\/09\/Lid-and-Baase-for-Candle-1-600x600.jpg 600w, https:\/\/chinacustomboxes.com\/wp-content\/uploads\/2025\/09\/Lid-and-Baase-for-Candle-1-100x100.jpg 100w, https:\/\/chinacustomboxes.com\/wp-content\/uploads\/2025\/09\/Lid-and-Baase-for-Candle-1.jpg 1920w\" sizes=\"(max-width: 1024px) 100vw, 1024px\" \/><\/p>\n<h2 id=\"1-standard-neck-box-framework-\">1.\u00a0<strong>Struttura delle scatole da collo standard\u00a0<\/strong><\/h2>\n<p>Questa candela, fragranza e <a href=\"https:\/\/chinacustomboxes.com\/it\/cosmetic-packaging-boxes\/\">scatole per cosmetici<\/a> \u00e8 dotato di una struttura tradizionale per casse da collo. Questa scatola \u00e8 composta da un coperchio, una base e un \"collo\" integrato (chiamato anche \"spalla\"), che consente al coperchio e alla base di adattarsi perfettamente. Il leggero effetto di smorzamento all'apertura migliora l'esperienza dell'unboxing, producendo una sensazione di brivido e di valore, oltre a dare un tocco di alta gamma al prodotto. Questa struttura stabile fornisce una difesa eccellente per il prodotto all'interno.<\/p>\n<p><img decoding=\"async\" class=\"alignnone wp-image-2386 size-full\" src=\"https:\/\/chinacustomboxes.com\/wp-content\/uploads\/2025\/09\/Lid-and-Baase-for-Candle-2.jpg\" alt=\"Coperchio e base per profumo di candela\" width=\"1919\" height=\"1919\" title=\"\" srcset=\"https:\/\/chinacustomboxes.com\/wp-content\/uploads\/2025\/09\/Lid-and-Baase-for-Candle-2.jpg 1919w, https:\/\/chinacustomboxes.com\/wp-content\/uploads\/2025\/09\/Lid-and-Baase-for-Candle-2-300x300.jpg 300w, https:\/\/chinacustomboxes.com\/wp-content\/uploads\/2025\/09\/Lid-and-Baase-for-Candle-2-1024x1024.jpg 1024w, https:\/\/chinacustomboxes.com\/wp-content\/uploads\/2025\/09\/Lid-and-Baase-for-Candle-2-150x150.jpg 150w, https:\/\/chinacustomboxes.com\/wp-content\/uploads\/2025\/09\/Lid-and-Baase-for-Candle-2-768x768.jpg 768w, https:\/\/chinacustomboxes.com\/wp-content\/uploads\/2025\/09\/Lid-and-Baase-for-Candle-2-1536x1536.jpg 1536w, https:\/\/chinacustomboxes.com\/wp-content\/uploads\/2025\/09\/Lid-and-Baase-for-Candle-2-12x12.jpg 12w, https:\/\/chinacustomboxes.com\/wp-content\/uploads\/2025\/09\/Lid-and-Baase-for-Candle-2-600x600.jpg 600w, https:\/\/chinacustomboxes.com\/wp-content\/uploads\/2025\/09\/Lid-and-Baase-for-Candle-2-100x100.jpg 100w\" sizes=\"(max-width: 1919px) 100vw, 1919px\" \/><\/p>\n<h2 id=\"2-carefully-picked-high-quality-products-\">2.\u00a0<strong>Prodotti di alta qualit\u00e0 scelti con cura<\/strong><\/h2>\n<p>Queste scatole utilizzano una base di cartone spesso, che ne garantisce la resistenza e la longevit\u00e0. Lo strato esterno \u00e8 rivestito con carta artistica meticolosamente scelta, che ha un aspetto speciale e una sensazione di reattivit\u00e0 che migliora notevolmente la qualit\u00e0 complessiva dell'imballaggio del prodotto. Il rivestimento interno \u00e8 realizzato in morbido velluto nero, che protegge e assicura con successo gli articoli fragili, evitando che si spostino o si danneggino durante il trasporto e lo schermo. Molti fornitori cinesi stanno attualmente dando priorit\u00e0 alla tutela dell'ambiente e all'utilizzo di materiali riciclabili e rispettosi dell'ambiente.<\/p>\n<p><img decoding=\"async\" class=\"alignnone wp-image-2387 size-large\" src=\"https:\/\/chinacustomboxes.com\/wp-content\/uploads\/2025\/09\/Lid-and-Baase-for-Candle-3-1024x1024.jpg\" alt=\"Coperchio e base per profumo di candela\" width=\"1024\" height=\"1024\" title=\"\" srcset=\"https:\/\/chinacustomboxes.com\/wp-content\/uploads\/2025\/09\/Lid-and-Baase-for-Candle-3-1024x1024.jpg 1024w, https:\/\/chinacustomboxes.com\/wp-content\/uploads\/2025\/09\/Lid-and-Baase-for-Candle-3-300x300.jpg 300w, https:\/\/chinacustomboxes.com\/wp-content\/uploads\/2025\/09\/Lid-and-Baase-for-Candle-3-150x150.jpg 150w, https:\/\/chinacustomboxes.com\/wp-content\/uploads\/2025\/09\/Lid-and-Baase-for-Candle-3-768x768.jpg 768w, https:\/\/chinacustomboxes.com\/wp-content\/uploads\/2025\/09\/Lid-and-Baase-for-Candle-3-1536x1536.jpg 1536w, https:\/\/chinacustomboxes.com\/wp-content\/uploads\/2025\/09\/Lid-and-Baase-for-Candle-3-12x12.jpg 12w, https:\/\/chinacustomboxes.com\/wp-content\/uploads\/2025\/09\/Lid-and-Baase-for-Candle-3-600x600.jpg 600w, https:\/\/chinacustomboxes.com\/wp-content\/uploads\/2025\/09\/Lid-and-Baase-for-Candle-3-100x100.jpg 100w, https:\/\/chinacustomboxes.com\/wp-content\/uploads\/2025\/09\/Lid-and-Baase-for-Candle-3.jpg 1919w\" sizes=\"(max-width: 1024px) 100vw, 1024px\" \/><\/p>\n<h2 id=\"3-exquisite-craftsmanship-\">3.\u00a0<strong>Squisito artigianato\u00a0<\/strong><\/h2>\n<p>Questo prodotto rigido<a href=\"https:\/\/chinacustomboxes.com\/it\/\"> scatole da imballaggio<\/a> mostra un alto grado di artigianalit\u00e0. La superficie della confezione \u00e8 liscia, con lati ordinati e privi di difetti. Il logo del marchio e altri testi sulla copertina sono applicati con una procedura di stampa a caldo di alta precisione. I caratteri tipografici chiari e lucidi creano un forte contrasto estetico con le scatole nere opache, creando un impatto suggestivo e attraente. La stampa a caldo, la goffratura e la stampa UV sono tecniche a valore aggiunto tipicamente utilizzate per il confezionamento di prodotti estetici, che aumentano adeguatamente il valore percepito del prodotto.<\/p>\n<h2 id=\"4-downplayed-luxury-shade-combination-\">4.\u00a0<strong>Combinazione di tonalit\u00e0 di lusso attenuata\u00a0<\/strong><\/h2>\n<p>Il testo delle scatole di imballaggio del prodotto \u00e8 caratterizzato da un profondo nero opaco, che produce un'atmosfera misteriosa di alta gamma sottovalutata. Il collo, un tocco finale di grande effetto, \u00e8 enfatizzato da un oro abbagliante. Questa tradizionale combinazione di nero e oro rafforza ulteriormente il posizionamento premium dell'articolo e ne evidenzia la straordinaria preferenza. Questo mix di tonalit\u00e0 non solo ha un forte effetto estetico, ma si sposa perfettamente con l'aspetto del mercato dei cosmetici di alta gamma, dei profumi e delle grandi luci di candela.<\/p>\n<p><img loading=\"lazy\" decoding=\"async\" class=\"alignnone wp-image-2388 size-large\" src=\"https:\/\/chinacustomboxes.com\/wp-content\/uploads\/2025\/09\/Lid-and-Baase-for-Candle-4-1024x1024.jpg\" alt=\"Coperchio e base per profumo di candela\" width=\"1024\" height=\"1024\" title=\"\" srcset=\"https:\/\/chinacustomboxes.com\/wp-content\/uploads\/2025\/09\/Lid-and-Baase-for-Candle-4-1024x1024.jpg 1024w, https:\/\/chinacustomboxes.com\/wp-content\/uploads\/2025\/09\/Lid-and-Baase-for-Candle-4-300x300.jpg 300w, https:\/\/chinacustomboxes.com\/wp-content\/uploads\/2025\/09\/Lid-and-Baase-for-Candle-4-150x150.jpg 150w, https:\/\/chinacustomboxes.com\/wp-content\/uploads\/2025\/09\/Lid-and-Baase-for-Candle-4-768x768.jpg 768w, https:\/\/chinacustomboxes.com\/wp-content\/uploads\/2025\/09\/Lid-and-Baase-for-Candle-4-1536x1536.jpg 1536w, https:\/\/chinacustomboxes.com\/wp-content\/uploads\/2025\/09\/Lid-and-Baase-for-Candle-4-12x12.jpg 12w, https:\/\/chinacustomboxes.com\/wp-content\/uploads\/2025\/09\/Lid-and-Baase-for-Candle-4-600x600.jpg 600w, https:\/\/chinacustomboxes.com\/wp-content\/uploads\/2025\/09\/Lid-and-Baase-for-Candle-4-100x100.jpg 100w, https:\/\/chinacustomboxes.com\/wp-content\/uploads\/2025\/09\/Lid-and-Baase-for-Candle-4.jpg 1920w\" sizes=\"(max-width: 1024px) 100vw, 1024px\" \/><\/p>\n<h2 id=\"5-simple-yet-amazing-design-aesthetic-\">5.\u00a0<strong>Estetica semplice ma sorprendente\u00a0<\/strong><\/h2>\n<p>Il design complessivo si attiene a principi minimali, evitando decorazioni eccessive. Al contrario, mette in risalto la qualit\u00e0 integrale dell'articolo con materiali pregiati e un'accurata lavorazione artigianale. L'unico \"dispositivo\" \u00e8 il logo del marchio placcato in oro sulla copertina. Questo layout semplice si concentra efficacemente sul marchio stesso, aiutando a catturare rapidamente l'attenzione dei consumatori e a migliorare il riconoscimento del marchio.<\/p>\n<h2 id=\"6-personalized-protective-lining-\">6.\u00a0<strong>Fodera protettiva personalizzata\u00a0<\/strong><\/h2>\n<p>Il rivestimento cellulare \u00e8 un elemento importante dell'imballaggio di fascia alta, la cui funzione principale \u00e8 quella di mantenere e salvaguardare l'articolo. Siamo in grado di fustellare con precisione e di ritagliare in base alla forma e alle dimensioni specifiche del vostro prodotto, assicurando un adattamento perfetto all'interno delle scatole e bloccando efficacemente il movimento, riducendo cos\u00ec al minimo il rischio di danni durante il trasporto. Inoltre, il materiale di rivestimento morbido migliora significativamente l'esperienza totale dell'unboxing e il valore percepito dell'articolo.<\/p>\n<p><img loading=\"lazy\" decoding=\"async\" class=\"alignnone wp-image-2389 size-large\" src=\"https:\/\/chinacustomboxes.com\/wp-content\/uploads\/2025\/09\/Lid-and-Baase-for-Candle-5-1024x1024.jpg\" alt=\"Coperchio e base per profumo di candela\" width=\"1024\" height=\"1024\" title=\"\" srcset=\"https:\/\/chinacustomboxes.com\/wp-content\/uploads\/2025\/09\/Lid-and-Baase-for-Candle-5-1024x1024.jpg 1024w, https:\/\/chinacustomboxes.com\/wp-content\/uploads\/2025\/09\/Lid-and-Baase-for-Candle-5-300x300.jpg 300w, https:\/\/chinacustomboxes.com\/wp-content\/uploads\/2025\/09\/Lid-and-Baase-for-Candle-5-150x150.jpg 150w, https:\/\/chinacustomboxes.com\/wp-content\/uploads\/2025\/09\/Lid-and-Baase-for-Candle-5-768x768.jpg 768w, https:\/\/chinacustomboxes.com\/wp-content\/uploads\/2025\/09\/Lid-and-Baase-for-Candle-5-1536x1536.jpg 1536w, https:\/\/chinacustomboxes.com\/wp-content\/uploads\/2025\/09\/Lid-and-Baase-for-Candle-5-12x12.jpg 12w, https:\/\/chinacustomboxes.com\/wp-content\/uploads\/2025\/09\/Lid-and-Baase-for-Candle-5-600x600.jpg 600w, https:\/\/chinacustomboxes.com\/wp-content\/uploads\/2025\/09\/Lid-and-Baase-for-Candle-5-100x100.jpg 100w, https:\/\/chinacustomboxes.com\/wp-content\/uploads\/2025\/09\/Lid-and-Baase-for-Candle-5.jpg 1920w\" sizes=\"(max-width: 1024px) 100vw, 1024px\" \/><\/p>\n<h2 id=\"7-flexible-and-diverse-customization-services-\">7.\u00a0<strong>Servizi di personalizzazione flessibili e diversificati\u00a0<\/strong><\/h2>\n<p>Essendo una delle principali basi internazionali per la produzione di imballaggi per prodotti, i produttori cinesi utilizzano generalmente servizi di modifica estremamente adattabili. I clienti possono personalizzare completamente la forma delle scatole, le dimensioni, il materiale, il processo di stampa (come la stampa a colori spot, la stampa a caldo, la stampa UV spot, ecc.) e la scelta del rivestimento per soddisfare le esigenze del loro marchio speciale, producendo un servizio di imballaggio personalizzato che si adatta al meglio all'immagine del loro marchio e alle qualit\u00e0 del prodotto.<\/p>","protected":false},"excerpt":{"rendered":"<p>Progettata per candele, profumi e cosmetici, questa confezione per prodotti a collo rigido, con la sua classica struttura del coperchio superiore e inferiore, i prodotti di alta qualit\u00e0 e la squisita fattura, incarna perfettamente l'alta gamma e la classe. La classica combinazione di tonalit\u00e0 di nero opaco e stampa calda, il design semplice ma d'impatto e la fodera di sicurezza su misura non solo offrono una solida difesa per i vostri prodotti, ma migliorano anche il valore del vostro marchio e l'esperienza dei consumatori dal punto di vista estetico e tattile. Forniamo soluzioni di personalizzazione complete per aiutarvi a creare imballaggi di marca unici.<\/p>","protected":false},"featured_media":2385,"template":"","meta":{"_kad_post_transparent":"default","_kad_post_title":"","_kad_post_layout":"default","_kad_post_sidebar_id":"","_kad_post_content_style":"default","_kad_post_vertical_padding":"default","_kad_post_feature":"","_kad_post_feature_position":"","_kad_post_header":false,"_kad_post_footer":false,"_kad_post_classname":""},"product_brand":[],"product_cat":[15,17,33,28,19,34],"product_tag":[595,594,596],"class_list":{"0":"post-2384","1":"product","2":"type-product","3":"status-publish","4":"has-post-thumbnail","6":"product_cat-boxes-by-shapes","7":"product_cat-boxes-by-industries","8":"product_cat-candle-packaging-boxes","9":"product_cat-cosmetic-packaging-boxes","10":"product_cat-lid-and-base-boxes","11":"product_cat-perfume-packaging-boxes","12":"product_tag-lid-and-base-boxes-for-candle","13":"product_tag-neck-lid-and-base-boxes","14":"product_tag-perfume-boxes-china","16":"first","17":"instock","18":"shipping-taxable","19":"product-type-simple","20":"entry","21":"content-bg","22":"loop-entry"},"_links":{"self":[{"href":"https:\/\/chinacustomboxes.com\/it\/wp-json\/wp\/v2\/product\/2384","targetHints":{"allow":["GET"]}}],"collection":[{"href":"https:\/\/chinacustomboxes.com\/it\/wp-json\/wp\/v2\/product"}],"about":[{"href":"https:\/\/chinacustomboxes.com\/it\/wp-json\/wp\/v2\/types\/product"}],"wp:featuredmedia":[{"embeddable":true,"href":"https:\/\/chinacustomboxes.com\/it\/wp-json\/wp\/v2\/media\/2385"}],"wp:attachment":[{"href":"https:\/\/chinacustomboxes.com\/it\/wp-json\/wp\/v2\/media?parent=2384"}],"wp:term":[{"taxonomy":"product_brand","embeddable":true,"href":"https:\/\/chinacustomboxes.com\/it\/wp-json\/wp\/v2\/product_brand?post=2384"},{"taxonomy":"product_cat","embeddable":true,"href":"https:\/\/chinacustomboxes.com\/it\/wp-json\/wp\/v2\/product_cat?post=2384"},{"taxonomy":"product_tag","embeddable":true,"href":"https:\/\/chinacustomboxes.com\/it\/wp-json\/wp\/v2\/product_tag?post=2384"}],"curies":[{"name":"wp","href":"https:\/\/api.w.org\/{rel}","templated":true}]}}