{"id":658,"date":"2025-04-14T03:25:35","date_gmt":"2025-04-14T03:25:35","guid":{"rendered":"https:\/\/chinacustomboxes.com\/?post_type=product&#038;p=658"},"modified":"2025-04-30T05:47:36","modified_gmt":"2025-04-30T05:47:36","slug":"custom-mailer-boxes-for-shirt-dress-underwear-shirt-package","status":"publish","type":"product","link":"https:\/\/chinacustomboxes.com\/it\/custom-mailer-boxes-for-shirt-dress-underwear-shirt-package\/","title":{"rendered":"Scatole mailer personalizzate per il pacchetto di biancheria intima del vestito della camicia"},"content":{"rendered":"<h2 id=\"summer-holiday-series-customized-packaging-box-product-description\">Estate Holiday Custom Mailer scatole per camicia vestito biancheria intima pacchetto camicia<\/h2>\n<h2 id=\"1-innovative-structure-and-convenient-design\">1. Struttura innovativa e design conveniente<\/h2>\n<ol>\n<li><strong>Formatura pieghevole integrata<\/strong>\u00a0Questa scatola per aeroplani adotta un design pieghevole integrato brevettato, che non richiede colla o chiodi, e pu\u00f2 essere assemblata rapidamente attraverso pieghe e strutture a fibbia pre-stampate. Gli utenti possono completare lo stampaggio tridimensionale in soli 10 secondi, il che \u00e8 particolarmente adatto alle esigenze di smistamento e imballaggio di e-commerce e marchi di abbigliamento. Una volta dispiegata, la scatola forma una struttura stabile a sei lati e lo spazio interno \u00e8 suddiviso in modo scientifico, in modo da adattarsi perfettamente a merci di diverse dimensioni, come camicie e vestiti.<\/li>\n<li><strong>Stoccaggio leggero e trasporto efficiente<\/strong>\u00a0Lo spessore \u00e8 di soli 5 mm allo stato piatto e il tasso di compressione del volume \u00e8 pari a 80%, riducendo in modo significativo i costi di magazzino e di logistica. Dopo la piegatura e il trasporto impilato, \u00e8 possibile risparmiare pi\u00f9 di 50% di spazio, il che \u00e8 particolarmente adatto alle esigenze di stoccaggio flessibile del commercio elettronico transfrontaliero e dei prodotti stagionali pi\u00f9 venduti.<\/li>\n<\/ol>\n<h2 id=\"2-visual-aesthetics-and-brand-impression\">2. Estetica visiva e impressione del marchio<\/h2>\n<ol>\n<li><strong>Design visivo del tema estivo<\/strong>\u00a0Il colore principale del corpo della scatola \u00e8 il rosa tenue, con grappoli di limone giallo brillante, rami e foglie verde scuro sfumati e motivi floreali bianchi, ispirati allo stile delle vacanze mediterranee. Il lato esterno adotta la tecnologia di stampa fronte\/retro e le foglie simulano l'effetto di luce e ombra attraverso il verde scuro sfumato, dando l'impressione di un'immagine di grande effetto. <a href=\"https:\/\/chinacustomboxes.com\/it\/custom-luxury-apparel-clothing-shirt-packaging-box-wholesale\/\">imballaggio<\/a> Il cluster di limoni adotta una stampa a punti di alta precisione per presentare una texture trasparente sotto il sole.<\/li>\n<li><strong>Informazioni sullo strato interno e fusione di illustrazioni<\/strong>\u00a0Il lato interno della scatola \u00e8 stampato con un'illustrazione di bevande in stile minimalista, combinata con il LOGO del marchio, le istruzioni di lavaggio e gli slogan di protezione ambientale, che trasmettono abilmente la cultura del marchio. L'illustrazione utilizza toni a bassa saturazione per formare un equilibrio visivo con il motivo ad alto contrasto all'esterno, offrendo agli utenti una doppia sorpresa al momento del disimballaggio.<\/li>\n<\/ol>\n<h2 id=\"3-protection-performance-and-environmentally-friendly-materials\">3. Prestazioni di protezione e materiali ecologici<\/h2>\n<ol>\n<li><strong>Struttura tampone ad alta resistenza<\/strong>\u00a0Viene utilizzato il cartone ondulato composito, con una resistenza alla compressione di 8000N\/m\u00b2, in grado di resistere all'impatto di schiacciamento e caduta durante il trasporto. All'interno della scatola \u00e8 stata aggiunta una nervatura di rinforzo a nido d'ape, combinata con il processo di avvolgimento ad arco dei bordi per disperdere ulteriormente la pressione e ridurre il rischio di grinze o danni al prodotto.<\/li>\n<li><strong>Materiali ecologici e riciclabili<\/strong>\u00a0Il cartone \u00e8 certificato FSC e stampato con inchiostro a base d'acqua, conforme agli standard di sicurezza alimentare. La scatola vuota pu\u00f2 essere 100% riciclata e degradata, e pu\u00f2 anche essere riutilizzata come contenitore, in linea con la tendenza green. <a href=\"https:\/\/chinacustomboxes.com\/it\/custom-artisan-chocolate-telescopic-packaging-box-wholesale\/\">imballaggio<\/a>.<\/li>\n<\/ol>\n<h2 id=\"iv-personalized-customization-service\">4. Servizio di personalizzazione personalizzato<\/h2>\n<ol>\n<li><strong>Personalizzazione flessibile a tutto campo<\/strong>\u00a0Supporta una profonda personalizzazione delle dimensioni, del tipo di scatola e del modello:<\/li>\n<li><strong>Corrispondenza delle dimensioni<\/strong>: Progettare una fodera esclusiva in base a parametri quali la circonferenza del collo della camicia e la lunghezza dell'abito per evitare che il prodotto si agiti;<\/li>\n<li><strong>Espansione della funzione<\/strong>: Si possono aggiungere finestre trasparenti (materiale PET), maniglie a nastro o chiusure magnetiche per migliorare il senso della cerimonia di disimballaggio;<\/li>\n<li><strong>Impianto di elementi del marchio<\/strong>: Supporta la stampa a caldo, la goffratura UV, l'incavatura laser e altri processi per migliorare il riconoscimento del marchio.<\/li>\n<\/ol>\n<h2 id=\"v-applicable-scenarios-and-user-value\">5. Scenari applicabili e valore dell'utente<\/h2>\n<ul>\n<li><strong>Logistica del commercio elettronico<\/strong>: Riduzione del trasporto di singoli pezzi grazie al design leggero e alla struttura ad alta resistenza che si adatta al trasporto transfrontaliero su lunga distanza;<\/li>\n<li><strong>Display del negozio<\/strong>: Il design dell'interno e dell'esterno pu\u00f2 essere visualizzato direttamente come una confezione regalo, riducendo la quantit\u00e0 di materiale secondario. <a href=\"https:\/\/chinacustomboxes.com\/it\/wholesale-luxury-lid-and-base-ring-earring-necklace-packaging\/\">imballaggio<\/a> rifiuti;<\/li>\n<li><strong>Esperienza dell'utente<\/strong>: Quando si apre la scatola, il motivo del limone e l'illustrazione della bevanda formano un'associazione con la \"bevanda delle vacanze\", rafforzando il punto di memoria del marchio.<\/li>\n<\/ul>","protected":false},"excerpt":{"rendered":"<p>Questo mailer box adotta un design pieghevole integrato e pu\u00f2 essere assemblato in pochi secondi senza colla o chiodi. Le sue dimensioni ridotte, quando \u00e8 stesa, la rendono facile da riporre e da trasportare. Una volta aperta, forma una struttura tridimensionale stabile. \u00c8 molto adatto per l'imballaggio di camicie, abiti, biancheria intima e camicie.<\/p>","protected":false},"featured_media":659,"template":"","meta":{"_kad_post_transparent":"default","_kad_post_title":"","_kad_post_layout":"default","_kad_post_sidebar_id":"","_kad_post_content_style":"default","_kad_post_vertical_padding":"default","_kad_post_feature":"","_kad_post_feature_position":"","_kad_post_header":false,"_kad_post_footer":false,"_kad_post_classname":""},"product_brand":[],"product_cat":[15,17,30,38,25],"product_tag":[231,230,232],"class_list":{"0":"post-658","1":"product","2":"type-product","3":"status-publish","4":"has-post-thumbnail","6":"product_cat-boxes-by-shapes","7":"product_cat-boxes-by-industries","8":"product_cat-clothing-packaging-boxes","9":"product_cat-e-commerce-packaging","10":"product_cat-mailer-boxes","11":"product_tag-custom-shipping-dress-boxes","12":"product_tag-mailer-boxes-for-shirt","13":"product_tag-underwear-shirt-packaging-boxes","15":"first","16":"instock","17":"shipping-taxable","18":"product-type-simple","19":"entry","20":"content-bg","21":"loop-entry"},"_links":{"self":[{"href":"https:\/\/chinacustomboxes.com\/it\/wp-json\/wp\/v2\/product\/658","targetHints":{"allow":["GET"]}}],"collection":[{"href":"https:\/\/chinacustomboxes.com\/it\/wp-json\/wp\/v2\/product"}],"about":[{"href":"https:\/\/chinacustomboxes.com\/it\/wp-json\/wp\/v2\/types\/product"}],"wp:featuredmedia":[{"embeddable":true,"href":"https:\/\/chinacustomboxes.com\/it\/wp-json\/wp\/v2\/media\/659"}],"wp:attachment":[{"href":"https:\/\/chinacustomboxes.com\/it\/wp-json\/wp\/v2\/media?parent=658"}],"wp:term":[{"taxonomy":"product_brand","embeddable":true,"href":"https:\/\/chinacustomboxes.com\/it\/wp-json\/wp\/v2\/product_brand?post=658"},{"taxonomy":"product_cat","embeddable":true,"href":"https:\/\/chinacustomboxes.com\/it\/wp-json\/wp\/v2\/product_cat?post=658"},{"taxonomy":"product_tag","embeddable":true,"href":"https:\/\/chinacustomboxes.com\/it\/wp-json\/wp\/v2\/product_tag?post=658"}],"curies":[{"name":"wp","href":"https:\/\/api.w.org\/{rel}","templated":true}]}}