{"id":1109,"date":"2025-04-16T09:00:28","date_gmt":"2025-04-16T09:00:28","guid":{"rendered":"https:\/\/chinacustomboxes.com\/?post_type=product&#038;p=1109"},"modified":"2025-04-30T08:11:24","modified_gmt":"2025-04-30T08:11:24","slug":"trading-textured-paper-portable-power-bank-drawer-boxes","status":"publish","type":"product","link":"https:\/\/chinacustomboxes.com\/nl\/trading-textured-paper-portable-power-bank-drawer-boxes\/","title":{"rendered":"Trading structuur papier draagbare Power Bank lade dozen"},"content":{"rendered":"<h2 id=\"-product-description-of-portable-power-bank-pull-out-box-\"><strong>Product Beschrijving van Draagbare Power Bank Match Slider Style Box<\/strong><\/h2>\n<h2 id=\"1-high-grade-textured-specialty-paper-\">1.\u00a0<strong>Hoogwaardig gestructureerd speciaal papier<\/strong><\/h2>\n<p>De buitenverpakking van het product is gemaakt van 120 g hoogwaardig getextureerd speciaal papier, met een delicaat en gelaagd oppervlak, waardoor de <a href=\"https:\/\/chinacustomboxes.com\/nl\/custom-cbd-oil-packaging-boxes-folding-carton-distributor\/\">verpakking<\/a> een hoogwaardig gevoel van de mysterieuze serie. De unieke textuur en licht- en schaduweffecten van speciaal papier, gecombineerd met donkere of metallic kleuren, passen perfect bij de toon van het merk en cre\u00ebren een low-key en luxueuze visuele ervaring.<\/p>\n<h2 id=\"2-drawer-type-box-structure-\">2.\u00a0<strong>Structuur lade papierbak<\/strong><\/h2>\n<p>Er is gekozen voor een uittrekbaar ontwerp, dat soepel en ritueel is. Gebruikers kunnen de powerbank er gemakkelijk uithalen, rekening houdend met gemak en ritueel. De interne structuur wordt ondersteund door 1200G high-density grijs karton om ervoor te zorgen dat de doos sterk en drukbestendig is, en de binnenkant is vlak en glad, zodat de powerbank beschermd wordt tegen schokken tijdens transport of dagelijks gebruik.<\/p>\n<p><a href=\"http:\/\/chinacustomboxes.com\/nl\/drawer-style-boxes\/\"><img fetchpriority=\"high\" decoding=\"async\" class=\"alignnone wp-image-2187 size-full\" src=\"https:\/\/chinacustomboxes.com\/wp-content\/uploads\/2025\/04\/Tea-Slide-Out-Box-3.jpg\" alt=\"Thee uitschuifbare doos\" width=\"1000\" height=\"1000\" title=\"\" srcset=\"https:\/\/chinacustomboxes.com\/wp-content\/uploads\/2025\/04\/Tea-Slide-Out-Box-3.jpg 1000w, https:\/\/chinacustomboxes.com\/wp-content\/uploads\/2025\/04\/Tea-Slide-Out-Box-3-300x300.jpg 300w, https:\/\/chinacustomboxes.com\/wp-content\/uploads\/2025\/04\/Tea-Slide-Out-Box-3-150x150.jpg 150w, https:\/\/chinacustomboxes.com\/wp-content\/uploads\/2025\/04\/Tea-Slide-Out-Box-3-768x768.jpg 768w, https:\/\/chinacustomboxes.com\/wp-content\/uploads\/2025\/04\/Tea-Slide-Out-Box-3-12x12.jpg 12w, https:\/\/chinacustomboxes.com\/wp-content\/uploads\/2025\/04\/Tea-Slide-Out-Box-3-600x600.jpg 600w, https:\/\/chinacustomboxes.com\/wp-content\/uploads\/2025\/04\/Tea-Slide-Out-Box-3-100x100.jpg 100w\" sizes=\"(max-width: 1000px) 100vw, 1000px\" \/><\/a><\/p>\n<h2 id=\"3-gold-stamping-technology-is-the-finishing-touch-\">3.\u00a0<strong>Gouden warmdrukfolie-technologie is de finishing touch<\/strong><\/h2>\n<p>De <a href=\"https:\/\/chinacustomboxes.com\/nl\/wholesale-cannabis-concentrate-magnetic-lid-packaging-boxes\/\">verpakking<\/a> Het oppervlak maakt gebruik van de \"gouden hot stamp folie\" technologie, en het merklogo of patroon wordt gepresenteerd in gouden lijnen of blokken, die de metallic glans weerspiegelen bij verschillende lichthoeken, waardoor de visuele herkenning en high-end toon van het merk worden versterkt.<\/p>\n<p><img decoding=\"async\" class=\"alignnone wp-image-2188 size-full\" src=\"https:\/\/chinacustomboxes.com\/wp-content\/uploads\/2025\/04\/Gift-Top-and-Botton-Box-3.jpg\" alt=\"Gift boven- en onderdoos\" width=\"1000\" height=\"1000\" title=\"\" srcset=\"https:\/\/chinacustomboxes.com\/wp-content\/uploads\/2025\/04\/Gift-Top-and-Botton-Box-3.jpg 1000w, https:\/\/chinacustomboxes.com\/wp-content\/uploads\/2025\/04\/Gift-Top-and-Botton-Box-3-300x300.jpg 300w, https:\/\/chinacustomboxes.com\/wp-content\/uploads\/2025\/04\/Gift-Top-and-Botton-Box-3-150x150.jpg 150w, https:\/\/chinacustomboxes.com\/wp-content\/uploads\/2025\/04\/Gift-Top-and-Botton-Box-3-768x768.jpg 768w, https:\/\/chinacustomboxes.com\/wp-content\/uploads\/2025\/04\/Gift-Top-and-Botton-Box-3-12x12.jpg 12w, https:\/\/chinacustomboxes.com\/wp-content\/uploads\/2025\/04\/Gift-Top-and-Botton-Box-3-600x600.jpg 600w, https:\/\/chinacustomboxes.com\/wp-content\/uploads\/2025\/04\/Gift-Top-and-Botton-Box-3-100x100.jpg 100w\" sizes=\"(max-width: 1000px) 100vw, 1000px\" \/><\/p>\n<h2 id=\"4-professional-adaptation-solution-\">4.\u00a0<strong>Professionele aanpassingsoplossing<\/strong><\/h2>\n<p>Op basis van de grootte, capaciteit en gebruiksscenario's van mobiel vermogen (zoals zakelijk, buitenshuis en cadeau), bieden we een \u00e9\u00e9n-op-\u00e9\u00e9n boxtype aanbevelingsservice. Bijvoorbeeld:<\/p>\n<ul>\n<li><strong>Compacte voeding<\/strong>: Raad een smalle en lange <a href=\"https:\/\/chinacustomboxes.com\/nl\/custom-perfume-cosmetic-skincare-drawer-paper-boxes-factory\/\">lade papierbak<\/a> om gemakkelijk mee te nemen;<\/li>\n<li><strong>Voeding met grote capaciteit<\/strong>: Met versterkt compartimentontwerp voor betere bescherming.<\/li>\n<\/ul>\n<h2 id=\"5-efficient-service-guarantee-\">5.\u00a0<strong>Effici\u00ebnte servicegarantie<\/strong><\/h2>\n<ul>\n<li><strong>Bliksemlevering<\/strong>: De standaard levertijd is 5-7 dagen, en de spoedservice kan worden verkort tot 3 dagen om aan dringende behoeften te voldoen;<\/li>\n<li><strong>Kwaliteit<\/strong>: Volledige kwaliteitsinspectie om ervoor te zorgen dat de doos geen krassen heeft, dat het stempelen er niet af valt en dat het uittrekken soepel verloopt;<\/li>\n<li><strong>Service op maat<\/strong>: Ondersteunt gepersonaliseerde behoeften zoals het aanpassen van het logo en het kiezen van het voeringmateriaal (zoals EVA-spons, flanel).<\/li>\n<\/ul>\n<h2 id=\"6-fsc-forest-certification-\">6.\u00a0<strong>FSC-boscertificering<\/strong><\/h2>\n<p>Alle speciale papiersoorten en grijskarton zijn FSC-gecertificeerd om te garanderen dat de grondstoffen afkomstig zijn uit duurzaam beheerde bossen en voldoen aan de strenge eisen van topmerken op het gebied van milieubescherming en sociale verantwoordelijkheid.<\/p>\n<p><a href=\"http:\/\/chinacustomboxes.com\/nl\/about\/\"><img decoding=\"async\" class=\"alignnone wp-image-1858 size-full\" src=\"https:\/\/chinacustomboxes.com\/wp-content\/uploads\/2025\/04\/FSC-Certificates-01.jpg\" alt=\"FSC Certificaten\" width=\"640\" height=\"960\" title=\"\" srcset=\"https:\/\/chinacustomboxes.com\/wp-content\/uploads\/2025\/04\/FSC-Certificates-01.jpg 640w, https:\/\/chinacustomboxes.com\/wp-content\/uploads\/2025\/04\/FSC-Certificates-01-200x300.jpg 200w, https:\/\/chinacustomboxes.com\/wp-content\/uploads\/2025\/04\/FSC-Certificates-01-8x12.jpg 8w, https:\/\/chinacustomboxes.com\/wp-content\/uploads\/2025\/04\/FSC-Certificates-01-600x900.jpg 600w\" sizes=\"(max-width: 640px) 100vw, 640px\" \/><\/a><\/p>\n<h3 id=\"7-applicable-scenarios-\">7.\u00a0<strong>Toepasselijke scenario's<\/strong><\/h3>\n<ul>\n<li><strong>Relatiegeschenken<\/strong>: Bijpassende hete stempeltechnologie en donker gekleurd speciaal papier om het nobele gevoel van het merk over te brengen;<\/li>\n<li><strong>Technologieproducten<\/strong>: Versterk de technologische eigenschappen door minimalistisch design en metallic textuur;<\/li>\n<li><strong>Uitrusting voor buiten<\/strong>: Gebruik slijtvast en vochtbestendig speciaal papier voor gebruik buitenshuis.<\/li>\n<\/ul>\n<h2 id=\"-v-summary-of-core-advantages-\"><strong>8. Samenvatting van de belangrijkste voordelen<\/strong><\/h2>\n<table>\n<thead>\n<tr>\n<th>Voordeel afmetingen<\/th>\n<th>Specifieke beschrijving<\/th>\n<\/tr>\n<\/thead>\n<tbody>\n<tr>\n<td><strong>Materiaaltechnologie<\/strong><\/td>\n<td>Combinatie van speciaal papier + grijs karton, zowel mooi als drukbestendig; warmdruktechnologie verbetert de merkherkenning<\/td>\n<\/tr>\n<tr>\n<td><strong>Structureel ontwerp<\/strong><\/td>\n<td>Het uittrekbare ontwerp is handig en praktisch, geschikt voor voedingen van verschillende afmetingen en heeft een hoge interne ruimtebenutting.<\/td>\n<\/tr>\n<tr>\n<td><strong>Milieucertificering<\/strong><\/td>\n<td>FSC-gecertificeerde materialen, in overeenstemming met internationale milieunormen<\/td>\n<\/tr>\n<tr>\n<td><strong>Service respons<\/strong><\/td>\n<td>Professioneel team biedt oplossingen op maat en volledige tracering van ontwerp tot levering<\/td>\n<\/tr>\n<\/tbody>\n<\/table>","protected":false},"excerpt":{"rendered":"<p>De papierlade kan gemakkelijk geopend en gesloten worden. Hij is gemaakt van 120G getextureerd speciaal papier en 1200G grijs karton. Het is stevig, duurzaam en voelt mysterieus en hoogwaardig aan. Het oppervlak maakt gebruik van het high-end \"gouden hot stamp folie\" proces om het gouden gevoel van het merk te benadrukken en de toon van het merk te laten zien.<\/p>","protected":false},"featured_media":1112,"template":"","meta":{"_kad_post_transparent":"default","_kad_post_title":"","_kad_post_layout":"default","_kad_post_sidebar_id":"","_kad_post_content_style":"default","_kad_post_vertical_padding":"default","_kad_post_feature":"","_kad_post_feature_position":"","_kad_post_header":false,"_kad_post_footer":false,"_kad_post_classname":""},"product_brand":[],"product_cat":[15,17,37,20],"product_tag":[429,428,430],"class_list":{"0":"post-1109","1":"product","2":"type-product","3":"status-publish","4":"has-post-thumbnail","6":"product_cat-boxes-by-shapes","7":"product_cat-boxes-by-industries","8":"product_cat-consumer-electronics-packaging","9":"product_cat-drawer-style-boxes","10":"product_tag-match-style-box-for-power-bank","11":"product_tag-portable-power-bank-packaging-box","12":"product_tag-power-bank-slider-packaging-box","14":"first","15":"instock","16":"shipping-taxable","17":"product-type-simple","18":"entry","19":"content-bg","20":"loop-entry"},"_links":{"self":[{"href":"https:\/\/chinacustomboxes.com\/nl\/wp-json\/wp\/v2\/product\/1109","targetHints":{"allow":["GET"]}}],"collection":[{"href":"https:\/\/chinacustomboxes.com\/nl\/wp-json\/wp\/v2\/product"}],"about":[{"href":"https:\/\/chinacustomboxes.com\/nl\/wp-json\/wp\/v2\/types\/product"}],"wp:featuredmedia":[{"embeddable":true,"href":"https:\/\/chinacustomboxes.com\/nl\/wp-json\/wp\/v2\/media\/1112"}],"wp:attachment":[{"href":"https:\/\/chinacustomboxes.com\/nl\/wp-json\/wp\/v2\/media?parent=1109"}],"wp:term":[{"taxonomy":"product_brand","embeddable":true,"href":"https:\/\/chinacustomboxes.com\/nl\/wp-json\/wp\/v2\/product_brand?post=1109"},{"taxonomy":"product_cat","embeddable":true,"href":"https:\/\/chinacustomboxes.com\/nl\/wp-json\/wp\/v2\/product_cat?post=1109"},{"taxonomy":"product_tag","embeddable":true,"href":"https:\/\/chinacustomboxes.com\/nl\/wp-json\/wp\/v2\/product_tag?post=1109"}],"curies":[{"name":"wp","href":"https:\/\/api.w.org\/{rel}","templated":true}]}}