{"id":85,"date":"2025-04-10T06:20:33","date_gmt":"2025-04-10T06:20:33","guid":{"rendered":"https:\/\/chinacustomboxes.com\/?page_id=85"},"modified":"2025-04-21T03:11:21","modified_gmt":"2025-04-21T03:11:21","slug":"custom-boxes","status":"publish","type":"page","link":"https:\/\/chinacustomboxes.com\/pl\/custom-boxes\/","title":{"rendered":"Niestandardowe pude\u0142ka"},"content":{"rendered":"<p>Je\u015bli szukasz niestandardowych pude\u0142ek, niestandardowych opakowa\u0144, niestandardowych pude\u0142ek do pakowania, niestandardowego sztywnego pude\u0142ka do konfiguracji online, mo\u017cemy dostarczy\u0107 najta\u0144sze us\u0142ugi drukowania i bezp\u0142atn\u0105 pr\u00f3bk\u0119.<\/p>","protected":false},"excerpt":{"rendered":"<p>Je\u015bli szukasz niestandardowych pude\u0142ek, niestandardowych opakowa\u0144, niestandardowych pude\u0142ek do pakowania, niestandardowego sztywnego pude\u0142ka do konfiguracji online, mo\u017cemy dostarczy\u0107 najta\u0144sze us\u0142ugi drukowania i bezp\u0142atn\u0105 pr\u00f3bk\u0119.<\/p>","protected":false},"author":1,"featured_media":0,"parent":0,"menu_order":4,"comment_status":"closed","ping_status":"closed","template":"","meta":{"_kad_post_transparent":"","_kad_post_title":"","_kad_post_layout":"","_kad_post_sidebar_id":"","_kad_post_content_style":"","_kad_post_vertical_padding":"","_kad_post_feature":"","_kad_post_feature_position":"","_kad_post_header":false,"_kad_post_footer":false,"_kad_post_classname":"","footnotes":""},"class_list":["post-85","page","type-page","status-publish","hentry"],"_links":{"self":[{"href":"https:\/\/chinacustomboxes.com\/pl\/wp-json\/wp\/v2\/pages\/85","targetHints":{"allow":["GET"]}}],"collection":[{"href":"https:\/\/chinacustomboxes.com\/pl\/wp-json\/wp\/v2\/pages"}],"about":[{"href":"https:\/\/chinacustomboxes.com\/pl\/wp-json\/wp\/v2\/types\/page"}],"author":[{"embeddable":true,"href":"https:\/\/chinacustomboxes.com\/pl\/wp-json\/wp\/v2\/users\/1"}],"replies":[{"embeddable":true,"href":"https:\/\/chinacustomboxes.com\/pl\/wp-json\/wp\/v2\/comments?post=85"}],"version-history":[{"count":0,"href":"https:\/\/chinacustomboxes.com\/pl\/wp-json\/wp\/v2\/pages\/85\/revisions"}],"wp:attachment":[{"href":"https:\/\/chinacustomboxes.com\/pl\/wp-json\/wp\/v2\/media?parent=85"}],"curies":[{"name":"wp","href":"https:\/\/api.w.org\/{rel}","templated":true}]}}