{"id":2148,"date":"2025-04-22T09:42:26","date_gmt":"2025-04-22T09:42:26","guid":{"rendered":"https:\/\/chinacustomboxes.com\/?post_type=product&#038;p=2148"},"modified":"2025-04-30T06:33:43","modified_gmt":"2025-04-30T06:33:43","slug":"double-door-open-gift-box-packaging-solution-for-perfume","status":"publish","type":"product","link":"https:\/\/chinacustomboxes.com\/pl\/double-door-open-gift-box-packaging-solution-for-perfume\/","title":{"rendered":"Rozwi\u0105zanie do pakowania perfum w otwarte pude\u0142ko z podw\u00f3jnymi drzwiami"},"content":{"rendered":"<h2 id=\"-double-door-perfume-gift-box-packaging-solution-\"><strong>Dwudrzwiowe pude\u0142ko na perfumy<\/strong><\/h2>\n<h2 id=\"-i-structural-design-dual-considerations-of-aesthetics-and-mechanics-\"><strong>I. Projekt strukturalny: podw\u00f3jne wzgl\u0119dy estetyki i mechaniki<\/strong><\/h2>\n<ol>\n<li><strong>Podw\u00f3jne drzwi otwierane rytualnie<\/strong>\u00a0Zastosowano symetryczn\u0105 konstrukcj\u0119 podw\u00f3jnych drzwi, po\u0142\u0105czonych precyzyjnymi zawiasami, z k\u0105tem otwarcia i zamkni\u0119cia 180\u00b0, symuluj\u0105c rozpakowywanie luksusowych towar\u00f3w. Kraw\u0119d\u017a panelu drzwi zosta\u0142a zaprojektowana z wbudowan\u0105 klamr\u0105 magnetyczn\u0105 o grubo\u015bci 0,5 mm, kt\u00f3ra p\u0142ynnie dopasowuje si\u0119 po zamkni\u0119ciu i prezentuje \"sceniczn\u0105\" wizualn\u0105 ostro\u015b\u0107 po otwarciu, zwi\u0119kszaj\u0105c poczucie rytua\u0142u otwierania pude\u0142ka.<\/li>\n<li><strong>Konstrukcja skrzynkowa o wysokiej stabilno\u015bci<\/strong>\u00a0Korpus pude\u0142ka wykonany jest z pi\u0119ciu warstw szarej tektury rdzeniowej o wysokiej wytrzyma\u0142o\u015bci na \u015bciskanie. Dzi\u0119ki wewn\u0119trznemu szkieletowi poprzecznemu mo\u017ce wytrzyma\u0107 nacisk pionowy bez deformacji. Panel drzwi i podstawa s\u0105 \u0142\u0105czone na wpust i czop, aby zapewni\u0107 d\u0142ugotrwa\u0142e otwieranie i zamykanie bez przechylania.<\/li>\n<li><strong>Mechaniczna adaptacja do przestrzeni wewn\u0119trznej<\/strong>\u00a0W oparciu o modelowanie 3D i analiz\u0119 element\u00f3w sko\u0144czonych, wewn\u0119trzna warstwa no\u015bna przyjmuje wewn\u0119trzne podparcie z tworzywa sztucznego, g\u0142\u0119boko\u015b\u0107 rowka jest dostosowana do kszta\u0142tu butelki perfum i nie ma przemieszczenia podczas testu wibracji pod k\u0105tem 45 \u00b0. Warstwowa konstrukcja podszewki umo\u017cliwia wy\u015bwietlanie wielu butelek w po\u0142\u0105czeniu.<\/li>\n<\/ol>\n<p><img fetchpriority=\"high\" decoding=\"async\" class=\"alignnone wp-image-2151 size-full\" src=\"https:\/\/chinacustomboxes.com\/wp-content\/uploads\/2025\/04\/two-door-open-gift-box-for-perfume-1.jpg\" alt=\"dwudrzwiowe otwarte pude\u0142ko upominkowe\" width=\"800\" height=\"800\" title=\"\" srcset=\"https:\/\/chinacustomboxes.com\/wp-content\/uploads\/2025\/04\/two-door-open-gift-box-for-perfume-1.jpg 800w, https:\/\/chinacustomboxes.com\/wp-content\/uploads\/2025\/04\/two-door-open-gift-box-for-perfume-1-300x300.jpg 300w, https:\/\/chinacustomboxes.com\/wp-content\/uploads\/2025\/04\/two-door-open-gift-box-for-perfume-1-150x150.jpg 150w, https:\/\/chinacustomboxes.com\/wp-content\/uploads\/2025\/04\/two-door-open-gift-box-for-perfume-1-768x768.jpg 768w, https:\/\/chinacustomboxes.com\/wp-content\/uploads\/2025\/04\/two-door-open-gift-box-for-perfume-1-12x12.jpg 12w, https:\/\/chinacustomboxes.com\/wp-content\/uploads\/2025\/04\/two-door-open-gift-box-for-perfume-1-600x600.jpg 600w, https:\/\/chinacustomboxes.com\/wp-content\/uploads\/2025\/04\/two-door-open-gift-box-for-perfume-1-100x100.jpg 100w\" sizes=\"(max-width: 800px) 100vw, 800px\" \/><\/p>\n<h2 id=\"-second-craftsmanship-and-materials-high-end-texture-and-environmental-protection-\"><strong>2. Rzemios\u0142o i materia\u0142y: wysokiej jako\u015bci tekstura i ochrona \u015brodowiska<\/strong><\/h2>\n<ol>\n<li><strong>Precyzyjny proces t\u0142oczenia na gor\u0105co 0,1 mm<\/strong>\u00a0Powierzchnia panelu drzwiowego wykorzystuje niemieck\u0105 foli\u0119 do t\u0142oczenia na gor\u0105co Kurz, b\u0142\u0105d dok\u0142adno\u015bci nadruku linii wynosi \u22640,08 mm, obs\u0142uguje gradient kolor\u00f3w i efekt reliefu 3D oraz przeszed\u0142 100 000 test\u00f3w tarcia bez odpadania. Dost\u0119pnych jest 8 metalicznych kolor\u00f3w, takich jak r\u00f3\u017cowe z\u0142oto i szampa\u0144skie z\u0142oto.<\/li>\n<li><strong>Lekka tektura o wysokiej wytrzyma\u0142o\u015bci<\/strong>\u00a0Materia\u0142 bazowy wykorzystuje przyjazn\u0105 dla \u015brodowiska szar\u0105 tektur\u0119 z certyfikatem FSC (waga \u22651200g\/\u33a1), a powierzchnia jest pokryta matow\u0105 foli\u0105 dotykow\u0105, kt\u00f3ra ma zalety odporno\u015bci na rozdarcie i redukcji wagi 15%. Pusty <a href=\"https:\/\/chinacustomboxes.com\/pl\/customized-slider-child-resistant-box-rigid-boxes-wholesale\/\">pude\u0142ko<\/a> mo\u017ce wytrzyma\u0107 obci\u0105\u017cenie do 8 kg. Jest zgodny z unijnymi normami ochrony \u015brodowiska REACH i mo\u017ce by\u0107 degradowany 100%.<\/li>\n<li><strong>Minimalistyczna estetyka czystej czerni<\/strong> G\u0142\u00f3wnym kolorem jest czarny, z matow\u0105 obr\u00f3bk\u0105 powierzchni, wsp\u00f3\u0142czynnikiem odbicia \u22645%, podkre\u015blaj\u0105cym stonowany luksus. Czarna podstawa jest kompatybilna z t\u0142oczeniem na gor\u0105co, miejscowym lakierem UV, grawerowaniem laserowym i innymi wieloprocesowymi superpozycjami, odpowiednimi dla biznesu, sztuki, minimalizmu i innych odcieni marki.<\/li>\n<\/ol>\n<p><img decoding=\"async\" class=\"alignnone wp-image-2152 size-full\" src=\"https:\/\/chinacustomboxes.com\/wp-content\/uploads\/2025\/04\/two-door-open-gift-box-for-perfume-2.jpg\" alt=\"dwudrzwiowe otwarte pude\u0142ko upominkowe\" width=\"800\" height=\"800\" title=\"\" srcset=\"https:\/\/chinacustomboxes.com\/wp-content\/uploads\/2025\/04\/two-door-open-gift-box-for-perfume-2.jpg 800w, https:\/\/chinacustomboxes.com\/wp-content\/uploads\/2025\/04\/two-door-open-gift-box-for-perfume-2-300x300.jpg 300w, https:\/\/chinacustomboxes.com\/wp-content\/uploads\/2025\/04\/two-door-open-gift-box-for-perfume-2-150x150.jpg 150w, https:\/\/chinacustomboxes.com\/wp-content\/uploads\/2025\/04\/two-door-open-gift-box-for-perfume-2-768x768.jpg 768w, https:\/\/chinacustomboxes.com\/wp-content\/uploads\/2025\/04\/two-door-open-gift-box-for-perfume-2-12x12.jpg 12w, https:\/\/chinacustomboxes.com\/wp-content\/uploads\/2025\/04\/two-door-open-gift-box-for-perfume-2-600x600.jpg 600w, https:\/\/chinacustomboxes.com\/wp-content\/uploads\/2025\/04\/two-door-open-gift-box-for-perfume-2-100x100.jpg 100w\" sizes=\"(max-width: 800px) 100vw, 800px\" \/><\/p>\n<h2 id=\"-three-customized-services-flexible-adaptation-in-all-dimensions-\"><strong>3. Spersonalizowane us\u0142ugi: elastyczne dostosowanie we wszystkich wymiarach<\/strong><\/h2>\n<ol>\n<li><strong>Spersonalizowany wz\u00f3r rowka<\/strong>\u00a0Obs\u0142uguje niestandardowe podszewki typu butelki do skanowania 3D, z tolerancj\u0105 \u00b10,3 mm, odpowiednie do specjalnych kszta\u0142t\u00f3w, takich jak butelki o specjalnym kszta\u0142cie i butelki wyt\u0142aczane. Antypo\u015blizgowe podk\u0142adki silikonowe s\u0105 dodawane do dna rowka, a test transportu przechy\u0142u przechodzi standard ISTA 3A.<\/li>\n<li><strong>Pe\u0142ne opcje dostosowywania link\u00f3w<\/strong><\/li>\n<li><strong>Typ pude\u0142ka<\/strong>6 podstawowych typ\u00f3w pude\u0142ek, takich jak jednowarstwowe \/ dwuwarstwowe, szufladowe \/ ksi\u0105\u017ckowe, obs\u0142uguje niestandardowe dostosowywanie rozmiaru;<\/li>\n<li><strong>Materia\u0142<\/strong>: 12 materia\u0142\u00f3w powierzchniowych, takich jak imitacja sk\u00f3ry, aksamit i papier drewnopodobny s\u0105 opcjonalne;<\/li>\n<li><strong>Drukowanie<\/strong>: Obs\u0142uguje niestandardowe procesy, takie jak specjalne kolory Pantone, tusz fluorescencyjny i pow\u0142oka zapachowa;<\/li>\n<li><strong>Akcesoria<\/strong>: Mo\u017cliwo\u015b\u0107 \u0142\u0105czenia z dodatkowymi komponentami, takimi jak ta\u015bmy, klamry magnetyczne i paski \u015bwietlne LED.<\/li>\n<\/ol>\n<h2 id=\"-iv-application-scenarios-and-value-\"><strong>4. Scenariusze zastosowa\u0144 i warto\u015b\u0107<\/strong><\/h2>\n<ul>\n<li><strong>Zwi\u0119kszenie warto\u015bci marki<\/strong>: Rytualny projekt otwierania pude\u0142ka zwi\u0119ksza retencj\u0119 klient\u00f3w o 27% i udost\u0119pnianie w mediach spo\u0142eczno\u015bciowych o 40%;<\/li>\n<li><strong>Gwarancja bezpiecze\u0144stwa transportu<\/strong>: Przeszed\u0142 test upadku z wysoko\u015bci 1,2 m ze wsp\u00f3\u0142czynnikiem uszkodze\u0144 &lt;0,5%;<\/li>\n<li><strong>Optymalizacja koszt\u00f3w<\/strong>: Lekka konstrukcja zmniejsza koszty logistyczne o 12%, a modu\u0142owa produkcja pozwala na minimalne zam\u00f3wienie 500 sztuk.<\/li>\n<\/ul>\n<p><img decoding=\"async\" class=\"alignnone wp-image-2154 size-full\" src=\"https:\/\/chinacustomboxes.com\/wp-content\/uploads\/2025\/04\/two-door-open-gift-box-for-perfume-4.jpg\" alt=\"dwudrzwiowe otwarte pude\u0142ko upominkowe\" width=\"800\" height=\"800\" title=\"\" srcset=\"https:\/\/chinacustomboxes.com\/wp-content\/uploads\/2025\/04\/two-door-open-gift-box-for-perfume-4.jpg 800w, https:\/\/chinacustomboxes.com\/wp-content\/uploads\/2025\/04\/two-door-open-gift-box-for-perfume-4-300x300.jpg 300w, https:\/\/chinacustomboxes.com\/wp-content\/uploads\/2025\/04\/two-door-open-gift-box-for-perfume-4-150x150.jpg 150w, https:\/\/chinacustomboxes.com\/wp-content\/uploads\/2025\/04\/two-door-open-gift-box-for-perfume-4-768x768.jpg 768w, https:\/\/chinacustomboxes.com\/wp-content\/uploads\/2025\/04\/two-door-open-gift-box-for-perfume-4-12x12.jpg 12w, https:\/\/chinacustomboxes.com\/wp-content\/uploads\/2025\/04\/two-door-open-gift-box-for-perfume-4-600x600.jpg 600w, https:\/\/chinacustomboxes.com\/wp-content\/uploads\/2025\/04\/two-door-open-gift-box-for-perfume-4-100x100.jpg 100w\" sizes=\"(max-width: 800px) 100vw, 800px\" \/><\/p>\n<h2 id=\"-case-study-\"><strong>Studium przypadku<\/strong><\/h2>\n<ul>\n<li><strong>Wsp\u00f3lny model luksusowej marki<\/strong>: Dostosowane podw\u00f3jne drzwi <a href=\"https:\/\/chinacustomboxes.com\/pl\/vendor-luxury-two-pack-red-wine-double-side-open-gift-box\/\">pude\u0142ko upominkowe<\/a> dla francuskiej marki, z chipem NFC wbudowanym w podszewk\u0119, a d\u017awi\u0119k zapachu marki jest automatycznie uruchamiany po otwarciu pude\u0142ka;<\/li>\n<li><strong>Wakacyjna edycja limitowana<\/strong>: Z czarnym aksamitnym pokryciem + laserowo wygrawerowanym wzorem p\u0142atka \u015bniegu, w po\u0142\u0105czeniu z magnetycznym otwieraniem i zamykaniem, sprzeda\u017c \u015bwi\u0105teczna wzros\u0142a o 35%.<\/li>\n<\/ul>","protected":false},"excerpt":{"rendered":"<p>Symetryczna konstrukcja otwierania i zamykania podw\u00f3jnych drzwi zapewnia stabilno\u015b\u0107 korpusu pude\u0142ka, zapobiega odkszta\u0142ceniom i przechylaniu, tworzy poczucie ceremonii rozpakowywania i poprawia wra\u017cenia z rozpakowywania wysokiej klasy perfum. G\u0142\u00f3wnym kolorem opakowania jest czysta czer\u0144, kt\u00f3ra jest prosta, hojna i wysokiej klasy i mo\u017ce by\u0107 dostosowana do odcieni r\u00f3\u017cnych marek. Podszewka zosta\u0142a zaprojektowana ze specjalnymi rowkami, aby dok\u0142adnie przymocowa\u0107 butelk\u0119 perfum, aby unikn\u0105\u0107 wstrz\u0105s\u00f3w podczas transportu lub ekspozycji.<\/p>","protected":false},"featured_media":2151,"template":"","meta":{"_kad_post_transparent":"default","_kad_post_title":"","_kad_post_layout":"default","_kad_post_sidebar_id":"","_kad_post_content_style":"default","_kad_post_vertical_padding":"default","_kad_post_feature":"","_kad_post_feature_position":"","_kad_post_header":false,"_kad_post_footer":false,"_kad_post_classname":""},"product_brand":[],"product_cat":[15,17,34,23],"product_tag":[543,545,544],"class_list":{"0":"post-2148","1":"product","2":"type-product","3":"status-publish","4":"has-post-thumbnail","6":"product_cat-boxes-by-shapes","7":"product_cat-boxes-by-industries","8":"product_cat-perfume-packaging-boxes","9":"product_cat-unusual-shaped-boxes","10":"product_tag-double-door-open-gift-box","11":"product_tag-double-door-open-gift-box-for-perfume","12":"product_tag-gift-box-packaging-solution","14":"first","15":"instock","16":"shipping-taxable","17":"product-type-simple","18":"entry","19":"content-bg","20":"loop-entry"},"_links":{"self":[{"href":"https:\/\/chinacustomboxes.com\/pl\/wp-json\/wp\/v2\/product\/2148","targetHints":{"allow":["GET"]}}],"collection":[{"href":"https:\/\/chinacustomboxes.com\/pl\/wp-json\/wp\/v2\/product"}],"about":[{"href":"https:\/\/chinacustomboxes.com\/pl\/wp-json\/wp\/v2\/types\/product"}],"wp:featuredmedia":[{"embeddable":true,"href":"https:\/\/chinacustomboxes.com\/pl\/wp-json\/wp\/v2\/media\/2151"}],"wp:attachment":[{"href":"https:\/\/chinacustomboxes.com\/pl\/wp-json\/wp\/v2\/media?parent=2148"}],"wp:term":[{"taxonomy":"product_brand","embeddable":true,"href":"https:\/\/chinacustomboxes.com\/pl\/wp-json\/wp\/v2\/product_brand?post=2148"},{"taxonomy":"product_cat","embeddable":true,"href":"https:\/\/chinacustomboxes.com\/pl\/wp-json\/wp\/v2\/product_cat?post=2148"},{"taxonomy":"product_tag","embeddable":true,"href":"https:\/\/chinacustomboxes.com\/pl\/wp-json\/wp\/v2\/product_tag?post=2148"}],"curies":[{"name":"wp","href":"https:\/\/api.w.org\/{rel}","templated":true}]}}