{"id":2243,"date":"2025-08-08T02:13:54","date_gmt":"2025-08-08T02:13:54","guid":{"rendered":"https:\/\/chinacustomboxes.com\/?post_type=product&#038;p=2243"},"modified":"2025-08-14T07:48:26","modified_gmt":"2025-08-14T07:48:26","slug":"custom-design-luxury-lid-and-base-paper-gift-box-for-perfume","status":"publish","type":"product","link":"https:\/\/chinacustomboxes.com\/pl\/custom-design-luxury-lid-and-base-paper-gift-box-for-perfume\/","title":{"rendered":"Luksusowe papierowe pude\u0142ko na perfumy z pokrywk\u0105 i podstaw\u0105 na zam\u00f3wienie"},"content":{"rendered":"<h2 id=\"customized-design-luxury-cover-and-base-paper-present-box-for-perfume\">Indywidualny projekt Luksusowa ok\u0142adka i papierowe pude\u0142ko prezentowe na perfumy<\/h2>\n<h2 id=\"1-traditional-lid-and-base-structure-simple-yet-tough\">1. Tradycyjna struktura pokrywy i podstawy: Prosta, ale wytrzyma\u0142a<\/h2>\n<ul>\n<li>Oddzielny styl *: Pokrywa (cover) i podstawa (base) s\u0105 podzielone, z zatrzaskowym stylem (wi\u0119kszym na g\u00f3rze i mniejszym na dole) dla p\u0142ynnego otwierania i zamykania, zwi\u0119kszaj\u0105c zasad\u0119 pakowania produktu.<\/li>\n<li>\u0141atwy monta\u017c i modyfikacja *: Modu\u0142owa konstrukcja upraszcza proces produkcji, umo\u017cliwiaj\u0105c szybkie zmiany kszta\u0142t\u00f3w i rozmiar\u00f3w (takich jak owalna ok\u0142adzina rowkowa) w celu dopasowania do r\u00f3\u017cnych form pojemnik\u00f3w zapachowych.<\/li>\n<\/ul>\n<h2 id=\"2-spherical-corners-for-impact-defense\">2. Sferyczne naro\u017cniki dla ochrony przed uderzeniami<\/h2>\n<ul>\n<li>Wzmocnione naro\u017cniki *: The <a href=\"https:\/\/chinacustomboxes.com\/pl\/vendor-luxury-two-pack-red-wine-double-side-open-gift-box\/\">pude\u0142ko<\/a> posiada ram\u0119 pod k\u0105tem prostym 90 \u00b0, aby zapobiec deformacji podczas transportu. Wewn\u0105trz znajduje si\u0119 rama amortyzuj\u0105ca (taka jak rynna w kszta\u0142cie litery L + system amortyzacji spr\u0119\u017cynowej), kt\u00f3ra przyjmuje uderzenia z kilku instrukcji i chroni szklany pojemnik.<\/li>\n<\/ul>\n<p><img fetchpriority=\"high\" decoding=\"async\" class=\"alignnone wp-image-2245 size-full\" src=\"https:\/\/chinacustomboxes.com\/wp-content\/uploads\/2025\/08\/Custom-Design-Luxury-Lid-and-Base-Paper-Gift-Box-for-Perfume-1.jpg\" alt=\"Luksusowe papierowe pude\u0142ko na perfumy z pokrywk\u0105 i podstaw\u0105 na zam\u00f3wienie\" width=\"1000\" height=\"1000\" title=\"\" srcset=\"https:\/\/chinacustomboxes.com\/wp-content\/uploads\/2025\/08\/Custom-Design-Luxury-Lid-and-Base-Paper-Gift-Box-for-Perfume-1.jpg 1000w, https:\/\/chinacustomboxes.com\/wp-content\/uploads\/2025\/08\/Custom-Design-Luxury-Lid-and-Base-Paper-Gift-Box-for-Perfume-1-300x300.jpg 300w, https:\/\/chinacustomboxes.com\/wp-content\/uploads\/2025\/08\/Custom-Design-Luxury-Lid-and-Base-Paper-Gift-Box-for-Perfume-1-150x150.jpg 150w, https:\/\/chinacustomboxes.com\/wp-content\/uploads\/2025\/08\/Custom-Design-Luxury-Lid-and-Base-Paper-Gift-Box-for-Perfume-1-768x768.jpg 768w, https:\/\/chinacustomboxes.com\/wp-content\/uploads\/2025\/08\/Custom-Design-Luxury-Lid-and-Base-Paper-Gift-Box-for-Perfume-1-12x12.jpg 12w, https:\/\/chinacustomboxes.com\/wp-content\/uploads\/2025\/08\/Custom-Design-Luxury-Lid-and-Base-Paper-Gift-Box-for-Perfume-1-600x600.jpg 600w, https:\/\/chinacustomboxes.com\/wp-content\/uploads\/2025\/08\/Custom-Design-Luxury-Lid-and-Base-Paper-Gift-Box-for-Perfume-1-100x100.jpg 100w\" sizes=\"(max-width: 1000px) 100vw, 1000px\" \/><\/p>\n<h2 id=\"3-eco-friendly-products-and-sustainability\">3. Produkty przyjazne dla \u015brodowiska i zr\u00f3wnowa\u017cony rozw\u00f3j<\/h2>\n<ul>\n<li>Karton z certyfikatem FSC *: Tektura Kappa o wysokiej g\u0119sto\u015bci (\u2265 1200 g\/m\u00b2) pozyskiwana ze zr\u00f3wnowa\u017conych las\u00f3w minimalizuje wp\u0142yw na emisj\u0119 dwutlenku w\u0119gla i jest zgodna z ekologicznym zobowi\u0105zaniem marki deluxe.<\/li>\n<li>Odporna na \u015bciskanie i responsywna *: Matowa ciemnozielona pow\u0142oka zapewnia g\u0142adk\u0105, odporn\u0105 na zarysowania powierzchni\u0119. Zag\u0119szczona, elastyczna gumowa podk\u0142adka wytrzymuje obci\u0105\u017cenie oko\u0142o 2 kg, wyd\u0142u\u017caj\u0105c \u017cywotno\u015b\u0107.<\/li>\n<\/ul>\n<h2 id=\"4-flexible-personalization\">4. Elastyczna personalizacja<\/h2>\n<ul>\n<li>Regulacja rozmiaru i funkcji *: Personalizacja wewn\u0119trznej g\u0142\u0119boko\u015bci pude\u0142ka w oparciu o wysoko\u015b\u0107 i \u015brednic\u0119 butelki perfum. Do wyboru s\u0105 pude\u0142ka z okienkiem, zamkni\u0119ciem magnetycznym lub wewn\u0119trzn\u0105 szuflad\u0105 papierow\u0105. <a href=\"https:\/\/chinacustomboxes.com\/pl\/glitter-paper-collapsible-magnetic-gift-boxes-for-hair-wigs\/\">pude\u0142ka<\/a>.<\/li>\n<li>Zmniejszona ilo\u015b\u0107 odpad\u00f3w opakowaniowych *: Jednocz\u0119\u015bciowy, formowany szkielet zmniejsza zu\u017cycie materia\u0142\u00f3w pomocniczych i wspiera przyjazne dla \u015brodowiska ok\u0142adziny kom\u00f3rkowe (takie jak wy\u015bci\u00f3\u0142ka z rafii), zast\u0119puj\u0105c typowe plastikowe wype\u0142nienia dentystyczne.<\/li>\n<\/ul>\n<p><img decoding=\"async\" class=\"alignnone wp-image-2246 size-full\" src=\"https:\/\/chinacustomboxes.com\/wp-content\/uploads\/2025\/08\/Custom-Design-Luxury-Lid-and-Base-Paper-Gift-Box-for-Perfume-2.jpg\" alt=\"Luksusowe papierowe pude\u0142ko na perfumy z pokrywk\u0105 i podstaw\u0105 na zam\u00f3wienie\" width=\"1000\" height=\"1000\" title=\"\" srcset=\"https:\/\/chinacustomboxes.com\/wp-content\/uploads\/2025\/08\/Custom-Design-Luxury-Lid-and-Base-Paper-Gift-Box-for-Perfume-2.jpg 1000w, https:\/\/chinacustomboxes.com\/wp-content\/uploads\/2025\/08\/Custom-Design-Luxury-Lid-and-Base-Paper-Gift-Box-for-Perfume-2-300x300.jpg 300w, https:\/\/chinacustomboxes.com\/wp-content\/uploads\/2025\/08\/Custom-Design-Luxury-Lid-and-Base-Paper-Gift-Box-for-Perfume-2-150x150.jpg 150w, https:\/\/chinacustomboxes.com\/wp-content\/uploads\/2025\/08\/Custom-Design-Luxury-Lid-and-Base-Paper-Gift-Box-for-Perfume-2-768x768.jpg 768w, https:\/\/chinacustomboxes.com\/wp-content\/uploads\/2025\/08\/Custom-Design-Luxury-Lid-and-Base-Paper-Gift-Box-for-Perfume-2-12x12.jpg 12w, https:\/\/chinacustomboxes.com\/wp-content\/uploads\/2025\/08\/Custom-Design-Luxury-Lid-and-Base-Paper-Gift-Box-for-Perfume-2-600x600.jpg 600w, https:\/\/chinacustomboxes.com\/wp-content\/uploads\/2025\/08\/Custom-Design-Luxury-Lid-and-Base-Paper-Gift-Box-for-Perfume-2-100x100.jpg 100w\" sizes=\"(max-width: 1000px) 100vw, 1000px\" \/><\/p>\n<h2 id=\"5-luxurious-surface-complete\">5. Luksusowa powierzchnia w komplecie<\/h2>\n<ul>\n<li>Znakowanie na gor\u0105co i pow\u0142oka UV *: Z\u0142ota obw\u00f3dka wok\u00f3\u0142 opakowania jest t\u0142oczona na gor\u0105co, a logo jest pokryte pow\u0142ok\u0105 UV, co zapewnia eleganck\u0105 powierzchni\u0119, odporno\u015b\u0107 na zu\u017cycie i odbarwienia oraz poprawia estetyk\u0119.<\/li>\n<li>Specjalistyczne rozszerzenia Refine *: T\u0142oczenie, warstwa odporna na wilgo\u0107 (idealna do region\u00f3w o wysokiej wilgotno\u015bci) lub okleina sk\u00f3rzana s\u0105 utrzymywane w celu zaspokojenia zr\u00f3\u017cnicowanych wymaga\u0144 rynku.<\/li>\n<\/ul>\n<h2 id=\"6-dark-environment-friendly-aesthetic-style\">6. Ciemny, przyjazny dla \u015brodowiska styl estetyczny<\/h2>\n<ul>\n<li>Podstawowy kolor i akcenty *: Opakowanie ma ciemnozielon\u0105 \/ ciemn\u0105, przyjazn\u0105 dla \u015brodowiska matow\u0105 podstaw\u0119, podkre\u015blon\u0105 jasnymi z\u0142otymi geometrycznymi liniami i granic\u0105 t\u0142oczenia na gor\u0105co, tworz\u0105c ca\u0142kowicie naturaln\u0105 i bogat\u0105 atmosfer\u0119.<\/li>\n<li>Jednolito\u015b\u0107 odcienia *: Specjalnie dopasowany do schemat\u00f3w odcieni Pantone zapewnia regularne zr\u00f3\u017cnicowanie odcieni w ca\u0142ej automatyzacji i zwi\u0119ksza rozpoznawalno\u015b\u0107 marki.<\/li>\n<\/ul>\n<p><img decoding=\"async\" class=\"alignnone wp-image-2247 size-full\" src=\"https:\/\/chinacustomboxes.com\/wp-content\/uploads\/2025\/08\/Custom-Design-Luxury-Lid-and-Base-Paper-Gift-Box-for-Perfume-3.jpg\" alt=\"Luksusowe papierowe pude\u0142ko na perfumy z pokrywk\u0105 i podstaw\u0105 na zam\u00f3wienie\" width=\"1000\" height=\"1000\" title=\"\" srcset=\"https:\/\/chinacustomboxes.com\/wp-content\/uploads\/2025\/08\/Custom-Design-Luxury-Lid-and-Base-Paper-Gift-Box-for-Perfume-3.jpg 1000w, https:\/\/chinacustomboxes.com\/wp-content\/uploads\/2025\/08\/Custom-Design-Luxury-Lid-and-Base-Paper-Gift-Box-for-Perfume-3-300x300.jpg 300w, https:\/\/chinacustomboxes.com\/wp-content\/uploads\/2025\/08\/Custom-Design-Luxury-Lid-and-Base-Paper-Gift-Box-for-Perfume-3-150x150.jpg 150w, https:\/\/chinacustomboxes.com\/wp-content\/uploads\/2025\/08\/Custom-Design-Luxury-Lid-and-Base-Paper-Gift-Box-for-Perfume-3-768x768.jpg 768w, https:\/\/chinacustomboxes.com\/wp-content\/uploads\/2025\/08\/Custom-Design-Luxury-Lid-and-Base-Paper-Gift-Box-for-Perfume-3-12x12.jpg 12w, https:\/\/chinacustomboxes.com\/wp-content\/uploads\/2025\/08\/Custom-Design-Luxury-Lid-and-Base-Paper-Gift-Box-for-Perfume-3-600x600.jpg 600w, https:\/\/chinacustomboxes.com\/wp-content\/uploads\/2025\/08\/Custom-Design-Luxury-Lid-and-Base-Paper-Gift-Box-for-Perfume-3-100x100.jpg 100w\" sizes=\"(max-width: 1000px) 100vw, 1000px\" \/><\/p>\n<h2 id=\"7-personalized-lining-and-brand-name-included-worth\">7. Spersonalizowana podszewka i nazwa marki w zestawie.<\/h2>\n<ul>\n<li>Zainstalowana podszewka *: Odciski s\u0105 wyrze\u017abione w piance lub welurze zgodnie z kszta\u0142tem butelki (np. kontur pojemnika na perfumy), aby uzyska\u0107 mocowanie \"bez wstrz\u0105s\u00f3w\" i zmniejszy\u0107 ryzyko uszkodzenia.<\/li>\n<li>Informacje o marce *: Na wewn\u0119trznej pokrywie mo\u017cna wyt\u0142oczy\u0107 na gor\u0105co slogan\/sygnatur\u0119 marki. <a href=\"https:\/\/chinacustomboxes.com\/pl\/agency-luxury-lid-and-base-box-for-clothing-sock-packaging\/\">pokrywa i podstawa pude\u0142ka<\/a> mo\u017cna wyposa\u017cy\u0107 w kod QR lub deklaracj\u0119 \u015brodowiskow\u0105, aby zwi\u0119kszy\u0107 wra\u017cenia z rozpakowywania.<\/li>\n<\/ul>\n<h2 id=\"8-1-hour-example-turn-around-service\">8. Przyk\u0142adowa us\u0142uga realizacji w ci\u0105gu 1 godziny<\/h2>\n<ul>\n<li>Proofing i testimonial w czasie rzeczywistym *: Cyfrowe formy i szybki sprz\u0119t do ci\u0119cia umo\u017cliwiaj\u0105 tworzenie fizycznych przyk\u0142ad\u00f3w w ci\u0105gu 60 minut od weryfikacji stylu online, zwi\u0119kszaj\u0105c liczb\u0119 modeli styl\u00f3w.<\/li>\n<li>Wydajna produkcja *: Automatyzacja rozpoczyna si\u0119 72 godziny po potwierdzeniu przyk\u0142adu, skracaj\u0105c cykle wzrostu o 50% i spe\u0142niaj\u0105c pilne potrzeby zwi\u0105zane z uruchomieniem ograniczonej wersji.<\/li>\n<\/ul>\n<p><img loading=\"lazy\" decoding=\"async\" class=\"alignnone wp-image-2248 size-full\" src=\"https:\/\/chinacustomboxes.com\/wp-content\/uploads\/2025\/08\/Custom-Design-Luxury-Lid-and-Base-Paper-Gift-Box-for-Perfume-4.jpg\" alt=\"Luksusowe papierowe pude\u0142ko na perfumy z pokrywk\u0105 i podstaw\u0105 na zam\u00f3wienie\" width=\"1000\" height=\"1000\" title=\"\" srcset=\"https:\/\/chinacustomboxes.com\/wp-content\/uploads\/2025\/08\/Custom-Design-Luxury-Lid-and-Base-Paper-Gift-Box-for-Perfume-4.jpg 1000w, https:\/\/chinacustomboxes.com\/wp-content\/uploads\/2025\/08\/Custom-Design-Luxury-Lid-and-Base-Paper-Gift-Box-for-Perfume-4-300x300.jpg 300w, https:\/\/chinacustomboxes.com\/wp-content\/uploads\/2025\/08\/Custom-Design-Luxury-Lid-and-Base-Paper-Gift-Box-for-Perfume-4-150x150.jpg 150w, https:\/\/chinacustomboxes.com\/wp-content\/uploads\/2025\/08\/Custom-Design-Luxury-Lid-and-Base-Paper-Gift-Box-for-Perfume-4-768x768.jpg 768w, https:\/\/chinacustomboxes.com\/wp-content\/uploads\/2025\/08\/Custom-Design-Luxury-Lid-and-Base-Paper-Gift-Box-for-Perfume-4-12x12.jpg 12w, https:\/\/chinacustomboxes.com\/wp-content\/uploads\/2025\/08\/Custom-Design-Luxury-Lid-and-Base-Paper-Gift-Box-for-Perfume-4-600x600.jpg 600w, https:\/\/chinacustomboxes.com\/wp-content\/uploads\/2025\/08\/Custom-Design-Luxury-Lid-and-Base-Paper-Gift-Box-for-Perfume-4-100x100.jpg 100w\" sizes=\"(max-width: 1000px) 100vw, 1000px\" \/><\/p>\n<h2 id=\"core-advantages-summary\">Podsumowanie podstawowych zalet<\/h2>\n<ul>\n<li>Cechy : Warto\u015b\u0107 handlowa i korzy\u015bci dla klienta<\/li>\n<li>Pokrywa i rama prowadz\u0105ca: poprawia rytua\u0142 otwierania i wzmacnia koszty zdj\u0119cia marki<\/li>\n<li>Materia\u0142y z certyfikatem FSC : Zgodno\u015b\u0107 z przepisami UE dotycz\u0105cymi zr\u00f3wnowa\u017conego rozwoju, przyci\u0105gaj\u0105ca \u015bwiadomych ekologicznie klient\u00f3w<\/li>\n<li>Niestandardowa podszewka kom\u00f3rkowa: Zmniejsza uszkodzenia transportowe o 90%.<\/li>\n<li>T\u0142oczenie na gor\u0105co + wyko\u0144czenie UV: Zwi\u0119ksza widoczno\u015b\u0107 stojaka o 40%, nap\u0119dzaj\u0105c przej\u0119cia impulsowe.<\/li>\n<li>1-godzinne przyk\u0142adowe rozwi\u0105zanie: przyspiesza wprowadzanie produkt\u00f3w i minimalizuje ceny pr\u00f3b i b\u0142\u0119d\u00f3w.<\/li>\n<\/ul>","protected":false},"excerpt":{"rendered":"<p>Zaprojektowane specjalnie dla wysokiej klasy marek perfum, to niestandardowe pude\u0142ko upominkowe ma klasyczn\u0105 konstrukcj\u0119 dzielon\u0105 (g\u00f3rna pokrywa i podstawa pude\u0142ka) i jest wykonane z tektury z certyfikatem FSC. Jego ciemnozielone matowe wyko\u0144czenie i z\u0142ote t\u0142oczenie podkre\u015blaj\u0105 jego luksusow\u0105 jako\u015b\u0107. Niestandardowa wy\u015bci\u00f3\u0142ka z pianki \/ flaneli bezpiecznie zabezpiecza butelk\u0119 perfum, chroni\u0105c j\u0105 przed uderzeniami podczas transportu. Dost\u0119pne s\u0105 elastyczne dostosowania rozmiaru, wyko\u0144czenia i podszewki, a tak\u017ce us\u0142uga jednogodzinnej realizacji pr\u00f3bki, aby zapewni\u0107, \u017ce projekt dok\u0142adnie odpowiada potrzebom marki, r\u00f3wnowa\u017c\u0105c zr\u00f3wnowa\u017cony rozw\u00f3j \u015brodowiska z wydajno\u015bci\u0105 handlow\u0105.<\/p>","protected":false},"featured_media":2245,"template":"","meta":{"_kad_post_transparent":"default","_kad_post_title":"","_kad_post_layout":"default","_kad_post_sidebar_id":"","_kad_post_content_style":"default","_kad_post_vertical_padding":"default","_kad_post_feature":"","_kad_post_feature_position":"","_kad_post_header":false,"_kad_post_footer":false,"_kad_post_classname":""},"product_brand":[],"product_cat":[15,17,19,34],"product_tag":[548,547,546],"class_list":{"0":"post-2243","1":"product","2":"type-product","3":"status-publish","4":"has-post-thumbnail","6":"product_cat-boxes-by-shapes","7":"product_cat-boxes-by-industries","8":"product_cat-lid-and-base-boxes","9":"product_cat-perfume-packaging-boxes","10":"product_tag-custom-gift-box","11":"product_tag-gift-box-for-perfume","12":"product_tag-lid-and-base-paper-gift-box","14":"first","15":"instock","16":"shipping-taxable","17":"product-type-simple","18":"entry","19":"content-bg","20":"loop-entry"},"_links":{"self":[{"href":"https:\/\/chinacustomboxes.com\/pl\/wp-json\/wp\/v2\/product\/2243","targetHints":{"allow":["GET"]}}],"collection":[{"href":"https:\/\/chinacustomboxes.com\/pl\/wp-json\/wp\/v2\/product"}],"about":[{"href":"https:\/\/chinacustomboxes.com\/pl\/wp-json\/wp\/v2\/types\/product"}],"wp:featuredmedia":[{"embeddable":true,"href":"https:\/\/chinacustomboxes.com\/pl\/wp-json\/wp\/v2\/media\/2245"}],"wp:attachment":[{"href":"https:\/\/chinacustomboxes.com\/pl\/wp-json\/wp\/v2\/media?parent=2243"}],"wp:term":[{"taxonomy":"product_brand","embeddable":true,"href":"https:\/\/chinacustomboxes.com\/pl\/wp-json\/wp\/v2\/product_brand?post=2243"},{"taxonomy":"product_cat","embeddable":true,"href":"https:\/\/chinacustomboxes.com\/pl\/wp-json\/wp\/v2\/product_cat?post=2243"},{"taxonomy":"product_tag","embeddable":true,"href":"https:\/\/chinacustomboxes.com\/pl\/wp-json\/wp\/v2\/product_tag?post=2243"}],"curies":[{"name":"wp","href":"https:\/\/api.w.org\/{rel}","templated":true}]}}