{"id":2251,"date":"2025-08-15T03:00:43","date_gmt":"2025-08-15T03:00:43","guid":{"rendered":"https:\/\/chinacustomboxes.com\/?post_type=product&#038;p=2251"},"modified":"2025-08-15T05:50:23","modified_gmt":"2025-08-15T05:50:23","slug":"luxury-perfume-drawer-packaging-gift-boxes-manufacturer","status":"publish","type":"product","link":"https:\/\/chinacustomboxes.com\/pl\/luxury-perfume-drawer-packaging-gift-boxes-manufacturer\/","title":{"rendered":"Luksusowa szuflada na perfumy Producent pude\u0142ek na prezenty"},"content":{"rendered":"<h2 id=\"deluxe-fragrance-drawer-packaging-gift-boxes-accuracy-workmanship-fulfills-classic-beauty\">Pude\u0142ka prezentowe Deluxe Fragrance Drawer Packaging: Precyzyjne wykonanie spe\u0142nia klasyczne pi\u0119kno<\/h2>\n<p>Wykonany z dba\u0142o\u015bci\u0105 o szczeg\u00f3\u0142y, nasz luksusowy produkt do szafek zapachowych <a href=\"https:\/\/chinacustomboxes.com\/pl\/luxury-paper-gift-bags-for-cosmetics-perfume-distributors\/\">pude\u0142ka do pakowania<\/a> \u0142\u0105cz\u0105 w sobie innowacyjne wzornictwo i bogaty wygl\u0105d, aby na nowo zdefiniowa\u0107 prezentacj\u0119 zapach\u00f3w. Poni\u017cej znajduje si\u0119 kompleksowa specyfikacja produktu dostosowana do Twoich wymaga\u0144:<\/p>\n<h2 id=\"1-smooth-drawer-device\">1. Urz\u0105dzenie z g\u0142adk\u0105 szuflad\u0105<\/h2>\n<ul>\n<li>Push-Pull Style: Wykorzystanie zaawansowanego po\u0142\u0105czenia zewn\u0119trznego pude\u0142ka (zewn\u0119trzna nieruchomo\u015b\u0107) i wewn\u0119trznej szuflady (wewn\u0119trzna szuflada), w po\u0142\u0105czeniu z ruchom\u0105 podstaw\u0105 szyny, zapewnia p\u0142ynne otwieranie i zamykanie, bezb\u0142\u0119dnie uosabiaj\u0105c rytua\u0142 rozpakowywania wysokiej klasy perfum. Boki szyny s\u0105 wypolerowane co do milimetra, aby usun\u0105\u0107 zadziory i zapewni\u0107 jedwabi\u015bcie g\u0142adk\u0105 reakcj\u0119.<\/li>\n<li>Pomys\u0142owe otwieranie i zamykanie: Porzucenie standardowego uk\u0142adu wysuwanego, to <a href=\"https:\/\/chinacustomboxes.com\/pl\/custom-child-proof-5-pre-roll-drawer-box-divider-boxes-consultant\/\">pude\u0142ko<\/a> zawiera opcjonalny system spr\u0119\u017cynowy zapewniaj\u0105cy lekki dotyk, eliminuj\u0105c ryzyko potrz\u0105sania butelk\u0105 zapachu z powodu nadmiernej si\u0142y.<\/li>\n<\/ul>\n<p><img fetchpriority=\"high\" decoding=\"async\" class=\"alignnone wp-image-2252 size-full\" src=\"https:\/\/chinacustomboxes.com\/wp-content\/uploads\/2025\/08\/Luxury-Perfume-Drawer-Packaging-Gift-Boxes-Manufacturer-1.jpg\" alt=\"Luksusowa szuflada na perfumy Producent pude\u0142ek na prezenty\" width=\"1000\" height=\"1000\" title=\"\" srcset=\"https:\/\/chinacustomboxes.com\/wp-content\/uploads\/2025\/08\/Luxury-Perfume-Drawer-Packaging-Gift-Boxes-Manufacturer-1.jpg 1000w, https:\/\/chinacustomboxes.com\/wp-content\/uploads\/2025\/08\/Luxury-Perfume-Drawer-Packaging-Gift-Boxes-Manufacturer-1-300x300.jpg 300w, https:\/\/chinacustomboxes.com\/wp-content\/uploads\/2025\/08\/Luxury-Perfume-Drawer-Packaging-Gift-Boxes-Manufacturer-1-150x150.jpg 150w, https:\/\/chinacustomboxes.com\/wp-content\/uploads\/2025\/08\/Luxury-Perfume-Drawer-Packaging-Gift-Boxes-Manufacturer-1-768x768.jpg 768w, https:\/\/chinacustomboxes.com\/wp-content\/uploads\/2025\/08\/Luxury-Perfume-Drawer-Packaging-Gift-Boxes-Manufacturer-1-12x12.jpg 12w, https:\/\/chinacustomboxes.com\/wp-content\/uploads\/2025\/08\/Luxury-Perfume-Drawer-Packaging-Gift-Boxes-Manufacturer-1-600x600.jpg 600w, https:\/\/chinacustomboxes.com\/wp-content\/uploads\/2025\/08\/Luxury-Perfume-Drawer-Packaging-Gift-Boxes-Manufacturer-1-100x100.jpg 100w\" sizes=\"(max-width: 1000px) 100vw, 1000px\" \/><\/p>\n<h2 id=\"2-internal-protection-system-precision-cradle-defense\">2. Wewn\u0119trzny system ochrony | Precision Cradle &amp; Defense<\/h2>\n<ul>\n<li>Dostosowany rowek: W oparciu o informacje z modelowania 3D, specjalny rowek jest wycinany bezpo\u015brednio w wewn\u0119trznym pude\u0142ku szuflady, mocno zakrywaj\u0105c pojemnik na perfumy w celu \"p\u0142ywaj\u0105cego\" bezpiecznego dopasowania. Rowek jest wy\u0142o\u017cony ekologiczn\u0105 piank\u0105 EVA o wysokiej g\u0119sto\u015bci (o regulowanej g\u0119sto\u015bci), aby odpowiednio poch\u0142ania\u0107 wibracje podczas transportu i unikn\u0105\u0107 zadrapa\u0144 i wyciek\u00f3w.<\/li>\n<li>Konstrukcja Dual Defense: Wydr\u0105\u017cona rama w dolnej cz\u0119\u015bci rowka umo\u017cliwia bardzo \u0142atwy dost\u0119p jedn\u0105 r\u0119k\u0105 do butelki z zapachem. Wyko\u0144czenie antystatyczne mo\u017ce by\u0107 r\u00f3wnie\u017c do\u0142\u0105czone, aby zapobiec sta\u0142ym iskrom wyzwalanym przez pocieranie pojemnikiem.<\/li>\n<\/ul>\n<p><img decoding=\"async\" class=\"alignnone wp-image-2253 size-full\" src=\"https:\/\/chinacustomboxes.com\/wp-content\/uploads\/2025\/08\/Luxury-Perfume-Drawer-Packaging-Gift-Boxes-Manufacturer-2.jpg\" alt=\"Luksusowa szuflada na perfumy Producent pude\u0142ek na prezenty\" width=\"1000\" height=\"1000\" title=\"\" srcset=\"https:\/\/chinacustomboxes.com\/wp-content\/uploads\/2025\/08\/Luxury-Perfume-Drawer-Packaging-Gift-Boxes-Manufacturer-2.jpg 1000w, https:\/\/chinacustomboxes.com\/wp-content\/uploads\/2025\/08\/Luxury-Perfume-Drawer-Packaging-Gift-Boxes-Manufacturer-2-300x300.jpg 300w, https:\/\/chinacustomboxes.com\/wp-content\/uploads\/2025\/08\/Luxury-Perfume-Drawer-Packaging-Gift-Boxes-Manufacturer-2-150x150.jpg 150w, https:\/\/chinacustomboxes.com\/wp-content\/uploads\/2025\/08\/Luxury-Perfume-Drawer-Packaging-Gift-Boxes-Manufacturer-2-768x768.jpg 768w, https:\/\/chinacustomboxes.com\/wp-content\/uploads\/2025\/08\/Luxury-Perfume-Drawer-Packaging-Gift-Boxes-Manufacturer-2-12x12.jpg 12w, https:\/\/chinacustomboxes.com\/wp-content\/uploads\/2025\/08\/Luxury-Perfume-Drawer-Packaging-Gift-Boxes-Manufacturer-2-600x600.jpg 600w, https:\/\/chinacustomboxes.com\/wp-content\/uploads\/2025\/08\/Luxury-Perfume-Drawer-Packaging-Gift-Boxes-Manufacturer-2-100x100.jpg 100w\" sizes=\"(max-width: 1000px) 100vw, 1000px\" \/><\/p>\n<h2 id=\"3-box-product-feeling-natural-appearance-tactile-luxury\">3. Pude\u0142ko Produkt i uczucie | Naturalny wygl\u0105d i dotykowy luksus<\/h2>\n<ul>\n<li>Naturalny wygl\u0105d powierzchni: Wykonane z importowanego papieru perfumowanego zio\u0142ami lub artystycznie wyt\u0142aczane <a href=\"https:\/\/chinacustomboxes.com\/pl\/exporter-unique-marble-paper-shopping-gift-bag-for-hair-wigs\/\">papier<\/a>Naturalny wygl\u0105d w\u0142\u00f3kien jest chroniony, oferuj\u0105c matowe wyko\u0144czenie i ciep\u0142y dotyk. Powierzchnia jest wyko\u0144czona na bazie wody, co zapewnia odporno\u015b\u0107 na wilgo\u0107 i odciski palc\u00f3w.<\/li>\n<li>Dekoracyjne wykonanie 3D: Nieregularne \u017c\u00f3\u0142te i bia\u0142e tekstury s\u0105 uzyskiwane poprzez pomys\u0142owe wyt\u0142aczanie i drukowanie na wy\u015bwietlaczu, tworz\u0105c tr\u00f3jwymiarow\u0105 tekstur\u0119 (wkl\u0119s\u0142a i wypuk\u0142a g\u0142\u0119boko\u015b\u0107 0,3- 0,5 mm) i odporno\u015b\u0107 na zu\u017cycie do 10 000 cykli tarcia bez z\u0142uszczania.<\/li>\n<\/ul>\n<p><img decoding=\"async\" class=\"alignnone wp-image-2254 size-full\" src=\"https:\/\/chinacustomboxes.com\/wp-content\/uploads\/2025\/08\/Luxury-Perfume-Drawer-Packaging-Gift-Boxes-Manufacturer-3.jpg\" alt=\"Luksusowa szuflada na perfumy Producent pude\u0142ek na prezenty\" width=\"1000\" height=\"1000\" title=\"\" srcset=\"https:\/\/chinacustomboxes.com\/wp-content\/uploads\/2025\/08\/Luxury-Perfume-Drawer-Packaging-Gift-Boxes-Manufacturer-3.jpg 1000w, https:\/\/chinacustomboxes.com\/wp-content\/uploads\/2025\/08\/Luxury-Perfume-Drawer-Packaging-Gift-Boxes-Manufacturer-3-300x300.jpg 300w, https:\/\/chinacustomboxes.com\/wp-content\/uploads\/2025\/08\/Luxury-Perfume-Drawer-Packaging-Gift-Boxes-Manufacturer-3-150x150.jpg 150w, https:\/\/chinacustomboxes.com\/wp-content\/uploads\/2025\/08\/Luxury-Perfume-Drawer-Packaging-Gift-Boxes-Manufacturer-3-768x768.jpg 768w, https:\/\/chinacustomboxes.com\/wp-content\/uploads\/2025\/08\/Luxury-Perfume-Drawer-Packaging-Gift-Boxes-Manufacturer-3-12x12.jpg 12w, https:\/\/chinacustomboxes.com\/wp-content\/uploads\/2025\/08\/Luxury-Perfume-Drawer-Packaging-Gift-Boxes-Manufacturer-3-600x600.jpg 600w, https:\/\/chinacustomboxes.com\/wp-content\/uploads\/2025\/08\/Luxury-Perfume-Drawer-Packaging-Gift-Boxes-Manufacturer-3-100x100.jpg 100w\" sizes=\"(max-width: 1000px) 100vw, 1000px\" \/><\/p>\n<h2 id=\"4-user-friendly-information-fine-tuned-useful-aspects\">4. Przyjazne dla u\u017cytkownika informacje | Dopracowane przydatne aspekty<\/h2>\n<ul>\n<li>Wsparcie otwierania: Wbudowany czarny bawe\u0142niany uchwyt (szeroko\u015b\u0107 \u2265 15 mm) poprawia wygod\u0119 otwierania szafki; uchwyt jest zabezpieczony stalowym nitem na ko\u0144cu, aby zapewni\u0107 trwa\u0142e odkszta\u0142cenie.<\/li>\n<li>Wysokiej klasy styl logo: Metalowy identyfikator marki jest galwanizowany stopem cynku, \u0142atwo dost\u0119pnym w kolorze z\u0142otym, platynowym lub br\u0105zowym. Technologia mikrotrawienia zapewnia g\u0142\u0119boko\u015b\u0107 projektu logo \u2264 0,1 mm.<\/li>\n<\/ul>\n<h2 id=\"5-shade-and-aesthetic-logic-iconic-shade-strategy\">5. Cie\u0144 i logika estetyczna | Ikoniczna strategia cienia<\/h2>\n<ul>\n<li>Standardowy kolor luksusowy: G\u0142\u0119boka ciemna ziele\u0144 (Pantone 627C) jest kolorem podstawowym, zamieszkuj\u0105cym \u2265 85% powierzchni. <a href=\"https:\/\/chinacustomboxes.com\/pl\/customized-slider-child-resistant-box-rigid-boxes-wholesale\/\">pude\u0142ko<\/a> powierzchnia, oznaczaj\u0105ca natur\u0119 i wieczno\u015b\u0107. Matowe czarne blaty szuflad i stalowe etykiety tworz\u0105 kontrast \u015bwiat\u0142a i ciemno\u015bci, poprawiaj\u0105c estetyczn\u0105 struktur\u0119 mocy.<\/li>\n<li>Trwa\u0142a obs\u0142uga odcieni: Wydrukowany przy u\u017cyciu atramentu ro\u015blinnego na bazie wody, rozbie\u017cno\u015b\u0107 odcienia wynosi \u2264 0,5 \u0394E (wym\u00f3g \u015bwiatowy) i jest zgodny z certyfikatem \u015brodowiskowym FSC.<\/li>\n<\/ul>\n<p><img loading=\"lazy\" decoding=\"async\" class=\"alignnone wp-image-2255 size-full\" src=\"https:\/\/chinacustomboxes.com\/wp-content\/uploads\/2025\/08\/Luxury-Perfume-Drawer-Packaging-Gift-Boxes-Manufacturer-4.jpg\" alt=\"Luksusowa szuflada na perfumy Producent pude\u0142ek na prezenty\" width=\"1000\" height=\"1000\" title=\"\" srcset=\"https:\/\/chinacustomboxes.com\/wp-content\/uploads\/2025\/08\/Luxury-Perfume-Drawer-Packaging-Gift-Boxes-Manufacturer-4.jpg 1000w, https:\/\/chinacustomboxes.com\/wp-content\/uploads\/2025\/08\/Luxury-Perfume-Drawer-Packaging-Gift-Boxes-Manufacturer-4-300x300.jpg 300w, https:\/\/chinacustomboxes.com\/wp-content\/uploads\/2025\/08\/Luxury-Perfume-Drawer-Packaging-Gift-Boxes-Manufacturer-4-150x150.jpg 150w, https:\/\/chinacustomboxes.com\/wp-content\/uploads\/2025\/08\/Luxury-Perfume-Drawer-Packaging-Gift-Boxes-Manufacturer-4-768x768.jpg 768w, https:\/\/chinacustomboxes.com\/wp-content\/uploads\/2025\/08\/Luxury-Perfume-Drawer-Packaging-Gift-Boxes-Manufacturer-4-12x12.jpg 12w, https:\/\/chinacustomboxes.com\/wp-content\/uploads\/2025\/08\/Luxury-Perfume-Drawer-Packaging-Gift-Boxes-Manufacturer-4-600x600.jpg 600w, https:\/\/chinacustomboxes.com\/wp-content\/uploads\/2025\/08\/Luxury-Perfume-Drawer-Packaging-Gift-Boxes-Manufacturer-4-100x100.jpg 100w\" sizes=\"(max-width: 1000px) 100vw, 1000px\" \/><\/p>\n<h2 id=\"6-precision-production-criteria-millimeter-perfect-design\">6. Kryteria precyzyjnej produkcji | Idealny projekt co do milimetra<\/h2>\n<ul>\n<li>Precyzyjna kontrola formy: Korpus opakowania wykorzystuje precyzyjnie wyrze\u017abion\u0105 form\u0119 CNC i ple\u015b\u0144 (odporno\u015b\u0107 \u00b1 0,05 mm), co prowadzi do ostrych naro\u017cnik\u00f3w i braku odprysk\u00f3w. Luz szyny obudowy wynosi \u2264 0,2 mm, zapewniaj\u0105c p\u0142ynne przesuwanie i rysowanie.<\/li>\n<li>Bezpy\u0142owe \u015brodowisko produkcyjne: Ca\u0142a procedura jest przeprowadzana w pomieszczeniu czystym Course 10,000, usuwaj\u0105c zanieczyszczenia py\u0142em i gwarantuj\u0105c pi\u0119kn\u0105 tekstur\u0119 powierzchni.<\/li>\n<\/ul>\n<p><img loading=\"lazy\" decoding=\"async\" class=\"alignnone wp-image-2256 size-full\" src=\"https:\/\/chinacustomboxes.com\/wp-content\/uploads\/2025\/08\/Luxury-Perfume-Drawer-Packaging-Gift-Boxes-Manufacturer-5.jpg\" alt=\"Luksusowa szuflada na perfumy Producent pude\u0142ek na prezenty\" width=\"1000\" height=\"1000\" title=\"\" srcset=\"https:\/\/chinacustomboxes.com\/wp-content\/uploads\/2025\/08\/Luxury-Perfume-Drawer-Packaging-Gift-Boxes-Manufacturer-5.jpg 1000w, https:\/\/chinacustomboxes.com\/wp-content\/uploads\/2025\/08\/Luxury-Perfume-Drawer-Packaging-Gift-Boxes-Manufacturer-5-300x300.jpg 300w, https:\/\/chinacustomboxes.com\/wp-content\/uploads\/2025\/08\/Luxury-Perfume-Drawer-Packaging-Gift-Boxes-Manufacturer-5-150x150.jpg 150w, https:\/\/chinacustomboxes.com\/wp-content\/uploads\/2025\/08\/Luxury-Perfume-Drawer-Packaging-Gift-Boxes-Manufacturer-5-768x768.jpg 768w, https:\/\/chinacustomboxes.com\/wp-content\/uploads\/2025\/08\/Luxury-Perfume-Drawer-Packaging-Gift-Boxes-Manufacturer-5-12x12.jpg 12w, https:\/\/chinacustomboxes.com\/wp-content\/uploads\/2025\/08\/Luxury-Perfume-Drawer-Packaging-Gift-Boxes-Manufacturer-5-600x600.jpg 600w, https:\/\/chinacustomboxes.com\/wp-content\/uploads\/2025\/08\/Luxury-Perfume-Drawer-Packaging-Gift-Boxes-Manufacturer-5-100x100.jpg 100w\" sizes=\"(max-width: 1000px) 100vw, 1000px\" \/><\/p>\n<h2 id=\"7-rapid-development-capabilities-agile-prototyping-manufacturing\">7. Mo\u017cliwo\u015bci szybkiego rozwoju | Zwinne prototypowanie i produkcja<\/h2>\n<ul>\n<li>Cyfrowy proces rozwoju: Obs\u0142uguje modelowanie 3D (Rhino\/SolidWorks) do symulacji szkieletu pude\u0142ka w czasie rzeczywistym. Przyk\u0142ady wycinane laserowo mo\u017cna zweryfikowa\u0107 w ci\u0105gu 8 godzin, co przyspiesza tworzenie wersji stylistycznych.<\/li>\n<li>Wszechstronne informacje zwrotne dotycz\u0105ce produkcji: Cykl automatyzacji wynosi 15-20 dni (sk\u0142adaj\u0105cy si\u0119 z dostosowanych proces\u00f3w), utrzymuje MOQ 500 sztuk i dzia\u0142a zgodnie z wymaganiami OEM \/ ODM.<\/li>\n<\/ul>","protected":false},"excerpt":{"rendered":"<p>Pude\u0142ko prezentowe na perfumy z szuflad\u0105 ma konstrukcj\u0119 przesuwanej szyny, kt\u00f3ra po otwarciu tworzy poczucie rytua\u0142u. Precyzyjne rowki EVA s\u0105 osadzone, aby umo\u017cliwi\u0107 \"zawieszenie\" i zamocowanie butelki perfum. Naturalna tekstura zio\u0142owego papieru zapachowego i szczeg\u00f3\u0142owa metalowa etykieta tworz\u0105 spokojne i luksusowe do\u015bwiadczenie. Pude\u0142ko jest wycinane z milimetrow\u0105 dok\u0142adno\u015bci\u0105, co skutkuje ostrymi kraw\u0119dziami i naro\u017cnikami. Jego ciemnozielony podstawowy kolor jest uzupe\u0142niony artystycznym t\u0142oczonym sitodrukiem, tworz\u0105c trwa\u0142y wizualny klasyk. Modelowanie 3D jest obs\u0142ugiwane w celu szybkiego sprawdzenia, z globaln\u0105 dostaw\u0105 w ci\u0105gu 15 dni.<\/p>","protected":false},"featured_media":2252,"template":"","meta":{"_kad_post_transparent":"default","_kad_post_title":"","_kad_post_layout":"default","_kad_post_sidebar_id":"","_kad_post_content_style":"default","_kad_post_vertical_padding":"default","_kad_post_feature":"","_kad_post_feature_position":"","_kad_post_header":false,"_kad_post_footer":false,"_kad_post_classname":""},"product_brand":[],"product_cat":[15,17,20,34],"product_tag":[551,549,550],"class_list":{"0":"post-2251","1":"product","2":"type-product","3":"status-publish","4":"has-post-thumbnail","6":"product_cat-boxes-by-shapes","7":"product_cat-boxes-by-industries","8":"product_cat-drawer-style-boxes","9":"product_cat-perfume-packaging-boxes","10":"product_tag-gift-boxes-manufacturer","11":"product_tag-luxury-perfume-packaging","12":"product_tag-perfume-drawer-boxes","14":"first","15":"instock","16":"shipping-taxable","17":"product-type-simple","18":"entry","19":"content-bg","20":"loop-entry"},"_links":{"self":[{"href":"https:\/\/chinacustomboxes.com\/pl\/wp-json\/wp\/v2\/product\/2251","targetHints":{"allow":["GET"]}}],"collection":[{"href":"https:\/\/chinacustomboxes.com\/pl\/wp-json\/wp\/v2\/product"}],"about":[{"href":"https:\/\/chinacustomboxes.com\/pl\/wp-json\/wp\/v2\/types\/product"}],"wp:featuredmedia":[{"embeddable":true,"href":"https:\/\/chinacustomboxes.com\/pl\/wp-json\/wp\/v2\/media\/2252"}],"wp:attachment":[{"href":"https:\/\/chinacustomboxes.com\/pl\/wp-json\/wp\/v2\/media?parent=2251"}],"wp:term":[{"taxonomy":"product_brand","embeddable":true,"href":"https:\/\/chinacustomboxes.com\/pl\/wp-json\/wp\/v2\/product_brand?post=2251"},{"taxonomy":"product_cat","embeddable":true,"href":"https:\/\/chinacustomboxes.com\/pl\/wp-json\/wp\/v2\/product_cat?post=2251"},{"taxonomy":"product_tag","embeddable":true,"href":"https:\/\/chinacustomboxes.com\/pl\/wp-json\/wp\/v2\/product_tag?post=2251"}],"curies":[{"name":"wp","href":"https:\/\/api.w.org\/{rel}","templated":true}]}}