{"id":2264,"date":"2025-08-19T03:48:50","date_gmt":"2025-08-19T03:48:50","guid":{"rendered":"https:\/\/chinacustomboxes.com\/?post_type=product&#038;p=2264"},"modified":"2025-08-19T05:53:44","modified_gmt":"2025-08-19T05:53:44","slug":"baby-hair-care-oil-perfume-lid-and-base-boxes-manufacturer","status":"publish","type":"product","link":"https:\/\/chinacustomboxes.com\/pl\/baby-hair-care-oil-perfume-lid-and-base-boxes-manufacturer\/","title":{"rendered":"Pude\u0142ka na perfumy z pokrywk\u0105 i podstaw\u0105 do piel\u0119gnacji w\u0142os\u00f3w dla niemowl\u0105t Producent"},"content":{"rendered":"<h2 id=\"baby-hair-care-oil-perfume-lid-and-base-boxes-manufacturer\">Perfumy do piel\u0119gnacji w\u0142os\u00f3w dla niemowl\u0105t Producent pokrywek i pude\u0142ek bazowych<\/h2>\n<p>Nasze niestandardowe <a href=\"https:\/\/chinacustomboxes.com\/pl\/lid-and-base-boxes\/\">sztywne pude\u0142ka z pokryw\u0105 i podstaw\u0105<\/a> (zwane r\u00f3wnie\u017c nieelastycznymi pude\u0142kami teleskopowymi) s\u0105 przeznaczone do ochrony, przechowywania i wzmacniania p\u0142yn\u00f3w w ma\u0142ych formatach - od \u0142agodnych olejk\u00f3w do w\u0142os\u00f3w dla niemowl\u0105t po miniprezenty o pierwszym zapachu. Szczeg\u00f3\u0142owa z\u0142ota geometria i bogata kolorystyka s\u0105 wi\u0119cej ni\u017c wspania\u0142e - s\u0105 dowodem na to, \u017ce opakowanie produktu premium mo\u017ce by\u0107 zar\u00f3wno funkcjonalne, jak i emocjonalnie niezapomniane. Pude\u0142ka te zosta\u0142y stworzone, aby wygl\u0105da\u0107 wyj\u0105tkowo na p\u00f3\u0142ce, aby naprawd\u0119 czu\u0107 ochron\u0119 w d\u0142oni i aby przekszta\u0142ci\u0107 ka\u017cde rozpakowanie w ma\u0142e \u015bwi\u0119to.<\/p>\n<h2 id=\"1-a-silhouette-that-stands-apart\">1. Wyr\u00f3\u017cniaj\u0105ca si\u0119 sylwetka<\/h2>\n<p>Profil przypomina wyrafinowany \u0142uk, kt\u00f3ry natychmiast odr\u00f3\u017cnia opakowanie od standardowych prostok\u0105tnych kszta\u0142t\u00f3w. Ten unikalny \u0142uk tworzy uformowany panel czo\u0142owy, na kt\u00f3rym znak Twojej marki znajduje si\u0119 jak piecz\u0119\u0107 - wyrafinowany pod ka\u017cdym k\u0105tem. Wybierz spokojne odcienie mi\u0119ty i lasu dla uspokajaj\u0105cych wskaz\u00f3wek dotycz\u0105cych piel\u0119gnacji niemowl\u0105t lub odwa\u017cn\u0105 palet\u0119 pomara\u0144czy i hebanu dla modnej deklaracji zapachowej. Pokrywa \u0142atwo si\u0119 podnosi, ods\u0142aniaj\u0105c dopasowan\u0105 kolorystycznie podstaw\u0119 i podstawk\u0119 do prezentacji butelki, dzi\u0119ki czemu produkt jest skupiony, wyprostowany i gotowy do zdj\u0119cia.<\/p>\n<p><img fetchpriority=\"high\" decoding=\"async\" class=\"alignnone wp-image-2265 size-full\" src=\"https:\/\/chinacustomboxes.com\/wp-content\/uploads\/2025\/08\/Baby-Hair-Care-Oil-Perfume-Lid-And-Base-Boxes-Manufacturer-1.jpg\" alt=\"Pude\u0142ka na perfumy z pokrywk\u0105 i podstaw\u0105 do piel\u0119gnacji w\u0142os\u00f3w dla niemowl\u0105t Producent\" width=\"1000\" height=\"1000\" title=\"\" srcset=\"https:\/\/chinacustomboxes.com\/wp-content\/uploads\/2025\/08\/Baby-Hair-Care-Oil-Perfume-Lid-And-Base-Boxes-Manufacturer-1.jpg 1000w, https:\/\/chinacustomboxes.com\/wp-content\/uploads\/2025\/08\/Baby-Hair-Care-Oil-Perfume-Lid-And-Base-Boxes-Manufacturer-1-300x300.jpg 300w, https:\/\/chinacustomboxes.com\/wp-content\/uploads\/2025\/08\/Baby-Hair-Care-Oil-Perfume-Lid-And-Base-Boxes-Manufacturer-1-150x150.jpg 150w, https:\/\/chinacustomboxes.com\/wp-content\/uploads\/2025\/08\/Baby-Hair-Care-Oil-Perfume-Lid-And-Base-Boxes-Manufacturer-1-768x768.jpg 768w, https:\/\/chinacustomboxes.com\/wp-content\/uploads\/2025\/08\/Baby-Hair-Care-Oil-Perfume-Lid-And-Base-Boxes-Manufacturer-1-12x12.jpg 12w, https:\/\/chinacustomboxes.com\/wp-content\/uploads\/2025\/08\/Baby-Hair-Care-Oil-Perfume-Lid-And-Base-Boxes-Manufacturer-1-600x600.jpg 600w, https:\/\/chinacustomboxes.com\/wp-content\/uploads\/2025\/08\/Baby-Hair-Care-Oil-Perfume-Lid-And-Base-Boxes-Manufacturer-1-100x100.jpg 100w\" sizes=\"(max-width: 1000px) 100vw, 1000px\" \/><\/p>\n<h2 id=\"2-why-a-lid-and-base-inflexible-box-\">2. Dlaczego \"nieelastyczne\" pude\u0142ko z pokryw\u0105 i podstaw\u0105?<\/h2>\n<p>Nieelastyczne (lub \"ustawione\") pude\u0142ko jest tworzone z grubej tektury, kt\u00f3ra pozostaje z\u0142o\u017cona, a nast\u0119pnie owini\u0119ta opublikowanym papierem w celu uzyskania grafiki i struktury. Nasza odmiana wykorzystuje pokryw\u0119 teleskopow\u0105, kt\u00f3ra przesuwa si\u0119 po podstawie - cz\u0119\u015bciowo lub ca\u0142kowicie, w zale\u017cno\u015bci od projektu - w celu uzyskania powolnego, satysfakcjonuj\u0105cego ujawnienia podczas zabezpieczania materia\u0142\u00f3w. Ten styl jest szeroko stosowany w przypadku koszt\u00f3w kosmetyk\u00f3w i perfum ze wzgl\u0119du na fakt, \u017ce \u0142\u0105czy si\u0142\u0119 z efektowno\u015bci\u0105 i pi\u0119knie personalizuje si\u0119 dzi\u0119ki powierzchniom takim jak folia aluminiowa i wyt\u0142oczenia.<\/p>\n<h2 id=\"3-built-for-fragile-bottles-and-small-hands\">3. Stworzony z my\u015bl\u0105 o delikatnych butelkach i ma\u0142ych d\u0142oniach<\/h2>\n<p>Olejki do w\u0142os\u00f3w dla dzieci i zapachy do kresek s\u0105 dost\u0119pne w \u0142adnych butelkach ze smuk\u0142ymi ramionami i pompkami - pi\u0119knych, ale \u0142atwych do st\u0142uczenia. Wewn\u0105trz ka\u017cdego pude\u0142ka tworzymy przytuln\u0105 podstawk\u0119, aby butelka nie grzechota\u0142a w drodze ani nie przewraca\u0142a si\u0119 podczas sprzeda\u017cy detalicznej. Do wyboru:<\/p>\n<ul>\n<li><strong>Precyzyjne podpory tekturowe\u00a0<\/strong>pokryte dok\u0142adnie tym samym papierem, co pude\u0142ko, aby uzyska\u0107 jednolity \"butikowy\" wygl\u0105d.<\/li>\n<li><strong>Wbudowane wk\u0142adki z w\u0142\u00f3kna (formowana masa celulozowa)\u00a0<\/strong>wykonane z papieru pochodz\u0105cego z recyklingu lub w\u0142\u00f3kien ro\u015blinnych (takich jak bambus lub wyt\u0142oczyny z trzciny cukrowej), aby zapewni\u0107 ochron\u0119, ekologiczn\u0105 opcj\u0119, kt\u00f3ra nadaje si\u0119 do recyklingu i kompostowania.<\/li>\n<\/ul>\n<p>Ka\u017cda wk\u0142adka jest dostosowana do szyjki, ramienia i podstawy butelki, dzi\u0119ki czemu porusza si\u0119 sprawnie i \u015bci\u015ble przylega - bez chybotania, bez za\u0142ama\u0144.<\/p>\n<p><img decoding=\"async\" class=\"alignnone wp-image-2266 size-full\" src=\"https:\/\/chinacustomboxes.com\/wp-content\/uploads\/2025\/08\/Baby-Hair-Care-Oil-Perfume-Lid-And-Base-Boxes-Manufacturer-2.jpg\" alt=\"Pude\u0142ka na perfumy z pokrywk\u0105 i podstaw\u0105 do piel\u0119gnacji w\u0142os\u00f3w dla niemowl\u0105t Producent\" width=\"1000\" height=\"1000\" title=\"\" srcset=\"https:\/\/chinacustomboxes.com\/wp-content\/uploads\/2025\/08\/Baby-Hair-Care-Oil-Perfume-Lid-And-Base-Boxes-Manufacturer-2.jpg 1000w, https:\/\/chinacustomboxes.com\/wp-content\/uploads\/2025\/08\/Baby-Hair-Care-Oil-Perfume-Lid-And-Base-Boxes-Manufacturer-2-300x300.jpg 300w, https:\/\/chinacustomboxes.com\/wp-content\/uploads\/2025\/08\/Baby-Hair-Care-Oil-Perfume-Lid-And-Base-Boxes-Manufacturer-2-150x150.jpg 150w, https:\/\/chinacustomboxes.com\/wp-content\/uploads\/2025\/08\/Baby-Hair-Care-Oil-Perfume-Lid-And-Base-Boxes-Manufacturer-2-768x768.jpg 768w, https:\/\/chinacustomboxes.com\/wp-content\/uploads\/2025\/08\/Baby-Hair-Care-Oil-Perfume-Lid-And-Base-Boxes-Manufacturer-2-12x12.jpg 12w, https:\/\/chinacustomboxes.com\/wp-content\/uploads\/2025\/08\/Baby-Hair-Care-Oil-Perfume-Lid-And-Base-Boxes-Manufacturer-2-600x600.jpg 600w, https:\/\/chinacustomboxes.com\/wp-content\/uploads\/2025\/08\/Baby-Hair-Care-Oil-Perfume-Lid-And-Base-Boxes-Manufacturer-2-100x100.jpg 100w\" sizes=\"(max-width: 1000px) 100vw, 1000px\" \/><\/p>\n<h2 id=\"3-layout-language-contemporary-geometry-premium-signs\">3. J\u0119zyk uk\u0142adu: wsp\u00f3\u0142czesna geometria, znaki premium<\/h2>\n<p>Z\u0142ota geometryczna siatka na panelu przednim \u015bwiadczy o jako\u015bci wykonania. Ten po\u0142ysk uzyskujemy dzi\u0119ki\u00a0<strong>znakowanie foli\u0105 na gor\u0105co\u00a0<\/strong>- Strategia od dawna preferowana w kosmetykach i zapachach ze wzgl\u0119du na wyra\u017any sygna\u0142 koszt\u00f3w i wyra\u017ane, przyci\u0105gaj\u0105ce \u015bwiat\u0142o detale.<\/p>\n<p>Aby pog\u0142\u0119bi\u0107 do\u015bwiadczenie responsywno\u015bci, nale\u017cy uwzgl\u0119dni\u0107\u00a0<strong>wyt\u0142aczanie\u00a0<\/strong>(podniesienie jako\u015bci projektu lub wzoru logo) lub\u00a0<strong>wyt\u0142aczanie\u00a0<\/strong>(wciskaj\u0105c go do \u015brodka). Obydwa te sposoby pi\u0119knie komponuj\u0105 si\u0119 z foli\u0105. Umieszczenie po\u0142ysku, per\u0142owych lakier\u00f3w lub mi\u0119kkich w dotyku laminat\u00f3w mo\u017ce da\u0107 wizualne por\u00f3wnanie i to \"aksamitne\" uczucie d\u0142oni, kt\u00f3re mamy i tatusiowie kojarz\u0105 z \u0142agodn\u0105 piel\u0119gnacj\u0105.<\/p>\n<h2 id=\"4-unpacking-that-makes-attention-and-love-\">4. Rozpakowywanie, kt\u00f3re przyci\u0105ga uwag\u0119 (i mi\u0142o\u015b\u0107).<\/h2>\n<p>Powolne podnoszenie pokrywy teleskopu, ujawnienie butelki od\u0142o\u017conej na tac\u0119 i blask foliowego medalionu - te znaki sensoryczne sprawiaj\u0105, \u017ce do\u015bwiadczenie to jest godne prezentu, r\u00f3wnie\u017c na co dzie\u0144.<\/p>\n<p><img decoding=\"async\" class=\"alignnone wp-image-2267 size-full\" src=\"https:\/\/chinacustomboxes.com\/wp-content\/uploads\/2025\/08\/Baby-Hair-Care-Oil-Perfume-Lid-And-Base-Boxes-Manufacturer-3.jpg\" alt=\"Pude\u0142ka na perfumy z pokrywk\u0105 i podstaw\u0105 do piel\u0119gnacji w\u0142os\u00f3w dla niemowl\u0105t Producent\" width=\"1000\" height=\"1000\" title=\"\" srcset=\"https:\/\/chinacustomboxes.com\/wp-content\/uploads\/2025\/08\/Baby-Hair-Care-Oil-Perfume-Lid-And-Base-Boxes-Manufacturer-3.jpg 1000w, https:\/\/chinacustomboxes.com\/wp-content\/uploads\/2025\/08\/Baby-Hair-Care-Oil-Perfume-Lid-And-Base-Boxes-Manufacturer-3-300x300.jpg 300w, https:\/\/chinacustomboxes.com\/wp-content\/uploads\/2025\/08\/Baby-Hair-Care-Oil-Perfume-Lid-And-Base-Boxes-Manufacturer-3-150x150.jpg 150w, https:\/\/chinacustomboxes.com\/wp-content\/uploads\/2025\/08\/Baby-Hair-Care-Oil-Perfume-Lid-And-Base-Boxes-Manufacturer-3-768x768.jpg 768w, https:\/\/chinacustomboxes.com\/wp-content\/uploads\/2025\/08\/Baby-Hair-Care-Oil-Perfume-Lid-And-Base-Boxes-Manufacturer-3-12x12.jpg 12w, https:\/\/chinacustomboxes.com\/wp-content\/uploads\/2025\/08\/Baby-Hair-Care-Oil-Perfume-Lid-And-Base-Boxes-Manufacturer-3-600x600.jpg 600w, https:\/\/chinacustomboxes.com\/wp-content\/uploads\/2025\/08\/Baby-Hair-Care-Oil-Perfume-Lid-And-Base-Boxes-Manufacturer-3-100x100.jpg 100w\" sizes=\"(max-width: 1000px) 100vw, 1000px\" \/><\/p>\n<h2 id=\"5-products-you-can-guarantee-\">5. Produkty, na kt\u00f3re mo\u017cna udzieli\u0107 gwarancji.<\/h2>\n<p>Skupiamy si\u0119 na odpowiednio pozyskiwanych papierach i p\u0142ytach. Na \u017cyczenie tworzymy <a href=\"https:\/\/chinacustomboxes.com\/pl\/\">pude\u0142ka<\/a> z\u00a0<strong>Materia\u0142y na licencji FSC\u00a0<\/strong>, pomagaj\u0105c pokaza\u0107 odpowiedzialne pozyskiwanie na opakowaniu i w komunikacji dotycz\u0105cej zr\u00f3wnowa\u017conego rozwoju.<\/p>\n<h2 id=\"6-publish-complete-alternatives-mix-and-match-\">6. Publikuj i uzupe\u0142niaj alternatywy (mieszaj i dopasowuj).<\/h2>\n<ul>\n<li><strong>Drukowanie:\u00a0<\/strong>Druk offsetowy w wysokiej rozdzielczo\u015bci w CMYK lub spot Pantone dla dok\u0142adnych kolor\u00f3w marki.<\/li>\n<li><strong>T\u0142oczenie foli\u0105 aluminiow\u0105:\u00a0<\/strong>Przednie medaliony, wk\u0142adki brzegowe, mikrowzory lub pe\u0142ne tytu\u0142y.<\/li>\n<li><strong>Emboss\/Deboss:\u00a0<\/strong>Podnoszenie herb\u00f3w, wzor\u00f3w logo lub geometrycznych p\u0142ytek pod\u0142ogowych.<\/li>\n<li><strong>Punktowe promieniowanie UV:\u00a0<\/strong>Po\u0142ysk podkre\u015blony na matowym pod\u0142o\u017cu dla por\u00f3wnania.<\/li>\n<li><strong>Mi\u0119kkie w dotyku lub po\u015bcielowe pokrowce:\u00a0<\/strong>Dodaj swojemu pude\u0142ku ciep\u0142a i \"dzieci\u0119cej mi\u0119kko\u015bci\" w dotyku.<\/li>\n<li><strong>Wycinane okienka (opcjonalnie):\u00a0<\/strong>Rzut oka na butelk\u0119 bez otwierania.<\/li>\n<li><strong>Farba na kraw\u0119dziach lub p\u0142yty z kolorowymi kraw\u0119dziami:\u00a0<\/strong>Elegancki detal wzd\u0142u\u017c profilu \u0142uku.<\/li>\n<li><strong>Plomby zabezpieczaj\u0105ce i etykiety zabezpieczaj\u0105ce przed manipulacj\u0105:\u00a0<\/strong>Dla zapewnienia sprzeda\u017cy detalicznej.<\/li>\n<\/ul>\n<p><img loading=\"lazy\" decoding=\"async\" class=\"alignnone wp-image-2268 size-full\" src=\"https:\/\/chinacustomboxes.com\/wp-content\/uploads\/2025\/08\/Baby-Hair-Care-Oil-Perfume-Lid-And-Base-Boxes-Manufacturer-4.jpg\" alt=\"Pude\u0142ka na perfumy z pokrywk\u0105 i podstaw\u0105 do piel\u0119gnacji w\u0142os\u00f3w dla niemowl\u0105t Producent\" width=\"1000\" height=\"1000\" title=\"\" srcset=\"https:\/\/chinacustomboxes.com\/wp-content\/uploads\/2025\/08\/Baby-Hair-Care-Oil-Perfume-Lid-And-Base-Boxes-Manufacturer-4.jpg 1000w, https:\/\/chinacustomboxes.com\/wp-content\/uploads\/2025\/08\/Baby-Hair-Care-Oil-Perfume-Lid-And-Base-Boxes-Manufacturer-4-300x300.jpg 300w, https:\/\/chinacustomboxes.com\/wp-content\/uploads\/2025\/08\/Baby-Hair-Care-Oil-Perfume-Lid-And-Base-Boxes-Manufacturer-4-150x150.jpg 150w, https:\/\/chinacustomboxes.com\/wp-content\/uploads\/2025\/08\/Baby-Hair-Care-Oil-Perfume-Lid-And-Base-Boxes-Manufacturer-4-768x768.jpg 768w, https:\/\/chinacustomboxes.com\/wp-content\/uploads\/2025\/08\/Baby-Hair-Care-Oil-Perfume-Lid-And-Base-Boxes-Manufacturer-4-12x12.jpg 12w, https:\/\/chinacustomboxes.com\/wp-content\/uploads\/2025\/08\/Baby-Hair-Care-Oil-Perfume-Lid-And-Base-Boxes-Manufacturer-4-600x600.jpg 600w, https:\/\/chinacustomboxes.com\/wp-content\/uploads\/2025\/08\/Baby-Hair-Care-Oil-Perfume-Lid-And-Base-Boxes-Manufacturer-4-100x100.jpg 100w\" sizes=\"(max-width: 1000px) 100vw, 1000px\" \/><\/p>\n<h2 id=\"7-structure-selections-\">7. Wyb\u00f3r struktury.<\/h2>\n<ul>\n<li><strong>Kompletna os\u0142ona teleskopu:\u00a0<\/strong>Pokrywa zakrywa du\u017c\u0105 cz\u0119\u015b\u0107 \u015bciany bocznej podstawy, zapewniaj\u0105c optymaln\u0105 ochron\u0119 i powolne, doskona\u0142e otwarcie.<\/li>\n<li><strong>Cz\u0119\u015bciowa os\u0142ona teleskopu:\u00a0<\/strong>Nieco kr\u00f3tsza pokrywa, kt\u00f3ra ods\u0142ania pasmo koloru bazowego, zapewniaj\u0105c warstwowy efekt i \u0142atwiejszy chwyt. Obie pokrywy s\u0105 wytrzyma\u0142e, nadaj\u0105 si\u0119 na prezent i s\u0105 odpowiednie dla delikatnego szk\u0142a.<\/li>\n<\/ul>\n<p>\u0141ukowate konto mo\u017cna dostosowa\u0107: nieco wy\u017csze, aby uzyska\u0107 majestatyczne \"okno ko\u015bcio\u0142a\", lub bardziej mi\u0119kkie i zaokr\u0105glone, aby uzyska\u0107 przyjemny, inspirowany szk\u00f3\u0142k\u0105 wygl\u0105d. Wewn\u0119trzna geometria pozostaje niezmieniona, wi\u0119c pojemnik nadal spoczywa w spokoju i skupieniu.<\/p>\n<p><img loading=\"lazy\" decoding=\"async\" class=\"alignnone wp-image-2269 size-full\" src=\"https:\/\/chinacustomboxes.com\/wp-content\/uploads\/2025\/08\/Baby-Hair-Care-Oil-Perfume-Lid-And-Base-Boxes-Manufacturer-5.jpg\" alt=\"Pude\u0142ka na perfumy z pokrywk\u0105 i podstaw\u0105 do piel\u0119gnacji w\u0142os\u00f3w dla niemowl\u0105t Producent\" width=\"1000\" height=\"1000\" title=\"\" srcset=\"https:\/\/chinacustomboxes.com\/wp-content\/uploads\/2025\/08\/Baby-Hair-Care-Oil-Perfume-Lid-And-Base-Boxes-Manufacturer-5.jpg 1000w, https:\/\/chinacustomboxes.com\/wp-content\/uploads\/2025\/08\/Baby-Hair-Care-Oil-Perfume-Lid-And-Base-Boxes-Manufacturer-5-300x300.jpg 300w, https:\/\/chinacustomboxes.com\/wp-content\/uploads\/2025\/08\/Baby-Hair-Care-Oil-Perfume-Lid-And-Base-Boxes-Manufacturer-5-150x150.jpg 150w, https:\/\/chinacustomboxes.com\/wp-content\/uploads\/2025\/08\/Baby-Hair-Care-Oil-Perfume-Lid-And-Base-Boxes-Manufacturer-5-768x768.jpg 768w, https:\/\/chinacustomboxes.com\/wp-content\/uploads\/2025\/08\/Baby-Hair-Care-Oil-Perfume-Lid-And-Base-Boxes-Manufacturer-5-12x12.jpg 12w, https:\/\/chinacustomboxes.com\/wp-content\/uploads\/2025\/08\/Baby-Hair-Care-Oil-Perfume-Lid-And-Base-Boxes-Manufacturer-5-600x600.jpg 600w, https:\/\/chinacustomboxes.com\/wp-content\/uploads\/2025\/08\/Baby-Hair-Care-Oil-Perfume-Lid-And-Base-Boxes-Manufacturer-5-100x100.jpg 100w\" sizes=\"(max-width: 1000px) 100vw, 1000px\" \/><\/p>\n<h2 id=\"8-engineered-security-gentle-discussion-\">8. Bezpiecze\u0144stwo in\u017cynieryjne, delikatna dyskusja.<\/h2>\n<ul>\n<li><strong>Waga p\u0142yty:\u00a0<\/strong>Wybieramy grub\u0105 tektur\u0119 (og\u00f3lnie nazywan\u0105 \"p\u0142yt\u0105 wi\u00f3row\u0105\" lub \"szar\u0105 p\u0142yt\u0105\"), aby by\u0142a odporna na zgniatanie i wgniecenia kraw\u0119dzi.<\/li>\n<li><strong>Dok\u0142adno\u015b\u0107 obejmuj\u0105ca:\u00a0<\/strong>Uporz\u0105dkowane po\u0142\u0105czenia i w\u0105skie prz\u0119s\u0142a wzd\u0142u\u017c \u0142uku zapewniaj\u0105 wyra\u017any kszta\u0142t.<\/li>\n<li><strong>Wzmocniona podstawa:\u00a0<\/strong>Wyj\u0105tkowo laminowane panele bazowe utrzymuj\u0105 znacznie ci\u0119\u017csze szk\u0142o bez uginania si\u0119.<\/li>\n<li><strong>Stabilno\u015b\u0107 butelki:\u00a0<\/strong>Wyci\u0119cia na palce umo\u017cliwiaj\u0105 bardzo \u0142atwe wyjmowanie, podczas gdy wk\u0142adka blokuje butelk\u0119 przez ca\u0142y czas dostawy.<\/li>\n<\/ul>\n<p><img loading=\"lazy\" decoding=\"async\" class=\"alignnone wp-image-2270 size-full\" src=\"https:\/\/chinacustomboxes.com\/wp-content\/uploads\/2025\/08\/Baby-Hair-Care-Oil-Perfume-Lid-And-Base-Boxes-Manufacturer-6.jpg\" alt=\"Pude\u0142ka na perfumy z pokrywk\u0105 i podstaw\u0105 do piel\u0119gnacji w\u0142os\u00f3w dla niemowl\u0105t Producent\" width=\"1000\" height=\"1000\" title=\"\" srcset=\"https:\/\/chinacustomboxes.com\/wp-content\/uploads\/2025\/08\/Baby-Hair-Care-Oil-Perfume-Lid-And-Base-Boxes-Manufacturer-6.jpg 1000w, https:\/\/chinacustomboxes.com\/wp-content\/uploads\/2025\/08\/Baby-Hair-Care-Oil-Perfume-Lid-And-Base-Boxes-Manufacturer-6-300x300.jpg 300w, https:\/\/chinacustomboxes.com\/wp-content\/uploads\/2025\/08\/Baby-Hair-Care-Oil-Perfume-Lid-And-Base-Boxes-Manufacturer-6-150x150.jpg 150w, https:\/\/chinacustomboxes.com\/wp-content\/uploads\/2025\/08\/Baby-Hair-Care-Oil-Perfume-Lid-And-Base-Boxes-Manufacturer-6-768x768.jpg 768w, https:\/\/chinacustomboxes.com\/wp-content\/uploads\/2025\/08\/Baby-Hair-Care-Oil-Perfume-Lid-And-Base-Boxes-Manufacturer-6-12x12.jpg 12w, https:\/\/chinacustomboxes.com\/wp-content\/uploads\/2025\/08\/Baby-Hair-Care-Oil-Perfume-Lid-And-Base-Boxes-Manufacturer-6-600x600.jpg 600w, https:\/\/chinacustomboxes.com\/wp-content\/uploads\/2025\/08\/Baby-Hair-Care-Oil-Perfume-Lid-And-Base-Boxes-Manufacturer-6-100x100.jpg 100w\" sizes=\"(max-width: 1000px) 100vw, 1000px\" \/><\/p>\n<h2 id=\"9-friendly-by-design-\">9. Przyjazny z za\u0142o\u017cenia.<\/h2>\n<ul>\n<li><strong>Zaokr\u0105glone boki wewn\u0119trzne\u00a0<\/strong>i \u0142adnie wyko\u0144czone rogi, aby zapobiec ostrym punktom papieru.<\/li>\n<li><strong>Bezpieczne miejsce do siedzenia\u00a0<\/strong>aby pojemnik nie wysun\u0105\u0142 si\u0119 po podniesieniu pokrywy.<\/li>\n<li><strong>Zrozumia\u0142e lokalizacje znacznik\u00f3w\u00a0<\/strong>z przodu lub na podstawie, gdzie znajduj\u0105 si\u0119 obja\u015bnienia sk\u0142adnik\u00f3w, ikony \"wolne od\" i uwagi dotycz\u0105ce u\u017cytkowania.<\/li>\n<li><strong>Wygodna skala\u00a0<\/strong>do otwierania jedn\u0105 r\u0119k\u0105 podczas trzymania dziecka.<\/li>\n<\/ul>","protected":false},"excerpt":{"rendered":"<p>Pude\u0142ka z pokrywk\u0105 i podstaw\u0105 to dwucz\u0119\u015bciowe opakowania, sk\u0142adaj\u0105ce si\u0119 z oddzielnej pokrywki i podstawy, zaprojektowane do bezpiecznego przechowywania i prezentowania butelek z olejkami do piel\u0119gnacji w\u0142os\u00f3w dla dzieci. S\u0105 one popularnym wyborem dla luksusowych i wysokiej klasy perfum do piel\u0119gnacji w\u0142os\u00f3w dla dzieci ze wzgl\u0119du na ich wyrafinowany wygl\u0105d i w\u0142a\u015bciwo\u015bci ochronne.<\/p>","protected":false},"featured_media":2265,"template":"","meta":{"_kad_post_transparent":"default","_kad_post_title":"","_kad_post_layout":"default","_kad_post_sidebar_id":"","_kad_post_content_style":"default","_kad_post_vertical_padding":"default","_kad_post_feature":"","_kad_post_feature_position":"","_kad_post_header":false,"_kad_post_footer":false,"_kad_post_classname":""},"product_brand":[],"product_cat":[15,17,28,19,34],"product_tag":[555,557,556],"class_list":{"0":"post-2264","1":"product","2":"type-product","3":"status-publish","4":"has-post-thumbnail","6":"product_cat-boxes-by-shapes","7":"product_cat-boxes-by-industries","8":"product_cat-cosmetic-packaging-boxes","9":"product_cat-lid-and-base-boxes","10":"product_cat-perfume-packaging-boxes","11":"product_tag-baby-hair-care-boxes","12":"product_tag-lid-and-base-boxes-manufacturer","13":"product_tag-oil-perfume-boxes","15":"first","16":"instock","17":"shipping-taxable","18":"product-type-simple","19":"entry","20":"content-bg","21":"loop-entry"},"_links":{"self":[{"href":"https:\/\/chinacustomboxes.com\/pl\/wp-json\/wp\/v2\/product\/2264","targetHints":{"allow":["GET"]}}],"collection":[{"href":"https:\/\/chinacustomboxes.com\/pl\/wp-json\/wp\/v2\/product"}],"about":[{"href":"https:\/\/chinacustomboxes.com\/pl\/wp-json\/wp\/v2\/types\/product"}],"wp:featuredmedia":[{"embeddable":true,"href":"https:\/\/chinacustomboxes.com\/pl\/wp-json\/wp\/v2\/media\/2265"}],"wp:attachment":[{"href":"https:\/\/chinacustomboxes.com\/pl\/wp-json\/wp\/v2\/media?parent=2264"}],"wp:term":[{"taxonomy":"product_brand","embeddable":true,"href":"https:\/\/chinacustomboxes.com\/pl\/wp-json\/wp\/v2\/product_brand?post=2264"},{"taxonomy":"product_cat","embeddable":true,"href":"https:\/\/chinacustomboxes.com\/pl\/wp-json\/wp\/v2\/product_cat?post=2264"},{"taxonomy":"product_tag","embeddable":true,"href":"https:\/\/chinacustomboxes.com\/pl\/wp-json\/wp\/v2\/product_tag?post=2264"}],"curies":[{"name":"wp","href":"https:\/\/api.w.org\/{rel}","templated":true}]}}