{"id":2273,"date":"2025-08-20T03:15:00","date_gmt":"2025-08-20T03:15:00","guid":{"rendered":"https:\/\/chinacustomboxes.com\/?post_type=product&#038;p=2273"},"modified":"2025-08-20T03:44:20","modified_gmt":"2025-08-20T03:44:20","slug":"eye-cream-carrier-oil-cosmetic-magnetic-lid-boxes-factory","status":"publish","type":"product","link":"https:\/\/chinacustomboxes.com\/pl\/eye-cream-carrier-oil-cosmetic-magnetic-lid-boxes-factory\/","title":{"rendered":"Krem pod oczy Olej no\u015bny Kosmetyczne pude\u0142ka z pokrywk\u0105 magnetyczn\u0105 Fabryka"},"content":{"rendered":"<h2 id=\"premium-custom-made-magnetic-lid-eye-cream-essence-freeze-dried-powder-appeal-boxes\">Wysokiej jako\u015bci, wykonane na zam\u00f3wienie, magnetyczne pude\u0142ka na krem pod oczy z liofilizowanym proszkiem<br \/>\n<span style=\"font-size: 17px; font-weight: 400;\">Rozumiemy, \u017ce na bardzo konkurencyjnym rynku kosmetycznym opakowanie jest nie tylko pojemnikiem na produkt, ale tak\u017ce no\u015bnikiem pierwszego emocjonalnego po\u0142\u0105czenia mi\u0119dzy mark\u0105 a konsumentem. Niesie ze sob\u0105 filozofi\u0119 marki, przekazuje profesjonalizm produktu i ostatecznie wp\u0142ywa na decyzj\u0119 zakupow\u0105 konsumenta. Dlatego po\u015bwi\u0119cili\u015bmy nasze wysi\u0142ki na stworzenie tego <a href=\"https:\/\/chinacustomboxes.com\/pl\/exporting-custom-luxury-magnetic-closure-rigid-shoes-boxes\/\">pude\u0142ko kosmetyczne z magnetycznym wieczkiem<\/a>Naszym celem jest zapewnienie idealnego domu dla Twoich produkt\u00f3w poprzez skrupulatne dopracowanie ka\u017cdego szczeg\u00f3\u0142u, \u0142\u0105cz\u0105c ochron\u0119, funkcjonalno\u015b\u0107 i kunszt.<\/span><\/h2>\n<h2 id=\"1-ingenious-magnetic-structure-elegant-opening-and-closing-exuding-high-end\">1. Pomys\u0142owa struktura magnetyczna: Eleganckie otwieranie i zamykanie, emanuj\u0105ce wysok\u0105 jako\u015bci\u0105<\/h2>\n<p>Zrezygnowali\u015bmy z konwencjonalnych zatrzask\u00f3w lub klapek i innowacyjnie przyj\u0119li\u015bmy wbudowane, pot\u0119\u017cne rozwi\u0105zania. <a href=\"https:\/\/chinacustomboxes.com\/pl\/magnetic-closure-boxes\/\">zamkni\u0119cie magnetyczne Pude\u0142ka<\/a>. Gdy pokrywa jest delikatnie zamkni\u0119ta, magnesy precyzyjnie si\u0119 zatrzaskuj\u0105, wydaj\u0105c wyra\u017ane i stabilne klikni\u0119cie, daj\u0105c wyra\u017ane poczucie rutyny i spe\u0142nienia. Ten styl nie tylko zapewnia korzy\u015bci i bezpiecze\u0144stwo pude\u0142ka, skutecznie zapobiegaj\u0105c przypadkowemu otwarciu podczas przenoszenia lub transportu, ale jego p\u0142ynne otwieranie i zamykanie bezb\u0142\u0119dnie uosabia wyrafinowanie i luksus poszukiwany przez wysokiej klasy kosmetyki. Ka\u017cde otwarcie to elegancka komunikacja marki.<\/p>\n<p><img fetchpriority=\"high\" decoding=\"async\" class=\"alignnone wp-image-2276 size-full\" src=\"https:\/\/chinacustomboxes.com\/wp-content\/uploads\/2025\/08\/Eye-Cream-Carrier-Oil-Cosmetic-Magnetic-Lid-Boxes-Factory-3.jpg\" alt=\"Krem pod oczy Olej no\u015bny Kosmetyczne pude\u0142ka z pokrywk\u0105 magnetyczn\u0105 Fabryka\" width=\"1000\" height=\"1000\" title=\"\" srcset=\"https:\/\/chinacustomboxes.com\/wp-content\/uploads\/2025\/08\/Eye-Cream-Carrier-Oil-Cosmetic-Magnetic-Lid-Boxes-Factory-3.jpg 1000w, https:\/\/chinacustomboxes.com\/wp-content\/uploads\/2025\/08\/Eye-Cream-Carrier-Oil-Cosmetic-Magnetic-Lid-Boxes-Factory-3-300x300.jpg 300w, https:\/\/chinacustomboxes.com\/wp-content\/uploads\/2025\/08\/Eye-Cream-Carrier-Oil-Cosmetic-Magnetic-Lid-Boxes-Factory-3-150x150.jpg 150w, https:\/\/chinacustomboxes.com\/wp-content\/uploads\/2025\/08\/Eye-Cream-Carrier-Oil-Cosmetic-Magnetic-Lid-Boxes-Factory-3-768x768.jpg 768w, https:\/\/chinacustomboxes.com\/wp-content\/uploads\/2025\/08\/Eye-Cream-Carrier-Oil-Cosmetic-Magnetic-Lid-Boxes-Factory-3-12x12.jpg 12w, https:\/\/chinacustomboxes.com\/wp-content\/uploads\/2025\/08\/Eye-Cream-Carrier-Oil-Cosmetic-Magnetic-Lid-Boxes-Factory-3-600x600.jpg 600w, https:\/\/chinacustomboxes.com\/wp-content\/uploads\/2025\/08\/Eye-Cream-Carrier-Oil-Cosmetic-Magnetic-Lid-Boxes-Factory-3-100x100.jpg 100w\" sizes=\"(max-width: 1000px) 100vw, 1000px\" \/><\/p>\n<h2 id=\"2-scientific-interior-format-customized-and-organized\">2. Naukowy format wn\u0119trza: Dostosowany i zorganizowany<\/h2>\n<p>Doskonale rozumiemy r\u00f3\u017cnice w wymiarach i rodzajach r\u00f3\u017cnych kosmetyk\u00f3w (takich jak liofilizowany proszek, ampu\u0142ki, p\u0142yny, p\u0142yny do oczu itp.) Z tego powodu oferujemy ca\u0142kowicie dostosowane do potrzeb \u015brodki zaradcze. Niezale\u017cnie od tego, czy jest to pojedyncza fiolka wymagaj\u0105ca okre\u015blonego ustawienia, czy te\u017c zestaw wymagaj\u0105cy przechowywania warstwowego, mo\u017cemy opracowa\u0107 z precyzj\u0105. Ten wysoce adaptowalny uk\u0142ad nie tylko pozwala na schludn\u0105 i doskona\u0142\u0105 ekspozycj\u0119 produkt\u00f3w, ale tak\u017ce znacznie zwi\u0119ksza praktyczno\u015b\u0107 opakowania i wykorzystanie przestrzeni dzi\u0119ki warstwowemu stylowi przechowywania, u\u0142atwiaj\u0105c klientom wygodne odkrywanie i dost\u0119p do rzeczy na pierwszy rzut oka.<\/p>\n<h2 id=\"3-eco-friendly-lamination-lightweight-and-sturdy-with-a-phenomenal-touch\">3. Ekologiczne laminowanie: Lekka i wytrzyma\u0142a, z fenomenalnym dotykiem<\/h2>\n<p>To pude\u0142ko do pakowania produkt\u00f3w osi\u0105ga najlepsz\u0105 r\u00f3wnowag\u0119 mi\u0119dzy przyjazno\u015bci\u0105 dla \u015brodowiska a wytrzyma\u0142o\u015bci\u0105 w wyborze produkt\u00f3w. Pude\u0142ko jest wykonane z wysokiej jako\u015bci papieru, zachowuj\u0105c swoj\u0105 naturaln\u0105 zwinno\u015b\u0107 dla \u0142atwego transportu. Co wi\u0119cej, jego powierzchnia jest poddawana innowacyjnej procedurze laminowania, kt\u00f3ra nadaje jej jedwabist\u0105 g\u0142adko\u015b\u0107, jednocze\u015bnie znacznie zwi\u0119kszaj\u0105c jej odporno\u015b\u0107 na uderzenia, zadrapania i wilgo\u0107. Oznacza to, \u017ce pude\u0142ko zachowuje stabilno\u015b\u0107 r\u00f3wnie\u017c w wilgotnych warunkach, odpowiednio chroni\u0105c znajduj\u0105ce si\u0119 w nim produkty. Jest to opcja przyjazna dla \u015brodowiska i produktu.<\/p>\n<p><img decoding=\"async\" class=\"alignnone wp-image-2275 size-full\" src=\"https:\/\/chinacustomboxes.com\/wp-content\/uploads\/2025\/08\/Eye-Cream-Carrier-Oil-Cosmetic-Magnetic-Lid-Boxes-Factory-2.jpg\" alt=\"Krem pod oczy Olej no\u015bny Kosmetyczne pude\u0142ka z pokrywk\u0105 magnetyczn\u0105 Fabryka\" width=\"1000\" height=\"1000\" title=\"\" srcset=\"https:\/\/chinacustomboxes.com\/wp-content\/uploads\/2025\/08\/Eye-Cream-Carrier-Oil-Cosmetic-Magnetic-Lid-Boxes-Factory-2.jpg 1000w, https:\/\/chinacustomboxes.com\/wp-content\/uploads\/2025\/08\/Eye-Cream-Carrier-Oil-Cosmetic-Magnetic-Lid-Boxes-Factory-2-300x300.jpg 300w, https:\/\/chinacustomboxes.com\/wp-content\/uploads\/2025\/08\/Eye-Cream-Carrier-Oil-Cosmetic-Magnetic-Lid-Boxes-Factory-2-150x150.jpg 150w, https:\/\/chinacustomboxes.com\/wp-content\/uploads\/2025\/08\/Eye-Cream-Carrier-Oil-Cosmetic-Magnetic-Lid-Boxes-Factory-2-768x768.jpg 768w, https:\/\/chinacustomboxes.com\/wp-content\/uploads\/2025\/08\/Eye-Cream-Carrier-Oil-Cosmetic-Magnetic-Lid-Boxes-Factory-2-12x12.jpg 12w, https:\/\/chinacustomboxes.com\/wp-content\/uploads\/2025\/08\/Eye-Cream-Carrier-Oil-Cosmetic-Magnetic-Lid-Boxes-Factory-2-600x600.jpg 600w, https:\/\/chinacustomboxes.com\/wp-content\/uploads\/2025\/08\/Eye-Cream-Carrier-Oil-Cosmetic-Magnetic-Lid-Boxes-Factory-2-100x100.jpg 100w\" sizes=\"(max-width: 1000px) 100vw, 1000px\" \/><\/p>\n<h2 id=\"4-eva-cellular-lining-security-thorough-interest-to-shielding\">4. Bezpiecze\u0144stwo podszewki kom\u00f3rkowej EVA: Dok\u0142adne zainteresowanie ekranowaniem<\/h2>\n<p>Bezpiecze\u0144stwo produktu jest dla nas najwa\u017cniejsze. W przypadku podszewki kom\u00f3rkowej u\u017cywamy pianki EVA o wysokiej g\u0119sto\u015bci, stworzonej w stanie nienaruszonym przy u\u017cyciu precyzyjnej procedury sztancowania. Gotowa wy\u015bci\u00f3\u0142ka kom\u00f3rkowa ma g\u0142adk\u0105, pozbawion\u0105 zadzior\u00f3w powierzchni\u0119, dzi\u0119ki czemu nie powoduje zadrapa\u0144 ani uszkodze\u0144 pojemnika lub etykiety podczas pozycjonowania lub wyjmowania produkt\u00f3w. Doskona\u0142a trwa\u0142o\u015b\u0107 materia\u0142u EVA i amortyzacja budynk\u00f3w skutecznie przyjmuj\u0105 zewn\u0119trzne wstrz\u0105sy i rezonans, oferuj\u0105c trwa\u0142e i dok\u0142adne zabezpieczenie produkt\u00f3w podczas z\u0142o\u017conego transportu i przechowywania, zapewniaj\u0105c, \u017ce dotr\u0105 one do klient\u00f3w w nieskazitelnym stanie.<\/p>\n<h2 id=\"5-modern-aesthetic-style-technological-structure-basic-beauty\">5. Nowoczesny styl estetyczny: Struktura technologiczna, podstawowe pi\u0119kno<\/h2>\n<p>Na potrzeby projektu zewn\u0119trznego wybrali\u015bmy srebrn\u0105 kolorystyk\u0119, kt\u00f3ra emanuje technicznym i zaawansowanym charakterem, bezb\u0142\u0119dnie akceptuj\u0105c idee \"klinicznej piel\u0119gnacji sk\u00f3ry\" oraz \"precyzji i wydajno\u015bci\" podkre\u015blane we wsp\u00f3\u0142czesnej piel\u0119gnacji sk\u00f3ry. Powierzchnia opakowania jest ozdobiona tonalnymi liniami, kt\u00f3re niszcz\u0105 jednolito\u015b\u0107 nudnego projektu kolorystycznego i dodaj\u0105 wra\u017cenie warstwowo\u015bci i dynamiki. Ca\u0142y projekt jest minimalistyczny i stylowy, a jednocze\u015bnie zachowuje wyrafinowane detale. Ten j\u0119zyk layoutu szybko przyci\u0105ga uwag\u0119 docelowych konsument\u00f3w i przekazuje unikalne poczucie profesjonalizmu i wydajno\u015bci marki.<\/p>\n<p><img decoding=\"async\" class=\"alignnone wp-image-2274 size-full\" src=\"https:\/\/chinacustomboxes.com\/wp-content\/uploads\/2025\/08\/Eye-Cream-Carrier-Oil-Cosmetic-Magnetic-Lid-Boxes-Factory-1.jpg\" alt=\"Krem pod oczy Olej no\u015bny Kosmetyczne pude\u0142ka z pokrywk\u0105 magnetyczn\u0105 Fabryka\" width=\"1000\" height=\"1000\" title=\"\" srcset=\"https:\/\/chinacustomboxes.com\/wp-content\/uploads\/2025\/08\/Eye-Cream-Carrier-Oil-Cosmetic-Magnetic-Lid-Boxes-Factory-1.jpg 1000w, https:\/\/chinacustomboxes.com\/wp-content\/uploads\/2025\/08\/Eye-Cream-Carrier-Oil-Cosmetic-Magnetic-Lid-Boxes-Factory-1-300x300.jpg 300w, https:\/\/chinacustomboxes.com\/wp-content\/uploads\/2025\/08\/Eye-Cream-Carrier-Oil-Cosmetic-Magnetic-Lid-Boxes-Factory-1-150x150.jpg 150w, https:\/\/chinacustomboxes.com\/wp-content\/uploads\/2025\/08\/Eye-Cream-Carrier-Oil-Cosmetic-Magnetic-Lid-Boxes-Factory-1-768x768.jpg 768w, https:\/\/chinacustomboxes.com\/wp-content\/uploads\/2025\/08\/Eye-Cream-Carrier-Oil-Cosmetic-Magnetic-Lid-Boxes-Factory-1-12x12.jpg 12w, https:\/\/chinacustomboxes.com\/wp-content\/uploads\/2025\/08\/Eye-Cream-Carrier-Oil-Cosmetic-Magnetic-Lid-Boxes-Factory-1-600x600.jpg 600w, https:\/\/chinacustomboxes.com\/wp-content\/uploads\/2025\/08\/Eye-Cream-Carrier-Oil-Cosmetic-Magnetic-Lid-Boxes-Factory-1-100x100.jpg 100w\" sizes=\"(max-width: 1000px) 100vw, 1000px\" \/><\/p>\n<h2 id=\"6-high-definition-printing-innovation-accurate-interaction-showing-professionalism-and-reliability\">6. Innowacyjne drukowanie w wysokiej rozdzielczo\u015bci: Dok\u0142adna interakcja, profesjonalizm i niezawodno\u015b\u0107<\/h2>\n<p>Korzystamy z wiod\u0105cych w bran\u017cy narz\u0119dzi drukarskich i nowoczesnych technologii, aby zapewni\u0107, \u017ce ka\u017cde s\u0142owo i projekt logo s\u0105 dostarczane w doskona\u0142ej jako\u015bci, bez \u017cadnych zniekszta\u0142ce\u0144 lub rozmycia. Zachowujemy rygorystyczne wymagania dotycz\u0105ce zarz\u0105dzania odcieniami, zapewniaj\u0105c najwy\u017csz\u0105 mo\u017cliw\u0105 wierno\u015b\u0107 kolor\u00f3w w ko\u0144cowym produkcie drukowanym, idealnie dopasowanym do uk\u0142adu to\u017csamo\u015bci estetycznej (VI) Twojej marki. To dog\u0142\u0119bne zainteresowanie informacjami jest mocnym \u015bwiadectwem naszego profesjonalizmu i uroczystego oddania profesjonalnym standardom komunikacji estetycznej marki.<\/p>\n<h2 id=\"7-full-service-modification-flexible-and-versatile-for-a-tailored-experience\">7. Pe\u0142na modyfikacja us\u0142ug: Elastyczno\u015b\u0107 i wszechstronno\u015b\u0107 zapewniaj\u0105ca indywidualne wra\u017cenia<\/h2>\n<p>G\u0142\u0119boko wierzymy, \u017ce ka\u017cda skuteczna marka zas\u0142uguje na w\u0142asn\u0105, jedyn\u0105 w swoim rodzaju sygnatur\u0119. W tym celu oferujemy pe\u0142n\u0105 personalizacj\u0119 us\u0142ug, od koncepcji po kompletny produkt. Mo\u017cesz z \u0142atwo\u015bci\u0105 wybra\u0107 ram\u0119 pude\u0142ka, g\u0142\u00f3wny materia\u0142 korpusu (taki jak papier specjalistyczny, papier artystyczny, papier o fakturze sk\u00f3ry), terapi\u0119 powierzchni (tak\u0105 jak z\u0142ote \/ srebrne t\u0142oczenie na gor\u0105co, wyt\u0142aczanie UV, wyt\u0142aczanie, wyt\u0142aczanie) i opcje drukowania. Nasz oddany zesp\u00f3\u0142 b\u0119dzie starannie wsp\u00f3\u0142pracowa\u0107 z Tob\u0105, aby zmieni\u0107 koncepcj\u0119 nazwy Twojej marki i innowacyjne pomys\u0142y w specjalne opakowania, elastycznie spe\u0142niaj\u0105c wyr\u00f3\u017cniaj\u0105ce si\u0119 wymagania rynkowe Twojej marki.<\/p>\n<p><img loading=\"lazy\" decoding=\"async\" class=\"alignnone wp-image-2277 size-full\" src=\"https:\/\/chinacustomboxes.com\/wp-content\/uploads\/2025\/08\/Eye-Cream-Carrier-Oil-Cosmetic-Magnetic-Lid-Boxes-Factory-4.jpg\" alt=\"Krem pod oczy Olej no\u015bny Kosmetyczne pude\u0142ka z pokrywk\u0105 magnetyczn\u0105 Fabryka\" width=\"1000\" height=\"1000\" title=\"\" srcset=\"https:\/\/chinacustomboxes.com\/wp-content\/uploads\/2025\/08\/Eye-Cream-Carrier-Oil-Cosmetic-Magnetic-Lid-Boxes-Factory-4.jpg 1000w, https:\/\/chinacustomboxes.com\/wp-content\/uploads\/2025\/08\/Eye-Cream-Carrier-Oil-Cosmetic-Magnetic-Lid-Boxes-Factory-4-300x300.jpg 300w, https:\/\/chinacustomboxes.com\/wp-content\/uploads\/2025\/08\/Eye-Cream-Carrier-Oil-Cosmetic-Magnetic-Lid-Boxes-Factory-4-150x150.jpg 150w, https:\/\/chinacustomboxes.com\/wp-content\/uploads\/2025\/08\/Eye-Cream-Carrier-Oil-Cosmetic-Magnetic-Lid-Boxes-Factory-4-768x768.jpg 768w, https:\/\/chinacustomboxes.com\/wp-content\/uploads\/2025\/08\/Eye-Cream-Carrier-Oil-Cosmetic-Magnetic-Lid-Boxes-Factory-4-12x12.jpg 12w, https:\/\/chinacustomboxes.com\/wp-content\/uploads\/2025\/08\/Eye-Cream-Carrier-Oil-Cosmetic-Magnetic-Lid-Boxes-Factory-4-600x600.jpg 600w, https:\/\/chinacustomboxes.com\/wp-content\/uploads\/2025\/08\/Eye-Cream-Carrier-Oil-Cosmetic-Magnetic-Lid-Boxes-Factory-4-100x100.jpg 100w\" sizes=\"(max-width: 1000px) 100vw, 1000px\" \/><\/p>\n<h2 id=\"8-1-hour-express-prototyping-seize-the-opportunity-and-win-the-marketplace\">8. 1-godzinne ekspresowe prototypowanie: Wykorzystaj szans\u0119 i wygraj na rynku<\/h2>\n<p>Na szybko zmieniaj\u0105cym si\u0119 rynku szybko\u015b\u0107 jest zalet\u0105. Nasze 1-godzinne rozwi\u0105zanie do ekspresowego prototypowania zosta\u0142o stworzone w celu znacznego skr\u00f3cenia cyklu rozwoju i testowania nowych produkt\u00f3w. Po uko\u0144czeniu projektu, dostarczymy Ci fizyczne pr\u00f3bki o wysokiej wierno\u015bci w czasie dokumentowania w celu sprawdzenia struktury, produktu i druku. Ta niezawodna us\u0142uga pomaga wybra\u0107 i dostosowa\u0107 strategie znacznie szybciej, ostatecznie pomagaj\u0105c marce wykorzysta\u0107 mo\u017cliwo\u015bci rynkowe i pozosta\u0107 o krok do przodu.<\/p>","protected":false},"excerpt":{"rendered":"<p>Pude\u0142ka z magnetycznym zamkni\u0119ciem to rodzaj opakowa\u0144 przeznaczonych do produkt\u00f3w kosmetycznych, z magnetycznym zamkni\u0119ciem zapewniaj\u0105cym bezpieczne i wygodne otwieranie i zamykanie. S\u0105 one zwykle wykonane z wytrzyma\u0142ych materia\u0142\u00f3w, takich jak sztywna tektura i mog\u0105 by\u0107 dostosowane do r\u00f3\u017cnych wyko\u0144cze\u0144 i opcji drukowania, aby poprawi\u0107 prezentacj\u0119 produktu.<\/p>","protected":false},"featured_media":2277,"template":"","meta":{"_kad_post_transparent":"default","_kad_post_title":"","_kad_post_layout":"default","_kad_post_sidebar_id":"","_kad_post_content_style":"default","_kad_post_vertical_padding":"default","_kad_post_feature":"","_kad_post_feature_position":"","_kad_post_header":false,"_kad_post_footer":false,"_kad_post_classname":""},"product_brand":[],"product_cat":[15,17,28,18],"product_tag":[559,558,458],"class_list":{"0":"post-2273","1":"product","2":"type-product","3":"status-publish","4":"has-post-thumbnail","6":"product_cat-boxes-by-shapes","7":"product_cat-boxes-by-industries","8":"product_cat-cosmetic-packaging-boxes","9":"product_cat-magnetic-closure-boxes","10":"product_tag-carrier-oil-cosmetic-boxes","11":"product_tag-eye-cream-boxes","12":"product_tag-magnetic-lid-boxes","14":"first","15":"instock","16":"shipping-taxable","17":"product-type-simple","18":"entry","19":"content-bg","20":"loop-entry"},"_links":{"self":[{"href":"https:\/\/chinacustomboxes.com\/pl\/wp-json\/wp\/v2\/product\/2273","targetHints":{"allow":["GET"]}}],"collection":[{"href":"https:\/\/chinacustomboxes.com\/pl\/wp-json\/wp\/v2\/product"}],"about":[{"href":"https:\/\/chinacustomboxes.com\/pl\/wp-json\/wp\/v2\/types\/product"}],"wp:featuredmedia":[{"embeddable":true,"href":"https:\/\/chinacustomboxes.com\/pl\/wp-json\/wp\/v2\/media\/2277"}],"wp:attachment":[{"href":"https:\/\/chinacustomboxes.com\/pl\/wp-json\/wp\/v2\/media?parent=2273"}],"wp:term":[{"taxonomy":"product_brand","embeddable":true,"href":"https:\/\/chinacustomboxes.com\/pl\/wp-json\/wp\/v2\/product_brand?post=2273"},{"taxonomy":"product_cat","embeddable":true,"href":"https:\/\/chinacustomboxes.com\/pl\/wp-json\/wp\/v2\/product_cat?post=2273"},{"taxonomy":"product_tag","embeddable":true,"href":"https:\/\/chinacustomboxes.com\/pl\/wp-json\/wp\/v2\/product_tag?post=2273"}],"curies":[{"name":"wp","href":"https:\/\/api.w.org\/{rel}","templated":true}]}}