{"id":2291,"date":"2025-08-21T03:44:11","date_gmt":"2025-08-21T03:44:11","guid":{"rendered":"https:\/\/chinacustomboxes.com\/?post_type=product&#038;p=2291"},"modified":"2025-08-21T05:56:24","modified_gmt":"2025-08-21T05:56:24","slug":"face-mask-cream-lotion-eye-mask-top-and-bottom-boxes-oem","status":"publish","type":"product","link":"https:\/\/chinacustomboxes.com\/pl\/face-mask-cream-lotion-eye-mask-top-and-bottom-boxes-oem\/","title":{"rendered":"Maska do twarzy Krem Balsam Maska pod oczy G\u00f3rne i dolne pude\u0142ka OEM"},"content":{"rendered":"<h2 id=\"face-mask-lotion-lotion-eye-mask-series-high-end-customized-skin-care-top-and-bottom-boxes-oem\">Balsam do twarzy Balsam do oczu Seria Wysokiej klasy niestandardowe pude\u0142ka do piel\u0119gnacji sk\u00f3ry OEM<\/h2>\n<h2 id=\"item-overview\">Przegl\u0105d pozycji<\/h2>\n<p>Ta kolekcja opakowa\u0144 pude\u0142kowych, zawieraj\u0105ca <a href=\"https:\/\/chinacustomboxes.com\/pl\/lid-and-base-boxes\/\">G\u00f3rne i dolne pude\u0142ka<\/a>zosta\u0142 opracowany specjalnie z my\u015bl\u0105 o najwy\u017cszej jako\u015bci maseczkach do twarzy, lotionach, balsamach, maseczkach pod oczy i innych eleganckich produktach do piel\u0119gnacji sk\u00f3ry. Bez wysi\u0142ku \u0142\u0105czy minimalistyczn\u0105 estetyk\u0119 z doskona\u0142ym rzemios\u0142em. To co\u015b wi\u0119cej ni\u017c tylko zewn\u0119trzna os\u0142ona bezpiecze\u0144stwa, dzia\u0142a ona jako rozszerzenie wysokiej jako\u015bci marki i do\u015bwiadczenia klienta.<\/p>\n<h2 id=\"1-integrated-precision-opening-and-closing-structure\">1. Zintegrowana struktura precyzyjnego otwierania i zamykania<\/h2>\n<p>Klasyczna konstrukcja \"g\u00f3ra i d\u00f3\u0142\" zapewnia niezr\u00f3wnane, zintegrowane wra\u017cenia podczas otwierania i zamykania. Precyzyjnie wyci\u0119te i uformowane elementy sprawiaj\u0105, \u017ce pokrywa i obudowa idealnie do siebie przylegaj\u0105, tworz\u0105c g\u0142adkie dopasowanie po zamkni\u0119ciu, tworz\u0105c g\u0142adki, zintegrowany wygl\u0105d. Procedura otwierania i zamykania jest niezwykle p\u0142ynna, z odpowiedni\u0105 ilo\u015bci\u0105 t\u0142umienia, zapewniaj\u0105c bezproblemowy dost\u0119p, zapewniaj\u0105c jednocze\u015bnie bezpiecze\u0144stwo po zamkni\u0119ciu, stymuluj\u0105c poczucie najwy\u017cszej jako\u015bci i zaufania.<\/p>\n<p><img fetchpriority=\"high\" decoding=\"async\" class=\"alignnone wp-image-2292 size-full\" src=\"https:\/\/chinacustomboxes.com\/wp-content\/uploads\/2025\/08\/Face-Mask-Cream-Lotion-Eye-Mask-Top-and-Bottom-Boxes-OEM-1.jpg\" alt=\"Maska do twarzy Krem Balsam Maska pod oczy G\u00f3rne i dolne pude\u0142ka OEM\" width=\"1000\" height=\"1000\" title=\"\" srcset=\"https:\/\/chinacustomboxes.com\/wp-content\/uploads\/2025\/08\/Face-Mask-Cream-Lotion-Eye-Mask-Top-and-Bottom-Boxes-OEM-1.jpg 1000w, https:\/\/chinacustomboxes.com\/wp-content\/uploads\/2025\/08\/Face-Mask-Cream-Lotion-Eye-Mask-Top-and-Bottom-Boxes-OEM-1-300x300.jpg 300w, https:\/\/chinacustomboxes.com\/wp-content\/uploads\/2025\/08\/Face-Mask-Cream-Lotion-Eye-Mask-Top-and-Bottom-Boxes-OEM-1-150x150.jpg 150w, https:\/\/chinacustomboxes.com\/wp-content\/uploads\/2025\/08\/Face-Mask-Cream-Lotion-Eye-Mask-Top-and-Bottom-Boxes-OEM-1-768x768.jpg 768w, https:\/\/chinacustomboxes.com\/wp-content\/uploads\/2025\/08\/Face-Mask-Cream-Lotion-Eye-Mask-Top-and-Bottom-Boxes-OEM-1-12x12.jpg 12w, https:\/\/chinacustomboxes.com\/wp-content\/uploads\/2025\/08\/Face-Mask-Cream-Lotion-Eye-Mask-Top-and-Bottom-Boxes-OEM-1-600x600.jpg 600w, https:\/\/chinacustomboxes.com\/wp-content\/uploads\/2025\/08\/Face-Mask-Cream-Lotion-Eye-Mask-Top-and-Bottom-Boxes-OEM-1-100x100.jpg 100w\" sizes=\"(max-width: 1000px) 100vw, 1000px\" \/><\/p>\n<h2 id=\"2-straightforward-smooth-modern-aesthetic-layout\">2. Prosty, p\u0142ynny i nowoczesny uk\u0142ad estetyczny<\/h2>\n<p>Schludne, uporz\u0105dkowane linie opakowania unikaj\u0105 wszelkich niepotrzebnych ozd\u00f3b, symbolizuj\u0105c poczucie si\u0142y i wysokiej klasy w najczystszej postaci. Ten minimalistyczny styl sprawia, \u017ce jest on niezwykle wszechstronny i doskonale pasuje do potrzeb pakowania towar\u00f3w luksusowych, kosmetyk\u00f3w premium i prezent\u00f3w premium, wymagaj\u0105cych wysokiego poziomu jako\u015bci, skutecznie poprawiaj\u0105c zdj\u0119cie marki.<\/p>\n<h2 id=\"3-excellent-load-bearing-capacity-and-storage-stability\">3. Doskona\u0142a no\u015bno\u015b\u0107 i stabilno\u015b\u0107 przechowywania<\/h2>\n<p>Styl architektoniczny uwzgl\u0119dnia praktyczno\u015b\u0107. Wzmocnione dno zapewnia doskona\u0142\u0105 no\u015bno\u015b\u0107, skutecznie zabezpieczaj\u0105c wn\u0119trze produktu przed zgnieceniem. Nawet w przypadku u\u0142o\u017cenia w wielu warstwach podczas przechowywania lub transportu <a href=\"https:\/\/chinacustomboxes.com\/pl\/\">pude\u0142ko<\/a> pozostaje wytrzyma\u0142y i odporny na odkszta\u0142cenia, ca\u0142kowicie spe\u0142niaj\u0105c wysokie kryteria stabilno\u015bci opakowania wymagane przez wsp\u00f3\u0142czesn\u0105 logistyk\u0119.<\/p>\n<p><img decoding=\"async\" class=\"alignnone wp-image-2294 size-full\" src=\"https:\/\/chinacustomboxes.com\/wp-content\/uploads\/2025\/08\/Face-Mask-Cream-Lotion-Eye-Mask-Top-and-Bottom-Boxes-OEM-3.jpg\" alt=\"Maska do twarzy Krem Balsam Maska pod oczy G\u00f3rne i dolne pude\u0142ka OEM\" width=\"1000\" height=\"1000\" title=\"\" srcset=\"https:\/\/chinacustomboxes.com\/wp-content\/uploads\/2025\/08\/Face-Mask-Cream-Lotion-Eye-Mask-Top-and-Bottom-Boxes-OEM-3.jpg 1000w, https:\/\/chinacustomboxes.com\/wp-content\/uploads\/2025\/08\/Face-Mask-Cream-Lotion-Eye-Mask-Top-and-Bottom-Boxes-OEM-3-300x300.jpg 300w, https:\/\/chinacustomboxes.com\/wp-content\/uploads\/2025\/08\/Face-Mask-Cream-Lotion-Eye-Mask-Top-and-Bottom-Boxes-OEM-3-150x150.jpg 150w, https:\/\/chinacustomboxes.com\/wp-content\/uploads\/2025\/08\/Face-Mask-Cream-Lotion-Eye-Mask-Top-and-Bottom-Boxes-OEM-3-768x768.jpg 768w, https:\/\/chinacustomboxes.com\/wp-content\/uploads\/2025\/08\/Face-Mask-Cream-Lotion-Eye-Mask-Top-and-Bottom-Boxes-OEM-3-12x12.jpg 12w, https:\/\/chinacustomboxes.com\/wp-content\/uploads\/2025\/08\/Face-Mask-Cream-Lotion-Eye-Mask-Top-and-Bottom-Boxes-OEM-3-600x600.jpg 600w, https:\/\/chinacustomboxes.com\/wp-content\/uploads\/2025\/08\/Face-Mask-Cream-Lotion-Eye-Mask-Top-and-Bottom-Boxes-OEM-3-100x100.jpg 100w\" sizes=\"(max-width: 1000px) 100vw, 1000px\" \/><\/p>\n<h2 id=\"4-picked-composite-products-for-resilience\">4. Wybrane produkty kompozytowe zapewniaj\u0105ce odporno\u015b\u0107<\/h2>\n<p>Jako papier wierzchni wykorzystujemy dwustronnie powlekany papier C2S o gramaturze 157 g, kt\u00f3ry charakteryzuje si\u0119 g\u0142adk\u0105, du\u017c\u0105 powierzchni\u0105 i wysok\u0105 powtarzalno\u015bci\u0105 kolor\u00f3w. Wewn\u0119trzna wy\u015bci\u00f3\u0142ka jest wykonana z tektury o wysokiej g\u0119sto\u015bci 1200g. Najlepsze po\u0142\u0105czenie tych dw\u00f3ch materia\u0142\u00f3w zapewnia produktowi <a href=\"https:\/\/chinacustomboxes.com\/pl\/brand-double-door-box-for-skincare-bottle-fragrance-perfume\/\">opakowanie<\/a> Wyj\u0105tkowa wytrzyma\u0142o\u015b\u0107 i trwa\u0142o\u015b\u0107, zapewniaj\u0105ca najwy\u017csz\u0105 ochron\u0119 Twojego przedmiotu.<\/p>\n<h2 id=\"5-warm-stamping-in-red-gold-for-an-extravagant-and-celebratory-sense\">5. Ciep\u0142e t\u0142oczenie w kolorze czerwonego z\u0142ota dla ekstrawaganckiego i uroczystego charakteru<\/h2>\n<p>Napis \"Logo\" i s\u0142ynny zwi\u0119kszony wz\u00f3r na obudowie s\u0105 wyj\u0105tkowo t\u0142oczone na gor\u0105co w kolorze czerwonego z\u0142ota. Technika ta nie tylko tworzy solidny efekt wizualny i ekstrawaganckie, wysokiej klasy wra\u017cenie, ale tak\u017ce jedyny w swoim rodzaju blask metalu zachowuje niezwyk\u0142\u0105 jako\u015b\u0107 i pi\u0119kno nawet w silnym \u015bwietle. Ka\u017cde otwarcie opakowania jest uroczystym do\u015bwiadczeniem marki.<\/p>\n<p><img decoding=\"async\" class=\"alignnone wp-image-2295 size-full\" src=\"https:\/\/chinacustomboxes.com\/wp-content\/uploads\/2025\/08\/Face-Mask-Cream-Lotion-Eye-Mask-Top-and-Bottom-Boxes-OEM-4.jpg\" alt=\"Maska do twarzy Krem Balsam Maska pod oczy G\u00f3rne i dolne pude\u0142ka OEM\" width=\"800\" height=\"800\" title=\"\" srcset=\"https:\/\/chinacustomboxes.com\/wp-content\/uploads\/2025\/08\/Face-Mask-Cream-Lotion-Eye-Mask-Top-and-Bottom-Boxes-OEM-4.jpg 800w, https:\/\/chinacustomboxes.com\/wp-content\/uploads\/2025\/08\/Face-Mask-Cream-Lotion-Eye-Mask-Top-and-Bottom-Boxes-OEM-4-300x300.jpg 300w, https:\/\/chinacustomboxes.com\/wp-content\/uploads\/2025\/08\/Face-Mask-Cream-Lotion-Eye-Mask-Top-and-Bottom-Boxes-OEM-4-150x150.jpg 150w, https:\/\/chinacustomboxes.com\/wp-content\/uploads\/2025\/08\/Face-Mask-Cream-Lotion-Eye-Mask-Top-and-Bottom-Boxes-OEM-4-768x768.jpg 768w, https:\/\/chinacustomboxes.com\/wp-content\/uploads\/2025\/08\/Face-Mask-Cream-Lotion-Eye-Mask-Top-and-Bottom-Boxes-OEM-4-12x12.jpg 12w, https:\/\/chinacustomboxes.com\/wp-content\/uploads\/2025\/08\/Face-Mask-Cream-Lotion-Eye-Mask-Top-and-Bottom-Boxes-OEM-4-600x600.jpg 600w, https:\/\/chinacustomboxes.com\/wp-content\/uploads\/2025\/08\/Face-Mask-Cream-Lotion-Eye-Mask-Top-and-Bottom-Boxes-OEM-4-100x100.jpg 100w\" sizes=\"(max-width: 800px) 100vw, 800px\" \/><\/p>\n<h2 id=\"6-ultra-fast-oem-modification-solution\">6. Ultraszybkie rozwi\u0105zanie do modyfikacji OEM<\/h2>\n<p>Rozumiemy znaczenie czasu dla marek. W tym celu obiecujemy zapewni\u0107 wiod\u0105ce w bran\u017cy rozwi\u0105zania szybkiego reagowania:.<\/p>\n<p>1-godzinna produkcja przyk\u0142ad\u00f3w: Po autoryzacji uk\u0142adu mo\u017cemy stworzy\u0107 pierwszy przyk\u0142ad w ci\u0105gu zaledwie 1 godziny.<\/p>\n<p>3-godzinna pomoc w weryfikacji: Wybrana kombinacja materia\u0142\u00f3w i proces\u00f3w mo\u017ce zosta\u0107 zweryfikowana w ci\u0105gu 3 godzin, aby zapewni\u0107 wysok\u0105 jako\u015b\u0107 i efektywno\u015b\u0107 ostatniej produkcji.<\/p>","protected":false},"excerpt":{"rendered":"<p>To wysokiej jako\u015bci, wykonane na zam\u00f3wienie pude\u0142ko do pakowania produkt\u00f3w ma ponadczasow\u0105 konstrukcj\u0119 g\u00f3rnej i dolnej pokrywy pude\u0142ka, wykonan\u0105 z tektury o wysokiej g\u0119sto\u015bci 1200 g i papieru artystycznego 157 g. Pude\u0142ko jest wytrzyma\u0142e i odporne na obci\u0105\u017cenia, dzi\u0119ki czemu najlepiej nadaje si\u0119 do pakowania i wysy\u0142ki. Eleganckie linie pude\u0142ka i minimalistyczny, wysokiej klasy uk\u0142ad sprawiaj\u0105, \u017ce doskonale nadaje si\u0119 do pakowania kosmetyk\u00f3w i towar\u00f3w z najwy\u017cszej p\u00f3\u0142ki. Jedyny w swoim rodzaju z\u0142oty, t\u0142oczony na gor\u0105co wz\u00f3r na wieczku zawiera odrobin\u0119 high-endu, zwi\u0119kszaj\u0105c poczucie imprezy podczas otwierania opakowania. Zapewniamy skuteczne us\u0142ugi OEM, obejmuj\u0105ce jednogodzinn\u0105 produkcj\u0119 pr\u00f3bek i trzygodzinn\u0105 weryfikacj\u0119 procedury, dzi\u0119ki czemu jest to idealna opcja do rozwijania marki premium.<\/p>","protected":false},"featured_media":2292,"template":"","meta":{"_kad_post_transparent":"default","_kad_post_title":"","_kad_post_layout":"default","_kad_post_sidebar_id":"","_kad_post_content_style":"default","_kad_post_vertical_padding":"default","_kad_post_feature":"","_kad_post_feature_position":"","_kad_post_header":false,"_kad_post_footer":false,"_kad_post_classname":""},"product_brand":[],"product_cat":[15,17,28,20],"product_tag":[567,566,565],"class_list":{"0":"post-2291","1":"product","2":"type-product","3":"status-publish","4":"has-post-thumbnail","6":"product_cat-boxes-by-shapes","7":"product_cat-boxes-by-industries","8":"product_cat-cosmetic-packaging-boxes","9":"product_cat-drawer-style-boxes","10":"product_tag-eye-mask-top-and-bottom-boxes","11":"product_tag-face-cream-lotion-boxes","12":"product_tag-face-mask-boxes","14":"first","15":"instock","16":"shipping-taxable","17":"product-type-simple","18":"entry","19":"content-bg","20":"loop-entry"},"_links":{"self":[{"href":"https:\/\/chinacustomboxes.com\/pl\/wp-json\/wp\/v2\/product\/2291","targetHints":{"allow":["GET"]}}],"collection":[{"href":"https:\/\/chinacustomboxes.com\/pl\/wp-json\/wp\/v2\/product"}],"about":[{"href":"https:\/\/chinacustomboxes.com\/pl\/wp-json\/wp\/v2\/types\/product"}],"wp:featuredmedia":[{"embeddable":true,"href":"https:\/\/chinacustomboxes.com\/pl\/wp-json\/wp\/v2\/media\/2292"}],"wp:attachment":[{"href":"https:\/\/chinacustomboxes.com\/pl\/wp-json\/wp\/v2\/media?parent=2291"}],"wp:term":[{"taxonomy":"product_brand","embeddable":true,"href":"https:\/\/chinacustomboxes.com\/pl\/wp-json\/wp\/v2\/product_brand?post=2291"},{"taxonomy":"product_cat","embeddable":true,"href":"https:\/\/chinacustomboxes.com\/pl\/wp-json\/wp\/v2\/product_cat?post=2291"},{"taxonomy":"product_tag","embeddable":true,"href":"https:\/\/chinacustomboxes.com\/pl\/wp-json\/wp\/v2\/product_tag?post=2291"}],"curies":[{"name":"wp","href":"https:\/\/api.w.org\/{rel}","templated":true}]}}