{"id":2297,"date":"2025-08-21T05:57:01","date_gmt":"2025-08-21T05:57:01","guid":{"rendered":"https:\/\/chinacustomboxes.com\/?post_type=product&#038;p=2297"},"modified":"2025-08-21T06:22:12","modified_gmt":"2025-08-21T06:22:12","slug":"hydrosol-derma-rolling-system-magnetic-closure-boxes-factory","status":"publish","type":"product","link":"https:\/\/chinacustomboxes.com\/pl\/hydrosol-derma-rolling-system-magnetic-closure-boxes-factory\/","title":{"rendered":"Hydrosol Derma Rolling System Fabryka pude\u0142ek z zamkni\u0119ciem magnetycznym"},"content":{"rendered":"<h2 id=\"hydrosol-derma-rolling-system-magnetic-closure-box\">Pude\u0142ka z magnetycznym zamkni\u0119ciem Hydrosol Derma Rolling System<\/h2>\n<p>Przedstawiamy unikalny Hydrosol Derma Rolling System <a href=\"https:\/\/chinacustomboxes.com\/pl\/magnetic-closure-boxes\/\">pude\u0142ka z zamkni\u0119ciem magnetycznym<\/a>Pude\u0142ka te \u0142\u0105cz\u0105 w sobie stylowy styl, doskona\u0142e mo\u017cliwo\u015bci i wspania\u0142e wykonanie, aby poprawi\u0107 wizerunek marki i wra\u017cenia klient\u00f3w. Jego niezwyk\u0142a wysoka jako\u015b\u0107 jest widoczna od momentu otwarcia.<\/p>\n<h2 id=\"1-easy-opening-and-closing-smooth-experience-\">1.\u00a0<strong>\u0141atwe otwieranie i zamykanie, p\u0142ynne dzia\u0142anie<\/strong><\/h2>\n<p>Unikalny magnetyczny system zamykania sprawia, \u017ce otwieranie i zamykanie to czysta przyjemno\u015b\u0107. \u0141atwa obs\u0142uga jedn\u0105 r\u0119k\u0105 sprawia, \u017ce pokrywa z precyzj\u0105 trafia na miejsce i szybko si\u0119 zatrzaskuje. Zapewnia to nie tylko p\u0142ynn\u0105 i bezproblemow\u0105 obs\u0142ug\u0119, ale tak\u017ce gwarantuje bezpiecze\u0144stwo i wygod\u0119 narz\u0119dzi znajduj\u0105cych si\u0119 w \u015brodku podczas transportu i przechowywania.<\/p>\n<p><img fetchpriority=\"high\" decoding=\"async\" class=\"alignnone wp-image-2299 size-full\" src=\"https:\/\/chinacustomboxes.com\/wp-content\/uploads\/2025\/08\/Hydrosol-Derma-Rolling-System-Magnetic-Closure-Boxes-Factory-2.jpg\" alt=\"Hydrosol Derma Rolling System Fabryka pude\u0142ek z zamkni\u0119ciem magnetycznym\" width=\"1000\" height=\"1000\" title=\"\" srcset=\"https:\/\/chinacustomboxes.com\/wp-content\/uploads\/2025\/08\/Hydrosol-Derma-Rolling-System-Magnetic-Closure-Boxes-Factory-2.jpg 1000w, https:\/\/chinacustomboxes.com\/wp-content\/uploads\/2025\/08\/Hydrosol-Derma-Rolling-System-Magnetic-Closure-Boxes-Factory-2-300x300.jpg 300w, https:\/\/chinacustomboxes.com\/wp-content\/uploads\/2025\/08\/Hydrosol-Derma-Rolling-System-Magnetic-Closure-Boxes-Factory-2-150x150.jpg 150w, https:\/\/chinacustomboxes.com\/wp-content\/uploads\/2025\/08\/Hydrosol-Derma-Rolling-System-Magnetic-Closure-Boxes-Factory-2-768x768.jpg 768w, https:\/\/chinacustomboxes.com\/wp-content\/uploads\/2025\/08\/Hydrosol-Derma-Rolling-System-Magnetic-Closure-Boxes-Factory-2-12x12.jpg 12w, https:\/\/chinacustomboxes.com\/wp-content\/uploads\/2025\/08\/Hydrosol-Derma-Rolling-System-Magnetic-Closure-Boxes-Factory-2-600x600.jpg 600w, https:\/\/chinacustomboxes.com\/wp-content\/uploads\/2025\/08\/Hydrosol-Derma-Rolling-System-Magnetic-Closure-Boxes-Factory-2-100x100.jpg 100w\" sizes=\"(max-width: 1000px) 100vw, 1000px\" \/><\/p>\n<h2 id=\"2-multifunctional-storage-space-neat-and-organized-\">2.\u00a0<strong>Wielofunkcyjna przestrze\u0144 do przechowywania, schludna i zorganizowana<\/strong><\/h2>\n<p>To <a href=\"https:\/\/chinacustomboxes.com\/pl\/\">pude\u0142ka<\/a> zawiera solidn\u0105, ale niewielk\u0105 ram\u0119, kt\u00f3ra maksymalnie wykorzystuje wewn\u0119trzn\u0105 przestrze\u0144. Zosta\u0142 stworzony, aby uporz\u0105dkowa\u0107 wa\u0142ek Derma, desk\u0119 gua sha, g\u0105bk\u0119 kosmetyczn\u0105 i inne eleganckie narz\u0119dzia. Niezale\u017cnie od tego, czy chodzi o codzienne przechowywanie, czy podr\u00f3\u017cowanie, wszystko jest uporz\u0105dkowane i pi\u0119kne.<\/p>\n<h2 id=\"3-eco-friendly-products-durable-and-strong-\">3.\u00a0<strong>Produkty przyjazne dla \u015brodowiska, trwa\u0142e i mocne<\/strong><\/h2>\n<p>Pude\u0142ka s\u0105 wykonane z wytrzyma\u0142ego, powlekanego papieru i ulepszone, aby osi\u0105gn\u0105\u0107 idealn\u0105 r\u00f3wnowag\u0119 mi\u0119dzy lekko\u015bci\u0105 a wyj\u0105tkow\u0105 no\u015bno\u015bci\u0105. Jego doskona\u0142a odporno\u015b\u0107 na nacisk i odkszta\u0142cenia skutecznie zabezpiecza komponenty przed si\u0142ami zewn\u0119trznymi. Co wi\u0119cej, wybieramy materia\u0142y, kt\u00f3re s\u0105 zgodne z trwa\u0142ymi metodami, demonstruj\u0105c nasze oddanie obowi\u0105zkom ekologicznym.<\/p>\n<p><img decoding=\"async\" class=\"alignnone wp-image-2301 size-full\" src=\"https:\/\/chinacustomboxes.com\/wp-content\/uploads\/2025\/08\/Hydrosol-Derma-Rolling-System-Magnetic-Closure-Boxes-Factory-4.jpg\" alt=\"Hydrosol Derma Rolling System Fabryka pude\u0142ek z zamkni\u0119ciem magnetycznym\" width=\"1000\" height=\"1000\" title=\"\" srcset=\"https:\/\/chinacustomboxes.com\/wp-content\/uploads\/2025\/08\/Hydrosol-Derma-Rolling-System-Magnetic-Closure-Boxes-Factory-4.jpg 1000w, https:\/\/chinacustomboxes.com\/wp-content\/uploads\/2025\/08\/Hydrosol-Derma-Rolling-System-Magnetic-Closure-Boxes-Factory-4-300x300.jpg 300w, https:\/\/chinacustomboxes.com\/wp-content\/uploads\/2025\/08\/Hydrosol-Derma-Rolling-System-Magnetic-Closure-Boxes-Factory-4-150x150.jpg 150w, https:\/\/chinacustomboxes.com\/wp-content\/uploads\/2025\/08\/Hydrosol-Derma-Rolling-System-Magnetic-Closure-Boxes-Factory-4-768x768.jpg 768w, https:\/\/chinacustomboxes.com\/wp-content\/uploads\/2025\/08\/Hydrosol-Derma-Rolling-System-Magnetic-Closure-Boxes-Factory-4-12x12.jpg 12w, https:\/\/chinacustomboxes.com\/wp-content\/uploads\/2025\/08\/Hydrosol-Derma-Rolling-System-Magnetic-Closure-Boxes-Factory-4-600x600.jpg 600w, https:\/\/chinacustomboxes.com\/wp-content\/uploads\/2025\/08\/Hydrosol-Derma-Rolling-System-Magnetic-Closure-Boxes-Factory-4-100x100.jpg 100w\" sizes=\"(max-width: 1000px) 100vw, 1000px\" \/><\/p>\n<h2 id=\"4-accuracy-molding-charming-craftsmanship-\">4.\u00a0<strong>Precyzyjne formowanie, urocze rzemios\u0142o<\/strong><\/h2>\n<p>Korzystaj\u0105c z zaawansowanego ci\u0119cia laserowego i precyzyjnych procedur formowania, zapewniamy, \u017ce ka\u017cdy centymetr kwadratowy opakowania jest g\u0142adki i doskonale skonstruowany. Zapewnia to nie tylko p\u0142ynne otwieranie i zamykanie pokrywy, ale tak\u017ce pozwala wewn\u0119trznej ramie bezb\u0142\u0119dnie dostosowa\u0107 si\u0119 do specjalnych kszta\u0142t\u00f3w r\u00f3\u017cnych urz\u0105dze\u0144, zapewniaj\u0105c ochron\u0119.<\/p>\n<h2 id=\"5-soft-and-luxurious-a-visual-feast-\">5.\u00a0<strong>Mi\u0119kkie i luksusowe, wizualna uczta<\/strong><\/h2>\n<p>Styl jest sercem i dusz\u0105 tego <a href=\"https:\/\/chinacustomboxes.com\/pl\/luxury-paper-gift-bags-for-cosmetics-perfume-distributors\/\">opakowanie<\/a>. Ca\u0142e pude\u0142ko ma delikatny, r\u00f3\u017cowo-fioletowy wz\u00f3r marmuru. Jego naturalny obieg i klasyczny kolor doskonale podkre\u015blaj\u0105 estetyczne wybory konsumentek. Z\u0142ote geometryczne akcenty dodaj\u0105 odrobin\u0119 wsp\u00f3\u0142czesnego high-endu do mi\u0119kkiej podstawy, tworz\u0105c prosty, ale wyrafinowany wygl\u0105d.<\/p>\n<p><img decoding=\"async\" class=\"alignnone wp-image-2300 size-full\" src=\"https:\/\/chinacustomboxes.com\/wp-content\/uploads\/2025\/08\/Hydrosol-Derma-Rolling-System-Magnetic-Closure-Boxes-Factory-3.jpg\" alt=\"Hydrosol Derma Rolling System Fabryka pude\u0142ek z zamkni\u0119ciem magnetycznym\" width=\"1000\" height=\"1000\" title=\"\" srcset=\"https:\/\/chinacustomboxes.com\/wp-content\/uploads\/2025\/08\/Hydrosol-Derma-Rolling-System-Magnetic-Closure-Boxes-Factory-3.jpg 1000w, https:\/\/chinacustomboxes.com\/wp-content\/uploads\/2025\/08\/Hydrosol-Derma-Rolling-System-Magnetic-Closure-Boxes-Factory-3-300x300.jpg 300w, https:\/\/chinacustomboxes.com\/wp-content\/uploads\/2025\/08\/Hydrosol-Derma-Rolling-System-Magnetic-Closure-Boxes-Factory-3-150x150.jpg 150w, https:\/\/chinacustomboxes.com\/wp-content\/uploads\/2025\/08\/Hydrosol-Derma-Rolling-System-Magnetic-Closure-Boxes-Factory-3-768x768.jpg 768w, https:\/\/chinacustomboxes.com\/wp-content\/uploads\/2025\/08\/Hydrosol-Derma-Rolling-System-Magnetic-Closure-Boxes-Factory-3-12x12.jpg 12w, https:\/\/chinacustomboxes.com\/wp-content\/uploads\/2025\/08\/Hydrosol-Derma-Rolling-System-Magnetic-Closure-Boxes-Factory-3-600x600.jpg 600w, https:\/\/chinacustomboxes.com\/wp-content\/uploads\/2025\/08\/Hydrosol-Derma-Rolling-System-Magnetic-Closure-Boxes-Factory-3-100x100.jpg 100w\" sizes=\"(max-width: 1000px) 100vw, 1000px\" \/><\/p>\n<h2 id=\"6-hot-stamping-highlights-superior-top-quality-\">6.\u00a0<strong>T\u0142oczenie na gor\u0105co podkre\u015bla najwy\u017csz\u0105 jako\u015b\u0107<\/strong><\/h2>\n<p>Aby dodatkowo wzmocni\u0107 efekt wizualny i warto\u015b\u0107 marki, wykorzystujemy technologi\u0119 dok\u0142adnego znakowania na gor\u0105co na istotnych logotypach marki i liniach stylistycznych. Metaliczny po\u0142ysk i tr\u00f3jwymiarowy relief opracowany przez t\u0142oczenie na gor\u0105co nie tylko podnosz\u0105 ca\u0142kowit\u0105 wysok\u0105 jako\u015b\u0107 opakowania produktu, ale tak\u017ce odr\u00f3\u017cniaj\u0105 go od r\u00f3\u017cnych innych produkt\u00f3w, co czyni go optymalnym wyborem do eksponowania kosmetyk\u00f3w premium.<\/p>\n<h2 id=\"7-flexible-modification-to-fulfill-your-demands-\">7.\u00a0<strong>Elastyczna modyfikacja, aby spe\u0142ni\u0107 Twoje wymagania<\/strong><\/h2>\n<p>Rozumiemy zr\u00f3\u017cnicowane potrzeby r\u00f3\u017cnych marek i produkt\u00f3w. W rezultacie, szkielet opakowania mo\u017ce by\u0107 ca\u0142kowicie dostosowany do okre\u015blonych wymaga\u0144. Niezale\u017cnie od tego, czy chodzi o rolki o r\u00f3\u017cnych rozmiarach, niestandardowe ostrza gua sha, czy inne kosmetyki lub urz\u0105dzenia, zapewniamy niestandardowe us\u0142ugi, aby zapewni\u0107 idealn\u0105 kompatybilno\u015b\u0107.<\/p>","protected":false},"excerpt":{"rendered":"<p>Pude\u0142ka z magnetycznym zamkni\u0119ciem Hydrosol Derma Rolling System to rozwi\u0105zanie do przechowywania stworzone specjalnie dla wysokiej klasy eleganckich urz\u0105dze\u0144. Jego bezproblemowe zamkni\u0119cie magnetyczne umo\u017cliwia bardzo \u0142atwe otwieranie i zamykanie jedn\u0105 r\u0119k\u0105, zapewniaj\u0105c bezpiecze\u0144stwo i korzy\u015bci. Trwa\u0142e, przeno\u015bne pude\u0142ko jest wykonane z warstwowego papieru o wysokiej wytrzyma\u0142o\u015bci, dzi\u0119ki czemu jest lekkie i odporne na nacisk, w pe\u0142ni mieszcz\u0105c r\u00f3\u017cne urz\u0105dzenia, w tym rolki do masa\u017cu i deski do guasha. Jego delikatny r\u00f3\u017cowo-fioletowy marmurowy wz\u00f3r uzupe\u0142niony z\u0142oconymi geometrycznymi liniami tworzy luksusowe wra\u017cenie, kt\u00f3re bezb\u0142\u0119dnie podkre\u015bla kobiecy wygl\u0105d. Laserowa redukcja i dok\u0142adne formowanie zapewniaj\u0105 p\u0142ynne wra\u017cenia u\u017cytkownika i precyzyjne dopasowanie do opakowania. Podszewk\u0119 mo\u017cna r\u00f3wnie\u017c dostosowa\u0107 do w\u0142asnych potrzeb, co czyni j\u0105 doskona\u0142ym wyborem do wzmocnienia wizerunku marki.<\/p>","protected":false},"featured_media":2299,"template":"","meta":{"_kad_post_transparent":"default","_kad_post_title":"","_kad_post_layout":"default","_kad_post_sidebar_id":"","_kad_post_content_style":"default","_kad_post_vertical_padding":"default","_kad_post_feature":"","_kad_post_feature_position":"","_kad_post_header":false,"_kad_post_footer":false,"_kad_post_classname":""},"product_brand":[],"product_cat":[15,17,28,18],"product_tag":[569,568,570],"class_list":{"0":"post-2297","1":"product","2":"type-product","3":"status-publish","4":"has-post-thumbnail","6":"product_cat-boxes-by-shapes","7":"product_cat-boxes-by-industries","8":"product_cat-cosmetic-packaging-boxes","9":"product_cat-magnetic-closure-boxes","10":"product_tag-derma-rolling-system-boxes","11":"product_tag-hydrosol-magnetic-closure-boxes","12":"product_tag-magnetic-closure-boxes-factory","14":"first","15":"instock","16":"shipping-taxable","17":"product-type-simple","18":"entry","19":"content-bg","20":"loop-entry"},"_links":{"self":[{"href":"https:\/\/chinacustomboxes.com\/pl\/wp-json\/wp\/v2\/product\/2297","targetHints":{"allow":["GET"]}}],"collection":[{"href":"https:\/\/chinacustomboxes.com\/pl\/wp-json\/wp\/v2\/product"}],"about":[{"href":"https:\/\/chinacustomboxes.com\/pl\/wp-json\/wp\/v2\/types\/product"}],"wp:featuredmedia":[{"embeddable":true,"href":"https:\/\/chinacustomboxes.com\/pl\/wp-json\/wp\/v2\/media\/2299"}],"wp:attachment":[{"href":"https:\/\/chinacustomboxes.com\/pl\/wp-json\/wp\/v2\/media?parent=2297"}],"wp:term":[{"taxonomy":"product_brand","embeddable":true,"href":"https:\/\/chinacustomboxes.com\/pl\/wp-json\/wp\/v2\/product_brand?post=2297"},{"taxonomy":"product_cat","embeddable":true,"href":"https:\/\/chinacustomboxes.com\/pl\/wp-json\/wp\/v2\/product_cat?post=2297"},{"taxonomy":"product_tag","embeddable":true,"href":"https:\/\/chinacustomboxes.com\/pl\/wp-json\/wp\/v2\/product_tag?post=2297"}],"curies":[{"name":"wp","href":"https:\/\/api.w.org\/{rel}","templated":true}]}}