{"id":2312,"date":"2025-08-22T02:37:25","date_gmt":"2025-08-22T02:37:25","guid":{"rendered":"https:\/\/chinacustomboxes.com\/?post_type=product&#038;p=2312"},"modified":"2025-08-22T02:37:26","modified_gmt":"2025-08-22T02:37:26","slug":"louis-vuitton-luxury-bags-lid-and-base-set-rigid-boxes-oem","status":"publish","type":"product","link":"https:\/\/chinacustomboxes.com\/pl\/louis-vuitton-luxury-bags-lid-and-base-set-rigid-boxes-oem\/","title":{"rendered":"Louis Vuitton Luksusowe torby Zestaw pokryw i podstaw Sztywne pude\u0142ka OEM"},"content":{"rendered":"<h2 id=\"louis-vuitton-luxury-bags-lid-and-base-set-rigid-boxes-oem\">Louis Vuitton Luksusowe torby Zestaw pokryw i podstaw Sztywne pude\u0142ka OEM<\/h2>\n<h2 id=\"1-item-positioning-and-structure\">1 Pozycjonowanie i struktura pozycji<\/h2>\n<ul>\n<li><strong>Ponadczasowe po\u0142\u0105czenie pude\u0142ka z pokrywk\u0105 i torby na prezenty\u00a0<\/strong>: Wykonane ze sztywnej szarej tektury i pokryte specjalnym papierem, pude\u0142ko na prezenty s\u0142u\u017cy zar\u00f3wno jako pojemnik, jak i do dyskusji, podczas gdy torba na prezenty jest u\u017cywana do przenoszenia i dodatkowego ekranu wy\u015bwietlacza, r\u00f3wnowa\u017c\u0105c u\u017cyteczno\u015b\u0107 z poczuciem ceremonii.<\/li>\n<li><strong>Bezpieczne dopasowanie pokrywy i podstawy\u00a0<\/strong>: The <a href=\"https:\/\/chinacustomboxes.com\/pl\/lid-and-base-boxes\/\">pude\u0142ka z pokryw\u0105 i podstaw\u0105<\/a> s\u0105 precyzyjnie wyci\u0119te, z kwadratowymi naro\u017cnikami zapewniaj\u0105cymi p\u0142ynne otwieranie i zamykanie oraz <strong>napi\u0119ty kszta\u0142t\u00a0<\/strong>, zwi\u0119kszaj\u0105c odporno\u015b\u0107 na napr\u0119\u017cenia i wstrz\u0105sy w celu zapewnienia niezawodnego transportu i wy\u015bwietlania.<\/li>\n<li><strong>Torba prezentowa z wieloma scenami\u00a0<\/strong>: Tr\u00f3jwymiarowy, wytrzyma\u0142y i stabilny, wygodny do przenoszenia, idealny do odbioru w sklepie, wr\u0119czania prezent\u00f3w, wydarze\u0144 offline i zestaw\u00f3w prezent\u00f3w \u015bwi\u0105tecznych. P\u0142ynne otwieranie i zamykanie sprzyja wielokrotnemu u\u017cyciu i ponownemu wy\u015bwietlaniu.<\/li>\n<\/ul>\n<p><img fetchpriority=\"high\" decoding=\"async\" class=\"alignnone wp-image-2313 size-full\" src=\"https:\/\/chinacustomboxes.com\/wp-content\/uploads\/2025\/08\/Louis-Vuitton-Luxury-Bags-Lid-and-Base-Set-Rigid-Boxes-OEM-1.jpg\" alt=\"Louis Vuitton Luksusowe torby Zestaw pokryw i podstaw Sztywne pude\u0142ka OEM\" width=\"1000\" height=\"1000\" title=\"\" srcset=\"https:\/\/chinacustomboxes.com\/wp-content\/uploads\/2025\/08\/Louis-Vuitton-Luxury-Bags-Lid-and-Base-Set-Rigid-Boxes-OEM-1.jpg 1000w, https:\/\/chinacustomboxes.com\/wp-content\/uploads\/2025\/08\/Louis-Vuitton-Luxury-Bags-Lid-and-Base-Set-Rigid-Boxes-OEM-1-300x300.jpg 300w, https:\/\/chinacustomboxes.com\/wp-content\/uploads\/2025\/08\/Louis-Vuitton-Luxury-Bags-Lid-and-Base-Set-Rigid-Boxes-OEM-1-150x150.jpg 150w, https:\/\/chinacustomboxes.com\/wp-content\/uploads\/2025\/08\/Louis-Vuitton-Luxury-Bags-Lid-and-Base-Set-Rigid-Boxes-OEM-1-768x768.jpg 768w, https:\/\/chinacustomboxes.com\/wp-content\/uploads\/2025\/08\/Louis-Vuitton-Luxury-Bags-Lid-and-Base-Set-Rigid-Boxes-OEM-1-12x12.jpg 12w, https:\/\/chinacustomboxes.com\/wp-content\/uploads\/2025\/08\/Louis-Vuitton-Luxury-Bags-Lid-and-Base-Set-Rigid-Boxes-OEM-1-600x600.jpg 600w, https:\/\/chinacustomboxes.com\/wp-content\/uploads\/2025\/08\/Louis-Vuitton-Luxury-Bags-Lid-and-Base-Set-Rigid-Boxes-OEM-1-100x100.jpg 100w\" sizes=\"(max-width: 1000px) 100vw, 1000px\" \/><\/p>\n<h2 id=\"2-look-and-brand-name-sophistication\">2 Wyrafinowany wygl\u0105d i marka<\/h2>\n<ul>\n<li><strong>G\u0142\u00f3wny odcie\u0144: Niezwykle nasycony pomara\u0144czowy\u00a0<\/strong>: Wysoce estetyczny i rozpoznawalny na p\u00f3\u0142ce, szybko przyci\u0105ga uwag\u0119 na portalach spo\u0142eczno\u015bciowych i w sklepach offline.<\/li>\n<li><strong>Pomys\u0142y na kolor\u00a0<\/strong>: Odnosi si\u0119 do pomara\u0144czowego odcienia \"Safran Imp\u00e9rial\" u\u017cywanego przez Louis Vuitton od 2016 roku, cz\u0119sto w po\u0142\u0105czeniu z\u00a0<strong>niebieska wst\u0105\u017cka\/uchwyt\u00a0<\/strong>tworz\u0105c wsp\u00f3\u0142czesn\u0105, a jednocze\u015bnie klasyczn\u0105 sygnatur\u0119 marki.<\/li>\n<\/ul>\n<h2 id=\"3-products-and-environmental-protection\">3 Produkty i ochrona \u015brodowiska<\/h2>\n<ul>\n<li><strong>Zr\u00f3wnowa\u017cony rozw\u00f3j i d\u0142ugowieczno\u015b\u0107\u00a0<\/strong>: Zar\u00f3wno <a href=\"https:\/\/chinacustomboxes.com\/pl\/\">pude\u0142ko upominkowe<\/a> i obecna torba s\u0105 wykonane z trwa\u0142ych surowc\u00f3w i zawieraj\u0105 materia\u0142y pochodz\u0105ce z recyklingu. Mocna struktura i nadaj\u0105ce si\u0119 do recyklingu otwieranie i zamykanie zmniejszaj\u0105 ryzyko strat logistycznych i zwrotnych, spe\u0142niaj\u0105c wymagania dotycz\u0105ce wytrzyma\u0142o\u015bci i zgodno\u015bci opakowa\u0144 produkt\u00f3w luksusowych.<\/li>\n<li>Odniesienie do publicznych informacji bran\u017cowych i dotycz\u0105cych marki: LV formalnie okre\u015bla, \u017ce jego papier do pude\u0142ek prezentowych \"pochodzi z trwa\u0142ych las\u00f3w, sk\u0142ada si\u0119 z oko\u0142o 40% w\u0142\u00f3kien pochodz\u0105cych z recyklingu i jest sk\u0142adany, aby zmniejszy\u0107 wp\u0142yw na dostaw\u0119\" (jako odniesienie do kierunku \u015brodowiskowego i cel\u00f3w w zakresie wydajno\u015bci).<\/li>\n<\/ul>\n<p><img decoding=\"async\" class=\"alignnone wp-image-2315 size-full\" src=\"https:\/\/chinacustomboxes.com\/wp-content\/uploads\/2025\/08\/Louis-Vuitton-Luxury-Bags-Lid-and-Base-Set-Rigid-Boxes-OEM-3.jpg\" alt=\"Louis Vuitton Luksusowe torby Zestaw pokryw i podstaw Sztywne pude\u0142ka OEM\" width=\"1000\" height=\"1000\" title=\"\" srcset=\"https:\/\/chinacustomboxes.com\/wp-content\/uploads\/2025\/08\/Louis-Vuitton-Luxury-Bags-Lid-and-Base-Set-Rigid-Boxes-OEM-3.jpg 1000w, https:\/\/chinacustomboxes.com\/wp-content\/uploads\/2025\/08\/Louis-Vuitton-Luxury-Bags-Lid-and-Base-Set-Rigid-Boxes-OEM-3-300x300.jpg 300w, https:\/\/chinacustomboxes.com\/wp-content\/uploads\/2025\/08\/Louis-Vuitton-Luxury-Bags-Lid-and-Base-Set-Rigid-Boxes-OEM-3-150x150.jpg 150w, https:\/\/chinacustomboxes.com\/wp-content\/uploads\/2025\/08\/Louis-Vuitton-Luxury-Bags-Lid-and-Base-Set-Rigid-Boxes-OEM-3-768x768.jpg 768w, https:\/\/chinacustomboxes.com\/wp-content\/uploads\/2025\/08\/Louis-Vuitton-Luxury-Bags-Lid-and-Base-Set-Rigid-Boxes-OEM-3-12x12.jpg 12w, https:\/\/chinacustomboxes.com\/wp-content\/uploads\/2025\/08\/Louis-Vuitton-Luxury-Bags-Lid-and-Base-Set-Rigid-Boxes-OEM-3-600x600.jpg 600w, https:\/\/chinacustomboxes.com\/wp-content\/uploads\/2025\/08\/Louis-Vuitton-Luxury-Bags-Lid-and-Base-Set-Rigid-Boxes-OEM-3-100x100.jpg 100w\" sizes=\"(max-width: 1000px) 100vw, 1000px\" \/><\/p>\n<h2 id=\"4-structure-and-workmanship-details\">4 Struktura i szczeg\u00f3\u0142y wykonania<\/h2>\n<ul>\n<li><strong>Sztywna struktura\u00a0<\/strong>: Zwykle sugerujemy 1200-1800 g szarej tektury (lub czarnej tektury rdzeniowej) + 120-180 g specjalnego papieru do monta\u017cu; g\u0142\u0119boko\u015b\u0107 pokrywy czo\u0142owej i dolnej jest dostosowana do specyfikacji przedmiotu, z\u00a0<strong>kontrola tolerancji dopasowania\u00a0<\/strong>, zapewniaj\u0105c \"ograniczone, ale wygodne\" uczucie otwarcia.<\/li>\n<li><strong>Precyzyjne drukowanie\u00a0<\/strong>: Zapewnia precyzyjne dopasowanie kolor\u00f3w obszaru\/PANTONE, kontrol\u0119 sitodruku punktowego i drukowanie z du\u017c\u0105 liczb\u0105 linii, gwarantuj\u0105c, \u017ce\u00a0<strong>wyra\u017ane i ostre wzory logo, boki bez zadzior\u00f3w i regularne zr\u00f3\u017cnicowanie kolor\u00f3w\u00a0<\/strong>.\u00a0<strong>Opcjonalne procesy premium obejmuj\u0105\u00a0<\/strong>znakowanie na gor\u0105co, wyt\u0142aczanie i lakierowanie UV **.<\/li>\n<li><strong>Podszewka i ochrona\u00a0<\/strong>: Dost\u0119pne w wersji EVA, welurowej, z flokowanego papieru lub kszta\u0142towanej masy celulozowej, aby dopasowa\u0107 si\u0119 do r\u00f3\u017cnych wymiar\u00f3w, obejmuj\u0105cych torebki, bud\u017cety i akcesoria. ** Dost\u0119pne s\u0105 opcje odporne na zarysowania, kurz i poch\u0142aniaj\u0105ce wilgo\u0107.<\/li>\n<li><strong>Present Bag Building And Construction\u00a0<\/strong>: Oferowane z wyko\u0144czeniem laminowanym lub z papieru bazowego, wzmocnionymi klapkami i papierem podk\u0142adowym.\u00a0<strong>Ta\u015bma, \u017cebrowana lub niebieska linka\u00a0<\/strong>s\u0105 dost\u0119pne, wzmocnione perforacjami i nitami, aby zapewni\u0107 zr\u00f3wnowa\u017cone wyczucie i wytrzyma\u0142o\u015b\u0107.<\/li>\n<\/ul>\n<p><img decoding=\"async\" class=\"alignnone wp-image-2316 size-full\" src=\"https:\/\/chinacustomboxes.com\/wp-content\/uploads\/2025\/08\/Louis-Vuitton-Luxury-Bags-Lid-and-Base-Set-Rigid-Boxes-OEM-4.jpg\" alt=\"Louis Vuitton Luksusowe torby Zestaw pokryw i podstaw Sztywne pude\u0142ka OEM\" width=\"1000\" height=\"1000\" title=\"\" srcset=\"https:\/\/chinacustomboxes.com\/wp-content\/uploads\/2025\/08\/Louis-Vuitton-Luxury-Bags-Lid-and-Base-Set-Rigid-Boxes-OEM-4.jpg 1000w, https:\/\/chinacustomboxes.com\/wp-content\/uploads\/2025\/08\/Louis-Vuitton-Luxury-Bags-Lid-and-Base-Set-Rigid-Boxes-OEM-4-300x300.jpg 300w, https:\/\/chinacustomboxes.com\/wp-content\/uploads\/2025\/08\/Louis-Vuitton-Luxury-Bags-Lid-and-Base-Set-Rigid-Boxes-OEM-4-150x150.jpg 150w, https:\/\/chinacustomboxes.com\/wp-content\/uploads\/2025\/08\/Louis-Vuitton-Luxury-Bags-Lid-and-Base-Set-Rigid-Boxes-OEM-4-768x768.jpg 768w, https:\/\/chinacustomboxes.com\/wp-content\/uploads\/2025\/08\/Louis-Vuitton-Luxury-Bags-Lid-and-Base-Set-Rigid-Boxes-OEM-4-12x12.jpg 12w, https:\/\/chinacustomboxes.com\/wp-content\/uploads\/2025\/08\/Louis-Vuitton-Luxury-Bags-Lid-and-Base-Set-Rigid-Boxes-OEM-4-600x600.jpg 600w, https:\/\/chinacustomboxes.com\/wp-content\/uploads\/2025\/08\/Louis-Vuitton-Luxury-Bags-Lid-and-Base-Set-Rigid-Boxes-OEM-4-100x100.jpg 100w\" sizes=\"(max-width: 1000px) 100vw, 1000px\" \/><\/p>\n<h2 id=\"5-application-situations\">5 Sytuacje zastosowania<\/h2>\n<ul>\n<li><strong>Wysokiej klasy prezenty \/ prezenty \u015bwi\u0105teczne \/ paczki\u00a0<\/strong>: Takie jak limitowane prezenty wakacyjne, prezenty VIP i pude\u0142ka upominkowe pod wsp\u00f3ln\u0105 mark\u0105; odpowiednie zar\u00f3wno do ekranu sklepu offline, jak i bezpo\u015bredniej poczty zakupowej lub opakowania produktu prezentowego.<\/li>\n<\/ul>\n<h2 id=\"6-quality-control-and-shipment\">6 Kontrola jako\u015bci i wysy\u0142ka<\/h2>\n<ul>\n<li><strong>Rozr\u00f3\u017cnianie odcieni i kontrola wymiar\u00f3w\u00a0<\/strong>: Tworzenie kontur\u00f3w ICC do proofingu i kontrastu w por\u00f3wnaniu z wykresami odcieni; punktowe sprawdzanie podstawowych wymiar\u00f3w i r\u00f3wnoleg\u0142o\u015bci przek\u0105tnych; przeprowadzanie test\u00f3w dostaw pod k\u0105tem odporno\u015bci na \u015bcieranie, odporno\u015bci na sk\u0142adanie, kompresji i odporno\u015bci na upadek.<\/li>\n<li><strong>Bezpiecze\u0144stwo i zgodno\u015b\u0107\u00a0<\/strong>: Papier i tusze mog\u0105 by\u0107 dostosowane do wyboru zgodno\u015bci z FSC\/REACH na \u017c\u0105danie (w zale\u017cno\u015bci od zam\u00f3wienia klienta i lokalnych wytycznych).<\/li>\n<li><strong>Mo\u017cliwo\u015bci szybkiego prototypowania\u00a0<\/strong>: Wykorzystanie naszych\u00a0<strong>inteligentna linia produkcyjna\u00a0<\/strong>oraz\u00a0<strong>modu\u0142owa kolekcja matryc\/wyk\u0142adzin\u00a0<\/strong>wspieramy proofing w ramach\u00a0<strong>1 godzina\u00a0<\/strong>(z lokaln\u0105\/online weryfikacj\u0105 ilustracji dowodowych i standardowych cz\u0119\u015bci), umo\u017cliwiaj\u0105c szybkie reagowanie na przyspieszone i ma\u0142e zam\u00f3wienia.<\/li>\n<\/ul>\n<p><img loading=\"lazy\" decoding=\"async\" class=\"alignnone wp-image-2318 size-full\" src=\"https:\/\/chinacustomboxes.com\/wp-content\/uploads\/2025\/08\/Louis-Vuitton-Luxury-Bags-Lid-and-Base-Set-Rigid-Boxes-OEM-6.jpg\" alt=\"Louis Vuitton Luksusowe torby Zestaw pokryw i podstaw Sztywne pude\u0142ka OEM\" width=\"1000\" height=\"1000\" title=\"\" srcset=\"https:\/\/chinacustomboxes.com\/wp-content\/uploads\/2025\/08\/Louis-Vuitton-Luxury-Bags-Lid-and-Base-Set-Rigid-Boxes-OEM-6.jpg 1000w, https:\/\/chinacustomboxes.com\/wp-content\/uploads\/2025\/08\/Louis-Vuitton-Luxury-Bags-Lid-and-Base-Set-Rigid-Boxes-OEM-6-300x300.jpg 300w, https:\/\/chinacustomboxes.com\/wp-content\/uploads\/2025\/08\/Louis-Vuitton-Luxury-Bags-Lid-and-Base-Set-Rigid-Boxes-OEM-6-150x150.jpg 150w, https:\/\/chinacustomboxes.com\/wp-content\/uploads\/2025\/08\/Louis-Vuitton-Luxury-Bags-Lid-and-Base-Set-Rigid-Boxes-OEM-6-768x768.jpg 768w, https:\/\/chinacustomboxes.com\/wp-content\/uploads\/2025\/08\/Louis-Vuitton-Luxury-Bags-Lid-and-Base-Set-Rigid-Boxes-OEM-6-12x12.jpg 12w, https:\/\/chinacustomboxes.com\/wp-content\/uploads\/2025\/08\/Louis-Vuitton-Luxury-Bags-Lid-and-Base-Set-Rigid-Boxes-OEM-6-600x600.jpg 600w, https:\/\/chinacustomboxes.com\/wp-content\/uploads\/2025\/08\/Louis-Vuitton-Luxury-Bags-Lid-and-Base-Set-Rigid-Boxes-OEM-6-100x100.jpg 100w\" sizes=\"(max-width: 1000px) 100vw, 1000px\" \/><\/p>\n<h2 id=\"7-customization\">7 Personalizacja<\/h2>\n<ul>\n<li><strong>Rozmiar\u00a0<\/strong>: Dostosuj wed\u0142ug wymiar\u00f3w dla torebek, ma\u0142ych przedmiot\u00f3w ze sk\u00f3ry naturalnej i akcesori\u00f3w (podtrzymuj\u0105c \u015brodki zaradcze dotycz\u0105ce opakowa\u0144 o wielu rozmiarach).<\/li>\n<li><strong>Jako\u015b\u0107 wykonania\u00a0<\/strong>: Odcie\u0144 powierzchni + ciep\u0142e oznaczenie (logo), welurowa podszewka kom\u00f3rkowa, ukryte uszczelnienie magnetyczne\/odrywane, \u0142atwa do oderwania zak\u0142adka itp.\u00a0<em>* Urz\u0105dzenia\u00a0<\/em>: Tonalna torba prezentowa, wst\u0105\u017cka, kartka okoliczno\u015bciowa, papier bezkwasowy, etykieta z naklejk\u0105, miejsce do przechowywania <a href=\"https:\/\/chinacustomboxes.com\/pl\/drawer-style-boxes\/\">szuflada<\/a>.<\/li>\n<\/ul>","protected":false},"excerpt":{"rendered":"<p>Ten produkt jest wyposa\u017cony w\u00a0<strong>tradycyjne pude\u0142ko na prezenty z doln\u0105 i g\u00f3rn\u0105 pokryw\u0105 oraz torb\u0105 na prezenty\u00a0<\/strong>mix. The\u00a0<strong>pokrywa i sp\u00f3d \u015bci\u015ble przylegaj\u0105 do siebie\u00a0<\/strong>oferuj\u0105c bezpieczn\u0105 ochron\u0119. Torba prezentowa jest\u00a0<strong>Przeno\u015bny i trwa\u0142y\u00a0<\/strong>P\u0142ynnie si\u0119 otwiera i zamyka, dzi\u0119ki czemu doskonale nadaje si\u0119 na wysokiej klasy prezenty i kolekcje wakacyjne. Ten produkt wykorzystuje\u00a0<strong>Przyjazny dla \u015brodowiska i d\u0142ugotrwa\u0142y\u00a0<\/strong>papieru, umo\u017cliwiaj\u0105c\u00a0<strong>Precyzyjne drukowanie\u00a0<\/strong>(przezroczysty, bez zadzior\u00f3w i zwyk\u0142y odcie\u0144). W tym\u00a0<strong>mocno nasycony pomara\u0144czowy\u00a0<\/strong>Kolorystyka tworzy solidn\u0105 identyfikacj\u0119 wizualn\u0105. Wykorzystanie\u00a0<strong>Inteligentne linie produkcyjne i styl modu\u0142owy\u00a0<\/strong>proofing mo\u017ce zosta\u0107 zako\u0144czony\u00a0<strong>w ci\u0105gu 1 godziny\u00a0<\/strong>umo\u017cliwiaj\u0105c szybk\u0105 reakcj\u0119 na natychmiastowe zapotrzebowanie na dystrybucj\u0119.<\/p>","protected":false},"featured_media":2313,"template":"","meta":{"_kad_post_transparent":"default","_kad_post_title":"","_kad_post_layout":"default","_kad_post_sidebar_id":"","_kad_post_content_style":"default","_kad_post_vertical_padding":"default","_kad_post_feature":"","_kad_post_feature_position":"","_kad_post_header":false,"_kad_post_footer":false,"_kad_post_classname":""},"product_brand":[],"product_cat":[19,15,17,30],"product_tag":[573,575,574],"class_list":{"0":"post-2312","1":"product","2":"type-product","3":"status-publish","4":"has-post-thumbnail","6":"product_cat-lid-and-base-boxes","7":"product_cat-boxes-by-shapes","8":"product_cat-boxes-by-industries","9":"product_cat-clothing-packaging-boxes","10":"product_tag-lid-and-base-boxes","11":"product_tag-louis-vuitton-packaging-boxes","12":"product_tag-rigid-boxes-oem","14":"first","15":"instock","16":"shipping-taxable","17":"product-type-simple","18":"entry","19":"content-bg","20":"loop-entry"},"_links":{"self":[{"href":"https:\/\/chinacustomboxes.com\/pl\/wp-json\/wp\/v2\/product\/2312","targetHints":{"allow":["GET"]}}],"collection":[{"href":"https:\/\/chinacustomboxes.com\/pl\/wp-json\/wp\/v2\/product"}],"about":[{"href":"https:\/\/chinacustomboxes.com\/pl\/wp-json\/wp\/v2\/types\/product"}],"wp:featuredmedia":[{"embeddable":true,"href":"https:\/\/chinacustomboxes.com\/pl\/wp-json\/wp\/v2\/media\/2313"}],"wp:attachment":[{"href":"https:\/\/chinacustomboxes.com\/pl\/wp-json\/wp\/v2\/media?parent=2312"}],"wp:term":[{"taxonomy":"product_brand","embeddable":true,"href":"https:\/\/chinacustomboxes.com\/pl\/wp-json\/wp\/v2\/product_brand?post=2312"},{"taxonomy":"product_cat","embeddable":true,"href":"https:\/\/chinacustomboxes.com\/pl\/wp-json\/wp\/v2\/product_cat?post=2312"},{"taxonomy":"product_tag","embeddable":true,"href":"https:\/\/chinacustomboxes.com\/pl\/wp-json\/wp\/v2\/product_tag?post=2312"}],"curies":[{"name":"wp","href":"https:\/\/api.w.org\/{rel}","templated":true}]}}