{"id":2319,"date":"2025-08-22T03:33:22","date_gmt":"2025-08-22T03:33:22","guid":{"rendered":"https:\/\/chinacustomboxes.com\/?post_type=product&#038;p=2319"},"modified":"2025-08-22T03:33:23","modified_gmt":"2025-08-22T03:33:23","slug":"candle-scent-aromatherapy-neck-lid-and-base-gift-boxes-odm","status":"publish","type":"product","link":"https:\/\/chinacustomboxes.com\/pl\/candle-scent-aromatherapy-neck-lid-and-base-gift-boxes-odm\/","title":{"rendered":"\u015awieca Zapach Aromaterapia Pokrywka na szyj\u0119 i podstawa Pude\u0142ka na prezenty ODM"},"content":{"rendered":"<h2 id=\"custom-made-odm-aromatherapy-scent-candle-lid-and-base-gift-box\">Wykonane na zam\u00f3wienie ODM \u015awieca zapachowa do aromaterapii Pokrywka i podstawa Pude\u0142ko upominkowe<\/h2>\n<h2 id=\"1-structural-design-a-combination-of-timeless-and-ingenious-with-phenomenal-details-\">1. Konstrukcja: Po\u0142\u0105czenie ponadczasowo\u015bci i pomys\u0142owo\u015bci z fenomenalnymi detalami.<\/h2>\n<p>To pude\u0142ko prezentowe na \u015bwiece aromatyczne ma tradycyjny kszta\u0142t \"wieczka i podstawy\", z g\u00f3rnym wieczkiem tworz\u0105cym \"g\u00f3r\u0119\" i dolnym wieczkiem tworz\u0105cym \"podstaw\u0119\". Otwiera si\u0119 i zamyka p\u0142ynnie i wygodnie, dzi\u0119ki czemu jest to preferowany standardowy kszta\u0142t pude\u0142ka do pakowania produkt\u00f3w upominkowych. Udoskonalili\u015bmy ten projekt, dodaj\u0105c \"szyjk\u0119\", kt\u00f3ra stanowi dodatkow\u0105 kraw\u0119d\u017a podstawy. Ten pomys\u0142owy styl gwarantuje p\u0142ynne dopasowanie pomi\u0119dzy <a href=\"https:\/\/chinacustomboxes.com\/pl\/lid-and-base-boxes\/\">pude\u0142ka z pokryw\u0105 i podstaw\u0105<\/a> po zamkni\u0119ciu, tworz\u0105c schludne, wyra\u017ane boki i prost\u0105, ale wyrafinowan\u0105 estetyk\u0119 wizualn\u0105. Ta rama na szyi i ramionach nie tylko znacznie zwi\u0119ksza szczelno\u015b\u0107 i bezpiecze\u0144stwo pude\u0142ka, oferuj\u0105c szerok\u0105 ochron\u0119 znajduj\u0105cego si\u0119 w nim przedmiotu, ale tak\u017ce starannie pokazuje wyrafinowany, spersonalizowany wygl\u0105d i najwy\u017csz\u0105 jako\u015b\u0107.<\/p>\n<p><img fetchpriority=\"high\" decoding=\"async\" class=\"alignnone wp-image-2320 size-full\" src=\"https:\/\/chinacustomboxes.com\/wp-content\/uploads\/2025\/08\/Candle-Scent-Aromatherapy-Neck-Lid-and-base-Gift-Boxes-ODM-1.jpg\" alt=\"\u015awieca Zapach Aromaterapia Pokrywka na szyj\u0119 i podstawa Pude\u0142ka na prezenty ODM\" width=\"750\" height=\"750\" title=\"\" srcset=\"https:\/\/chinacustomboxes.com\/wp-content\/uploads\/2025\/08\/Candle-Scent-Aromatherapy-Neck-Lid-and-base-Gift-Boxes-ODM-1.jpg 750w, https:\/\/chinacustomboxes.com\/wp-content\/uploads\/2025\/08\/Candle-Scent-Aromatherapy-Neck-Lid-and-base-Gift-Boxes-ODM-1-300x300.jpg 300w, https:\/\/chinacustomboxes.com\/wp-content\/uploads\/2025\/08\/Candle-Scent-Aromatherapy-Neck-Lid-and-base-Gift-Boxes-ODM-1-150x150.jpg 150w, https:\/\/chinacustomboxes.com\/wp-content\/uploads\/2025\/08\/Candle-Scent-Aromatherapy-Neck-Lid-and-base-Gift-Boxes-ODM-1-12x12.jpg 12w, https:\/\/chinacustomboxes.com\/wp-content\/uploads\/2025\/08\/Candle-Scent-Aromatherapy-Neck-Lid-and-base-Gift-Boxes-ODM-1-600x600.jpg 600w, https:\/\/chinacustomboxes.com\/wp-content\/uploads\/2025\/08\/Candle-Scent-Aromatherapy-Neck-Lid-and-base-Gift-Boxes-ODM-1-100x100.jpg 100w\" sizes=\"(max-width: 750px) 100vw, 750px\" \/><\/p>\n<h2 id=\"2-material-choice-similarly-stressing-quality-and-security-a-commitment-to-top-quality-both-throughout-\">2. Wyb\u00f3r materia\u0142\u00f3w: Podobnie jak w przypadku jako\u015bci i bezpiecze\u0144stwa, zobowi\u0105zanie do najwy\u017cszej jako\u015bci w obu przypadkach.<\/h2>\n<p>Rozumiemy, \u017ce produkty maj\u0105 kluczowe znaczenie dla jako\u015bci opakowa\u0144. Zewn\u0119trzna tkanka tego <a href=\"https:\/\/chinacustomboxes.com\/pl\/distribute-magnetic-lid-rigid-box-for-lipstick-mini-perfume\/\">pude\u0142ko upominkowe<\/a> jest zwykle wykonany z najwy\u017cszej jako\u015bci papieru artystycznego, kt\u00f3rego delikatna struktura i przytulny dotyk natychmiast zwi\u0119kszaj\u0105 og\u00f3lne opakowanie produktu. Wewn\u0119trzny rdze\u0144 zbudowany jest z wytrzyma\u0142ej, grubej szarej tektury, zapewniaj\u0105cej wyj\u0105tkow\u0105 sztywno\u015b\u0107 i no\u015bno\u015b\u0107. Skutecznie zabezpiecza to delikatne pojemniki na aromaterapi\u0119 i \u015bwiece, chroni\u0105c je przed wp\u0142ywem i zgnieceniem podczas transportu i ekspozycji. To po\u0142\u0105czenie papieru artystycznego i szarej tektury zapewnia najlepsz\u0105 r\u00f3wnowag\u0119 mi\u0119dzy estetyk\u0105 i funkcjonalno\u015bci\u0105, gwarantuj\u0105c, \u017ce ka\u017cdy prezent jest prezentowany konsumentom w nieskazitelnym stanie.<\/p>\n<h2 id=\"3-printing-and-craftsmanship-meticulous-workmanship-gives-the-packaging-a-distinct-visual-allure-\">3. Druk i rzemios\u0142o: Skrupulatne wykonanie nadaje opakowaniu wyra\u017any wizualny urok.<\/h2>\n<p>Aby stworzy\u0107 wyr\u00f3\u017cniaj\u0105cy si\u0119 efekt estetyczny, oferujemy szereg opcji drukowania i wyka\u0144czania. Kluczowym atrybutem tego uk\u0142adu jest <a href=\"https:\/\/chinacustomboxes.com\/pl\/\">pude\u0142ko<\/a> to urocze srebrne wyko\u0144czenie na wewn\u0119trznej kraw\u0119dzi wieczka. Ta informacja dodaje odrobin\u0119 cienia do ca\u0142o\u015bci mi\u0119kkiego projektu, dzia\u0142aj\u0105c jako ko\u0144cowy akcent i znacznie poprawiaj\u0105c wyrafinowane i ekstrawaganckie wra\u017cenie opakowania. Dodatkowo, konfigurowalne procedury, takie jak znakowanie na ciep\u0142o, wyt\u0142aczanie i punktowa terapia UV, mog\u0105 by\u0107 wykorzystane do zwi\u0119kszenia g\u0142\u0119bi i pieszczoty opakowania produktu, bardziej podkre\u015blaj\u0105c logo marki.<\/p>\n<p><img decoding=\"async\" class=\"alignnone wp-image-2321 size-full\" src=\"https:\/\/chinacustomboxes.com\/wp-content\/uploads\/2025\/08\/Candle-Scent-Aromatherapy-Neck-Lid-and-base-Gift-Boxes-ODM-2.jpg\" alt=\"\u015awieca Zapach Aromaterapia Pokrywka na szyj\u0119 i podstawa Pude\u0142ka na prezenty ODM\" width=\"750\" height=\"750\" title=\"\" srcset=\"https:\/\/chinacustomboxes.com\/wp-content\/uploads\/2025\/08\/Candle-Scent-Aromatherapy-Neck-Lid-and-base-Gift-Boxes-ODM-2.jpg 750w, https:\/\/chinacustomboxes.com\/wp-content\/uploads\/2025\/08\/Candle-Scent-Aromatherapy-Neck-Lid-and-base-Gift-Boxes-ODM-2-300x300.jpg 300w, https:\/\/chinacustomboxes.com\/wp-content\/uploads\/2025\/08\/Candle-Scent-Aromatherapy-Neck-Lid-and-base-Gift-Boxes-ODM-2-150x150.jpg 150w, https:\/\/chinacustomboxes.com\/wp-content\/uploads\/2025\/08\/Candle-Scent-Aromatherapy-Neck-Lid-and-base-Gift-Boxes-ODM-2-12x12.jpg 12w, https:\/\/chinacustomboxes.com\/wp-content\/uploads\/2025\/08\/Candle-Scent-Aromatherapy-Neck-Lid-and-base-Gift-Boxes-ODM-2-600x600.jpg 600w, https:\/\/chinacustomboxes.com\/wp-content\/uploads\/2025\/08\/Candle-Scent-Aromatherapy-Neck-Lid-and-base-Gift-Boxes-ODM-2-100x100.jpg 100w\" sizes=\"(max-width: 750px) 100vw, 750px\" \/><\/p>\n<h2 id=\"4-color-visual-appeals-tranquil-lavender-producing-an-immersive-sensory-experience-\">4. Color Visual Appeals: Tranquil Lavender, Tworzenie wci\u0105gaj\u0105cych wra\u017ce\u0144 sensorycznych.<\/h2>\n<p>G\u0142\u00f3wna cz\u0119\u015b\u0107 opakowania ma delikatny i stylowy lawendowy odcie\u0144. Ten kreatywny wyb\u00f3r kolor\u00f3w szybko stymuluje organizacje czaruj\u0105ce relaksuj\u0105cym, leczniczym zapachem produktu, skutecznie tworz\u0105c spokojn\u0105 i koj\u0105c\u0105 atmosfer\u0119, kt\u00f3ra jest ca\u0142kowicie zgodna z pozycjonowaniem produktu do aromaterapii. Ten ujednolicony i harmonijny kolor nie tylko wzmacnia produkt, ale tak\u017ce pomaga rozwin\u0105\u0107 solidn\u0105 i wyj\u0105tkow\u0105 identyfikacj\u0119 estetyczn\u0105 marki, natychmiast przyci\u0105gaj\u0105c i urzekaj\u0105c docelowych klient\u00f3w.<\/p>\n<h2 id=\"5-decorative-information-moderate-sophistication-revealed-in-the-details-\">5. Informacje dekoracyjne: Umiarkowane wyrafinowanie, ujawnione w szczeg\u00f3\u0142ach.<\/h2>\n<p>Istota wzornictwa cz\u0119sto opiera si\u0119 na szczeg\u00f3\u0142ach. Pozornie wyluzowana srebrna granica wok\u00f3\u0142 wewn\u0119trznej strony wiod\u0105cej pokrywy uosabia t\u0119 filozofi\u0119. Jako wyrafinowany i bagatelizowany atrakcyjny element, tworzy subtelne por\u00f3wnanie z podstawowym lawendowym odcieniem, niszcz\u0105c nud\u0119 monotonnej kolorystyki i poprawiaj\u0105c klas\u0119 i warto\u015b\u0107 ca\u0142ego uk\u0142adu, tworz\u0105c poczucie zaskoczenia po otwarciu opakowania.<\/p>\n<p><img decoding=\"async\" class=\"alignnone wp-image-2322 size-full\" src=\"https:\/\/chinacustomboxes.com\/wp-content\/uploads\/2025\/08\/Candle-Scent-Aromatherapy-Neck-Lid-and-base-Gift-Boxes-ODM-3.jpg\" alt=\"\u015awieca Zapach Aromaterapia Pokrywka na szyj\u0119 i podstawa Pude\u0142ka na prezenty ODM\" width=\"1919\" height=\"1919\" title=\"\" srcset=\"https:\/\/chinacustomboxes.com\/wp-content\/uploads\/2025\/08\/Candle-Scent-Aromatherapy-Neck-Lid-and-base-Gift-Boxes-ODM-3.jpg 1919w, https:\/\/chinacustomboxes.com\/wp-content\/uploads\/2025\/08\/Candle-Scent-Aromatherapy-Neck-Lid-and-base-Gift-Boxes-ODM-3-300x300.jpg 300w, https:\/\/chinacustomboxes.com\/wp-content\/uploads\/2025\/08\/Candle-Scent-Aromatherapy-Neck-Lid-and-base-Gift-Boxes-ODM-3-1024x1024.jpg 1024w, https:\/\/chinacustomboxes.com\/wp-content\/uploads\/2025\/08\/Candle-Scent-Aromatherapy-Neck-Lid-and-base-Gift-Boxes-ODM-3-150x150.jpg 150w, https:\/\/chinacustomboxes.com\/wp-content\/uploads\/2025\/08\/Candle-Scent-Aromatherapy-Neck-Lid-and-base-Gift-Boxes-ODM-3-768x768.jpg 768w, https:\/\/chinacustomboxes.com\/wp-content\/uploads\/2025\/08\/Candle-Scent-Aromatherapy-Neck-Lid-and-base-Gift-Boxes-ODM-3-1536x1536.jpg 1536w, https:\/\/chinacustomboxes.com\/wp-content\/uploads\/2025\/08\/Candle-Scent-Aromatherapy-Neck-Lid-and-base-Gift-Boxes-ODM-3-12x12.jpg 12w, https:\/\/chinacustomboxes.com\/wp-content\/uploads\/2025\/08\/Candle-Scent-Aromatherapy-Neck-Lid-and-base-Gift-Boxes-ODM-3-600x600.jpg 600w, https:\/\/chinacustomboxes.com\/wp-content\/uploads\/2025\/08\/Candle-Scent-Aromatherapy-Neck-Lid-and-base-Gift-Boxes-ODM-3-100x100.jpg 100w\" sizes=\"(max-width: 1919px) 100vw, 1919px\" \/><\/p>\n<h2 id=\"6-internal-security-precision-molded-lining-provides-the-ultimate-product-defense-\">6. Bezpiecze\u0144stwo wewn\u0119trzne: Precyzyjnie formowana wy\u015bci\u00f3\u0142ka zapewnia najwy\u017csz\u0105 ochron\u0119 produktu.<\/h2>\n<p>Aby upewni\u0107 si\u0119, \u017ce produkty do aromaterapii nadal b\u0119d\u0105 bezpiecznie znajdowa\u0107 si\u0119 w pude\u0142ku, formujemy podszewk\u0119 na zam\u00f3wienie specjalnie zgodnie z kszta\u0142tem produktu. Dost\u0119pnych jest wiele r\u00f3\u017cnych podszewek, w tym pianka EVA zapewniaj\u0105ca wyj\u0105tkow\u0105 wy\u015bci\u00f3\u0142k\u0119 i amortyzacj\u0119, lekka i przyjazna dla \u015brodowiska bawe\u0142na per\u0142owa EPE lub bardzo stonowane opakowanie na b\u00f3l. Materia\u0142y te bezpiecznie owijaj\u0105 i utrzymuj\u0105 produkty, takie jak butelki do aromaterapii i \u015bwiece, skutecznie zapobiegaj\u0105c ich wstrz\u0105som i wp\u0142ywom. Ta precyzyjnie dopasowana wy\u015bci\u00f3\u0142ka kom\u00f3rkowa nie tylko zapewnia bezpiecze\u0144stwo produktu, ale tak\u017ce \u015bwiadczy o naszym profesjonalizmie i niezawodno\u015bci oraz dok\u0142adnym skupieniu si\u0119 na szczeg\u00f3\u0142ach, tworz\u0105c fajne i dobrze zorganizowane opakowanie produktu.<\/p>\n<h2 id=\"7-odm-totally-custom-made-services-develop-your-own-brand-identity-\">7. Ca\u0142kowicie niestandardowe us\u0142ugi ODM: Rozwijaj w\u0142asn\u0105 to\u017csamo\u015b\u0107 marki.<\/h2>\n<p>Zapewniamy kompleksowe rozwi\u0105zania ODM (Initial Layout Manufacturer), umo\u017cliwiaj\u0105ce ca\u0142kowit\u0105 personalizacj\u0119 ka\u017cdego aspektu pude\u0142ka, w tym struktury pude\u0142ka, wymiar\u00f3w, materia\u0142\u00f3w zewn\u0119trznych i wewn\u0119trznych, drukowania, dopasowywania odcieni i obs\u0142ugi, w oparciu o pozycjonowanie marki i wymagania dotycz\u0105ce produktu. Niezale\u017cnie od tego, czy chcesz zmieni\u0107 kolory motywu swojej marki, wyra\u017anie uwzgl\u0119dni\u0107 projekt logo, czy dostosowa\u0107 projekt wn\u0119trza do swojej kolekcji produkt\u00f3w, nasza profesjonalna grupa zapewnia kompleksow\u0105 opcj\u0119, tworz\u0105c unikalne, specyficzne dla marki opakowanie.<\/p>\n<p><img loading=\"lazy\" decoding=\"async\" class=\"alignnone wp-image-2323 size-full\" src=\"https:\/\/chinacustomboxes.com\/wp-content\/uploads\/2025\/08\/Candle-Scent-Aromatherapy-Neck-Lid-and-base-Gift-Boxes-ODM-4.jpg\" alt=\"\u015awieca Zapach Aromaterapia Pokrywka na szyj\u0119 i podstawa Pude\u0142ka na prezenty ODM\" width=\"1600\" height=\"1600\" title=\"\" srcset=\"https:\/\/chinacustomboxes.com\/wp-content\/uploads\/2025\/08\/Candle-Scent-Aromatherapy-Neck-Lid-and-base-Gift-Boxes-ODM-4.jpg 1600w, https:\/\/chinacustomboxes.com\/wp-content\/uploads\/2025\/08\/Candle-Scent-Aromatherapy-Neck-Lid-and-base-Gift-Boxes-ODM-4-300x300.jpg 300w, https:\/\/chinacustomboxes.com\/wp-content\/uploads\/2025\/08\/Candle-Scent-Aromatherapy-Neck-Lid-and-base-Gift-Boxes-ODM-4-1024x1024.jpg 1024w, https:\/\/chinacustomboxes.com\/wp-content\/uploads\/2025\/08\/Candle-Scent-Aromatherapy-Neck-Lid-and-base-Gift-Boxes-ODM-4-150x150.jpg 150w, https:\/\/chinacustomboxes.com\/wp-content\/uploads\/2025\/08\/Candle-Scent-Aromatherapy-Neck-Lid-and-base-Gift-Boxes-ODM-4-768x768.jpg 768w, https:\/\/chinacustomboxes.com\/wp-content\/uploads\/2025\/08\/Candle-Scent-Aromatherapy-Neck-Lid-and-base-Gift-Boxes-ODM-4-1536x1536.jpg 1536w, https:\/\/chinacustomboxes.com\/wp-content\/uploads\/2025\/08\/Candle-Scent-Aromatherapy-Neck-Lid-and-base-Gift-Boxes-ODM-4-12x12.jpg 12w, https:\/\/chinacustomboxes.com\/wp-content\/uploads\/2025\/08\/Candle-Scent-Aromatherapy-Neck-Lid-and-base-Gift-Boxes-ODM-4-600x600.jpg 600w, https:\/\/chinacustomboxes.com\/wp-content\/uploads\/2025\/08\/Candle-Scent-Aromatherapy-Neck-Lid-and-base-Gift-Boxes-ODM-4-100x100.jpg 100w\" sizes=\"(max-width: 1600px) 100vw, 1600px\" \/><\/p>\n<h2 id=\"8-core-benefit-1-hour-prototyping-assisting-brands-seize-market-opportunities-\">8. Podstawowa korzy\u015b\u0107: 1-godzinne prototypowanie, pomagaj\u0105ce markom wykorzysta\u0107 mo\u017cliwo\u015bci rynkowe.<\/h2>\n<p>Czas ma kluczowe znaczenie na zaciekle konkurencyjnym rynku. Zdajemy sobie z tego spraw\u0119 i wykorzystuj\u0105c nasze trwa\u0142e zdolno\u015bci produkcyjne i projektowe, uroczy\u015bcie obiecujemy \"1-godzinne prototypowanie\". Ta skuteczna, szybka reakcja i mo\u017cliwo\u015bci prototypowania sugeruj\u0105, \u017ce mo\u017cesz zobaczy\u0107 prawie uko\u0144czone przyk\u0142ady w rekordowym czasie, radykalnie skracaj\u0105c cykl wyboru i czas wprowadzenia na rynek, pomagaj\u0105c Twojej marce skonfiskowa\u0107 mo\u017cliwo\u015bci na szybko zmieniaj\u0105cym si\u0119 rynku.<\/p>","protected":false},"excerpt":{"rendered":"<p>Pude\u0142ko na \u015bwiec\u0119 zapachow\u0105 w stylowym lawendowym kolorze tworzy spokojn\u0105 i komfortow\u0105 atmosfer\u0119. Jego klasyczne wieko i g\u00f3rna cz\u0119\u015b\u0107 z ramieniem i szyjk\u0105 gwarantuj\u0105 szczelne zamkni\u0119cie i czyste linie, emanuj\u0105c uczuciem premium. Wykonany z mocnej szarej tektury z delikatnym, czu\u0142ym papierem artystycznym, \u0142\u0105czy wygl\u0105d z bezpiecze\u0144stwem. Srebrne wyko\u0144czenie wok\u00f3\u0142 wewn\u0119trznej kraw\u0119dzi pokrywy dodaje odrobin\u0119 dopracowanych informacji. Wn\u0119trze jest specjalnie uformowane do kszta\u0142tu produktu, z poch\u0142aniaj\u0105cymi wstrz\u0105sy podszewkami, takimi jak EVA lub bawe\u0142na per\u0142owa, aby zagwarantowa\u0107 bezpieczny transport. Zapewniamy kompleksowe rozwi\u0105zania w zakresie personalizacji ODM, od struktury i produkt\u00f3w po procesy drukowania, i gwarantujemy \"szybk\u0105 realizacj\u0119 przyk\u0142ad\u00f3w w ci\u0105gu 1 godziny\", pomagaj\u0105c w produkcji specjalnych markowych opakowa\u0144 produkt\u00f3w i szybkim zdobyciu udzia\u0142u w rynku.<\/p>","protected":false},"featured_media":2320,"template":"","meta":{"_kad_post_transparent":"default","_kad_post_title":"","_kad_post_layout":"default","_kad_post_sidebar_id":"","_kad_post_content_style":"default","_kad_post_vertical_padding":"default","_kad_post_feature":"","_kad_post_feature_position":"","_kad_post_header":false,"_kad_post_footer":false,"_kad_post_classname":""},"product_brand":[],"product_cat":[15,17,33,19,34],"product_tag":[576,577,578],"class_list":{"0":"post-2319","1":"product","2":"type-product","3":"status-publish","4":"has-post-thumbnail","6":"product_cat-boxes-by-shapes","7":"product_cat-boxes-by-industries","8":"product_cat-candle-packaging-boxes","9":"product_cat-lid-and-base-boxes","10":"product_cat-perfume-packaging-boxes","11":"product_tag-candle-gift-boxes","12":"product_tag-neck-lid-and-base-gift-boxes","13":"product_tag-scent-aromatherapy-gift-boxes-odm","15":"first","16":"instock","17":"shipping-taxable","18":"product-type-simple","19":"entry","20":"content-bg","21":"loop-entry"},"_links":{"self":[{"href":"https:\/\/chinacustomboxes.com\/pl\/wp-json\/wp\/v2\/product\/2319","targetHints":{"allow":["GET"]}}],"collection":[{"href":"https:\/\/chinacustomboxes.com\/pl\/wp-json\/wp\/v2\/product"}],"about":[{"href":"https:\/\/chinacustomboxes.com\/pl\/wp-json\/wp\/v2\/types\/product"}],"wp:featuredmedia":[{"embeddable":true,"href":"https:\/\/chinacustomboxes.com\/pl\/wp-json\/wp\/v2\/media\/2320"}],"wp:attachment":[{"href":"https:\/\/chinacustomboxes.com\/pl\/wp-json\/wp\/v2\/media?parent=2319"}],"wp:term":[{"taxonomy":"product_brand","embeddable":true,"href":"https:\/\/chinacustomboxes.com\/pl\/wp-json\/wp\/v2\/product_brand?post=2319"},{"taxonomy":"product_cat","embeddable":true,"href":"https:\/\/chinacustomboxes.com\/pl\/wp-json\/wp\/v2\/product_cat?post=2319"},{"taxonomy":"product_tag","embeddable":true,"href":"https:\/\/chinacustomboxes.com\/pl\/wp-json\/wp\/v2\/product_tag?post=2319"}],"curies":[{"name":"wp","href":"https:\/\/api.w.org\/{rel}","templated":true}]}}