{"id":2332,"date":"2025-08-25T02:17:42","date_gmt":"2025-08-25T02:17:42","guid":{"rendered":"https:\/\/chinacustomboxes.com\/?post_type=product&#038;p=2332"},"modified":"2025-08-25T03:13:29","modified_gmt":"2025-08-25T03:13:29","slug":"custom-cannabis-concentrate-containers-packaging-wholesale","status":"publish","type":"product","link":"https:\/\/chinacustomboxes.com\/pl\/custom-cannabis-concentrate-containers-packaging-wholesale\/","title":{"rendered":"Niestandardowe pojemniki na koncentrat konopi indyjskich Opakowania hurtowe"},"content":{"rendered":"<h2 id=\"personalized-cannabis-concentrate-container-packaging-the-ultimate-blend-of-luxury-defense-and-brand-visual-appeals\">Spersonalizowane opakowania na koncentraty konopi indyjskich: Najlepsze po\u0142\u0105czenie luksusu, obrony i atrakcyjno\u015bci wizualnej marki<\/h2>\n<p>Na niezwykle konkurencyjnym rynku marihuany, fenomenalne produkty wymagaj\u0105 r\u00f3wnie fenomenalnego opakowania, aby zaprezentowa\u0107 swoj\u0105 warto\u015b\u0107 i przyci\u0105gn\u0105\u0107 klient\u00f3w. Nasze <a href=\"https:\/\/chinacustomboxes.com\/pl\/cannabis-packaging\/\">niestandardowe opakowanie na koncentrat konopi indyjskich<\/a>g, stworzona specjalnie dla marek z najwy\u017cszej p\u00f3\u0142ki, ma na celu zaoferowanie doskona\u0142ej us\u0142ugi pakowania, kt\u00f3ra \u0142\u0105czy luksus, ochron\u0119 i indywidualno\u015b\u0107 marki dzi\u0119ki niezr\u00f3wnanemu wzornictwu, produktom premium i uroczemu kunsztowi.<\/p>\n<p><img fetchpriority=\"high\" decoding=\"async\" class=\"alignnone wp-image-2337 size-full\" src=\"https:\/\/chinacustomboxes.com\/wp-content\/uploads\/2025\/08\/Custom-Cannabis-Concentrate-Containers-Packaging-Wholesale-11.jpg\" alt=\"Niestandardowe pojemniki na koncentrat konopi indyjskich Opakowania hurtowe\" width=\"1000\" height=\"1000\" title=\"\" srcset=\"https:\/\/chinacustomboxes.com\/wp-content\/uploads\/2025\/08\/Custom-Cannabis-Concentrate-Containers-Packaging-Wholesale-11.jpg 1000w, https:\/\/chinacustomboxes.com\/wp-content\/uploads\/2025\/08\/Custom-Cannabis-Concentrate-Containers-Packaging-Wholesale-11-300x300.jpg 300w, https:\/\/chinacustomboxes.com\/wp-content\/uploads\/2025\/08\/Custom-Cannabis-Concentrate-Containers-Packaging-Wholesale-11-150x150.jpg 150w, https:\/\/chinacustomboxes.com\/wp-content\/uploads\/2025\/08\/Custom-Cannabis-Concentrate-Containers-Packaging-Wholesale-11-768x768.jpg 768w, https:\/\/chinacustomboxes.com\/wp-content\/uploads\/2025\/08\/Custom-Cannabis-Concentrate-Containers-Packaging-Wholesale-11-12x12.jpg 12w, https:\/\/chinacustomboxes.com\/wp-content\/uploads\/2025\/08\/Custom-Cannabis-Concentrate-Containers-Packaging-Wholesale-11-600x600.jpg 600w, https:\/\/chinacustomboxes.com\/wp-content\/uploads\/2025\/08\/Custom-Cannabis-Concentrate-Containers-Packaging-Wholesale-11-100x100.jpg 100w\" sizes=\"(max-width: 1000px) 100vw, 1000px\" \/><\/p>\n<h2 id=\"1-the-phenomenal-experience-of-magnetic-flip-top-gift-boxes\">1. Fenomenalne wra\u017cenia z u\u017cytkowania magnetycznych pude\u0142ek z klapk\u0105<\/h2>\n<p>Rdze\u0144 tego opakowania opiera si\u0119 na innowacyjnym stylu pude\u0142ek prezentowych typu flip-top, zwanym dodatkowo <a href=\"https:\/\/chinacustomboxes.com\/pl\/magnetic-closure-boxes\/\">pude\u0142ka z zamkni\u0119ciem magnetycznym<\/a>. Jego kluczowym atrybutem jest wbudowane pot\u0119\u017cne magnetyczne urz\u0105dzenie zamykaj\u0105ce. Konstrukcja ta nie tylko pozwala na niewiarygodnie p\u0142ynne otwieranie i zamykanie, ale tak\u017ce wytwarza fascynuj\u0105cy d\u017awi\u0119k \"klikni\u0119cia\", tworz\u0105c luksusowe i uroczyste do\u015bwiadczenie dla jednostki. W por\u00f3wnaniu z tradycyjnymi sk\u0142adanymi kartonami, ta trwa\u0142a sztywna konstrukcja pude\u0142ek zapewnia niezwyk\u0142\u0105 ochron\u0119, zapewniaj\u0105c bezpieczny transport i miejsce do przechowywania wa\u017cnych produkt\u00f3w, takich jak ogniska.<\/p>\n<h2 id=\"2-strong-stiff-building-and-construction\">2. Mocny, sztywny budynek i konstrukcja<\/h2>\n<p>Jako g\u0142\u00f3wny materia\u0142 wybrali\u015bmy najwy\u017cszej jako\u015bci nieelastyczny karton. <a href=\"https:\/\/chinacustomboxes.com\/pl\/\">pude\u0142ka do pakowania<\/a>gwarantuj\u0105c jego wytrzyma\u0142o\u015b\u0107 i trwa\u0142o\u015b\u0107. Ten mocny szkielet nie tylko skutecznie wytrzymuje napr\u0119\u017cenia zewn\u0119trzne, zapewniaj\u0105c solidne zabezpieczenie przedmiotu wewn\u0105trz, ale tak\u017ce znacznie poprawia wizerunek marki premium.<\/p>\n<p><img decoding=\"async\" class=\"alignnone wp-image-2335 size-full\" src=\"https:\/\/chinacustomboxes.com\/wp-content\/uploads\/2025\/08\/Custom-Cannabis-Concentrate-Containers-Packaging-Wholesale-9.jpg\" alt=\"Niestandardowe pojemniki na koncentrat konopi indyjskich Opakowania hurtowe\" width=\"1000\" height=\"1000\" title=\"\" srcset=\"https:\/\/chinacustomboxes.com\/wp-content\/uploads\/2025\/08\/Custom-Cannabis-Concentrate-Containers-Packaging-Wholesale-9.jpg 1000w, https:\/\/chinacustomboxes.com\/wp-content\/uploads\/2025\/08\/Custom-Cannabis-Concentrate-Containers-Packaging-Wholesale-9-300x300.jpg 300w, https:\/\/chinacustomboxes.com\/wp-content\/uploads\/2025\/08\/Custom-Cannabis-Concentrate-Containers-Packaging-Wholesale-9-150x150.jpg 150w, https:\/\/chinacustomboxes.com\/wp-content\/uploads\/2025\/08\/Custom-Cannabis-Concentrate-Containers-Packaging-Wholesale-9-768x768.jpg 768w, https:\/\/chinacustomboxes.com\/wp-content\/uploads\/2025\/08\/Custom-Cannabis-Concentrate-Containers-Packaging-Wholesale-9-12x12.jpg 12w, https:\/\/chinacustomboxes.com\/wp-content\/uploads\/2025\/08\/Custom-Cannabis-Concentrate-Containers-Packaging-Wholesale-9-600x600.jpg 600w, https:\/\/chinacustomboxes.com\/wp-content\/uploads\/2025\/08\/Custom-Cannabis-Concentrate-Containers-Packaging-Wholesale-9-100x100.jpg 100w\" sizes=\"(max-width: 1000px) 100vw, 1000px\" \/><\/p>\n<h2 id=\"3-dynamic-and-luxurious-area-uv-finish\">3. Dynamiczne i luksusowe wyko\u0144czenie UV<\/h2>\n<p>Wz\u00f3r li\u015bci konopi na ok\u0142adce wykorzystuje unikaln\u0105 powierzchni\u0119 Area UV (punktowa pow\u0142oka UV). Strategia ta nak\u0142ada przezroczyst\u0105 warstw\u0119 o wysokim po\u0142ysku na obszary detali, tworz\u0105c uderzaj\u0105cy kontrast z matowym wyko\u0144czeniem ok\u0142adki, tworz\u0105c \u017cywy, tr\u00f3jwymiarowy efekt estetyczny. Nie tylko znacznie zwi\u0119ksza to luksusowy charakter opakowania i urok stojaka, ale dodatkowo zapewnia pewien stopie\u0144 ochrony przed podrabianiem.<\/p>\n<h2 id=\"4-distinctive-color-style\">4. Charakterystyczny styl kolorystyczny<\/h2>\n<p>Mocny, dynamiczny, t\u0119czowy gradient ok\u0142adki natychmiast przyci\u0105ga uwag\u0119 konsument\u00f3w. Uk\u0142ad ten nawi\u0105zuje do wizualnych wzorc\u00f3w wsp\u00f3\u0142czesnych opakowa\u0144 konopi indyjskich, co ma na celu oderwanie si\u0119 od przestarza\u0142ych stereotyp\u00f3w i przyj\u0119cie znacznie bardziej nowoczesnego i eleganckiego j\u0119zyka estetycznego. Podstawa pude\u0142ka ma \u017cywy, czysty niebieski kolor, tworz\u0105c harmonijne, ale uderzaj\u0105ce por\u00f3wnanie z \u017cyw\u0105 ok\u0142adk\u0105.<\/p>\n<p><img decoding=\"async\" class=\"alignnone wp-image-2334 size-full\" src=\"https:\/\/chinacustomboxes.com\/wp-content\/uploads\/2025\/08\/Custom-Cannabis-Concentrate-Containers-Packaging-Wholesale-8.jpg\" alt=\"Niestandardowe pojemniki na koncentrat konopi indyjskich Opakowania hurtowe\" width=\"1000\" height=\"1000\" title=\"\" srcset=\"https:\/\/chinacustomboxes.com\/wp-content\/uploads\/2025\/08\/Custom-Cannabis-Concentrate-Containers-Packaging-Wholesale-8.jpg 1000w, https:\/\/chinacustomboxes.com\/wp-content\/uploads\/2025\/08\/Custom-Cannabis-Concentrate-Containers-Packaging-Wholesale-8-300x300.jpg 300w, https:\/\/chinacustomboxes.com\/wp-content\/uploads\/2025\/08\/Custom-Cannabis-Concentrate-Containers-Packaging-Wholesale-8-150x150.jpg 150w, https:\/\/chinacustomboxes.com\/wp-content\/uploads\/2025\/08\/Custom-Cannabis-Concentrate-Containers-Packaging-Wholesale-8-768x768.jpg 768w, https:\/\/chinacustomboxes.com\/wp-content\/uploads\/2025\/08\/Custom-Cannabis-Concentrate-Containers-Packaging-Wholesale-8-12x12.jpg 12w, https:\/\/chinacustomboxes.com\/wp-content\/uploads\/2025\/08\/Custom-Cannabis-Concentrate-Containers-Packaging-Wholesale-8-600x600.jpg 600w, https:\/\/chinacustomboxes.com\/wp-content\/uploads\/2025\/08\/Custom-Cannabis-Concentrate-Containers-Packaging-Wholesale-8-100x100.jpg 100w\" sizes=\"(max-width: 1000px) 100vw, 1000px\" \/><\/p>\n<h2 id=\"5-skillfully-hidden-magnets\">5. Umiej\u0119tnie ukryte magnesy<\/h2>\n<p>Istotn\u0105 cech\u0105 tego opakowania s\u0105 magnesy inteligentnie ukryte w pokrywie i pude\u0142kach. Ten bezszwowy uk\u0142ad tworzy schludny, g\u0142adki wygl\u0105d, bez zb\u0119dnych zatrzask\u00f3w. Magnetyczne zamkni\u0119cie zapewnia konkretne i bezpieczne dopasowanie, zapewniaj\u0105c, \u017ce przedmiot w \u015brodku pozostanie bezpieczny w ka\u017cdych warunkach.<\/p>\n<p><img loading=\"lazy\" decoding=\"async\" class=\"alignnone wp-image-2333 size-full\" src=\"https:\/\/chinacustomboxes.com\/wp-content\/uploads\/2025\/08\/Custom-Cannabis-Concentrate-Containers-Packaging-Wholesale-7.jpg\" alt=\"Niestandardowe pojemniki na koncentrat konopi indyjskich Opakowania hurtowe\" width=\"1000\" height=\"1000\" title=\"\" srcset=\"https:\/\/chinacustomboxes.com\/wp-content\/uploads\/2025\/08\/Custom-Cannabis-Concentrate-Containers-Packaging-Wholesale-7.jpg 1000w, https:\/\/chinacustomboxes.com\/wp-content\/uploads\/2025\/08\/Custom-Cannabis-Concentrate-Containers-Packaging-Wholesale-7-300x300.jpg 300w, https:\/\/chinacustomboxes.com\/wp-content\/uploads\/2025\/08\/Custom-Cannabis-Concentrate-Containers-Packaging-Wholesale-7-150x150.jpg 150w, https:\/\/chinacustomboxes.com\/wp-content\/uploads\/2025\/08\/Custom-Cannabis-Concentrate-Containers-Packaging-Wholesale-7-768x768.jpg 768w, https:\/\/chinacustomboxes.com\/wp-content\/uploads\/2025\/08\/Custom-Cannabis-Concentrate-Containers-Packaging-Wholesale-7-12x12.jpg 12w, https:\/\/chinacustomboxes.com\/wp-content\/uploads\/2025\/08\/Custom-Cannabis-Concentrate-Containers-Packaging-Wholesale-7-600x600.jpg 600w, https:\/\/chinacustomboxes.com\/wp-content\/uploads\/2025\/08\/Custom-Cannabis-Concentrate-Containers-Packaging-Wholesale-7-100x100.jpg 100w\" sizes=\"(max-width: 1000px) 100vw, 1000px\" \/><\/p>\n<h2 id=\"6-custom-made-eva-foam-liner\">6. Wykonana na zam\u00f3wienie wk\u0142adka z pianki EVA<\/h2>\n<p>Wn\u0119trze pude\u0142ka zawiera wk\u0142adk\u0119 z pianki EVA dostosowan\u0105 do kszta\u0142tu przedmiotu. EVA (kopolimer etylenu i octanu winylu) jest materia\u0142em o wysokiej g\u0119sto\u015bci i wyj\u0105tkowych w\u0142a\u015bciwo\u015bciach wy\u015bcie\u0142aj\u0105cych i poch\u0142aniaj\u0105cych wstrz\u0105sy, zapewniaj\u0105c najlepsz\u0105 ochron\u0119 produktu. Wy\u015bci\u00f3\u0142ka jest specjalnie wyci\u0119ta z okr\u0105g\u0142ymi rowkami dostosowanymi do rozmiaru pojemnika na koncentrat, chroni\u0105c produkt mocno i skutecznie zatrzymuj\u0105c wibracje i uderzenia podczas transportu. Czarno-bia\u0142a wy\u015bci\u00f3\u0142ka dodatkowo poprawia estetyk\u0119 opakowania po jego otwarciu.<\/p>\n<p><img loading=\"lazy\" decoding=\"async\" class=\"alignnone wp-image-2338 size-full\" src=\"https:\/\/chinacustomboxes.com\/wp-content\/uploads\/2025\/08\/Custom-Cannabis-Concentrate-Containers-Packaging-Wholesale-12.jpg\" alt=\"Niestandardowe pojemniki na koncentrat konopi indyjskich Opakowania hurtowe\" width=\"1000\" height=\"1000\" title=\"\" srcset=\"https:\/\/chinacustomboxes.com\/wp-content\/uploads\/2025\/08\/Custom-Cannabis-Concentrate-Containers-Packaging-Wholesale-12.jpg 1000w, https:\/\/chinacustomboxes.com\/wp-content\/uploads\/2025\/08\/Custom-Cannabis-Concentrate-Containers-Packaging-Wholesale-12-300x300.jpg 300w, https:\/\/chinacustomboxes.com\/wp-content\/uploads\/2025\/08\/Custom-Cannabis-Concentrate-Containers-Packaging-Wholesale-12-150x150.jpg 150w, https:\/\/chinacustomboxes.com\/wp-content\/uploads\/2025\/08\/Custom-Cannabis-Concentrate-Containers-Packaging-Wholesale-12-768x768.jpg 768w, https:\/\/chinacustomboxes.com\/wp-content\/uploads\/2025\/08\/Custom-Cannabis-Concentrate-Containers-Packaging-Wholesale-12-12x12.jpg 12w, https:\/\/chinacustomboxes.com\/wp-content\/uploads\/2025\/08\/Custom-Cannabis-Concentrate-Containers-Packaging-Wholesale-12-600x600.jpg 600w, https:\/\/chinacustomboxes.com\/wp-content\/uploads\/2025\/08\/Custom-Cannabis-Concentrate-Containers-Packaging-Wholesale-12-100x100.jpg 100w\" sizes=\"(max-width: 1000px) 100vw, 1000px\" \/><\/p>\n<h2 id=\"7-highly-adjustable-and-expert-solution\">7. Wysoce regulowane i specjalistyczne rozwi\u0105zanie<\/h2>\n<p>Rozumiemy, \u017ce ka\u017cda marka ma sw\u00f3j w\u0142asny charakter i wymagania. To opakowanie wykazuje wysoki stopie\u0144 personalizacji. Od wyra\u017anego kszta\u0142tu magnetycznych pude\u0142ek z zamkni\u0119ciem typu flip-top, przez spersonalizowany nadruk t\u0119czowy i obszarow\u0105 terapi\u0119 UV, po wykonan\u0105 na zam\u00f3wienie podszewk\u0119 kom\u00f3rkow\u0105 EVA, ka\u017cda informacja mo\u017ce by\u0107 dostosowana do wymaga\u0144 Twojej marki, zapewniaj\u0105c, \u017ce ostateczne opakowanie bezb\u0142\u0119dnie pasuje do zdj\u0119cia Twojej marki i atrybut\u00f3w produktu.<\/p>\n<p>Wykorzystuj\u0105c wieloletnie do\u015bwiadczenie w bran\u017cy, posiadamy dog\u0142\u0119bn\u0105 wiedz\u0119 na temat w\u0142a\u015bciwo\u015bci mieszkalnych materia\u0142\u00f3w, innowacji w zakresie przetwarzania i trend\u00f3w rynkowych. Mo\u017cemy nie tylko w\u0142a\u015bciwie zrealizowa\u0107 Twoje pomys\u0142y dotycz\u0105ce uk\u0142adu, ale tak\u017ce zaoferowa\u0107 specjalistyczne zalecenia, kt\u00f3re pomog\u0105 Ci ulepszy\u0107 opcje pakowania i zapobiec mo\u017cliwym problemom, zapewniaj\u0105c w ten spos\u00f3b wysok\u0105 jako\u015b\u0107 i siln\u0105 konkurencj\u0119 rynkow\u0105 Twojego produktu ko\u0144cowego.<\/p>","protected":false},"excerpt":{"rendered":"<p>To wysokiej jako\u015bci, spersonalizowane opakowanie, stworzone specjalnie z my\u015bl\u0105 o koncentratach konopi indyjskich, wyposa\u017cone jest w magnetyczne zamkni\u0119cie zapewniaj\u0105ce p\u0142ynne otwieranie, emanuj\u0105ce wystawnym i rytualnym charakterem. Wieczko posiada t\u0119czowy nadruk gradientowy i punktowy wz\u00f3r li\u015bci konopi UV, tworz\u0105c uderzaj\u0105cy i natychmiast rozpoznawalny efekt wizualny. Wn\u0119trze wy\u0142o\u017cone jest specjalnie zredukowan\u0105 wy\u015bci\u00f3\u0142k\u0105 z pianki EVA, zapewniaj\u0105c\u0105 najwy\u017csz\u0105 ochron\u0119 przed wstrz\u0105sami. Ca\u0142kowicie konfigurowalny, od projektu zewn\u0119trznego po ramy wewn\u0119trzne, jest to optymalny wyb\u00f3r, aby wzmocni\u0107 zdj\u0119cie marki i zapewni\u0107 bezpiecze\u0144stwo i ochron\u0119 przedmiot\u00f3w.<\/p>","protected":false},"featured_media":2334,"template":"","meta":{"_kad_post_transparent":"default","_kad_post_title":"","_kad_post_layout":"default","_kad_post_sidebar_id":"","_kad_post_content_style":"default","_kad_post_vertical_padding":"default","_kad_post_feature":"","_kad_post_feature_position":"","_kad_post_header":false,"_kad_post_footer":false,"_kad_post_classname":""},"product_brand":[],"product_cat":[15,17,39,18],"product_tag":[579,580,581],"class_list":{"0":"post-2332","1":"product","2":"type-product","3":"status-publish","4":"has-post-thumbnail","6":"product_cat-boxes-by-shapes","7":"product_cat-boxes-by-industries","8":"product_cat-cannabis-packaging","9":"product_cat-magnetic-closure-boxes","10":"product_tag-cannabis-concentrate-packaging","11":"product_tag-concentrate-containers-packaging","12":"product_tag-custom-concentrate-packaging","14":"first","15":"instock","16":"shipping-taxable","17":"product-type-simple","18":"entry","19":"content-bg","20":"loop-entry"},"_links":{"self":[{"href":"https:\/\/chinacustomboxes.com\/pl\/wp-json\/wp\/v2\/product\/2332","targetHints":{"allow":["GET"]}}],"collection":[{"href":"https:\/\/chinacustomboxes.com\/pl\/wp-json\/wp\/v2\/product"}],"about":[{"href":"https:\/\/chinacustomboxes.com\/pl\/wp-json\/wp\/v2\/types\/product"}],"wp:featuredmedia":[{"embeddable":true,"href":"https:\/\/chinacustomboxes.com\/pl\/wp-json\/wp\/v2\/media\/2334"}],"wp:attachment":[{"href":"https:\/\/chinacustomboxes.com\/pl\/wp-json\/wp\/v2\/media?parent=2332"}],"wp:term":[{"taxonomy":"product_brand","embeddable":true,"href":"https:\/\/chinacustomboxes.com\/pl\/wp-json\/wp\/v2\/product_brand?post=2332"},{"taxonomy":"product_cat","embeddable":true,"href":"https:\/\/chinacustomboxes.com\/pl\/wp-json\/wp\/v2\/product_cat?post=2332"},{"taxonomy":"product_tag","embeddable":true,"href":"https:\/\/chinacustomboxes.com\/pl\/wp-json\/wp\/v2\/product_tag?post=2332"}],"curies":[{"name":"wp","href":"https:\/\/api.w.org\/{rel}","templated":true}]}}