{"id":2339,"date":"2025-08-25T03:15:37","date_gmt":"2025-08-25T03:15:37","guid":{"rendered":"https:\/\/chinacustomboxes.com\/?post_type=product&#038;p=2339"},"modified":"2025-08-25T03:35:48","modified_gmt":"2025-08-25T03:35:48","slug":"3ml-5ml-7ml-concentrate-container-magnetic-packaging-boxes","status":"publish","type":"product","link":"https:\/\/chinacustomboxes.com\/pl\/3ml-5ml-7ml-concentrate-container-magnetic-packaging-boxes\/","title":{"rendered":"3ml 5ml 7ml Pojemnik na koncentrat Opakowania magnetyczne"},"content":{"rendered":"<h2>Pojemniki na koncentraty Pude\u0142ka z magnetycznym zamkni\u0119ciem na 3 ml, 5 ml i 7 ml<\/h2>\n<p>Z przyjemno\u015bci\u0105 przedstawiamy zamkni\u0119cie magnetyczne <a href=\"https:\/\/chinacustomboxes.com\/pl\/clamshell-boxes\/\">pude\u0142ka z klapk\u0105<\/a> opracowane specjalnie dla pojemnik\u00f3w na koncentraty o pojemno\u015bci 3 ml, 5 ml i 7 ml. \u0141\u0105cz\u0105c stylowe wzornictwo, najwy\u017cszej jako\u015bci ochron\u0119 i przyjazne dla \u015brodowiska atrybuty, pude\u0142ka te s\u0105 odpowiednim wyborem do zwi\u0119kszenia warto\u015bci produktu i wizerunku marki.<\/p>\n<p><img fetchpriority=\"high\" decoding=\"async\" class=\"alignnone wp-image-2344 size-full\" src=\"https:\/\/chinacustomboxes.com\/wp-content\/uploads\/2025\/08\/3ml-5ml-7ml-Concentrate-Container-Magnetic-Packaging-Boxes-5.jpg\" alt=\"3ml 5ml 7ml Pojemnik na koncentrat Opakowania magnetyczne\" width=\"1000\" height=\"1000\" title=\"\" srcset=\"https:\/\/chinacustomboxes.com\/wp-content\/uploads\/2025\/08\/3ml-5ml-7ml-Concentrate-Container-Magnetic-Packaging-Boxes-5.jpg 1000w, https:\/\/chinacustomboxes.com\/wp-content\/uploads\/2025\/08\/3ml-5ml-7ml-Concentrate-Container-Magnetic-Packaging-Boxes-5-300x300.jpg 300w, https:\/\/chinacustomboxes.com\/wp-content\/uploads\/2025\/08\/3ml-5ml-7ml-Concentrate-Container-Magnetic-Packaging-Boxes-5-150x150.jpg 150w, https:\/\/chinacustomboxes.com\/wp-content\/uploads\/2025\/08\/3ml-5ml-7ml-Concentrate-Container-Magnetic-Packaging-Boxes-5-768x768.jpg 768w, https:\/\/chinacustomboxes.com\/wp-content\/uploads\/2025\/08\/3ml-5ml-7ml-Concentrate-Container-Magnetic-Packaging-Boxes-5-12x12.jpg 12w, https:\/\/chinacustomboxes.com\/wp-content\/uploads\/2025\/08\/3ml-5ml-7ml-Concentrate-Container-Magnetic-Packaging-Boxes-5-600x600.jpg 600w, https:\/\/chinacustomboxes.com\/wp-content\/uploads\/2025\/08\/3ml-5ml-7ml-Concentrate-Container-Magnetic-Packaging-Boxes-5-100x100.jpg 100w\" sizes=\"(max-width: 1000px) 100vw, 1000px\" \/><\/p>\n<h2 id=\"-1-a-blend-of-standard-framework-and-modern-visual-appeals-\"><strong>1. Po\u0142\u0105czenie standardowych ram i nowoczesnego wygl\u0105du\u00a0<\/strong>.<\/h2>\n<p>To pude\u0142ko zawiera ponadczasowe, ale u\u017cyteczne \"pude\u0142ka Flip-Top z klapk\u0105\". <a href=\"https:\/\/chinacustomboxes.com\/pl\/magnetic-closure-boxes\/\">Pude\u0142ka z zamkni\u0119ciem magnetycznym<\/a>\". Prosta, kwadratowa forma i op\u0142ywowe linie tworz\u0105 wysokiej jako\u015bci i wyrafinowany wygl\u0105d, zar\u00f3wno na stojaku, jak i w d\u0142oni. Przednia i dolna pokrywa s\u0105 nie tylko bardzo \u0142atwe do otwarcia, ale tak\u017ce wyposa\u017cone w silne zintegrowane magnesy, kt\u00f3re zapewniaj\u0105 bezpieczne i dok\u0142adne zamkni\u0119cie pokrywy, zapewniaj\u0105c wyj\u0105tkow\u0105 ochron\u0119 znajduj\u0105cego si\u0119 w niej produktu.<\/p>\n<p><img decoding=\"async\" class=\"alignnone wp-image-2343 size-full\" src=\"https:\/\/chinacustomboxes.com\/wp-content\/uploads\/2025\/08\/3ml-5ml-7ml-Concentrate-Container-Magnetic-Packaging-Boxes-4.jpg\" alt=\"3ml 5ml 7ml Pojemnik na koncentrat Opakowania magnetyczne\" width=\"1000\" height=\"1000\" title=\"\" srcset=\"https:\/\/chinacustomboxes.com\/wp-content\/uploads\/2025\/08\/3ml-5ml-7ml-Concentrate-Container-Magnetic-Packaging-Boxes-4.jpg 1000w, https:\/\/chinacustomboxes.com\/wp-content\/uploads\/2025\/08\/3ml-5ml-7ml-Concentrate-Container-Magnetic-Packaging-Boxes-4-300x300.jpg 300w, https:\/\/chinacustomboxes.com\/wp-content\/uploads\/2025\/08\/3ml-5ml-7ml-Concentrate-Container-Magnetic-Packaging-Boxes-4-150x150.jpg 150w, https:\/\/chinacustomboxes.com\/wp-content\/uploads\/2025\/08\/3ml-5ml-7ml-Concentrate-Container-Magnetic-Packaging-Boxes-4-768x768.jpg 768w, https:\/\/chinacustomboxes.com\/wp-content\/uploads\/2025\/08\/3ml-5ml-7ml-Concentrate-Container-Magnetic-Packaging-Boxes-4-12x12.jpg 12w, https:\/\/chinacustomboxes.com\/wp-content\/uploads\/2025\/08\/3ml-5ml-7ml-Concentrate-Container-Magnetic-Packaging-Boxes-4-600x600.jpg 600w, https:\/\/chinacustomboxes.com\/wp-content\/uploads\/2025\/08\/3ml-5ml-7ml-Concentrate-Container-Magnetic-Packaging-Boxes-4-100x100.jpg 100w\" sizes=\"(max-width: 1000px) 100vw, 1000px\" \/><\/p>\n<h2 id=\"-2-eco-friendly-products-in-line-with-green-trends-\"><strong>2. Produkty przyjazne dla \u015brodowiska, zgodne z zielonymi trendami\u00a0<\/strong>.<\/h2>\n<p>Opakowania s\u0105 w du\u017cej mierze wykonane z najwy\u017cszej jako\u015bci papieru, co gwarantuje ich lekko\u015b\u0107 i trwa\u0142o\u015b\u0107, skutecznie zapobiegaj\u0105c odkszta\u0142ceniom podczas transportu i przechowywania oraz dostosowuj\u0105c si\u0119 do aktualnych trend\u00f3w zr\u00f3wnowa\u017conego rozwoju. Wykorzystywane przez nas produkty papierowe nadaj\u0105 si\u0119 zar\u00f3wno do recyklingu, jak i naturalnej degradacji, dzi\u0119ki czemu nadaj\u0105 si\u0119 do promowania ekologicznego wizerunku marki.<\/p>\n<p><img decoding=\"async\" class=\"alignnone wp-image-2341 size-full\" src=\"https:\/\/chinacustomboxes.com\/wp-content\/uploads\/2025\/08\/3ml-5ml-7ml-Concentrate-Container-Magnetic-Packaging-Boxes-2.jpg\" alt=\"3ml 5ml 7ml Pojemnik na koncentrat Opakowania magnetyczne\" width=\"1000\" height=\"1000\" title=\"\" srcset=\"https:\/\/chinacustomboxes.com\/wp-content\/uploads\/2025\/08\/3ml-5ml-7ml-Concentrate-Container-Magnetic-Packaging-Boxes-2.jpg 1000w, https:\/\/chinacustomboxes.com\/wp-content\/uploads\/2025\/08\/3ml-5ml-7ml-Concentrate-Container-Magnetic-Packaging-Boxes-2-300x300.jpg 300w, https:\/\/chinacustomboxes.com\/wp-content\/uploads\/2025\/08\/3ml-5ml-7ml-Concentrate-Container-Magnetic-Packaging-Boxes-2-150x150.jpg 150w, https:\/\/chinacustomboxes.com\/wp-content\/uploads\/2025\/08\/3ml-5ml-7ml-Concentrate-Container-Magnetic-Packaging-Boxes-2-768x768.jpg 768w, https:\/\/chinacustomboxes.com\/wp-content\/uploads\/2025\/08\/3ml-5ml-7ml-Concentrate-Container-Magnetic-Packaging-Boxes-2-12x12.jpg 12w, https:\/\/chinacustomboxes.com\/wp-content\/uploads\/2025\/08\/3ml-5ml-7ml-Concentrate-Container-Magnetic-Packaging-Boxes-2-600x600.jpg 600w, https:\/\/chinacustomboxes.com\/wp-content\/uploads\/2025\/08\/3ml-5ml-7ml-Concentrate-Container-Magnetic-Packaging-Boxes-2-100x100.jpg 100w\" sizes=\"(max-width: 1000px) 100vw, 1000px\" \/><\/p>\n<h2 id=\"-3-craftsmanship-demonstrates-superior-top-quality-\"><strong>3. Najwy\u017csza jako\u015b\u0107 wykonania\u00a0<\/strong>.<\/h2>\n<p>Nasza skrupulatna dba\u0142o\u015b\u0107 o szczeg\u00f3\u0142y przejawia si\u0119 w ka\u017cdym detalu. Naro\u017cniki opakowania s\u0105 starannie wyko\u0144czone, specjalnie zagi\u0119te, a boki s\u0105 g\u0142adkie i pozbawione zadzior\u00f3w, co \u015bwiadczy o najwy\u017cszym poziomie wykonania. Magnesy s\u0105 umiej\u0119tnie ukryte w tekturowej warstwie po\u015bredniej, zapewniaj\u0105c jednolit\u0105 estetyk\u0119 przy jednoczesnym zachowaniu solidnego zamkni\u0119cia. Ka\u017cda informacja pokazuje oddanie i kompetencje producenta.<\/p>\n<p><img decoding=\"async\" class=\"alignnone wp-image-2341 size-full\" src=\"https:\/\/chinacustomboxes.com\/wp-content\/uploads\/2025\/08\/3ml-5ml-7ml-Concentrate-Container-Magnetic-Packaging-Boxes-2.jpg\" alt=\"3ml 5ml 7ml Pojemnik na koncentrat Opakowania magnetyczne\" width=\"1000\" height=\"1000\" title=\"\" srcset=\"https:\/\/chinacustomboxes.com\/wp-content\/uploads\/2025\/08\/3ml-5ml-7ml-Concentrate-Container-Magnetic-Packaging-Boxes-2.jpg 1000w, https:\/\/chinacustomboxes.com\/wp-content\/uploads\/2025\/08\/3ml-5ml-7ml-Concentrate-Container-Magnetic-Packaging-Boxes-2-300x300.jpg 300w, https:\/\/chinacustomboxes.com\/wp-content\/uploads\/2025\/08\/3ml-5ml-7ml-Concentrate-Container-Magnetic-Packaging-Boxes-2-150x150.jpg 150w, https:\/\/chinacustomboxes.com\/wp-content\/uploads\/2025\/08\/3ml-5ml-7ml-Concentrate-Container-Magnetic-Packaging-Boxes-2-768x768.jpg 768w, https:\/\/chinacustomboxes.com\/wp-content\/uploads\/2025\/08\/3ml-5ml-7ml-Concentrate-Container-Magnetic-Packaging-Boxes-2-12x12.jpg 12w, https:\/\/chinacustomboxes.com\/wp-content\/uploads\/2025\/08\/3ml-5ml-7ml-Concentrate-Container-Magnetic-Packaging-Boxes-2-600x600.jpg 600w, https:\/\/chinacustomboxes.com\/wp-content\/uploads\/2025\/08\/3ml-5ml-7ml-Concentrate-Container-Magnetic-Packaging-Boxes-2-100x100.jpg 100w\" sizes=\"(max-width: 1000px) 100vw, 1000px\" \/><\/p>\n<h2 id=\"-4-spectacular-layout-records-the-eye-\"><strong>4. Spektakularny uk\u0142ad rejestruje oko\u00a0<\/strong>.<\/h2>\n<p>Na powierzchni pude\u0142ka znajduje si\u0119 efektowny, r\u00f3\u017cnokolorowy wz\u00f3r geometryczny, tworz\u0105cy dynamiczny, t\u0119czowy odcie\u0144. Wz\u00f3r li\u015bci konopi, r\u00f3wnie\u017c z\u0142o\u017cony z geometrycznych blok\u00f3w, jest przymocowany do g\u00f3rnej cz\u0119\u015bci pokrywy. To sprytnie podkre\u015bla atrybuty produktu, jednocze\u015bnie nadaj\u0105c mu wsp\u00f3\u0142czesn\u0105, kreatywn\u0105 estetyk\u0119, natychmiast przyci\u0105gaj\u0105c uwag\u0119 klient\u00f3w i wyr\u00f3\u017cniaj\u0105c go z t\u0142umu.<\/p>\n<h2 id=\"-5-magnetic-closure-enhances-the-unboxing-experience-\"><strong>5. Magnetyczne zamkni\u0119cie Clamshell poprawia wra\u017cenia z rozpakowywania <\/strong>.<\/h2>\n<p>W\u015br\u00f3d najwa\u017cniejszych wydarze\u0144 <a href=\"https:\/\/chinacustomboxes.com\/pl\/\">pude\u0142ka<\/a> jest wbudowane magnetyczne zamkni\u0119cie typu clamshell. W przeciwie\u0144stwie do standardowych konstrukcji wtykowych lub zatrzaskowych, zapi\u0119cie magnetyczne jest wygodniejsze i solidniejsze, a tak\u017ce wydaje przyjemny d\u017awi\u0119k \"klikni\u0119cia\", znacznie zwi\u0119kszaj\u0105c indywidualne wra\u017cenia z rozpakowywania i podkre\u015blaj\u0105c jako\u015b\u0107 i warto\u015b\u0107 produktu w subtelny spos\u00f3b.<\/p>\n<p><img loading=\"lazy\" decoding=\"async\" class=\"alignnone wp-image-2340 size-full\" src=\"https:\/\/chinacustomboxes.com\/wp-content\/uploads\/2025\/08\/3ml-5ml-7ml-Concentrate-Container-Magnetic-Packaging-Boxes-1.jpg\" alt=\"3ml 5ml 7ml Pojemnik na koncentrat Opakowania magnetyczne\" width=\"1000\" height=\"1000\" title=\"\" srcset=\"https:\/\/chinacustomboxes.com\/wp-content\/uploads\/2025\/08\/3ml-5ml-7ml-Concentrate-Container-Magnetic-Packaging-Boxes-1.jpg 1000w, https:\/\/chinacustomboxes.com\/wp-content\/uploads\/2025\/08\/3ml-5ml-7ml-Concentrate-Container-Magnetic-Packaging-Boxes-1-300x300.jpg 300w, https:\/\/chinacustomboxes.com\/wp-content\/uploads\/2025\/08\/3ml-5ml-7ml-Concentrate-Container-Magnetic-Packaging-Boxes-1-150x150.jpg 150w, https:\/\/chinacustomboxes.com\/wp-content\/uploads\/2025\/08\/3ml-5ml-7ml-Concentrate-Container-Magnetic-Packaging-Boxes-1-768x768.jpg 768w, https:\/\/chinacustomboxes.com\/wp-content\/uploads\/2025\/08\/3ml-5ml-7ml-Concentrate-Container-Magnetic-Packaging-Boxes-1-12x12.jpg 12w, https:\/\/chinacustomboxes.com\/wp-content\/uploads\/2025\/08\/3ml-5ml-7ml-Concentrate-Container-Magnetic-Packaging-Boxes-1-600x600.jpg 600w, https:\/\/chinacustomboxes.com\/wp-content\/uploads\/2025\/08\/3ml-5ml-7ml-Concentrate-Container-Magnetic-Packaging-Boxes-1-100x100.jpg 100w\" sizes=\"(max-width: 1000px) 100vw, 1000px\" \/><\/p>\n<h2 id=\"-6-precision-cellular-lining-for-comprehensive-defense-\"><strong>6. Precyzyjna wy\u015bci\u00f3\u0142ka kom\u00f3rkowa dla kompleksowej obrony\u00a0<\/strong>.<\/h2>\n<p>Wewn\u0105trz pude\u0142ek znajduje si\u0119 niestandardowa bia\u0142a wy\u015bci\u00f3\u0142ka kom\u00f3rkowa (zwykle pianka EVA lub podobny materia\u0142), precyzyjnie uformowana, aby pasowa\u0142a do r\u00f3\u017cnych pojemnik\u00f3w na koncentraty, takich jak 3 ml, 5 ml i 7 ml. Sferyczne rowki bezb\u0142\u0119dnie zakrywaj\u0105 i zabezpieczaj\u0105 pojemnik, odpowiednio zapobiegaj\u0105c jego piciu lub zderzaniu si\u0119 w pude\u0142kach, zapewniaj\u0105c doskona\u0142\u0105 amortyzacj\u0119 i ochron\u0119 delikatnych szklanych lub ceramicznych pojemnik\u00f3w.<\/p>\n<h2 id=\"-7-very-adjustable-for-an-one-of-a-kind-brand-identity-\"><strong>7. Bardzo elastyczny dla jedynej w swoim rodzaju to\u017csamo\u015bci marki\u00a0<\/strong>.<\/h2>\n<p>Zdajemy sobie spraw\u0119 z tego, jak wa\u017cna jest wyj\u0105tkowo\u015b\u0107 marki, dlatego opakowania te zapewniaj\u0105 wysoki stopie\u0144 mo\u017cliwo\u015bci dostosowania. Niezale\u017cnie od tego, czy chodzi o rozmiar i kszta\u0142t opakowania, materia\u0142 papierowy (np. papier artystyczny, papier siarczanowy, papier specjalny), proces drukowania (np. t\u0142oczenie na ciep\u0142o, UV, laminowanie, wyt\u0142aczanie), czy te\u017c produkt i kolor podszewki, mo\u017cemy dostosowa\u0107 je do konkretnych wymaga\u0144, aby wyprodukowa\u0107 opakowanie produktu o najwy\u017cszej jako\u015bci.<\/p>","protected":false},"excerpt":{"rendered":"<p>Te magnetyczne pude\u0142ka z klapk\u0105, przeznaczone do pojemnik\u00f3w na koncentraty o pojemno\u015bci 3 ml, 5 ml i 7 ml, maj\u0105 klasyczn\u0105 konstrukcj\u0119 typu flip-top ze zintegrowanym magnesem zapewniaj\u0105cym bezpieczne zamkni\u0119cie. Wykonane z wysokiej jako\u015bci, ekologicznego papieru, pude\u0142ka s\u0105 wytrzyma\u0142e i trwa\u0142e. Powierzchnia jest pokryta dynamicznym, \u017cywym wzorem geometrycznym i logo konopi, tworz\u0105c uderzaj\u0105cy efekt estetyczny. Wn\u0119trze jest wy\u0142o\u017cone dok\u0142adnie wykonan\u0105 wy\u015bci\u00f3\u0142k\u0105 z pianki EVA, zapewniaj\u0105c\u0105 doskona\u0142e bezpiecze\u0144stwo przedmiot\u00f3w. Niezwykle spersonalizowany, od materia\u0142u po proces drukowania, jest optymaln\u0105 opcj\u0105 do poprawy zdj\u0119cia marki i przyci\u0105gni\u0119cia klient\u00f3w.<\/p>","protected":false},"featured_media":2340,"template":"","meta":{"_kad_post_transparent":"default","_kad_post_title":"","_kad_post_layout":"default","_kad_post_sidebar_id":"","_kad_post_content_style":"default","_kad_post_vertical_padding":"default","_kad_post_feature":"","_kad_post_feature_position":"","_kad_post_header":false,"_kad_post_footer":false,"_kad_post_classname":""},"product_brand":[],"product_cat":[15,17,39,27,18],"product_tag":[580,478,581],"class_list":{"0":"post-2339","1":"product","2":"type-product","3":"status-publish","4":"has-post-thumbnail","6":"product_cat-boxes-by-shapes","7":"product_cat-boxes-by-industries","8":"product_cat-cannabis-packaging","9":"product_cat-clamshell-boxes","10":"product_cat-magnetic-closure-boxes","11":"product_tag-concentrate-containers-packaging","12":"product_tag-custom-cannabis-boxes","13":"product_tag-custom-concentrate-packaging","15":"first","16":"instock","17":"shipping-taxable","18":"product-type-simple","19":"entry","20":"content-bg","21":"loop-entry"},"_links":{"self":[{"href":"https:\/\/chinacustomboxes.com\/pl\/wp-json\/wp\/v2\/product\/2339","targetHints":{"allow":["GET"]}}],"collection":[{"href":"https:\/\/chinacustomboxes.com\/pl\/wp-json\/wp\/v2\/product"}],"about":[{"href":"https:\/\/chinacustomboxes.com\/pl\/wp-json\/wp\/v2\/types\/product"}],"wp:featuredmedia":[{"embeddable":true,"href":"https:\/\/chinacustomboxes.com\/pl\/wp-json\/wp\/v2\/media\/2340"}],"wp:attachment":[{"href":"https:\/\/chinacustomboxes.com\/pl\/wp-json\/wp\/v2\/media?parent=2339"}],"wp:term":[{"taxonomy":"product_brand","embeddable":true,"href":"https:\/\/chinacustomboxes.com\/pl\/wp-json\/wp\/v2\/product_brand?post=2339"},{"taxonomy":"product_cat","embeddable":true,"href":"https:\/\/chinacustomboxes.com\/pl\/wp-json\/wp\/v2\/product_cat?post=2339"},{"taxonomy":"product_tag","embeddable":true,"href":"https:\/\/chinacustomboxes.com\/pl\/wp-json\/wp\/v2\/product_tag?post=2339"}],"curies":[{"name":"wp","href":"https:\/\/api.w.org\/{rel}","templated":true}]}}