{"id":2356,"date":"2025-08-26T01:35:19","date_gmt":"2025-08-26T01:35:19","guid":{"rendered":"https:\/\/chinacustomboxes.com\/?post_type=product&#038;p=2356"},"modified":"2025-08-26T02:22:48","modified_gmt":"2025-08-26T02:22:48","slug":"concentrate-shatter-extract-wax-packaging-boxes-printing-oem","status":"publish","type":"product","link":"https:\/\/chinacustomboxes.com\/pl\/concentrate-shatter-extract-wax-packaging-boxes-printing-oem\/","title":{"rendered":"Pude\u0142ka do pakowania wosku z ekstraktem z koncentratu Drukowanie OEM"},"content":{"rendered":"<h2 id=\"-concentrate-shatter-extract-wax-packaging-boxes-printing-oem-\"><strong>Pude\u0142ka do pakowania wosku z ekstraktem z koncentratu Drukowanie OEM\u00a0<\/strong><\/h2>\n<h2 id=\"-1-layout-and-experience-the-amazing-beauty-of-a-high-end-magnetic-flip-lid-box-book-shaped-box-\"><strong>1. Uk\u0142ad i do\u015bwiadczenie: Niesamowite pi\u0119kno wysokiej klasy magnetycznych skrzynek zamykaj\u0105cych\u00a0<\/strong><\/h2>\n<p>To opakowanie zawiera innowacyjne, wysokiej klasy <a href=\"https:\/\/chinacustomboxes.com\/pl\/magnetic-closure-boxes\/\"><strong>Pude\u0142ka z zamkni\u0119ciem magnetycznym <\/strong><\/a>uk\u0142ad. Jego wygl\u0105d przypomina starannie wykonan\u0105 publikacj\u0119 w twardej oprawie, a pokrywa otwiera si\u0119 i zamyka p\u0142ynnie i wygodnie dzi\u0119ki pomys\u0142owo zintegrowanym magnesom. Ka\u017cde otwarcie tworzy jedyne w swoim rodzaju, uroczyste do\u015bwiadczenie rozpakowywania. Wytrzyma\u0142a konstrukcja zapewnia wyj\u0105tkow\u0105 ochron\u0119 znajduj\u0105cego si\u0119 w \u015brodku przedmiotu, dzi\u0119ki czemu nadaje si\u0119 szczeg\u00f3lnie do przedmiot\u00f3w o wysokiej warto\u015bci lub delikatnych, takich jak koncentrat konopi indyjskich, shatter, ekstrakt i wosk. Uk\u0142ad ten nie tylko \u0142\u0105czy w sobie funkcjonalno\u015b\u0107 i bezpiecze\u0144stwo, ale tak\u017ce znacznie zwi\u0119ksza og\u00f3lne koszty produktu i wizerunek specjalistycznej marki.<\/p>\n<p><img fetchpriority=\"high\" decoding=\"async\" class=\"alignnone wp-image-2363 size-full\" src=\"https:\/\/chinacustomboxes.com\/wp-content\/uploads\/2025\/08\/Concentrate-Shatter-Extract-Wax-Packaging-Boxes-Printing-OEM-7.jpg\" alt=\"Pude\u0142ka do pakowania wosku z ekstraktem z koncentratu Drukowanie OEM\" width=\"1000\" height=\"1000\" title=\"\" srcset=\"https:\/\/chinacustomboxes.com\/wp-content\/uploads\/2025\/08\/Concentrate-Shatter-Extract-Wax-Packaging-Boxes-Printing-OEM-7.jpg 1000w, https:\/\/chinacustomboxes.com\/wp-content\/uploads\/2025\/08\/Concentrate-Shatter-Extract-Wax-Packaging-Boxes-Printing-OEM-7-300x300.jpg 300w, https:\/\/chinacustomboxes.com\/wp-content\/uploads\/2025\/08\/Concentrate-Shatter-Extract-Wax-Packaging-Boxes-Printing-OEM-7-150x150.jpg 150w, https:\/\/chinacustomboxes.com\/wp-content\/uploads\/2025\/08\/Concentrate-Shatter-Extract-Wax-Packaging-Boxes-Printing-OEM-7-768x768.jpg 768w, https:\/\/chinacustomboxes.com\/wp-content\/uploads\/2025\/08\/Concentrate-Shatter-Extract-Wax-Packaging-Boxes-Printing-OEM-7-12x12.jpg 12w, https:\/\/chinacustomboxes.com\/wp-content\/uploads\/2025\/08\/Concentrate-Shatter-Extract-Wax-Packaging-Boxes-Printing-OEM-7-600x600.jpg 600w, https:\/\/chinacustomboxes.com\/wp-content\/uploads\/2025\/08\/Concentrate-Shatter-Extract-Wax-Packaging-Boxes-Printing-OEM-7-100x100.jpg 100w\" sizes=\"(max-width: 1000px) 100vw, 1000px\" \/><\/p>\n<h2 id=\"-2-core-material-a-sturdy-and-eco-friendly-cardboard-composite-structure-\"><strong>2. Materia\u0142 rdzenia: Wytrzyma\u0142a i ekologiczna struktura kompozytowa z tektury<\/strong><\/h2>\n<p>G\u0142\u00f3wne ramy <a href=\"https:\/\/chinacustomboxes.com\/pl\/\">pude\u0142ka do pakowania<\/a> jest w wi\u0119kszo\u015bci wykonany z materia\u0142\u00f3w premium <strong>sztywny papier <\/strong>z zewn\u0119trzn\u0105 warstw\u0105 wyj\u0105tkowo powlekanego papieru. Szkielet z materia\u0142u kompozytowego jest nie tylko mocny i wytrzyma\u0142y, ale tak\u017ce zapewnia doskona\u0142\u0105 odporno\u015b\u0107 na \u015bciskanie i odkszta\u0142cenia, skutecznie chroni\u0105c przedmiot wewn\u0105trz przed zgnieceniem i uszkodzeniem podczas transportu i przechowywania w obiekcie. Ponadto nasz wyb\u00f3r produkt\u00f3w papierowych uwzgl\u0119dnia czynniki ekologiczne, wpisuj\u0105c si\u0119 w obecne globalne trendy konsumenckie na rzecz trwa\u0142ego wzrostu i daj\u0105c produktowi lepsze poczucie zobowi\u0105zania spo\u0142ecznego.<\/p>\n<p><img decoding=\"async\" class=\"alignnone wp-image-2362 size-full\" src=\"https:\/\/chinacustomboxes.com\/wp-content\/uploads\/2025\/08\/Concentrate-Shatter-Extract-Wax-Packaging-Boxes-Printing-OEM-6.jpg\" alt=\"Pude\u0142ka do pakowania wosku z ekstraktem z koncentratu Drukowanie OEM\" width=\"1000\" height=\"1000\" title=\"\" srcset=\"https:\/\/chinacustomboxes.com\/wp-content\/uploads\/2025\/08\/Concentrate-Shatter-Extract-Wax-Packaging-Boxes-Printing-OEM-6.jpg 1000w, https:\/\/chinacustomboxes.com\/wp-content\/uploads\/2025\/08\/Concentrate-Shatter-Extract-Wax-Packaging-Boxes-Printing-OEM-6-300x300.jpg 300w, https:\/\/chinacustomboxes.com\/wp-content\/uploads\/2025\/08\/Concentrate-Shatter-Extract-Wax-Packaging-Boxes-Printing-OEM-6-150x150.jpg 150w, https:\/\/chinacustomboxes.com\/wp-content\/uploads\/2025\/08\/Concentrate-Shatter-Extract-Wax-Packaging-Boxes-Printing-OEM-6-768x768.jpg 768w, https:\/\/chinacustomboxes.com\/wp-content\/uploads\/2025\/08\/Concentrate-Shatter-Extract-Wax-Packaging-Boxes-Printing-OEM-6-12x12.jpg 12w, https:\/\/chinacustomboxes.com\/wp-content\/uploads\/2025\/08\/Concentrate-Shatter-Extract-Wax-Packaging-Boxes-Printing-OEM-6-600x600.jpg 600w, https:\/\/chinacustomboxes.com\/wp-content\/uploads\/2025\/08\/Concentrate-Shatter-Extract-Wax-Packaging-Boxes-Printing-OEM-6-100x100.jpg 100w\" sizes=\"(max-width: 1000px) 100vw, 1000px\" \/><\/p>\n<h2 id=\"-3-printing-modern-technology-exquisite-craftsmanship-for-superior-visual-and-tactile-experience-\"><strong>3. Nowoczesna technologia druku: Znakomity kunszt zapewniaj\u0105cy doskona\u0142e wra\u017cenia wizualne i dotykowe<\/strong><\/h2>\n<p>Wykorzystujemy zaawansowan\u0105 technologi\u0119 druku, aby zapewni\u0107 bogate, \u017cywe odcienie i ostre, wyra\u017ane szczeg\u00f3\u0142y wizualne na powierzchni opakowania. Aby podkre\u015bli\u0107 logo marki i unikalne aspekty uk\u0142adu, stosujemy szereg procedur uzupe\u0142niaj\u0105cych, takich jak\u00a0<strong>punktowe UV <\/strong>oraz\u00a0<strong>Laminowanie matowe\u00a0<\/strong>. Obszar UV daje \u017cywy, wysoki po\u0142ysk w niekt\u00f3rych obszarach, tworz\u0105c wizualny punkt centralny, podczas gdy laminowanie matowe nadaje opakowaniu matow\u0105, wyj\u0105tkow\u0105 jako\u015b\u0107. To pomys\u0142owe po\u0142\u0105czenie proces\u00f3w nie tylko gwarantuje przyci\u0105gaj\u0105cy wzrok wygl\u0105d na p\u00f3\u0142ce, ale tak\u017ce zapewnia konsumentom niezwyk\u0142e wra\u017cenia dotykowe, zwi\u0119kszaj\u0105c ca\u0142kowit\u0105 warto\u015b\u0107 produktu.<\/p>\n<p><img decoding=\"async\" class=\"alignnone wp-image-2361 size-full\" src=\"https:\/\/chinacustomboxes.com\/wp-content\/uploads\/2025\/08\/Concentrate-Shatter-Extract-Wax-Packaging-Boxes-Printing-OEM-5.jpg\" alt=\"Pude\u0142ka do pakowania wosku z ekstraktem z koncentratu Drukowanie OEM\" width=\"1000\" height=\"1000\" title=\"\" srcset=\"https:\/\/chinacustomboxes.com\/wp-content\/uploads\/2025\/08\/Concentrate-Shatter-Extract-Wax-Packaging-Boxes-Printing-OEM-5.jpg 1000w, https:\/\/chinacustomboxes.com\/wp-content\/uploads\/2025\/08\/Concentrate-Shatter-Extract-Wax-Packaging-Boxes-Printing-OEM-5-300x300.jpg 300w, https:\/\/chinacustomboxes.com\/wp-content\/uploads\/2025\/08\/Concentrate-Shatter-Extract-Wax-Packaging-Boxes-Printing-OEM-5-150x150.jpg 150w, https:\/\/chinacustomboxes.com\/wp-content\/uploads\/2025\/08\/Concentrate-Shatter-Extract-Wax-Packaging-Boxes-Printing-OEM-5-768x768.jpg 768w, https:\/\/chinacustomboxes.com\/wp-content\/uploads\/2025\/08\/Concentrate-Shatter-Extract-Wax-Packaging-Boxes-Printing-OEM-5-12x12.jpg 12w, https:\/\/chinacustomboxes.com\/wp-content\/uploads\/2025\/08\/Concentrate-Shatter-Extract-Wax-Packaging-Boxes-Printing-OEM-5-600x600.jpg 600w, https:\/\/chinacustomboxes.com\/wp-content\/uploads\/2025\/08\/Concentrate-Shatter-Extract-Wax-Packaging-Boxes-Printing-OEM-5-100x100.jpg 100w\" sizes=\"(max-width: 1000px) 100vw, 1000px\" \/><\/p>\n<h2 id=\"-4-aesthetic-layout-a-perfect-blend-of-vibrant-shade-comparison-and-instinctive-graphics-\"><strong>4. Estetyczny uk\u0142ad: Idealne po\u0142\u0105czenie \u017cywych odcieni i instynktownej grafiki<\/strong><\/h2>\n<p>Je\u015bli chodzi o uk\u0142ad wizualny, te opakowania wykorzystuj\u0105 \u017cyw\u0105 i dynamiczn\u0105 kolorystyk\u0119. \u017bywy pomara\u0144czowy kontrastuje z uspokajaj\u0105cym ciemnobr\u0105zowym, tworz\u0105c solidne estetyczne por\u00f3wnanie, kt\u00f3re natychmiast przyci\u0105ga uwag\u0119 konsumenta. Pomara\u0144czowa cz\u0119\u015b\u0107 pude\u0142ek jest przerywana \u017cywym cytrynowym wzorem. Ten uk\u0142ad jest nie tylko przyjemny wizualnie, ale tak\u017ce intuicyjnie dzieli si\u0119 smakiem i cechami produktu, zapewniaj\u0105c niezawodn\u0105 komunikacj\u0119 estetyczn\u0105.<\/p>\n<h2 id=\"-5-key-accessory-the-resourceful-and-made-use-of-concealed-magnets-\"><strong>5. Kluczowe akcesorium: Pomys\u0142owe i wykonane z ukrytych magnes\u00f3w<\/strong><\/h2>\n<p>Podkre\u015blenie tego<a href=\"https:\/\/chinacustomboxes.com\/pl\/boxes-by-shapes\/\"> projektowanie pude\u0142ek do pakowania<\/a> jest ukryty system zamykania na magnes. Genialne wykorzystanie magnes\u00f3w gwarantuje bezpieczne zamkni\u0119cie bez konieczno\u015bci stosowania tradycyjnego zamka, bezb\u0142\u0119dnie zachowuj\u0105c prostot\u0119 uk\u0142adu i og\u00f3ln\u0105 estetyk\u0119. Ten u\u017cyteczny i estetyczny styl nie tylko zwi\u0119ksza komfort u\u017cytkowania, ale tak\u017ce wpisuje si\u0119 w mod\u0119 na wsp\u00f3\u0142czesne opakowania premium, kt\u00f3re podkre\u015blaj\u0105 prostot\u0119 i wyrafinowanie.<\/p>\n<p><img loading=\"lazy\" decoding=\"async\" class=\"alignnone wp-image-2359 size-full\" src=\"https:\/\/chinacustomboxes.com\/wp-content\/uploads\/2025\/08\/Concentrate-Shatter-Extract-Wax-Packaging-Boxes-Printing-OEM-3.jpg\" alt=\"Pude\u0142ka do pakowania wosku z ekstraktem z koncentratu Drukowanie OEM\" width=\"1000\" height=\"1000\" title=\"\" srcset=\"https:\/\/chinacustomboxes.com\/wp-content\/uploads\/2025\/08\/Concentrate-Shatter-Extract-Wax-Packaging-Boxes-Printing-OEM-3.jpg 1000w, https:\/\/chinacustomboxes.com\/wp-content\/uploads\/2025\/08\/Concentrate-Shatter-Extract-Wax-Packaging-Boxes-Printing-OEM-3-300x300.jpg 300w, https:\/\/chinacustomboxes.com\/wp-content\/uploads\/2025\/08\/Concentrate-Shatter-Extract-Wax-Packaging-Boxes-Printing-OEM-3-150x150.jpg 150w, https:\/\/chinacustomboxes.com\/wp-content\/uploads\/2025\/08\/Concentrate-Shatter-Extract-Wax-Packaging-Boxes-Printing-OEM-3-768x768.jpg 768w, https:\/\/chinacustomboxes.com\/wp-content\/uploads\/2025\/08\/Concentrate-Shatter-Extract-Wax-Packaging-Boxes-Printing-OEM-3-12x12.jpg 12w, https:\/\/chinacustomboxes.com\/wp-content\/uploads\/2025\/08\/Concentrate-Shatter-Extract-Wax-Packaging-Boxes-Printing-OEM-3-600x600.jpg 600w, https:\/\/chinacustomboxes.com\/wp-content\/uploads\/2025\/08\/Concentrate-Shatter-Extract-Wax-Packaging-Boxes-Printing-OEM-3-100x100.jpg 100w\" sizes=\"(max-width: 1000px) 100vw, 1000px\" \/><\/p>\n<h2 id=\"-6-interior-defense-customized-eva-foam-lining-\"><strong>6. Ochrona wn\u0119trza: Indywidualna wy\u015bci\u00f3\u0142ka z pianki EVA<\/strong><\/h2>\n<p>Aby zagwarantowa\u0107, \u017ce znajduj\u0105cy si\u0119 w nim produkt (np. puszka koncentratu) jest stabilnie umieszczony i optymalnie zabezpieczony w opakowaniu, oferujemy\u00a0<strong>Wy\u015bci\u00f3\u0142ka z pianki EVA\u00a0<\/strong>dostosowany do rozmiar\u00f3w i kszta\u0142tu produktu. Pianka EVA nie tylko zapewnia doskona\u0142e wra\u017cenia dotykowe, ale tak\u017ce zapewnia wyj\u0105tkow\u0105 amortyzacj\u0119 i wy\u015bci\u00f3\u0142k\u0119. Idealna wy\u015bci\u00f3\u0142ka skutecznie zapobiega dr\u017ceniu lub zderzaniu si\u0119 produktu w opakowaniu, znacznie zmniejszaj\u0105c uszkodzenia podczas transportu. Co wi\u0119cej, dobrze zdefiniowana podszewka bezb\u0142\u0119dnie poprawia ekran produktu po rozpakowaniu, tworz\u0105c fachowe i niezapomniane wra\u017cenie.<\/p>\n<p><img loading=\"lazy\" decoding=\"async\" class=\"alignnone wp-image-2357 size-full\" src=\"https:\/\/chinacustomboxes.com\/wp-content\/uploads\/2025\/08\/Concentrate-Shatter-Extract-Wax-Packaging-Boxes-Printing-OEM-1.jpg\" alt=\"Pude\u0142ka do pakowania wosku z ekstraktem z koncentratu Drukowanie OEM\" width=\"1000\" height=\"1000\" title=\"\" srcset=\"https:\/\/chinacustomboxes.com\/wp-content\/uploads\/2025\/08\/Concentrate-Shatter-Extract-Wax-Packaging-Boxes-Printing-OEM-1.jpg 1000w, https:\/\/chinacustomboxes.com\/wp-content\/uploads\/2025\/08\/Concentrate-Shatter-Extract-Wax-Packaging-Boxes-Printing-OEM-1-300x300.jpg 300w, https:\/\/chinacustomboxes.com\/wp-content\/uploads\/2025\/08\/Concentrate-Shatter-Extract-Wax-Packaging-Boxes-Printing-OEM-1-150x150.jpg 150w, https:\/\/chinacustomboxes.com\/wp-content\/uploads\/2025\/08\/Concentrate-Shatter-Extract-Wax-Packaging-Boxes-Printing-OEM-1-768x768.jpg 768w, https:\/\/chinacustomboxes.com\/wp-content\/uploads\/2025\/08\/Concentrate-Shatter-Extract-Wax-Packaging-Boxes-Printing-OEM-1-12x12.jpg 12w, https:\/\/chinacustomboxes.com\/wp-content\/uploads\/2025\/08\/Concentrate-Shatter-Extract-Wax-Packaging-Boxes-Printing-OEM-1-600x600.jpg 600w, https:\/\/chinacustomboxes.com\/wp-content\/uploads\/2025\/08\/Concentrate-Shatter-Extract-Wax-Packaging-Boxes-Printing-OEM-1-100x100.jpg 100w\" sizes=\"(max-width: 1000px) 100vw, 1000px\" \/><\/p>\n<h2 id=\"-7-customization-flexible-and-versatile-oem-solutions-\"><strong>7. Personalizacja: Elastyczne i wszechstronne rozwi\u0105zania OEM<\/strong><\/h2>\n<p>Jako produkt OEM (Original Equipment Maker), pude\u0142ka te obs\u0142uguj\u0105 szczeg\u00f3\u0142ow\u0105 personalizacj\u0119. Klienci mog\u0105 \u0142atwo wybra\u0107 i dostosowa\u0107 form\u0119 opakowania, rozmiar, produkt, nadruk i obr\u00f3bk\u0119 powierzchni, aby dopasowa\u0107 je do unikalnego pozycjonowania marki i okre\u015blonych wymaga\u0144 dotycz\u0105cych przedmiot\u00f3w. Ten wysoki poziom adaptacji i modyfikacji gwarantuje, \u017ce ostateczne opakowanie ca\u0142kowicie poprawi wizerunek marki i atrybuty produktu, pomagaj\u0105c w uzyskaniu szczeg\u00f3lnej rozpoznawalno\u015bci marki i konkurencji na konkurencyjnym rynku.<\/p>","protected":false},"excerpt":{"rendered":"<p>Poznaj spersonalizowane opakowania wosku Concentrate Shatter Extract Wax, kt\u00f3re \u0142\u0105cz\u0105 elegancki styl z niezwyk\u0142\u0105 ochron\u0105. Korzystamy z najwy\u017cszej jako\u015bci\u00a0<strong>pude\u0142ka z zamkni\u0119ciem magnetycznym <\/strong>z silnym zintegrowanym magnesem, tworz\u0105c jedyne w swoim rodzaju i autentyczne wra\u017cenie podczas otwierania i zamykania. Tekst pude\u0142ka jest wykonany z wytrzyma\u0142ego <b>sztywny papier<\/b>W celu uzyskania bogatego, wysokiej jako\u015bci wygl\u0105du na\u0142o\u017cono je na warstwowy papier i starannie opublikowano przy u\u017cyciu wielu metod, w tym laminowania punktowego UV i matowego. Wibruj\u0105ce zestawienie \u017cywego pomara\u0144czowego i uspokajaj\u0105cego ciemnobr\u0105zowego tworzy uderzaj\u0105cy efekt estetyczny. Indywidualny\u00a0<strong>Podszewka z pianki EVA\u00a0<\/strong>zapewnia ochron\u0119 przed wstrz\u0105sami dla produkt\u00f3w o wysokiej warto\u015bci, takich jak ogniska, ekstrakty shatter i woski. Jako do\u015bwiadczony producent OEM oferujemy szczeg\u00f3\u0142ow\u0105 personalizacj\u0119, od rozmiaru i produktu po projekt nadruku, aby pom\u00f3c Ci opracowa\u0107 opakowanie, kt\u00f3re doskonale uzupe\u0142ni wizerunek Twojej marki i zapewni przewag\u0119 rynkow\u0105.<\/p>","protected":false},"featured_media":2357,"template":"","meta":{"_kad_post_transparent":"default","_kad_post_title":"","_kad_post_layout":"default","_kad_post_sidebar_id":"","_kad_post_content_style":"default","_kad_post_vertical_padding":"default","_kad_post_feature":"","_kad_post_feature_position":"","_kad_post_header":false,"_kad_post_footer":false,"_kad_post_classname":""},"product_brand":[],"product_cat":[15,17,39,18],"product_tag":[475,583,582],"class_list":{"0":"post-2356","1":"product","2":"type-product","3":"status-publish","4":"has-post-thumbnail","6":"product_cat-boxes-by-shapes","7":"product_cat-boxes-by-industries","8":"product_cat-cannabis-packaging","9":"product_cat-magnetic-closure-boxes","10":"product_tag-concentrate-packaging","11":"product_tag-packaging-boxes-printing-oem","12":"product_tag-shatter-extract-packaging","14":"first","15":"instock","16":"shipping-taxable","17":"product-type-simple","18":"entry","19":"content-bg","20":"loop-entry"},"_links":{"self":[{"href":"https:\/\/chinacustomboxes.com\/pl\/wp-json\/wp\/v2\/product\/2356","targetHints":{"allow":["GET"]}}],"collection":[{"href":"https:\/\/chinacustomboxes.com\/pl\/wp-json\/wp\/v2\/product"}],"about":[{"href":"https:\/\/chinacustomboxes.com\/pl\/wp-json\/wp\/v2\/types\/product"}],"wp:featuredmedia":[{"embeddable":true,"href":"https:\/\/chinacustomboxes.com\/pl\/wp-json\/wp\/v2\/media\/2357"}],"wp:attachment":[{"href":"https:\/\/chinacustomboxes.com\/pl\/wp-json\/wp\/v2\/media?parent=2356"}],"wp:term":[{"taxonomy":"product_brand","embeddable":true,"href":"https:\/\/chinacustomboxes.com\/pl\/wp-json\/wp\/v2\/product_brand?post=2356"},{"taxonomy":"product_cat","embeddable":true,"href":"https:\/\/chinacustomboxes.com\/pl\/wp-json\/wp\/v2\/product_cat?post=2356"},{"taxonomy":"product_tag","embeddable":true,"href":"https:\/\/chinacustomboxes.com\/pl\/wp-json\/wp\/v2\/product_tag?post=2356"}],"curies":[{"name":"wp","href":"https:\/\/api.w.org\/{rel}","templated":true}]}}