{"id":2364,"date":"2025-08-26T02:23:22","date_gmt":"2025-08-26T02:23:22","guid":{"rendered":"https:\/\/chinacustomboxes.com\/?post_type=product&#038;p=2364"},"modified":"2025-08-26T02:51:33","modified_gmt":"2025-08-26T02:51:33","slug":"magnetic-closure-boxes-for-live-resin-crumble-wax-dab-hash","status":"publish","type":"product","link":"https:\/\/chinacustomboxes.com\/pl\/magnetic-closure-boxes-for-live-resin-crumble-wax-dab-hash\/","title":{"rendered":"Pude\u0142ka z magnetycznym zamkni\u0119ciem na \u017cywic\u0119 Crumble Wax Dab Hash"},"content":{"rendered":"<h2 id=\"magnetic-closure-boxes-for-live-resin-crumble-wax-dab-and-hash\">Pude\u0142ka z magnetycznym zamkni\u0119ciem na \u017cywic\u0119, kruszonk\u0119, wosk, dab i haszysz<\/h2>\n<p>Stworzony z my\u015bl\u0105 o produktach kosztowych, takich jak \u017cywa \u017cywica, kruszonka, wosk, dab i haszysz. <a href=\"https:\/\/chinacustomboxes.com\/pl\/magnetic-closure-boxes\/\">pude\u0142ka z zamkni\u0119ciem magnetycznym<\/a> to doskona\u0142y wyb\u00f3r do poprawy wizerunku marki i do\u015bwiadczenia u\u017cytkownika. Obejmuje klasyczny uk\u0142ad, trwa\u0142\u0105 konstrukcj\u0119 i starann\u0105 dba\u0142o\u015b\u0107 o informacje, tworz\u0105c niezr\u00f3wnane poczucie wysokiej klasy od momentu otwarcia pude\u0142ek przez klient\u00f3w.<\/p>\n<p><img fetchpriority=\"high\" decoding=\"async\" class=\"alignnone wp-image-2366 size-full\" src=\"https:\/\/chinacustomboxes.com\/wp-content\/uploads\/2025\/08\/Marijuana-Concentrate-Containers-Packaging-Magnetic-Boxes-3.jpg\" alt=\"Pojemniki na koncentrat marihuany Opakowania Pude\u0142ka magnetyczne\" width=\"1000\" height=\"1000\" title=\"\" srcset=\"https:\/\/chinacustomboxes.com\/wp-content\/uploads\/2025\/08\/Marijuana-Concentrate-Containers-Packaging-Magnetic-Boxes-3.jpg 1000w, https:\/\/chinacustomboxes.com\/wp-content\/uploads\/2025\/08\/Marijuana-Concentrate-Containers-Packaging-Magnetic-Boxes-3-300x300.jpg 300w, https:\/\/chinacustomboxes.com\/wp-content\/uploads\/2025\/08\/Marijuana-Concentrate-Containers-Packaging-Magnetic-Boxes-3-150x150.jpg 150w, https:\/\/chinacustomboxes.com\/wp-content\/uploads\/2025\/08\/Marijuana-Concentrate-Containers-Packaging-Magnetic-Boxes-3-768x768.jpg 768w, https:\/\/chinacustomboxes.com\/wp-content\/uploads\/2025\/08\/Marijuana-Concentrate-Containers-Packaging-Magnetic-Boxes-3-12x12.jpg 12w, https:\/\/chinacustomboxes.com\/wp-content\/uploads\/2025\/08\/Marijuana-Concentrate-Containers-Packaging-Magnetic-Boxes-3-600x600.jpg 600w, https:\/\/chinacustomboxes.com\/wp-content\/uploads\/2025\/08\/Marijuana-Concentrate-Containers-Packaging-Magnetic-Boxes-3-100x100.jpg 100w\" sizes=\"(max-width: 1000px) 100vw, 1000px\" \/><\/p>\n<h2 id=\"-1-timeless-book-shaped-framework-and-a-pleasant-opening-and-closing-experience-\"><strong>1. Ponadczasowa rama w kszta\u0142cie ksi\u0105\u017cki i przyjemne wra\u017cenia z otwierania i zamykania<\/strong><\/h2>\n<p>To opakowanie produktu ma tradycyjn\u0105 struktur\u0119 \"pude\u0142ka z magnetycznym zamkni\u0119ciem\" z zaawansowanym magnetycznym zamkni\u0119ciem. Uk\u0142ad ten nie tylko wygl\u0105da na wyrafinowany i wysokiej jako\u015bci, ale tak\u017ce wydaje wyra\u017any, przyjemny d\u017awi\u0119k \"klikni\u0119cia\" po otwarciu, znacznie zwi\u0119kszaj\u0105c poczucie wysokiej jako\u015bci produktu i poczucie rutyny klienta. Odchylana klapka zapewnia szeroki dost\u0119p i przestrze\u0144 do przechowywania, a sprytnie ukryte magnesy sprawiaj\u0105, \u017ce pokrywa pozostaje szczelnie zamkni\u0119ta, skutecznie chroni\u0105c cenny przedmiot w \u015brodku i zapobiegaj\u0105c niezamierzonemu otwarciu.<\/p>\n<p><img decoding=\"async\" class=\"alignnone wp-image-2368 size-full\" src=\"https:\/\/chinacustomboxes.com\/wp-content\/uploads\/2025\/08\/Marijuana-Concentrate-Containers-Packaging-Magnetic-Boxes-5.jpg\" alt=\"Pojemniki na koncentrat marihuany Opakowania Pude\u0142ka magnetyczne\" width=\"1000\" height=\"1000\" title=\"\" srcset=\"https:\/\/chinacustomboxes.com\/wp-content\/uploads\/2025\/08\/Marijuana-Concentrate-Containers-Packaging-Magnetic-Boxes-5.jpg 1000w, https:\/\/chinacustomboxes.com\/wp-content\/uploads\/2025\/08\/Marijuana-Concentrate-Containers-Packaging-Magnetic-Boxes-5-300x300.jpg 300w, https:\/\/chinacustomboxes.com\/wp-content\/uploads\/2025\/08\/Marijuana-Concentrate-Containers-Packaging-Magnetic-Boxes-5-150x150.jpg 150w, https:\/\/chinacustomboxes.com\/wp-content\/uploads\/2025\/08\/Marijuana-Concentrate-Containers-Packaging-Magnetic-Boxes-5-768x768.jpg 768w, https:\/\/chinacustomboxes.com\/wp-content\/uploads\/2025\/08\/Marijuana-Concentrate-Containers-Packaging-Magnetic-Boxes-5-12x12.jpg 12w, https:\/\/chinacustomboxes.com\/wp-content\/uploads\/2025\/08\/Marijuana-Concentrate-Containers-Packaging-Magnetic-Boxes-5-600x600.jpg 600w, https:\/\/chinacustomboxes.com\/wp-content\/uploads\/2025\/08\/Marijuana-Concentrate-Containers-Packaging-Magnetic-Boxes-5-100x100.jpg 100w\" sizes=\"(max-width: 1000px) 100vw, 1000px\" \/><\/p>\n<h2 id=\"-2-tough-and-reputable-high-quality-materials-\"><strong>2. Wytrzyma\u0142e i renomowane materia\u0142y wysokiej jako\u015bci<\/strong><\/h2>\n<p>Rdze\u0144 opakowania jest zbudowany ze sztywnego papieru o wysokiej g\u0119sto\u015bci, zapewniaj\u0105cego mocn\u0105 struktur\u0119 i du\u017c\u0105 odporno\u015b\u0107 na napr\u0119\u017cenia, skutecznie chroni\u0105c produkt przed zgnieceniem i skutkami podczas skomplikowanego transportu i przechowywania. Warstwa zewn\u0119trzna pokryta jest najwy\u017cszej jako\u015bci papierem powlekanym, kt\u00f3ry charakteryzuje si\u0119 g\u0142adk\u0105 i delikatn\u0105 powierzchni\u0105, stanowi\u0105c doskona\u0142\u0105 podstaw\u0119 dla znakomitego druku i zapewniaj\u0105c dok\u0142adne odwzorowanie kolor\u00f3w i wzor\u00f3w.<\/p>\n<h2 id=\"-3-continually-fine-tuned-craftsmanship-\"><strong>3. Nieustannie dopracowywane rzemios\u0142o<\/strong><\/h2>\n<p>D\u0105\u017cymy do doskona\u0142o\u015bci w ka\u017cdym szczeg\u00f3le. Kraw\u0119dzie opakowania s\u0105 \u0142atwo zako\u0144czone, a laminowany papier pod\u0142ogowy jest g\u0142adki i pozbawiony p\u0119cherzyk\u00f3w powietrza, co w pe\u0142ni demonstruje wysoki poziom rzemios\u0142a. Uk\u0142ad na pokrywie opakowania jest drukowany przy u\u017cyciu doskona\u0142ej nowoczesnej technologii druku pe\u0142nokolorowego, powoduj\u0105c nasycone kolory i wyra\u017ane obrazy, bezb\u0142\u0119dnie wychwytuj\u0105c skomplikowane projekty i uk\u0142ady logo marki.<\/p>\n<p><img decoding=\"async\" class=\"alignnone wp-image-2369 size-full\" src=\"https:\/\/chinacustomboxes.com\/wp-content\/uploads\/2025\/08\/Marijuana-Concentrate-Containers-Packaging-Magnetic-Boxes-6.jpg\" alt=\"Pojemniki na koncentrat marihuany Opakowania Pude\u0142ka magnetyczne\" width=\"1000\" height=\"1000\" title=\"\" srcset=\"https:\/\/chinacustomboxes.com\/wp-content\/uploads\/2025\/08\/Marijuana-Concentrate-Containers-Packaging-Magnetic-Boxes-6.jpg 1000w, https:\/\/chinacustomboxes.com\/wp-content\/uploads\/2025\/08\/Marijuana-Concentrate-Containers-Packaging-Magnetic-Boxes-6-300x300.jpg 300w, https:\/\/chinacustomboxes.com\/wp-content\/uploads\/2025\/08\/Marijuana-Concentrate-Containers-Packaging-Magnetic-Boxes-6-150x150.jpg 150w, https:\/\/chinacustomboxes.com\/wp-content\/uploads\/2025\/08\/Marijuana-Concentrate-Containers-Packaging-Magnetic-Boxes-6-768x768.jpg 768w, https:\/\/chinacustomboxes.com\/wp-content\/uploads\/2025\/08\/Marijuana-Concentrate-Containers-Packaging-Magnetic-Boxes-6-12x12.jpg 12w, https:\/\/chinacustomboxes.com\/wp-content\/uploads\/2025\/08\/Marijuana-Concentrate-Containers-Packaging-Magnetic-Boxes-6-600x600.jpg 600w, https:\/\/chinacustomboxes.com\/wp-content\/uploads\/2025\/08\/Marijuana-Concentrate-Containers-Packaging-Magnetic-Boxes-6-100x100.jpg 100w\" sizes=\"(max-width: 1000px) 100vw, 1000px\" \/><\/p>\n<h2 id=\"-4-vibrant-and-trendy-aesthetic-layout-\"><strong>4. \u017bywy i modny uk\u0142ad estetyczny<\/strong><\/h2>\n<p>Og\u00f3lny uk\u0142ad opakowania produktu jest m\u0142odzie\u0144czy, modny i porywaj\u0105cy. T\u0142o w \u017cywe zielone paski w po\u0142\u0105czeniu z niesamowit\u0105 postaci\u0105 arbuza w okularach przeciws\u0142onecznych tworzy stylow\u0105 i wyluzowan\u0105 atmosfer\u0119. Ten uderzaj\u0105cy projekt estetyczny natychmiast przyci\u0105ga zainteresowanie klient\u00f3w, pomagaj\u0105c produktowi przyci\u0105gn\u0105\u0107 uwag\u0119 na p\u00f3\u0142ce i bezb\u0142\u0119dnie wpisuj\u0105c si\u0119 w jego stylowe pozycjonowanie na rynku.<\/p>\n<h2 id=\"-5-hassle-free-and-high-end-magnetic-clamp-\"><strong>5. Bezproblemowy i wysokiej klasy zacisk magnetyczny<\/strong><\/h2>\n<p>Skuteczne magnesy wbudowane bezpo\u015brednio w pokryw\u0119 i <a href=\"https:\/\/chinacustomboxes.com\/pl\/\">pude\u0142ka<\/a> Korpus jest podstawow\u0105 funkcj\u0105 tego opakowania. S\u0105 one nie tylko praktycznym zamkni\u0119ciem, ale tak\u017ce elementem uk\u0142adu, kt\u00f3ry poprawia warto\u015b\u0107 produktu. W por\u00f3wnaniu z typowymi opakowaniami z zak\u0142adkami lub zatrzaskami, styl magnetyczny jest bardziej zaawansowany i bezproblemowy, znacznie zwi\u0119kszaj\u0105c ca\u0142kowit\u0105 warto\u015b\u0107 i wygod\u0119 u\u017cytkowania opakowania.<\/p>\n<p><img loading=\"lazy\" decoding=\"async\" class=\"alignnone wp-image-2367 size-full\" src=\"https:\/\/chinacustomboxes.com\/wp-content\/uploads\/2025\/08\/Marijuana-Concentrate-Containers-Packaging-Magnetic-Boxes-4.jpg\" alt=\"Pojemniki na koncentrat marihuany Opakowania Pude\u0142ka magnetyczne\" width=\"1000\" height=\"1000\" title=\"\" srcset=\"https:\/\/chinacustomboxes.com\/wp-content\/uploads\/2025\/08\/Marijuana-Concentrate-Containers-Packaging-Magnetic-Boxes-4.jpg 1000w, https:\/\/chinacustomboxes.com\/wp-content\/uploads\/2025\/08\/Marijuana-Concentrate-Containers-Packaging-Magnetic-Boxes-4-300x300.jpg 300w, https:\/\/chinacustomboxes.com\/wp-content\/uploads\/2025\/08\/Marijuana-Concentrate-Containers-Packaging-Magnetic-Boxes-4-150x150.jpg 150w, https:\/\/chinacustomboxes.com\/wp-content\/uploads\/2025\/08\/Marijuana-Concentrate-Containers-Packaging-Magnetic-Boxes-4-768x768.jpg 768w, https:\/\/chinacustomboxes.com\/wp-content\/uploads\/2025\/08\/Marijuana-Concentrate-Containers-Packaging-Magnetic-Boxes-4-12x12.jpg 12w, https:\/\/chinacustomboxes.com\/wp-content\/uploads\/2025\/08\/Marijuana-Concentrate-Containers-Packaging-Magnetic-Boxes-4-600x600.jpg 600w, https:\/\/chinacustomboxes.com\/wp-content\/uploads\/2025\/08\/Marijuana-Concentrate-Containers-Packaging-Magnetic-Boxes-4-100x100.jpg 100w\" sizes=\"(max-width: 1000px) 100vw, 1000px\" \/><\/p>\n<h2 id=\"-6-customized-inside-protection-\"><strong>6. Indywidualna ochrona wewn\u0119trzna<\/strong><\/h2>\n<p>Aby zapewni\u0107 idealn\u0105 ochron\u0119 produktu, opakowanie wewn\u0105trz zawiera spersonalizowan\u0105 wy\u015bci\u00f3\u0142k\u0119 z pianki EVA. Ta podszewka, uformowana do okre\u015blonego rozmiaru i kszta\u0142tu pojemnika na przedmiot (takiego jak silikonowy lub szklany pojemnik), bezpiecznie utrzymuje przedmiot na miejscu, zapewniaj\u0105c doskona\u0142\u0105 wy\u015bci\u00f3\u0142k\u0119 i ochron\u0119, skutecznie zatrzymuj\u0105c rezonans i uderzenia, zapewniaj\u0105c, \u017ce przedmiot pozostanie nienaruszony.<\/p>\n<p><img loading=\"lazy\" decoding=\"async\" class=\"alignnone wp-image-2365 size-full\" src=\"https:\/\/chinacustomboxes.com\/wp-content\/uploads\/2025\/08\/Marijuana-Concentrate-Containers-Packaging-Magnetic-Boxes-2.jpg\" alt=\"Pojemniki na koncentrat marihuany Opakowania Pude\u0142ka magnetyczne\" width=\"1000\" height=\"1000\" title=\"\" srcset=\"https:\/\/chinacustomboxes.com\/wp-content\/uploads\/2025\/08\/Marijuana-Concentrate-Containers-Packaging-Magnetic-Boxes-2.jpg 1000w, https:\/\/chinacustomboxes.com\/wp-content\/uploads\/2025\/08\/Marijuana-Concentrate-Containers-Packaging-Magnetic-Boxes-2-300x300.jpg 300w, https:\/\/chinacustomboxes.com\/wp-content\/uploads\/2025\/08\/Marijuana-Concentrate-Containers-Packaging-Magnetic-Boxes-2-150x150.jpg 150w, https:\/\/chinacustomboxes.com\/wp-content\/uploads\/2025\/08\/Marijuana-Concentrate-Containers-Packaging-Magnetic-Boxes-2-768x768.jpg 768w, https:\/\/chinacustomboxes.com\/wp-content\/uploads\/2025\/08\/Marijuana-Concentrate-Containers-Packaging-Magnetic-Boxes-2-12x12.jpg 12w, https:\/\/chinacustomboxes.com\/wp-content\/uploads\/2025\/08\/Marijuana-Concentrate-Containers-Packaging-Magnetic-Boxes-2-600x600.jpg 600w, https:\/\/chinacustomboxes.com\/wp-content\/uploads\/2025\/08\/Marijuana-Concentrate-Containers-Packaging-Magnetic-Boxes-2-100x100.jpg 100w\" sizes=\"(max-width: 1000px) 100vw, 1000px\" \/><\/p>\n<h2 id=\"-7-comprehensive-personalization-solutions-\"><strong>7. Kompleksowe rozwi\u0105zania do personalizacji<\/strong><\/h2>\n<p>Rozumiemy oryginalno\u015b\u0107 ka\u017cdej marki i oferujemy szczeg\u00f3\u0142owe rozwi\u0105zania personalizacyjne:.<\/p>\n<ul>\n<li><strong>Rozmiar i kszta\u0142t\u00a0<\/strong>: Mo\u017cemy dostosowa\u0107 dowolny rozmiar magnetycznych pude\u0142ek zamykaj\u0105cych lub innych innowacyjnych rozwi\u0105za\u0144. <a href=\"https:\/\/chinacustomboxes.com\/pl\/boxes-by-shapes\/\">kszta\u0142ty pude\u0142ek<\/a> w celu dopasowania do kszta\u0142tu i rozmiaru produktu.<\/li>\n<li><strong>Opcje produktu\u00a0<\/strong>: Oferujemy szerok\u0105 gam\u0119 alternatywnych rodzaj\u00f3w papieru, od zwyk\u0142ego kartonu po specjalistyczne dokumenty o r\u00f3\u017cnych g\u0119sto\u015bciach i kolorach, sk\u0142adaj\u0105ce si\u0119 z dokument\u00f3w responsywnych.<\/li>\n<li><strong>Zako\u0144czenie procesu\u00a0<\/strong>: Stosujemy szereg proces\u00f3w, w tym znakowanie na gor\u0105co, wyt\u0142aczanie UV, wyt\u0142aczanie i laminowanie (b\u0142yszcz\u0105ce lub matowe), aby dodatkowo podnie\u015b\u0107 jako\u015b\u0107 i efekt estetyczny opakowania.<\/li>\n<li><strong>Publikowanie tre\u015bci\u00a0<\/strong>: Precyzyjnie drukujemy styl marki, bezb\u0142\u0119dnie prezentuj\u0105c logo, informacje o produkcie i estetyczny uk\u0142ad.<\/li>\n<\/ul>","protected":false},"excerpt":{"rendered":"<p>Stworzone dla produkt\u00f3w takich jak Live Resin i Crumble, te wysokiej jako\u015bci opakowania magnetyczne maj\u0105 tradycyjny uk\u0142ad w kszta\u0142cie ksi\u0105\u017cki, otwieraj\u0105 si\u0119 i zbieraj\u0105 wyra\u017anym klikni\u0119ciem, tworz\u0105c naprawd\u0119 niezapomniane wra\u017cenia. Opakowanie zawiera wytrzyma\u0142\u0105 tekturow\u0105 ram\u0119, pokryt\u0105 g\u0142adkim warstwowym papierem i modnym, niesamowitym arbuzowym wzorem anime, zapewniaj\u0105cym uderzaj\u0105cy efekt estetyczny. Wewn\u0105trz znajduje si\u0119 pianka EVA, specjalnie dostosowana do kszta\u0142tu produktu, zapewniaj\u0105ca najlepsz\u0105 ochron\u0119. To wyrafinowane, uduchowione i u\u017cyteczne opakowanie jest w pe\u0142ni spersonalizowane, od rozmiaru i produktu po ciep\u0142e znakowanie i obr\u00f3bk\u0119 UV, dzi\u0119ki czemu jest idealn\u0105 opcj\u0105 do zaprezentowania warto\u015bci Twojej marki.<\/p>","protected":false},"featured_media":2368,"template":"","meta":{"_kad_post_transparent":"default","_kad_post_title":"","_kad_post_layout":"default","_kad_post_sidebar_id":"","_kad_post_content_style":"default","_kad_post_vertical_padding":"default","_kad_post_feature":"","_kad_post_feature_position":"","_kad_post_header":false,"_kad_post_footer":false,"_kad_post_classname":""},"product_brand":[],"product_cat":[15,17,39,18],"product_tag":[584,585,581],"class_list":{"0":"post-2364","1":"product","2":"type-product","3":"status-publish","4":"has-post-thumbnail","6":"product_cat-boxes-by-shapes","7":"product_cat-boxes-by-industries","8":"product_cat-cannabis-packaging","9":"product_cat-magnetic-closure-boxes","10":"product_tag-concentrate-container-boxes","11":"product_tag-concentrate-packaging-boxes","12":"product_tag-custom-concentrate-packaging","14":"first","15":"instock","16":"shipping-taxable","17":"product-type-simple","18":"entry","19":"content-bg","20":"loop-entry"},"_links":{"self":[{"href":"https:\/\/chinacustomboxes.com\/pl\/wp-json\/wp\/v2\/product\/2364","targetHints":{"allow":["GET"]}}],"collection":[{"href":"https:\/\/chinacustomboxes.com\/pl\/wp-json\/wp\/v2\/product"}],"about":[{"href":"https:\/\/chinacustomboxes.com\/pl\/wp-json\/wp\/v2\/types\/product"}],"wp:featuredmedia":[{"embeddable":true,"href":"https:\/\/chinacustomboxes.com\/pl\/wp-json\/wp\/v2\/media\/2368"}],"wp:attachment":[{"href":"https:\/\/chinacustomboxes.com\/pl\/wp-json\/wp\/v2\/media?parent=2364"}],"wp:term":[{"taxonomy":"product_brand","embeddable":true,"href":"https:\/\/chinacustomboxes.com\/pl\/wp-json\/wp\/v2\/product_brand?post=2364"},{"taxonomy":"product_cat","embeddable":true,"href":"https:\/\/chinacustomboxes.com\/pl\/wp-json\/wp\/v2\/product_cat?post=2364"},{"taxonomy":"product_tag","embeddable":true,"href":"https:\/\/chinacustomboxes.com\/pl\/wp-json\/wp\/v2\/product_tag?post=2364"}],"curies":[{"name":"wp","href":"https:\/\/api.w.org\/{rel}","templated":true}]}}