{"id":2370,"date":"2025-08-27T03:23:55","date_gmt":"2025-08-27T03:23:55","guid":{"rendered":"https:\/\/chinacustomboxes.com\/?post_type=product&#038;p=2370"},"modified":"2025-09-03T07:49:16","modified_gmt":"2025-09-03T07:49:16","slug":"custom-magnetic-lid-eyeshadow-palette-packaging-wholesale","status":"publish","type":"product","link":"https:\/\/chinacustomboxes.com\/pl\/custom-magnetic-lid-eyeshadow-palette-packaging-wholesale\/","title":{"rendered":"Niestandardowe magnetyczne opakowania palet cieni do powiek hurtowo"},"content":{"rendered":"<h2 id=\"custom-magnetic-lid-eyeshadow-palette-packaging-wholesale\">Niestandardowe magnetyczne opakowania palet cieni do powiek hurtowo<\/h2>\n<p>Mamy przyjemno\u015b\u0107 zaprezentowa\u0107 nasze nowe, niestandardowe opakowania magnetycznych palet cieni do powiek. Zmotywowani po\u0142\u0105czeniem klasycznych ksi\u0105\u017cek i wsp\u00f3\u0142czesnej estetyki, naszym celem jest zaoferowanie markom kosmetyk\u00f3w premium opakowania, kt\u00f3re \u0142\u0105czy w sobie zar\u00f3wno artystyczny urok, jak i praktyczno\u015b\u0107.<\/p>\n<h2 id=\"-1-timeless-magnetic-book-shaped-box-style-a-blend-of-sophistication-and-safety-\"><strong>1. Ponadczasowy styl magnetycznego zamkni\u0119cia: Po\u0142\u0105czenie wyrafinowania i bezpiecze\u0144stwa <\/strong>.<\/h2>\n<p>Opakowanie tej palety cieni do powiek zawiera tradycyjny <a href=\"https:\/\/chinacustomboxes.com\/pl\/magnetic-closure-boxes\/\">pude\u0142ka z magnetycznym zamkni\u0119ciem pokrywy<\/a> Design z eleganckimi liniami, przypominaj\u0105cy delikatny notatnik lub eleganck\u0105 kopert\u00f3wk\u0119. Zintegrowany, ukryty uchwyt magnetyczny umo\u017cliwia otwieranie i zamykanie pokrywy bez wysi\u0142ku z wyra\u017anym klikni\u0119ciem, znacznie zwi\u0119kszaj\u0105c komfort u\u017cytkowania, jednocze\u015bnie zapewniaj\u0105c, \u017ce paleta pozostaje bezpiecznie na swoim miejscu podczas transportu, skutecznie chroni\u0105c delikatne cienie do powiek w \u015brodku.<\/p>\n<p><img fetchpriority=\"high\" decoding=\"async\" class=\"alignnone wp-image-2376 size-full\" src=\"https:\/\/chinacustomboxes.com\/wp-content\/uploads\/2025\/08\/Custom-Magnetic-Lid-Eyeshadow-Palette-Packaging-Wholesale-5.jpg\" alt=\"Niestandardowe magnetyczne opakowania palet cieni do powiek hurtowo\" width=\"1000\" height=\"1000\" title=\"\" srcset=\"https:\/\/chinacustomboxes.com\/wp-content\/uploads\/2025\/08\/Custom-Magnetic-Lid-Eyeshadow-Palette-Packaging-Wholesale-5.jpg 1000w, https:\/\/chinacustomboxes.com\/wp-content\/uploads\/2025\/08\/Custom-Magnetic-Lid-Eyeshadow-Palette-Packaging-Wholesale-5-300x300.jpg 300w, https:\/\/chinacustomboxes.com\/wp-content\/uploads\/2025\/08\/Custom-Magnetic-Lid-Eyeshadow-Palette-Packaging-Wholesale-5-150x150.jpg 150w, https:\/\/chinacustomboxes.com\/wp-content\/uploads\/2025\/08\/Custom-Magnetic-Lid-Eyeshadow-Palette-Packaging-Wholesale-5-768x768.jpg 768w, https:\/\/chinacustomboxes.com\/wp-content\/uploads\/2025\/08\/Custom-Magnetic-Lid-Eyeshadow-Palette-Packaging-Wholesale-5-12x12.jpg 12w, https:\/\/chinacustomboxes.com\/wp-content\/uploads\/2025\/08\/Custom-Magnetic-Lid-Eyeshadow-Palette-Packaging-Wholesale-5-600x600.jpg 600w, https:\/\/chinacustomboxes.com\/wp-content\/uploads\/2025\/08\/Custom-Magnetic-Lid-Eyeshadow-Palette-Packaging-Wholesale-5-100x100.jpg 100w\" sizes=\"(max-width: 1000px) 100vw, 1000px\" \/><\/p>\n<h2 id=\"-2-premium-product-choice-durability-and-quality-\"><strong>2. Wyb\u00f3r produkt\u00f3w premium: Trwa\u0142o\u015b\u0107 i jako\u015b\u0107\u00a0<\/strong>.<\/h2>\n<p>G\u0142\u00f3wne opakowanie jest wykonane ze sztywnego papieru o wysokiej g\u0119sto\u015bci, gwarantuj\u0105cego solidne i odporne na nacisk pude\u0142ka, skutecznie chroni\u0105ce przedmiot przed niezamierzonym uszkodzeniem podczas transportu i codziennego u\u017cytkowania. Zewn\u0119trzna warstwa jest pokryta specjalistycznym papierem lub warstwowym papierem o wysokiej gramaturze, dzi\u0119ki czemu opakowanie jest g\u0142adkie i wypolerowane, zapewniaj\u0105c niezr\u00f3wnane wra\u017cenie wysokiej klasy. Bogata struktura produkt\u00f3w doskonale odzwierciedla pozycjonowanie marki w segmencie premium.<\/p>\n<p><img decoding=\"async\" class=\"alignnone wp-image-2375 size-full\" src=\"https:\/\/chinacustomboxes.com\/wp-content\/uploads\/2025\/08\/Custom-Magnetic-Lid-Eyeshadow-Palette-Packaging-Wholesale-4.jpg\" alt=\"Niestandardowe magnetyczne opakowania palet cieni do powiek hurtowo\" width=\"1000\" height=\"1000\" title=\"\" srcset=\"https:\/\/chinacustomboxes.com\/wp-content\/uploads\/2025\/08\/Custom-Magnetic-Lid-Eyeshadow-Palette-Packaging-Wholesale-4.jpg 1000w, https:\/\/chinacustomboxes.com\/wp-content\/uploads\/2025\/08\/Custom-Magnetic-Lid-Eyeshadow-Palette-Packaging-Wholesale-4-300x300.jpg 300w, https:\/\/chinacustomboxes.com\/wp-content\/uploads\/2025\/08\/Custom-Magnetic-Lid-Eyeshadow-Palette-Packaging-Wholesale-4-150x150.jpg 150w, https:\/\/chinacustomboxes.com\/wp-content\/uploads\/2025\/08\/Custom-Magnetic-Lid-Eyeshadow-Palette-Packaging-Wholesale-4-768x768.jpg 768w, https:\/\/chinacustomboxes.com\/wp-content\/uploads\/2025\/08\/Custom-Magnetic-Lid-Eyeshadow-Palette-Packaging-Wholesale-4-12x12.jpg 12w, https:\/\/chinacustomboxes.com\/wp-content\/uploads\/2025\/08\/Custom-Magnetic-Lid-Eyeshadow-Palette-Packaging-Wholesale-4-600x600.jpg 600w, https:\/\/chinacustomboxes.com\/wp-content\/uploads\/2025\/08\/Custom-Magnetic-Lid-Eyeshadow-Palette-Packaging-Wholesale-4-100x100.jpg 100w\" sizes=\"(max-width: 1000px) 100vw, 1000px\" \/><\/p>\n<h2 id=\"-3-stunning-surface-area-workmanship-a-three-dimensional-feast-for-the-tactile-and-visual-picks-up-\"><strong>3. Osza\u0142amiaj\u0105ca jako\u015b\u0107 wykonania powierzchni: Tr\u00f3jwymiarowa uczta dla zmys\u0142\u00f3w dotyku i wzroku\u00a0<\/strong>.<\/h2>\n<p>Najbardziej uderzaj\u0105cym atrybutem tego opakowania jest jego niezwyk\u0142a terapia powierzchniowa. Deweloper umiej\u0119tnie wykorzysta\u0142 strategie wyt\u0142aczania 3D lub klejenia \/ klejenia kryszta\u0142\u00f3w, aby uzyska\u0107 realistyczny tr\u00f3jwymiarowy efekt per\u0142owych i rubinowych wzor\u00f3w kwiatowych pokazanych na zdj\u0119ciu. Przesuwaj\u0105c si\u0119 po powierzchni, delikatna struktura ods\u0142ania unikaln\u0105 falist\u0105 struktur\u0119, tworz\u0105c niesamowity efekt. Specyficzny czterokolorowy (CMYK) lub punktowy druk kolorowy bezb\u0142\u0119dnie odtwarza delikatny blask i kruche fa\u0142dy jedwabnej historii, o\u017cywiaj\u0105c ca\u0142y projekt jak dzie\u0142o sztuki.<\/p>\n<p><img decoding=\"async\" class=\"alignnone wp-image-2374 size-full\" src=\"https:\/\/chinacustomboxes.com\/wp-content\/uploads\/2025\/08\/Custom-Magnetic-Lid-Eyeshadow-Palette-Packaging-Wholesale-3.jpg\" alt=\"Niestandardowe magnetyczne opakowania palet cieni do powiek hurtowo\" width=\"1000\" height=\"1000\" title=\"\" srcset=\"https:\/\/chinacustomboxes.com\/wp-content\/uploads\/2025\/08\/Custom-Magnetic-Lid-Eyeshadow-Palette-Packaging-Wholesale-3.jpg 1000w, https:\/\/chinacustomboxes.com\/wp-content\/uploads\/2025\/08\/Custom-Magnetic-Lid-Eyeshadow-Palette-Packaging-Wholesale-3-300x300.jpg 300w, https:\/\/chinacustomboxes.com\/wp-content\/uploads\/2025\/08\/Custom-Magnetic-Lid-Eyeshadow-Palette-Packaging-Wholesale-3-150x150.jpg 150w, https:\/\/chinacustomboxes.com\/wp-content\/uploads\/2025\/08\/Custom-Magnetic-Lid-Eyeshadow-Palette-Packaging-Wholesale-3-768x768.jpg 768w, https:\/\/chinacustomboxes.com\/wp-content\/uploads\/2025\/08\/Custom-Magnetic-Lid-Eyeshadow-Palette-Packaging-Wholesale-3-12x12.jpg 12w, https:\/\/chinacustomboxes.com\/wp-content\/uploads\/2025\/08\/Custom-Magnetic-Lid-Eyeshadow-Palette-Packaging-Wholesale-3-600x600.jpg 600w, https:\/\/chinacustomboxes.com\/wp-content\/uploads\/2025\/08\/Custom-Magnetic-Lid-Eyeshadow-Palette-Packaging-Wholesale-3-100x100.jpg 100w\" sizes=\"(max-width: 1000px) 100vw, 1000px\" \/><\/p>\n<h2 id=\"-4-glamorous-shade-looks-a-visual-discussion-of-the-aristocracy-and-beauty-\"><strong>4. Glamourous Shade Looks: Wizualna dyskusja na temat arystokracji i pi\u0119kna<\/strong><\/h2>\n<p>Og\u00f3lne opakowanie wykorzystuje delikatne szampa\u0144skie z\u0142oto i odcie\u0144 z\u0142amanej bieli, tworz\u0105c przytuln\u0105, stylow\u0105 i kobiec\u0105 atmosfer\u0119 estetyczn\u0105. Naturalne zmiany odcienia i ekstremalny po\u0142ysk, przywo\u0142uj\u0105cy na my\u015bl p\u0142yn\u0105cy jedwab, bezb\u0142\u0119dnie podkre\u015blaj\u0105 po\u0142ysk bi\u017cuterii, szybko przyci\u0105gaj\u0105c uwag\u0119 konsument\u00f3w i stymuluj\u0105c siln\u0105 potrzeb\u0119 zakupu.<\/p>\n<h2 id=\"-5-user-friendly-internal-layout-taken-into-consideration-for-functionality-and-mobility-\"><strong>5. Przyjazny dla u\u017cytkownika uk\u0142ad wewn\u0119trzny: Uwzgl\u0119dniono funkcjonalno\u015b\u0107 i mobilno\u015b\u0107\u00a0<\/strong>.<\/h2>\n<p>Aby zwi\u0119kszy\u0107 warto\u015b\u0107 dodan\u0105 i praktyczno\u015b\u0107 produktu, wewn\u0105trz pokrywy starannie osadzono lusterko do makija\u017cu o wysokiej rozdzielczo\u015bci. Idealny rozmiar i wysoka przejrzysto\u015b\u0107 lusterka pozwalaj\u0105 na \u0142atw\u0105 aplikacj\u0119 i poprawki w dowolnym miejscu i czasie. Ten przemy\u015blany styl znacznie zwi\u0119ksza funkcjonalno\u015b\u0107 i mobilno\u015b\u0107 produktu, czyni\u0105c go doskona\u0142ym przyjacielem w podr\u00f3\u017cy lub na co dzie\u0144 dla wielkomiejskich pi\u0119kno\u015bci.<\/p>\n<p><img loading=\"lazy\" decoding=\"async\" class=\"alignnone wp-image-2373 size-full\" src=\"https:\/\/chinacustomboxes.com\/wp-content\/uploads\/2025\/08\/Custom-Magnetic-Lid-Eyeshadow-Palette-Packaging-Wholesale-2.jpg\" alt=\"Niestandardowe magnetyczne opakowania palet cieni do powiek hurtowo\" width=\"1000\" height=\"1000\" title=\"\" srcset=\"https:\/\/chinacustomboxes.com\/wp-content\/uploads\/2025\/08\/Custom-Magnetic-Lid-Eyeshadow-Palette-Packaging-Wholesale-2.jpg 1000w, https:\/\/chinacustomboxes.com\/wp-content\/uploads\/2025\/08\/Custom-Magnetic-Lid-Eyeshadow-Palette-Packaging-Wholesale-2-300x300.jpg 300w, https:\/\/chinacustomboxes.com\/wp-content\/uploads\/2025\/08\/Custom-Magnetic-Lid-Eyeshadow-Palette-Packaging-Wholesale-2-150x150.jpg 150w, https:\/\/chinacustomboxes.com\/wp-content\/uploads\/2025\/08\/Custom-Magnetic-Lid-Eyeshadow-Palette-Packaging-Wholesale-2-768x768.jpg 768w, https:\/\/chinacustomboxes.com\/wp-content\/uploads\/2025\/08\/Custom-Magnetic-Lid-Eyeshadow-Palette-Packaging-Wholesale-2-12x12.jpg 12w, https:\/\/chinacustomboxes.com\/wp-content\/uploads\/2025\/08\/Custom-Magnetic-Lid-Eyeshadow-Palette-Packaging-Wholesale-2-600x600.jpg 600w, https:\/\/chinacustomboxes.com\/wp-content\/uploads\/2025\/08\/Custom-Magnetic-Lid-Eyeshadow-Palette-Packaging-Wholesale-2-100x100.jpg 100w\" sizes=\"(max-width: 1000px) 100vw, 1000px\" \/><\/p>\n<h2 id=\"-6-accuracy-lined-security-a-guarantee-of-stability-and-security-\"><strong>6. Bezpiecze\u0144stwo oparte na dok\u0142adno\u015bci: Gwarancja stabilno\u015bci i bezpiecze\u0144stwa\u00a0<\/strong>.<\/h2>\n<p>Podstawa palety cieni do powiek wewn\u0105trz opakowania jest specjalnie wyci\u0119ta, z niestandardowym okr\u0105g\u0142ym rowkiem dla ka\u017cdego kompaktowego cienia do powiek. Ten styl bezpiecznie utrzymuje palet\u0119 na miejscu, skutecznie zapobiegaj\u0105c uszkodzeniom pudru spowodowanym dr\u017ceniem, uderzeniami lub nieoczekiwanymi upadkami, zapewniaj\u0105c najbardziej niezawodn\u0105 i kompleksow\u0105 ochron\u0119 produktu.<\/p>\n<h2 id=\"-7-full-customization-produce-your-special-brand-stamp-\"><strong>7. Pe\u0142na personalizacja: Stw\u00f3rz sw\u00f3j specjalny znaczek firmowy\u00a0<\/strong>.<\/h2>\n<p>Rozumiemy wyj\u0105tkowo\u015b\u0107 ka\u017cdej marki i oferujemy szerokie us\u0142ugi dostosowywania:.<\/p>\n<ul>\n<li><strong>Rozmiary i specyfikacje\u00a0<\/strong>: Marki mog\u0105 \u0142atwo<a href=\"https:\/\/chinacustomboxes.com\/pl\/\"> niestandardowe pude\u0142ka do pakowania<\/a> o dowolnym wymiarze w oparciu o ilo\u015b\u0107 i wymiar ich cieni do powiek.<\/li>\n<li><strong>Wyb\u00f3r materia\u0142u\u00a0<\/strong>: Oferujemy szerok\u0105 gam\u0119 papier\u00f3w specjalnych, dokument\u00f3w responsywnych i ekologicznych, kt\u00f3re pasuj\u0105 do ka\u017cdego projektu i planu wydatk\u00f3w.<\/li>\n<li><strong>Kombinacje rzemie\u015blnicze\u00a0<\/strong>: Mo\u017cesz otwarcie \u0142\u0105czy\u0107 wysokiej jako\u015bci rzemios\u0142o, takie jak znakowanie na ciep\u0142o, obr\u00f3bka UV, wyt\u0142aczanie i laminowanie, aby uzyska\u0107 specjalne efekty wizualne i responsywne.<\/li>\n<li><strong>Reprodukcja projektu\u00a0<\/strong>: Obiecujemy drukowa\u0107 dok\u0142adnie zgodnie ze stylem marki, korzystaj\u0105c z zaawansowanego systemu monitorowania odcieni, aby precyzyjnie powiela\u0107 ka\u017cdy kolor i informacje o wzorze.<\/li>\n<\/ul>\n<p><img loading=\"lazy\" decoding=\"async\" class=\"alignnone wp-image-2372 size-full\" src=\"https:\/\/chinacustomboxes.com\/wp-content\/uploads\/2025\/08\/Custom-Magnetic-Lid-Eyeshadow-Palette-Packaging-Wholesale-1.jpg\" alt=\"Niestandardowe magnetyczne opakowania palet cieni do powiek hurtowo\" width=\"1000\" height=\"1000\" title=\"\" srcset=\"https:\/\/chinacustomboxes.com\/wp-content\/uploads\/2025\/08\/Custom-Magnetic-Lid-Eyeshadow-Palette-Packaging-Wholesale-1.jpg 1000w, https:\/\/chinacustomboxes.com\/wp-content\/uploads\/2025\/08\/Custom-Magnetic-Lid-Eyeshadow-Palette-Packaging-Wholesale-1-300x300.jpg 300w, https:\/\/chinacustomboxes.com\/wp-content\/uploads\/2025\/08\/Custom-Magnetic-Lid-Eyeshadow-Palette-Packaging-Wholesale-1-150x150.jpg 150w, https:\/\/chinacustomboxes.com\/wp-content\/uploads\/2025\/08\/Custom-Magnetic-Lid-Eyeshadow-Palette-Packaging-Wholesale-1-768x768.jpg 768w, https:\/\/chinacustomboxes.com\/wp-content\/uploads\/2025\/08\/Custom-Magnetic-Lid-Eyeshadow-Palette-Packaging-Wholesale-1-12x12.jpg 12w, https:\/\/chinacustomboxes.com\/wp-content\/uploads\/2025\/08\/Custom-Magnetic-Lid-Eyeshadow-Palette-Packaging-Wholesale-1-600x600.jpg 600w, https:\/\/chinacustomboxes.com\/wp-content\/uploads\/2025\/08\/Custom-Magnetic-Lid-Eyeshadow-Palette-Packaging-Wholesale-1-100x100.jpg 100w\" sizes=\"(max-width: 1000px) 100vw, 1000px\" \/><\/p>\n<h2 id=\"-8-ultra-fast-digital-proofing-take-the-market-opportunity-\"><strong>8. Ultraszybki cyfrowy proofing: Wykorzystaj szans\u0119 rynkow\u0105<\/strong><\/h2>\n<p>Dzi\u0119ki zaawansowanemu elektronicznemu sprz\u0119towi do proofingu i efektywnemu wysi\u0142kowi zespo\u0142owemu, zapewniamy uko\u0144czenie przyk\u0142adowej produkcji w ci\u0105gu zaledwie jednej godziny. Ta us\u0142uga \"to, co widzisz, jest tym, co otrzymujesz\" pozwala szybko zweryfikowa\u0107 uk\u0142ad i wyobrazi\u0107 sobie produkt ko\u0144cowy w najszybszym mo\u017cliwym czasie, zwi\u0119kszaj\u0105c post\u0119p w zakresie produkt\u00f3w i wprowadzaj\u0105c je na rynek, pomagaj\u0105c uzyska\u0107 korzy\u015bci na bardzo konkurencyjnym rynku.<\/p>","protected":false},"excerpt":{"rendered":"<p>Ta elegancka magnetyczna paleta cieni do powiek posiada eleganckie magnetyczne zamkni\u0119cie z ukrytym magnetycznym uchwytem, kt\u00f3re zapewnia modne otwieranie i zamykanie. Wytrzyma\u0142a konstrukcja z szarej tektury i delikatny, specjalistyczny papier stanowi\u0105 uciele\u015bnienie wyj\u0105tkowej jako\u015bci. Jego najbardziej uderzaj\u0105c\u0105 funkcj\u0105 jest wspania\u0142e t\u0142oczenie 3D, kt\u00f3re tworzy tr\u00f3jwymiarowy per\u0142owy i diamentowy wz\u00f3r kwiatowy, tworz\u0105c rewelacyjny efekt dotykowy i estetyczny. Delikatnie po\u0142yskuj\u0105ce z\u0142oto wina i odcienie z\u0142amanej bieli tworz\u0105 efektown\u0105 i ciep\u0142\u0105 atmosfer\u0119. Wbudowane lusterko do makija\u017cu o wysokiej rozdzielczo\u015bci i precyzyjnie wyci\u0119ta podszewka zapewniaj\u0105 zar\u00f3wno mobilno\u015b\u0107, jak i bezpiecze\u0144stwo produktu. Oferujemy kompleksowe rozwi\u0105zania w zakresie personalizacji, pocz\u0105wszy od wymiar\u00f3w, produktu i wykonania, a tak\u017ce zapewniamy szybki proof w ci\u0105gu godziny, pomagaj\u0105c w szybkim wprowadzeniu w \u017cycie koncepcji uk\u0142adu i stworzeniu specjalnego, zupe\u0142nie nowego hitu.<\/p>","protected":false},"featured_media":2375,"template":"","meta":{"_kad_post_transparent":"default","_kad_post_title":"","_kad_post_layout":"default","_kad_post_sidebar_id":"","_kad_post_content_style":"default","_kad_post_vertical_padding":"default","_kad_post_feature":"","_kad_post_feature_position":"","_kad_post_header":false,"_kad_post_footer":false,"_kad_post_classname":""},"product_brand":[],"product_cat":[15,17,28,18],"product_tag":[588,590,589],"class_list":{"0":"post-2370","1":"product","2":"type-product","3":"status-publish","4":"has-post-thumbnail","6":"product_cat-boxes-by-shapes","7":"product_cat-boxes-by-industries","8":"product_cat-cosmetic-packaging-boxes","9":"product_cat-magnetic-closure-boxes","10":"product_tag-custom-magnetic-lid-boxes","11":"product_tag-custom-packaging-boxes-wholesale","12":"product_tag-eyeshadow-palette-packaging","14":"first","15":"instock","16":"shipping-taxable","17":"product-type-simple","18":"entry","19":"content-bg","20":"loop-entry"},"_links":{"self":[{"href":"https:\/\/chinacustomboxes.com\/pl\/wp-json\/wp\/v2\/product\/2370","targetHints":{"allow":["GET"]}}],"collection":[{"href":"https:\/\/chinacustomboxes.com\/pl\/wp-json\/wp\/v2\/product"}],"about":[{"href":"https:\/\/chinacustomboxes.com\/pl\/wp-json\/wp\/v2\/types\/product"}],"wp:featuredmedia":[{"embeddable":true,"href":"https:\/\/chinacustomboxes.com\/pl\/wp-json\/wp\/v2\/media\/2375"}],"wp:attachment":[{"href":"https:\/\/chinacustomboxes.com\/pl\/wp-json\/wp\/v2\/media?parent=2370"}],"wp:term":[{"taxonomy":"product_brand","embeddable":true,"href":"https:\/\/chinacustomboxes.com\/pl\/wp-json\/wp\/v2\/product_brand?post=2370"},{"taxonomy":"product_cat","embeddable":true,"href":"https:\/\/chinacustomboxes.com\/pl\/wp-json\/wp\/v2\/product_cat?post=2370"},{"taxonomy":"product_tag","embeddable":true,"href":"https:\/\/chinacustomboxes.com\/pl\/wp-json\/wp\/v2\/product_tag?post=2370"}],"curies":[{"name":"wp","href":"https:\/\/api.w.org\/{rel}","templated":true}]}}