{"id":2377,"date":"2025-09-03T07:25:49","date_gmt":"2025-09-03T07:25:49","guid":{"rendered":"https:\/\/chinacustomboxes.com\/?post_type=product&#038;p=2377"},"modified":"2025-09-03T07:25:49","modified_gmt":"2025-09-03T07:25:49","slug":"magnetic-closure-makeup-palettes-eyeshadow-packaging-boxes","status":"publish","type":"product","link":"https:\/\/chinacustomboxes.com\/pl\/magnetic-closure-makeup-palettes-eyeshadow-packaging-boxes\/","title":{"rendered":"Pude\u0142ka do pakowania cieni do powiek z zamkni\u0119ciem magnetycznym"},"content":{"rendered":"<h2 id=\"magnetic-eyeshadow-box-a-perfect-blend-of-elegant-layout-and-superior-craftsmanship\">Pude\u0142ka do pakowania cieni do powiek z zamkni\u0119ciem magnetycznym<\/h2>\n<p>Z przyjemno\u015bci\u0105 przedstawiamy nasz\u0105 now\u0105<a href=\"https:\/\/chinacustomboxes.com\/pl\/magnetic-closure-boxes\/\"> pude\u0142ka z zamkni\u0119ciem magnetycznym<\/a>zainspirowany ksi\u0105\u017ck\u0105 w twardej oprawie. Ma na celu zapewnienie doskona\u0142ego opakowania dla produkt\u00f3w do makija\u017cu, \u0142\u0105cz\u0105c artystyczny urok z u\u017cytecznymi mo\u017cliwo\u015bciami.<\/p>\n<p><img fetchpriority=\"high\" decoding=\"async\" class=\"wp-image-2378 size-full\" src=\"https:\/\/chinacustomboxes.com\/wp-content\/uploads\/2025\/09\/Magnetic-Closure-Makeup-Palettes-Eyeshadow-Packaging-Boxes-1.jpg\" alt=\"Pude\u0142ka do pakowania cieni do powiek z zamkni\u0119ciem magnetycznym\" width=\"1000\" height=\"1000\" title=\"\" srcset=\"https:\/\/chinacustomboxes.com\/wp-content\/uploads\/2025\/09\/Magnetic-Closure-Makeup-Palettes-Eyeshadow-Packaging-Boxes-1.jpg 1000w, https:\/\/chinacustomboxes.com\/wp-content\/uploads\/2025\/09\/Magnetic-Closure-Makeup-Palettes-Eyeshadow-Packaging-Boxes-1-300x300.jpg 300w, https:\/\/chinacustomboxes.com\/wp-content\/uploads\/2025\/09\/Magnetic-Closure-Makeup-Palettes-Eyeshadow-Packaging-Boxes-1-150x150.jpg 150w, https:\/\/chinacustomboxes.com\/wp-content\/uploads\/2025\/09\/Magnetic-Closure-Makeup-Palettes-Eyeshadow-Packaging-Boxes-1-768x768.jpg 768w, https:\/\/chinacustomboxes.com\/wp-content\/uploads\/2025\/09\/Magnetic-Closure-Makeup-Palettes-Eyeshadow-Packaging-Boxes-1-12x12.jpg 12w, https:\/\/chinacustomboxes.com\/wp-content\/uploads\/2025\/09\/Magnetic-Closure-Makeup-Palettes-Eyeshadow-Packaging-Boxes-1-600x600.jpg 600w, https:\/\/chinacustomboxes.com\/wp-content\/uploads\/2025\/09\/Magnetic-Closure-Makeup-Palettes-Eyeshadow-Packaging-Boxes-1-100x100.jpg 100w\" sizes=\"(max-width: 1000px) 100vw, 1000px\" \/><\/p>\n<h2 id=\"1-unique-publication-style-\">1.\u00a0<strong>Unikalny styl publikacji<\/strong><\/h2>\n<p>Wyrafinowany <a href=\"https:\/\/chinacustomboxes.com\/pl\/unusual-shaped-boxes\/\">podw\u00f3jne otwieranie drzwi<\/a> Stylistyka przypomina wygl\u0105dem ksi\u0105\u017ck\u0119, przywo\u0142uj\u0105c na my\u015bl dobr\u0105 ksi\u0105\u017ck\u0119, tworz\u0105c bardzo pomys\u0142owe i kolekcjonerskie do\u015bwiadczenie. Proporcjonalne podw\u00f3jne drzwiczki zamykaj\u0105 si\u0119 za pomoc\u0105 magnes\u00f3w, tworz\u0105c rytualne do\u015bwiadczenie otwierania, kt\u00f3re zapewnia fascynuj\u0105ce wra\u017cenia podczas rozpakowywania i znacznie wzmacnia wizerunek marki.<\/p>\n<h2 id=\"2-premium-products-sturdy-security-\">2.\u00a0<strong>Produkty premium, solidne zabezpieczenia<\/strong><\/h2>\n<p>The <a href=\"https:\/\/chinacustomboxes.com\/pl\/\">pude\u0142ka<\/a> jest wykonany z najwy\u017cszej jako\u015bci szarej tektury i pokryty wysokiej jako\u015bci papierem, co gwarantuje jego wytrzyma\u0142o\u015b\u0107 i d\u0142ugowieczno\u015b\u0107. Produkt ten jest nie tylko wyj\u0105tkowo odporny na nacisk, skutecznie zabezpieczaj\u0105c delikatne palety cieni do powiek w \u015brodku, ale tak\u017ce prezentuje koszty, precyzyjnie dostrojone uczucie.<\/p>\n<p><img decoding=\"async\" class=\"alignnone wp-image-2379 size-full\" src=\"https:\/\/chinacustomboxes.com\/wp-content\/uploads\/2025\/09\/Magnetic-Closure-Makeup-Palettes-Eyeshadow-Packaging-Boxes-2.jpg\" alt=\"Pude\u0142ka do pakowania cieni do powiek z zamkni\u0119ciem magnetycznym\" width=\"1000\" height=\"1000\" title=\"\" srcset=\"https:\/\/chinacustomboxes.com\/wp-content\/uploads\/2025\/09\/Magnetic-Closure-Makeup-Palettes-Eyeshadow-Packaging-Boxes-2.jpg 1000w, https:\/\/chinacustomboxes.com\/wp-content\/uploads\/2025\/09\/Magnetic-Closure-Makeup-Palettes-Eyeshadow-Packaging-Boxes-2-300x300.jpg 300w, https:\/\/chinacustomboxes.com\/wp-content\/uploads\/2025\/09\/Magnetic-Closure-Makeup-Palettes-Eyeshadow-Packaging-Boxes-2-150x150.jpg 150w, https:\/\/chinacustomboxes.com\/wp-content\/uploads\/2025\/09\/Magnetic-Closure-Makeup-Palettes-Eyeshadow-Packaging-Boxes-2-768x768.jpg 768w, https:\/\/chinacustomboxes.com\/wp-content\/uploads\/2025\/09\/Magnetic-Closure-Makeup-Palettes-Eyeshadow-Packaging-Boxes-2-12x12.jpg 12w, https:\/\/chinacustomboxes.com\/wp-content\/uploads\/2025\/09\/Magnetic-Closure-Makeup-Palettes-Eyeshadow-Packaging-Boxes-2-600x600.jpg 600w, https:\/\/chinacustomboxes.com\/wp-content\/uploads\/2025\/09\/Magnetic-Closure-Makeup-Palettes-Eyeshadow-Packaging-Boxes-2-100x100.jpg 100w\" sizes=\"(max-width: 1000px) 100vw, 1000px\" \/><\/p>\n<h2 id=\"3-beautiful-workmanship-showcasing-taste-\">3.\u00a0<strong>Pi\u0119kne wykonanie, doskona\u0142y smak<\/strong><\/h2>\n<p>Powierzchnia pude\u0142ek jest ozdobiona pi\u0119knym, pojedynczym wzorem. Dzi\u0119ki wyt\u0142aczaniu i innym procesom tworzy wyrafinowany, mieni\u0105cy si\u0119 efekt i tr\u00f3jwymiarowy efekt \u0142agodzenia pod wp\u0142ywem \u015bwiat\u0142a, tworz\u0105c naprawd\u0119 przyjemne wra\u017cenia estetyczne i dotykowe.<\/p>\n<h2 id=\"4-harmonious-color-aesthetic-appeals-\">4.\u00a0<strong>Harmonijna kolorystyka i estetyka<\/strong><\/h2>\n<p>Og\u00f3lny styl obejmuje \u015bwie\u017cy, \u017cywy, ekologiczny kolor murawy, przywo\u0142uj\u0105cy naturalny, zdrowy i zr\u00f3wnowa\u017cony oraz m\u0142odzie\u0144czy wizerunek marki. Monochromatyczny, wyrafinowany wz\u00f3r nadaje stylowi g\u0142\u0119bi i klasy, zachowuj\u0105c jednocze\u015bnie harmonijny i jednolity schemat odcieni, dzi\u0119ki czemu wyr\u00f3\u017cnia si\u0119 na tle grupy.<\/p>\n<p><img decoding=\"async\" class=\"alignnone wp-image-2380 size-full\" src=\"https:\/\/chinacustomboxes.com\/wp-content\/uploads\/2025\/09\/Magnetic-Closure-Makeup-Palettes-Eyeshadow-Packaging-Boxes-3.jpg\" alt=\"Pude\u0142ka do pakowania cieni do powiek z zamkni\u0119ciem magnetycznym\" width=\"1000\" height=\"1000\" title=\"\" srcset=\"https:\/\/chinacustomboxes.com\/wp-content\/uploads\/2025\/09\/Magnetic-Closure-Makeup-Palettes-Eyeshadow-Packaging-Boxes-3.jpg 1000w, https:\/\/chinacustomboxes.com\/wp-content\/uploads\/2025\/09\/Magnetic-Closure-Makeup-Palettes-Eyeshadow-Packaging-Boxes-3-300x300.jpg 300w, https:\/\/chinacustomboxes.com\/wp-content\/uploads\/2025\/09\/Magnetic-Closure-Makeup-Palettes-Eyeshadow-Packaging-Boxes-3-150x150.jpg 150w, https:\/\/chinacustomboxes.com\/wp-content\/uploads\/2025\/09\/Magnetic-Closure-Makeup-Palettes-Eyeshadow-Packaging-Boxes-3-768x768.jpg 768w, https:\/\/chinacustomboxes.com\/wp-content\/uploads\/2025\/09\/Magnetic-Closure-Makeup-Palettes-Eyeshadow-Packaging-Boxes-3-12x12.jpg 12w, https:\/\/chinacustomboxes.com\/wp-content\/uploads\/2025\/09\/Magnetic-Closure-Makeup-Palettes-Eyeshadow-Packaging-Boxes-3-600x600.jpg 600w, https:\/\/chinacustomboxes.com\/wp-content\/uploads\/2025\/09\/Magnetic-Closure-Makeup-Palettes-Eyeshadow-Packaging-Boxes-3-100x100.jpg 100w\" sizes=\"(max-width: 1000px) 100vw, 1000px\" \/><\/p>\n<h2 id=\"5-user-friendly-useful-design-\">5.\u00a0<strong>Przyjazny dla u\u017cytkownika, u\u017cyteczny design<\/strong><\/h2>\n<p>Wysokiej jako\u015bci lusterko do makija\u017cu umiej\u0119tnie wbudowane w wewn\u0119trzn\u0105 pokryw\u0119 umo\u017cliwia klientom nak\u0142adanie i retuszowanie makija\u017cu w dowolnym miejscu i czasie, znacznie zwi\u0119kszaj\u0105c praktyczno\u015b\u0107 i wygod\u0119 produktu. Silne wbudowane magnesy zapewniaj\u0105 szybkie i bezpieczne zamkni\u0119cie opakowania, zapewniaj\u0105c bezpieczn\u0105 i niezawodn\u0105 ochron\u0119 produktu.<\/p>\n<p><img loading=\"lazy\" decoding=\"async\" class=\"alignnone wp-image-2383 size-full\" src=\"https:\/\/chinacustomboxes.com\/wp-content\/uploads\/2025\/09\/Magnetic-Closure-Makeup-Palettes-Eyeshadow-Packaging-Boxes-6.jpg\" alt=\"Pude\u0142ka do pakowania cieni do powiek z zamkni\u0119ciem magnetycznym\" width=\"1000\" height=\"1000\" title=\"\" srcset=\"https:\/\/chinacustomboxes.com\/wp-content\/uploads\/2025\/09\/Magnetic-Closure-Makeup-Palettes-Eyeshadow-Packaging-Boxes-6.jpg 1000w, https:\/\/chinacustomboxes.com\/wp-content\/uploads\/2025\/09\/Magnetic-Closure-Makeup-Palettes-Eyeshadow-Packaging-Boxes-6-300x300.jpg 300w, https:\/\/chinacustomboxes.com\/wp-content\/uploads\/2025\/09\/Magnetic-Closure-Makeup-Palettes-Eyeshadow-Packaging-Boxes-6-150x150.jpg 150w, https:\/\/chinacustomboxes.com\/wp-content\/uploads\/2025\/09\/Magnetic-Closure-Makeup-Palettes-Eyeshadow-Packaging-Boxes-6-768x768.jpg 768w, https:\/\/chinacustomboxes.com\/wp-content\/uploads\/2025\/09\/Magnetic-Closure-Makeup-Palettes-Eyeshadow-Packaging-Boxes-6-12x12.jpg 12w, https:\/\/chinacustomboxes.com\/wp-content\/uploads\/2025\/09\/Magnetic-Closure-Makeup-Palettes-Eyeshadow-Packaging-Boxes-6-600x600.jpg 600w, https:\/\/chinacustomboxes.com\/wp-content\/uploads\/2025\/09\/Magnetic-Closure-Makeup-Palettes-Eyeshadow-Packaging-Boxes-6-100x100.jpg 100w\" sizes=\"(max-width: 1000px) 100vw, 1000px\" \/><\/p>\n<h2 id=\"6-exact-lining-for-stable-storage-space-\">6.\u00a0<strong>Dok\u0142adna podszewka zapewniaj\u0105ca stabiln\u0105 przestrze\u0144 do przechowywania<\/strong><\/h2>\n<p>Wn\u0119trze posiada precyzyjnie wyci\u0119t\u0105 podszewk\u0119 dostosowan\u0105 do kszta\u0142tu przedmiotu, dzi\u0119ki czemu ka\u017cdy cie\u0144 do powiek, puder i p\u0119dzel s\u0105 bezpiecznie przechowywane i chronione, skutecznie zapobiegaj\u0105c uszkodzeniom i p\u0119kni\u0119ciom podczas transportu.<\/p>\n<p><img loading=\"lazy\" decoding=\"async\" class=\"alignnone wp-image-2381 size-full\" src=\"https:\/\/chinacustomboxes.com\/wp-content\/uploads\/2025\/09\/Magnetic-Closure-Makeup-Palettes-Eyeshadow-Packaging-Boxes-4.jpg\" alt=\"Pude\u0142ka do pakowania cieni do powiek z zamkni\u0119ciem magnetycznym\" width=\"1000\" height=\"1000\" title=\"\" srcset=\"https:\/\/chinacustomboxes.com\/wp-content\/uploads\/2025\/09\/Magnetic-Closure-Makeup-Palettes-Eyeshadow-Packaging-Boxes-4.jpg 1000w, https:\/\/chinacustomboxes.com\/wp-content\/uploads\/2025\/09\/Magnetic-Closure-Makeup-Palettes-Eyeshadow-Packaging-Boxes-4-300x300.jpg 300w, https:\/\/chinacustomboxes.com\/wp-content\/uploads\/2025\/09\/Magnetic-Closure-Makeup-Palettes-Eyeshadow-Packaging-Boxes-4-150x150.jpg 150w, https:\/\/chinacustomboxes.com\/wp-content\/uploads\/2025\/09\/Magnetic-Closure-Makeup-Palettes-Eyeshadow-Packaging-Boxes-4-768x768.jpg 768w, https:\/\/chinacustomboxes.com\/wp-content\/uploads\/2025\/09\/Magnetic-Closure-Makeup-Palettes-Eyeshadow-Packaging-Boxes-4-12x12.jpg 12w, https:\/\/chinacustomboxes.com\/wp-content\/uploads\/2025\/09\/Magnetic-Closure-Makeup-Palettes-Eyeshadow-Packaging-Boxes-4-600x600.jpg 600w, https:\/\/chinacustomboxes.com\/wp-content\/uploads\/2025\/09\/Magnetic-Closure-Makeup-Palettes-Eyeshadow-Packaging-Boxes-4-100x100.jpg 100w\" sizes=\"(max-width: 1000px) 100vw, 1000px\" \/><\/p>\n<h2 id=\"7-full-modification-solution-\">7.\u00a0<strong>Rozwi\u0105zanie pe\u0142nej modyfikacji<\/strong><\/h2>\n<p>Dog\u0142\u0119bnie rozumiemy oryginalno\u015b\u0107 ka\u017cdej marki i oferujemy kompleksowe rozwi\u0105zania personalizacyjne, od ram pude\u0142ek, rozmiaru i wyboru produktu po odcienie druku, obr\u00f3bk\u0119 powierzchni (tak\u0105 jak t\u0142oczenie na ciep\u0142o, obr\u00f3bka UV, wyt\u0142aczanie itp. Niezale\u017cnie od Twoich innowacyjnych potrzeb, nasz oddany zesp\u00f3\u0142 mo\u017ce zmieni\u0107 je w odr\u0119bne opakowania, kt\u00f3re idealnie pasuj\u0105 do Twojej marki i cech produktu.<\/p>\n<p><img loading=\"lazy\" decoding=\"async\" class=\"alignnone wp-image-2382 size-full\" src=\"https:\/\/chinacustomboxes.com\/wp-content\/uploads\/2025\/09\/Magnetic-Closure-Makeup-Palettes-Eyeshadow-Packaging-Boxes-5.jpg\" alt=\"Pude\u0142ka do pakowania cieni do powiek z zamkni\u0119ciem magnetycznym\" width=\"1000\" height=\"1000\" title=\"\" srcset=\"https:\/\/chinacustomboxes.com\/wp-content\/uploads\/2025\/09\/Magnetic-Closure-Makeup-Palettes-Eyeshadow-Packaging-Boxes-5.jpg 1000w, https:\/\/chinacustomboxes.com\/wp-content\/uploads\/2025\/09\/Magnetic-Closure-Makeup-Palettes-Eyeshadow-Packaging-Boxes-5-300x300.jpg 300w, https:\/\/chinacustomboxes.com\/wp-content\/uploads\/2025\/09\/Magnetic-Closure-Makeup-Palettes-Eyeshadow-Packaging-Boxes-5-150x150.jpg 150w, https:\/\/chinacustomboxes.com\/wp-content\/uploads\/2025\/09\/Magnetic-Closure-Makeup-Palettes-Eyeshadow-Packaging-Boxes-5-768x768.jpg 768w, https:\/\/chinacustomboxes.com\/wp-content\/uploads\/2025\/09\/Magnetic-Closure-Makeup-Palettes-Eyeshadow-Packaging-Boxes-5-12x12.jpg 12w, https:\/\/chinacustomboxes.com\/wp-content\/uploads\/2025\/09\/Magnetic-Closure-Makeup-Palettes-Eyeshadow-Packaging-Boxes-5-600x600.jpg 600w, https:\/\/chinacustomboxes.com\/wp-content\/uploads\/2025\/09\/Magnetic-Closure-Makeup-Palettes-Eyeshadow-Packaging-Boxes-5-100x100.jpg 100w\" sizes=\"(max-width: 1000px) 100vw, 1000px\" \/><\/p>\n<h2 id=\"8-reliable-prototyping-and-specialist-guarantee-\">8.\u00a0<strong>Niezawodne prototypowanie i specjalistyczna gwarancja<\/strong><\/h2>\n<p>Rozumiemy, jak wa\u017cny dla marek jest czas. Wykorzystuj\u0105c innowacyjny sprz\u0119t i niezwykle wydajn\u0105 grup\u0119, zapewniamy, \u017ce wst\u0119pne przyk\u0142ady mog\u0105 by\u0107 wyprodukowane w ci\u0105gu zaledwie jednej godziny, umo\u017cliwiaj\u0105c szybk\u0105 ocen\u0119 styl\u00f3w, radykalnie skracaj\u0105c cykl rozwoju produktu i znacznie szybciej wprowadzaj\u0105c produkty na rynek. Posiadamy kilkuletnie do\u015bwiadczenie w zakresie pakowania i drukowania, oferuj\u0105c wiele wyr\u00f3\u017cniaj\u0105cych si\u0119 marek mieszkaniowych i \u015bwiatowych. Nasz rygorystyczny system kontroli jako\u015bci i skrupulatna dba\u0142o\u015b\u0107 o szczeg\u00f3\u0142y zapewniaj\u0105 najwy\u017cszej jako\u015bci opakowania.<\/p>","protected":false},"excerpt":{"rendered":"<p>To <strong>Magnetyczne opakowanie cieni do powiek<\/strong> Zawiera pomys\u0142owe podw\u00f3jne drzwi w kszta\u0142cie ksi\u0105\u017cki, tworz\u0105c elegancki wygl\u0105d i poczucie ceremonii po otwarciu. Najwy\u017cszej jako\u015bci szara tektura i powlekany papier zosta\u0142y starannie dobrane pod k\u0105tem ich d\u0142ugowieczno\u015bci i skutecznej ochrony produktu. Tr\u00f3jwymiarowy, tonalny wz\u00f3r, po\u0142\u0105czony z od\u015bwie\u017caj\u0105cym i \u017cywym odcieniem zieleni trawnika, podkre\u015bla m\u0142ode i zdrowe zdj\u0119cie marki. Zintegrowane lusterko do makija\u017cu o wysokiej rozdzielczo\u015bci zwi\u0119ksza praktyczno\u015b\u0107 i wygod\u0119, a mocne zamkni\u0119cie magnetyczne zapewnia bezpieczne i renomowane dopasowanie. Specjalnie wyci\u0119ta podszewka zapewnia bezpieczne zabezpieczenie produktu. Zapewniamy szczeg\u00f3\u0142owe us\u0142ugi dostosowywania i szybki proofing. Dzi\u0119ki naszemu specjalistycznemu do\u015bwiadczeniu i rygorystycznej kontroli jako\u015bci mo\u017cemy opracowa\u0107 wysokiej klasy opakowanie, kt\u00f3re bezb\u0142\u0119dnie pasuje do wizerunku Twojej marki.<\/p>","protected":false},"featured_media":2378,"template":"","meta":{"_kad_post_transparent":"default","_kad_post_title":"","_kad_post_layout":"default","_kad_post_sidebar_id":"","_kad_post_content_style":"default","_kad_post_vertical_padding":"default","_kad_post_feature":"","_kad_post_feature_position":"","_kad_post_header":false,"_kad_post_footer":false,"_kad_post_classname":""},"product_brand":[],"product_cat":[15,17,28,18],"product_tag":[452,587,586],"class_list":{"0":"post-2377","1":"product","2":"type-product","3":"status-publish","4":"has-post-thumbnail","6":"product_cat-boxes-by-shapes","7":"product_cat-boxes-by-industries","8":"product_cat-cosmetic-packaging-boxes","9":"product_cat-magnetic-closure-boxes","10":"product_tag-magnetic-closure-boxes","11":"product_tag-makeup-packaging-boxes","12":"product_tag-palettes-eyeshadow-packaging","14":"first","15":"instock","16":"shipping-taxable","17":"product-type-simple","18":"entry","19":"content-bg","20":"loop-entry"},"_links":{"self":[{"href":"https:\/\/chinacustomboxes.com\/pl\/wp-json\/wp\/v2\/product\/2377","targetHints":{"allow":["GET"]}}],"collection":[{"href":"https:\/\/chinacustomboxes.com\/pl\/wp-json\/wp\/v2\/product"}],"about":[{"href":"https:\/\/chinacustomboxes.com\/pl\/wp-json\/wp\/v2\/types\/product"}],"wp:featuredmedia":[{"embeddable":true,"href":"https:\/\/chinacustomboxes.com\/pl\/wp-json\/wp\/v2\/media\/2378"}],"wp:attachment":[{"href":"https:\/\/chinacustomboxes.com\/pl\/wp-json\/wp\/v2\/media?parent=2377"}],"wp:term":[{"taxonomy":"product_brand","embeddable":true,"href":"https:\/\/chinacustomboxes.com\/pl\/wp-json\/wp\/v2\/product_brand?post=2377"},{"taxonomy":"product_cat","embeddable":true,"href":"https:\/\/chinacustomboxes.com\/pl\/wp-json\/wp\/v2\/product_cat?post=2377"},{"taxonomy":"product_tag","embeddable":true,"href":"https:\/\/chinacustomboxes.com\/pl\/wp-json\/wp\/v2\/product_tag?post=2377"}],"curies":[{"name":"wp","href":"https:\/\/api.w.org\/{rel}","templated":true}]}}