{"id":2384,"date":"2025-09-08T02:34:47","date_gmt":"2025-09-08T02:34:47","guid":{"rendered":"https:\/\/chinacustomboxes.com\/?post_type=product&#038;p=2384"},"modified":"2025-09-08T02:34:47","modified_gmt":"2025-09-08T02:34:47","slug":"neck-lid-and-base-boxes-for-candle-perfume-cosmetic-china","status":"publish","type":"product","link":"https:\/\/chinacustomboxes.com\/pl\/neck-lid-and-base-boxes-for-candle-perfume-cosmetic-china\/","title":{"rendered":"Pude\u0142ka z pokrywk\u0105 i podstaw\u0105 na \u015bwiece Perfumy Kosmetyki Chiny"},"content":{"rendered":"<h2 id=\"-luxury-and-style-a-tasteful-choice-neck-boxes-for-candles-perfumes-and-cosmetics-\">Pude\u0142ka z pokrywk\u0105 i podstaw\u0105 na \u015bwiece Perfumy Kosmetyki Chiny<\/h2>\n<p>Zaprojektowane z my\u015bl\u0105 o \u015bwiecach premium, perfumach i kosmetykach, te nieelastyczne pude\u0142ka do pakowania produkt\u00f3w maj\u0105 klasyczne i urocze pude\u0142ka na szyj\u0119 (dodatkowo okre\u015blane jako <a href=\"https:\/\/chinacustomboxes.com\/pl\/lid-and-base-boxes\/\">Pokrywa na rami\u0119 i pude\u0142ka bazowe<\/a>). Jego jedyny w swoim rodzaju styl nie tylko zapewnia wyj\u0105tkow\u0105 ochron\u0119 przedmiot\u00f3w, ale tak\u017ce zwi\u0119ksza poczucie luksusu i warto\u015bci marki poprzez uroczyste otwarcie. Wybieramy produkty najwy\u017cszej jako\u015bci i \u0142\u0105czymy je z doskona\u0142ym wykonaniem, aby stworzy\u0107 niezwyk\u0142e opakowanie marki.<\/p>\n<p><img fetchpriority=\"high\" decoding=\"async\" class=\"alignnone wp-image-2385 size-large\" src=\"https:\/\/chinacustomboxes.com\/wp-content\/uploads\/2025\/09\/Lid-and-Baase-for-Candle-1-1024x1024.jpg\" alt=\"Pokrywka i podstawa do \u015bwiecy zapachowej\" width=\"1024\" height=\"1024\" title=\"\" srcset=\"https:\/\/chinacustomboxes.com\/wp-content\/uploads\/2025\/09\/Lid-and-Baase-for-Candle-1-1024x1024.jpg 1024w, https:\/\/chinacustomboxes.com\/wp-content\/uploads\/2025\/09\/Lid-and-Baase-for-Candle-1-300x300.jpg 300w, https:\/\/chinacustomboxes.com\/wp-content\/uploads\/2025\/09\/Lid-and-Baase-for-Candle-1-150x150.jpg 150w, https:\/\/chinacustomboxes.com\/wp-content\/uploads\/2025\/09\/Lid-and-Baase-for-Candle-1-768x768.jpg 768w, https:\/\/chinacustomboxes.com\/wp-content\/uploads\/2025\/09\/Lid-and-Baase-for-Candle-1-1536x1536.jpg 1536w, https:\/\/chinacustomboxes.com\/wp-content\/uploads\/2025\/09\/Lid-and-Baase-for-Candle-1-12x12.jpg 12w, https:\/\/chinacustomboxes.com\/wp-content\/uploads\/2025\/09\/Lid-and-Baase-for-Candle-1-600x600.jpg 600w, https:\/\/chinacustomboxes.com\/wp-content\/uploads\/2025\/09\/Lid-and-Baase-for-Candle-1-100x100.jpg 100w, https:\/\/chinacustomboxes.com\/wp-content\/uploads\/2025\/09\/Lid-and-Baase-for-Candle-1.jpg 1920w\" sizes=\"(max-width: 1024px) 100vw, 1024px\" \/><\/p>\n<h2 id=\"1-standard-neck-box-framework-\">1.\u00a0<strong>Standardowe ramki na szyj\u0119\u00a0<\/strong><\/h2>\n<p>Ta \u015bwieca, zapach i <a href=\"https:\/\/chinacustomboxes.com\/pl\/cosmetic-packaging-boxes\/\">pude\u0142ka na kosmetyki<\/a> posiada tradycyjn\u0105 konstrukcj\u0119 typu neck box. Pude\u0142ka te sk\u0142adaj\u0105 si\u0119 z pokrywy, podstawy i zintegrowanej \"szyi\" (zwanej r\u00f3wnie\u017c \"ramieniem\"), umo\u017cliwiaj\u0105c p\u0142ynne dopasowanie pokrywy i podstawy. Lekki efekt t\u0142umienia podczas otwierania zwi\u0119ksza wra\u017cenia z rozpakowywania, daj\u0105c poczucie dreszczyku emocji i warto\u015bci, a jednocze\u015bnie dodaj\u0105c produktowi odrobin\u0119 high-endu. Ta stabilna rama zapewnia doskona\u0142\u0105 ochron\u0119 znajduj\u0105cego si\u0119 wewn\u0105trz produktu.<\/p>\n<p><img decoding=\"async\" class=\"alignnone wp-image-2386 size-full\" src=\"https:\/\/chinacustomboxes.com\/wp-content\/uploads\/2025\/09\/Lid-and-Baase-for-Candle-2.jpg\" alt=\"Pokrywka i podstawa do \u015bwiecy zapachowej\" width=\"1919\" height=\"1919\" title=\"\" srcset=\"https:\/\/chinacustomboxes.com\/wp-content\/uploads\/2025\/09\/Lid-and-Baase-for-Candle-2.jpg 1919w, https:\/\/chinacustomboxes.com\/wp-content\/uploads\/2025\/09\/Lid-and-Baase-for-Candle-2-300x300.jpg 300w, https:\/\/chinacustomboxes.com\/wp-content\/uploads\/2025\/09\/Lid-and-Baase-for-Candle-2-1024x1024.jpg 1024w, https:\/\/chinacustomboxes.com\/wp-content\/uploads\/2025\/09\/Lid-and-Baase-for-Candle-2-150x150.jpg 150w, https:\/\/chinacustomboxes.com\/wp-content\/uploads\/2025\/09\/Lid-and-Baase-for-Candle-2-768x768.jpg 768w, https:\/\/chinacustomboxes.com\/wp-content\/uploads\/2025\/09\/Lid-and-Baase-for-Candle-2-1536x1536.jpg 1536w, https:\/\/chinacustomboxes.com\/wp-content\/uploads\/2025\/09\/Lid-and-Baase-for-Candle-2-12x12.jpg 12w, https:\/\/chinacustomboxes.com\/wp-content\/uploads\/2025\/09\/Lid-and-Baase-for-Candle-2-600x600.jpg 600w, https:\/\/chinacustomboxes.com\/wp-content\/uploads\/2025\/09\/Lid-and-Baase-for-Candle-2-100x100.jpg 100w\" sizes=\"(max-width: 1919px) 100vw, 1919px\" \/><\/p>\n<h2 id=\"2-carefully-picked-high-quality-products-\">2.\u00a0<strong>Starannie dobrane produkty wysokiej jako\u015bci<\/strong><\/h2>\n<p>Pude\u0142ka te s\u0105 wykonane z grubej tektury, co zapewnia ich trwa\u0142o\u015b\u0107 i d\u0142ugowieczno\u015b\u0107. Zewn\u0119trzna warstwa pokryta jest starannie dobranym papierem artystycznym, kt\u00f3ry charakteryzuje si\u0119 wyj\u0105tkowym wygl\u0105dem i czu\u0142o\u015bci\u0105, co znacznie poprawia og\u00f3ln\u0105 jako\u015b\u0107 opakowania produktu. Wewn\u0119trzna wy\u015bci\u00f3\u0142ka wykonana jest z mi\u0119kkiego czarnego weluru, kt\u00f3ry skutecznie chroni i zabezpiecza delikatne przedmioty, zapobiegaj\u0105c ich przemieszczaniu si\u0119 lub uszkodzeniu podczas transportu i wy\u015bwietlania na ekranie. Wielu chi\u0144skich dostawc\u00f3w traktuje obecnie priorytetowo ochron\u0119 \u015brodowiska i wykorzystuje nadaj\u0105ce si\u0119 do recyklingu, przyjazne dla \u015brodowiska materia\u0142y.<\/p>\n<p><img decoding=\"async\" class=\"alignnone wp-image-2387 size-large\" src=\"https:\/\/chinacustomboxes.com\/wp-content\/uploads\/2025\/09\/Lid-and-Baase-for-Candle-3-1024x1024.jpg\" alt=\"Pokrywka i podstawa do \u015bwiecy zapachowej\" width=\"1024\" height=\"1024\" title=\"\" srcset=\"https:\/\/chinacustomboxes.com\/wp-content\/uploads\/2025\/09\/Lid-and-Baase-for-Candle-3-1024x1024.jpg 1024w, https:\/\/chinacustomboxes.com\/wp-content\/uploads\/2025\/09\/Lid-and-Baase-for-Candle-3-300x300.jpg 300w, https:\/\/chinacustomboxes.com\/wp-content\/uploads\/2025\/09\/Lid-and-Baase-for-Candle-3-150x150.jpg 150w, https:\/\/chinacustomboxes.com\/wp-content\/uploads\/2025\/09\/Lid-and-Baase-for-Candle-3-768x768.jpg 768w, https:\/\/chinacustomboxes.com\/wp-content\/uploads\/2025\/09\/Lid-and-Baase-for-Candle-3-1536x1536.jpg 1536w, https:\/\/chinacustomboxes.com\/wp-content\/uploads\/2025\/09\/Lid-and-Baase-for-Candle-3-12x12.jpg 12w, https:\/\/chinacustomboxes.com\/wp-content\/uploads\/2025\/09\/Lid-and-Baase-for-Candle-3-600x600.jpg 600w, https:\/\/chinacustomboxes.com\/wp-content\/uploads\/2025\/09\/Lid-and-Baase-for-Candle-3-100x100.jpg 100w, https:\/\/chinacustomboxes.com\/wp-content\/uploads\/2025\/09\/Lid-and-Baase-for-Candle-3.jpg 1919w\" sizes=\"(max-width: 1024px) 100vw, 1024px\" \/><\/p>\n<h2 id=\"3-exquisite-craftsmanship-\">3.\u00a0<strong>Znakomita jako\u015b\u0107 wykonania\u00a0<\/strong><\/h2>\n<p>Ten sztywny produkt<a href=\"https:\/\/chinacustomboxes.com\/pl\/\"> pude\u0142ka do pakowania<\/a> wykazuje wysoki stopie\u0144 kunsztu. Powierzchnia opakowania jest g\u0142adka, z czystymi, nieskazitelnymi bokami. Logo marki i r\u00f3\u017cne inne teksty na ok\u0142adce s\u0105 nanoszone przy u\u017cyciu precyzyjnej procedury t\u0142oczenia na gor\u0105co. Wyra\u017any kr\u00f3j pisma o wysokim po\u0142ysku tworzy uderzaj\u0105cy kontrast estetyczny z matowymi czarnymi pude\u0142kami, tworz\u0105c uderzaj\u0105cy i atrakcyjny efekt. T\u0142oczenie na gor\u0105co, wyt\u0142aczanie i druk UV to zwykle stosowane techniki o warto\u015bci dodanej do estetycznego pakowania produkt\u00f3w, odpowiednio zwi\u0119kszaj\u0105ce postrzegan\u0105 warto\u015b\u0107 produktu.<\/p>\n<h2 id=\"4-downplayed-luxury-shade-combination-\">4.\u00a0<strong>Bagatelizowana kombinacja luksusowych odcieni\u00a0<\/strong><\/h2>\n<p>Tekst opakowania produktu ma kolor g\u0142\u0119bokiej matowej czerni, tworz\u0105c tajemnicz\u0105 atmosfer\u0119 niedocenianego high-endu. Szyjka, uderzaj\u0105cy akcent ko\u0144cowy, jest podkre\u015blona ol\u015bniewaj\u0105cym z\u0142otem. Ta tradycyjna kombinacja czerni i z\u0142ota dodatkowo wzmacnia pozycj\u0119 premium produktu i pokazuje wyj\u0105tkowe preferencje. Ta mieszanka odcieni ma nie tylko silny efekt estetyczny, ale tak\u017ce doskonale wsp\u00f3\u0142gra z rynkowym wygl\u0105dem wysokiej klasy kosmetyk\u00f3w, zapach\u00f3w i wspania\u0142ych \u015bwiec.<\/p>\n<p><img loading=\"lazy\" decoding=\"async\" class=\"alignnone wp-image-2388 size-large\" src=\"https:\/\/chinacustomboxes.com\/wp-content\/uploads\/2025\/09\/Lid-and-Baase-for-Candle-4-1024x1024.jpg\" alt=\"Pokrywka i podstawa do \u015bwiecy zapachowej\" width=\"1024\" height=\"1024\" title=\"\" srcset=\"https:\/\/chinacustomboxes.com\/wp-content\/uploads\/2025\/09\/Lid-and-Baase-for-Candle-4-1024x1024.jpg 1024w, https:\/\/chinacustomboxes.com\/wp-content\/uploads\/2025\/09\/Lid-and-Baase-for-Candle-4-300x300.jpg 300w, https:\/\/chinacustomboxes.com\/wp-content\/uploads\/2025\/09\/Lid-and-Baase-for-Candle-4-150x150.jpg 150w, https:\/\/chinacustomboxes.com\/wp-content\/uploads\/2025\/09\/Lid-and-Baase-for-Candle-4-768x768.jpg 768w, https:\/\/chinacustomboxes.com\/wp-content\/uploads\/2025\/09\/Lid-and-Baase-for-Candle-4-1536x1536.jpg 1536w, https:\/\/chinacustomboxes.com\/wp-content\/uploads\/2025\/09\/Lid-and-Baase-for-Candle-4-12x12.jpg 12w, https:\/\/chinacustomboxes.com\/wp-content\/uploads\/2025\/09\/Lid-and-Baase-for-Candle-4-600x600.jpg 600w, https:\/\/chinacustomboxes.com\/wp-content\/uploads\/2025\/09\/Lid-and-Baase-for-Candle-4-100x100.jpg 100w, https:\/\/chinacustomboxes.com\/wp-content\/uploads\/2025\/09\/Lid-and-Baase-for-Candle-4.jpg 1920w\" sizes=\"(max-width: 1024px) 100vw, 1024px\" \/><\/p>\n<h2 id=\"5-simple-yet-amazing-design-aesthetic-\">5.\u00a0<strong>Prosta, ale niesamowita estetyka\u00a0<\/strong><\/h2>\n<p>Og\u00f3lny projekt opiera si\u0119 na minimalistycznych zasadach, unikaj\u0105c zbyt wielu dekoracji. Zamiast tego podkre\u015bla integraln\u0105 najwy\u017csz\u0105 jako\u015b\u0107 produktu dzi\u0119ki najwy\u017cszej jako\u015bci materia\u0142om i starannemu wykonaniu. Jedynym \"urz\u0105dzeniem\" jest b\u0142yszcz\u0105ce, poz\u0142acane logo marki na ok\u0142adce. Ten prosty uk\u0142ad skutecznie koncentruje si\u0119 na samej marce, pomagaj\u0105c szybko przyci\u0105gn\u0105\u0107 uwag\u0119 konsument\u00f3w i poprawi\u0107 rozpoznawalno\u015b\u0107 marki.<\/p>\n<h2 id=\"6-personalized-protective-lining-\">6.\u00a0<strong>Spersonalizowana podszewka ochronna\u00a0<\/strong><\/h2>\n<p>Wy\u015bci\u00f3\u0142ka kom\u00f3rkowa jest wa\u017cnym elementem wysokiej klasy opakowa\u0144, a jej g\u0142\u00f3wn\u0105 funkcj\u0105 jest utrzymanie i zabezpieczenie produktu. Mo\u017cemy precyzyjnie wycina\u0107 i przenosi\u0107 zgodnie z okre\u015blonym kszta\u0142tem i rozmiarem produktu, zapewniaj\u0105c p\u0142ynne dopasowanie do pude\u0142ek i skutecznie zatrzymuj\u0105c ruch, minimalizuj\u0105c w ten spos\u00f3b ryzyko uszkodzenia podczas transportu. Co wi\u0119cej, mi\u0119kki materia\u0142 wy\u015bcie\u0142aj\u0105cy znacznie zwi\u0119ksza ca\u0142kowite wra\u017cenia z rozpakowywania i postrzegan\u0105 warto\u015b\u0107 produktu.<\/p>\n<p><img loading=\"lazy\" decoding=\"async\" class=\"alignnone wp-image-2389 size-large\" src=\"https:\/\/chinacustomboxes.com\/wp-content\/uploads\/2025\/09\/Lid-and-Baase-for-Candle-5-1024x1024.jpg\" alt=\"Pokrywka i podstawa do \u015bwiecy zapachowej\" width=\"1024\" height=\"1024\" title=\"\" srcset=\"https:\/\/chinacustomboxes.com\/wp-content\/uploads\/2025\/09\/Lid-and-Baase-for-Candle-5-1024x1024.jpg 1024w, https:\/\/chinacustomboxes.com\/wp-content\/uploads\/2025\/09\/Lid-and-Baase-for-Candle-5-300x300.jpg 300w, https:\/\/chinacustomboxes.com\/wp-content\/uploads\/2025\/09\/Lid-and-Baase-for-Candle-5-150x150.jpg 150w, https:\/\/chinacustomboxes.com\/wp-content\/uploads\/2025\/09\/Lid-and-Baase-for-Candle-5-768x768.jpg 768w, https:\/\/chinacustomboxes.com\/wp-content\/uploads\/2025\/09\/Lid-and-Baase-for-Candle-5-1536x1536.jpg 1536w, https:\/\/chinacustomboxes.com\/wp-content\/uploads\/2025\/09\/Lid-and-Baase-for-Candle-5-12x12.jpg 12w, https:\/\/chinacustomboxes.com\/wp-content\/uploads\/2025\/09\/Lid-and-Baase-for-Candle-5-600x600.jpg 600w, https:\/\/chinacustomboxes.com\/wp-content\/uploads\/2025\/09\/Lid-and-Baase-for-Candle-5-100x100.jpg 100w, https:\/\/chinacustomboxes.com\/wp-content\/uploads\/2025\/09\/Lid-and-Baase-for-Candle-5.jpg 1920w\" sizes=\"(max-width: 1024px) 100vw, 1024px\" \/><\/p>\n<h2 id=\"7-flexible-and-diverse-customization-services-\">7.\u00a0<strong>Elastyczne i zr\u00f3\u017cnicowane us\u0142ugi dostosowywania\u00a0<\/strong><\/h2>\n<p>Jako g\u0142\u00f3wna mi\u0119dzynarodowa baza produkcyjna opakowa\u0144, chi\u0144scy producenci zazwyczaj korzystaj\u0105 z niezwykle elastycznych us\u0142ug modyfikacji. Klienci mog\u0105 ca\u0142kowicie spersonalizowa\u0107 form\u0119 pude\u0142ek, wymiary, materia\u0142, proces drukowania (taki jak druk kolorowy punktowy, t\u0142oczenie na ciep\u0142o, punktowe UV itp.) oraz wyb\u00f3r podszewki, aby spe\u0142ni\u0107 specjalne potrzeby marki, tworz\u0105c niestandardow\u0105 us\u0142ug\u0119 pakowania, kt\u00f3ra najlepiej pasuje do ich wizerunku marki i jako\u015bci produktu.<\/p>","protected":false},"excerpt":{"rendered":"<p>Zaprojektowane z my\u015bl\u0105 o \u015bwiecach, perfumach i kosmetykach, sztywne opakowania na produkty, z klasyczn\u0105 konstrukcj\u0105 g\u00f3rnej i dolnej pokrywy, najwy\u017cszej jako\u015bci produktami i wykwintnym rzemios\u0142em, doskonale uosabiaj\u0105 wysok\u0105 klas\u0119 i klas\u0119. Klasyczna kombinacja odcieni matowej czerni i ciep\u0142ego t\u0142oczenia, prosty, ale efektowny design i dopasowana podszewka bezpiecze\u0144stwa nie tylko zapewniaj\u0105 solidn\u0105 ochron\u0119 produkt\u00f3w, ale dodatkowo poprawiaj\u0105 warto\u015b\u0107 marki i wra\u017cenia konsument\u00f3w pod wzgl\u0119dem estetycznym i dotykowym. Zapewniamy kompleksowe rozwi\u0105zania w zakresie personalizacji, aby pom\u00f3c Ci stworzy\u0107 unikalne opakowanie marki.<\/p>","protected":false},"featured_media":2385,"template":"","meta":{"_kad_post_transparent":"default","_kad_post_title":"","_kad_post_layout":"default","_kad_post_sidebar_id":"","_kad_post_content_style":"default","_kad_post_vertical_padding":"default","_kad_post_feature":"","_kad_post_feature_position":"","_kad_post_header":false,"_kad_post_footer":false,"_kad_post_classname":""},"product_brand":[],"product_cat":[15,17,33,28,19,34],"product_tag":[595,594,596],"class_list":{"0":"post-2384","1":"product","2":"type-product","3":"status-publish","4":"has-post-thumbnail","6":"product_cat-boxes-by-shapes","7":"product_cat-boxes-by-industries","8":"product_cat-candle-packaging-boxes","9":"product_cat-cosmetic-packaging-boxes","10":"product_cat-lid-and-base-boxes","11":"product_cat-perfume-packaging-boxes","12":"product_tag-lid-and-base-boxes-for-candle","13":"product_tag-neck-lid-and-base-boxes","14":"product_tag-perfume-boxes-china","16":"first","17":"instock","18":"shipping-taxable","19":"product-type-simple","20":"entry","21":"content-bg","22":"loop-entry"},"_links":{"self":[{"href":"https:\/\/chinacustomboxes.com\/pl\/wp-json\/wp\/v2\/product\/2384","targetHints":{"allow":["GET"]}}],"collection":[{"href":"https:\/\/chinacustomboxes.com\/pl\/wp-json\/wp\/v2\/product"}],"about":[{"href":"https:\/\/chinacustomboxes.com\/pl\/wp-json\/wp\/v2\/types\/product"}],"wp:featuredmedia":[{"embeddable":true,"href":"https:\/\/chinacustomboxes.com\/pl\/wp-json\/wp\/v2\/media\/2385"}],"wp:attachment":[{"href":"https:\/\/chinacustomboxes.com\/pl\/wp-json\/wp\/v2\/media?parent=2384"}],"wp:term":[{"taxonomy":"product_brand","embeddable":true,"href":"https:\/\/chinacustomboxes.com\/pl\/wp-json\/wp\/v2\/product_brand?post=2384"},{"taxonomy":"product_cat","embeddable":true,"href":"https:\/\/chinacustomboxes.com\/pl\/wp-json\/wp\/v2\/product_cat?post=2384"},{"taxonomy":"product_tag","embeddable":true,"href":"https:\/\/chinacustomboxes.com\/pl\/wp-json\/wp\/v2\/product_tag?post=2384"}],"curies":[{"name":"wp","href":"https:\/\/api.w.org\/{rel}","templated":true}]}}