{"id":2390,"date":"2025-09-08T02:19:02","date_gmt":"2025-09-08T02:19:02","guid":{"rendered":"https:\/\/chinacustomboxes.com\/?post_type=product&#038;p=2390"},"modified":"2025-09-08T02:19:02","modified_gmt":"2025-09-08T02:19:02","slug":"custom-makeup-cosmetic-set-packaging-rigid-boxes-wholesale","status":"publish","type":"product","link":"https:\/\/chinacustomboxes.com\/pl\/custom-makeup-cosmetic-set-packaging-rigid-boxes-wholesale\/","title":{"rendered":"Niestandardowy zestaw kosmetyk\u00f3w do makija\u017cu Sztywne pude\u0142ka hurtowe"},"content":{"rendered":"<h2 id=\"custom-makeup-cosmetic-establish-packaging-inflexible-boxes-wholesale\">Niestandardowy zestaw kosmetyk\u00f3w do makija\u017cu Sztywne pude\u0142ka hurtowe<\/h2>\n<p>To zaprojektowane na zam\u00f3wienie pude\u0142ko kartonowe do estetycznych kolekcji zosta\u0142o stworzone w celu poprawy wizerunku marki i do\u015bwiadczenia klienta. Unikalna konstrukcja drzwi dwuskrzyd\u0142owych nie tylko daje poczucie rutyny podczas rozpakowywania, ale tak\u017ce bezb\u0142\u0119dnie oferuje produkty konsumentom. Starannie wybieramy najwy\u017cszej jako\u015bci tektur\u0119 jako produkt podstawowy, po\u0142\u0105czony z podszewk\u0105 kom\u00f3rkow\u0105 EVA o wysokiej g\u0119sto\u015bci, aby zapewni\u0107 solidne i niezawodne bezpiecze\u0144stwo Twoich przedmiot\u00f3w. Od eleganckiego bia\u0142ego i r\u00f3\u017cowego wzoru po wykwintne t\u0142oczenie i precyzyjne ci\u0119cie w kszta\u0142cie litery V, ka\u017cdy szczeg\u00f3\u0142 \u015bwiadczy o najwy\u017cszej jako\u015bci kunszcie wykonania na zam\u00f3wienie. Podtrzymujemy dok\u0142adn\u0105 personalizacj\u0119 od rozmiaru, materia\u0142u po materia\u0142 wydawniczy i zapewniamy szybki czas reakcji \"1-godzinny przyk\u0142adowy zwrot\", pomagaj\u0105c Twojej marce przyci\u0105gn\u0105\u0107 uwag\u0119 w ostrej konkurencji rynkowej.<\/p>\n<p><img fetchpriority=\"high\" decoding=\"async\" class=\"alignnone wp-image-2395 size-large\" src=\"https:\/\/chinacustomboxes.com\/wp-content\/uploads\/2025\/09\/Cosmetic-Paackaging-boxes-5-1024x1024.jpg\" alt=\"Pude\u0142ka do pakowania kosmetyk\u00f3w do makija\u017cu\" width=\"1024\" height=\"1024\" title=\"\" srcset=\"https:\/\/chinacustomboxes.com\/wp-content\/uploads\/2025\/09\/Cosmetic-Paackaging-boxes-5-1024x1024.jpg 1024w, https:\/\/chinacustomboxes.com\/wp-content\/uploads\/2025\/09\/Cosmetic-Paackaging-boxes-5-300x300.jpg 300w, https:\/\/chinacustomboxes.com\/wp-content\/uploads\/2025\/09\/Cosmetic-Paackaging-boxes-5-150x150.jpg 150w, https:\/\/chinacustomboxes.com\/wp-content\/uploads\/2025\/09\/Cosmetic-Paackaging-boxes-5-768x768.jpg 768w, https:\/\/chinacustomboxes.com\/wp-content\/uploads\/2025\/09\/Cosmetic-Paackaging-boxes-5-1536x1536.jpg 1536w, https:\/\/chinacustomboxes.com\/wp-content\/uploads\/2025\/09\/Cosmetic-Paackaging-boxes-5-12x12.jpg 12w, https:\/\/chinacustomboxes.com\/wp-content\/uploads\/2025\/09\/Cosmetic-Paackaging-boxes-5-600x600.jpg 600w, https:\/\/chinacustomboxes.com\/wp-content\/uploads\/2025\/09\/Cosmetic-Paackaging-boxes-5-100x100.jpg 100w, https:\/\/chinacustomboxes.com\/wp-content\/uploads\/2025\/09\/Cosmetic-Paackaging-boxes-5.jpg 1920w\" sizes=\"(max-width: 1024px) 100vw, 1024px\" \/><\/p>\n<h2 id=\"-1-cutting-edge-bi-fold-door-framework-develops-a-phenomenal-unboxing-experience-\"><strong>1. Najnowocze\u015bniejsza rama drzwi sk\u0142adanych zapewnia fenomenalne wra\u017cenia podczas rozpakowywania.\u00a0<\/strong><\/h2>\n<p>Ten estetyczny zestaw opakowa\u0144 obejmuje dwucz\u0119\u015bciowe pude\u0142ka o strukturze typowej dla <a href=\"https:\/\/chinacustomboxes.com\/pl\/\">pude\u0142ka prezentowe premium<\/a>Tworz\u0105c wyj\u0105tkowe poczucie rutyny i poczucie eksploracji dla klient\u00f3w, znacznie zwi\u0119kszaj\u0105c warto\u015b\u0107 produktu i wizerunku marki. Konstrukcja z podw\u00f3jnymi drzwiami umo\u017cliwia pe\u0142ne i wyra\u017ane pokazanie klientom przedmiot\u00f3w znajduj\u0105cych si\u0119 w \u015brodku, zapewniaj\u0105c przejrzysty format i wygodny dost\u0119p, poprawiaj\u0105c wra\u017cenia z ekranu wy\u015bwietlacza. Tekturowy materia\u0142, w po\u0142\u0105czeniu z innowacyjnym stylem konstrukcyjnym, sprawia, \u017ce opakowanie jest niezwykle wytrzyma\u0142e, skutecznie zabezpieczaj\u0105c delikatne kosmetyki znajduj\u0105ce si\u0119 w \u015brodku przed uszkodzeniami podczas transportu i przechowywania.<\/p>\n<h2 id=\"-2-meticulously-picked-high-quality-base-materials-develop-a-premium-appearance-\"><strong>2. Skrupulatnie dobrane, wysokiej jako\u015bci materia\u0142y bazowe zapewniaj\u0105 doskona\u0142y wygl\u0105d.\u00a0<\/strong><\/h2>\n<p>Wyb\u00f3r produkt\u00f3w dla<a href=\"https:\/\/chinacustomboxes.com\/pl\/boxes-by-shapes\/\"> sztywne pude\u0142ka<\/a> dla kosmetyk\u00f3w do makija\u017cu jest podstaw\u0105 ich doskona\u0142ego wygl\u0105du i w\u0142a\u015bciwo\u015bci ochronnych. Podstawowy szkielet pude\u0142ek jest wykonany z ci\u0119\u017ckiej, wytrzyma\u0142ej szarej tektury lub kartonu, co zapewnia wytrzyma\u0142o\u015b\u0107 i odporno\u015b\u0107 na napr\u0119\u017cenia, dzi\u0119ki czemu jest znacznie mniej podatny na odkszta\u0142cenia. Warstwa zewn\u0119trzna mo\u017ce by\u0107 pokryta wysokiej jako\u015bci papierem powlekanym, matowym lub specjalnym. Dokumenty te zapewniaj\u0105 g\u0142adk\u0105 i delikatn\u0105 powierzchni\u0119, wysok\u0105 reprodukcj\u0119 odcieni i przyjemne uczucie, tworz\u0105c doskona\u0142\u0105 podstaw\u0119 do p\u00f3\u017aniejszej obs\u0142ugi.<\/p>\n<p><img decoding=\"async\" class=\"alignnone wp-image-2394 size-large\" src=\"https:\/\/chinacustomboxes.com\/wp-content\/uploads\/2025\/09\/Cosmetic-Paackaging-boxes-4-1024x1024.jpg\" alt=\"Pude\u0142ka do pakowania kosmetyk\u00f3w do makija\u017cu\" width=\"1024\" height=\"1024\" title=\"\" srcset=\"https:\/\/chinacustomboxes.com\/wp-content\/uploads\/2025\/09\/Cosmetic-Paackaging-boxes-4-1024x1024.jpg 1024w, https:\/\/chinacustomboxes.com\/wp-content\/uploads\/2025\/09\/Cosmetic-Paackaging-boxes-4-300x300.jpg 300w, https:\/\/chinacustomboxes.com\/wp-content\/uploads\/2025\/09\/Cosmetic-Paackaging-boxes-4-150x150.jpg 150w, https:\/\/chinacustomboxes.com\/wp-content\/uploads\/2025\/09\/Cosmetic-Paackaging-boxes-4-768x768.jpg 768w, https:\/\/chinacustomboxes.com\/wp-content\/uploads\/2025\/09\/Cosmetic-Paackaging-boxes-4-1536x1536.jpg 1536w, https:\/\/chinacustomboxes.com\/wp-content\/uploads\/2025\/09\/Cosmetic-Paackaging-boxes-4-12x12.jpg 12w, https:\/\/chinacustomboxes.com\/wp-content\/uploads\/2025\/09\/Cosmetic-Paackaging-boxes-4-600x600.jpg 600w, https:\/\/chinacustomboxes.com\/wp-content\/uploads\/2025\/09\/Cosmetic-Paackaging-boxes-4-100x100.jpg 100w, https:\/\/chinacustomboxes.com\/wp-content\/uploads\/2025\/09\/Cosmetic-Paackaging-boxes-4.jpg 1920w\" sizes=\"(max-width: 1024px) 100vw, 1024px\" \/><\/p>\n<h2 id=\"-3-charming-craftsmanship-builds-a-brand-s-distinctive-taste-\"><strong>3. Urocze rzemios\u0142o buduje charakterystyczny smak marki\u00a0<\/strong><\/h2>\n<p>Pi\u0119kne rzemios\u0142o jest niezb\u0119dne do osi\u0105gni\u0119cia efekt\u00f3w projektowych i poprawy jako\u015bci opakowania. Ten zestaw kosmetyk\u00f3w do makija\u017cu w sztywnych pude\u0142kach wykorzystuje szereg innowacyjnych procedur drukowania i wyka\u0144czania:.<\/p>\n<ul>\n<li><strong>Drukowanie w wysokiej rozdzielczo\u015bci:\u00a0<\/strong>Wprowadzenie do produktu i portret z ty\u0142u opakowania maj\u0105 delikatne odcienie i p\u0142ynne przej\u015bcia, co \u015bwiadczy o wysokiej precyzji druku.<\/li>\n<li><strong>T\u0142oczenie na gor\u0105co:\u00a0<\/strong>Cz\u0119\u015b\u0107 tekstu jest wyt\u0142aczana na gor\u0105co, co zapewnia klasyczny metaliczny po\u0142ysk, znacznie poprawiaj\u0105c rozpoznawalno\u015b\u0107 marki i poczucie luksusu.<\/li>\n<li><strong>Precyzyjne formowanie:\u00a0<\/strong>Kraw\u0119dzie i naro\u017cniki pude\u0142ek s\u0105 ostre i kanciaste, dzi\u0119ki precyzyjnemu wykrawaniu i rowkowaniu w kszta\u0142cie litery V, co pozwala kartonowi uzyska\u0107 idealne k\u0105ty 90 stopni po z\u0142o\u017ceniu, co prowadzi do czystego i wspania\u0142ego wygl\u0105du.<\/li>\n<\/ul>\n<h2 id=\"-4-timeless-color-combination-catches-consumers-focus-\"><strong>4. Ponadczasowe po\u0142\u0105czenie kolor\u00f3w przyci\u0105ga uwag\u0119 konsument\u00f3w\u00a0<\/strong><\/h2>\n<p>To <a href=\"https:\/\/chinacustomboxes.com\/pl\/boxes-by-industries\/\">pude\u0142ka do pakowania<\/a> wykorzystuje klasyczne po\u0142\u0105czenie bieli i r\u00f3\u017cu. Bia\u0142y, jako podstawowy, tworzy czysty, podstawowy i innowacyjny wygl\u0105d. R\u00f3\u017cowy, jako odcie\u0144 akcentuj\u0105cy na podszewce i bokach kom\u00f3rki, zawiera delikatny, czaruj\u0105cy i kobiecy akcent, doskonale odzwierciedlaj\u0105c wizualne wybory docelowego konsumenta. Sta\u0142y schemat odcieni r\u00f3\u017cu, od bok\u00f3w zewn\u0119trznych pude\u0142ek po kraw\u0119d\u017a wewn\u0119trznej pokrywy i podszewki, tworzy harmonijny i sta\u0142y projekt, tworz\u0105c estetyczny i profesjonalny wygl\u0105d.<\/p>\n<p><img decoding=\"async\" class=\"alignnone wp-image-2393 size-large\" src=\"https:\/\/chinacustomboxes.com\/wp-content\/uploads\/2025\/09\/Cosmetic-Paackaging-boxes-3-1024x1024.jpg\" alt=\"Pude\u0142ka do pakowania kosmetyk\u00f3w do makija\u017cu\" width=\"1024\" height=\"1024\" title=\"\" srcset=\"https:\/\/chinacustomboxes.com\/wp-content\/uploads\/2025\/09\/Cosmetic-Paackaging-boxes-3-1024x1024.jpg 1024w, https:\/\/chinacustomboxes.com\/wp-content\/uploads\/2025\/09\/Cosmetic-Paackaging-boxes-3-300x300.jpg 300w, https:\/\/chinacustomboxes.com\/wp-content\/uploads\/2025\/09\/Cosmetic-Paackaging-boxes-3-150x150.jpg 150w, https:\/\/chinacustomboxes.com\/wp-content\/uploads\/2025\/09\/Cosmetic-Paackaging-boxes-3-768x768.jpg 768w, https:\/\/chinacustomboxes.com\/wp-content\/uploads\/2025\/09\/Cosmetic-Paackaging-boxes-3-1536x1536.jpg 1536w, https:\/\/chinacustomboxes.com\/wp-content\/uploads\/2025\/09\/Cosmetic-Paackaging-boxes-3-12x12.jpg 12w, https:\/\/chinacustomboxes.com\/wp-content\/uploads\/2025\/09\/Cosmetic-Paackaging-boxes-3-600x600.jpg 600w, https:\/\/chinacustomboxes.com\/wp-content\/uploads\/2025\/09\/Cosmetic-Paackaging-boxes-3-100x100.jpg 100w, https:\/\/chinacustomboxes.com\/wp-content\/uploads\/2025\/09\/Cosmetic-Paackaging-boxes-3.jpg 1919w\" sizes=\"(max-width: 1024px) 100vw, 1024px\" \/><\/p>\n<h2 id=\"-5-inventive-design-information-enhance-interaction-and-link-\"><strong>5. Pomys\u0142owe informacje projektowe zwi\u0119kszaj\u0105ce interakcj\u0119 i \u0142\u0105czno\u015b\u0107\u00a0<\/strong><\/h2>\n<ul>\n<li><strong>Otwieranie kopertowe:\u00a0<\/strong>K\u0105towy styl w kszta\u0142cie koperty z przodu zewn\u0119trznych pude\u0142ek jest prosty, ale modny, kieruj\u0105c klient\u00f3w do otwierania pude\u0142ek i zapewniaj\u0105c interaktywno\u015b\u0107 i zabaw\u0119.<\/li>\n<li><strong>Zintegrowany kod QR:\u00a0<\/strong>Kod QR wydrukowany wewn\u0105trz pude\u0142ek, typowy atrybut nowoczesnych opakowa\u0144, prowadzi konsument\u00f3w do skanowania w celu uzyskania jeszcze wi\u0119kszej ilo\u015bci szczeg\u00f3\u0142\u00f3w produktu, samouczk\u00f3w edukacyjnych lub wydarze\u0144 zwi\u0105zanych z mark\u0105, dzia\u0142aj\u0105c jako wa\u017cny pomost mi\u0119dzy online i offline.<\/li>\n<\/ul>\n<p><img loading=\"lazy\" decoding=\"async\" class=\"alignnone wp-image-2392 size-large\" src=\"https:\/\/chinacustomboxes.com\/wp-content\/uploads\/2025\/09\/Cosmetic-Paackaging-boxes-2-1024x1024.jpg\" alt=\"Pude\u0142ka do pakowania kosmetyk\u00f3w do makija\u017cu\" width=\"1024\" height=\"1024\" title=\"\" srcset=\"https:\/\/chinacustomboxes.com\/wp-content\/uploads\/2025\/09\/Cosmetic-Paackaging-boxes-2-1024x1024.jpg 1024w, https:\/\/chinacustomboxes.com\/wp-content\/uploads\/2025\/09\/Cosmetic-Paackaging-boxes-2-300x300.jpg 300w, https:\/\/chinacustomboxes.com\/wp-content\/uploads\/2025\/09\/Cosmetic-Paackaging-boxes-2-150x150.jpg 150w, https:\/\/chinacustomboxes.com\/wp-content\/uploads\/2025\/09\/Cosmetic-Paackaging-boxes-2-768x768.jpg 768w, https:\/\/chinacustomboxes.com\/wp-content\/uploads\/2025\/09\/Cosmetic-Paackaging-boxes-2-1536x1536.jpg 1536w, https:\/\/chinacustomboxes.com\/wp-content\/uploads\/2025\/09\/Cosmetic-Paackaging-boxes-2-12x12.jpg 12w, https:\/\/chinacustomboxes.com\/wp-content\/uploads\/2025\/09\/Cosmetic-Paackaging-boxes-2-600x600.jpg 600w, https:\/\/chinacustomboxes.com\/wp-content\/uploads\/2025\/09\/Cosmetic-Paackaging-boxes-2-100x100.jpg 100w, https:\/\/chinacustomboxes.com\/wp-content\/uploads\/2025\/09\/Cosmetic-Paackaging-boxes-2.jpg 1920w\" sizes=\"(max-width: 1024px) 100vw, 1024px\" \/><\/p>\n<h2 id=\"-6-specialist-lining-for-product-protection-\"><strong>6. Specjalistyczne ok\u0142adziny do ochrony produkt\u00f3w\u00a0<\/strong><\/h2>\n<p>Wewn\u0119trzna wy\u015bci\u00f3\u0142ka tych <a href=\"https:\/\/chinacustomboxes.com\/pl\/cosmetic-packaging-boxes\/\">zestaw kosmetyk\u00f3w do makija\u017cu pude\u0142ka do pakowania produkt\u00f3w<\/a> jest wykonany z EVA o wysokiej g\u0119sto\u015bci, precyzyjnie dopasowanego do kszta\u0142tu przedmiotu. Materia\u0142 ten zapewnia doskona\u0142\u0105 wy\u015bci\u00f3\u0142k\u0119 i w\u0142a\u015bciwo\u015bci poch\u0142aniania wstrz\u0105s\u00f3w, solidnie zabezpieczaj\u0105c ka\u017cdy produkt na miejscu i chroni\u0105c przed rezonansem i efektami.<\/p>\n<h2 id=\"-7-comprehensive-and-highly-personalized-to-meet-private-demands-\"><strong>7. Wszechstronne i wysoce spersonalizowane, aby spe\u0142ni\u0107 prywatne wymagania\u00a0<\/strong><\/h2>\n<p>Te sztywne opakowania na kosmetyki do makija\u017cu s\u0105 doskona\u0142ym przyk\u0142adem wysokiej modyfikacji. Niezale\u017cnie od tego, czy chodzi o ramy opakowania, wymiary, opcje materia\u0142owe, drukowan\u0105 zawarto\u015b\u0107 (projekt logo marki, slogan, informacje o produkcie itp.), czy te\u017c szczeliny podszewki, mo\u017cemy dostosowa\u0107 je do konkretnych potrzeb, ca\u0142kowicie spe\u0142niaj\u0105c zindywidualizowane wymagania r\u00f3\u017cnych marek i produkt\u00f3w.<\/p>\n<p><img loading=\"lazy\" decoding=\"async\" class=\"alignnone wp-image-2391 size-large\" src=\"https:\/\/chinacustomboxes.com\/wp-content\/uploads\/2025\/09\/Cosmetic-Paackaging-boxes-1-1024x1024.jpg\" alt=\"Pude\u0142ka do pakowania kosmetyk\u00f3w do makija\u017cu\" width=\"1024\" height=\"1024\" title=\"\" srcset=\"https:\/\/chinacustomboxes.com\/wp-content\/uploads\/2025\/09\/Cosmetic-Paackaging-boxes-1-1024x1024.jpg 1024w, https:\/\/chinacustomboxes.com\/wp-content\/uploads\/2025\/09\/Cosmetic-Paackaging-boxes-1-300x300.jpg 300w, https:\/\/chinacustomboxes.com\/wp-content\/uploads\/2025\/09\/Cosmetic-Paackaging-boxes-1-150x150.jpg 150w, https:\/\/chinacustomboxes.com\/wp-content\/uploads\/2025\/09\/Cosmetic-Paackaging-boxes-1-768x768.jpg 768w, https:\/\/chinacustomboxes.com\/wp-content\/uploads\/2025\/09\/Cosmetic-Paackaging-boxes-1-1536x1536.jpg 1536w, https:\/\/chinacustomboxes.com\/wp-content\/uploads\/2025\/09\/Cosmetic-Paackaging-boxes-1-12x12.jpg 12w, https:\/\/chinacustomboxes.com\/wp-content\/uploads\/2025\/09\/Cosmetic-Paackaging-boxes-1-600x600.jpg 600w, https:\/\/chinacustomboxes.com\/wp-content\/uploads\/2025\/09\/Cosmetic-Paackaging-boxes-1-100x100.jpg 100w, https:\/\/chinacustomboxes.com\/wp-content\/uploads\/2025\/09\/Cosmetic-Paackaging-boxes-1.jpg 1919w\" sizes=\"(max-width: 1024px) 100vw, 1024px\" \/><\/p>\n<h2 id=\"-8-1-hour-sample-turnaround-shows-superior-manufacturing-capabilities-\"><strong>8. \"1-godzinna realizacja pr\u00f3bki\" pokazuje doskona\u0142e mo\u017cliwo\u015bci produkcyjne\u00a0<\/strong><\/h2>\n<p>\"1-Hour Example Turn-around\" \u015bwiadczy o du\u017cej szybko\u015bci reakcji producenta i jego mo\u017cliwo\u015bciach w zakresie proofingu. Wskazuje to, \u017ce zak\u0142ad produkcyjny mo\u017ce pochwali\u0107 si\u0119 niezawodnym zespo\u0142em stylist\u00f3w, cyfrowymi urz\u0105dzeniami do proofingu i innowacyjnymi procedurami produkcyjnymi, co pozwala nam zmieni\u0107 zasady uk\u0142adu klienta bezpo\u015brednio w fizyczne pr\u00f3bki w czasie dokumentowania, znacznie skracaj\u0105c ich cykl decyzyjny i wyd\u0142u\u017caj\u0105c czas wprowadzania produkt\u00f3w na rynek.<\/p>","protected":false},"excerpt":{"rendered":"<p>Odkryj nasze hurtowe spersonalizowane kartonowe pude\u0142ka do pakowania produkt\u00f3w dostosowane specjalnie do marek charm. Te obecne pude\u0142ka, ze specjalnym uk\u0142adem drzwi sk\u0142adanych, nie tylko zapewniaj\u0105 wyj\u0105tkowe wra\u017cenia podczas rozpakowywania zestawu kosmetyk\u00f3w, ale dodatkowo zapewniaj\u0105 wyj\u0105tkowe bezpiecze\u0144stwo przedmiot\u00f3w dzi\u0119ki swojej wytrzyma\u0142ej strukturze i dok\u0142adnej podszewce kom\u00f3rkowej EVA. Wykorzystujemy r\u00f3\u017cnorodne zaawansowane techniki, w tym drukowanie w wysokiej rozdzielczo\u015bci i znakowanie na gor\u0105co, zintegrowane z wyrafinowanym bia\u0142o-r\u00f3\u017cowym wzorem kolorystycznym, aby w pe\u0142ni wyeksponowa\u0107 najwy\u017csz\u0105 jako\u015b\u0107 marki. Obs\u0142ugujemy pe\u0142n\u0105 modyfikacj\u0119 wymiar\u00f3w, produktu i druku oraz oferujemy szybkie rozwi\u0105zanie \"przyk\u0142adowej produkcji w ci\u0105gu 1 godziny\", kt\u00f3re jest doskona\u0142\u0105 us\u0142ug\u0105 pakowania, aby zwi\u0119kszy\u0107 warto\u015b\u0107 marki i przyci\u0105gn\u0105\u0107 klient\u00f3w.<\/p>","protected":false},"featured_media":2391,"template":"","meta":{"_kad_post_transparent":"default","_kad_post_title":"","_kad_post_layout":"default","_kad_post_sidebar_id":"","_kad_post_content_style":"default","_kad_post_vertical_padding":"default","_kad_post_feature":"","_kad_post_feature_position":"","_kad_post_header":false,"_kad_post_footer":false,"_kad_post_classname":""},"product_brand":[],"product_cat":[15,17,28,23],"product_tag":[593,591,592],"class_list":{"0":"post-2390","1":"product","2":"type-product","3":"status-publish","4":"has-post-thumbnail","6":"product_cat-boxes-by-shapes","7":"product_cat-boxes-by-industries","8":"product_cat-cosmetic-packaging-boxes","9":"product_cat-unusual-shaped-boxes","10":"product_tag-cosmetic-set-boxes-wholesale","11":"product_tag-custom-makeup-boxes","12":"product_tag-packaging-rigid-boxes","14":"first","15":"instock","16":"shipping-taxable","17":"product-type-simple","18":"entry","19":"content-bg","20":"loop-entry"},"_links":{"self":[{"href":"https:\/\/chinacustomboxes.com\/pl\/wp-json\/wp\/v2\/product\/2390","targetHints":{"allow":["GET"]}}],"collection":[{"href":"https:\/\/chinacustomboxes.com\/pl\/wp-json\/wp\/v2\/product"}],"about":[{"href":"https:\/\/chinacustomboxes.com\/pl\/wp-json\/wp\/v2\/types\/product"}],"wp:featuredmedia":[{"embeddable":true,"href":"https:\/\/chinacustomboxes.com\/pl\/wp-json\/wp\/v2\/media\/2391"}],"wp:attachment":[{"href":"https:\/\/chinacustomboxes.com\/pl\/wp-json\/wp\/v2\/media?parent=2390"}],"wp:term":[{"taxonomy":"product_brand","embeddable":true,"href":"https:\/\/chinacustomboxes.com\/pl\/wp-json\/wp\/v2\/product_brand?post=2390"},{"taxonomy":"product_cat","embeddable":true,"href":"https:\/\/chinacustomboxes.com\/pl\/wp-json\/wp\/v2\/product_cat?post=2390"},{"taxonomy":"product_tag","embeddable":true,"href":"https:\/\/chinacustomboxes.com\/pl\/wp-json\/wp\/v2\/product_tag?post=2390"}],"curies":[{"name":"wp","href":"https:\/\/api.w.org\/{rel}","templated":true}]}}