{"id":271,"date":"2025-04-10T13:51:25","date_gmt":"2025-04-10T13:51:25","guid":{"rendered":"https:\/\/chinacustomboxes.com\/?post_type=product&#038;p=271"},"modified":"2025-04-29T12:57:53","modified_gmt":"2025-04-29T12:57:53","slug":"custom-essential-oil-aromatherapy-gift-sets-boxes-packaging","status":"publish","type":"product","link":"https:\/\/chinacustomboxes.com\/pl\/custom-essential-oil-aromatherapy-gift-sets-boxes-packaging\/","title":{"rendered":"Niestandardowe zestawy upominkowe olejk\u00f3w eterycznych do aromaterapii Pude\u0142ka Opakowania"},"content":{"rendered":"<h2 id=\"-customized-essential-oil-aromatherapy-gift-set-box-packaging-product-description-\">Niestandardowe zestawy upominkowe olejk\u00f3w eterycznych do aromaterapii Pude\u0142ka Opakowania<\/h2>\n<h2 id=\"-1-single-black-printing-design-the-fusion-of-simple-aesthetics-and-brand-personality-\"><strong>1. Pojedynczy czarny nadruk: po\u0142\u0105czenie prostej estetyki i osobowo\u015bci marki<\/strong><\/h2>\n<p>Wykorzystuj\u0105c technologi\u0119 pojedynczego czarnego nadruku, minimalistyczna estetyka interpretuje poczucie luksusu i tajemniczo\u015bci. Dzi\u0119ki po\u0142\u0105czeniu jasnych i ciemnych gradient\u00f3w oraz matowej tekstury, na powierzchni pude\u0142ka tworzy si\u0119 g\u0142\u0119boka warstwa wizualna, niczym gwiazdy w nocy, ujawniaj\u0105c luksus w stonowany spos\u00f3b. LOGO marki jest prezentowane za pomoc\u0105 wysoce precyzyjnego procesu t\u0142oczenia na gor\u0105co, a tr\u00f3jwymiarowy sens jest wzmocniony przez lokalne wyt\u0142aczanie UV lub wkl\u0119s\u0142e i wypuk\u0142e, co nie tylko podkre\u015bla rozpoznawalno\u015b\u0107 marki, ale tak\u017ce tworzy ostry kontrast z pojedynczym czarnym t\u0142em, przekazuj\u0105c pow\u015bci\u0105gliwy i g\u0142\u0119boki ton marki.<\/p>\n<h2 id=\"-2-elegant-hot-stamping-motto-the-finishing-touch-of-the-brand-spirit-\"><strong>2. Eleganckie motto t\u0142oczone na gor\u0105co: wyko\u0144czenie ducha marki<\/strong><\/h2>\n<p>Motto marki przyjmuje technologi\u0119 t\u0142oczenia na gor\u0105co, z 24-karatow\u0105 z\u0142ot\u0105 foli\u0105 lub foli\u0105 z r\u00f3\u017cowego z\u0142ota jako no\u015bnikiem, linie tekstu s\u0105 g\u0142adkie i delikatne, a z\u0142oty po\u0142ysk i pojedyncze czarne t\u0142o uzupe\u0142niaj\u0105 si\u0119 nawzajem, podobnie jak jasna galaktyka w ciemnej nocy. Pozycj\u0119 t\u0142oczenia na gor\u0105co mo\u017cna dostosowa\u0107 na \u015brodku lub z boku pokrywy pude\u0142ka, a dzi\u0119ki procesowi mikro-t\u0142oczenia dotyk palca jest tr\u00f3jwymiarowy i pe\u0142en rytualnego zmys\u0142u, przekazuj\u0105c podstawow\u0105 warto\u015b\u0107 marki \"dyskretny i niezwyk\u0142y\".<\/p>\n<h2 id=\"-3-book-magnetic-box-structure-opening-and-closing-with-a-sense-of-ritual-both-innovative-and-practical-\"><strong>3.  Magnetyczne zamkni\u0119cie pude\u0142ka: otwieranie i zamykanie z poczuciem rytua\u0142u, zar\u00f3wno innowacyjne, jak i praktyczne<\/strong><\/h2>\n<p>Przyj\u0119cie <a href=\"https:\/\/chinacustomboxes.com\/pl\/maker-magnetic-closure-box-for-hair-extensions-removal-device\/\">pude\u0142ko z magnetycznym zamkni\u0119ciem<\/a> Konstrukcja, pokrywa pude\u0142ka i dolne pude\u0142ko s\u0105 dok\u0142adnie zaadsorbowane przez wbudowane magnesy, a otwieraniu i zamykaniu towarzyszy wyra\u017any d\u017awi\u0119k \"klikni\u0119cia\", zapewniaj\u0105c u\u017cytkownikom szlachetne wra\u017cenia z otwierania pude\u0142ka prezentowego. Kszta\u0142t pude\u0142ka ma zgrabne linie i zaokr\u0105glone kraw\u0119dzie, co jest ergonomiczne i zapobiega zu\u017cyciu podczas transportu. Si\u0142a ssania magnetycznego jest regulowana, aby spe\u0142ni\u0107 wymagania r\u00f3\u017cnych rozmiar\u00f3w, zapewniaj\u0105c stabilno\u015b\u0107 zamkni\u0119cia i wygod\u0119 otwierania.<\/p>\n<h2 id=\"-4-material-combination-dual-guarantee-of-stability-and-texture-\"><strong>4. Po\u0142\u0105czenie materia\u0142\u00f3w: podw\u00f3jna gwarancja stabilno\u015bci i tekstury<\/strong><\/h2>\n<ul>\n<li><strong>Materia\u0142 opakowania zewn\u0119trznego<\/strong>:<\/li>\n<li><strong>Powierzchnia<\/strong>: Papier powlekany 157G, grubo\u015b\u0107 oko\u0142o 0,16 mm, papier jest delikatny i g\u0142adki, kolor jest pe\u0142ny i nadaje si\u0119 do warstwowej ekspresji pojedynczego czarnego druku.<\/li>\n<li><strong>Wewn\u0119trzna struktura podszewki<\/strong>: Szara tektura 1200GSM, wysoka g\u0119sto\u015b\u0107, du\u017ca odporno\u015b\u0107 na nacisk, mo\u017ce przenosi\u0107 delikatne przedmioty, takie jak butelki olejk\u00f3w eterycznych, i zapewnia brak deformacji podczas transportu.<\/li>\n<li><strong>Szczeg\u00f3\u0142y procesu<\/strong>: Szara tektura i powlekany papier s\u0105 po\u0142\u0105czone przyjaznym dla \u015brodowiska klejem na bazie wody, a kraw\u0119dzie s\u0105 obszyte, bez zadzior\u00f3w i odporne na zu\u017cycie.<\/li>\n<\/ul>\n<h2 id=\"-5-diversified-box-types-adapt-to-different-scenes-and-design-styles-\"><strong>5. Zr\u00f3\u017cnicowane typy pude\u0142ek: Dostosowanie do r\u00f3\u017cnych scen i styl\u00f3w projektowania<\/strong><\/h2>\n<p>Dost\u0119pne s\u0105 r\u00f3\u017cne typy pude\u0142ek, w tym<\/p>\n<ul>\n<li><strong>G\u0142owica i dolna pokrywa pude\u0142ka<\/strong>: Klasyczny i klimatyczny, odpowiedni na prezenty biznesowe.<\/li>\n<li><strong>Skrzynka z szuflad\u0105<\/strong>: Po\u0142\u0105czenie tajemniczo\u015bci i zabawy, odpowiednie dla limitowanych zestaw\u00f3w do aromaterapii.<\/li>\n<li><strong>Skrzynka tn\u0105ca o specjalnym kszta\u0142cie<\/strong>: Takie jak sze\u015bciok\u0105t, \u0142uk itp., aby zaspokoi\u0107 potrzeby projektowania artystycznego. Typ pude\u0142ka obs\u0142uguje druk ca\u0142ostronicowy, kt\u00f3ry mo\u017cna dopasowa\u0107 do malowania tuszem, wzor\u00f3w geometrycznych lub minimalistycznych linii i elastycznie odzwierciedla j\u0119zyk wizualny marki.<\/li>\n<\/ul>\n<h2 id=\"-6-inner-tray-adaptation-solution-balance-between-ritual-and-functionality-\"><strong>6. Rozwi\u0105zanie do adaptacji tacki wewn\u0119trznej: r\u00f3wnowaga mi\u0119dzy rytua\u0142em a funkcjonalno\u015bci\u0105<\/strong><\/h2>\n<ul>\n<li><strong>Wyb\u00f3r materia\u0142u<\/strong>:<\/li>\n<li><strong>Flokowana taca wewn\u0119trzna<\/strong>Mi\u0119kki i delikatny w dotyku, amortyzuj\u0105cy wstrz\u0105sy i antypo\u015blizgowy, odpowiedni do olejk\u00f3w eterycznych w szklanych butelkach.<\/li>\n<li><strong>Podszewka z jedwabnej tkaniny<\/strong>Matowa jedwabna powierzchnia z ciemnym wzorem haftu zwi\u0119ksza efekt wizualny podczas otwierania pude\u0142ka.<\/li>\n<li><strong>Nak\u0142adanie warstw kartonu<\/strong>Konfigurowalna struktura plastra miodu lub przegroda szczelinowa, precyzyjne mocowanie produktu.<\/li>\n<li><strong>Kolor i tekstura<\/strong>Zapewniaj\u0105 czarny, szary, czerwony i inne kolory, wspieraj\u0105 po\u0142\u0105czenie technologii flokowania i t\u0142oczenia na gor\u0105co, zwi\u0119kszaj\u0105 og\u00f3lne poczucie luksusu.<\/li>\n<\/ul>\n<h2 id=\"-7-customized-service-full-process-support-from-design-to-implementation-\"><strong>7. Us\u0142uga dostosowana do indywidualnych potrzeb: pe\u0142ne wsparcie procesu od projektu do wdro\u017cenia<\/strong><\/h2>\n<ul>\n<li><strong>Dostosowanie projektu<\/strong>Zgodnie z rozmiarem, stylem i bud\u017cetem produktu, zapewnij optymalizacj\u0119 rozwi\u0105zania typu 1 do 1, aby zapewni\u0107, \u017ce <a href=\"https:\/\/chinacustomboxes.com\/pl\/custom-scarves-apparel-t-shirt-paper-tube-packaging-wholesale\/\">opakowanie<\/a> jest wysoce zgodny z temperamentem produktu.<\/li>\n<li><strong>Certyfikacja \u015brodowiskowa<\/strong>Materia\u0142 jest zgodny z certyfikatem FSC i normami RoHS oraz obs\u0142uguje opcje degradowalne.<\/li>\n<li><strong>Gwarancja sprawdzenia<\/strong>: Dostarczenie fizycznych pude\u0142ek pr\u00f3bnych w ci\u0105gu 3-5 dni roboczych, pomoc w dopracowaniu szczeg\u00f3\u0142\u00f3w, a\u017c klienci b\u0119d\u0105 zadowoleni.<\/li>\n<\/ul>\n<h2 id=\"-conclusion-\"><strong>Wnioski<\/strong><\/h2>\n<p>To spersonalizowane pude\u0142ko na aromaterapeutyczny zestaw olejk\u00f3w eterycznych, z pojedyncz\u0105 czarn\u0105 estetyk\u0105 jako motywem przewodnim, interpretuje podstawow\u0105 koncepcj\u0119 projektow\u0105 \"tajemnicy, wysokiej klasy i rytualnego zmys\u0142u\" poprzez innowacyjne po\u0142\u0105czenie materia\u0142\u00f3w, rzemios\u0142a i struktury. Pocz\u0105wszy od wra\u017ce\u0144 dotykowych zwi\u0105zanych z magnetycznym otwieraniem i zamykaniem, a\u017c po wizualny wp\u0142yw tekstu t\u0142oczonego na gor\u0105co, ka\u017cdy szczeg\u00f3\u0142 zosta\u0142 starannie przemy\u015blany, maj\u0105c na celu stworzenie wyj\u0105tkowego produktu. <a href=\"https:\/\/chinacustomboxes.com\/pl\/top-and-bottom-packaging-boxes-vendor-for-phone-accessories\/\">opakowanie<\/a> punkt pami\u0119ci dla marki, jednocze\u015bnie tworz\u0105c pe\u0142nowymiarowe, przyjemne do\u015bwiadczenie dla konsument\u00f3w od rozpakowania po u\u017cytkowanie.<\/p>","protected":false},"excerpt":{"rendered":"<p>Pude\u0142ko z magnetycznym zamkni\u0119ciem ksi\u0105\u017cki ma uroczyst\u0105 metod\u0119 otwierania i zamykania, a efekt pojedynczego czarnego nadruku pokazuje wysok\u0105 klas\u0119 i tajemniczo\u015b\u0107, jednocze\u015bnie podkre\u015blaj\u0105c spersonalizowane LOGO marki<\/p>","protected":false},"featured_media":274,"template":"","meta":{"_kad_post_transparent":"default","_kad_post_title":"","_kad_post_layout":"default","_kad_post_sidebar_id":"","_kad_post_content_style":"default","_kad_post_vertical_padding":"default","_kad_post_feature":"","_kad_post_feature_position":"","_kad_post_header":false,"_kad_post_footer":false,"_kad_post_classname":""},"product_brand":[],"product_cat":[15,17,28,18],"product_tag":[81,82,80],"class_list":{"0":"post-271","1":"product","2":"type-product","3":"status-publish","4":"has-post-thumbnail","6":"product_cat-boxes-by-shapes","7":"product_cat-boxes-by-industries","8":"product_cat-cosmetic-packaging-boxes","9":"product_cat-magnetic-closure-boxes","10":"product_tag-aromatherapy-gift-sets-boxes","11":"product_tag-custom-gift-sets-boxes-packaging","12":"product_tag-essential-oil-packaging","14":"first","15":"instock","16":"shipping-taxable","17":"product-type-simple","18":"entry","19":"content-bg","20":"loop-entry"},"_links":{"self":[{"href":"https:\/\/chinacustomboxes.com\/pl\/wp-json\/wp\/v2\/product\/271","targetHints":{"allow":["GET"]}}],"collection":[{"href":"https:\/\/chinacustomboxes.com\/pl\/wp-json\/wp\/v2\/product"}],"about":[{"href":"https:\/\/chinacustomboxes.com\/pl\/wp-json\/wp\/v2\/types\/product"}],"wp:featuredmedia":[{"embeddable":true,"href":"https:\/\/chinacustomboxes.com\/pl\/wp-json\/wp\/v2\/media\/274"}],"wp:attachment":[{"href":"https:\/\/chinacustomboxes.com\/pl\/wp-json\/wp\/v2\/media?parent=271"}],"wp:term":[{"taxonomy":"product_brand","embeddable":true,"href":"https:\/\/chinacustomboxes.com\/pl\/wp-json\/wp\/v2\/product_brand?post=271"},{"taxonomy":"product_cat","embeddable":true,"href":"https:\/\/chinacustomboxes.com\/pl\/wp-json\/wp\/v2\/product_cat?post=271"},{"taxonomy":"product_tag","embeddable":true,"href":"https:\/\/chinacustomboxes.com\/pl\/wp-json\/wp\/v2\/product_tag?post=271"}],"curies":[{"name":"wp","href":"https:\/\/api.w.org\/{rel}","templated":true}]}}