{"id":459,"date":"2025-04-11T14:22:58","date_gmt":"2025-04-11T14:22:58","guid":{"rendered":"https:\/\/chinacustomboxes.com\/?post_type=product&#038;p=459"},"modified":"2025-04-30T08:41:36","modified_gmt":"2025-04-30T08:41:36","slug":"custom-artisan-chocolate-telescopic-packaging-box-wholesale","status":"publish","type":"product","link":"https:\/\/chinacustomboxes.com\/pl\/custom-artisan-chocolate-telescopic-packaging-box-wholesale\/","title":{"rendered":"Niestandardowe teleskopowe pude\u0142ko do pakowania czekolady hurtowo"},"content":{"rendered":"<h2 id=\"customized-handmade-chocolate-telescopic-packaging-box-wholesale-product-description\">Indywidualne r\u0119cznie robione teleskopowe pude\u0142ko do pakowania czekolady hurtowo Opis produktu<\/h2>\n<h2 id=\"1-excellent-printing-technology-highlighting-brand-texture-\">1.\u00a0<strong>Doskona\u0142a technologia druku, podkre\u015blaj\u0105ca tekstur\u0119 marki<\/strong><\/h2>\n<ul>\n<li>Precyzyjna technologia druku offsetowego zapewnia wyra\u017ane i delikatne wzory, jednolity i pe\u0142ny czarny atrament, pokrycie gamy kolor\u00f3w 98%, czyste kolory bez odchyle\u0144 oraz doskona\u0142\u0105 prezentacj\u0119 LOGO marki i element\u00f3w projektu.<\/li>\n<li>Obs\u0142uga t\u0142oczenia na gor\u0105co, lokalnego lakierowania UV i innych proces\u00f3w, mo\u017ce by\u0107 dopasowana do wyt\u0142aczanej tekstury lub metalicznego po\u0142ysku, aby poprawi\u0107 wizualne nak\u0142adanie warstw i luksusowe wra\u017cenia. <a href=\"https:\/\/chinacustomboxes.com\/pl\/custom-advent-calendar-skincare-beauty-gift-box-wholesale\/\">opakowanie<\/a>.<\/li>\n<\/ul>\n<h2 id=\"2-stiff-material-combination-all-round-protection-of-products-\">2.\u00a0<strong>Sztywna kombinacja materia\u0142\u00f3w, wszechstronna ochrona produkt\u00f3w<\/strong><\/h2>\n<ul>\n<li>Pude\u0142ko zewn\u0119trzne wykorzystuje proces kompozytowy importowanej przezroczystej szarej tektury (o grubo\u015bci 1,5-3,0 mm) z Holandii i papieru powlekanego o gramaturze 300 g. Szara tektura ma silne wi\u0105zanie mi\u0119dzywarstwowe, jest odporna na nacisk i uderzenia oraz skutecznie przeciwdzia\u0142a odkszta\u0142ceniom podczas transportu.<\/li>\n<li>Konstrukcja pude\u0142ka jest zoptymalizowana i mo\u017ce ud\u017awign\u0105\u0107 ponad 1,2 kg, co jest odpowiednie dla potrzeb logistyki i magazynowania na du\u017ce odleg\u0142o\u015bci.<\/li>\n<\/ul>\n<h2 id=\"3-magnetic-opening-and-closing-design-upgraded-opening-experience-\">3.\u00a0<strong>Magnetyczne zamkni\u0119cie pude\u0142ka, ulepszone wra\u017cenia z otwierania<\/strong><\/h2>\n<ul>\n<li>Pokrywa ma wbudowany silikon o grubo\u015bci 0,8 mm. <a href=\"https:\/\/chinacustomboxes.com\/pl\/satin-lined-magnetic-closure-box-wigs-hair-extension-online\/\">pude\u0142ko z magnetycznym zamkni\u0119ciem<\/a> Modu\u0142 o sile adsorpcji 1,2 kg. Mo\u017cna go \u0142atwo otworzy\u0107 i zamkn\u0105\u0107 jedn\u0105 r\u0119k\u0105, unikaj\u0105c problemu \u0142atwego poluzowania tradycyjnych klamer.<\/li>\n<li>Pude\u0142ko ma klapk\u0119 w kszta\u0142cie ksi\u0105\u017cki. Po roz\u0142o\u017ceniu o 180\u00b0 produkt jest widoczny na pierwszy rzut oka, co zwi\u0119ksza efekt wy\u015bwietlania i interakcj\u0119 z konsumentem.<\/li>\n<\/ul>\n<p><a href=\"http:\/\/chinacustomboxes.com\/pl\/magnetic-closure-boxes\/\"><img fetchpriority=\"high\" decoding=\"async\" class=\"alignnone wp-image-2200 size-full\" src=\"https:\/\/chinacustomboxes.com\/wp-content\/uploads\/2025\/04\/Magnetic-Closure-Box-17.jpg\" alt=\"Pude\u0142ko z magnetycznym zamkni\u0119ciem\" width=\"1000\" height=\"1000\" title=\"\" srcset=\"https:\/\/chinacustomboxes.com\/wp-content\/uploads\/2025\/04\/Magnetic-Closure-Box-17.jpg 1000w, https:\/\/chinacustomboxes.com\/wp-content\/uploads\/2025\/04\/Magnetic-Closure-Box-17-300x300.jpg 300w, https:\/\/chinacustomboxes.com\/wp-content\/uploads\/2025\/04\/Magnetic-Closure-Box-17-150x150.jpg 150w, https:\/\/chinacustomboxes.com\/wp-content\/uploads\/2025\/04\/Magnetic-Closure-Box-17-768x768.jpg 768w, https:\/\/chinacustomboxes.com\/wp-content\/uploads\/2025\/04\/Magnetic-Closure-Box-17-12x12.jpg 12w, https:\/\/chinacustomboxes.com\/wp-content\/uploads\/2025\/04\/Magnetic-Closure-Box-17-600x600.jpg 600w, https:\/\/chinacustomboxes.com\/wp-content\/uploads\/2025\/04\/Magnetic-Closure-Box-17-100x100.jpg 100w\" sizes=\"(max-width: 1000px) 100vw, 1000px\" \/><\/a><\/p>\n<h2 id=\"4-flexible-lining-partition-adapting-to-multiple-scene-requirements-\">4.\u00a0<strong>Elastyczna przegroda podszewki, dostosowuj\u0105ca si\u0119 do r\u00f3\u017cnych wymaga\u0144 sceny<\/strong><\/h2>\n<ul>\n<li>Standardowa tekturowa wy\u015bci\u00f3\u0142ka obs\u0142uguje precyzyjn\u0105 segmentacj\u0119 siatki 24\/36, a g\u0142\u0119boko\u015b\u0107 siatki i odst\u0119py mo\u017cna regulowa\u0107, co idealnie pasuje do r\u0119cznie robionych czekoladek, trufli i innych produkt\u00f3w o specjalnych kszta\u0142tach.<\/li>\n<li>Opcjonalna wy\u015bci\u00f3\u0142ka EVA, g\u0105bkowa lub flokowana, o zakresie grubo\u015bci 2-10 mm, zapewnia niestandardowe rozwi\u0105zania buforowe, odpowiednie do kruchych cukierk\u00f3w lub delikatnych ciast.<\/li>\n<\/ul>\n<h2 id=\"5-multi-field-compatibility-expanded-application-scenarios-\">5.\u00a0<strong>Kompatybilno\u015b\u0107 z wieloma polami, rozszerzone scenariusze zastosowa\u0144<\/strong><\/h2>\n<ul>\n<li>Opr\u00f3cz czekolady, rozmiar pude\u0142ka mo\u017cna dostosowa\u0107 od 8 cm \u00d7 8 cm do 30 cm \u00d7 30 cm, odpowiedni do makaronik\u00f3w, ciastek, orzech\u00f3w i innych produkt\u00f3w spo\u017cywczych; mo\u017cna go r\u00f3wnie\u017c przekszta\u0142ci\u0107 w kosmetyczne pude\u0142ka upominkowe lub produkt kulturalny i kreatywny <a href=\"https:\/\/chinacustomboxes.com\/pl\/china-double-door-open-gourmet-food-gift-box-suppliers\/\">opakowanie<\/a>.<\/li>\n<\/ul>\n<h2 id=\"-in-depth-customization-service-\"><strong>6. Dog\u0142\u0119bna us\u0142uga dostosowywania<\/strong><\/h2>\n<ul>\n<li><strong>Dostosowywanie wygl\u0105du<\/strong>: Zapewnienie dok\u0142adnego dopasowania kolor\u00f3w kart Pantone, us\u0142ugi proofingu modelowania 3D, obs\u0142uga wyt\u0142aczania, pustych okien i innych spersonalizowanych projekt\u00f3w.<\/li>\n<li><strong>Optymalizacja strukturalna<\/strong>: Dostosuj gramatur\u0119 szarej p\u0142yty (250-400 g\/m\u00b2) do wagi produktu (\u22642 kg) lub dodaj konstrukcj\u0119 \u017ceber wzmacniaj\u0105cych, aby poprawi\u0107 no\u015bno\u015b\u0107.<\/li>\n<li><strong>Aktualizacja funkcji<\/strong>: Opcjonalna pow\u0142oka odporna na wilgo\u0107, od\u0142\u0105czane przegrody, gniazda na etykiety z kodem QR i inne modu\u0142y funkcyjne o warto\u015bci dodanej.<\/li>\n<\/ul>\n<h2 id=\"-production-and-delivery-guarantee-\"><strong>7. Gwarancja produkcji i dostawy<\/strong><\/h2>\n<ul>\n<li><strong>Skalowana zdolno\u015b\u0107 produkcyjna<\/strong>: 5320\u33a1 znormalizowany warsztat wyposa\u017cony w pe\u0142ni automatyczn\u0105 maszyn\u0119 sztancuj\u0105c\u0105, szybk\u0105 lini\u0119 do monta\u017cu papieru i laboratorium kontroli jako\u015bci, z dzienn\u0105 produkcj\u0105 50 000 sztuk, obs\u0142uguj\u0105cy elastyczn\u0105 dostaw\u0119 500 000-500 000 zam\u00f3wie\u0144.<\/li>\n<li><strong>System kontroli jako\u015bci<\/strong>: Przeszed\u0142 certyfikat jako\u015bci ISO9001 i certyfikat \u015brodowiskowy FSC, 18 proces\u00f3w kontroli jako\u015bci jest wdra\u017canych od przechowywania surowc\u00f3w do dostawy gotowego produktu, zapewniaj\u0105c b\u0142\u0105d p\u0142asko\u015bci produktu \u22640,1 mm, r\u00f3\u017cnic\u0119 kolor\u00f3w \u0394E \u22641,5.<\/li>\n<li><strong>Odpowied\u017a serwisu<\/strong>: Zapewnienie 48-godzinnego proofingu i 15-dniowego cyklu produkcji masowej, wsparcie globalnego \u015bledzenia logistycznego i zobowi\u0105zania do ponownego wydania uszkodzonych produkt\u00f3w.<\/li>\n<\/ul>\n<h2 id=\"-cooperation-process-\"><strong>Proces wsp\u00f3\u0142pracy<\/strong><\/h2>\n<ol>\n<li><strong>Potwierdzenie wymaga\u0144<\/strong>: Poda\u0107 rozmiar produktu, ilo\u015b\u0107 i szkic projektu (format AI\/CDR);<\/li>\n<li><strong>Formu\u0142a programu<\/strong>: Informacje zwrotne dotycz\u0105ce wyboru materia\u0142\u00f3w, bud\u017cetu koszt\u00f3w i rendering\u00f3w 3D w ci\u0105gu 3 dni roboczych;<\/li>\n<li><strong>Przyk\u0142adowe potwierdzenie<\/strong>: Pr\u00f3bki fizyczne zostan\u0105 dostarczone w ci\u0105gu 3-5 dni, a trzy bezp\u0142atne modyfikacje s\u0105 obs\u0142ugiwane;<\/li>\n<li><strong>Produkcja masowa<\/strong>: Towar zostanie dostarczony w ci\u0105gu 7-14 dni od podpisania umowy.<\/li>\n<\/ol>","protected":false},"excerpt":{"rendered":"<p>To niestandardowe, r\u0119cznie robione teleskopowe pude\u0142ko na czekolad\u0119 zosta\u0142o zaprojektowane z my\u015bl\u0105 o wysokiej klasy opakowaniach do \u017cywno\u015bci, \u0142\u0105cz\u0105c wykwintne rzemios\u0142o i innowacyjn\u0105 struktur\u0119, bior\u0105c pod uwag\u0119 praktyczno\u015b\u0107 i walory estetyczne. Wykorzystuje przyjazne dla \u015brodowiska materia\u0142y i elastyczne us\u0142ugi dostosowywania, odpowiednie do zr\u00f3\u017cnicowanych scenariuszy pakowania \u017cywno\u015bci, takich jak czekolada, cukierki, babeczki itp.<\/p>","protected":false},"featured_media":464,"template":"","meta":{"_kad_post_transparent":"default","_kad_post_title":"","_kad_post_layout":"default","_kad_post_sidebar_id":"","_kad_post_content_style":"default","_kad_post_vertical_padding":"default","_kad_post_feature":"","_kad_post_feature_position":"","_kad_post_header":false,"_kad_post_footer":false,"_kad_post_classname":""},"product_brand":[],"product_cat":[15,17,36,18],"product_tag":[141,142,140],"class_list":{"0":"post-459","1":"product","2":"type-product","3":"status-publish","4":"has-post-thumbnail","6":"product_cat-boxes-by-shapes","7":"product_cat-boxes-by-industries","8":"product_cat-gourmet-food-packaging","9":"product_cat-magnetic-closure-boxes","10":"product_tag-chocolate-telescopic-packaging-box","11":"product_tag-custom-artisan-chocolate-box","12":"product_tag-custom-chocolate-packaging","14":"first","15":"instock","16":"shipping-taxable","17":"product-type-simple","18":"entry","19":"content-bg","20":"loop-entry"},"_links":{"self":[{"href":"https:\/\/chinacustomboxes.com\/pl\/wp-json\/wp\/v2\/product\/459","targetHints":{"allow":["GET"]}}],"collection":[{"href":"https:\/\/chinacustomboxes.com\/pl\/wp-json\/wp\/v2\/product"}],"about":[{"href":"https:\/\/chinacustomboxes.com\/pl\/wp-json\/wp\/v2\/types\/product"}],"wp:featuredmedia":[{"embeddable":true,"href":"https:\/\/chinacustomboxes.com\/pl\/wp-json\/wp\/v2\/media\/464"}],"wp:attachment":[{"href":"https:\/\/chinacustomboxes.com\/pl\/wp-json\/wp\/v2\/media?parent=459"}],"wp:term":[{"taxonomy":"product_brand","embeddable":true,"href":"https:\/\/chinacustomboxes.com\/pl\/wp-json\/wp\/v2\/product_brand?post=459"},{"taxonomy":"product_cat","embeddable":true,"href":"https:\/\/chinacustomboxes.com\/pl\/wp-json\/wp\/v2\/product_cat?post=459"},{"taxonomy":"product_tag","embeddable":true,"href":"https:\/\/chinacustomboxes.com\/pl\/wp-json\/wp\/v2\/product_tag?post=459"}],"curies":[{"name":"wp","href":"https:\/\/api.w.org\/{rel}","templated":true}]}}