{"id":877,"date":"2025-04-15T07:02:12","date_gmt":"2025-04-15T07:02:12","guid":{"rendered":"https:\/\/chinacustomboxes.com\/?post_type=product&#038;p=877"},"modified":"2025-04-30T08:24:22","modified_gmt":"2025-04-30T08:24:22","slug":"distributing-magnetic-lid-rigid-box-for-vip-membership-card","status":"publish","type":"product","link":"https:\/\/chinacustomboxes.com\/pl\/distributing-magnetic-lid-rigid-box-for-vip-membership-card\/","title":{"rendered":"Distributing Magnetic Lid Rigid Box dla karty cz\u0142onkowskiej VIP"},"content":{"rendered":"<h2 id=\"product-description-of-vip-member-card-magnetic-cover-hard-box-for-distribution\">Opis produktu VIP Member Card Magnetic Lid Rigid Box do dystrybucji<\/h2>\n<h2>1.\u00a0<strong>Magnetyczny <\/strong>Pokrywa <strong>Typ pude\u0142ka: Podw\u00f3jne ulepszenie obs\u0142ugi jedn\u0105 r\u0119k\u0105 i postrzegania jako\u015bci<\/strong><\/h2>\n<ul>\n<li><strong>Precyzyjna adsorpcja magnetyczna<\/strong>: Dzi\u0119ki zastosowaniu wysoce precyzyjnej magnetycznej struktury ss\u0105cej, pokryw\u0119 pude\u0142ka mo\u017cna otwiera\u0107 i zamyka\u0107 jednym naci\u015bni\u0119ciem, a po zamkni\u0119ciu s\u0142ycha\u0107 wyra\u017any d\u017awi\u0119k \"klikni\u0119cia\", co poprawia intuicyjne postrzeganie jako\u015bci przez u\u017cytkownika.<\/li>\n<li><strong>Gwarancja trwa\u0142o\u015bci<\/strong>: Magnetyczny element ss\u0105cy zosta\u0142 przetestowany pod k\u0105tem otwierania i zamykania przez tysi\u0105ce razy bez t\u0142umienia, zapewniaj\u0105c d\u0142ugoterminow\u0105 stabilno\u015b\u0107.<\/li>\n<\/ul>\n<p><a href=\"http:\/\/Magnetic Closure Box\"><img fetchpriority=\"high\" decoding=\"async\" class=\"alignnone wp-image-2192 size-full\" src=\"https:\/\/chinacustomboxes.com\/wp-content\/uploads\/2025\/04\/Magnetic-Closure-Box-5-1.jpg\" alt=\"Pude\u0142ko z magnetycznym zamkni\u0119ciem\" width=\"1000\" height=\"1000\" title=\"\" srcset=\"https:\/\/chinacustomboxes.com\/wp-content\/uploads\/2025\/04\/Magnetic-Closure-Box-5-1.jpg 1000w, https:\/\/chinacustomboxes.com\/wp-content\/uploads\/2025\/04\/Magnetic-Closure-Box-5-1-300x300.jpg 300w, https:\/\/chinacustomboxes.com\/wp-content\/uploads\/2025\/04\/Magnetic-Closure-Box-5-1-150x150.jpg 150w, https:\/\/chinacustomboxes.com\/wp-content\/uploads\/2025\/04\/Magnetic-Closure-Box-5-1-768x768.jpg 768w, https:\/\/chinacustomboxes.com\/wp-content\/uploads\/2025\/04\/Magnetic-Closure-Box-5-1-12x12.jpg 12w, https:\/\/chinacustomboxes.com\/wp-content\/uploads\/2025\/04\/Magnetic-Closure-Box-5-1-600x600.jpg 600w, https:\/\/chinacustomboxes.com\/wp-content\/uploads\/2025\/04\/Magnetic-Closure-Box-5-1-100x100.jpg 100w\" sizes=\"(max-width: 1000px) 100vw, 1000px\" \/><\/a><\/p>\n<h2 id=\"2-display-stand-design-enjoy-the-sense-of-ceremony-as-soon-as-you-open-the-box-\">2.\u00a0<strong>Konstrukcja stojaka ekspozycyjnego: Poczucie ceremonii zaraz po otwarciu pude\u0142ka<\/strong><\/h2>\n<ul>\n<li><strong>Funkcja wy\u015bwietlania pod wieloma k\u0105tami<\/strong>: Po roz\u0142o\u017ceniu korpusu pude\u0142ka powstaje nachylony pod k\u0105tem 30\u00b0 stojak ekspozycyjny, kt\u00f3ry mo\u017ce intuicyjnie prezentowa\u0107 t\u0142oczone na gor\u0105co LOGO lub proces wyt\u0142aczania karty VIP, zwi\u0119kszaj\u0105c poczucie godno\u015bci i ceremonii podczas otwierania pude\u0142ka.<\/li>\n<li><strong>Konstrukcja szyny \u015blizgowej (opcjonalnie)<\/strong>: Szufladowa konstrukcja szyny \u015blizgowej dodatkowo poprawia p\u0142ynno\u015b\u0107 dzia\u0142ania, co spe\u0142nia efektywne potrzeby scenariuszy biznesowych.<\/li>\n<\/ul>\n<h2 id=\"3-visual-presentation-luxury-aesthetic-language-\">3.\u00a0<strong>Prezentacja wizualna: luksusowy j\u0119zyk estetyczny<\/strong><\/h2>\n<ul>\n<li><strong>G\u0142\u00f3wny kolor i wykonanie<\/strong>: Korpus pude\u0142ka przyjmuje czysto bia\u0142\u0105 matow\u0105 podstaw\u0119, z cz\u0119\u015bciowym t\u0142oczeniem na gor\u0105co \/ srebrnym kunsztem, takim jak logo marki, wz\u00f3r ramki itp., prezentuj\u0105c stonowany i luksusowy efekt wizualny.<\/li>\n<li><strong>Wyb\u00f3r materia\u0142u<\/strong>: Opcjonalnie matowy PVC, per\u0142owy karton lub przyjazny dla \u015brodowiska materia\u0142 akrylowy, delikatny w dotyku, odporny na zarysowania i zu\u017cycie.<\/li>\n<\/ul>\n<h2 id=\"4-inner-lining-design-precise-storage-and-protection-\">4.\u00a0<strong>Wewn\u0119trzna podszewka: precyzyjne przechowywanie i ochrona<\/strong><\/h2>\n<ul>\n<li><strong>Niestandardowe gniazdo kart<\/strong>: Wewn\u0119trzna wy\u015bci\u00f3\u0142ka wykonana jest z g\u0105bki EVA o wysokiej g\u0119sto\u015bci lub materia\u0142u flanelowego, kt\u00f3ry dok\u0142adnie pasuje do rozmiaru pojedynczej\/wielu kart, jest odporny na wstrz\u0105sy i zu\u017cycie.<\/li>\n<li><strong>Wielofunkcyjna przegroda<\/strong>: Mo\u017cna doda\u0107 niezale\u017cne przegr\u00f3dki, kompatybilne z wizyt\u00f3wkami, podr\u0119cznikami lub drobnymi upominkami, aby zaspokoi\u0107 potrzeby biznesowych scen upominkowych.<\/li>\n<\/ul>\n<h2 id=\"5-quality-control-standards-strict-scene-adaptability-\">5.\u00a0<strong>Standardy kontroli jako\u015bci: \u015bcis\u0142e dostosowanie sceny<\/strong><\/h2>\n<ul>\n<li><strong>Tolerancja \u015brodowiskowa<\/strong>: Przeszed\u0142 testy ognioodporno\u015bci, odporno\u015bci na wilgo\u0107 i starzenie pod wp\u0142ywem promieniowania UV oraz spe\u0142nia bankowe standardy magazynowania i transportu.<\/li>\n<li><strong>Szczeg\u00f3\u0142y technologiczne<\/strong>: Kraw\u0119d\u017a korpusu pude\u0142ka jest zaokr\u0105glona, aby unikn\u0105\u0107 zarysowa\u0144.<\/li>\n<\/ul>\n<h2 id=\"-unlimited-customization-service-\"><strong>6. Nieograniczona us\u0142uga dostosowywania<\/strong><\/h2>\n<ul>\n<li><strong>Elastyczna adaptacja proces\u00f3w<\/strong>: Obs\u0142uguje t\u0142oczenie na gor\u0105co \/ srebro, wyt\u0142aczanie UV, kolorowy druk laserowy, grawerowanie laserowe i inne procesy, a jednocze\u015bnie mo\u017ce dostosowa\u0107 LOGO, numer, nazw\u0119 klienta i inne spersonalizowane informacje.<\/li>\n<li><strong>Rozszerzenie rozmiaru i struktury<\/strong>: Kompatybilny ze standardowymi kartami o grubo\u015bci od 0,76 mm do 1,2 mm, mo\u017cna go rozszerzy\u0107 do dwuwarstwowych przyssawek magnetycznych, sk\u0142adanych <a href=\"https:\/\/chinacustomboxes.com\/pl\/custom-clamshell-perfume-gift-boxes-packaging-supplies\/\">pude\u0142ka na prezenty<\/a> i innych form, a tak\u017ce dostosowywa\u0107 si\u0119 do kart o specjalnych kszta\u0142tach i potrzeb kombinacji wielu kart.<\/li>\n<li><strong>Gwarancja dostawy partii<\/strong>: Obs\u0142uguje 500 sztuk minimalnego zam\u00f3wienia, 7-14 dni niezwykle szybkiej dostawy i zapewnia potwierdzenie pr\u00f3bki kolor\u00f3w, proofing i us\u0142ugi przegl\u0105du w ca\u0142ym procesie.<\/li>\n<\/ul>\n<h2 id=\"-applicable-scenario-examples-\"><strong>7. Przyk\u0142ady odpowiednich scenariuszy<\/strong><\/h2>\n<ul>\n<li><strong>Klienci bankowo\u015bci prywatnej bank\u00f3w<\/strong>: Karty z czarnego z\u0142ota i karty diamentowe wzmacniaj\u0105 \"ekskluzywn\u0105 to\u017csamo\u015b\u0107 zamo\u017cnych u\u017cytkownik\u00f3w\".<\/li>\n<li><strong>Wysokiej klasy system cz\u0142onkostwa<\/strong>: Jako coroczny element pude\u0142ka upominkowego, zawiera podr\u0119cznik praw cz\u0142onkowskich i spersonalizowane karty, aby zwi\u0119kszy\u0107 lojalno\u015b\u0107 wobec marki.<\/li>\n<li><strong>Zestaw wizyt\u00f3wek<\/strong>: Integracja metalowych wizyt\u00f3wek i <a href=\"https:\/\/chinacustomboxes.com\/pl\/luxury-brand-manufacturer-magnetic-closure-box-for-hair-wigs\/\">pude\u0142ka z zamkni\u0119ciem magnetycznym<\/a> aby stworzy\u0107 podw\u00f3jny punkt pami\u0119ci \"dotyk + wizja\".<\/li>\n<\/ul>","protected":false},"excerpt":{"rendered":"<p>To sztywne pude\u0142ko z magnetyczn\u0105 pokryw\u0105 zosta\u0142o zaprojektowane specjalnie z my\u015bl\u0105 o wysokiej klasy kartach VIP, kartach kredytowych, kartach bankowych i wizyt\u00f3wkach. \u0141\u0105czy w sobie luksusow\u0105 jako\u015b\u0107 wykonania z humanizowanymi funkcjami. Dzi\u0119ki magnetycznemu otwieraniu i zamykaniu, konstrukcji stojaka ekspozycyjnego i t\u0142oczeniu na gor\u0105co, w pe\u0142ni dostosowuje si\u0119 do potrzeb bank\u00f3w, bank\u00f3w prywatnych, wysokiej klasy system\u00f3w cz\u0142onkowskich i innych scenariuszy, zmieniaj\u0105c szlachetne do\u015bwiadczenie i warto\u015b\u0107 marki.<\/p>","protected":false},"featured_media":887,"template":"","meta":{"_kad_post_transparent":"default","_kad_post_title":"","_kad_post_layout":"default","_kad_post_sidebar_id":"","_kad_post_content_style":"default","_kad_post_vertical_padding":"default","_kad_post_feature":"","_kad_post_feature_position":"","_kad_post_header":false,"_kad_post_footer":false,"_kad_post_classname":""},"product_brand":[],"product_cat":[15,17,27,18,42],"product_tag":[334,333,332],"class_list":{"0":"post-877","1":"product","2":"type-product","3":"status-publish","4":"has-post-thumbnail","6":"product_cat-boxes-by-shapes","7":"product_cat-boxes-by-industries","8":"product_cat-clamshell-boxes","9":"product_cat-magnetic-closure-boxes","10":"product_cat-promotion-gift-boxes","11":"product_tag-custom-vip-membership-card-box","12":"product_tag-magnetic-lid-vip-membership-box","13":"product_tag-rigid-box-for-vip-card","15":"first","16":"instock","17":"shipping-taxable","18":"product-type-simple","19":"entry","20":"content-bg","21":"loop-entry"},"_links":{"self":[{"href":"https:\/\/chinacustomboxes.com\/pl\/wp-json\/wp\/v2\/product\/877","targetHints":{"allow":["GET"]}}],"collection":[{"href":"https:\/\/chinacustomboxes.com\/pl\/wp-json\/wp\/v2\/product"}],"about":[{"href":"https:\/\/chinacustomboxes.com\/pl\/wp-json\/wp\/v2\/types\/product"}],"wp:featuredmedia":[{"embeddable":true,"href":"https:\/\/chinacustomboxes.com\/pl\/wp-json\/wp\/v2\/media\/887"}],"wp:attachment":[{"href":"https:\/\/chinacustomboxes.com\/pl\/wp-json\/wp\/v2\/media?parent=877"}],"wp:term":[{"taxonomy":"product_brand","embeddable":true,"href":"https:\/\/chinacustomboxes.com\/pl\/wp-json\/wp\/v2\/product_brand?post=877"},{"taxonomy":"product_cat","embeddable":true,"href":"https:\/\/chinacustomboxes.com\/pl\/wp-json\/wp\/v2\/product_cat?post=877"},{"taxonomy":"product_tag","embeddable":true,"href":"https:\/\/chinacustomboxes.com\/pl\/wp-json\/wp\/v2\/product_tag?post=877"}],"curies":[{"name":"wp","href":"https:\/\/api.w.org\/{rel}","templated":true}]}}