{"id":1126,"date":"2025-04-16T12:20:17","date_gmt":"2025-04-16T12:20:17","guid":{"rendered":"https:\/\/chinacustomboxes.com\/?post_type=product&#038;p=1126"},"modified":"2025-04-30T07:11:59","modified_gmt":"2025-04-30T07:11:59","slug":"factory-supply-glitter-paper-custom-eyelash-magnetic-lid-box","status":"publish","type":"product","link":"https:\/\/chinacustomboxes.com\/pt\/factory-supply-glitter-paper-custom-eyelash-magnetic-lid-box\/","title":{"rendered":"Fornecimento de F\u00e1brica Papel Brilhante Caixa de Tampa Magn\u00e9tica Personalizada para Pestanas"},"content":{"rendered":"<h2 id=\"-glitter-paper-customized-eyelash-magnetic-suction-box-product-description-\"><strong>Caixa de suc\u00e7\u00e3o magn\u00e9tica para pestanas personalizada em papel brilhante Descri\u00e7\u00e3o do produto<\/strong><\/h2>\n<h2 id=\"1-magnetic-suction-closure-system-\">1.\u00a0<strong>Sistema de caixas com fecho magn\u00e9tico<\/strong><\/h2>\n<p>Adoptando uma estrutura de suc\u00e7\u00e3o magn\u00e9tica de alta precis\u00e3o, o design incorporado do micro-\u00edman permite a opera\u00e7\u00e3o de abertura e fecho com uma s\u00f3 m\u00e3o e a for\u00e7a magn\u00e9tica atinge 0,2N-0,3N, garantindo uma veda\u00e7\u00e3o completa quando fechada, isolando eficazmente o ar e a humidade e evitando que as pestanas fiquem h\u00famidas ou contaminadas. O anel de veda\u00e7\u00e3o de silicone de qualidade alimentar \u00e9 adicionado \u00e0 camada interior para melhorar ainda mais a resist\u00eancia ao p\u00f3 e \u00e0 humidade e adaptar-se a ambientes de elevada humidade.<\/p>\n<p><img fetchpriority=\"high\" decoding=\"async\" class=\"alignnone wp-image-1128\" src=\"https:\/\/chinacustomboxes.com\/wp-content\/uploads\/2025\/04\/Custom-Eyelash-Glitter-Paper-Packing-Box-2.jpg\" alt=\"Caixa de embalagem de papel brilhante para pestanas personalizada\" width=\"1000\" height=\"1000\" title=\"\" srcset=\"https:\/\/chinacustomboxes.com\/wp-content\/uploads\/2025\/04\/Custom-Eyelash-Glitter-Paper-Packing-Box-2.jpg 1200w, https:\/\/chinacustomboxes.com\/wp-content\/uploads\/2025\/04\/Custom-Eyelash-Glitter-Paper-Packing-Box-2-300x300.jpg 300w, https:\/\/chinacustomboxes.com\/wp-content\/uploads\/2025\/04\/Custom-Eyelash-Glitter-Paper-Packing-Box-2-1024x1024.jpg 1024w, https:\/\/chinacustomboxes.com\/wp-content\/uploads\/2025\/04\/Custom-Eyelash-Glitter-Paper-Packing-Box-2-150x150.jpg 150w, https:\/\/chinacustomboxes.com\/wp-content\/uploads\/2025\/04\/Custom-Eyelash-Glitter-Paper-Packing-Box-2-768x768.jpg 768w, https:\/\/chinacustomboxes.com\/wp-content\/uploads\/2025\/04\/Custom-Eyelash-Glitter-Paper-Packing-Box-2-12x12.jpg 12w, https:\/\/chinacustomboxes.com\/wp-content\/uploads\/2025\/04\/Custom-Eyelash-Glitter-Paper-Packing-Box-2-600x600.jpg 600w, https:\/\/chinacustomboxes.com\/wp-content\/uploads\/2025\/04\/Custom-Eyelash-Glitter-Paper-Packing-Box-2-100x100.jpg 100w\" sizes=\"(max-width: 1000px) 100vw, 1000px\" \/><\/p>\n<h2 id=\"2-transparent-acrylic-window-\">2.\u00a0<strong>Janela acr\u00edlica transparente<\/strong><\/h2>\n<p>Um painel de acr\u00edlico de alta transpar\u00eancia com 3 mm de espessura est\u00e1 incorporado na parte superior, com uma transmiss\u00e3o de luz de 92%. Com cantos arredondados e tecnologia anti-riscos, \u00e9 poss\u00edvel observar o estado interno das pestanas (como a limpeza e a integridade do arranjo) a 360\u00b0 sem abrir a <a href=\"https:\/\/chinacustomboxes.com\/pt\/food-grade-kraft-tea-coffee-paper-tube-boxes-manufacturer\/\">caixa<\/a>. A janela suporta mais de 20 formas, como redonda, em forma de cora\u00e7\u00e3o, hexagonal, etc. O rebordo adopta tecnologia de corte a laser com um erro de precis\u00e3o de \u22640,5 mm.<\/p>\n<h2 id=\"3-glitter-paper-material-aesthetics-\">3.\u00a0<strong>Est\u00e9tica do material do papel brilhante<\/strong><\/h2>\n<ul>\n<li><strong>Desempenho visual<\/strong>: \u00c9 utilizado papel brilhante de alta gramagem de 120 g e a superf\u00edcie \u00e9 tratada com tecnologia de estampagem a quente\/prata. Apresenta um brilho din\u00e2mico e brilhante sob refra\u00e7\u00e3o da luz. A gama de cores abrange mais de 90% de cart\u00f5es de cores Pantone, especialmente adequada para cores populares como o ouro rosa e o azul fantasia, o que aumenta significativamente a atratividade da exposi\u00e7\u00e3o nas prateleiras.<\/li>\n<li><strong>Propriedades ambientais<\/strong>: O material \u00e9 certificado pelo FSC, 100% recicl\u00e1vel e degrad\u00e1vel, e o substrato de cart\u00e3o cinzento utiliza fibra reciclada, que cumpre os requisitos da UE <a href=\"https:\/\/chinacustomboxes.com\/pt\/bespoke-soft-touch-lamination-match-style-necklaces-box\/\">embalagem<\/a> normas de sustentabilidade.<\/li>\n<\/ul>\n<p><img decoding=\"async\" class=\"alignnone wp-image-1127 size-full\" src=\"https:\/\/chinacustomboxes.com\/wp-content\/uploads\/2025\/04\/Custom-Eyelash-Glitter-Paper-Packing-Box-1.jpg\" alt=\"Caixa de embalagem de papel brilhante para pestanas personalizada\" width=\"1101\" height=\"1101\" title=\"\" srcset=\"https:\/\/chinacustomboxes.com\/wp-content\/uploads\/2025\/04\/Custom-Eyelash-Glitter-Paper-Packing-Box-1.jpg 1101w, https:\/\/chinacustomboxes.com\/wp-content\/uploads\/2025\/04\/Custom-Eyelash-Glitter-Paper-Packing-Box-1-300x300.jpg 300w, https:\/\/chinacustomboxes.com\/wp-content\/uploads\/2025\/04\/Custom-Eyelash-Glitter-Paper-Packing-Box-1-1024x1024.jpg 1024w, https:\/\/chinacustomboxes.com\/wp-content\/uploads\/2025\/04\/Custom-Eyelash-Glitter-Paper-Packing-Box-1-150x150.jpg 150w, https:\/\/chinacustomboxes.com\/wp-content\/uploads\/2025\/04\/Custom-Eyelash-Glitter-Paper-Packing-Box-1-768x768.jpg 768w, https:\/\/chinacustomboxes.com\/wp-content\/uploads\/2025\/04\/Custom-Eyelash-Glitter-Paper-Packing-Box-1-12x12.jpg 12w, https:\/\/chinacustomboxes.com\/wp-content\/uploads\/2025\/04\/Custom-Eyelash-Glitter-Paper-Packing-Box-1-600x600.jpg 600w, https:\/\/chinacustomboxes.com\/wp-content\/uploads\/2025\/04\/Custom-Eyelash-Glitter-Paper-Packing-Box-1-100x100.jpg 100w\" sizes=\"(max-width: 1101px) 100vw, 1101px\" \/><\/p>\n<p>&nbsp;<\/p>\n<h2 id=\"4-emotional-color-design-\">4.\u00a0<strong>Design de cores emocionais<\/strong><\/h2>\n<p>A cor principal \u00e9 o cor-de-rosa e a satura\u00e7\u00e3o \u00e9 reduzida em 15%, revelando uma sensa\u00e7\u00e3o de suavidade e do\u00e7ura, que se enquadra no apelo emocional das mulheres da gera\u00e7\u00e3o Z ao \"poder feminino\" e \u00e0 \"est\u00e9tica requintada\". O lado da caixa pode ser sobreposto com uma mancha gradiente ou um revestimento perolado para aumentar o reconhecimento da marca.<\/p>\n<h2 id=\"5-brand-specific-design-\">5.\u00a0<strong>Conce\u00e7\u00e3o espec\u00edfica da marca<\/strong><\/h2>\n<ul>\n<li><strong>Processo de impress\u00e3o<\/strong>: Suporta impress\u00e3o a quatro cores CMYK, estampagem UV, grava\u00e7\u00e3o a laser, precis\u00e3o do LOGOTIPO de 300 dpi, tamanho m\u00ednimo da fonte de impress\u00e3o de 0,8 mm.<\/li>\n<li><strong>Combina\u00e7\u00e3o de acess\u00f3rios<\/strong>: Pode ser combinado com a mesma s\u00e9rie de <a href=\"https:\/\/chinacustomboxes.com\/pt\/durable-cannabis-wax-concentrate-packaging-paper-drawer-box\/\">caixas de gavetas para papel<\/a> e mini-caixas port\u00e1teis para formar uma matriz de produtos que satisfa\u00e7a as necessidades de v\u00e1rios cen\u00e1rios, como a venda a retalho, ofertas e edi\u00e7\u00f5es limitadas.<\/li>\n<\/ul>\n<h2 id=\"6-application-scenarios-and-market-value-\">6.\u00a0<strong>Cen\u00e1rios de aplica\u00e7\u00e3o e valor de mercado<\/strong><\/h2>\n<ul>\n<li><strong>Fim do retalho<\/strong>: O gloss de papel brilhante + tom rosa cria um impacto visual, ajudando a marca a destacar-se em lojas de colec\u00e7\u00f5es de beleza, transmiss\u00f5es ao vivo de com\u00e9rcio eletr\u00f3nico e outros cen\u00e1rios.<\/li>\n<li><strong>Experi\u00eancia do utilizador<\/strong>: O sistema de suc\u00e7\u00e3o magn\u00e9tica e o design da janela reduzem a abertura e o fecho frequentes, prolongam a vida \u00fatil das pestanas e satisfazem as necessidades dos consumidores de \"ferramentas de beleza eficientes\".<\/li>\n<li><strong>Pr\u00e9mio ambiental<\/strong>: Os materiais recicl\u00e1veis e os servi\u00e7os personalizados ligam-se com precis\u00e3o \u00e0s tend\u00eancias de marketing ESG para refor\u00e7ar a imagem de \"est\u00e9tica verde\" da marca.<\/li>\n<\/ul>","protected":false},"excerpt":{"rendered":"<p>O sistema de fecho magn\u00e9tico \u00e9 f\u00e1cil de operar com uma m\u00e3o e tem uma forte veda\u00e7\u00e3o para evitar a humidade ou contamina\u00e7\u00e3o das pestanas. Uma janela de acr\u00edlico transparente est\u00e1 embutida na parte superior, para que possa observar claramente o estado das pestanas no interior sem abrir a caixa, o que melhora a conveni\u00eancia da utiliza\u00e7\u00e3o. O material de papel brilhante apresenta um brilho intenso sob a refra\u00e7\u00e3o da luz, o que aumenta a atra\u00e7\u00e3o do produto na prateleira quando exposto.<\/p>","protected":false},"featured_media":1129,"template":"","meta":{"_kad_post_transparent":"default","_kad_post_title":"","_kad_post_layout":"default","_kad_post_sidebar_id":"","_kad_post_content_style":"default","_kad_post_vertical_padding":"default","_kad_post_feature":"","_kad_post_feature_position":"","_kad_post_header":false,"_kad_post_footer":false,"_kad_post_classname":""},"product_brand":[],"product_cat":[15,17,27,28,18],"product_tag":[437,434,438],"class_list":{"0":"post-1126","1":"product","2":"type-product","3":"status-publish","4":"has-post-thumbnail","6":"product_cat-boxes-by-shapes","7":"product_cat-boxes-by-industries","8":"product_cat-clamshell-boxes","9":"product_cat-cosmetic-packaging-boxes","10":"product_cat-magnetic-closure-boxes","11":"product_tag-eyelashes-gift-box","12":"product_tag-glitter-eyelash-packaging","13":"product_tag-glitter-paper-eyelash-paper-box","15":"first","16":"instock","17":"shipping-taxable","18":"product-type-simple","19":"entry","20":"content-bg","21":"loop-entry"},"_links":{"self":[{"href":"https:\/\/chinacustomboxes.com\/pt\/wp-json\/wp\/v2\/product\/1126","targetHints":{"allow":["GET"]}}],"collection":[{"href":"https:\/\/chinacustomboxes.com\/pt\/wp-json\/wp\/v2\/product"}],"about":[{"href":"https:\/\/chinacustomboxes.com\/pt\/wp-json\/wp\/v2\/types\/product"}],"wp:featuredmedia":[{"embeddable":true,"href":"https:\/\/chinacustomboxes.com\/pt\/wp-json\/wp\/v2\/media\/1129"}],"wp:attachment":[{"href":"https:\/\/chinacustomboxes.com\/pt\/wp-json\/wp\/v2\/media?parent=1126"}],"wp:term":[{"taxonomy":"product_brand","embeddable":true,"href":"https:\/\/chinacustomboxes.com\/pt\/wp-json\/wp\/v2\/product_brand?post=1126"},{"taxonomy":"product_cat","embeddable":true,"href":"https:\/\/chinacustomboxes.com\/pt\/wp-json\/wp\/v2\/product_cat?post=1126"},{"taxonomy":"product_tag","embeddable":true,"href":"https:\/\/chinacustomboxes.com\/pt\/wp-json\/wp\/v2\/product_tag?post=1126"}],"curies":[{"name":"wp","href":"https:\/\/api.w.org\/{rel}","templated":true}]}}