{"id":1231,"date":"2025-04-17T07:44:07","date_gmt":"2025-04-17T07:44:07","guid":{"rendered":"https:\/\/chinacustomboxes.com\/?post_type=product&#038;p=1231"},"modified":"2025-04-30T06:40:48","modified_gmt":"2025-04-30T06:40:48","slug":"custom-printed-hemp-cbd-essential-oil-box-brand-manufacturer","status":"publish","type":"product","link":"https:\/\/chinacustomboxes.com\/pt\/custom-printed-hemp-cbd-essential-oil-box-brand-manufacturer\/","title":{"rendered":"Caixa de \u00f3leo essencial de c\u00e2nhamo CBD com impress\u00e3o personalizada Fabricante da marca"},"content":{"rendered":"<h2 id=\"-customized-solution-for-hemp-cbd-essential-oil-box-\"><strong>Solu\u00e7\u00e3o personalizada para caixa de \u00f3leo essencial de c\u00e2nhamo CBD<\/strong><\/h2>\n<h2 id=\"1-compression-and-shock-resistant-structure-\">1.\u00a0<strong>Estrutura resistente \u00e0 compress\u00e3o e ao choque<\/strong><\/h2>\n<p>A estrutura combinada de cart\u00e3o ondulado composto de camada dupla e tabuleiro interior com tamp\u00e3o EVA incorporado \u00e9 adoptada para dispersar a press\u00e3o externa atrav\u00e9s do princ\u00edpio da mec\u00e2nica em favo de mel, para garantir que as garrafas de vidro n\u00e3o s\u00e3o espremidas e danificadas durante o transporte e a armazenagem. A ranhura cortada do tabuleiro interior \u00e9 adaptada com precis\u00e3o \u00e0 garrafa de \u00f3leo essencial normalizada de 5-30 ml, conseguindo uma utiliza\u00e7\u00e3o do espa\u00e7o de 96%, tendo em conta a estabilidade da exposi\u00e7\u00e3o de uma caixa e do empilhamento de v\u00e1rias caixas.<\/p>\n<p><img fetchpriority=\"high\" decoding=\"async\" class=\"alignnone wp-image-1234 size-full\" src=\"https:\/\/chinacustomboxes.com\/wp-content\/uploads\/2025\/04\/Hemp-Essential-CBD-Oil-Packaging-Box-3.jpg\" alt=\"Caixa de embalagem de \u00f3leo essencial de c\u00e2nhamo CBD\" width=\"800\" height=\"800\" title=\"\" srcset=\"https:\/\/chinacustomboxes.com\/wp-content\/uploads\/2025\/04\/Hemp-Essential-CBD-Oil-Packaging-Box-3.jpg 800w, https:\/\/chinacustomboxes.com\/wp-content\/uploads\/2025\/04\/Hemp-Essential-CBD-Oil-Packaging-Box-3-300x300.jpg 300w, https:\/\/chinacustomboxes.com\/wp-content\/uploads\/2025\/04\/Hemp-Essential-CBD-Oil-Packaging-Box-3-150x150.jpg 150w, https:\/\/chinacustomboxes.com\/wp-content\/uploads\/2025\/04\/Hemp-Essential-CBD-Oil-Packaging-Box-3-768x768.jpg 768w, https:\/\/chinacustomboxes.com\/wp-content\/uploads\/2025\/04\/Hemp-Essential-CBD-Oil-Packaging-Box-3-12x12.jpg 12w, https:\/\/chinacustomboxes.com\/wp-content\/uploads\/2025\/04\/Hemp-Essential-CBD-Oil-Packaging-Box-3-600x600.jpg 600w, https:\/\/chinacustomboxes.com\/wp-content\/uploads\/2025\/04\/Hemp-Essential-CBD-Oil-Packaging-Box-3-100x100.jpg 100w\" sizes=\"(max-width: 800px) 100vw, 800px\" \/><\/p>\n<h2 id=\"2-right-angle-edge-and-modular-assembly-\">2.\u00a0<strong>Borda em \u00e2ngulo reto e montagem modular<\/strong><\/h2>\n<p>O processo de dobragem em \u00e2ngulo reto de 90\u00b0 refor\u00e7a a rigidez do corpo da caixa e evita o problema de concentra\u00e7\u00e3o de tens\u00f5es provocado pelos cantos arredondados; o design de bloqueio da lingueta sem cola simplifica o processo de montagem, reduz os custos de m\u00e3o de obra e proporciona a <a href=\"https:\/\/chinacustomboxes.com\/pt\/lid-and-base-box-clothes-apparel-shapewear-packaging-factory\/\">embalagem<\/a> um temperamento est\u00e9tico industrial rigoroso.<\/p>\n<h2 id=\"3-right-angle-edge-shelf-competitiveness-\">3.\u00a0<strong>Competitividade das prateleiras em \u00e2ngulo reto<\/strong><\/h2>\n<p>O contorno em \u00e2ngulo reto cria uma sensa\u00e7\u00e3o de confian\u00e7a profissional nos cosm\u00e9ticos farmac\u00eauticos, maximiza a planura da superf\u00edcie de exposi\u00e7\u00e3o e garante que as informa\u00e7\u00f5es do r\u00f3tulo n\u00e3o s\u00e3o visualmente deformadas quando expostas na prateleira. Com o tratamento de superf\u00edcie mate, o reconhecimento do texto em ambientes com muita luz \u00e9 melhorado, cumprindo os requisitos de legibilidade obrigat\u00f3rios dos produtos CBD da UE para listas de ingredientes, avisos e outras informa\u00e7\u00f5es.<\/p>\n<p><img decoding=\"async\" class=\"alignnone wp-image-1235 size-full\" src=\"https:\/\/chinacustomboxes.com\/wp-content\/uploads\/2025\/04\/Hemp-Essential-CBD-Oil-Packaging-Box-4.jpg\" alt=\"Caixa de embalagem de \u00f3leo essencial de c\u00e2nhamo CBD\" width=\"950\" height=\"950\" title=\"\" srcset=\"https:\/\/chinacustomboxes.com\/wp-content\/uploads\/2025\/04\/Hemp-Essential-CBD-Oil-Packaging-Box-4.jpg 950w, https:\/\/chinacustomboxes.com\/wp-content\/uploads\/2025\/04\/Hemp-Essential-CBD-Oil-Packaging-Box-4-300x300.jpg 300w, https:\/\/chinacustomboxes.com\/wp-content\/uploads\/2025\/04\/Hemp-Essential-CBD-Oil-Packaging-Box-4-150x150.jpg 150w, https:\/\/chinacustomboxes.com\/wp-content\/uploads\/2025\/04\/Hemp-Essential-CBD-Oil-Packaging-Box-4-768x768.jpg 768w, https:\/\/chinacustomboxes.com\/wp-content\/uploads\/2025\/04\/Hemp-Essential-CBD-Oil-Packaging-Box-4-12x12.jpg 12w, https:\/\/chinacustomboxes.com\/wp-content\/uploads\/2025\/04\/Hemp-Essential-CBD-Oil-Packaging-Box-4-600x600.jpg 600w, https:\/\/chinacustomboxes.com\/wp-content\/uploads\/2025\/04\/Hemp-Essential-CBD-Oil-Packaging-Box-4-100x100.jpg 100w\" sizes=\"(max-width: 950px) 100vw, 950px\" \/><\/p>\n<h2 id=\"4-color-system-and-psychological-application-\">4.\u00a0<strong>Sistema de cores e aplica\u00e7\u00e3o psicol\u00f3gica<\/strong><\/h2>\n<ul>\n<li><strong>Cor principal: verde escuro<\/strong>\u00a0Simboliza a natureza e o org\u00e2nico, reflecte as propriedades de extra\u00e7\u00e3o vegetal dos ingredientes do CBD e cumpre as normas da UE em mat\u00e9ria de CBD <a href=\"https:\/\/chinacustomboxes.com\/pt\/child-resistant-510-vape-cartridge-packaging-boxes-wholesale\/\">embalagem<\/a> especifica\u00e7\u00f5es de cores de aviso.<\/li>\n<\/ul>\n<h2 id=\"5-high-definition-printing-technology-guarantee-\">5.\u00a0<strong>Garantia de tecnologia de impress\u00e3o de alta defini\u00e7\u00e3o<\/strong><\/h2>\n<p>Utiliza a impress\u00e3o digital UV de 1200 dpi para garantir que as informa\u00e7\u00f5es essenciais, como as micro fontes e os c\u00f3digos de lote, s\u00e3o claras e leg\u00edveis, e o desempenho anti-desgaste \u00e9 verificado por testes de fric\u00e7\u00e3o para satisfazer as necessidades de rastreabilidade das informa\u00e7\u00f5es de todos os elos da cadeia de abastecimento.<\/p>\n<p><img decoding=\"async\" class=\"alignnone wp-image-1233 size-full\" src=\"https:\/\/chinacustomboxes.com\/wp-content\/uploads\/2025\/04\/Hemp-Essential-CBD-Oil-Packaging-Box-2.jpg\" alt=\"Caixa de embalagem de \u00f3leo essencial de c\u00e2nhamo CBD\" width=\"800\" height=\"800\" title=\"\" srcset=\"https:\/\/chinacustomboxes.com\/wp-content\/uploads\/2025\/04\/Hemp-Essential-CBD-Oil-Packaging-Box-2.jpg 800w, https:\/\/chinacustomboxes.com\/wp-content\/uploads\/2025\/04\/Hemp-Essential-CBD-Oil-Packaging-Box-2-300x300.jpg 300w, https:\/\/chinacustomboxes.com\/wp-content\/uploads\/2025\/04\/Hemp-Essential-CBD-Oil-Packaging-Box-2-150x150.jpg 150w, https:\/\/chinacustomboxes.com\/wp-content\/uploads\/2025\/04\/Hemp-Essential-CBD-Oil-Packaging-Box-2-768x768.jpg 768w, https:\/\/chinacustomboxes.com\/wp-content\/uploads\/2025\/04\/Hemp-Essential-CBD-Oil-Packaging-Box-2-12x12.jpg 12w, https:\/\/chinacustomboxes.com\/wp-content\/uploads\/2025\/04\/Hemp-Essential-CBD-Oil-Packaging-Box-2-600x600.jpg 600w, https:\/\/chinacustomboxes.com\/wp-content\/uploads\/2025\/04\/Hemp-Essential-CBD-Oil-Packaging-Box-2-100x100.jpg 100w\" sizes=\"(max-width: 800px) 100vw, 800px\" \/><\/p>\n<h2 id=\"6-fsc-certified-environmentally-friendly-substrate-\">6.\u00a0<strong>Substrato ecol\u00f3gico certificado pelo FSC<\/strong><\/h2>\n<p>Selecione o cart\u00e3o branco FSC Mix Credit (300g\/m\u00b2), que passou a certifica\u00e7\u00e3o de gest\u00e3o florestal sustent\u00e1vel, e a sua pegada de carbono \u00e9 42% inferior \u00e0 do papel tradicional. O processo de lamina\u00e7\u00e3o \u00e0 base de \u00e1gua \u00e0 superf\u00edcie atinge uma reciclabilidade de 100%, o que satisfaz os requisitos obrigat\u00f3rios dos mercados europeu e americano no que respeita a papel ecol\u00f3gico <a href=\"https:\/\/chinacustomboxes.com\/pt\/wholesale-cheap-paper-tube-packaging-for-tea-coffee-spices\/\">embalagem<\/a> e refor\u00e7a a express\u00e3o do valor \"natural e org\u00e2nico\" da marca.<\/p>","protected":false},"excerpt":{"rendered":"<p>Esta caixa de cart\u00e3o utiliza o verde-escuro e o amarelo vivo como principal psicologia de cor visual, o que est\u00e1 em conformidade com as normas de aviso de produtos CBD da UE. A empresa centra-se no fornecimento de solu\u00e7\u00f5es de embalagem profissionais para produtos canabin\u00f3ides de grau cosmec\u00eautico e cria um sistema visual de marca que cumpre as normas internacionais, tendo como n\u00facleo a est\u00e9tica funcional.<\/p>","protected":false},"featured_media":1234,"template":"","meta":{"_kad_post_transparent":"default","_kad_post_title":"","_kad_post_layout":"default","_kad_post_sidebar_id":"","_kad_post_content_style":"default","_kad_post_vertical_padding":"default","_kad_post_feature":"","_kad_post_feature_position":"","_kad_post_header":false,"_kad_post_footer":false,"_kad_post_classname":""},"product_brand":[],"product_cat":[15,17,29,24],"product_tag":[481,478,482],"class_list":{"0":"post-1231","1":"product","2":"type-product","3":"status-publish","4":"has-post-thumbnail","6":"product_cat-boxes-by-shapes","7":"product_cat-boxes-by-industries","8":"product_cat-cbd-oil-boxes","9":"product_cat-folding-cartons","10":"product_tag-cbd-oil-boxes","11":"product_tag-custom-cannabis-boxes","12":"product_tag-get-hemp-oil-boxes-printing","14":"first","15":"instock","16":"shipping-taxable","17":"product-type-simple","18":"entry","19":"content-bg","20":"loop-entry"},"_links":{"self":[{"href":"https:\/\/chinacustomboxes.com\/pt\/wp-json\/wp\/v2\/product\/1231","targetHints":{"allow":["GET"]}}],"collection":[{"href":"https:\/\/chinacustomboxes.com\/pt\/wp-json\/wp\/v2\/product"}],"about":[{"href":"https:\/\/chinacustomboxes.com\/pt\/wp-json\/wp\/v2\/types\/product"}],"wp:featuredmedia":[{"embeddable":true,"href":"https:\/\/chinacustomboxes.com\/pt\/wp-json\/wp\/v2\/media\/1234"}],"wp:attachment":[{"href":"https:\/\/chinacustomboxes.com\/pt\/wp-json\/wp\/v2\/media?parent=1231"}],"wp:term":[{"taxonomy":"product_brand","embeddable":true,"href":"https:\/\/chinacustomboxes.com\/pt\/wp-json\/wp\/v2\/product_brand?post=1231"},{"taxonomy":"product_cat","embeddable":true,"href":"https:\/\/chinacustomboxes.com\/pt\/wp-json\/wp\/v2\/product_cat?post=1231"},{"taxonomy":"product_tag","embeddable":true,"href":"https:\/\/chinacustomboxes.com\/pt\/wp-json\/wp\/v2\/product_tag?post=1231"}],"curies":[{"name":"wp","href":"https:\/\/api.w.org\/{rel}","templated":true}]}}