{"id":2148,"date":"2025-04-22T09:42:26","date_gmt":"2025-04-22T09:42:26","guid":{"rendered":"https:\/\/chinacustomboxes.com\/?post_type=product&#038;p=2148"},"modified":"2025-04-30T06:33:43","modified_gmt":"2025-04-30T06:33:43","slug":"double-door-open-gift-box-packaging-solution-for-perfume","status":"publish","type":"product","link":"https:\/\/chinacustomboxes.com\/pt\/double-door-open-gift-box-packaging-solution-for-perfume\/","title":{"rendered":"Solu\u00e7\u00e3o de embalagem de caixa de presente aberta de porta dupla para perfume"},"content":{"rendered":"<h2 id=\"-double-door-perfume-gift-box-packaging-solution-\"><strong>Solu\u00e7\u00e3o de embalagem de caixa de oferta de perfume com porta dupla<\/strong><\/h2>\n<h2 id=\"-i-structural-design-dual-considerations-of-aesthetics-and-mechanics-\"><strong>I. Conce\u00e7\u00e3o estrutural: considera\u00e7\u00f5es duplas de est\u00e9tica e mec\u00e2nica<\/strong><\/h2>\n<ol>\n<li><strong>Design ritual de abertura de duas portas<\/strong>\u00a0\u00c9 adoptada uma estrutura sim\u00e9trica de porta dupla, ligada por dobradi\u00e7as de precis\u00e3o, com um \u00e2ngulo de abertura e fecho de 180\u00b0, simulando a experi\u00eancia de desembalagem de bens de luxo. A extremidade do painel da porta foi concebida com uma fivela magn\u00e9tica incorporada de 0,5 mm, que se encaixa perfeitamente quando fechada e apresenta um foco visual \"semelhante a um palco\" quando aberta, refor\u00e7ando a sensa\u00e7\u00e3o de ritual de abertura da caixa.<\/li>\n<li><strong>Estrutura em caixa de alta estabilidade<\/strong>\u00a0O corpo da caixa \u00e9 feito de cinco camadas de cart\u00e3o cinzento com elevada resist\u00eancia \u00e0 compress\u00e3o. Com o esqueleto de suporte cruzado interno, pode suportar a press\u00e3o vertical sem deforma\u00e7\u00e3o. O painel da porta e a base adoptam o processo de jun\u00e7\u00e3o de encaixe e espiga para garantir a abertura e o fecho a longo prazo sem inclina\u00e7\u00e3o.<\/li>\n<li><strong>Adapta\u00e7\u00e3o mec\u00e2nica ao espa\u00e7o interior<\/strong>\u00a0Com base na modela\u00e7\u00e3o 3D e na an\u00e1lise de elementos finitos, a camada de suporte interno adopta um suporte interno de pl\u00e1stico, a profundidade da ranhura \u00e9 adaptada \u00e0 forma do frasco de perfume e n\u00e3o h\u00e1 deslocamento sob o teste de vibra\u00e7\u00e3o de inclina\u00e7\u00e3o de 45\u00b0. O design do revestimento em camadas permite a exposi\u00e7\u00e3o de v\u00e1rios frascos em combina\u00e7\u00e3o.<\/li>\n<\/ol>\n<p><img fetchpriority=\"high\" decoding=\"async\" class=\"alignnone wp-image-2151 size-full\" src=\"https:\/\/chinacustomboxes.com\/wp-content\/uploads\/2025\/04\/two-door-open-gift-box-for-perfume-1.jpg\" alt=\"caixa de oferta aberta com duas portas\" width=\"800\" height=\"800\" title=\"\" srcset=\"https:\/\/chinacustomboxes.com\/wp-content\/uploads\/2025\/04\/two-door-open-gift-box-for-perfume-1.jpg 800w, https:\/\/chinacustomboxes.com\/wp-content\/uploads\/2025\/04\/two-door-open-gift-box-for-perfume-1-300x300.jpg 300w, https:\/\/chinacustomboxes.com\/wp-content\/uploads\/2025\/04\/two-door-open-gift-box-for-perfume-1-150x150.jpg 150w, https:\/\/chinacustomboxes.com\/wp-content\/uploads\/2025\/04\/two-door-open-gift-box-for-perfume-1-768x768.jpg 768w, https:\/\/chinacustomboxes.com\/wp-content\/uploads\/2025\/04\/two-door-open-gift-box-for-perfume-1-12x12.jpg 12w, https:\/\/chinacustomboxes.com\/wp-content\/uploads\/2025\/04\/two-door-open-gift-box-for-perfume-1-600x600.jpg 600w, https:\/\/chinacustomboxes.com\/wp-content\/uploads\/2025\/04\/two-door-open-gift-box-for-perfume-1-100x100.jpg 100w\" sizes=\"(max-width: 800px) 100vw, 800px\" \/><\/p>\n<h2 id=\"-second-craftsmanship-and-materials-high-end-texture-and-environmental-protection-\"><strong>2. Artesanato e materiais: textura de alta qualidade e prote\u00e7\u00e3o ambiental<\/strong><\/h2>\n<ol>\n<li><strong>Processo de estampagem a quente com precis\u00e3o de 0,1 mm<\/strong>\u00a0A superf\u00edcie do painel da porta utiliza pel\u00edcula de estampagem a quente Kurz alem\u00e3, o erro de precis\u00e3o de sobreimpress\u00e3o da linha \u00e9 \u22640,08 mm, suporta cor gradiente e efeito de relevo 3D e passou 100.000 testes de fric\u00e7\u00e3o sem cair. Est\u00e3o dispon\u00edveis 8 cores met\u00e1licas, como o ouro rosa e o ouro champanhe.<\/li>\n<li><strong>Cart\u00e3o leve de alta resist\u00eancia<\/strong>\u00a0O material de base usa placa cinza ecologicamente correta certificada pelo FSC (peso \u22651200g\/\u33a1), e a superf\u00edcie \u00e9 coberta com filme de toque fosco, que tem as vantagens da resist\u00eancia ao rasgo e redu\u00e7\u00e3o de peso 15%. A embalagem vazia <a href=\"https:\/\/chinacustomboxes.com\/pt\/customized-slider-child-resistant-box-rigid-boxes-wholesale\/\">caixa<\/a> pode suportar at\u00e9 8 kg. Est\u00e1 em conformidade com as normas de prote\u00e7\u00e3o ambiental REACH da UE e pode ser 100% degradado.<\/li>\n<li><strong>Est\u00e9tica minimalista em preto puro<\/strong> A cor principal \u00e9 o preto, com tratamento de superf\u00edcie mate, refletividade \u22645%, real\u00e7ando o luxo discreto. A base preta \u00e9 compat\u00edvel com estampagem a quente, verniz local UV, grava\u00e7\u00e3o a laser e outras sobreposi\u00e7\u00f5es de m\u00faltiplos processos, adequadas para neg\u00f3cios, arte, minimalistas e outros tons de marca.<\/li>\n<\/ol>\n<p><img decoding=\"async\" class=\"alignnone wp-image-2152 size-full\" src=\"https:\/\/chinacustomboxes.com\/wp-content\/uploads\/2025\/04\/two-door-open-gift-box-for-perfume-2.jpg\" alt=\"caixa de oferta aberta com duas portas\" width=\"800\" height=\"800\" title=\"\" srcset=\"https:\/\/chinacustomboxes.com\/wp-content\/uploads\/2025\/04\/two-door-open-gift-box-for-perfume-2.jpg 800w, https:\/\/chinacustomboxes.com\/wp-content\/uploads\/2025\/04\/two-door-open-gift-box-for-perfume-2-300x300.jpg 300w, https:\/\/chinacustomboxes.com\/wp-content\/uploads\/2025\/04\/two-door-open-gift-box-for-perfume-2-150x150.jpg 150w, https:\/\/chinacustomboxes.com\/wp-content\/uploads\/2025\/04\/two-door-open-gift-box-for-perfume-2-768x768.jpg 768w, https:\/\/chinacustomboxes.com\/wp-content\/uploads\/2025\/04\/two-door-open-gift-box-for-perfume-2-12x12.jpg 12w, https:\/\/chinacustomboxes.com\/wp-content\/uploads\/2025\/04\/two-door-open-gift-box-for-perfume-2-600x600.jpg 600w, https:\/\/chinacustomboxes.com\/wp-content\/uploads\/2025\/04\/two-door-open-gift-box-for-perfume-2-100x100.jpg 100w\" sizes=\"(max-width: 800px) 100vw, 800px\" \/><\/p>\n<h2 id=\"-three-customized-services-flexible-adaptation-in-all-dimensions-\"><strong>3. Servi\u00e7os personalizados: adapta\u00e7\u00e3o flex\u00edvel em todas as dimens\u00f5es<\/strong><\/h2>\n<ol>\n<li><strong>Desenho de ranhura personalizado<\/strong>\u00a0Suporta o revestimento personalizado do tipo de garrafa de digitaliza\u00e7\u00e3o 3D, com uma toler\u00e2ncia de \u00b10,3 mm, adequado para formas especiais, tais como garrafas com formas especiais e garrafas com relevo. S\u00e3o adicionadas almofadas de silicone antiderrapantes na parte inferior da ranhura e o teste de transporte de inclina\u00e7\u00e3o passa a norma ISTA 3A.<\/li>\n<li><strong>Op\u00e7\u00f5es de personaliza\u00e7\u00e3o de links completos<\/strong><\/li>\n<li><strong>Tipo de caixa<\/strong>6 tipos b\u00e1sicos de caixas, tais como camada \u00fanica\/dupla camada, tipo gaveta\/tipo livro, suportam a personaliza\u00e7\u00e3o de tamanhos n\u00e3o normalizados;<\/li>\n<li><strong>Material<\/strong>: 12 materiais de superf\u00edcie, tais como imita\u00e7\u00e3o de couro, veludo e papel de gr\u00e3o de madeira, s\u00e3o opcionais;<\/li>\n<li><strong>Impress\u00e3o<\/strong>: Suporta processos personalizados, como cores especiais Pantone, tinta fluorescente e revestimento com fragr\u00e2ncia;<\/li>\n<li><strong>Acess\u00f3rios<\/strong>: Pode ser combinado com componentes de valor acrescentado, tais como fitas, fivelas magn\u00e9ticas e tiras de luz LED.<\/li>\n<\/ol>\n<h2 id=\"-iv-application-scenarios-and-value-\"><strong>4. Cen\u00e1rios de aplica\u00e7\u00e3o e valor<\/strong><\/h2>\n<ul>\n<li><strong>Aumento do valor da marca<\/strong>: O design ritual de abertura da caixa aumenta a reten\u00e7\u00e3o de clientes em 27% e a partilha nas redes sociais em 40%;<\/li>\n<li><strong>Garantia de seguran\u00e7a dos transportes<\/strong>: Passou o teste de queda de 1,2 m, com uma taxa de quebra de &lt;0,5%;<\/li>\n<li><strong>Otimiza\u00e7\u00e3o de custos<\/strong>: O design leve reduz os custos log\u00edsticos em 12%, e a produ\u00e7\u00e3o modular permite uma encomenda m\u00ednima de 500 pe\u00e7as.<\/li>\n<\/ul>\n<p><img decoding=\"async\" class=\"alignnone wp-image-2154 size-full\" src=\"https:\/\/chinacustomboxes.com\/wp-content\/uploads\/2025\/04\/two-door-open-gift-box-for-perfume-4.jpg\" alt=\"caixa de oferta aberta com duas portas\" width=\"800\" height=\"800\" title=\"\" srcset=\"https:\/\/chinacustomboxes.com\/wp-content\/uploads\/2025\/04\/two-door-open-gift-box-for-perfume-4.jpg 800w, https:\/\/chinacustomboxes.com\/wp-content\/uploads\/2025\/04\/two-door-open-gift-box-for-perfume-4-300x300.jpg 300w, https:\/\/chinacustomboxes.com\/wp-content\/uploads\/2025\/04\/two-door-open-gift-box-for-perfume-4-150x150.jpg 150w, https:\/\/chinacustomboxes.com\/wp-content\/uploads\/2025\/04\/two-door-open-gift-box-for-perfume-4-768x768.jpg 768w, https:\/\/chinacustomboxes.com\/wp-content\/uploads\/2025\/04\/two-door-open-gift-box-for-perfume-4-12x12.jpg 12w, https:\/\/chinacustomboxes.com\/wp-content\/uploads\/2025\/04\/two-door-open-gift-box-for-perfume-4-600x600.jpg 600w, https:\/\/chinacustomboxes.com\/wp-content\/uploads\/2025\/04\/two-door-open-gift-box-for-perfume-4-100x100.jpg 100w\" sizes=\"(max-width: 800px) 100vw, 800px\" \/><\/p>\n<h2 id=\"-case-study-\"><strong>Estudo de caso<\/strong><\/h2>\n<ul>\n<li><strong>Modelo conjunto de marcas de luxo<\/strong>: Porta dupla personalizada <a href=\"https:\/\/chinacustomboxes.com\/pt\/vendor-luxury-two-pack-red-wine-double-side-open-gift-box\/\">caixa de oferta<\/a> para uma marca francesa, com um chip NFC incorporado no forro, e o \u00e1udio da hist\u00f3ria da fragr\u00e2ncia da marca \u00e9 automaticamente ativado quando a caixa \u00e9 aberta;<\/li>\n<li><strong>Edi\u00e7\u00e3o limitada de f\u00e9rias<\/strong>: Com revestimento de veludo preto + padr\u00e3o de floco de neve gravado a laser, combinado com abertura e fecho magn\u00e9ticos, as vendas de f\u00e9rias aumentaram 35%.<\/li>\n<\/ul>","protected":false},"excerpt":{"rendered":"<p>A estrutura sim\u00e9trica de abertura e fecho do design de porta dupla garante a estabilidade do corpo da caixa, evita a deforma\u00e7\u00e3o e a inclina\u00e7\u00e3o, cria uma sensa\u00e7\u00e3o de cerim\u00f3nia de desembalagem e melhora a experi\u00eancia de desembalagem de perfumes de alta qualidade. Foi concebida com o preto puro como cor principal, que \u00e9 simples, generosa e sofisticada, e pode adaptar-se aos tons de diferentes marcas. O forro foi concebido com ranhuras espec\u00edficas para fixar com precis\u00e3o o frasco de perfume e evitar que trema durante o transporte ou a exposi\u00e7\u00e3o.<\/p>","protected":false},"featured_media":2151,"template":"","meta":{"_kad_post_transparent":"default","_kad_post_title":"","_kad_post_layout":"default","_kad_post_sidebar_id":"","_kad_post_content_style":"default","_kad_post_vertical_padding":"default","_kad_post_feature":"","_kad_post_feature_position":"","_kad_post_header":false,"_kad_post_footer":false,"_kad_post_classname":""},"product_brand":[],"product_cat":[15,17,34,23],"product_tag":[543,545,544],"class_list":{"0":"post-2148","1":"product","2":"type-product","3":"status-publish","4":"has-post-thumbnail","6":"product_cat-boxes-by-shapes","7":"product_cat-boxes-by-industries","8":"product_cat-perfume-packaging-boxes","9":"product_cat-unusual-shaped-boxes","10":"product_tag-double-door-open-gift-box","11":"product_tag-double-door-open-gift-box-for-perfume","12":"product_tag-gift-box-packaging-solution","14":"first","15":"instock","16":"shipping-taxable","17":"product-type-simple","18":"entry","19":"content-bg","20":"loop-entry"},"_links":{"self":[{"href":"https:\/\/chinacustomboxes.com\/pt\/wp-json\/wp\/v2\/product\/2148","targetHints":{"allow":["GET"]}}],"collection":[{"href":"https:\/\/chinacustomboxes.com\/pt\/wp-json\/wp\/v2\/product"}],"about":[{"href":"https:\/\/chinacustomboxes.com\/pt\/wp-json\/wp\/v2\/types\/product"}],"wp:featuredmedia":[{"embeddable":true,"href":"https:\/\/chinacustomboxes.com\/pt\/wp-json\/wp\/v2\/media\/2151"}],"wp:attachment":[{"href":"https:\/\/chinacustomboxes.com\/pt\/wp-json\/wp\/v2\/media?parent=2148"}],"wp:term":[{"taxonomy":"product_brand","embeddable":true,"href":"https:\/\/chinacustomboxes.com\/pt\/wp-json\/wp\/v2\/product_brand?post=2148"},{"taxonomy":"product_cat","embeddable":true,"href":"https:\/\/chinacustomboxes.com\/pt\/wp-json\/wp\/v2\/product_cat?post=2148"},{"taxonomy":"product_tag","embeddable":true,"href":"https:\/\/chinacustomboxes.com\/pt\/wp-json\/wp\/v2\/product_tag?post=2148"}],"curies":[{"name":"wp","href":"https:\/\/api.w.org\/{rel}","templated":true}]}}