{"id":2243,"date":"2025-08-08T02:13:54","date_gmt":"2025-08-08T02:13:54","guid":{"rendered":"https:\/\/chinacustomboxes.com\/?post_type=product&#038;p=2243"},"modified":"2025-08-14T07:48:26","modified_gmt":"2025-08-14T07:48:26","slug":"custom-design-luxury-lid-and-base-paper-gift-box-for-perfume","status":"publish","type":"product","link":"https:\/\/chinacustomboxes.com\/pt\/custom-design-luxury-lid-and-base-paper-gift-box-for-perfume\/","title":{"rendered":"Caixa de presente de papel para perfumes com tampa e base de luxo com design personalizado"},"content":{"rendered":"<h2 id=\"customized-design-luxury-cover-and-base-paper-present-box-for-perfume\">Caixa de presente de papel de base e tampa de luxo com design personalizado para perfume<\/h2>\n<h2 id=\"1-traditional-lid-and-base-structure-simple-yet-tough\">1. Estrutura tradicional da tampa e da base: Simples mas resistente<\/h2>\n<ul>\n<li>Estilo separado *: A tampa (cover) e a base (base) s\u00e3o divididas, com um estilo de encaixe (maior em cima e mais pequeno em baixo) para uma abertura e fecho suaves, aumentando a regra da embalagem do produto.<\/li>\n<li>F\u00e1cil montagem e modifica\u00e7\u00e3o *: A estrutura modular simplifica o processo de produ\u00e7\u00e3o, permitindo mudan\u00e7as r\u00e1pidas de formas e tamanhos (como o revestimento de ranhura oval) para se adequar a diferentes formas de recipientes de fragr\u00e2ncias.<\/li>\n<\/ul>\n<h2 id=\"2-spherical-corners-for-impact-defense\">2. Cantos esf\u00e9ricos para defesa contra impactos<\/h2>\n<ul>\n<li>Cantos refor\u00e7ados *: O <a href=\"https:\/\/chinacustomboxes.com\/pt\/vendor-luxury-two-pack-red-wine-double-side-open-gift-box\/\">caixa<\/a> apresenta uma estrutura em \u00e2ngulo reto de 90\u00b0 para impedir a deforma\u00e7\u00e3o durante o transporte. O interior incorpora uma estrutura de amortecimento (tal como uma calha em forma de L + sistema de amortecimento com mola) para absorver o impacto de v\u00e1rias instru\u00e7\u00f5es e proteger o recipiente de vidro.<\/li>\n<\/ul>\n<p><img fetchpriority=\"high\" decoding=\"async\" class=\"alignnone wp-image-2245 size-full\" src=\"https:\/\/chinacustomboxes.com\/wp-content\/uploads\/2025\/08\/Custom-Design-Luxury-Lid-and-Base-Paper-Gift-Box-for-Perfume-1.jpg\" alt=\"Caixa de presente de papel para perfumes com tampa e base de luxo com design personalizado\" width=\"1000\" height=\"1000\" title=\"\" srcset=\"https:\/\/chinacustomboxes.com\/wp-content\/uploads\/2025\/08\/Custom-Design-Luxury-Lid-and-Base-Paper-Gift-Box-for-Perfume-1.jpg 1000w, https:\/\/chinacustomboxes.com\/wp-content\/uploads\/2025\/08\/Custom-Design-Luxury-Lid-and-Base-Paper-Gift-Box-for-Perfume-1-300x300.jpg 300w, https:\/\/chinacustomboxes.com\/wp-content\/uploads\/2025\/08\/Custom-Design-Luxury-Lid-and-Base-Paper-Gift-Box-for-Perfume-1-150x150.jpg 150w, https:\/\/chinacustomboxes.com\/wp-content\/uploads\/2025\/08\/Custom-Design-Luxury-Lid-and-Base-Paper-Gift-Box-for-Perfume-1-768x768.jpg 768w, https:\/\/chinacustomboxes.com\/wp-content\/uploads\/2025\/08\/Custom-Design-Luxury-Lid-and-Base-Paper-Gift-Box-for-Perfume-1-12x12.jpg 12w, https:\/\/chinacustomboxes.com\/wp-content\/uploads\/2025\/08\/Custom-Design-Luxury-Lid-and-Base-Paper-Gift-Box-for-Perfume-1-600x600.jpg 600w, https:\/\/chinacustomboxes.com\/wp-content\/uploads\/2025\/08\/Custom-Design-Luxury-Lid-and-Base-Paper-Gift-Box-for-Perfume-1-100x100.jpg 100w\" sizes=\"(max-width: 1000px) 100vw, 1000px\" \/><\/p>\n<h2 id=\"3-eco-friendly-products-and-sustainability\">3. Produtos ecol\u00f3gicos e sustentabilidade<\/h2>\n<ul>\n<li>Cart\u00e3o certificado pelo FSC *: O cart\u00e3o Kappa de alta densidade (\u2265 1200 g\/m\u00b2) proveniente de florestas sustent\u00e1veis minimiza o impacto do carbono e alinha-se com o compromisso ecol\u00f3gico da marca de luxo.<\/li>\n<li>Resistente \u00e0 compress\u00e3o e reativo *: O revestimento verde-escuro mate proporciona uma superf\u00edcie lisa e resistente a riscos. A borracha flex\u00edvel e espessa que suporta a base suporta uma capacidade de carga de aproximadamente 2 kg, prolongando a vida \u00fatil.<\/li>\n<\/ul>\n<h2 id=\"4-flexible-personalization\">4. Personaliza\u00e7\u00e3o flex\u00edvel<\/h2>\n<ul>\n<li>Ajuste de tamanho e fun\u00e7\u00e3o *: Personalize a profundidade da caixa interna com base na eleva\u00e7\u00e3o e no di\u00e2metro do frasco de perfume. As op\u00e7\u00f5es consistem em janelas, fechos magn\u00e9ticos ou interior de papel de gaveta <a href=\"https:\/\/chinacustomboxes.com\/pt\/glitter-paper-collapsible-magnetic-gift-boxes-for-hair-wigs\/\">caixas<\/a>.<\/li>\n<li>Diminui\u00e7\u00e3o dos res\u00edduos de embalagens *: A estrutura moldada numa s\u00f3 pe\u00e7a diminui a utiliza\u00e7\u00e3o de materiais de suporte e suporta revestimentos celulares ecol\u00f3gicos (como o enchimento de r\u00e1fia) para substituir as obtura\u00e7\u00f5es dent\u00e1rias de pl\u00e1stico t\u00edpicas.<\/li>\n<\/ul>\n<p><img decoding=\"async\" class=\"alignnone wp-image-2246 size-full\" src=\"https:\/\/chinacustomboxes.com\/wp-content\/uploads\/2025\/08\/Custom-Design-Luxury-Lid-and-Base-Paper-Gift-Box-for-Perfume-2.jpg\" alt=\"Caixa de presente de papel para perfumes com tampa e base de luxo com design personalizado\" width=\"1000\" height=\"1000\" title=\"\" srcset=\"https:\/\/chinacustomboxes.com\/wp-content\/uploads\/2025\/08\/Custom-Design-Luxury-Lid-and-Base-Paper-Gift-Box-for-Perfume-2.jpg 1000w, https:\/\/chinacustomboxes.com\/wp-content\/uploads\/2025\/08\/Custom-Design-Luxury-Lid-and-Base-Paper-Gift-Box-for-Perfume-2-300x300.jpg 300w, https:\/\/chinacustomboxes.com\/wp-content\/uploads\/2025\/08\/Custom-Design-Luxury-Lid-and-Base-Paper-Gift-Box-for-Perfume-2-150x150.jpg 150w, https:\/\/chinacustomboxes.com\/wp-content\/uploads\/2025\/08\/Custom-Design-Luxury-Lid-and-Base-Paper-Gift-Box-for-Perfume-2-768x768.jpg 768w, https:\/\/chinacustomboxes.com\/wp-content\/uploads\/2025\/08\/Custom-Design-Luxury-Lid-and-Base-Paper-Gift-Box-for-Perfume-2-12x12.jpg 12w, https:\/\/chinacustomboxes.com\/wp-content\/uploads\/2025\/08\/Custom-Design-Luxury-Lid-and-Base-Paper-Gift-Box-for-Perfume-2-600x600.jpg 600w, https:\/\/chinacustomboxes.com\/wp-content\/uploads\/2025\/08\/Custom-Design-Luxury-Lid-and-Base-Paper-Gift-Box-for-Perfume-2-100x100.jpg 100w\" sizes=\"(max-width: 1000px) 100vw, 1000px\" \/><\/p>\n<h2 id=\"5-luxurious-surface-complete\">5. Superf\u00edcie luxuosa Completa<\/h2>\n<ul>\n<li>Marca\u00e7\u00e3o a quente e revestimento UV *: O contorno dourado \u00e0 volta da embalagem \u00e9 estampado a quente e o log\u00f3tipo \u00e9 revestido a UV para uma superf\u00edcie elegante, proporcionando resist\u00eancia ao desgaste e \u00e0 descolora\u00e7\u00e3o e melhorando a qualidade est\u00e9tica.<\/li>\n<li>Extens\u00f5es especiais de refino *: A grava\u00e7\u00e3o em relevo, a camada \u00e0 prova de humidade (ideal para regi\u00f5es de elevada humidade) ou o folheado de couro s\u00e3o sustentados para satisfazer as exig\u00eancias diferenciadas do mercado.<\/li>\n<\/ul>\n<h2 id=\"6-dark-environment-friendly-aesthetic-style\">6. Estilo est\u00e9tico escuro e amigo do ambiente<\/h2>\n<ul>\n<li>Cor prim\u00e1ria e acentos *: A embalagem apresenta uma base mate verde escura\/escura amiga do ambiente, acentuada com linhas geom\u00e9tricas douradas claras e um limite de estampagem a quente, produzindo um ambiente totalmente natural e luxuoso.<\/li>\n<li>Uniformidade de tonalidade *: Especificamente adaptado aos esquemas de tonalidade Pantone, garante uma varia\u00e7\u00e3o regular da tonalidade em toda a automatiza\u00e7\u00e3o e melhora o reconhecimento da marca.<\/li>\n<\/ul>\n<p><img decoding=\"async\" class=\"alignnone wp-image-2247 size-full\" src=\"https:\/\/chinacustomboxes.com\/wp-content\/uploads\/2025\/08\/Custom-Design-Luxury-Lid-and-Base-Paper-Gift-Box-for-Perfume-3.jpg\" alt=\"Caixa de presente de papel para perfumes com tampa e base de luxo com design personalizado\" width=\"1000\" height=\"1000\" title=\"\" srcset=\"https:\/\/chinacustomboxes.com\/wp-content\/uploads\/2025\/08\/Custom-Design-Luxury-Lid-and-Base-Paper-Gift-Box-for-Perfume-3.jpg 1000w, https:\/\/chinacustomboxes.com\/wp-content\/uploads\/2025\/08\/Custom-Design-Luxury-Lid-and-Base-Paper-Gift-Box-for-Perfume-3-300x300.jpg 300w, https:\/\/chinacustomboxes.com\/wp-content\/uploads\/2025\/08\/Custom-Design-Luxury-Lid-and-Base-Paper-Gift-Box-for-Perfume-3-150x150.jpg 150w, https:\/\/chinacustomboxes.com\/wp-content\/uploads\/2025\/08\/Custom-Design-Luxury-Lid-and-Base-Paper-Gift-Box-for-Perfume-3-768x768.jpg 768w, https:\/\/chinacustomboxes.com\/wp-content\/uploads\/2025\/08\/Custom-Design-Luxury-Lid-and-Base-Paper-Gift-Box-for-Perfume-3-12x12.jpg 12w, https:\/\/chinacustomboxes.com\/wp-content\/uploads\/2025\/08\/Custom-Design-Luxury-Lid-and-Base-Paper-Gift-Box-for-Perfume-3-600x600.jpg 600w, https:\/\/chinacustomboxes.com\/wp-content\/uploads\/2025\/08\/Custom-Design-Luxury-Lid-and-Base-Paper-Gift-Box-for-Perfume-3-100x100.jpg 100w\" sizes=\"(max-width: 1000px) 100vw, 1000px\" \/><\/p>\n<h2 id=\"7-personalized-lining-and-brand-name-included-worth\">7. Forro personalizado e nome da marca inclu\u00eddo Vale a pena<\/h2>\n<ul>\n<li>Forro instalado *: As impress\u00f5es s\u00e3o esculpidas na espuma ou no veludo de acordo com a forma do frasco (por exemplo, o contorno de um recipiente de perfume) para obter uma fixa\u00e7\u00e3o de \"vibra\u00e7\u00e3o zero\" e reduzir o risco de danos.<\/li>\n<li>Informa\u00e7\u00f5es sobre a marca *: A tampa interna pode ser gravada a quente com o slogan\/assinatura de uma marca, e a <a href=\"https:\/\/chinacustomboxes.com\/pt\/agency-luxury-lid-and-base-box-for-clothing-sock-packaging\/\">tampa e caixa de base<\/a> podem ser equipadas com um c\u00f3digo QR ou uma declara\u00e7\u00e3o ambiental para melhorar a experi\u00eancia de desembalagem.<\/li>\n<\/ul>\n<h2 id=\"8-1-hour-example-turn-around-service\">8. Exemplo de servi\u00e7o de 1 hora<\/h2>\n<ul>\n<li>Provas e testemunhos em tempo real *: Os moldes digitais e o equipamento de corte a alta velocidade permitem a cria\u00e7\u00e3o de exemplos f\u00edsicos no prazo de 60 minutos ap\u00f3s a verifica\u00e7\u00e3o de estilo online, aumentando os modelos de estilo.<\/li>\n<li>Produ\u00e7\u00e3o eficiente *: A automatiza\u00e7\u00e3o come\u00e7a 72 horas ap\u00f3s a confirma\u00e7\u00e3o do exemplo, reduzindo os ciclos de crescimento em 50% e satisfazendo as necessidades urgentes de lan\u00e7amento de vers\u00f5es restritas.<\/li>\n<\/ul>\n<p><img loading=\"lazy\" decoding=\"async\" class=\"alignnone wp-image-2248 size-full\" src=\"https:\/\/chinacustomboxes.com\/wp-content\/uploads\/2025\/08\/Custom-Design-Luxury-Lid-and-Base-Paper-Gift-Box-for-Perfume-4.jpg\" alt=\"Caixa de presente de papel para perfumes com tampa e base de luxo com design personalizado\" width=\"1000\" height=\"1000\" title=\"\" srcset=\"https:\/\/chinacustomboxes.com\/wp-content\/uploads\/2025\/08\/Custom-Design-Luxury-Lid-and-Base-Paper-Gift-Box-for-Perfume-4.jpg 1000w, https:\/\/chinacustomboxes.com\/wp-content\/uploads\/2025\/08\/Custom-Design-Luxury-Lid-and-Base-Paper-Gift-Box-for-Perfume-4-300x300.jpg 300w, https:\/\/chinacustomboxes.com\/wp-content\/uploads\/2025\/08\/Custom-Design-Luxury-Lid-and-Base-Paper-Gift-Box-for-Perfume-4-150x150.jpg 150w, https:\/\/chinacustomboxes.com\/wp-content\/uploads\/2025\/08\/Custom-Design-Luxury-Lid-and-Base-Paper-Gift-Box-for-Perfume-4-768x768.jpg 768w, https:\/\/chinacustomboxes.com\/wp-content\/uploads\/2025\/08\/Custom-Design-Luxury-Lid-and-Base-Paper-Gift-Box-for-Perfume-4-12x12.jpg 12w, https:\/\/chinacustomboxes.com\/wp-content\/uploads\/2025\/08\/Custom-Design-Luxury-Lid-and-Base-Paper-Gift-Box-for-Perfume-4-600x600.jpg 600w, https:\/\/chinacustomboxes.com\/wp-content\/uploads\/2025\/08\/Custom-Design-Luxury-Lid-and-Base-Paper-Gift-Box-for-Perfume-4-100x100.jpg 100w\" sizes=\"(max-width: 1000px) 100vw, 1000px\" \/><\/p>\n<h2 id=\"core-advantages-summary\">Resumo das principais vantagens<\/h2>\n<ul>\n<li>Carater\u00edsticas : Valor comercial e benef\u00edcios para o cliente<\/li>\n<li>Tampa e estrutura de suporte: Melhora o ritual de abertura e refor\u00e7a a fotografia de custos da marca<\/li>\n<li>Materiais certificados pelo FSC : Respeitam a legisla\u00e7\u00e3o da UE em mat\u00e9ria de sustentabilidade, atraindo clientes preocupados com o ambiente<\/li>\n<li>Revestimento celular personalizado : Reduz os danos de transporte em 90%.<\/li>\n<li>Hot Stamping + Acabamento UV : Aumenta a presen\u00e7a nas prateleiras em 40%, impulsionando as aquisi\u00e7\u00f5es por impulso.<\/li>\n<li>Solu\u00e7\u00e3o de exemplo de 1 hora: Acelera o lan\u00e7amento de itens e minimiza os pre\u00e7os de tentativa e erro.<\/li>\n<\/ul>","protected":false},"excerpt":{"rendered":"<p>Concebida especificamente para marcas de perfumes topo de gama, esta caixa de oferta personalizada apresenta uma estrutura cl\u00e1ssica de sec\u00e7\u00e3o dividida (tampa superior e caixa de base) e \u00e9 constru\u00edda em cart\u00e3o certificado pelo FSC. O seu acabamento mate verde-escuro e a grava\u00e7\u00e3o a ouro acentuam a sua qualidade luxuosa. Um forro personalizado de espuma\/flanela fixa o frasco de perfume de forma segura, protegendo-o dos impactos do transporte. Est\u00e3o dispon\u00edveis ajustes flex\u00edveis ao tamanho, acabamento e forro, juntamente com um servi\u00e7o de entrega de amostras de uma hora para garantir que o design corresponde exatamente \u00e0s necessidades da marca, equilibrando a sustentabilidade ambiental com a efici\u00eancia comercial.<\/p>","protected":false},"featured_media":2245,"template":"","meta":{"_kad_post_transparent":"default","_kad_post_title":"","_kad_post_layout":"default","_kad_post_sidebar_id":"","_kad_post_content_style":"default","_kad_post_vertical_padding":"default","_kad_post_feature":"","_kad_post_feature_position":"","_kad_post_header":false,"_kad_post_footer":false,"_kad_post_classname":""},"product_brand":[],"product_cat":[15,17,19,34],"product_tag":[548,547,546],"class_list":{"0":"post-2243","1":"product","2":"type-product","3":"status-publish","4":"has-post-thumbnail","6":"product_cat-boxes-by-shapes","7":"product_cat-boxes-by-industries","8":"product_cat-lid-and-base-boxes","9":"product_cat-perfume-packaging-boxes","10":"product_tag-custom-gift-box","11":"product_tag-gift-box-for-perfume","12":"product_tag-lid-and-base-paper-gift-box","14":"first","15":"instock","16":"shipping-taxable","17":"product-type-simple","18":"entry","19":"content-bg","20":"loop-entry"},"_links":{"self":[{"href":"https:\/\/chinacustomboxes.com\/pt\/wp-json\/wp\/v2\/product\/2243","targetHints":{"allow":["GET"]}}],"collection":[{"href":"https:\/\/chinacustomboxes.com\/pt\/wp-json\/wp\/v2\/product"}],"about":[{"href":"https:\/\/chinacustomboxes.com\/pt\/wp-json\/wp\/v2\/types\/product"}],"wp:featuredmedia":[{"embeddable":true,"href":"https:\/\/chinacustomboxes.com\/pt\/wp-json\/wp\/v2\/media\/2245"}],"wp:attachment":[{"href":"https:\/\/chinacustomboxes.com\/pt\/wp-json\/wp\/v2\/media?parent=2243"}],"wp:term":[{"taxonomy":"product_brand","embeddable":true,"href":"https:\/\/chinacustomboxes.com\/pt\/wp-json\/wp\/v2\/product_brand?post=2243"},{"taxonomy":"product_cat","embeddable":true,"href":"https:\/\/chinacustomboxes.com\/pt\/wp-json\/wp\/v2\/product_cat?post=2243"},{"taxonomy":"product_tag","embeddable":true,"href":"https:\/\/chinacustomboxes.com\/pt\/wp-json\/wp\/v2\/product_tag?post=2243"}],"curies":[{"name":"wp","href":"https:\/\/api.w.org\/{rel}","templated":true}]}}