{"id":2251,"date":"2025-08-15T03:00:43","date_gmt":"2025-08-15T03:00:43","guid":{"rendered":"https:\/\/chinacustomboxes.com\/?post_type=product&#038;p=2251"},"modified":"2025-08-15T05:50:23","modified_gmt":"2025-08-15T05:50:23","slug":"luxury-perfume-drawer-packaging-gift-boxes-manufacturer","status":"publish","type":"product","link":"https:\/\/chinacustomboxes.com\/pt\/luxury-perfume-drawer-packaging-gift-boxes-manufacturer\/","title":{"rendered":"Embalagem de Gaveta de Perfume de Luxo Caixas de Presente Fabricante"},"content":{"rendered":"<h2 id=\"deluxe-fragrance-drawer-packaging-gift-boxes-accuracy-workmanship-fulfills-classic-beauty\">Caixas de presente para embalagem de gaveta de fragr\u00e2ncias de luxo: A precis\u00e3o de fabrico preenche a beleza cl\u00e1ssica<\/h2>\n<p>Fabricado com grande aten\u00e7\u00e3o aos pormenores, o nosso arm\u00e1rio de fragr\u00e2ncias de luxo <a href=\"https:\/\/chinacustomboxes.com\/pt\/luxury-paper-gift-bags-for-cosmetics-perfume-distributors\/\">caixas de embalagem<\/a> integram um design inovador e apelos visuais opulentos para redefinir a apresenta\u00e7\u00e3o de fragr\u00e2ncias. Segue-se uma especifica\u00e7\u00e3o completa do artigo, adaptada \u00e0s suas necessidades:<\/p>\n<h2 id=\"1-smooth-drawer-device\">1. Dispositivo de gaveta lisa<\/h2>\n<ul>\n<li>Estilo Push-Pull: A utiliza\u00e7\u00e3o de uma mistura avan\u00e7ada de uma caixa exterior (propriedade exterior) e de uma gaveta interior (gaveta interior), juntamente com uma base de carril m\u00f3vel, garante uma abertura e um fecho suaves, personificando na perfei\u00e7\u00e3o o ritual de desembalagem dos perfumes topo de gama. Os lados da calha s\u00e3o polidos ao mil\u00edmetro para remover as rebarbas e proporcionar uma experi\u00eancia de resposta suave como a seda.<\/li>\n<li>Abertura e fecho engenhosos: Abandonando a disposi\u00e7\u00e3o normal da extens\u00e3o, esta <a href=\"https:\/\/chinacustomboxes.com\/pt\/custom-child-proof-5-pre-roll-drawer-box-divider-boxes-consultant\/\">caixa<\/a> inclui um sistema opcional acionado por mola para um toque leve, eliminando o risco de o frasco de perfume abanar devido a for\u00e7a excessiva.<\/li>\n<\/ul>\n<p><img fetchpriority=\"high\" decoding=\"async\" class=\"alignnone wp-image-2252 size-full\" src=\"https:\/\/chinacustomboxes.com\/wp-content\/uploads\/2025\/08\/Luxury-Perfume-Drawer-Packaging-Gift-Boxes-Manufacturer-1.jpg\" alt=\"Embalagem de Gaveta de Perfume de Luxo Caixas de Presente Fabricante\" width=\"1000\" height=\"1000\" title=\"\" srcset=\"https:\/\/chinacustomboxes.com\/wp-content\/uploads\/2025\/08\/Luxury-Perfume-Drawer-Packaging-Gift-Boxes-Manufacturer-1.jpg 1000w, https:\/\/chinacustomboxes.com\/wp-content\/uploads\/2025\/08\/Luxury-Perfume-Drawer-Packaging-Gift-Boxes-Manufacturer-1-300x300.jpg 300w, https:\/\/chinacustomboxes.com\/wp-content\/uploads\/2025\/08\/Luxury-Perfume-Drawer-Packaging-Gift-Boxes-Manufacturer-1-150x150.jpg 150w, https:\/\/chinacustomboxes.com\/wp-content\/uploads\/2025\/08\/Luxury-Perfume-Drawer-Packaging-Gift-Boxes-Manufacturer-1-768x768.jpg 768w, https:\/\/chinacustomboxes.com\/wp-content\/uploads\/2025\/08\/Luxury-Perfume-Drawer-Packaging-Gift-Boxes-Manufacturer-1-12x12.jpg 12w, https:\/\/chinacustomboxes.com\/wp-content\/uploads\/2025\/08\/Luxury-Perfume-Drawer-Packaging-Gift-Boxes-Manufacturer-1-600x600.jpg 600w, https:\/\/chinacustomboxes.com\/wp-content\/uploads\/2025\/08\/Luxury-Perfume-Drawer-Packaging-Gift-Boxes-Manufacturer-1-100x100.jpg 100w\" sizes=\"(max-width: 1000px) 100vw, 1000px\" \/><\/p>\n<h2 id=\"2-internal-protection-system-precision-cradle-defense\">2. Sistema de prote\u00e7\u00e3o interna | Precision Cradle &amp; Defense<\/h2>\n<ul>\n<li>Ranhura personalizada: Com base em informa\u00e7\u00f5es de modela\u00e7\u00e3o 3D, \u00e9 cortada uma ranhura espec\u00edfica diretamente na caixa interna da gaveta, cobrindo firmemente o recipiente de perfume para um ajuste seguro \"flutuante\". A ranhura \u00e9 revestida com espuma EVA ecol\u00f3gica de alta densidade (densidade ajust\u00e1vel) para absorver corretamente as vibra\u00e7\u00f5es do transporte e evitar riscos e fugas.<\/li>\n<li>Design de dupla defesa: Uma estrutura oca na parte inferior da ranhura permite um acesso muito f\u00e1cil ao frasco da fragr\u00e2ncia com uma s\u00f3 m\u00e3o. Um acabamento anti-est\u00e1tico tamb\u00e9m pode ser inclu\u00eddo para evitar fa\u00edscas fixas provocadas pela fric\u00e7\u00e3o com o recipiente.<\/li>\n<\/ul>\n<p><img decoding=\"async\" class=\"alignnone wp-image-2253 size-full\" src=\"https:\/\/chinacustomboxes.com\/wp-content\/uploads\/2025\/08\/Luxury-Perfume-Drawer-Packaging-Gift-Boxes-Manufacturer-2.jpg\" alt=\"Embalagem de Gaveta de Perfume de Luxo Caixas de Presente Fabricante\" width=\"1000\" height=\"1000\" title=\"\" srcset=\"https:\/\/chinacustomboxes.com\/wp-content\/uploads\/2025\/08\/Luxury-Perfume-Drawer-Packaging-Gift-Boxes-Manufacturer-2.jpg 1000w, https:\/\/chinacustomboxes.com\/wp-content\/uploads\/2025\/08\/Luxury-Perfume-Drawer-Packaging-Gift-Boxes-Manufacturer-2-300x300.jpg 300w, https:\/\/chinacustomboxes.com\/wp-content\/uploads\/2025\/08\/Luxury-Perfume-Drawer-Packaging-Gift-Boxes-Manufacturer-2-150x150.jpg 150w, https:\/\/chinacustomboxes.com\/wp-content\/uploads\/2025\/08\/Luxury-Perfume-Drawer-Packaging-Gift-Boxes-Manufacturer-2-768x768.jpg 768w, https:\/\/chinacustomboxes.com\/wp-content\/uploads\/2025\/08\/Luxury-Perfume-Drawer-Packaging-Gift-Boxes-Manufacturer-2-12x12.jpg 12w, https:\/\/chinacustomboxes.com\/wp-content\/uploads\/2025\/08\/Luxury-Perfume-Drawer-Packaging-Gift-Boxes-Manufacturer-2-600x600.jpg 600w, https:\/\/chinacustomboxes.com\/wp-content\/uploads\/2025\/08\/Luxury-Perfume-Drawer-Packaging-Gift-Boxes-Manufacturer-2-100x100.jpg 100w\" sizes=\"(max-width: 1000px) 100vw, 1000px\" \/><\/p>\n<h2 id=\"3-box-product-feeling-natural-appearance-tactile-luxury\">3. Caixa Produto e sensa\u00e7\u00e3o | Aspeto natural e luxo t\u00e1til<\/h2>\n<ul>\n<li>\u00c1rea de superf\u00edcie de apar\u00eancia natural: Fabricado em papel perfumado \u00e0 base de ervas importado ou artisticamente gravado <a href=\"https:\/\/chinacustomboxes.com\/pt\/exporter-unique-marble-paper-shopping-gift-bag-for-hair-wigs\/\">papel<\/a>A apar\u00eancia da fibra natural \u00e9 protegida, oferecendo \u00e0 embalagem um acabamento mate e um toque quente. A superf\u00edcie \u00e9 tratada com um acabamento \u00e0 base de \u00e1gua para resistir \u00e0 humidade e \u00e0s impress\u00f5es digitais.<\/li>\n<li>Trabalho decorativo 3D: As texturas irregulares amarelas e brancas s\u00e3o obtidas atrav\u00e9s de estampagem imaginativa e impress\u00e3o em ecr\u00e3, criando uma textura tridimensional (profundidade c\u00f4ncava e convexa de 0,3 a 0,5 mm) e com uma resist\u00eancia ao desgaste de at\u00e9 10 000 ciclos de fric\u00e7\u00e3o sem descolar.<\/li>\n<\/ul>\n<p><img decoding=\"async\" class=\"alignnone wp-image-2254 size-full\" src=\"https:\/\/chinacustomboxes.com\/wp-content\/uploads\/2025\/08\/Luxury-Perfume-Drawer-Packaging-Gift-Boxes-Manufacturer-3.jpg\" alt=\"Embalagem de Gaveta de Perfume de Luxo Caixas de Presente Fabricante\" width=\"1000\" height=\"1000\" title=\"\" srcset=\"https:\/\/chinacustomboxes.com\/wp-content\/uploads\/2025\/08\/Luxury-Perfume-Drawer-Packaging-Gift-Boxes-Manufacturer-3.jpg 1000w, https:\/\/chinacustomboxes.com\/wp-content\/uploads\/2025\/08\/Luxury-Perfume-Drawer-Packaging-Gift-Boxes-Manufacturer-3-300x300.jpg 300w, https:\/\/chinacustomboxes.com\/wp-content\/uploads\/2025\/08\/Luxury-Perfume-Drawer-Packaging-Gift-Boxes-Manufacturer-3-150x150.jpg 150w, https:\/\/chinacustomboxes.com\/wp-content\/uploads\/2025\/08\/Luxury-Perfume-Drawer-Packaging-Gift-Boxes-Manufacturer-3-768x768.jpg 768w, https:\/\/chinacustomboxes.com\/wp-content\/uploads\/2025\/08\/Luxury-Perfume-Drawer-Packaging-Gift-Boxes-Manufacturer-3-12x12.jpg 12w, https:\/\/chinacustomboxes.com\/wp-content\/uploads\/2025\/08\/Luxury-Perfume-Drawer-Packaging-Gift-Boxes-Manufacturer-3-600x600.jpg 600w, https:\/\/chinacustomboxes.com\/wp-content\/uploads\/2025\/08\/Luxury-Perfume-Drawer-Packaging-Gift-Boxes-Manufacturer-3-100x100.jpg 100w\" sizes=\"(max-width: 1000px) 100vw, 1000px\" \/><\/p>\n<h2 id=\"4-user-friendly-information-fine-tuned-useful-aspects\">4. Informa\u00e7\u00e3o de f\u00e1cil utiliza\u00e7\u00e3o | Aspectos \u00fateis aperfei\u00e7oados<\/h2>\n<ul>\n<li>Suporte de abertura: Um acordo de algod\u00e3o tecido preto embutido com (largura \u2265 15mm) melhora a conveni\u00eancia de abertura do gabinete; a al\u00e7a \u00e9 protegida com um rebite de a\u00e7o no final para garantir uma deforma\u00e7\u00e3o duradoura.<\/li>\n<li>Estilo de log\u00f3tipo topo de gama: A etiqueta met\u00e1lica com o nome da marca \u00e9 galvanizada com liga de zinco, facilmente dispon\u00edvel em ouro, platina ou bronze. A tecnologia de micrograva\u00e7\u00e3o permite obter uma profundidade de desenho do log\u00f3tipo de \u2264 0,1 mm.<\/li>\n<\/ul>\n<h2 id=\"5-shade-and-aesthetic-logic-iconic-shade-strategy\">5. Sombra e L\u00f3gica Est\u00e9tica | Estrat\u00e9gia de Sombra Ic\u00f3nica<\/h2>\n<ul>\n<li>Cor padr\u00e3o de luxo: Um verde escuro profundo (Pantone 627C) \u00e9 o principal, habitando \u2265 85% de <a href=\"https:\/\/chinacustomboxes.com\/pt\/customized-slider-child-resistant-box-rigid-boxes-wholesale\/\">a caixa<\/a> A superf\u00edcie de a\u00e7o \u00e9 uma superf\u00edcie de cor preta, significando a natureza e a eternidade. Os tampos das gavetas em preto mate e as etiquetas em a\u00e7o criam um contraste entre o claro e o escuro, melhorando a estrutura de poder est\u00e9tico.<\/li>\n<li>Manuseamento duradouro da sombra: Impresso utilizando tinta vegetal \u00e0 base de \u00e1gua, a discrep\u00e2ncia de tonalidade \u00e9 \u2264 0,5 \u0394E (requisito mundial) e segue a certifica\u00e7\u00e3o ambiental FSC.<\/li>\n<\/ul>\n<p><img loading=\"lazy\" decoding=\"async\" class=\"alignnone wp-image-2255 size-full\" src=\"https:\/\/chinacustomboxes.com\/wp-content\/uploads\/2025\/08\/Luxury-Perfume-Drawer-Packaging-Gift-Boxes-Manufacturer-4.jpg\" alt=\"Embalagem de Gaveta de Perfume de Luxo Caixas de Presente Fabricante\" width=\"1000\" height=\"1000\" title=\"\" srcset=\"https:\/\/chinacustomboxes.com\/wp-content\/uploads\/2025\/08\/Luxury-Perfume-Drawer-Packaging-Gift-Boxes-Manufacturer-4.jpg 1000w, https:\/\/chinacustomboxes.com\/wp-content\/uploads\/2025\/08\/Luxury-Perfume-Drawer-Packaging-Gift-Boxes-Manufacturer-4-300x300.jpg 300w, https:\/\/chinacustomboxes.com\/wp-content\/uploads\/2025\/08\/Luxury-Perfume-Drawer-Packaging-Gift-Boxes-Manufacturer-4-150x150.jpg 150w, https:\/\/chinacustomboxes.com\/wp-content\/uploads\/2025\/08\/Luxury-Perfume-Drawer-Packaging-Gift-Boxes-Manufacturer-4-768x768.jpg 768w, https:\/\/chinacustomboxes.com\/wp-content\/uploads\/2025\/08\/Luxury-Perfume-Drawer-Packaging-Gift-Boxes-Manufacturer-4-12x12.jpg 12w, https:\/\/chinacustomboxes.com\/wp-content\/uploads\/2025\/08\/Luxury-Perfume-Drawer-Packaging-Gift-Boxes-Manufacturer-4-600x600.jpg 600w, https:\/\/chinacustomboxes.com\/wp-content\/uploads\/2025\/08\/Luxury-Perfume-Drawer-Packaging-Gift-Boxes-Manufacturer-4-100x100.jpg 100w\" sizes=\"(max-width: 1000px) 100vw, 1000px\" \/><\/p>\n<h2 id=\"6-precision-production-criteria-millimeter-perfect-design\">6. Crit\u00e9rios de produ\u00e7\u00e3o de precis\u00e3o | Desenho milimetricamente perfeito<\/h2>\n<ul>\n<li>Controlo da precis\u00e3o do molde: O corpo da embalagem utiliza um molde esculpido com precis\u00e3o CNC e mofo (resist\u00eancia \u00b1 0,05 mm), levando a cantos afiados e sem lascas. A folga do trilho do gabinete \u00e9 \u2264 0,2 mm, garantindo movimento e desenho suaves.<\/li>\n<li>Ambiente de fabrico sem poeiras: Todo o processo \u00e9 conclu\u00eddo numa sala limpa do Curso 10.000, eliminando a contamina\u00e7\u00e3o por poeiras e garantindo uma textura de superf\u00edcie bonita.<\/li>\n<\/ul>\n<p><img loading=\"lazy\" decoding=\"async\" class=\"alignnone wp-image-2256 size-full\" src=\"https:\/\/chinacustomboxes.com\/wp-content\/uploads\/2025\/08\/Luxury-Perfume-Drawer-Packaging-Gift-Boxes-Manufacturer-5.jpg\" alt=\"Embalagem de Gaveta de Perfume de Luxo Caixas de Presente Fabricante\" width=\"1000\" height=\"1000\" title=\"\" srcset=\"https:\/\/chinacustomboxes.com\/wp-content\/uploads\/2025\/08\/Luxury-Perfume-Drawer-Packaging-Gift-Boxes-Manufacturer-5.jpg 1000w, https:\/\/chinacustomboxes.com\/wp-content\/uploads\/2025\/08\/Luxury-Perfume-Drawer-Packaging-Gift-Boxes-Manufacturer-5-300x300.jpg 300w, https:\/\/chinacustomboxes.com\/wp-content\/uploads\/2025\/08\/Luxury-Perfume-Drawer-Packaging-Gift-Boxes-Manufacturer-5-150x150.jpg 150w, https:\/\/chinacustomboxes.com\/wp-content\/uploads\/2025\/08\/Luxury-Perfume-Drawer-Packaging-Gift-Boxes-Manufacturer-5-768x768.jpg 768w, https:\/\/chinacustomboxes.com\/wp-content\/uploads\/2025\/08\/Luxury-Perfume-Drawer-Packaging-Gift-Boxes-Manufacturer-5-12x12.jpg 12w, https:\/\/chinacustomboxes.com\/wp-content\/uploads\/2025\/08\/Luxury-Perfume-Drawer-Packaging-Gift-Boxes-Manufacturer-5-600x600.jpg 600w, https:\/\/chinacustomboxes.com\/wp-content\/uploads\/2025\/08\/Luxury-Perfume-Drawer-Packaging-Gift-Boxes-Manufacturer-5-100x100.jpg 100w\" sizes=\"(max-width: 1000px) 100vw, 1000px\" \/><\/p>\n<h2 id=\"7-rapid-development-capabilities-agile-prototyping-manufacturing\">7. Capacidades de desenvolvimento r\u00e1pido | Prototipagem e fabrico \u00e1geis<\/h2>\n<ul>\n<li>Processo de desenvolvimento digital: Suporta modela\u00e7\u00e3o 3D (Rhino\/SolidWorks) para simula\u00e7\u00e3o em tempo real da estrutura da caixa. Os exemplos cortados a laser podem ser verificados em 8 horas, acelerando as vers\u00f5es de estilo.<\/li>\n<li>Feedback de produ\u00e7\u00e3o vers\u00e1til: O ciclo de automatiza\u00e7\u00e3o \u00e9 de 15-20 dias (consistindo em processos personalizados), sustenta MOQ 500 pe\u00e7as e trabalha com exig\u00eancias OEM\/ODM.<\/li>\n<\/ul>","protected":false},"excerpt":{"rendered":"<p>A caixa de presente com gaveta para perfume apresenta um design de calha deslizante que cria uma sensa\u00e7\u00e3o de ritual quando \u00e9 aberta. As ranhuras em EVA de alta precis\u00e3o s\u00e3o incorporadas para permitir que o frasco de perfume seja \"suspenso\" e fixado. A textura natural do papel perfumado com ervas e o r\u00f3tulo met\u00e1lico pormenorizado criam uma experi\u00eancia tranquila e luxuosa. A caixa \u00e9 cortada com um corte milim\u00e9trico, o que resulta em arestas e cantos bem definidos. A sua cor prim\u00e1ria verde escura \u00e9 complementada por uma serigrafia art\u00edstica em relevo, criando um cl\u00e1ssico visual sustent\u00e1vel. A modela\u00e7\u00e3o 3D \u00e9 suportada para uma prova r\u00e1pida, com entrega global no prazo de 15 dias.<\/p>","protected":false},"featured_media":2252,"template":"","meta":{"_kad_post_transparent":"default","_kad_post_title":"","_kad_post_layout":"default","_kad_post_sidebar_id":"","_kad_post_content_style":"default","_kad_post_vertical_padding":"default","_kad_post_feature":"","_kad_post_feature_position":"","_kad_post_header":false,"_kad_post_footer":false,"_kad_post_classname":""},"product_brand":[],"product_cat":[15,17,20,34],"product_tag":[551,549,550],"class_list":{"0":"post-2251","1":"product","2":"type-product","3":"status-publish","4":"has-post-thumbnail","6":"product_cat-boxes-by-shapes","7":"product_cat-boxes-by-industries","8":"product_cat-drawer-style-boxes","9":"product_cat-perfume-packaging-boxes","10":"product_tag-gift-boxes-manufacturer","11":"product_tag-luxury-perfume-packaging","12":"product_tag-perfume-drawer-boxes","14":"first","15":"instock","16":"shipping-taxable","17":"product-type-simple","18":"entry","19":"content-bg","20":"loop-entry"},"_links":{"self":[{"href":"https:\/\/chinacustomboxes.com\/pt\/wp-json\/wp\/v2\/product\/2251","targetHints":{"allow":["GET"]}}],"collection":[{"href":"https:\/\/chinacustomboxes.com\/pt\/wp-json\/wp\/v2\/product"}],"about":[{"href":"https:\/\/chinacustomboxes.com\/pt\/wp-json\/wp\/v2\/types\/product"}],"wp:featuredmedia":[{"embeddable":true,"href":"https:\/\/chinacustomboxes.com\/pt\/wp-json\/wp\/v2\/media\/2252"}],"wp:attachment":[{"href":"https:\/\/chinacustomboxes.com\/pt\/wp-json\/wp\/v2\/media?parent=2251"}],"wp:term":[{"taxonomy":"product_brand","embeddable":true,"href":"https:\/\/chinacustomboxes.com\/pt\/wp-json\/wp\/v2\/product_brand?post=2251"},{"taxonomy":"product_cat","embeddable":true,"href":"https:\/\/chinacustomboxes.com\/pt\/wp-json\/wp\/v2\/product_cat?post=2251"},{"taxonomy":"product_tag","embeddable":true,"href":"https:\/\/chinacustomboxes.com\/pt\/wp-json\/wp\/v2\/product_tag?post=2251"}],"curies":[{"name":"wp","href":"https:\/\/api.w.org\/{rel}","templated":true}]}}