{"id":2259,"date":"2025-08-19T02:29:33","date_gmt":"2025-08-19T02:29:33","guid":{"rendered":"https:\/\/chinacustomboxes.com\/?post_type=product&#038;p=2259"},"modified":"2025-08-19T03:48:14","modified_gmt":"2025-08-19T03:48:14","slug":"body-lotion-essential-oil-perfume-paper-drawer-boxes-dealer","status":"publish","type":"product","link":"https:\/\/chinacustomboxes.com\/pt\/body-lotion-essential-oil-perfume-paper-drawer-boxes-dealer\/","title":{"rendered":"Lo\u00e7\u00e3o Corporal \u00d3leo Essencial Perfume Papel Gaveta Caixas Revendedor"},"content":{"rendered":"<h2 id=\"1-the-costs-paper-drawer-boxes-for-cosmetics-oils-and-perfumes-\">1.\u00a0<strong>As caixas de papel para gavetas para cosm\u00e9ticos, \u00f3leos essenciais, lo\u00e7\u00f5es corporais e perfumes<\/strong><\/h2>\n<p>Para as marcas mais exigentes das ind\u00fastrias de lo\u00e7\u00f5es corporais, \u00f3leos essenciais e perfumes, a embalagem do produto n\u00e3o \u00e9 apenas um recipiente; \u00e9 uma parte vital da narrativa da marca e da experi\u00eancia do consumidor. Fornecemos o servi\u00e7o supremo para elevar esta hist\u00f3ria: a caixa de papel personalizada, uma personifica\u00e7\u00e3o de classe, seguran\u00e7a e alegria sensorial.<\/p>\n<p>Como um dos principais revendedores e parceiros em embalagens de produtos de alta qualidade, reconhecemos que o seu produto merece uma apresenta\u00e7\u00e3o t\u00e3o bem elaborada como o seu conte\u00fado. O <a href=\"https:\/\/chinacustomboxes.com\/pt\/drawer-style-boxes\/\">caixas de gavetas<\/a>A caixa de embalagem, tamb\u00e9m designada por caixa deslizante ou caixa de manga e tabuleiro, proporciona uma experi\u00eancia de desembalagem interactiva e not\u00e1vel que estabelece um tom de custo desde o in\u00edcio. O deslizar suave do arm\u00e1rio, a revela\u00e7\u00e3o progressiva do produto aconchegado no seu interior - isto \u00e9 mais do que simplesmente abrir uma caixa; \u00e9 um momento de explora\u00e7\u00e3o e de antecipa\u00e7\u00e3o que aumenta significativamente o valor visual da sua marca.<\/p>\n<p><img fetchpriority=\"high\" decoding=\"async\" class=\"alignnone wp-image-2261 size-full\" src=\"https:\/\/chinacustomboxes.com\/wp-content\/uploads\/2025\/08\/Body-Lotion-Essential-Oil-Perfume-Paper-Drawer-Boxes-Dealer-2.jpg\" alt=\"Lo\u00e7\u00e3o Corporal \u00d3leo Essencial Perfume Papel Gaveta Caixas Revendedor\" width=\"1000\" height=\"1000\" title=\"\" srcset=\"https:\/\/chinacustomboxes.com\/wp-content\/uploads\/2025\/08\/Body-Lotion-Essential-Oil-Perfume-Paper-Drawer-Boxes-Dealer-2.jpg 1000w, https:\/\/chinacustomboxes.com\/wp-content\/uploads\/2025\/08\/Body-Lotion-Essential-Oil-Perfume-Paper-Drawer-Boxes-Dealer-2-300x300.jpg 300w, https:\/\/chinacustomboxes.com\/wp-content\/uploads\/2025\/08\/Body-Lotion-Essential-Oil-Perfume-Paper-Drawer-Boxes-Dealer-2-150x150.jpg 150w, https:\/\/chinacustomboxes.com\/wp-content\/uploads\/2025\/08\/Body-Lotion-Essential-Oil-Perfume-Paper-Drawer-Boxes-Dealer-2-768x768.jpg 768w, https:\/\/chinacustomboxes.com\/wp-content\/uploads\/2025\/08\/Body-Lotion-Essential-Oil-Perfume-Paper-Drawer-Boxes-Dealer-2-12x12.jpg 12w, https:\/\/chinacustomboxes.com\/wp-content\/uploads\/2025\/08\/Body-Lotion-Essential-Oil-Perfume-Paper-Drawer-Boxes-Dealer-2-600x600.jpg 600w, https:\/\/chinacustomboxes.com\/wp-content\/uploads\/2025\/08\/Body-Lotion-Essential-Oil-Perfume-Paper-Drawer-Boxes-Dealer-2-100x100.jpg 100w\" sizes=\"(max-width: 1000px) 100vw, 1000px\" \/><\/p>\n<h2 id=\"2-the-art-of-presentation-why-a-paper-drawer-boxes-is-the-superior-selection-\">2.\u00a0<strong>A arte da apresenta\u00e7\u00e3o: Porque \u00e9 que as caixas de gavetas de papel s\u00e3o a melhor escolha\u00a0<\/strong>.<\/h2>\n<ul>\n<li><strong>Uma viagem inesquec\u00edvel de desembalagem:\u00a0<\/strong>A principal vantagem da caixa de gavetas \u00e9 o desempacotamento avan\u00e7ado que proporciona. A atividade suave e controlada de deslizar o tabuleiro interno para fora da sua manga produz uma experi\u00eancia t\u00e1til que \u00e9 simultaneamente satisfat\u00f3ria e elegante.<\/li>\n<li><strong>Cultivar uma imagem de marca de custos:\u00a0<\/strong>A constru\u00e7\u00e3o resistente e r\u00edgida das caixas de gavetas indica rapidamente a sua elevada qualidade. Este design \u00e9 sin\u00f3nimo de produtos topo de gama, desde a eletr\u00f3nica de alta qualidade at\u00e9 \u00e0 joalharia de moda fina. Ao adotar esta embalagem de produto para as suas lo\u00e7\u00f5es, \u00f3leos ou perfumes, alinha a sua marca com este pressuposto de qualidade e interesse meticuloso pela informa\u00e7\u00e3o.<\/li>\n<li><strong>Funcionalidade e longevidade:\u00a0<\/strong>As caixas de gavetas s\u00e3o intrinsecamente \u00fateis e duradouras. Muitos clientes reutilizam estas atraentes <a href=\"https:\/\/chinacustomboxes.com\/pt\/luxury-quality-double-door-box-for-arab-perfume-skincare\/\">caixas<\/a> para guardar j\u00f3ias, lembran\u00e7as ou artigos de papelaria, transformando sua embalagem em um item de valor duradouro. Esta reutiliza\u00e7\u00e3o n\u00e3o \u00e9 apenas um benef\u00edcio ecol\u00f3gico, mas tamb\u00e9m um dispositivo de publicidade subtil e eficiente, mantendo o nome da sua marca vis\u00edvel muito depois de o artigo ter sido realmente utilizado.<\/li>\n<li><strong>Defesa inflex\u00edvel para produtos delicados:\u00a0<\/strong>Os perfumes, os \u00f3leos vitais e os cremes s\u00e3o frequentemente colocados em frascos de vidro fr\u00e1geis ou em recipientes delicados. A estrutura robusta de uma caixa de arm\u00e1rio inflex\u00edvel, integrada com instala\u00e7\u00f5es interiores de engenharia de precis\u00e3o, fornece uma seguran\u00e7a inigual\u00e1vel contra impactos, vibra\u00e7\u00f5es e desloca\u00e7\u00f5es durante o transporte. Isto garante que o seu artigo chega aqui no problema imaculado que os seus clientes esperam, assegurando tanto o artigo como a credibilidade da sua marca.<\/li>\n<\/ul>\n<p><img decoding=\"async\" class=\"alignnone wp-image-2260 size-full\" src=\"https:\/\/chinacustomboxes.com\/wp-content\/uploads\/2025\/08\/Body-Lotion-Essential-Oil-Perfume-Paper-Drawer-Boxes-Dealer-1.jpg\" alt=\"Lo\u00e7\u00e3o Corporal \u00d3leo Essencial Perfume Papel Gaveta Caixas Revendedor\" width=\"1000\" height=\"1000\" title=\"\" srcset=\"https:\/\/chinacustomboxes.com\/wp-content\/uploads\/2025\/08\/Body-Lotion-Essential-Oil-Perfume-Paper-Drawer-Boxes-Dealer-1.jpg 1000w, https:\/\/chinacustomboxes.com\/wp-content\/uploads\/2025\/08\/Body-Lotion-Essential-Oil-Perfume-Paper-Drawer-Boxes-Dealer-1-300x300.jpg 300w, https:\/\/chinacustomboxes.com\/wp-content\/uploads\/2025\/08\/Body-Lotion-Essential-Oil-Perfume-Paper-Drawer-Boxes-Dealer-1-150x150.jpg 150w, https:\/\/chinacustomboxes.com\/wp-content\/uploads\/2025\/08\/Body-Lotion-Essential-Oil-Perfume-Paper-Drawer-Boxes-Dealer-1-768x768.jpg 768w, https:\/\/chinacustomboxes.com\/wp-content\/uploads\/2025\/08\/Body-Lotion-Essential-Oil-Perfume-Paper-Drawer-Boxes-Dealer-1-12x12.jpg 12w, https:\/\/chinacustomboxes.com\/wp-content\/uploads\/2025\/08\/Body-Lotion-Essential-Oil-Perfume-Paper-Drawer-Boxes-Dealer-1-600x600.jpg 600w, https:\/\/chinacustomboxes.com\/wp-content\/uploads\/2025\/08\/Body-Lotion-Essential-Oil-Perfume-Paper-Drawer-Boxes-Dealer-1-100x100.jpg 100w\" sizes=\"(max-width: 1000px) 100vw, 1000px\" \/><\/p>\n<h2 id=\"3-uncompromising-quality-a-deep-dive-into-our-materials-\">3.\u00a0<strong>Qualidade sem compromissos: Um mergulho profundo nos nossos materiais\u00a0<\/strong>.<\/h2>\n<p>A sensa\u00e7\u00e3o de eleg\u00e2ncia das nossas caixas de gavetas come\u00e7a com a sele\u00e7\u00e3o de mat\u00e9rias-primas de qualidade superior. Constru\u00edmos cada caixa de dentro para fora, certificando-nos de que cada camada contribui para um produto final que \u00e9 estruturalmente s\u00f3lido e cosmeticamente espetacular.<\/p>\n<p><strong>A Estrutura Central: A for\u00e7a interior\u00a0<\/strong>. A base das nossas caixas de gavetas \u00e9 um cart\u00e3o r\u00edgido de alta densidade, geralmente descrito como cart\u00e3o cinzento ou cart\u00e3o aglomerado. Este produto, fabricado a partir de papel reciclado, proporciona uma dureza e uma resist\u00eancia fenomenais \u00e0 flex\u00e3o ou \u00e0 rutura. Oferecemos uma gama de densidades, geralmente de 1,5 mm a 3 mm (aproximadamente 800 g\/m2 a 2000 g\/m2), permitindo-lhe escolher o n\u00edvel excelente de rigidez e resist\u00eancia para o seu artigo. Este n\u00facleo s\u00f3lido \u00e9 o her\u00f3i oculto que confere \u00e0 caixa a sua qualidade duradoura e duradoura.<\/p>\n<p><strong>A cobertura exterior: Uma tela para o nome da sua marca\u00a0<\/strong>. O n\u00facleo inflex\u00edvel \u00e9 depois completamente coberto por um papel \u00e0 sua escolha, que acaba por ser a express\u00e3o visual e t\u00e1til da identifica\u00e7\u00e3o da sua marca. A nossa escolha consider\u00e1vel consiste em:.<\/p>\n<ul>\n<li><strong>Pap\u00e9is especializados e texturizados:\u00a0<\/strong>O papel de embrulho texturado utiliza uma superf\u00edcie intemporal, sofisticada e tatilmente envolvente que \u00e9 luxuosa ao toque. Oferecemos uma vasta biblioteca de apar\u00eancias, desde o subtil linho de cama ao forte couro sint\u00e9tico.<\/li>\n<li><strong>Papel art\u00edstico:\u00a0<\/strong>Uma escolha suave e flex\u00edvel com um acabamento de qualidade superior, adequada para impress\u00e3o de sombras de alta fidelidade e gr\u00e1ficos din\u00e2micos.<\/li>\n<li><strong>Papel Kraft:\u00a0<\/strong>Para as marcas que destacam um valor totalmente natural, org\u00e2nico ou amigo do ambiente, o papel Kraft proporciona uma est\u00e9tica r\u00fastica e natural. \u00c9 recicl\u00e1vel e naturalmente degrad\u00e1vel.<\/li>\n<li><strong>Papel preto mate:\u00a0<\/strong>O ep\u00edtome da eleg\u00e2ncia moderna e do minimalismo. Um acabamento preto mate profundo e n\u00e3o refletor produz uma declara\u00e7\u00e3o poderosa de alta qualidade e \u00e9 uma sele\u00e7\u00e3o popular para linhas de cosm\u00e9ticos e fragr\u00e2ncias de alta qualidade.<\/li>\n<\/ul>\n<p><strong>O interior: Alojar o seu produto com seguran\u00e7a e estilo\u00a0<\/strong>. O que est\u00e1 dentro da embalagem \u00e9 t\u00e3o importante como o seu exterior. As inser\u00e7\u00f5es personalizadas s\u00e3o necess\u00e1rias para garantir a seguran\u00e7a e o fornecimento perfeito dos seus produtos. As nossas op\u00e7\u00f5es incluem:.<\/p>\n<ul>\n<li><strong>Espuma EVA (acetato de etileno-vinilo):\u00a0<\/strong>Comummente considerada o padr\u00e3o de ouro para a seguran\u00e7a, a espuma EVA \u00e9 uma espuma espessa e lisa que utiliza um excelente suporte contra choques e efeitos. Pode ser cortada com precis\u00e3o para se adaptar aos contornos espec\u00edficos de qualquer tipo de garrafa ou recipiente, mantendo-o firmemente no lugar. Prontamente dispon\u00edvel em diferentes cores, como preto ou branco, fornece um fundo limpo e profissional que destaca o seu artigo.<\/li>\n<li><strong>Forros de veludo e t\u00eaxteis:\u00a0<\/strong>Para um toque adicional de luxo, as inser\u00e7\u00f5es de espuma podem ser cobertas com veludo macio ou outros materiais, melhorando a experi\u00eancia sensorial do desembalamento.<\/li>\n<li><strong>Pasta de papel moldada:\u00a0<\/strong>Uma op\u00e7\u00e3o duradoura e ecol\u00f3gica, as pastilhas de pasta moldada s\u00e3o fabricadas a partir de papel reciclado e podem ser moldadas em qualquer tipo de forma, utilizando uma grande defesa com um toque natural e natural.<\/li>\n<li><strong>Cart\u00e3o cortado:\u00a0<\/strong>Uma op\u00e7\u00e3o econ\u00f3mica e recicl\u00e1vel, as inser\u00e7\u00f5es de cart\u00e3o podem ser colocadas em camadas e cortadas para produzir um suporte seguro adequado para os seus produtos.<\/li>\n<\/ul>\n<p><img decoding=\"async\" class=\"alignnone wp-image-2262 size-full\" src=\"https:\/\/chinacustomboxes.com\/wp-content\/uploads\/2025\/08\/Body-Lotion-Essential-Oil-Perfume-Paper-Drawer-Boxes-Dealer-3.jpg\" alt=\"Lo\u00e7\u00e3o Corporal \u00d3leo Essencial Perfume Papel Gaveta Caixas Revendedor\" width=\"1000\" height=\"1000\" title=\"\" srcset=\"https:\/\/chinacustomboxes.com\/wp-content\/uploads\/2025\/08\/Body-Lotion-Essential-Oil-Perfume-Paper-Drawer-Boxes-Dealer-3.jpg 1000w, https:\/\/chinacustomboxes.com\/wp-content\/uploads\/2025\/08\/Body-Lotion-Essential-Oil-Perfume-Paper-Drawer-Boxes-Dealer-3-300x300.jpg 300w, https:\/\/chinacustomboxes.com\/wp-content\/uploads\/2025\/08\/Body-Lotion-Essential-Oil-Perfume-Paper-Drawer-Boxes-Dealer-3-150x150.jpg 150w, https:\/\/chinacustomboxes.com\/wp-content\/uploads\/2025\/08\/Body-Lotion-Essential-Oil-Perfume-Paper-Drawer-Boxes-Dealer-3-768x768.jpg 768w, https:\/\/chinacustomboxes.com\/wp-content\/uploads\/2025\/08\/Body-Lotion-Essential-Oil-Perfume-Paper-Drawer-Boxes-Dealer-3-12x12.jpg 12w, https:\/\/chinacustomboxes.com\/wp-content\/uploads\/2025\/08\/Body-Lotion-Essential-Oil-Perfume-Paper-Drawer-Boxes-Dealer-3-600x600.jpg 600w, https:\/\/chinacustomboxes.com\/wp-content\/uploads\/2025\/08\/Body-Lotion-Essential-Oil-Perfume-Paper-Drawer-Boxes-Dealer-3-100x100.jpg 100w\" sizes=\"(max-width: 1000px) 100vw, 1000px\" \/><\/p>\n<h2 id=\"4-infinite-opportunities-customization-that-tells-your-tale-\">4.\u00a0<strong>Oportunidades infinitas: Personaliza\u00e7\u00e3o que conta a sua hist\u00f3ria\u00a0<\/strong>.<\/h2>\n<p>O nome da sua marca \u00e9 \u00fanico, e o seu produto <a href=\"https:\/\/chinacustomboxes.com\/pt\/holographic-laser-paper-rainbow-a5-deep-gift-box-with-ribbon\/\">embalagem<\/a> precisa de ser tamb\u00e9m. Fornecemos um conjunto detalhado de op\u00e7\u00f5es de personaliza\u00e7\u00e3o para garantir que a sua vis\u00e3o \u00e9 concretizada sem falhas. Cada componente da caixa do arm\u00e1rio pode ser adaptado para refletir a ess\u00eancia da sua marca.<\/p>\n<p><strong>T\u00e9cnicas de impress\u00e3o e acabamento para um impacto visual:\u00a0<\/strong>.<\/p>\n<ul>\n<li><strong>Folha de alum\u00ednio Estampagem:\u00a0<\/strong>Inclua um toque de brilho met\u00e1lico com a estampagem a quente em folha de alum\u00ednio. As intemporais folhas de alum\u00ednio douradas e prateadas partilham um luxo intemporal, enquanto as folhas de alum\u00ednio rosa dourado, cobre e hologr\u00e1fico oferecem um fasc\u00ednio moderno e elegante. Isto \u00e9 excelente para desenhos de log\u00f3tipos e aspectos chave do layout.<\/li>\n<li><strong>Grava\u00e7\u00e3o e grava\u00e7\u00e3o em relevo:\u00a0<\/strong>Desenvolva um efeito tridimensional subtil, elevando (grava\u00e7\u00e3o em relevo) ou desiludindo (grava\u00e7\u00e3o em relevo) o seu log\u00f3tipo ou padr\u00e3o no papel. Isto confere um aspeto sofisticado que convida ao toque.<\/li>\n<li><strong>\u00c1rea Revestimento UV:\u00a0<\/strong>Utilize um verniz de alto brilho para pormenorizar \u00e1reas de uma caixa com acabamento mate para criar um contraste impressionante nas estruturas. Este m\u00e9todo pode real\u00e7ar o design de um log\u00f3tipo, padr\u00e3o ou marca, fazendo-o sobressair visualmente.<\/li>\n<li><strong>Consist\u00eancia da cor e da marca:\u00a0<\/strong>Utilizamos sistemas inovadores de correspond\u00eancia de tonalidades CMYK e Pantone (PMS) para garantir que as cores da sua marca s\u00e3o recriadas com excelente precis\u00e3o, mantendo a integridade da marca em todas as suas embalagens.<\/li>\n<\/ul>\n<p><strong>Enfeites pr\u00e1ticos para um toque elegante:\u00a0<\/strong>.<\/p>\n<ul>\n<li><strong>Arco com aba:\u00a0<\/strong>O elegante e pr\u00e1tico puxador em forma de la\u00e7o, tal como apresentado nas imagens, \u00e9 uma marca registada das caixas de gavetas de qualidade superior. Fornece uma forma perfeita de abrir a gaveta, acrescentando um toque de sombra e um elemento suave e reativo. As fitas podem ser personalizadas numa vasta gama de cores e podem at\u00e9 ser impressas com o nome da sua marca.<\/li>\n<li><strong>Fechos magn\u00e9ticos:\u00a0<\/strong>Para uma experi\u00eancia de luxo diferente, podem ser instalados fechos magn\u00e9ticos na manga e no tabuleiro, proporcionando uma sensa\u00e7\u00e3o agrad\u00e1vel e segura de fecho r\u00e1pido que refor\u00e7a a qualidade superior da embalagem do produto.<\/li>\n<\/ul>\n<p><img loading=\"lazy\" decoding=\"async\" class=\"alignnone wp-image-2263 size-full\" src=\"https:\/\/chinacustomboxes.com\/wp-content\/uploads\/2025\/08\/Body-Lotion-Essential-Oil-Perfume-Paper-Drawer-Boxes-Dealer-4.jpg\" alt=\"Lo\u00e7\u00e3o Corporal \u00d3leo Essencial Perfume Papel Gaveta Caixas Revendedor\" width=\"1000\" height=\"1000\" title=\"\" srcset=\"https:\/\/chinacustomboxes.com\/wp-content\/uploads\/2025\/08\/Body-Lotion-Essential-Oil-Perfume-Paper-Drawer-Boxes-Dealer-4.jpg 1000w, https:\/\/chinacustomboxes.com\/wp-content\/uploads\/2025\/08\/Body-Lotion-Essential-Oil-Perfume-Paper-Drawer-Boxes-Dealer-4-300x300.jpg 300w, https:\/\/chinacustomboxes.com\/wp-content\/uploads\/2025\/08\/Body-Lotion-Essential-Oil-Perfume-Paper-Drawer-Boxes-Dealer-4-150x150.jpg 150w, https:\/\/chinacustomboxes.com\/wp-content\/uploads\/2025\/08\/Body-Lotion-Essential-Oil-Perfume-Paper-Drawer-Boxes-Dealer-4-768x768.jpg 768w, https:\/\/chinacustomboxes.com\/wp-content\/uploads\/2025\/08\/Body-Lotion-Essential-Oil-Perfume-Paper-Drawer-Boxes-Dealer-4-12x12.jpg 12w, https:\/\/chinacustomboxes.com\/wp-content\/uploads\/2025\/08\/Body-Lotion-Essential-Oil-Perfume-Paper-Drawer-Boxes-Dealer-4-600x600.jpg 600w, https:\/\/chinacustomboxes.com\/wp-content\/uploads\/2025\/08\/Body-Lotion-Essential-Oil-Perfume-Paper-Drawer-Boxes-Dealer-4-100x100.jpg 100w\" sizes=\"(max-width: 1000px) 100vw, 1000px\" \/><\/p>\n<h2 id=\"5-your-partner-in-product-packaging-quality-the-dealer-advantage-\">5.\u00a0<strong>O seu parceiro na qualidade da embalagem de produtos: A vantagem do revendedor\u00a0<\/strong>.<\/h2>\n<p>Navegar no mundo do <a href=\"https:\/\/chinacustomboxes.com\/pt\/silver-hologram-paper-folding-gift-sephora-packaging-boxes\/\">embalagens personalizadas<\/a> pode ser complicado. Como seu fornecedor dedicado de embalagens de produtos, a nossa fun\u00e7\u00e3o vai muito para al\u00e9m do mero fornecimento de caixas. Funcionamos como seu consultor, gestor de trabalho e especialista em garantia de qualidade, simplificando todo o processo desde a ideia at\u00e9 \u00e0 distribui\u00e7\u00e3o.<\/p>\n<ul>\n<li><strong>Orienta\u00e7\u00e3o profissional:\u00a0<\/strong>A nossa equipa de profissionais oferece conselhos muito \u00fateis sobre a op\u00e7\u00e3o do produto, o design arquitet\u00f3nico e as escolhas finais para o ajudar a desenvolver uma das embalagens de produtos mais eficientes e econ\u00f3micas para as suas necessidades espec\u00edficas.<\/li>\n<li><strong>Monitoriza\u00e7\u00e3o cont\u00ednua da cadeia de abastecimento:\u00a0<\/strong>Utilizamos a nossa rede substancial de parceiros de fabrico de primeira linha para garantir o melhor fabrico. Tratamos de toda a log\u00edstica, desde a cria\u00e7\u00e3o de prot\u00f3tipos e organiza\u00e7\u00e3o da produ\u00e7\u00e3o at\u00e9 ao envio final, assegurando uma distribui\u00e7\u00e3o r\u00e1pida e libertando-o para se concentrar no seu neg\u00f3cio principal.<\/li>\n<li><strong>Alta qualidade com que pode contar:\u00a0<\/strong>Aplicamos crit\u00e9rios rigorosos de garantia de qualidade em todas as fases de fabrico. Desde a precis\u00e3o dos cortes at\u00e9 \u00e0 consist\u00eancia da cor, garantimos que cada caixa que obt\u00e9m \u00e9 perfeita.<\/li>\n<li><strong>Solu\u00e7\u00f5es para cada Gama:\u00a0<\/strong>Quer seja uma marca de loja a lan\u00e7ar um novo produto ou uma empresa reconhecida a planear uma produ\u00e7\u00e3o em grande escala, temos a capacidade de adapta\u00e7\u00e3o e os recursos para tratar de encomendas de todas as dimens\u00f5es, garantindo-lhe pre\u00e7os acess\u00edveis e uma solu\u00e7\u00e3o dedicada.<\/li>\n<\/ul>","protected":false},"excerpt":{"rendered":"<p>As caixas de gaveta de papel perfumado com \u00f3leo essencial para lo\u00e7\u00e3o corporal descrevem solu\u00e7\u00f5es de embalagem de produtos que integram lo\u00e7\u00e3o corporal com \u00f3leos essenciais, frequentemente de uma forma que permite a personaliza\u00e7\u00e3o do aroma. Estas caixas podem ter tanto a lo\u00e7\u00e3o corporal como os \u00f3leos importantes, ou podem ser desenvolvidas para conter tanto o creme como um recipiente separado de \u00f3leos essenciais para o utilizador misturar e combinar. A embalagem cont\u00e9m frequentemente instru\u00e7\u00f5es ou dicas para criar misturas de aromas personalizadas.<\/p>","protected":false},"featured_media":2261,"template":"","meta":{"_kad_post_transparent":"default","_kad_post_title":"","_kad_post_layout":"default","_kad_post_sidebar_id":"","_kad_post_content_style":"default","_kad_post_vertical_padding":"default","_kad_post_feature":"","_kad_post_feature_position":"","_kad_post_header":false,"_kad_post_footer":false,"_kad_post_classname":""},"product_brand":[],"product_cat":[15,17,28,20,34],"product_tag":[552,553,554],"class_list":{"0":"post-2259","1":"product","2":"type-product","3":"status-publish","4":"has-post-thumbnail","6":"product_cat-boxes-by-shapes","7":"product_cat-boxes-by-industries","8":"product_cat-cosmetic-packaging-boxes","9":"product_cat-drawer-style-boxes","10":"product_cat-perfume-packaging-boxes","11":"product_tag-body-lotion-boxes","12":"product_tag-essential-oil-boxes","13":"product_tag-paper-drawer-boxes","15":"first","16":"instock","17":"shipping-taxable","18":"product-type-simple","19":"entry","20":"content-bg","21":"loop-entry"},"_links":{"self":[{"href":"https:\/\/chinacustomboxes.com\/pt\/wp-json\/wp\/v2\/product\/2259","targetHints":{"allow":["GET"]}}],"collection":[{"href":"https:\/\/chinacustomboxes.com\/pt\/wp-json\/wp\/v2\/product"}],"about":[{"href":"https:\/\/chinacustomboxes.com\/pt\/wp-json\/wp\/v2\/types\/product"}],"wp:featuredmedia":[{"embeddable":true,"href":"https:\/\/chinacustomboxes.com\/pt\/wp-json\/wp\/v2\/media\/2261"}],"wp:attachment":[{"href":"https:\/\/chinacustomboxes.com\/pt\/wp-json\/wp\/v2\/media?parent=2259"}],"wp:term":[{"taxonomy":"product_brand","embeddable":true,"href":"https:\/\/chinacustomboxes.com\/pt\/wp-json\/wp\/v2\/product_brand?post=2259"},{"taxonomy":"product_cat","embeddable":true,"href":"https:\/\/chinacustomboxes.com\/pt\/wp-json\/wp\/v2\/product_cat?post=2259"},{"taxonomy":"product_tag","embeddable":true,"href":"https:\/\/chinacustomboxes.com\/pt\/wp-json\/wp\/v2\/product_tag?post=2259"}],"curies":[{"name":"wp","href":"https:\/\/api.w.org\/{rel}","templated":true}]}}